{"id":374326,"date":"2024-11-10T05:58:40","date_gmt":"2024-11-10T05:58:40","guid":{"rendered":"https:\/\/www.purejewels.com\/?post_type=product&#038;p=374326"},"modified":"2026-01-06T08:09:32","modified_gmt":"2026-01-06T08:09:32","slug":"22-ayar-altin-mineli-tavus-kusu-armari-kolye-49584","status":"publish","type":"product","link":"https:\/\/www.purejewels.com\/tr\/product\/22ct-gold-peacock-armari-pendant-with-enamel-49584\/","title":{"rendered":"22 Ayar Alt\u0131n Mineli Tavusku\u015fu Armari Kolye"},"content":{"rendered":"<p data-sourcepos=\"3:1-3:313\"><strong>Bu zarif tasar\u0131mla tarz\u0131n\u0131z\u0131 y\u00fckseltin <a href=\"https:\/\/www.purejewels.com\/tr\/product\/22ct-gold-jali-filigree-ring-jali-collection-31926\/\">22ct<\/a> alt\u0131n tavusku\u015fu armari kolye.<\/strong> Detaylara titizlikle \u00f6zen g\u00f6sterilerek haz\u0131rlanan bu \u00e7arp\u0131c\u0131 par\u00e7a, karma\u015f\u0131k mine i\u015f\u00e7ili\u011fiyle bezenmi\u015f canl\u0131 bir tavus ku\u015fu tasar\u0131m\u0131na sahiptir. Minenin zengin tonlar\u0131 tavus ku\u015funun t\u00fcylerine hayat vererek ger\u00e7ekten b\u00fcy\u00fcleyici bir par\u00e7a yarat\u0131yor.<\/p>\n<p data-sourcepos=\"5:1-5:17\"><strong>Anahtar \u00f6zellikler:<\/strong><\/p>\n<ul data-sourcepos=\"7:1-12:0\">\n<li data-sourcepos=\"7:1-7:59\"><strong>Saf <a href=\"https:\/\/www.purejewels.com\/tr\/product\/holy-cross-gold-pendant-44713\/\">22 ayar alt\u0131n<\/a>:<\/strong> Kal\u0131c\u0131 de\u011fer ve dayan\u0131kl\u0131l\u0131k sa\u011flar.<\/li>\n<li data-sourcepos=\"8:1-8:72\"><strong>Karma\u015f\u0131k mine i\u015fi:<\/strong> Tavus ku\u015fu tasar\u0131m\u0131na derinlik ve renk katar.<\/li>\n<li data-sourcepos=\"9:1-9:82\"><strong>Zarif armari ayar\u0131:<\/strong> Kolye ucu i\u00e7in g\u00fcvenli ve \u015f\u0131k bir \u00e7er\u00e7eve sa\u011flar.<\/li>\n<li data-sourcepos=\"10:1-10:69\"><strong>Her durum i\u00e7in m\u00fckemmel:<\/strong> G\u00fcnl\u00fck gezilerden resmi etkinliklere kadar.<\/li>\n<li data-sourcepos=\"11:1-12:0\"><strong>\u0130deal hediye:<\/strong> Kusursuz zevkinizi ve a\u015fa\u011f\u0131dakileri takdir etti\u011finizi g\u00f6sterir <a href=\"https:\/\/www.purejewels.com\/tr\/product\/18ct-yellow-gold-diamond-and-peridot-necklace-18-inches-44229\/\">g\u00fczel m\u00fccevherler<\/a>.<\/li>\n<\/ul>\n<p data-sourcepos=\"13:1-13:67\"><strong>Bu ola\u011fan\u00fcst\u00fc kolyenin g\u00fczelli\u011fini ve zarafetini ya\u015fay\u0131n.<\/strong><\/p>","protected":false},"excerpt":{"rendered":"<div class=\"woocommerce-product-details__short-description\">\n<table class=\"sh_desc\" style=\"width: 100%; height: 281px;\">\n<tbody>\n<tr style=\"height: 28px;\">\n<td style=\"height: 28px;\">Kolye Tipi<\/td>\n<td style=\"height: 28px;\">Antik Stil Kolye Ucu<\/td>\n<\/tr>\n<tr style=\"height: 28px;\">\n<td style=\"height: 28px;\">SKU<\/td>\n<td style=\"height: 28px;\">49584<\/td>\n<\/tr>\n<tr style=\"height: 28px;\">\n<td style=\"height: 29px;\">A\u011f\u0131rl\u0131k<\/td>\n<td style=\"height: 29px;\">9,5 gms<\/td>\n<\/tr>\n<tr style=\"height: 28px;\">\n<td style=\"height: 29px;\">Koleksiyon<\/td>\n<td style=\"height: 29px;\"><strong>Armari Koleksiyonu<\/strong><\/td>\n<\/tr>\n<tr style=\"height: 28px;\">\n<td style=\"height: 28px;\">Metal<\/td>\n<td style=\"height: 28px;\">22 Ayar Alt\u0131n<\/td>\n<\/tr>\n<tr style=\"height: 28px;\">\n<td style=\"height: 28px;\">\u00dccretler<\/td>\n<td style=\"height: 28px;\">Teslimat ve KDV Dahil<\/td>\n<\/tr>\n<tr style=\"height: 28px;\">\n<td style=\"height: 28px;\">Paketleme<\/td>\n<td style=\"height: 28px;\">Sunum Kutusu ile Birlikte Gelir<\/td>\n<\/tr>\n<tr style=\"height: 112px;\">\n<td style=\"height: 112px;\">Daha Fazla Bilgi<\/td>\n<td style=\"height: 112px;\">\n<ul>\n<li>Zincir dahil de\u011fildir<\/li>\n<li>Koleksiyonumuzu g\u00f6r\u00fcnt\u00fcleyin\u00a0<strong>Zincirler<\/strong><\/li>\n<li>M\u00fcsaitlik durumu ve daha fazla resim i\u00e7in bizimle canl\u0131 sohbet edin<\/li>\n<\/ul>\n<\/td>\n<\/tr>\n<\/tbody>\n<\/table>\n<\/div>","protected":false},"featured_media":374332,"comment_status":"closed","ping_status":"closed","template":"","meta":{"_eb_attr":"","_crsspst_to_jayantr4sg-hostcom":false},"product_brand":[],"product_cat":[1791,245,5670,236,1793,5701,1770,1792,1790,1229,1255,1767,5347,1570,5353,1573,1574,5349],"product_tag":[],"class_list":{"0":"post-374326","1":"product","2":"type-product","3":"status-publish","4":"has-post-thumbnail","6":"product_cat-anniversary-gifts","7":"product_cat-armari-collections","8":"product_cat-armari-pendant","9":"product_cat-collections","10":"product_cat-diwali-gifts","11":"product_cat-eid-jewellery","12":"product_cat-fancy-pendants","13":"product_cat-festival-gifts","14":"product_cat-for-whom-when","15":"product_cat-22ct-gold-jewellery","16":"product_cat-gold-pendants","17":"product_cat-ladies-pendants","18":"product_cat-shop-by-metal","19":"product_cat-mothers-day-gifts","20":"product_cat-shop-by","21":"product_cat-wedding-gifts","22":"product_cat-womens-jewellery","23":"product_cat-yellow-gold-jewellery","25":"first","26":"outofstock","27":"taxable","28":"shipping-taxable","29":"product-type-simple","30":"add-to-wishlist-before_image"},"yoast_head":"<!-- This site is optimized with the Yoast SEO plugin v27.6 - https:\/\/yoast.com\/product\/yoast-seo-wordpress\/ -->\n<title>22ct Gold Peacock Armari Pendant with Enamel | PureJewels UK<\/title>\n<meta name=\"description\" content=\"22ct Gold Peacock Armari Pendant with Enamel - A stunning piece of jewellery featuring a vibrant peacock design adorned with intricate enamel work.\" \/>\n<meta name=\"robots\" content=\"index, follow, max-snippet:-1, max-image-preview:large, max-video-preview:-1\" \/>\n<link rel=\"canonical\" href=\"https:\/\/www.purejewels.com\/tr\/urun\/22-ayar-altin-mineli-tavus-kusu-armari-kolye-49584\/\" \/>\n<meta property=\"og:locale\" content=\"tr_TR\" \/>\n<meta property=\"og:type\" content=\"article\" \/>\n<meta property=\"og:title\" content=\"22ct Gold Peacock Armari Pendant with Enamel | PureJewels UK\" \/>\n<meta property=\"og:description\" content=\"22ct Gold Peacock Armari Pendant with Enamel - A stunning piece of jewellery featuring a vibrant peacock design adorned with intricate enamel work.\" \/>\n<meta property=\"og:url\" content=\"https:\/\/www.purejewels.com\/tr\/urun\/22-ayar-altin-mineli-tavus-kusu-armari-kolye-49584\/\" \/>\n<meta property=\"og:site_name\" content=\"PureJewels UK\" \/>\n<meta property=\"article:modified_time\" content=\"2026-01-06T08:09:32+00:00\" \/>\n<meta property=\"og:image\" content=\"https:\/\/www.purejewels.com\/wp-content\/uploads\/2024\/10\/PJ-19.10-039-1.png\" \/>\n\t<meta property=\"og:image:width\" content=\"1000\" \/>\n\t<meta property=\"og:image:height\" content=\"1000\" \/>\n\t<meta property=\"og:image:type\" content=\"image\/png\" \/>\n<meta name=\"twitter:card\" content=\"summary_large_image\" \/>\n<meta name=\"twitter:label1\" content=\"Tahmini okuma s\u00fcresi\" \/>\n\t<meta name=\"twitter:data1\" content=\"1 dakika\" \/>\n<script type=\"application\/ld+json\" class=\"yoast-schema-graph\">{\"@context\":\"https:\\\/\\\/schema.org\",\"@graph\":[{\"@type\":[\"WebPage\",\"ItemPage\"],\"@id\":\"https:\\\/\\\/www.purejewels.com\\\/product\\\/22ct-gold-peacock-armari-pendant-with-enamel-49584\\\/\",\"url\":\"https:\\\/\\\/www.purejewels.com\\\/product\\\/22ct-gold-peacock-armari-pendant-with-enamel-49584\\\/\",\"name\":\"22ct Gold Peacock Armari Pendant with Enamel | PureJewels UK\",\"isPartOf\":{\"@id\":\"https:\\\/\\\/www.purejewels.com\\\/#website\"},\"primaryImageOfPage\":{\"@id\":\"https:\\\/\\\/www.purejewels.com\\\/product\\\/22ct-gold-peacock-armari-pendant-with-enamel-49584\\\/#primaryimage\"},\"image\":{\"@id\":\"https:\\\/\\\/www.purejewels.com\\\/product\\\/22ct-gold-peacock-armari-pendant-with-enamel-49584\\\/#primaryimage\"},\"thumbnailUrl\":\"https:\\\/\\\/static.purejewels.com\\\/wp-content\\\/uploads\\\/2024\\\/10\\\/PJ-19.10-039-1.png\",\"datePublished\":\"2024-11-10T05:58:40+00:00\",\"dateModified\":\"2026-01-06T08:09:32+00:00\",\"description\":\"22ct Gold Peacock Armari Pendant with Enamel - A stunning piece of jewellery featuring a vibrant peacock design adorned with intricate enamel work.\",\"breadcrumb\":{\"@id\":\"https:\\\/\\\/www.purejewels.com\\\/product\\\/22ct-gold-peacock-armari-pendant-with-enamel-49584\\\/#breadcrumb\"},\"inLanguage\":\"tr\",\"potentialAction\":[{\"@type\":\"ReadAction\",\"target\":[\"https:\\\/\\\/www.purejewels.com\\\/product\\\/22ct-gold-peacock-armari-pendant-with-enamel-49584\\\/\"]}]},{\"@type\":\"ImageObject\",\"inLanguage\":\"tr\",\"@id\":\"https:\\\/\\\/www.purejewels.com\\\/product\\\/22ct-gold-peacock-armari-pendant-with-enamel-49584\\\/#primaryimage\",\"url\":\"https:\\\/\\\/static.purejewels.com\\\/wp-content\\\/uploads\\\/2024\\\/10\\\/PJ-19.10-039-1.png\",\"contentUrl\":\"https:\\\/\\\/static.purejewels.com\\\/wp-content\\\/uploads\\\/2024\\\/10\\\/PJ-19.10-039-1.png\",\"width\":1000,\"height\":1000,\"caption\":\"22ct Gold Pendant\"},{\"@type\":\"BreadcrumbList\",\"@id\":\"https:\\\/\\\/www.purejewels.com\\\/product\\\/22ct-gold-peacock-armari-pendant-with-enamel-49584\\\/#breadcrumb\",\"itemListElement\":[{\"@type\":\"ListItem\",\"position\":1,\"name\":\"Home\",\"item\":\"https:\\\/\\\/www.purejewels.com\\\/\"},{\"@type\":\"ListItem\",\"position\":2,\"name\":\"Shop\",\"item\":\"https:\\\/\\\/www.purejewels.com\\\/shop\\\/\"},{\"@type\":\"ListItem\",\"position\":3,\"name\":\"22ct Gold Peacock Armari Pendant with Enamel\"}]},{\"@type\":\"WebSite\",\"@id\":\"https:\\\/\\\/www.purejewels.com\\\/#website\",\"url\":\"https:\\\/\\\/www.purejewels.com\\\/\",\"name\":\"PureJewels UK\",\"description\":\"Share the Love\",\"publisher\":{\"@id\":\"https:\\\/\\\/www.purejewels.com\\\/#organization\"},\"potentialAction\":[{\"@type\":\"SearchAction\",\"target\":{\"@type\":\"EntryPoint\",\"urlTemplate\":\"https:\\\/\\\/www.purejewels.com\\\/?s={search_term_string}\"},\"query-input\":{\"@type\":\"PropertyValueSpecification\",\"valueRequired\":true,\"valueName\":\"search_term_string\"}}],\"inLanguage\":\"tr\"},{\"@type\":\"Organization\",\"@id\":\"https:\\\/\\\/www.purejewels.com\\\/#organization\",\"name\":\"PureJewels UK\",\"url\":\"https:\\\/\\\/www.purejewels.com\\\/\",\"logo\":{\"@type\":\"ImageObject\",\"inLanguage\":\"tr\",\"@id\":\"https:\\\/\\\/www.purejewels.com\\\/#\\\/schema\\\/logo\\\/image\\\/\",\"url\":\"https:\\\/\\\/static.purejewels.com\\\/wp-content\\\/uploads\\\/2020\\\/11\\\/Logo-PJ-New-1.png\",\"contentUrl\":\"https:\\\/\\\/static.purejewels.com\\\/wp-content\\\/uploads\\\/2020\\\/11\\\/Logo-PJ-New-1.png\",\"width\":150,\"height\":80,\"caption\":\"PureJewels UK\"},\"image\":{\"@id\":\"https:\\\/\\\/www.purejewels.com\\\/#\\\/schema\\\/logo\\\/image\\\/\"}}]}<\/script>\n<!-- \/ Yoast SEO plugin. -->","yoast_head_json":{"title":"22 Ayar Alt\u0131n Mineli Tavusku\u015fu Armari Kolye Ucu | PureJewels UK","description":"22 Ayar Alt\u0131n Mineli Tavusku\u015fu Armari Kolye - Karma\u015f\u0131k mine i\u015f\u00e7ili\u011fiyle s\u00fcslenmi\u015f canl\u0131 bir tavusku\u015fu tasar\u0131m\u0131na sahip \u00e7arp\u0131c\u0131 bir m\u00fccevher par\u00e7as\u0131.","robots":{"index":"index","follow":"follow","max-snippet":"max-snippet:-1","max-image-preview":"max-image-preview:large","max-video-preview":"max-video-preview:-1"},"canonical":"https:\/\/www.purejewels.com\/tr\/urun\/22-ayar-altin-mineli-tavus-kusu-armari-kolye-49584\/","og_locale":"tr_TR","og_type":"article","og_title":"22ct Gold Peacock Armari Pendant with Enamel | PureJewels UK","og_description":"22ct Gold Peacock Armari Pendant with Enamel - A stunning piece of jewellery featuring a vibrant peacock design adorned with intricate enamel work.","og_url":"https:\/\/www.purejewels.com\/tr\/urun\/22-ayar-altin-mineli-tavus-kusu-armari-kolye-49584\/","og_site_name":"PureJewels UK","article_modified_time":"2026-01-06T08:09:32+00:00","og_image":[{"width":1000,"height":1000,"url":"https:\/\/www.purejewels.com\/wp-content\/uploads\/2024\/10\/PJ-19.10-039-1.png","type":"image\/png"}],"twitter_card":"summary_large_image","twitter_misc":{"Tahmini okuma s\u00fcresi":"1 dakika"},"schema":{"@context":"https:\/\/schema.org","@graph":[{"@type":["WebPage","ItemPage"],"@id":"https:\/\/www.purejewels.com\/product\/22ct-gold-peacock-armari-pendant-with-enamel-49584\/","url":"https:\/\/www.purejewels.com\/product\/22ct-gold-peacock-armari-pendant-with-enamel-49584\/","name":"22 Ayar Alt\u0131n Mineli Tavusku\u015fu Armari Kolye Ucu | PureJewels UK","isPartOf":{"@id":"https:\/\/www.purejewels.com\/#website"},"primaryImageOfPage":{"@id":"https:\/\/www.purejewels.com\/product\/22ct-gold-peacock-armari-pendant-with-enamel-49584\/#primaryimage"},"image":{"@id":"https:\/\/www.purejewels.com\/product\/22ct-gold-peacock-armari-pendant-with-enamel-49584\/#primaryimage"},"thumbnailUrl":"https:\/\/static.purejewels.com\/wp-content\/uploads\/2024\/10\/PJ-19.10-039-1.png","datePublished":"2024-11-10T05:58:40+00:00","dateModified":"2026-01-06T08:09:32+00:00","description":"22 Ayar Alt\u0131n Mineli Tavusku\u015fu Armari Kolye - Karma\u015f\u0131k mine i\u015f\u00e7ili\u011fiyle s\u00fcslenmi\u015f canl\u0131 bir tavusku\u015fu tasar\u0131m\u0131na sahip \u00e7arp\u0131c\u0131 bir m\u00fccevher par\u00e7as\u0131.","breadcrumb":{"@id":"https:\/\/www.purejewels.com\/product\/22ct-gold-peacock-armari-pendant-with-enamel-49584\/#breadcrumb"},"inLanguage":"tr","potentialAction":[{"@type":"ReadAction","target":["https:\/\/www.purejewels.com\/product\/22ct-gold-peacock-armari-pendant-with-enamel-49584\/"]}]},{"@type":"ImageObject","inLanguage":"tr","@id":"https:\/\/www.purejewels.com\/product\/22ct-gold-peacock-armari-pendant-with-enamel-49584\/#primaryimage","url":"https:\/\/static.purejewels.com\/wp-content\/uploads\/2024\/10\/PJ-19.10-039-1.png","contentUrl":"https:\/\/static.purejewels.com\/wp-content\/uploads\/2024\/10\/PJ-19.10-039-1.png","width":1000,"height":1000,"caption":"22ct Gold Pendant"},{"@type":"BreadcrumbList","@id":"https:\/\/www.purejewels.com\/product\/22ct-gold-peacock-armari-pendant-with-enamel-49584\/#breadcrumb","itemListElement":[{"@type":"ListItem","position":1,"name":"Home","item":"https:\/\/www.purejewels.com\/"},{"@type":"ListItem","position":2,"name":"Shop","item":"https:\/\/www.purejewels.com\/shop\/"},{"@type":"ListItem","position":3,"name":"22ct Gold Peacock Armari Pendant with Enamel"}]},{"@type":"WebSite","@id":"https:\/\/www.purejewels.com\/#website","url":"https:\/\/www.purejewels.com\/","name":"PureJewels \u0130ngiltere","description":"Sevgiyi Payla\u015f\u0131n","publisher":{"@id":"https:\/\/www.purejewels.com\/#organization"},"potentialAction":[{"@type":"SearchAction","target":{"@type":"EntryPoint","urlTemplate":"https:\/\/www.purejewels.com\/?s={search_term_string}"},"query-input":{"@type":"PropertyValueSpecification","valueRequired":true,"valueName":"search_term_string"}}],"inLanguage":"tr"},{"@type":"Organization","@id":"https:\/\/www.purejewels.com\/#organization","name":"PureJewels \u0130ngiltere","url":"https:\/\/www.purejewels.com\/","logo":{"@type":"ImageObject","inLanguage":"tr","@id":"https:\/\/www.purejewels.com\/#\/schema\/logo\/image\/","url":"https:\/\/static.purejewels.com\/wp-content\/uploads\/2020\/11\/Logo-PJ-New-1.png","contentUrl":"https:\/\/static.purejewels.com\/wp-content\/uploads\/2020\/11\/Logo-PJ-New-1.png","width":150,"height":80,"caption":"PureJewels UK"},"image":{"@id":"https:\/\/www.purejewels.com\/#\/schema\/logo\/image\/"}}]}},"_links":{"self":[{"href":"https:\/\/www.purejewels.com\/tr\/wp-json\/wp\/v2\/product\/374326","targetHints":{"allow":["GET"]}}],"collection":[{"href":"https:\/\/www.purejewels.com\/tr\/wp-json\/wp\/v2\/product"}],"about":[{"href":"https:\/\/www.purejewels.com\/tr\/wp-json\/wp\/v2\/types\/product"}],"replies":[{"embeddable":true,"href":"https:\/\/www.purejewels.com\/tr\/wp-json\/wp\/v2\/comments?post=374326"}],"version-history":[{"count":3,"href":"https:\/\/www.purejewels.com\/tr\/wp-json\/wp\/v2\/product\/374326\/revisions"}],"predecessor-version":[{"id":395907,"href":"https:\/\/www.purejewels.com\/tr\/wp-json\/wp\/v2\/product\/374326\/revisions\/395907"}],"wp:featuredmedia":[{"embeddable":true,"href":"https:\/\/www.purejewels.com\/tr\/wp-json\/wp\/v2\/media\/374332"}],"wp:attachment":[{"href":"https:\/\/www.purejewels.com\/tr\/wp-json\/wp\/v2\/media?parent=374326"}],"wp:term":[{"taxonomy":"product_brand","embeddable":true,"href":"https:\/\/www.purejewels.com\/tr\/wp-json\/wp\/v2\/product_brand?post=374326"},{"taxonomy":"product_cat","embeddable":true,"href":"https:\/\/www.purejewels.com\/tr\/wp-json\/wp\/v2\/product_cat?post=374326"},{"taxonomy":"product_tag","embeddable":true,"href":"https:\/\/www.purejewels.com\/tr\/wp-json\/wp\/v2\/product_tag?post=374326"}],"curies":[{"name":"wp","href":"https:\/\/api.w.org\/{rel}","templated":true}]}}