{"id":374343,"date":"2024-10-21T07:07:02","date_gmt":"2024-10-21T06:07:02","guid":{"rendered":"https:\/\/www.purejewels.com\/?post_type=product&#038;p=374343"},"modified":"2026-01-19T10:40:36","modified_gmt":"2026-01-19T10:40:36","slug":"22ct-armari-oval-sekilli-bileklik-49654","status":"publish","type":"product","link":"https:\/\/www.purejewels.com\/tr\/product\/22ct-armari-oval-shaped-bangle-49654\/","title":{"rendered":"22ct Armari Oval \u015eekilli Bileklik"},"content":{"rendered":"<p>Bile\u011finizi zamans\u0131z bir zarafetle s\u00fcsleyen <a href=\"https:\/\/www.purejewels.com\/tr\/product\/22ct-gold-jali-filigree-ring-jali-collection-31926\/\">22ct<\/a> Armari Oval \u015eekilli Bileklik. Saf 22 ayar alt\u0131ndan hassasiyetle el i\u015f\u00e7ili\u011fiyle \u00fcretilen bu \u00e7arp\u0131c\u0131 par\u00e7a, klasik g\u00fczelli\u011fi modern bir yetenekle birle\u015ftiriyor. Bilekli\u011fin p\u00fcr\u00fczs\u00fcz oval \u015fekli, hem g\u00fcnl\u00fck kullan\u0131m hem de \u00f6zel g\u00fcnler i\u00e7in m\u00fckemmel olan rahat bir uyum sunar. \u0130nce parlakl\u0131\u011f\u0131 ve karma\u015f\u0131k detaylar\u0131, l\u00fcks\u00fc ve stili takdir edenler i\u00e7in ideal bir aksesuard\u0131r.<\/p>\n<p>\u0130ster ki\u015fisel koleksiyonunuzu zenginle\u015ftirin ister sevdi\u011finiz birine hediye edin, 22ct Armari Bileklik ger\u00e7ek bir incelik ve zarafet ifadesidir.<\/p>\n<ul>\n<li><strong>Malzeme<\/strong>: <a href=\"https:\/\/www.purejewels.com\/tr\/product\/holy-cross-gold-pendant-44713\/\">22 Ayar Alt\u0131n<\/a><\/li>\n<li><strong>\u015eekil<\/strong>: Oval<\/li>\n<li><strong>Boyut<\/strong>: 2.2<\/li>\n<li><strong>Tasar\u0131m<\/strong>: Zarif, \u00e7ok y\u00f6nl\u00fc ve her durum i\u00e7in m\u00fckemmel<\/li>\n<\/ul>\n<p>G\u00fczelli\u011fin g\u00fczelli\u011fini deneyimleyin <a href=\"https:\/\/www.purejewels.com\/tr\/a-guide-to-die-stamping\/\">zanaatkarl\u0131k<\/a> Zamana meydan okumak i\u00e7in tasarlanm\u0131\u015f bu l\u00fcks bileklikle.<\/p>","protected":false},"excerpt":{"rendered":"<div class=\"woocommerce-product-details__short-description\">\n<table class=\"sh_desc\" style=\"width: 100%;height: 298px\">\n<tbody>\n<tr style=\"height: 27px\">\n<td style=\"height: 27px\">Bileklik T\u00fcr\u00fc<\/td>\n<td style=\"height: 27px\">Vidal\u0131 Antik_Mat Kaplama ile Gelin Giyim Kada<\/td>\n<\/tr>\n<tr style=\"height: 27px\">\n<td style=\"height: 27px\">SKU<\/td>\n<td style=\"height: 27px\">49654<\/td>\n<\/tr>\n<tr style=\"height: 27px\">\n<td style=\"height: 27px\">A\u011f\u0131rl\u0131k<\/td>\n<td style=\"height: 27px\">\u00a019.7 Gms<\/td>\n<\/tr>\n<tr style=\"height: 27px\">\n<td style=\"height: 27px\">Metal<\/td>\n<td style=\"height: 27px\">22 Ayar Alt\u0131n<\/td>\n<\/tr>\n<tr style=\"height: 27px\">\n<td style=\"height: 27px\">Bileklik \u00d6l\u00e7\u00fcs\u00fc<\/td>\n<td style=\"height: 27px\">2.2 (Ek boyutlar i\u00e7in l\u00fctfen sorunuz)<\/td>\n<\/tr>\n<tr style=\"height: 27px\">\n<td style=\"height: 27px\">Koleksiyon<\/td>\n<td style=\"height: 27px\"><strong>Armari Koleksiyonu<\/strong><\/td>\n<\/tr>\n<tr style=\"height: 27px\">\n<td style=\"height: 27px\">Hallmark<\/td>\n<td style=\"height: 27px\">Londra Tahlil Ofisi Taraf\u0131ndan Damgalanm\u0131\u015f 22 Ayar Alt\u0131n<\/td>\n<\/tr>\n<tr style=\"height: 27px\">\n<td style=\"height: 27px\">\u00dccretler<\/td>\n<td style=\"height: 27px\">Teslimat ve KDV Dahil<\/td>\n<\/tr>\n<tr style=\"height: 27px\">\n<td style=\"height: 27px\">Paketleme<\/td>\n<td style=\"height: 27px\">Sunum Kutusu ile Birlikte Gelir<\/td>\n<\/tr>\n<tr style=\"height: 55px\">\n<td style=\"height: 55px\">Daha Fazla Bilgi<\/td>\n<td style=\"height: 55px\">\n<ul>\n<li>Not: M\u00fcsaitlik durumu ve daha fazla resim i\u00e7in bizimle canl\u0131 sohbet edin<\/li>\n<li>Kontrol etmek i\u00e7in buraya t\u0131klay\u0131n <strong>Bileklik \u00d6l\u00e7\u00fcs\u00fc<\/strong><\/li>\n<li>burada belirtilen fiyat Tek Bileklik i\u00e7indir<\/li>\n<\/ul>\n<\/td>\n<\/tr>\n<\/tbody>\n<\/table>\n<\/div>\n<p>&nbsp;<\/p>","protected":false},"featured_media":374344,"comment_status":"closed","ping_status":"closed","template":"","meta":{"_eb_attr":"","_crsspst_to_jayantr4sg-hostcom":false},"product_brand":[],"product_cat":[5640,245,1659,236,1233,1229,5271,1657,1573,1574,5349],"product_tag":[],"class_list":{"0":"post-374343","1":"product","2":"type-product","3":"status-publish","4":"has-post-thumbnail","6":"product_cat-armari-bangles","7":"product_cat-armari-collections","8":"product_cat-bridal-and-party-wear-gold-kada-bangle","9":"product_cat-collections","10":"product_cat-gold-bangles","11":"product_cat-22ct-gold-jewellery","12":"product_cat-occasion-wear-bangles","13":"product_cat-single-bangle","14":"product_cat-wedding-gifts","15":"product_cat-womens-jewellery","16":"product_cat-yellow-gold-jewellery","18":"first","19":"onbackorder","20":"taxable","21":"shipping-taxable","22":"product-type-simple","23":"add-to-wishlist-before_image"},"yoast_head":"<!-- This site is optimized with the Yoast SEO plugin v27.5 - https:\/\/yoast.com\/product\/yoast-seo-wordpress\/ -->\n<title>22ct Armari Oval Shaped Bangle | PureJewels UK<\/title>\n<meta name=\"description\" content=\"Discover timeless elegance with the 22ct Armari Oval Shaped Bangle from PureJewels UK. Crafted from pure 22ct gold, this luxurious bangle is perfect for any occasion.\" \/>\n<meta name=\"robots\" content=\"index, follow, max-snippet:-1, max-image-preview:large, max-video-preview:-1\" \/>\n<link rel=\"canonical\" href=\"https:\/\/www.purejewels.com\/tr\/urun\/22ct-armari-oval-sekilli-bileklik-49654\/\" \/>\n<meta property=\"og:locale\" content=\"tr_TR\" \/>\n<meta property=\"og:type\" content=\"article\" \/>\n<meta property=\"og:title\" content=\"22ct Armari Oval Shaped Bangle | PureJewels UK\" \/>\n<meta property=\"og:description\" content=\"Discover timeless elegance with the 22ct Armari Oval Shaped Bangle from PureJewels UK. Crafted from pure 22ct gold, this luxurious bangle is perfect for any occasion.\" \/>\n<meta property=\"og:url\" content=\"https:\/\/www.purejewels.com\/tr\/urun\/22ct-armari-oval-sekilli-bileklik-49654\/\" \/>\n<meta property=\"og:site_name\" content=\"PureJewels UK\" \/>\n<meta property=\"article:modified_time\" content=\"2026-01-19T10:40:36+00:00\" \/>\n<meta property=\"og:image\" content=\"https:\/\/static.purejewels.com\/wp-content\/uploads\/2024\/10\/PJ-19.10-068-576x576.png\" \/>\n\t<meta property=\"og:image:width\" content=\"576\" \/>\n\t<meta property=\"og:image:height\" content=\"576\" \/>\n\t<meta property=\"og:image:type\" content=\"image\/png\" \/>\n<meta name=\"twitter:card\" content=\"summary_large_image\" \/>\n<meta name=\"twitter:label1\" content=\"Tahmini okuma s\u00fcresi\" \/>\n\t<meta name=\"twitter:data1\" content=\"1 dakika\" \/>\n<script type=\"application\/ld+json\" class=\"yoast-schema-graph\">{\"@context\":\"https:\\\/\\\/schema.org\",\"@graph\":[{\"@type\":[\"WebPage\",\"ItemPage\"],\"@id\":\"https:\\\/\\\/www.purejewels.com\\\/product\\\/22ct-armari-oval-shaped-bangle-49654\\\/\",\"url\":\"https:\\\/\\\/www.purejewels.com\\\/product\\\/22ct-armari-oval-shaped-bangle-49654\\\/\",\"name\":\"22ct Armari Oval Shaped Bangle | PureJewels UK\",\"isPartOf\":{\"@id\":\"https:\\\/\\\/www.purejewels.com\\\/#website\"},\"primaryImageOfPage\":{\"@id\":\"https:\\\/\\\/www.purejewels.com\\\/product\\\/22ct-armari-oval-shaped-bangle-49654\\\/#primaryimage\"},\"image\":{\"@id\":\"https:\\\/\\\/www.purejewels.com\\\/product\\\/22ct-armari-oval-shaped-bangle-49654\\\/#primaryimage\"},\"thumbnailUrl\":\"https:\\\/\\\/static.purejewels.com\\\/wp-content\\\/uploads\\\/2024\\\/10\\\/PJ-19.10-068.png\",\"datePublished\":\"2024-10-21T06:07:02+00:00\",\"dateModified\":\"2026-01-19T10:40:36+00:00\",\"description\":\"Discover timeless elegance with the 22ct Armari Oval Shaped Bangle from PureJewels UK. Crafted from pure 22ct gold, this luxurious bangle is perfect for any occasion.\",\"breadcrumb\":{\"@id\":\"https:\\\/\\\/www.purejewels.com\\\/product\\\/22ct-armari-oval-shaped-bangle-49654\\\/#breadcrumb\"},\"inLanguage\":\"tr\",\"potentialAction\":[{\"@type\":\"ReadAction\",\"target\":[\"https:\\\/\\\/www.purejewels.com\\\/product\\\/22ct-armari-oval-shaped-bangle-49654\\\/\"]}]},{\"@type\":\"ImageObject\",\"inLanguage\":\"tr\",\"@id\":\"https:\\\/\\\/www.purejewels.com\\\/product\\\/22ct-armari-oval-shaped-bangle-49654\\\/#primaryimage\",\"url\":\"https:\\\/\\\/static.purejewels.com\\\/wp-content\\\/uploads\\\/2024\\\/10\\\/PJ-19.10-068.png\",\"contentUrl\":\"https:\\\/\\\/static.purejewels.com\\\/wp-content\\\/uploads\\\/2024\\\/10\\\/PJ-19.10-068.png\",\"width\":1000,\"height\":1000,\"caption\":\"22ct Gold Bangle\"},{\"@type\":\"BreadcrumbList\",\"@id\":\"https:\\\/\\\/www.purejewels.com\\\/product\\\/22ct-armari-oval-shaped-bangle-49654\\\/#breadcrumb\",\"itemListElement\":[{\"@type\":\"ListItem\",\"position\":1,\"name\":\"Home\",\"item\":\"https:\\\/\\\/www.purejewels.com\\\/\"},{\"@type\":\"ListItem\",\"position\":2,\"name\":\"Shop\",\"item\":\"https:\\\/\\\/www.purejewels.com\\\/shop\\\/\"},{\"@type\":\"ListItem\",\"position\":3,\"name\":\"22ct Armari Oval Shaped Bangle\"}]},{\"@type\":\"WebSite\",\"@id\":\"https:\\\/\\\/www.purejewels.com\\\/#website\",\"url\":\"https:\\\/\\\/www.purejewels.com\\\/\",\"name\":\"PureJewels UK\",\"description\":\"Share the Love\",\"publisher\":{\"@id\":\"https:\\\/\\\/www.purejewels.com\\\/#organization\"},\"potentialAction\":[{\"@type\":\"SearchAction\",\"target\":{\"@type\":\"EntryPoint\",\"urlTemplate\":\"https:\\\/\\\/www.purejewels.com\\\/?s={search_term_string}\"},\"query-input\":{\"@type\":\"PropertyValueSpecification\",\"valueRequired\":true,\"valueName\":\"search_term_string\"}}],\"inLanguage\":\"tr\"},{\"@type\":\"Organization\",\"@id\":\"https:\\\/\\\/www.purejewels.com\\\/#organization\",\"name\":\"PureJewels UK\",\"url\":\"https:\\\/\\\/www.purejewels.com\\\/\",\"logo\":{\"@type\":\"ImageObject\",\"inLanguage\":\"tr\",\"@id\":\"https:\\\/\\\/www.purejewels.com\\\/#\\\/schema\\\/logo\\\/image\\\/\",\"url\":\"https:\\\/\\\/static.purejewels.com\\\/wp-content\\\/uploads\\\/2020\\\/11\\\/Logo-PJ-New-1.png\",\"contentUrl\":\"https:\\\/\\\/static.purejewels.com\\\/wp-content\\\/uploads\\\/2020\\\/11\\\/Logo-PJ-New-1.png\",\"width\":150,\"height\":80,\"caption\":\"PureJewels UK\"},\"image\":{\"@id\":\"https:\\\/\\\/www.purejewels.com\\\/#\\\/schema\\\/logo\\\/image\\\/\"}}]}<\/script>\n<!-- \/ Yoast SEO plugin. -->","yoast_head_json":{"title":"22ct Armari Oval \u015eekilli Bileklik | PureJewels UK","description":"PureJewels UK'den 22 ayar Armari Oval \u015eekilli Bileklik ile zamans\u0131z \u015f\u0131kl\u0131\u011f\u0131 ke\u015ffedin. Saf 22 ayar alt\u0131ndan \u00fcretilen bu l\u00fcks bileklik her durum i\u00e7in m\u00fckemmeldir.","robots":{"index":"index","follow":"follow","max-snippet":"max-snippet:-1","max-image-preview":"max-image-preview:large","max-video-preview":"max-video-preview:-1"},"canonical":"https:\/\/www.purejewels.com\/tr\/urun\/22ct-armari-oval-sekilli-bileklik-49654\/","og_locale":"tr_TR","og_type":"article","og_title":"22ct Armari Oval Shaped Bangle | PureJewels UK","og_description":"Discover timeless elegance with the 22ct Armari Oval Shaped Bangle from PureJewels UK. Crafted from pure 22ct gold, this luxurious bangle is perfect for any occasion.","og_url":"https:\/\/www.purejewels.com\/tr\/urun\/22ct-armari-oval-sekilli-bileklik-49654\/","og_site_name":"PureJewels UK","article_modified_time":"2026-01-19T10:40:36+00:00","og_image":[{"width":576,"height":576,"url":"https:\/\/static.purejewels.com\/wp-content\/uploads\/2024\/10\/PJ-19.10-068-576x576.png","type":"image\/png"}],"twitter_card":"summary_large_image","twitter_misc":{"Tahmini okuma s\u00fcresi":"1 dakika"},"schema":{"@context":"https:\/\/schema.org","@graph":[{"@type":["WebPage","ItemPage"],"@id":"https:\/\/www.purejewels.com\/product\/22ct-armari-oval-shaped-bangle-49654\/","url":"https:\/\/www.purejewels.com\/product\/22ct-armari-oval-shaped-bangle-49654\/","name":"22ct Armari Oval \u015eekilli Bileklik | PureJewels UK","isPartOf":{"@id":"https:\/\/www.purejewels.com\/#website"},"primaryImageOfPage":{"@id":"https:\/\/www.purejewels.com\/product\/22ct-armari-oval-shaped-bangle-49654\/#primaryimage"},"image":{"@id":"https:\/\/www.purejewels.com\/product\/22ct-armari-oval-shaped-bangle-49654\/#primaryimage"},"thumbnailUrl":"https:\/\/static.purejewels.com\/wp-content\/uploads\/2024\/10\/PJ-19.10-068.png","datePublished":"2024-10-21T06:07:02+00:00","dateModified":"2026-01-19T10:40:36+00:00","description":"PureJewels UK'den 22 ayar Armari Oval \u015eekilli Bileklik ile zamans\u0131z \u015f\u0131kl\u0131\u011f\u0131 ke\u015ffedin. Saf 22 ayar alt\u0131ndan \u00fcretilen bu l\u00fcks bileklik her durum i\u00e7in m\u00fckemmeldir.","breadcrumb":{"@id":"https:\/\/www.purejewels.com\/product\/22ct-armari-oval-shaped-bangle-49654\/#breadcrumb"},"inLanguage":"tr","potentialAction":[{"@type":"ReadAction","target":["https:\/\/www.purejewels.com\/product\/22ct-armari-oval-shaped-bangle-49654\/"]}]},{"@type":"ImageObject","inLanguage":"tr","@id":"https:\/\/www.purejewels.com\/product\/22ct-armari-oval-shaped-bangle-49654\/#primaryimage","url":"https:\/\/static.purejewels.com\/wp-content\/uploads\/2024\/10\/PJ-19.10-068.png","contentUrl":"https:\/\/static.purejewels.com\/wp-content\/uploads\/2024\/10\/PJ-19.10-068.png","width":1000,"height":1000,"caption":"22ct Gold Bangle"},{"@type":"BreadcrumbList","@id":"https:\/\/www.purejewels.com\/product\/22ct-armari-oval-shaped-bangle-49654\/#breadcrumb","itemListElement":[{"@type":"ListItem","position":1,"name":"Home","item":"https:\/\/www.purejewels.com\/"},{"@type":"ListItem","position":2,"name":"Shop","item":"https:\/\/www.purejewels.com\/shop\/"},{"@type":"ListItem","position":3,"name":"22ct Armari Oval Shaped Bangle"}]},{"@type":"WebSite","@id":"https:\/\/www.purejewels.com\/#website","url":"https:\/\/www.purejewels.com\/","name":"PureJewels \u0130ngiltere","description":"Sevgiyi Payla\u015f\u0131n","publisher":{"@id":"https:\/\/www.purejewels.com\/#organization"},"potentialAction":[{"@type":"SearchAction","target":{"@type":"EntryPoint","urlTemplate":"https:\/\/www.purejewels.com\/?s={search_term_string}"},"query-input":{"@type":"PropertyValueSpecification","valueRequired":true,"valueName":"search_term_string"}}],"inLanguage":"tr"},{"@type":"Organization","@id":"https:\/\/www.purejewels.com\/#organization","name":"PureJewels \u0130ngiltere","url":"https:\/\/www.purejewels.com\/","logo":{"@type":"ImageObject","inLanguage":"tr","@id":"https:\/\/www.purejewels.com\/#\/schema\/logo\/image\/","url":"https:\/\/static.purejewels.com\/wp-content\/uploads\/2020\/11\/Logo-PJ-New-1.png","contentUrl":"https:\/\/static.purejewels.com\/wp-content\/uploads\/2020\/11\/Logo-PJ-New-1.png","width":150,"height":80,"caption":"PureJewels UK"},"image":{"@id":"https:\/\/www.purejewels.com\/#\/schema\/logo\/image\/"}}]}},"_links":{"self":[{"href":"https:\/\/www.purejewels.com\/tr\/wp-json\/wp\/v2\/product\/374343","targetHints":{"allow":["GET"]}}],"collection":[{"href":"https:\/\/www.purejewels.com\/tr\/wp-json\/wp\/v2\/product"}],"about":[{"href":"https:\/\/www.purejewels.com\/tr\/wp-json\/wp\/v2\/types\/product"}],"replies":[{"embeddable":true,"href":"https:\/\/www.purejewels.com\/tr\/wp-json\/wp\/v2\/comments?post=374343"}],"version-history":[{"count":4,"href":"https:\/\/www.purejewels.com\/tr\/wp-json\/wp\/v2\/product\/374343\/revisions"}],"predecessor-version":[{"id":398612,"href":"https:\/\/www.purejewels.com\/tr\/wp-json\/wp\/v2\/product\/374343\/revisions\/398612"}],"wp:featuredmedia":[{"embeddable":true,"href":"https:\/\/www.purejewels.com\/tr\/wp-json\/wp\/v2\/media\/374344"}],"wp:attachment":[{"href":"https:\/\/www.purejewels.com\/tr\/wp-json\/wp\/v2\/media?parent=374343"}],"wp:term":[{"taxonomy":"product_brand","embeddable":true,"href":"https:\/\/www.purejewels.com\/tr\/wp-json\/wp\/v2\/product_brand?post=374343"},{"taxonomy":"product_cat","embeddable":true,"href":"https:\/\/www.purejewels.com\/tr\/wp-json\/wp\/v2\/product_cat?post=374343"},{"taxonomy":"product_tag","embeddable":true,"href":"https:\/\/www.purejewels.com\/tr\/wp-json\/wp\/v2\/product_tag?post=374343"}],"curies":[{"name":"wp","href":"https:\/\/api.w.org\/{rel}","templated":true}]}}