{"id":374372,"date":"2024-10-21T09:58:31","date_gmt":"2024-10-21T08:58:31","guid":{"rendered":"https:\/\/www.purejewels.com\/?post_type=product&#038;p=374372"},"modified":"2026-01-30T11:46:59","modified_gmt":"2026-01-30T11:46:59","slug":"armut-damla-22-ayar-altin-kolye-ucu-49185","status":"publish","type":"product","link":"https:\/\/www.purejewels.com\/tr\/product\/pear-drop-22k-gold-pendant-49185\/","title":{"rendered":"Armut Damla 22 Ayar Alt\u0131n Kolye"},"content":{"rendered":"<p>Diwali ruhunu enfes \u00fcr\u00fcnlerimizle kutlay\u0131n <strong>Armut Damla 22K <a href=\"https:\/\/www.purejewels.com\/tr\/product\/22ct-real-gold-shoe-pendant-43097\/\">Alt\u0131n Kolye<\/a><\/strong>Zamans\u0131z zarafet ve \u0131\u015f\u0131lt\u0131l\u0131 l\u00fcks\u00fcn m\u00fckemmel bir kar\u0131\u015f\u0131m\u0131. Saf 22 ayar alt\u0131ndan el i\u015f\u00e7ili\u011fiyle \u00fcretilen bu kolye ucu, zarafet ve g\u00fczelli\u011fi simgeleyen \u00e7arp\u0131c\u0131 bir armut damlas\u0131 tasar\u0131m\u0131na sahiptir ve bayram g\u00fcnleri i\u00e7in veya sevdikleriniz i\u00e7in de\u011ferli bir hediye olarak ideal bir se\u00e7imdir.<\/p>\n<ul>\n<li><strong>Malzeme<\/strong>: Dayan\u0131kl\u0131l\u0131\u011f\u0131 ve kal\u0131c\u0131 parlakl\u0131\u011f\u0131 ile bilinen y\u00fcksek kaliteli 22 ayar alt\u0131ndan yap\u0131lm\u0131\u015ft\u0131r.<\/li>\n<li><strong>Tasar\u0131m<\/strong>: Klasik armut damla \u015fekli sofistike bir dokunu\u015f katarak hem geleneksel hem de \u00e7a\u011fda\u015f g\u00f6r\u00fcn\u00fcmler i\u00e7in uygun hale getirir.<\/li>\n<li><strong>F\u0131rsat<\/strong>: Diwali kutlamalar\u0131, d\u00fc\u011f\u00fcnler veya \u015f\u0131k bir \u015fekilde parlamak istedi\u011finiz di\u011fer \u00f6zel etkinlikler i\u00e7in m\u00fckemmeldir.<\/li>\n<li><strong>\u00c7ok Y\u00f6nl\u00fc<\/strong>: \u00c7e\u015fitli alt\u0131n zincirler veya kolyelerle kolayca e\u015fle\u015ferek m\u00fccevher koleksiyonunuza \u00e7ok y\u00f6nl\u00fc bir katk\u0131 sa\u011flar.<\/li>\n<li><strong>Hediyeye Haz\u0131r<\/strong>: Bu l\u00fcks kolye ucu ideal bir <a href=\"https:\/\/www.purejewels.com\/tr\/product\/18kt-rose-gold-diamond-with-amathyst-rings-uk-size-m-25320\/\">Diwali hediyesi<\/a>refah\u0131, iyi \u015fans\u0131 ve zarafeti sembolize eder.<\/li>\n<\/ul>\n<p>Bayram k\u0131yafetlerinize l\u00fcks bir dokunu\u015f katmak i\u00e7in <strong>Armut Damla 22 Ayar Alt\u0131n Kolye<\/strong>sadece PureJewels UK'de mevcuttur. \u015eimdi al\u0131\u015fveri\u015f yap\u0131n ve bu Diwali'yi zamans\u0131z, y\u00fcksek kaliteli \u00fcr\u00fcnlerle ger\u00e7ekten \u00f6zel k\u0131l\u0131n <a href=\"https:\/\/www.purejewels.com\/tr\/elegance-of-sold-gold\/\">alt\u0131n tak\u0131lar<\/a>.<\/p>","protected":false},"excerpt":{"rendered":"<div class=\"woocommerce-product-details__short-description\">\n<table class=\"sh_desc\" style=\"width: 100%; height: 281px;\">\n<tbody>\n<tr style=\"height: 28px;\">\n<td style=\"height: 28px;\">Kolye Tipi<\/td>\n<td style=\"height: 28px;\">Antik Stil Kolye Ucu<\/td>\n<\/tr>\n<tr style=\"height: 28px;\">\n<td style=\"height: 28px;\">SKU<\/td>\n<td style=\"height: 28px;\">49185<\/td>\n<\/tr>\n<tr style=\"height: 28px;\">\n<td style=\"height: 29px;\">A\u011f\u0131rl\u0131k<\/td>\n<td style=\"height: 29px;\">7.4 gms<\/td>\n<\/tr>\n<tr style=\"height: 28px;\">\n<td style=\"height: 29px;\">Koleksiyon<\/td>\n<td style=\"height: 29px;\"><strong>Armari Koleksiyonu<\/strong><\/td>\n<\/tr>\n<tr style=\"height: 28px;\">\n<td style=\"height: 28px;\">Metal<\/td>\n<td style=\"height: 28px;\">22 Ayar Alt\u0131n<\/td>\n<\/tr>\n<tr style=\"height: 28px;\">\n<td style=\"height: 28px;\">\u00dccretler<\/td>\n<td style=\"height: 28px;\">Teslimat ve KDV Dahil<\/td>\n<\/tr>\n<tr style=\"height: 28px;\">\n<td style=\"height: 28px;\">Paketleme<\/td>\n<td style=\"height: 28px;\">Sunum Kutusu ile Birlikte Gelir<\/td>\n<\/tr>\n<tr style=\"height: 112px;\">\n<td style=\"height: 112px;\">Daha Fazla Bilgi<\/td>\n<td style=\"height: 112px;\">\n<ul>\n<li>Zincir dahil de\u011fildir<\/li>\n<li>Koleksiyonumuzu g\u00f6r\u00fcnt\u00fcleyin\u00a0<strong>Zincirler<\/strong><\/li>\n<li>M\u00fcsaitlik durumu ve daha fazla resim i\u00e7in bizimle canl\u0131 sohbet edin<\/li>\n<\/ul>\n<\/td>\n<\/tr>\n<\/tbody>\n<\/table>\n<\/div>","protected":false},"featured_media":374373,"comment_status":"closed","ping_status":"closed","template":"","meta":{"_eb_attr":"","_crsspst_to_jayantr4sg-hostcom":false},"product_brand":[],"product_cat":[1791,245,5670,236,1793,5701,1770,1792,1790,1229,1255,1767,5347,1570,5353,1573,1574,5349],"product_tag":[],"class_list":{"0":"post-374372","1":"product","2":"type-product","3":"status-publish","4":"has-post-thumbnail","6":"product_cat-anniversary-gifts","7":"product_cat-armari-collections","8":"product_cat-armari-pendant","9":"product_cat-collections","10":"product_cat-diwali-gifts","11":"product_cat-eid-jewellery","12":"product_cat-fancy-pendants","13":"product_cat-festival-gifts","14":"product_cat-for-whom-when","15":"product_cat-22ct-gold-jewellery","16":"product_cat-gold-pendants","17":"product_cat-ladies-pendants","18":"product_cat-shop-by-metal","19":"product_cat-mothers-day-gifts","20":"product_cat-shop-by","21":"product_cat-wedding-gifts","22":"product_cat-womens-jewellery","23":"product_cat-yellow-gold-jewellery","25":"first","26":"instock","27":"taxable","28":"shipping-taxable","29":"purchasable","30":"product-type-simple","31":"add-to-wishlist-before_image"},"yoast_head":"<!-- This site is optimized with the Yoast SEO plugin v27.3 - https:\/\/yoast.com\/product\/yoast-seo-wordpress\/ -->\n<title>Shop online Pear Drop 22K Gold Pendant | PureJewels UK<\/title>\n<meta name=\"description\" content=\"Shop the elegant Pear Drop 22K Gold Pendant at PureJewels UK. Crafted from pure 22K gold, this stunning pendant is perfect for any occasion. Discover timeless luxury online.\" \/>\n<meta name=\"robots\" content=\"index, follow, max-snippet:-1, max-image-preview:large, max-video-preview:-1\" \/>\n<link rel=\"canonical\" href=\"https:\/\/www.purejewels.com\/tr\/urun\/armut-damla-22-ayar-altin-kolye-ucu-49185\/\" \/>\n<meta property=\"og:locale\" content=\"tr_TR\" \/>\n<meta property=\"og:type\" content=\"article\" \/>\n<meta property=\"og:title\" content=\"Shop online Pear Drop 22K Gold Pendant | PureJewels UK\" \/>\n<meta property=\"og:description\" content=\"Shop the elegant Pear Drop 22K Gold Pendant at PureJewels UK. Crafted from pure 22K gold, this stunning pendant is perfect for any occasion. Discover timeless luxury online.\" \/>\n<meta property=\"og:url\" content=\"https:\/\/www.purejewels.com\/tr\/urun\/armut-damla-22-ayar-altin-kolye-ucu-49185\/\" \/>\n<meta property=\"og:site_name\" content=\"PureJewels UK\" \/>\n<meta property=\"article:modified_time\" content=\"2026-01-30T11:46:59+00:00\" \/>\n<meta property=\"og:image\" content=\"https:\/\/static.purejewels.com\/wp-content\/uploads\/2024\/10\/49185-1.png\" \/>\n\t<meta property=\"og:image:width\" content=\"1000\" \/>\n\t<meta property=\"og:image:height\" content=\"1000\" \/>\n\t<meta property=\"og:image:type\" content=\"image\/png\" \/>\n<meta name=\"twitter:card\" content=\"summary_large_image\" \/>\n<meta name=\"twitter:label1\" content=\"Tahmini okuma s\u00fcresi\" \/>\n\t<meta name=\"twitter:data1\" content=\"1 dakika\" \/>\n<script type=\"application\/ld+json\" class=\"yoast-schema-graph\">{\"@context\":\"https:\\\/\\\/schema.org\",\"@graph\":[{\"@type\":[\"WebPage\",\"ItemPage\"],\"@id\":\"https:\\\/\\\/www.purejewels.com\\\/product\\\/pear-drop-22k-gold-pendant-49185\\\/\",\"url\":\"https:\\\/\\\/www.purejewels.com\\\/product\\\/pear-drop-22k-gold-pendant-49185\\\/\",\"name\":\"Shop online Pear Drop 22K Gold Pendant | PureJewels UK\",\"isPartOf\":{\"@id\":\"https:\\\/\\\/www.purejewels.com\\\/#website\"},\"primaryImageOfPage\":{\"@id\":\"https:\\\/\\\/www.purejewels.com\\\/product\\\/pear-drop-22k-gold-pendant-49185\\\/#primaryimage\"},\"image\":{\"@id\":\"https:\\\/\\\/www.purejewels.com\\\/product\\\/pear-drop-22k-gold-pendant-49185\\\/#primaryimage\"},\"thumbnailUrl\":\"https:\\\/\\\/static.purejewels.com\\\/wp-content\\\/uploads\\\/2024\\\/10\\\/49185-1.png\",\"datePublished\":\"2024-10-21T08:58:31+00:00\",\"dateModified\":\"2026-01-30T11:46:59+00:00\",\"description\":\"Shop the elegant Pear Drop 22K Gold Pendant at PureJewels UK. Crafted from pure 22K gold, this stunning pendant is perfect for any occasion. Discover timeless luxury online.\",\"breadcrumb\":{\"@id\":\"https:\\\/\\\/www.purejewels.com\\\/product\\\/pear-drop-22k-gold-pendant-49185\\\/#breadcrumb\"},\"inLanguage\":\"tr\",\"potentialAction\":[{\"@type\":\"ReadAction\",\"target\":[\"https:\\\/\\\/www.purejewels.com\\\/product\\\/pear-drop-22k-gold-pendant-49185\\\/\"]}]},{\"@type\":\"ImageObject\",\"inLanguage\":\"tr\",\"@id\":\"https:\\\/\\\/www.purejewels.com\\\/product\\\/pear-drop-22k-gold-pendant-49185\\\/#primaryimage\",\"url\":\"https:\\\/\\\/static.purejewels.com\\\/wp-content\\\/uploads\\\/2024\\\/10\\\/49185-1.png\",\"contentUrl\":\"https:\\\/\\\/static.purejewels.com\\\/wp-content\\\/uploads\\\/2024\\\/10\\\/49185-1.png\",\"width\":1000,\"height\":1000,\"caption\":\"22ct Gold Pendant\"},{\"@type\":\"BreadcrumbList\",\"@id\":\"https:\\\/\\\/www.purejewels.com\\\/product\\\/pear-drop-22k-gold-pendant-49185\\\/#breadcrumb\",\"itemListElement\":[{\"@type\":\"ListItem\",\"position\":1,\"name\":\"Home\",\"item\":\"https:\\\/\\\/www.purejewels.com\\\/\"},{\"@type\":\"ListItem\",\"position\":2,\"name\":\"Shop\",\"item\":\"https:\\\/\\\/www.purejewels.com\\\/shop\\\/\"},{\"@type\":\"ListItem\",\"position\":3,\"name\":\"Pear Drop 22K Gold Pendant\"}]},{\"@type\":\"WebSite\",\"@id\":\"https:\\\/\\\/www.purejewels.com\\\/#website\",\"url\":\"https:\\\/\\\/www.purejewels.com\\\/\",\"name\":\"PureJewels UK\",\"description\":\"Share the Love\",\"publisher\":{\"@id\":\"https:\\\/\\\/www.purejewels.com\\\/#organization\"},\"potentialAction\":[{\"@type\":\"SearchAction\",\"target\":{\"@type\":\"EntryPoint\",\"urlTemplate\":\"https:\\\/\\\/www.purejewels.com\\\/?s={search_term_string}\"},\"query-input\":{\"@type\":\"PropertyValueSpecification\",\"valueRequired\":true,\"valueName\":\"search_term_string\"}}],\"inLanguage\":\"tr\"},{\"@type\":\"Organization\",\"@id\":\"https:\\\/\\\/www.purejewels.com\\\/#organization\",\"name\":\"PureJewels UK\",\"url\":\"https:\\\/\\\/www.purejewels.com\\\/\",\"logo\":{\"@type\":\"ImageObject\",\"inLanguage\":\"tr\",\"@id\":\"https:\\\/\\\/www.purejewels.com\\\/#\\\/schema\\\/logo\\\/image\\\/\",\"url\":\"https:\\\/\\\/static.purejewels.com\\\/wp-content\\\/uploads\\\/2020\\\/11\\\/Logo-PJ-New-1.png\",\"contentUrl\":\"https:\\\/\\\/static.purejewels.com\\\/wp-content\\\/uploads\\\/2020\\\/11\\\/Logo-PJ-New-1.png\",\"width\":150,\"height\":80,\"caption\":\"PureJewels UK\"},\"image\":{\"@id\":\"https:\\\/\\\/www.purejewels.com\\\/#\\\/schema\\\/logo\\\/image\\\/\"}}]}<\/script>\n<!-- \/ Yoast SEO plugin. -->","yoast_head_json":{"title":"Online al\u0131\u015fveri\u015f Armut Damla 22K Alt\u0131n Kolye | PureJewels UK","description":"PureJewels UK'de zarif Armut Damla 22 Ayar Alt\u0131n Kolyeyi sat\u0131n al\u0131n. Saf 22 ayar alt\u0131ndan \u00fcretilen bu \u00e7arp\u0131c\u0131 kolye ucu her durum i\u00e7in m\u00fckemmeldir. Zamans\u0131z l\u00fcks\u00fc online ke\u015ffedin.","robots":{"index":"index","follow":"follow","max-snippet":"max-snippet:-1","max-image-preview":"max-image-preview:large","max-video-preview":"max-video-preview:-1"},"canonical":"https:\/\/www.purejewels.com\/tr\/urun\/armut-damla-22-ayar-altin-kolye-ucu-49185\/","og_locale":"tr_TR","og_type":"article","og_title":"Shop online Pear Drop 22K Gold Pendant | PureJewels UK","og_description":"Shop the elegant Pear Drop 22K Gold Pendant at PureJewels UK. Crafted from pure 22K gold, this stunning pendant is perfect for any occasion. Discover timeless luxury online.","og_url":"https:\/\/www.purejewels.com\/tr\/urun\/armut-damla-22-ayar-altin-kolye-ucu-49185\/","og_site_name":"PureJewels UK","article_modified_time":"2026-01-30T11:46:59+00:00","og_image":[{"width":1000,"height":1000,"url":"https:\/\/static.purejewels.com\/wp-content\/uploads\/2024\/10\/49185-1.png","type":"image\/png"}],"twitter_card":"summary_large_image","twitter_misc":{"Tahmini okuma s\u00fcresi":"1 dakika"},"schema":{"@context":"https:\/\/schema.org","@graph":[{"@type":["WebPage","ItemPage"],"@id":"https:\/\/www.purejewels.com\/product\/pear-drop-22k-gold-pendant-49185\/","url":"https:\/\/www.purejewels.com\/product\/pear-drop-22k-gold-pendant-49185\/","name":"Online al\u0131\u015fveri\u015f Armut Damla 22K Alt\u0131n Kolye | PureJewels UK","isPartOf":{"@id":"https:\/\/www.purejewels.com\/#website"},"primaryImageOfPage":{"@id":"https:\/\/www.purejewels.com\/product\/pear-drop-22k-gold-pendant-49185\/#primaryimage"},"image":{"@id":"https:\/\/www.purejewels.com\/product\/pear-drop-22k-gold-pendant-49185\/#primaryimage"},"thumbnailUrl":"https:\/\/static.purejewels.com\/wp-content\/uploads\/2024\/10\/49185-1.png","datePublished":"2024-10-21T08:58:31+00:00","dateModified":"2026-01-30T11:46:59+00:00","description":"PureJewels UK'de zarif Armut Damla 22 Ayar Alt\u0131n Kolyeyi sat\u0131n al\u0131n. Saf 22 ayar alt\u0131ndan \u00fcretilen bu \u00e7arp\u0131c\u0131 kolye ucu her durum i\u00e7in m\u00fckemmeldir. Zamans\u0131z l\u00fcks\u00fc online ke\u015ffedin.","breadcrumb":{"@id":"https:\/\/www.purejewels.com\/product\/pear-drop-22k-gold-pendant-49185\/#breadcrumb"},"inLanguage":"tr","potentialAction":[{"@type":"ReadAction","target":["https:\/\/www.purejewels.com\/product\/pear-drop-22k-gold-pendant-49185\/"]}]},{"@type":"ImageObject","inLanguage":"tr","@id":"https:\/\/www.purejewels.com\/product\/pear-drop-22k-gold-pendant-49185\/#primaryimage","url":"https:\/\/static.purejewels.com\/wp-content\/uploads\/2024\/10\/49185-1.png","contentUrl":"https:\/\/static.purejewels.com\/wp-content\/uploads\/2024\/10\/49185-1.png","width":1000,"height":1000,"caption":"22ct Gold Pendant"},{"@type":"BreadcrumbList","@id":"https:\/\/www.purejewels.com\/product\/pear-drop-22k-gold-pendant-49185\/#breadcrumb","itemListElement":[{"@type":"ListItem","position":1,"name":"Home","item":"https:\/\/www.purejewels.com\/"},{"@type":"ListItem","position":2,"name":"Shop","item":"https:\/\/www.purejewels.com\/shop\/"},{"@type":"ListItem","position":3,"name":"Pear Drop 22K Gold Pendant"}]},{"@type":"WebSite","@id":"https:\/\/www.purejewels.com\/#website","url":"https:\/\/www.purejewels.com\/","name":"PureJewels \u0130ngiltere","description":"Sevgiyi Payla\u015f\u0131n","publisher":{"@id":"https:\/\/www.purejewels.com\/#organization"},"potentialAction":[{"@type":"SearchAction","target":{"@type":"EntryPoint","urlTemplate":"https:\/\/www.purejewels.com\/?s={search_term_string}"},"query-input":{"@type":"PropertyValueSpecification","valueRequired":true,"valueName":"search_term_string"}}],"inLanguage":"tr"},{"@type":"Organization","@id":"https:\/\/www.purejewels.com\/#organization","name":"PureJewels \u0130ngiltere","url":"https:\/\/www.purejewels.com\/","logo":{"@type":"ImageObject","inLanguage":"tr","@id":"https:\/\/www.purejewels.com\/#\/schema\/logo\/image\/","url":"https:\/\/static.purejewels.com\/wp-content\/uploads\/2020\/11\/Logo-PJ-New-1.png","contentUrl":"https:\/\/static.purejewels.com\/wp-content\/uploads\/2020\/11\/Logo-PJ-New-1.png","width":150,"height":80,"caption":"PureJewels UK"},"image":{"@id":"https:\/\/www.purejewels.com\/#\/schema\/logo\/image\/"}}]}},"_links":{"self":[{"href":"https:\/\/www.purejewels.com\/tr\/wp-json\/wp\/v2\/product\/374372","targetHints":{"allow":["GET"]}}],"collection":[{"href":"https:\/\/www.purejewels.com\/tr\/wp-json\/wp\/v2\/product"}],"about":[{"href":"https:\/\/www.purejewels.com\/tr\/wp-json\/wp\/v2\/types\/product"}],"replies":[{"embeddable":true,"href":"https:\/\/www.purejewels.com\/tr\/wp-json\/wp\/v2\/comments?post=374372"}],"version-history":[{"count":3,"href":"https:\/\/www.purejewels.com\/tr\/wp-json\/wp\/v2\/product\/374372\/revisions"}],"predecessor-version":[{"id":391979,"href":"https:\/\/www.purejewels.com\/tr\/wp-json\/wp\/v2\/product\/374372\/revisions\/391979"}],"wp:featuredmedia":[{"embeddable":true,"href":"https:\/\/www.purejewels.com\/tr\/wp-json\/wp\/v2\/media\/374373"}],"wp:attachment":[{"href":"https:\/\/www.purejewels.com\/tr\/wp-json\/wp\/v2\/media?parent=374372"}],"wp:term":[{"taxonomy":"product_brand","embeddable":true,"href":"https:\/\/www.purejewels.com\/tr\/wp-json\/wp\/v2\/product_brand?post=374372"},{"taxonomy":"product_cat","embeddable":true,"href":"https:\/\/www.purejewels.com\/tr\/wp-json\/wp\/v2\/product_cat?post=374372"},{"taxonomy":"product_tag","embeddable":true,"href":"https:\/\/www.purejewels.com\/tr\/wp-json\/wp\/v2\/product_tag?post=374372"}],"curies":[{"name":"wp","href":"https:\/\/api.w.org\/{rel}","templated":true}]}}