{"id":374386,"date":"2026-01-15T11:08:50","date_gmt":"2026-01-15T11:08:50","guid":{"rendered":"https:\/\/www.purejewels.com\/?post_type=product&#038;p=374386"},"modified":"2026-03-23T05:44:15","modified_gmt":"2026-03-23T05:44:15","slug":"22-ayar-gundogumu-altin-damla-kupe-51760","status":"publish","type":"product","link":"https:\/\/www.purejewels.com\/tr\/product\/22ct-sunrise-gold-drop-earring-51760\/","title":{"rendered":"22 Ayar G\u00fcndo\u011fumu Alt\u0131n Damla K\u00fcpe-Rosette Koleksiyonu"},"content":{"rendered":"<h3><strong>22 Ayar G\u00fcndo\u011fumu Alt\u0131n \u015eelale Damla K\u00fcpe - Rosette Koleksiyonu<\/strong><\/h3>\n<h4><strong>Tasar\u0131m<\/strong><\/h4>\n<p>Bu \u00e7arp\u0131c\u0131 <strong><a href=\"https:\/\/www.purejewels.com\/tr\/product\/22ct-gold-jali-filigree-ring-jali-collection-31926\/\">22ct<\/a> alt\u0131n <a href=\"https:\/\/www.purejewels.com\/tr\/product\/22ct-gold-oval-drop-earrings-rhodium-finish\/\">damla k\u00fcpeler<\/a><\/strong> bir \u015fey yok. <a href=\"https:\/\/www.purejewels.com\/tr\/a-guide-to-die-stamping\/\">Rozet Koleksiyonu<\/a> zarif bir \u015felale tasar\u0131m\u0131na sahiptir ve g\u00f6r\u00fcn\u00fcm\u00fcn\u00fcze zarif bir \u00e7a\u011flayan etkisi katar. Alt k\u0131s\u0131mda yer alan 4 mm'lik narin rozet, \u00e7i\u00e7eklerden ilham alan ince bir \u00e7ekicilik katarak sofistike ve zevkli bir \u015fekilde dikkat \u00e7eker.<\/p>\n<h4><strong>Zanaatkarl\u0131k<\/strong><\/h4>\n<p><strong><a href=\"https:\/\/www.purejewels.com\/tr\/handmade-gold-jewellery\/\">El yap\u0131m\u0131<\/a><\/strong> detaylara g\u00f6sterilen titizlikle, her bir \u00e7ift geleneksel el i\u015f\u00e7ili\u011fi kullan\u0131larak \u00fcretilmi\u015ftir. <strong>kal\u0131p damgalama tekni\u011fi<\/strong>hassasiyet ve dayan\u0131kl\u0131l\u0131k sa\u011flar. Zanaatkarl\u0131k s\u00fcreci, bu k\u00fcpelere bir \u00f6zg\u00fcnl\u00fck katman\u0131 ekler ve k\u00fcpenin zamans\u0131z cazibesini somutla\u015ft\u0131r\u0131r. <strong>el yap\u0131m\u0131 ger\u00e7ek <a href=\"https:\/\/www.purejewels.com\/tr\/elegance-of-sold-gold\/\">alt\u0131n tak\u0131lar<\/a><\/strong>.<\/p>\n<h4><strong>Stil<\/strong><\/h4>\n<p>Bu \u00e7ok y\u00f6nl\u00fc <strong>Avize k\u00fcpeler<\/strong> hem geleneksel hem de g\u00fcndelik k\u0131yafetlerine sofistike bir hava katmak isteyen kad\u0131nlar i\u00e7in idealdir. Klasik ancak modaya uygun tasar\u0131mlar\u0131, k\u00fc\u00e7\u00fck toplant\u0131lar ve i\u015flevler i\u00e7in m\u00fckemmeldir ve geleneksel sanat ve modern \u00e7ekicili\u011fin bir kar\u0131\u015f\u0131m\u0131yla g\u00f6r\u00fcn\u00fcm\u00fcn\u00fcz\u00fc zahmetsizce geli\u015ftirir.<\/p>\n<p>Rosette Koleksiyonu'ndan 22 ayar Sunrise Alt\u0131n Damla K\u00fcpeler, her hareketle zarif\u00e7e sal\u0131nan basamakl\u0131 \u00e7i\u00e7ek motiflerine sahiptir. I\u015f\u0131lt\u0131l\u0131 alt\u0131n <a href=\"https:\/\/www.purejewels.com\/tr\/product\/holy-cross-gold-pendant-44713\/\">22 ayar alt\u0131n<\/a>, miras sanat\u0131n\u0131 \u00e7a\u011fda\u015f bir siluetle yans\u0131t\u0131rlar. Geleneksel bayram hediyeleri i\u00e7in zarif bir se\u00e7im, bayram anlar\u0131n\u0131 zamans\u0131z bir g\u00fczellikle kutlamak i\u00e7in m\u00fckemmel.<\/p>","protected":false},"excerpt":{"rendered":"<table class=\"sh_desc\">\n<tbody>\n<tr>\n<td>K\u00fcpe T\u00fcr\u00fc<\/td>\n<td>Damla K\u00fcpe<\/td>\n<\/tr>\n<tr>\n<td>SKU<\/td>\n<td>52650,48228<\/td>\n<\/tr>\n<tr>\n<td>A\u011f\u0131rl\u0131k<\/td>\n<td>5.8 Gms<\/td>\n<\/tr>\n<tr>\n<td>Koleksiyon<\/td>\n<td><strong>Rozet Koleksiyonu<\/strong><\/td>\n<\/tr>\n<tr>\n<td>Metal<\/td>\n<td>22 Ayar G\u00fcndo\u011fumu Alt\u0131n<\/td>\n<\/tr>\n<tr>\n<td>\u00dccretler<\/td>\n<td>Teslimat ve KDV Dahil<\/td>\n<\/tr>\n<tr>\n<td>Paketleme<\/td>\n<td>Sunum Kutusu ile Birlikte Gelir<\/td>\n<\/tr>\n<tr>\n<td>Daha Fazla Bilgi<\/td>\n<td>\n<ul>\n<li>M\u00fcsaitlik durumu ve daha fazla resim i\u00e7in bizimle canl\u0131 sohbet edin<\/li>\n<\/ul>\n<\/td>\n<\/tr>\n<\/tbody>\n<\/table>","protected":false},"featured_media":375399,"comment_status":"closed","ping_status":"closed","template":"","meta":{"_eb_attr":"","_crsspst_to_jayantr4sg-hostcom":false},"product_brand":[],"product_cat":[1791,1559,236,1685,6190,1254,1229,1570,6149,1656,5274],"product_tag":[],"class_list":{"0":"post-374386","1":"product","2":"type-product","3":"status-publish","4":"has-post-thumbnail","6":"product_cat-anniversary-gifts","7":"product_cat-birthday-gifts","8":"product_cat-collections","9":"product_cat-drop-earrings","10":"product_cat-easter-jewellery","11":"product_cat-gold-earrings","12":"product_cat-22ct-gold-jewellery","13":"product_cat-mothers-day-gifts","14":"product_cat-rosette-drop-earring","15":"product_cat-rosettes-collections","16":"product_cat-rosettes-earring","18":"first","19":"onbackorder","20":"taxable","21":"shipping-taxable","22":"purchasable","23":"product-type-simple","24":"add-to-wishlist-before_image"},"yoast_head":"<!-- This site is optimized with the Yoast SEO plugin v27.5 - https:\/\/yoast.com\/product\/yoast-seo-wordpress\/ -->\n<title>22ct Sunrise Gold Waterfall Drop Earrings, Purejewels UK<\/title>\n<meta name=\"description\" content=\"Discover 22ct Sunrise Gold drop earrings, featuring a graceful waterfall design. Perfect for adding elegance to both traditional and casual looks. Free UK delivery\" \/>\n<meta name=\"robots\" content=\"index, follow, max-snippet:-1, max-image-preview:large, max-video-preview:-1\" \/>\n<link rel=\"canonical\" href=\"https:\/\/www.purejewels.com\/tr\/urun\/22-ayar-gundogumu-altin-damla-kupe-51760\/\" \/>\n<meta property=\"og:locale\" content=\"tr_TR\" \/>\n<meta property=\"og:type\" content=\"article\" \/>\n<meta property=\"og:title\" content=\"22ct Sunrise Gold Waterfall Drop Earrings, Purejewels UK\" \/>\n<meta property=\"og:description\" content=\"Discover 22ct Sunrise Gold drop earrings, featuring a graceful waterfall design. Perfect for adding elegance to both traditional and casual looks. Free UK delivery\" \/>\n<meta property=\"og:url\" content=\"https:\/\/www.purejewels.com\/tr\/urun\/22-ayar-gundogumu-altin-damla-kupe-51760\/\" \/>\n<meta property=\"og:site_name\" content=\"PureJewels UK\" \/>\n<meta property=\"article:modified_time\" content=\"2026-03-23T05:44:15+00:00\" \/>\n<meta property=\"og:image\" content=\"https:\/\/static.purejewels.com\/wp-content\/uploads\/2024\/10\/SKU-48228.png\" \/>\n\t<meta property=\"og:image:width\" content=\"1000\" \/>\n\t<meta property=\"og:image:height\" content=\"1000\" \/>\n\t<meta property=\"og:image:type\" content=\"image\/png\" \/>\n<meta name=\"twitter:card\" content=\"summary_large_image\" \/>\n<meta name=\"twitter:label1\" content=\"Tahmini okuma s\u00fcresi\" \/>\n\t<meta name=\"twitter:data1\" content=\"2 dakika\" \/>\n<script type=\"application\/ld+json\" class=\"yoast-schema-graph\">{\"@context\":\"https:\\\/\\\/schema.org\",\"@graph\":[{\"@type\":[\"WebPage\",\"ItemPage\"],\"@id\":\"https:\\\/\\\/www.purejewels.com\\\/product\\\/22ct-sunrise-gold-drop-earring-51760\\\/\",\"url\":\"https:\\\/\\\/www.purejewels.com\\\/product\\\/22ct-sunrise-gold-drop-earring-51760\\\/\",\"name\":\"22ct Sunrise Gold Waterfall Drop Earrings, Purejewels UK\",\"isPartOf\":{\"@id\":\"https:\\\/\\\/www.purejewels.com\\\/#website\"},\"primaryImageOfPage\":{\"@id\":\"https:\\\/\\\/www.purejewels.com\\\/product\\\/22ct-sunrise-gold-drop-earring-51760\\\/#primaryimage\"},\"image\":{\"@id\":\"https:\\\/\\\/www.purejewels.com\\\/product\\\/22ct-sunrise-gold-drop-earring-51760\\\/#primaryimage\"},\"thumbnailUrl\":\"https:\\\/\\\/static.purejewels.com\\\/wp-content\\\/uploads\\\/2024\\\/10\\\/SKU-48228.png\",\"datePublished\":\"2026-01-15T11:08:50+00:00\",\"dateModified\":\"2026-03-23T05:44:15+00:00\",\"description\":\"Discover 22ct Sunrise Gold drop earrings, featuring a graceful waterfall design. Perfect for adding elegance to both traditional and casual looks. Free UK delivery\",\"breadcrumb\":{\"@id\":\"https:\\\/\\\/www.purejewels.com\\\/product\\\/22ct-sunrise-gold-drop-earring-51760\\\/#breadcrumb\"},\"inLanguage\":\"tr\",\"potentialAction\":[{\"@type\":\"ReadAction\",\"target\":[\"https:\\\/\\\/www.purejewels.com\\\/product\\\/22ct-sunrise-gold-drop-earring-51760\\\/\"]}]},{\"@type\":\"ImageObject\",\"inLanguage\":\"tr\",\"@id\":\"https:\\\/\\\/www.purejewels.com\\\/product\\\/22ct-sunrise-gold-drop-earring-51760\\\/#primaryimage\",\"url\":\"https:\\\/\\\/static.purejewels.com\\\/wp-content\\\/uploads\\\/2024\\\/10\\\/SKU-48228.png\",\"contentUrl\":\"https:\\\/\\\/static.purejewels.com\\\/wp-content\\\/uploads\\\/2024\\\/10\\\/SKU-48228.png\",\"width\":1000,\"height\":1000,\"caption\":\"22ct Sunrise Gold Rosette Drop Earring\"},{\"@type\":\"BreadcrumbList\",\"@id\":\"https:\\\/\\\/www.purejewels.com\\\/product\\\/22ct-sunrise-gold-drop-earring-51760\\\/#breadcrumb\",\"itemListElement\":[{\"@type\":\"ListItem\",\"position\":1,\"name\":\"Home\",\"item\":\"https:\\\/\\\/www.purejewels.com\\\/\"},{\"@type\":\"ListItem\",\"position\":2,\"name\":\"Shop\",\"item\":\"https:\\\/\\\/www.purejewels.com\\\/shop\\\/\"},{\"@type\":\"ListItem\",\"position\":3,\"name\":\"22ct Sunrise Gold Drop Earring-Rosette Collection\"}]},{\"@type\":\"WebSite\",\"@id\":\"https:\\\/\\\/www.purejewels.com\\\/#website\",\"url\":\"https:\\\/\\\/www.purejewels.com\\\/\",\"name\":\"PureJewels UK\",\"description\":\"Share the Love\",\"publisher\":{\"@id\":\"https:\\\/\\\/www.purejewels.com\\\/#organization\"},\"potentialAction\":[{\"@type\":\"SearchAction\",\"target\":{\"@type\":\"EntryPoint\",\"urlTemplate\":\"https:\\\/\\\/www.purejewels.com\\\/?s={search_term_string}\"},\"query-input\":{\"@type\":\"PropertyValueSpecification\",\"valueRequired\":true,\"valueName\":\"search_term_string\"}}],\"inLanguage\":\"tr\"},{\"@type\":\"Organization\",\"@id\":\"https:\\\/\\\/www.purejewels.com\\\/#organization\",\"name\":\"PureJewels UK\",\"url\":\"https:\\\/\\\/www.purejewels.com\\\/\",\"logo\":{\"@type\":\"ImageObject\",\"inLanguage\":\"tr\",\"@id\":\"https:\\\/\\\/www.purejewels.com\\\/#\\\/schema\\\/logo\\\/image\\\/\",\"url\":\"https:\\\/\\\/static.purejewels.com\\\/wp-content\\\/uploads\\\/2020\\\/11\\\/Logo-PJ-New-1.png\",\"contentUrl\":\"https:\\\/\\\/static.purejewels.com\\\/wp-content\\\/uploads\\\/2020\\\/11\\\/Logo-PJ-New-1.png\",\"width\":150,\"height\":80,\"caption\":\"PureJewels UK\"},\"image\":{\"@id\":\"https:\\\/\\\/www.purejewels.com\\\/#\\\/schema\\\/logo\\\/image\\\/\"}}]}<\/script>\n<!-- \/ Yoast SEO plugin. -->","yoast_head_json":{"title":"22ct Sunrise Alt\u0131n \u015eelale Damla K\u00fcpe, Purejewels UK","description":"Zarif bir \u015felale tasar\u0131m\u0131na sahip 22 ayar Sunrise Gold damla k\u00fcpeleri ke\u015ffedin. Hem geleneksel hem de g\u00fcndelik g\u00f6r\u00fcn\u00fcmlere \u015f\u0131kl\u0131k katmak i\u00e7in m\u00fckemmeldir. \u00dccretsiz \u0130ngiltere teslimat\u0131","robots":{"index":"index","follow":"follow","max-snippet":"max-snippet:-1","max-image-preview":"max-image-preview:large","max-video-preview":"max-video-preview:-1"},"canonical":"https:\/\/www.purejewels.com\/tr\/urun\/22-ayar-gundogumu-altin-damla-kupe-51760\/","og_locale":"tr_TR","og_type":"article","og_title":"22ct Sunrise Gold Waterfall Drop Earrings, Purejewels UK","og_description":"Discover 22ct Sunrise Gold drop earrings, featuring a graceful waterfall design. Perfect for adding elegance to both traditional and casual looks. Free UK delivery","og_url":"https:\/\/www.purejewels.com\/tr\/urun\/22-ayar-gundogumu-altin-damla-kupe-51760\/","og_site_name":"PureJewels UK","article_modified_time":"2026-03-23T05:44:15+00:00","og_image":[{"width":1000,"height":1000,"url":"https:\/\/static.purejewels.com\/wp-content\/uploads\/2024\/10\/SKU-48228.png","type":"image\/png"}],"twitter_card":"summary_large_image","twitter_misc":{"Tahmini okuma s\u00fcresi":"2 dakika"},"schema":{"@context":"https:\/\/schema.org","@graph":[{"@type":["WebPage","ItemPage"],"@id":"https:\/\/www.purejewels.com\/product\/22ct-sunrise-gold-drop-earring-51760\/","url":"https:\/\/www.purejewels.com\/product\/22ct-sunrise-gold-drop-earring-51760\/","name":"22ct Sunrise Alt\u0131n \u015eelale Damla K\u00fcpe, Purejewels UK","isPartOf":{"@id":"https:\/\/www.purejewels.com\/#website"},"primaryImageOfPage":{"@id":"https:\/\/www.purejewels.com\/product\/22ct-sunrise-gold-drop-earring-51760\/#primaryimage"},"image":{"@id":"https:\/\/www.purejewels.com\/product\/22ct-sunrise-gold-drop-earring-51760\/#primaryimage"},"thumbnailUrl":"https:\/\/static.purejewels.com\/wp-content\/uploads\/2024\/10\/SKU-48228.png","datePublished":"2026-01-15T11:08:50+00:00","dateModified":"2026-03-23T05:44:15+00:00","description":"Zarif bir \u015felale tasar\u0131m\u0131na sahip 22 ayar Sunrise Gold damla k\u00fcpeleri ke\u015ffedin. Hem geleneksel hem de g\u00fcndelik g\u00f6r\u00fcn\u00fcmlere \u015f\u0131kl\u0131k katmak i\u00e7in m\u00fckemmeldir. \u00dccretsiz \u0130ngiltere teslimat\u0131","breadcrumb":{"@id":"https:\/\/www.purejewels.com\/product\/22ct-sunrise-gold-drop-earring-51760\/#breadcrumb"},"inLanguage":"tr","potentialAction":[{"@type":"ReadAction","target":["https:\/\/www.purejewels.com\/product\/22ct-sunrise-gold-drop-earring-51760\/"]}]},{"@type":"ImageObject","inLanguage":"tr","@id":"https:\/\/www.purejewels.com\/product\/22ct-sunrise-gold-drop-earring-51760\/#primaryimage","url":"https:\/\/static.purejewels.com\/wp-content\/uploads\/2024\/10\/SKU-48228.png","contentUrl":"https:\/\/static.purejewels.com\/wp-content\/uploads\/2024\/10\/SKU-48228.png","width":1000,"height":1000,"caption":"22ct Sunrise Gold Rosette Drop Earring"},{"@type":"BreadcrumbList","@id":"https:\/\/www.purejewels.com\/product\/22ct-sunrise-gold-drop-earring-51760\/#breadcrumb","itemListElement":[{"@type":"ListItem","position":1,"name":"Home","item":"https:\/\/www.purejewels.com\/"},{"@type":"ListItem","position":2,"name":"Shop","item":"https:\/\/www.purejewels.com\/shop\/"},{"@type":"ListItem","position":3,"name":"22ct Sunrise Gold Drop Earring-Rosette Collection"}]},{"@type":"WebSite","@id":"https:\/\/www.purejewels.com\/#website","url":"https:\/\/www.purejewels.com\/","name":"PureJewels \u0130ngiltere","description":"Sevgiyi Payla\u015f\u0131n","publisher":{"@id":"https:\/\/www.purejewels.com\/#organization"},"potentialAction":[{"@type":"SearchAction","target":{"@type":"EntryPoint","urlTemplate":"https:\/\/www.purejewels.com\/?s={search_term_string}"},"query-input":{"@type":"PropertyValueSpecification","valueRequired":true,"valueName":"search_term_string"}}],"inLanguage":"tr"},{"@type":"Organization","@id":"https:\/\/www.purejewels.com\/#organization","name":"PureJewels \u0130ngiltere","url":"https:\/\/www.purejewels.com\/","logo":{"@type":"ImageObject","inLanguage":"tr","@id":"https:\/\/www.purejewels.com\/#\/schema\/logo\/image\/","url":"https:\/\/static.purejewels.com\/wp-content\/uploads\/2020\/11\/Logo-PJ-New-1.png","contentUrl":"https:\/\/static.purejewels.com\/wp-content\/uploads\/2020\/11\/Logo-PJ-New-1.png","width":150,"height":80,"caption":"PureJewels UK"},"image":{"@id":"https:\/\/www.purejewels.com\/#\/schema\/logo\/image\/"}}]}},"_links":{"self":[{"href":"https:\/\/www.purejewels.com\/tr\/wp-json\/wp\/v2\/product\/374386","targetHints":{"allow":["GET"]}}],"collection":[{"href":"https:\/\/www.purejewels.com\/tr\/wp-json\/wp\/v2\/product"}],"about":[{"href":"https:\/\/www.purejewels.com\/tr\/wp-json\/wp\/v2\/types\/product"}],"replies":[{"embeddable":true,"href":"https:\/\/www.purejewels.com\/tr\/wp-json\/wp\/v2\/comments?post=374386"}],"version-history":[{"count":7,"href":"https:\/\/www.purejewels.com\/tr\/wp-json\/wp\/v2\/product\/374386\/revisions"}],"predecessor-version":[{"id":426297,"href":"https:\/\/www.purejewels.com\/tr\/wp-json\/wp\/v2\/product\/374386\/revisions\/426297"}],"wp:featuredmedia":[{"embeddable":true,"href":"https:\/\/www.purejewels.com\/tr\/wp-json\/wp\/v2\/media\/375399"}],"wp:attachment":[{"href":"https:\/\/www.purejewels.com\/tr\/wp-json\/wp\/v2\/media?parent=374386"}],"wp:term":[{"taxonomy":"product_brand","embeddable":true,"href":"https:\/\/www.purejewels.com\/tr\/wp-json\/wp\/v2\/product_brand?post=374386"},{"taxonomy":"product_cat","embeddable":true,"href":"https:\/\/www.purejewels.com\/tr\/wp-json\/wp\/v2\/product_cat?post=374386"},{"taxonomy":"product_tag","embeddable":true,"href":"https:\/\/www.purejewels.com\/tr\/wp-json\/wp\/v2\/product_tag?post=374386"}],"curies":[{"name":"wp","href":"https:\/\/api.w.org\/{rel}","templated":true}]}}