{"id":374395,"date":"2025-05-31T12:15:16","date_gmt":"2025-05-31T11:15:16","guid":{"rendered":"https:\/\/www.purejewels.com\/?post_type=product&#038;p=374395"},"modified":"2026-01-06T06:20:07","modified_gmt":"2026-01-06T06:20:07","slug":"22-ayar-gundogumu-altin-rozet-kupe-50656","status":"publish","type":"product","link":"https:\/\/www.purejewels.com\/tr\/product\/22ct-sunrise-gold-rosette-earring-50656\/","title":{"rendered":"Y\u00fczen Rozetler Halka K\u00fcpe"},"content":{"rendered":"<p data-start=\"226\" data-end=\"484\">Gelenek ve modernli\u011fin \u0131\u015f\u0131lt\u0131l\u0131 bir ifadesi olan Floating Rosettes Halka K\u00fcpeler, hayat\u0131n anlaml\u0131 anlar\u0131n\u0131 kutluyor. Zarif bir \u015fekilde kal\u0131pla damgalanm\u0131\u015f \u00e7i\u00e7ek motiflerinden olu\u015fan her bir \u00e7i\u00e7ek, zaman\u0131n i\u00e7inde as\u0131l\u0131 duran zarif bir \u00e7elenk olu\u015fturarak zahmetsizce s\u00fcz\u00fcl\u00fcyor gibi g\u00f6r\u00fcn\u00fcr.<\/p>\n<p data-start=\"486\" data-end=\"975\">Bu rozetler, Sanayi Devrimi'nin zirvesinde do\u011fan bir y\u00f6ntem olan ge\u00e7 Viktorya d\u00f6nemi kal\u0131p damgalama tekni\u011fi kullan\u0131larak \u00fcretilmi\u015ftir. Aslen madeni para damgalama i\u015fleminden uyarlanan bu teknik, m\u00fccevher d\u00fcnyas\u0131nda devrim yaratm\u0131\u015f ve m\u00fckemmel detaylara sahip hassas, heykelsi tasar\u0131mlar\u0131n yarat\u0131lmas\u0131n\u0131 sa\u011flam\u0131\u015ft\u0131r. PureJewels bu miras zanaat\u0131 gururla korumakta, miras\u0131n\u0131 onurland\u0131r\u0131rken Avrupa zarafeti ve \u0130ngiliz tasar\u0131m duyarl\u0131l\u0131\u011f\u0131 merce\u011finden yeniden tasarlamaktad\u0131r.<\/p>\n<p data-start=\"977\" data-end=\"1283\">Yumu\u015fak dokulu, 22 ayar alt\u0131ndan a\u00e7\u0131k bir halka \u00fczerine yerle\u015ftirilen k\u00fcpeler, zarafet, onur ve ne\u015feli d\u00f6n\u00fcm noktalar\u0131n\u0131 simgeleyen t\u00f6rensel bir \u00e7elengin zamans\u0131z g\u00fczelli\u011fini \u00e7a\u011fr\u0131\u015ft\u0131r\u0131yor. Havadar ama karma\u015f\u0131k, geleneksel ama \u00e7a\u011fda\u015f bu k\u00fcpeler PureJewels'in zanaatkarl\u0131k ve hikaye anlat\u0131c\u0131l\u0131\u011f\u0131na olan kal\u0131c\u0131 ba\u011fl\u0131l\u0131\u011f\u0131n\u0131 \u00f6rnekliyor.<\/p>\n<ul>\n<li><strong>Aral\u0131k Kimli\u011fi: SGERDRRS001<\/strong><\/li>\n<\/ul>","protected":false},"excerpt":{"rendered":"<p>Floating Rosettes Halka K\u00fcpeler zarafet, miras ve yenili\u011fi bir araya getiriyor. El yap\u0131m\u0131 <strong data-start=\"181\" data-end=\"202\">22 Ayar G\u00fcndo\u011fumu Alt\u0131n<\/strong>Her bir \u00e7i\u00e7ek unsuru, orijinal olarak Sanayi Devrimi s\u0131ras\u0131nda madeni para damgalamadan uyarlanan nadir bir ge\u00e7 Viktorya d\u00f6nemi tekni\u011fi kullan\u0131larak kal\u0131pla damgalanm\u0131\u015ft\u0131r. Bu y\u00f6ntem, m\u00fckemmel ayr\u0131nt\u0131lara ve heykelsi bir hassasiyete olanak tan\u0131r. PureJewels, geleneksel mekani\u011fi Avrupa zarafeti ve \u0130ngiliz tasar\u0131m hassasiyetleriyle harmanlayarak bu zanaat\u0131 onurland\u0131r\u0131yor. Rozetler, zarif dokulu a\u00e7\u0131k bir kasnak boyunca s\u00fcz\u00fcl\u00fcyor gibi g\u00f6r\u00fcnerek kutlamalar\u0131 ve ki\u015fisel d\u00f6n\u00fcm noktalar\u0131n\u0131 simgeleyen zarif bir \u00e7elenk olu\u015fturuyor. Hafif ama karma\u015f\u0131k olan bu k\u00fcpeler, Rosettes Koleksiyonu'nun ruhuna sad\u0131k kalarak i\u015f\u00e7ilik ve hikaye anlat\u0131m\u0131n\u0131n zamans\u0131z bir ifadesidir.<\/p>\n<p><strong>Malzeme:<\/strong> 22 Ayar G\u00fcndo\u011fumu Alt\u0131n<br \/>\n<strong>Safl\u0131k:<\/strong> 91.6% som alt\u0131n<br \/>\n<strong>Hallmark:<\/strong> \u0130ngiliz Damgas\u0131<br \/>\n<strong>SKU:<\/strong> 50656, 50655<br \/>\n<strong>A\u011f\u0131rl\u0131k:<\/strong> 6.8 Gms<br \/>\n<strong>Tel kal\u0131nl\u0131\u011f\u0131:<\/strong> 1.6mm<\/p>\n<p><strong>Fiyat ve Teslimat:<\/strong>\u00a0KDV ve teslimat \u00fccretleri dahil<br \/>\n<a href=\"https:\/\/www.purejewels.com\/tr\/i%cc%87ade-poli%cc%87ti%cc%87kasi\/\"><strong>\u0130ade Politikas\u0131<\/strong><\/a><\/p>","protected":false},"featured_media":375403,"comment_status":"closed","ping_status":"closed","template":"","meta":{"_eb_attr":"","_crsspst_to_jayantr4sg-hostcom":false},"product_brand":[],"product_cat":[1791,1559,236,1254,1656,5274,1577,1574],"product_tag":[1430],"class_list":{"0":"post-374395","1":"product","2":"type-product","3":"status-publish","4":"has-post-thumbnail","6":"product_cat-anniversary-gifts","7":"product_cat-birthday-gifts","8":"product_cat-collections","9":"product_cat-gold-earrings","10":"product_cat-rosettes-collections","11":"product_cat-rosettes-earring","12":"product_cat-stud-earrings","13":"product_cat-womens-jewellery","14":"product_tag-diwali-gift","16":"first","17":"outofstock","18":"taxable","19":"shipping-taxable","20":"product-type-simple","21":"add-to-wishlist-before_image"},"yoast_head":"<!-- This site is optimized with the Yoast SEO plugin v27.3 - https:\/\/yoast.com\/product\/yoast-seo-wordpress\/ -->\n<title>22ct Sunrise Gold Rosette Earring | Classic Floral Design<\/title>\n<meta name=\"description\" content=\"Elevate your style with 22ct Sunrise Gold Rosette Earrings, featuring a timeless floral design that adds elegance to any look.\" \/>\n<meta name=\"robots\" content=\"index, follow, max-snippet:-1, max-image-preview:large, max-video-preview:-1\" \/>\n<link rel=\"canonical\" href=\"https:\/\/www.purejewels.com\/tr\/urun\/22-ayar-gundogumu-altin-rozet-kupe-50656\/\" \/>\n<meta property=\"og:locale\" content=\"tr_TR\" \/>\n<meta property=\"og:type\" content=\"article\" \/>\n<meta property=\"og:title\" content=\"22ct Sunrise Gold Rosette Earring | Classic Floral Design\" \/>\n<meta property=\"og:description\" content=\"Elevate your style with 22ct Sunrise Gold Rosette Earrings, featuring a timeless floral design that adds elegance to any look.\" \/>\n<meta property=\"og:url\" content=\"https:\/\/www.purejewels.com\/tr\/urun\/22-ayar-gundogumu-altin-rozet-kupe-50656\/\" \/>\n<meta property=\"og:site_name\" content=\"PureJewels UK\" \/>\n<meta property=\"article:modified_time\" content=\"2026-01-06T06:20:07+00:00\" \/>\n<meta property=\"og:image\" content=\"https:\/\/www.purejewels.com\/wp-content\/uploads\/2024\/10\/SKU-48231.png\" \/>\n\t<meta property=\"og:image:width\" content=\"1000\" \/>\n\t<meta property=\"og:image:height\" content=\"1000\" \/>\n\t<meta property=\"og:image:type\" content=\"image\/png\" \/>\n<meta name=\"twitter:card\" content=\"summary_large_image\" \/>\n<meta name=\"twitter:label1\" content=\"Tahmini okuma s\u00fcresi\" \/>\n\t<meta name=\"twitter:data1\" content=\"1 dakika\" \/>\n<script type=\"application\/ld+json\" class=\"yoast-schema-graph\">{\"@context\":\"https:\\\/\\\/schema.org\",\"@graph\":[{\"@type\":[\"WebPage\",\"ItemPage\"],\"@id\":\"https:\\\/\\\/www.purejewels.com\\\/product\\\/22ct-sunrise-gold-rosette-earring-50656\\\/\",\"url\":\"https:\\\/\\\/www.purejewels.com\\\/product\\\/22ct-sunrise-gold-rosette-earring-50656\\\/\",\"name\":\"22ct Sunrise Gold Rosette Earring | Classic Floral Design\",\"isPartOf\":{\"@id\":\"https:\\\/\\\/www.purejewels.com\\\/#website\"},\"primaryImageOfPage\":{\"@id\":\"https:\\\/\\\/www.purejewels.com\\\/product\\\/22ct-sunrise-gold-rosette-earring-50656\\\/#primaryimage\"},\"image\":{\"@id\":\"https:\\\/\\\/www.purejewels.com\\\/product\\\/22ct-sunrise-gold-rosette-earring-50656\\\/#primaryimage\"},\"thumbnailUrl\":\"https:\\\/\\\/static.purejewels.com\\\/wp-content\\\/uploads\\\/2024\\\/10\\\/SKU-48231.png\",\"datePublished\":\"2025-05-31T11:15:16+00:00\",\"dateModified\":\"2026-01-06T06:20:07+00:00\",\"description\":\"Elevate your style with 22ct Sunrise Gold Rosette Earrings, featuring a timeless floral design that adds elegance to any look.\",\"breadcrumb\":{\"@id\":\"https:\\\/\\\/www.purejewels.com\\\/product\\\/22ct-sunrise-gold-rosette-earring-50656\\\/#breadcrumb\"},\"inLanguage\":\"tr\",\"potentialAction\":[{\"@type\":\"ReadAction\",\"target\":[\"https:\\\/\\\/www.purejewels.com\\\/product\\\/22ct-sunrise-gold-rosette-earring-50656\\\/\"]}]},{\"@type\":\"ImageObject\",\"inLanguage\":\"tr\",\"@id\":\"https:\\\/\\\/www.purejewels.com\\\/product\\\/22ct-sunrise-gold-rosette-earring-50656\\\/#primaryimage\",\"url\":\"https:\\\/\\\/static.purejewels.com\\\/wp-content\\\/uploads\\\/2024\\\/10\\\/SKU-48231.png\",\"contentUrl\":\"https:\\\/\\\/static.purejewels.com\\\/wp-content\\\/uploads\\\/2024\\\/10\\\/SKU-48231.png\",\"width\":1000,\"height\":1000,\"caption\":\"22ct Sunrise Gold Rosette Earring\"},{\"@type\":\"BreadcrumbList\",\"@id\":\"https:\\\/\\\/www.purejewels.com\\\/product\\\/22ct-sunrise-gold-rosette-earring-50656\\\/#breadcrumb\",\"itemListElement\":[{\"@type\":\"ListItem\",\"position\":1,\"name\":\"Home\",\"item\":\"https:\\\/\\\/www.purejewels.com\\\/\"},{\"@type\":\"ListItem\",\"position\":2,\"name\":\"Shop\",\"item\":\"https:\\\/\\\/www.purejewels.com\\\/shop\\\/\"},{\"@type\":\"ListItem\",\"position\":3,\"name\":\"Floating Rosettes Hoop Earrings\"}]},{\"@type\":\"WebSite\",\"@id\":\"https:\\\/\\\/www.purejewels.com\\\/#website\",\"url\":\"https:\\\/\\\/www.purejewels.com\\\/\",\"name\":\"PureJewels UK\",\"description\":\"Share the Love\",\"publisher\":{\"@id\":\"https:\\\/\\\/www.purejewels.com\\\/#organization\"},\"potentialAction\":[{\"@type\":\"SearchAction\",\"target\":{\"@type\":\"EntryPoint\",\"urlTemplate\":\"https:\\\/\\\/www.purejewels.com\\\/?s={search_term_string}\"},\"query-input\":{\"@type\":\"PropertyValueSpecification\",\"valueRequired\":true,\"valueName\":\"search_term_string\"}}],\"inLanguage\":\"tr\"},{\"@type\":\"Organization\",\"@id\":\"https:\\\/\\\/www.purejewels.com\\\/#organization\",\"name\":\"PureJewels UK\",\"url\":\"https:\\\/\\\/www.purejewels.com\\\/\",\"logo\":{\"@type\":\"ImageObject\",\"inLanguage\":\"tr\",\"@id\":\"https:\\\/\\\/www.purejewels.com\\\/#\\\/schema\\\/logo\\\/image\\\/\",\"url\":\"https:\\\/\\\/static.purejewels.com\\\/wp-content\\\/uploads\\\/2020\\\/11\\\/Logo-PJ-New-1.png\",\"contentUrl\":\"https:\\\/\\\/static.purejewels.com\\\/wp-content\\\/uploads\\\/2020\\\/11\\\/Logo-PJ-New-1.png\",\"width\":150,\"height\":80,\"caption\":\"PureJewels UK\"},\"image\":{\"@id\":\"https:\\\/\\\/www.purejewels.com\\\/#\\\/schema\\\/logo\\\/image\\\/\"}}]}<\/script>\n<!-- \/ Yoast SEO plugin. -->","yoast_head_json":{"title":"22 Ayar G\u00fcndo\u011fumu Alt\u0131n Rozet K\u00fcpe | Klasik \u00c7i\u00e7ek Tasar\u0131m\u0131","description":"Her g\u00f6r\u00fcn\u00fcme zarafet katan zamans\u0131z \u00e7i\u00e7ek tasar\u0131m\u0131na sahip 22 ayar Sunrise Alt\u0131n Rozet K\u00fcpe ile stilinizi y\u00fckseltin.","robots":{"index":"index","follow":"follow","max-snippet":"max-snippet:-1","max-image-preview":"max-image-preview:large","max-video-preview":"max-video-preview:-1"},"canonical":"https:\/\/www.purejewels.com\/tr\/urun\/22-ayar-gundogumu-altin-rozet-kupe-50656\/","og_locale":"tr_TR","og_type":"article","og_title":"22ct Sunrise Gold Rosette Earring | Classic Floral Design","og_description":"Elevate your style with 22ct Sunrise Gold Rosette Earrings, featuring a timeless floral design that adds elegance to any look.","og_url":"https:\/\/www.purejewels.com\/tr\/urun\/22-ayar-gundogumu-altin-rozet-kupe-50656\/","og_site_name":"PureJewels UK","article_modified_time":"2026-01-06T06:20:07+00:00","og_image":[{"width":1000,"height":1000,"url":"https:\/\/www.purejewels.com\/wp-content\/uploads\/2024\/10\/SKU-48231.png","type":"image\/png"}],"twitter_card":"summary_large_image","twitter_misc":{"Tahmini okuma s\u00fcresi":"1 dakika"},"schema":{"@context":"https:\/\/schema.org","@graph":[{"@type":["WebPage","ItemPage"],"@id":"https:\/\/www.purejewels.com\/product\/22ct-sunrise-gold-rosette-earring-50656\/","url":"https:\/\/www.purejewels.com\/product\/22ct-sunrise-gold-rosette-earring-50656\/","name":"22 Ayar G\u00fcndo\u011fumu Alt\u0131n Rozet K\u00fcpe | Klasik \u00c7i\u00e7ek Tasar\u0131m\u0131","isPartOf":{"@id":"https:\/\/www.purejewels.com\/#website"},"primaryImageOfPage":{"@id":"https:\/\/www.purejewels.com\/product\/22ct-sunrise-gold-rosette-earring-50656\/#primaryimage"},"image":{"@id":"https:\/\/www.purejewels.com\/product\/22ct-sunrise-gold-rosette-earring-50656\/#primaryimage"},"thumbnailUrl":"https:\/\/static.purejewels.com\/wp-content\/uploads\/2024\/10\/SKU-48231.png","datePublished":"2025-05-31T11:15:16+00:00","dateModified":"2026-01-06T06:20:07+00:00","description":"Her g\u00f6r\u00fcn\u00fcme zarafet katan zamans\u0131z \u00e7i\u00e7ek tasar\u0131m\u0131na sahip 22 ayar Sunrise Alt\u0131n Rozet K\u00fcpe ile stilinizi y\u00fckseltin.","breadcrumb":{"@id":"https:\/\/www.purejewels.com\/product\/22ct-sunrise-gold-rosette-earring-50656\/#breadcrumb"},"inLanguage":"tr","potentialAction":[{"@type":"ReadAction","target":["https:\/\/www.purejewels.com\/product\/22ct-sunrise-gold-rosette-earring-50656\/"]}]},{"@type":"ImageObject","inLanguage":"tr","@id":"https:\/\/www.purejewels.com\/product\/22ct-sunrise-gold-rosette-earring-50656\/#primaryimage","url":"https:\/\/static.purejewels.com\/wp-content\/uploads\/2024\/10\/SKU-48231.png","contentUrl":"https:\/\/static.purejewels.com\/wp-content\/uploads\/2024\/10\/SKU-48231.png","width":1000,"height":1000,"caption":"22ct Sunrise Gold Rosette Earring"},{"@type":"BreadcrumbList","@id":"https:\/\/www.purejewels.com\/product\/22ct-sunrise-gold-rosette-earring-50656\/#breadcrumb","itemListElement":[{"@type":"ListItem","position":1,"name":"Home","item":"https:\/\/www.purejewels.com\/"},{"@type":"ListItem","position":2,"name":"Shop","item":"https:\/\/www.purejewels.com\/shop\/"},{"@type":"ListItem","position":3,"name":"Floating Rosettes Hoop Earrings"}]},{"@type":"WebSite","@id":"https:\/\/www.purejewels.com\/#website","url":"https:\/\/www.purejewels.com\/","name":"PureJewels \u0130ngiltere","description":"Sevgiyi Payla\u015f\u0131n","publisher":{"@id":"https:\/\/www.purejewels.com\/#organization"},"potentialAction":[{"@type":"SearchAction","target":{"@type":"EntryPoint","urlTemplate":"https:\/\/www.purejewels.com\/?s={search_term_string}"},"query-input":{"@type":"PropertyValueSpecification","valueRequired":true,"valueName":"search_term_string"}}],"inLanguage":"tr"},{"@type":"Organization","@id":"https:\/\/www.purejewels.com\/#organization","name":"PureJewels \u0130ngiltere","url":"https:\/\/www.purejewels.com\/","logo":{"@type":"ImageObject","inLanguage":"tr","@id":"https:\/\/www.purejewels.com\/#\/schema\/logo\/image\/","url":"https:\/\/static.purejewels.com\/wp-content\/uploads\/2020\/11\/Logo-PJ-New-1.png","contentUrl":"https:\/\/static.purejewels.com\/wp-content\/uploads\/2020\/11\/Logo-PJ-New-1.png","width":150,"height":80,"caption":"PureJewels UK"},"image":{"@id":"https:\/\/www.purejewels.com\/#\/schema\/logo\/image\/"}}]}},"_links":{"self":[{"href":"https:\/\/www.purejewels.com\/tr\/wp-json\/wp\/v2\/product\/374395","targetHints":{"allow":["GET"]}}],"collection":[{"href":"https:\/\/www.purejewels.com\/tr\/wp-json\/wp\/v2\/product"}],"about":[{"href":"https:\/\/www.purejewels.com\/tr\/wp-json\/wp\/v2\/types\/product"}],"replies":[{"embeddable":true,"href":"https:\/\/www.purejewels.com\/tr\/wp-json\/wp\/v2\/comments?post=374395"}],"version-history":[{"count":6,"href":"https:\/\/www.purejewels.com\/tr\/wp-json\/wp\/v2\/product\/374395\/revisions"}],"predecessor-version":[{"id":400875,"href":"https:\/\/www.purejewels.com\/tr\/wp-json\/wp\/v2\/product\/374395\/revisions\/400875"}],"wp:featuredmedia":[{"embeddable":true,"href":"https:\/\/www.purejewels.com\/tr\/wp-json\/wp\/v2\/media\/375403"}],"wp:attachment":[{"href":"https:\/\/www.purejewels.com\/tr\/wp-json\/wp\/v2\/media?parent=374395"}],"wp:term":[{"taxonomy":"product_brand","embeddable":true,"href":"https:\/\/www.purejewels.com\/tr\/wp-json\/wp\/v2\/product_brand?post=374395"},{"taxonomy":"product_cat","embeddable":true,"href":"https:\/\/www.purejewels.com\/tr\/wp-json\/wp\/v2\/product_cat?post=374395"},{"taxonomy":"product_tag","embeddable":true,"href":"https:\/\/www.purejewels.com\/tr\/wp-json\/wp\/v2\/product_tag?post=374395"}],"curies":[{"name":"wp","href":"https:\/\/api.w.org\/{rel}","templated":true}]}}