{"id":374400,"date":"2025-11-01T12:33:42","date_gmt":"2025-11-01T12:33:42","guid":{"rendered":"https:\/\/www.purejewels.com\/?post_type=product&#038;p=374400"},"modified":"2026-02-26T04:26:47","modified_gmt":"2026-02-26T04:26:47","slug":"22-ayar-gundogumu-altin-rozet-halka-kupe-50661","status":"publish","type":"product","link":"https:\/\/www.purejewels.com\/tr\/product\/22ct-sunrise-gold-rosette-hoop-earring-50661\/","title":{"rendered":"22 Ayar G\u00fcndo\u011fumu Alt\u0131n Rozet Halka K\u00fcpe"},"content":{"rendered":"<p data-start=\"0\" data-end=\"426\"><strong data-start=\"0\" data-end=\"10\">Tasar\u0131m<\/strong><\/p>\n<p data-start=\"0\" data-end=\"426\">Bu Rozet halka k\u00fcpeler, her bir halkadan sarkan \u00fc\u00e7 kademeli narin zincir ile G\u00fcn Do\u011fumu Alt\u0131n\u0131n\u0131n \u0131\u015f\u0131lt\u0131l\u0131 halkalar\u0131 olarak tasarlanm\u0131\u015ft\u0131r. Her bir zincir, kutlamalar i\u00e7in tak\u0131lan \u00e7i\u00e7ek \u00e7elenklerini yans\u0131tan yontulmu\u015f rozet boncuklarla noktalanm\u0131\u015ft\u0131r. Zincirlerin hareketi, her ad\u0131mda \u0131\u015f\u0131\u011f\u0131 yakalayan yumu\u015fak bir sal\u0131n\u0131m kat\u0131yor. Rosette koleksiyonundan esinlenen bu \u00fcr\u00fcnler, hayat\u0131n d\u00f6n\u00fcm noktalar\u0131n\u0131 ve ne\u015feli bulu\u015fmalar\u0131 onurland\u0131r\u0131yor.<\/p>\n<p data-start=\"428\" data-end=\"869\"><strong data-start=\"428\" data-end=\"445\">Zanaatkarl\u0131k<\/strong><\/p>\n<p data-start=\"428\" data-end=\"869\">PureJewels'in imzas\u0131 olan 22 ayar Sunrise Alt\u0131n\u0131 ile el yap\u0131m\u0131 olarak \u00fcretilen \u00e7emberler, karma\u015f\u0131k rozet ba\u011flant\u0131lar\u0131n\u0131 \u00e7er\u00e7evelemek i\u00e7in p\u00fcr\u00fczs\u00fcz, y\u00fcksek bir cila ile \u015fekillendirilmi\u015ftir. Her bir minik \u00e7i\u00e7ek boncu\u011fu \u00f6zenle \u015fekillendirilmi\u015f ve cilde kar\u015f\u0131 rahatl\u0131k sa\u011flarken net detaylar\u0131 korumak i\u00e7in tamamlanm\u0131\u015ft\u0131r. K\u00fcpeler, g\u00fcnl\u00fck kullan\u0131m kolayl\u0131\u011f\u0131 i\u00e7in klasik tel kapama ile g\u00fcvenli bir \u015fekilde tak\u0131lm\u0131\u015ft\u0131r. Her bir \u00e7ift, sertifikal\u0131 safl\u0131k ve orijinallik i\u00e7in \u0130ngiltere'de damgalanm\u0131\u015ft\u0131r.<\/p>\n<p data-start=\"871\" data-end=\"1308\" data-is-last-node=\"\" data-is-only-node=\"\"><strong data-start=\"871\" data-end=\"892\">\u015eekillendirme &amp; Hediyele\u015fme<\/strong><\/p>\n<p data-start=\"871\" data-end=\"1308\" data-is-last-node=\"\" data-is-only-node=\"\">\u0130pek bir sari, lehenga veya \u00e7a\u011fda\u015f bir etkinlik k\u0131yafetini y\u00fckseltmek i\u00e7in bu Rosette halkalar\u0131 tak\u0131n ve basamakl\u0131 zincirlerin y\u00fcz\u00fcn\u00fcz\u00fc g\u00fczelce \u00e7er\u00e7evelemesine izin verin. Di\u011fer Rosette par\u00e7alar\u0131yla veya sade bir alt\u0131n zincirle zahmetsizce e\u015fle\u015ferek uyumlu bir bayram g\u00f6r\u00fcn\u00fcm\u00fc yarat\u0131r. D\u00fc\u011f\u00fcnler, y\u0131l d\u00f6n\u00fcmleri ve \u00f6zel aile kutlamalar\u0131 i\u00e7in ideal olan bu \u00fcr\u00fcnler, yeni bir sayfa a\u00e7mak veya birinin ba\u015far\u0131lar\u0131n\u0131 onurland\u0131rmak i\u00e7in de anlaml\u0131 bir hediye olabilir.<\/p>\n<p data-start=\"871\" data-end=\"1308\" data-is-last-node=\"\" data-is-only-node=\"\">Miras\u0131n ve zanaat\u0131n \u0131\u015f\u0131lt\u0131l\u0131 bir ifadesi olan 22 Ayar G\u00fcn Do\u011fumu Alt\u0131n Rozet Halka K\u00fcpemizle sezonu kutlay\u0131n. \u0130mzam\u0131z olan rozet motifinden ilham alan ve \u0131\u015f\u0131lt\u0131l\u0131 G\u00fcn Do\u011fumu Alt\u0131n\u0131yla tamamlanan bu bayram k\u00fcpeleri, her bayram kombinine s\u0131cakl\u0131k ve anlam katar. Hediye etmek veya bayram g\u00f6r\u00fcn\u00fcm\u00fcn\u00fcz\u00fc zarif bir zarafetle tamamlamak i\u00e7in m\u00fckemmeldir.<\/p>","protected":false},"excerpt":{"rendered":"<p>Bu Rozet halka k\u00fcpeler, 22 ayar Sunrise Alt\u0131ndan \u00fcretilmi\u015ftir ve narin \u00e7i\u00e7ek boncuklar\u0131ndan olu\u015fan \u00fc\u00e7 basamakl\u0131 zincir, her bir halkan\u0131n etraf\u0131nda \u00e7elenk benzeri bir \u00e7er\u00e7eve olu\u015fturur. Parlak daireler ve dokulu rozetler hareket ettik\u00e7e \u0131\u015f\u0131\u011f\u0131 g\u00fczel bir \u015fekilde yakalar ve her g\u00f6r\u00fcn\u00fcme nazik bir drama katar. D\u00fc\u011f\u00fcnler, festivaller ve \u00f6zel ak\u015famlar i\u00e7in m\u00fckemmel olan bu \u00fcr\u00fcnler, hem geleneksel hem de modern k\u0131yafetlere zarif bir kutlama hissi katar.<\/p>\n<p><strong>Malzeme:<\/strong> 22 Ayar G\u00fcndo\u011fumu Alt\u0131n<br \/>\n<strong>Safl\u0131k:<\/strong>\u00a091.6% saf<br \/>\n<strong>Hallmark:<\/strong>\u00a0\u0130ngiliz Damgas\u0131<strong><br \/>\n<\/strong><strong>Br\u00fct A\u011f\u0131rl\u0131k: <\/strong>6 Gms<br \/>\n<strong>SKU:<\/strong> 50661<\/p>\n<p><strong>Fiyat ve Teslimat<\/strong>: KDV ve teslimat \u00fccreti dahil<br \/>\n<a href=\"https:\/\/www.purejewels.com\/tr\/i%cc%87ade-poli%cc%87ti%cc%87kasi\/\">\u0130ade Politikas\u0131<\/a><\/p>","protected":false},"featured_media":375404,"comment_status":"closed","ping_status":"closed","template":"","meta":{"_eb_attr":"","_crsspst_to_jayantr4sg-hostcom":false},"product_brand":[],"product_cat":[1791,1559,236,1793,1254,1229,1579,6147,1656,5274,1573,5349],"product_tag":[66],"class_list":{"0":"post-374400","1":"product","2":"type-product","3":"status-publish","4":"has-post-thumbnail","6":"product_cat-anniversary-gifts","7":"product_cat-birthday-gifts","8":"product_cat-collections","9":"product_cat-diwali-gifts","10":"product_cat-gold-earrings","11":"product_cat-22ct-gold-jewellery","12":"product_cat-hoop-earrings","13":"product_cat-rosette-hoop","14":"product_cat-rosettes-collections","15":"product_cat-rosettes-earring","16":"product_cat-wedding-gifts","17":"product_cat-yellow-gold-jewellery","18":"product_tag-earrings","20":"first","21":"instock","22":"taxable","23":"shipping-taxable","24":"purchasable","25":"product-type-simple","26":"add-to-wishlist-before_image"},"yoast_head":"<!-- This site is optimized with the Yoast SEO plugin v27.5 - https:\/\/yoast.com\/product\/yoast-seo-wordpress\/ -->\n<title>22ct Sunrise Gold Rosette Hoop Earring | PureJewels UK<\/title>\n<meta name=\"description\" content=\"22ct Sunrise Gold Rosette Hoop Earrings at PureJewels UK. Featuring a unique design, these elegant hoops offer a perfect blend of sophistication.\" \/>\n<meta name=\"robots\" content=\"index, follow, max-snippet:-1, max-image-preview:large, max-video-preview:-1\" \/>\n<link rel=\"canonical\" href=\"https:\/\/www.purejewels.com\/tr\/urun\/22-ayar-gundogumu-altin-rozet-halka-kupe-50661\/\" \/>\n<meta property=\"og:locale\" content=\"tr_TR\" \/>\n<meta property=\"og:type\" content=\"article\" \/>\n<meta property=\"og:title\" content=\"22ct Sunrise Gold Rosette Hoop Earring | PureJewels UK\" \/>\n<meta property=\"og:description\" content=\"22ct Sunrise Gold Rosette Hoop Earrings at PureJewels UK. Featuring a unique design, these elegant hoops offer a perfect blend of sophistication.\" \/>\n<meta property=\"og:url\" content=\"https:\/\/www.purejewels.com\/tr\/urun\/22-ayar-gundogumu-altin-rozet-halka-kupe-50661\/\" \/>\n<meta property=\"og:site_name\" content=\"PureJewels UK\" \/>\n<meta property=\"article:modified_time\" content=\"2026-02-26T04:26:47+00:00\" \/>\n<meta property=\"og:image\" content=\"https:\/\/static.purejewels.com\/wp-content\/uploads\/2024\/10\/SKU-48232.png\" \/>\n\t<meta property=\"og:image:width\" content=\"1000\" \/>\n\t<meta property=\"og:image:height\" content=\"1000\" \/>\n\t<meta property=\"og:image:type\" content=\"image\/png\" \/>\n<meta name=\"twitter:card\" content=\"summary_large_image\" \/>\n<meta name=\"twitter:label1\" content=\"Tahmini okuma s\u00fcresi\" \/>\n\t<meta name=\"twitter:data1\" content=\"2 dakika\" \/>\n<script type=\"application\/ld+json\" class=\"yoast-schema-graph\">{\"@context\":\"https:\\\/\\\/schema.org\",\"@graph\":[{\"@type\":[\"WebPage\",\"ItemPage\"],\"@id\":\"https:\\\/\\\/www.purejewels.com\\\/product\\\/22ct-sunrise-gold-rosette-hoop-earring-50661\\\/\",\"url\":\"https:\\\/\\\/www.purejewels.com\\\/product\\\/22ct-sunrise-gold-rosette-hoop-earring-50661\\\/\",\"name\":\"22ct Sunrise Gold Rosette Hoop Earring | PureJewels UK\",\"isPartOf\":{\"@id\":\"https:\\\/\\\/www.purejewels.com\\\/#website\"},\"primaryImageOfPage\":{\"@id\":\"https:\\\/\\\/www.purejewels.com\\\/product\\\/22ct-sunrise-gold-rosette-hoop-earring-50661\\\/#primaryimage\"},\"image\":{\"@id\":\"https:\\\/\\\/www.purejewels.com\\\/product\\\/22ct-sunrise-gold-rosette-hoop-earring-50661\\\/#primaryimage\"},\"thumbnailUrl\":\"https:\\\/\\\/static.purejewels.com\\\/wp-content\\\/uploads\\\/2024\\\/10\\\/SKU-48232.png\",\"datePublished\":\"2025-11-01T12:33:42+00:00\",\"dateModified\":\"2026-02-26T04:26:47+00:00\",\"description\":\"22ct Sunrise Gold Rosette Hoop Earrings at PureJewels UK. Featuring a unique design, these elegant hoops offer a perfect blend of sophistication.\",\"breadcrumb\":{\"@id\":\"https:\\\/\\\/www.purejewels.com\\\/product\\\/22ct-sunrise-gold-rosette-hoop-earring-50661\\\/#breadcrumb\"},\"inLanguage\":\"tr\",\"potentialAction\":[{\"@type\":\"ReadAction\",\"target\":[\"https:\\\/\\\/www.purejewels.com\\\/product\\\/22ct-sunrise-gold-rosette-hoop-earring-50661\\\/\"]}]},{\"@type\":\"ImageObject\",\"inLanguage\":\"tr\",\"@id\":\"https:\\\/\\\/www.purejewels.com\\\/product\\\/22ct-sunrise-gold-rosette-hoop-earring-50661\\\/#primaryimage\",\"url\":\"https:\\\/\\\/static.purejewels.com\\\/wp-content\\\/uploads\\\/2024\\\/10\\\/SKU-48232.png\",\"contentUrl\":\"https:\\\/\\\/static.purejewels.com\\\/wp-content\\\/uploads\\\/2024\\\/10\\\/SKU-48232.png\",\"width\":1000,\"height\":1000,\"caption\":\"22ct Sunrise Gold Rosette Hoop Earring\"},{\"@type\":\"BreadcrumbList\",\"@id\":\"https:\\\/\\\/www.purejewels.com\\\/product\\\/22ct-sunrise-gold-rosette-hoop-earring-50661\\\/#breadcrumb\",\"itemListElement\":[{\"@type\":\"ListItem\",\"position\":1,\"name\":\"Home\",\"item\":\"https:\\\/\\\/www.purejewels.com\\\/\"},{\"@type\":\"ListItem\",\"position\":2,\"name\":\"Shop\",\"item\":\"https:\\\/\\\/www.purejewels.com\\\/shop\\\/\"},{\"@type\":\"ListItem\",\"position\":3,\"name\":\"22ct Sunrise Gold Rosette Hoop Earring\"}]},{\"@type\":\"WebSite\",\"@id\":\"https:\\\/\\\/www.purejewels.com\\\/#website\",\"url\":\"https:\\\/\\\/www.purejewels.com\\\/\",\"name\":\"PureJewels UK\",\"description\":\"Share the Love\",\"publisher\":{\"@id\":\"https:\\\/\\\/www.purejewels.com\\\/#organization\"},\"potentialAction\":[{\"@type\":\"SearchAction\",\"target\":{\"@type\":\"EntryPoint\",\"urlTemplate\":\"https:\\\/\\\/www.purejewels.com\\\/?s={search_term_string}\"},\"query-input\":{\"@type\":\"PropertyValueSpecification\",\"valueRequired\":true,\"valueName\":\"search_term_string\"}}],\"inLanguage\":\"tr\"},{\"@type\":\"Organization\",\"@id\":\"https:\\\/\\\/www.purejewels.com\\\/#organization\",\"name\":\"PureJewels UK\",\"url\":\"https:\\\/\\\/www.purejewels.com\\\/\",\"logo\":{\"@type\":\"ImageObject\",\"inLanguage\":\"tr\",\"@id\":\"https:\\\/\\\/www.purejewels.com\\\/#\\\/schema\\\/logo\\\/image\\\/\",\"url\":\"https:\\\/\\\/static.purejewels.com\\\/wp-content\\\/uploads\\\/2020\\\/11\\\/Logo-PJ-New-1.png\",\"contentUrl\":\"https:\\\/\\\/static.purejewels.com\\\/wp-content\\\/uploads\\\/2020\\\/11\\\/Logo-PJ-New-1.png\",\"width\":150,\"height\":80,\"caption\":\"PureJewels UK\"},\"image\":{\"@id\":\"https:\\\/\\\/www.purejewels.com\\\/#\\\/schema\\\/logo\\\/image\\\/\"}}]}<\/script>\n<!-- \/ Yoast SEO plugin. -->","yoast_head_json":{"title":"22 Ayar G\u00fcndo\u011fumu Alt\u0131n Rozet Halka K\u00fcpe | PureJewels UK","description":"PureJewels UK'de 22 ayar Sunrise Alt\u0131n Rozet Halka K\u00fcpe. Benzersiz bir tasar\u0131ma sahip olan bu zarif halka k\u00fcpeler, sofistike tasar\u0131m\u0131n m\u00fckemmel bir kar\u0131\u015f\u0131m\u0131n\u0131 sunuyor.","robots":{"index":"index","follow":"follow","max-snippet":"max-snippet:-1","max-image-preview":"max-image-preview:large","max-video-preview":"max-video-preview:-1"},"canonical":"https:\/\/www.purejewels.com\/tr\/urun\/22-ayar-gundogumu-altin-rozet-halka-kupe-50661\/","og_locale":"tr_TR","og_type":"article","og_title":"22ct Sunrise Gold Rosette Hoop Earring | PureJewels UK","og_description":"22ct Sunrise Gold Rosette Hoop Earrings at PureJewels UK. Featuring a unique design, these elegant hoops offer a perfect blend of sophistication.","og_url":"https:\/\/www.purejewels.com\/tr\/urun\/22-ayar-gundogumu-altin-rozet-halka-kupe-50661\/","og_site_name":"PureJewels UK","article_modified_time":"2026-02-26T04:26:47+00:00","og_image":[{"width":1000,"height":1000,"url":"https:\/\/static.purejewels.com\/wp-content\/uploads\/2024\/10\/SKU-48232.png","type":"image\/png"}],"twitter_card":"summary_large_image","twitter_misc":{"Tahmini okuma s\u00fcresi":"2 dakika"},"schema":{"@context":"https:\/\/schema.org","@graph":[{"@type":["WebPage","ItemPage"],"@id":"https:\/\/www.purejewels.com\/product\/22ct-sunrise-gold-rosette-hoop-earring-50661\/","url":"https:\/\/www.purejewels.com\/product\/22ct-sunrise-gold-rosette-hoop-earring-50661\/","name":"22 Ayar G\u00fcndo\u011fumu Alt\u0131n Rozet Halka K\u00fcpe | PureJewels UK","isPartOf":{"@id":"https:\/\/www.purejewels.com\/#website"},"primaryImageOfPage":{"@id":"https:\/\/www.purejewels.com\/product\/22ct-sunrise-gold-rosette-hoop-earring-50661\/#primaryimage"},"image":{"@id":"https:\/\/www.purejewels.com\/product\/22ct-sunrise-gold-rosette-hoop-earring-50661\/#primaryimage"},"thumbnailUrl":"https:\/\/static.purejewels.com\/wp-content\/uploads\/2024\/10\/SKU-48232.png","datePublished":"2025-11-01T12:33:42+00:00","dateModified":"2026-02-26T04:26:47+00:00","description":"PureJewels UK'de 22 ayar Sunrise Alt\u0131n Rozet Halka K\u00fcpe. Benzersiz bir tasar\u0131ma sahip olan bu zarif halka k\u00fcpeler, sofistike tasar\u0131m\u0131n m\u00fckemmel bir kar\u0131\u015f\u0131m\u0131n\u0131 sunuyor.","breadcrumb":{"@id":"https:\/\/www.purejewels.com\/product\/22ct-sunrise-gold-rosette-hoop-earring-50661\/#breadcrumb"},"inLanguage":"tr","potentialAction":[{"@type":"ReadAction","target":["https:\/\/www.purejewels.com\/product\/22ct-sunrise-gold-rosette-hoop-earring-50661\/"]}]},{"@type":"ImageObject","inLanguage":"tr","@id":"https:\/\/www.purejewels.com\/product\/22ct-sunrise-gold-rosette-hoop-earring-50661\/#primaryimage","url":"https:\/\/static.purejewels.com\/wp-content\/uploads\/2024\/10\/SKU-48232.png","contentUrl":"https:\/\/static.purejewels.com\/wp-content\/uploads\/2024\/10\/SKU-48232.png","width":1000,"height":1000,"caption":"22ct Sunrise Gold Rosette Hoop Earring"},{"@type":"BreadcrumbList","@id":"https:\/\/www.purejewels.com\/product\/22ct-sunrise-gold-rosette-hoop-earring-50661\/#breadcrumb","itemListElement":[{"@type":"ListItem","position":1,"name":"Home","item":"https:\/\/www.purejewels.com\/"},{"@type":"ListItem","position":2,"name":"Shop","item":"https:\/\/www.purejewels.com\/shop\/"},{"@type":"ListItem","position":3,"name":"22ct Sunrise Gold Rosette Hoop Earring"}]},{"@type":"WebSite","@id":"https:\/\/www.purejewels.com\/#website","url":"https:\/\/www.purejewels.com\/","name":"PureJewels \u0130ngiltere","description":"Sevgiyi Payla\u015f\u0131n","publisher":{"@id":"https:\/\/www.purejewels.com\/#organization"},"potentialAction":[{"@type":"SearchAction","target":{"@type":"EntryPoint","urlTemplate":"https:\/\/www.purejewels.com\/?s={search_term_string}"},"query-input":{"@type":"PropertyValueSpecification","valueRequired":true,"valueName":"search_term_string"}}],"inLanguage":"tr"},{"@type":"Organization","@id":"https:\/\/www.purejewels.com\/#organization","name":"PureJewels \u0130ngiltere","url":"https:\/\/www.purejewels.com\/","logo":{"@type":"ImageObject","inLanguage":"tr","@id":"https:\/\/www.purejewels.com\/#\/schema\/logo\/image\/","url":"https:\/\/static.purejewels.com\/wp-content\/uploads\/2020\/11\/Logo-PJ-New-1.png","contentUrl":"https:\/\/static.purejewels.com\/wp-content\/uploads\/2020\/11\/Logo-PJ-New-1.png","width":150,"height":80,"caption":"PureJewels UK"},"image":{"@id":"https:\/\/www.purejewels.com\/#\/schema\/logo\/image\/"}}]}},"_links":{"self":[{"href":"https:\/\/www.purejewels.com\/tr\/wp-json\/wp\/v2\/product\/374400","targetHints":{"allow":["GET"]}}],"collection":[{"href":"https:\/\/www.purejewels.com\/tr\/wp-json\/wp\/v2\/product"}],"about":[{"href":"https:\/\/www.purejewels.com\/tr\/wp-json\/wp\/v2\/types\/product"}],"replies":[{"embeddable":true,"href":"https:\/\/www.purejewels.com\/tr\/wp-json\/wp\/v2\/comments?post=374400"}],"version-history":[{"count":4,"href":"https:\/\/www.purejewels.com\/tr\/wp-json\/wp\/v2\/product\/374400\/revisions"}],"predecessor-version":[{"id":426326,"href":"https:\/\/www.purejewels.com\/tr\/wp-json\/wp\/v2\/product\/374400\/revisions\/426326"}],"wp:featuredmedia":[{"embeddable":true,"href":"https:\/\/www.purejewels.com\/tr\/wp-json\/wp\/v2\/media\/375404"}],"wp:attachment":[{"href":"https:\/\/www.purejewels.com\/tr\/wp-json\/wp\/v2\/media?parent=374400"}],"wp:term":[{"taxonomy":"product_brand","embeddable":true,"href":"https:\/\/www.purejewels.com\/tr\/wp-json\/wp\/v2\/product_brand?post=374400"},{"taxonomy":"product_cat","embeddable":true,"href":"https:\/\/www.purejewels.com\/tr\/wp-json\/wp\/v2\/product_cat?post=374400"},{"taxonomy":"product_tag","embeddable":true,"href":"https:\/\/www.purejewels.com\/tr\/wp-json\/wp\/v2\/product_tag?post=374400"}],"curies":[{"name":"wp","href":"https:\/\/api.w.org\/{rel}","templated":true}]}}