{"id":374629,"date":"2025-03-16T12:28:13","date_gmt":"2025-03-16T12:28:13","guid":{"rendered":"https:\/\/www.purejewels.com\/?post_type=product&#038;p=374629"},"modified":"2026-01-30T07:05:05","modified_gmt":"2026-01-30T07:05:05","slug":"22-ayar-altin-kupe-armari-koleksiyonu","status":"publish","type":"product","link":"https:\/\/www.purejewels.com\/tr\/product\/22ct-gold-earring-armari-collection\/","title":{"rendered":"22 Ayar Alt\u0131n K\u00fcpe | Armari Koleksiyonu"},"content":{"rendered":"<p>\u015e\u0131kl\u0131\u011f\u0131n\u0131z\u0131 bizim ile y\u00fckseltin <strong>22 Ayar Alt\u0131n Minakari K\u00fcpe<\/strong> \u00f6zel bir <strong>Armari Koleksiyonu<\/strong>. 11,5 gram a\u011f\u0131rl\u0131\u011f\u0131ndaki bu titizlikle el yap\u0131m\u0131 k\u00fcpeler, gelenek ve modernli\u011fin m\u00fckemmel bir kar\u0131\u015f\u0131m\u0131d\u0131r.<\/p>\n<p>Karma\u015f\u0131k <strong>Minakari (emaye) detayland\u0131rma<\/strong> yetenekli zanaatk\u00e2rlar\u0131n zamans\u0131z sanat\u0131n\u0131 yans\u0131tan canl\u0131 renkler ve hassas i\u015f\u00e7ilik sergiliyor. Hem \u00f6zel g\u00fcnler hem de g\u00fcnl\u00fck l\u00fcks i\u00e7in tasarlanan k\u00fcpeler, stilden \u00f6d\u00fcn vermeden rahatl\u0131k sa\u011flayan hafif ama etkileyici bir tasar\u0131ma sahiptir.<\/p>\n<p>Parlak 22 ayar alt\u0131n kaplamas\u0131 ve sofistike detaylar\u0131yla bu k\u00fcpeler bir m\u00fccevherden \u00e7ok daha fazlas\u0131d\u0131r; miras\u0131n, k\u00fclt\u00fcr\u00fcn ve bireyselli\u011fin bir kutlamas\u0131d\u0131r.<\/p>\n<p><strong>Temel \u00d6zellikler:<\/strong><\/p>\n<ul>\n<li>Malzeme: 22 ayar alt\u0131n<\/li>\n<li>A\u011f\u0131rl\u0131k: 11,5 gram<\/li>\n<li>Karma\u015f\u0131k Minakari emaye i\u015f\u00e7ili\u011fi<\/li>\n<li>Primin bir k\u0131sm\u0131 <strong>Armari Koleksiyonu<\/strong><\/li>\n<li>D\u00fc\u011f\u00fcnler, festivaller ve resmi etkinlikler i\u00e7in ideal<\/li>\n<\/ul>\n<p>Zamans\u0131z g\u00fczellik ve zanaatkar m\u00fckemmelli\u011fi ile yank\u0131lanan bir \u015fahesere sahip olun.<\/p>","protected":false},"excerpt":{"rendered":"<table class=\"sh_desc\">\n<tbody>\n<tr>\n<td>K\u00fcpe T\u00fcr\u00fc<\/td>\n<td>Mineli Damla K\u00fcpe<\/td>\n<\/tr>\n<tr>\n<td>SKU<\/td>\n<td>49613<\/td>\n<\/tr>\n<tr>\n<td>A\u011f\u0131rl\u0131k<\/td>\n<td>11.5 Gms<\/td>\n<\/tr>\n<tr>\n<td>Biti\u015f<\/td>\n<td>Antique_Matte<\/td>\n<\/tr>\n<tr>\n<td>Cinsiyet<\/td>\n<td>Bayanlar<\/td>\n<\/tr>\n<tr>\n<td>Koleksiyon<\/td>\n<td><strong>Armari Koleksiyonu<\/strong><\/td>\n<\/tr>\n<tr>\n<td>Metal<\/td>\n<td>22 Ayar Alt\u0131n<\/td>\n<\/tr>\n<tr>\n<td>\u00dccretler<\/td>\n<td>Teslimat ve KDV Dahil<\/td>\n<\/tr>\n<tr>\n<td>Paketleme<\/td>\n<td>Sunum Kutusu ile Birlikte Gelir<\/td>\n<\/tr>\n<tr>\n<td>Daha Fazla Bilgi<\/td>\n<td>\n<ul>\n<li>M\u00fcsaitlik durumu ve daha fazla resim i\u00e7in bizimle canl\u0131 sohbet edin<\/li>\n<li>Koleksiyonumuzu ke\u015ffedin\u00a0<strong>geli\u0307n ve d\u00fc\u011f\u00fcn k\u00fcpeleri\u0307<\/strong><\/li>\n<\/ul>\n<\/td>\n<\/tr>\n<\/tbody>\n<\/table>","protected":false},"featured_media":374635,"comment_status":"closed","ping_status":"closed","template":"","meta":{"_eb_attr":"","_crsspst_to_jayantr4sg-hostcom":false},"product_brand":[],"product_cat":[245,6144,5639,5315,236,1685,5701,1254,1229,1573,1574,5349],"product_tag":[],"class_list":{"0":"post-374629","1":"product","2":"type-product","3":"status-publish","4":"has-post-thumbnail","6":"product_cat-armari-collections","7":"product_cat-armari-drop-earrings","8":"product_cat-armari-earring","9":"product_cat-bridal-and-wedding-earrings","10":"product_cat-collections","11":"product_cat-drop-earrings","12":"product_cat-eid-jewellery","13":"product_cat-gold-earrings","14":"product_cat-22ct-gold-jewellery","15":"product_cat-wedding-gifts","16":"product_cat-womens-jewellery","17":"product_cat-yellow-gold-jewellery","19":"first","20":"instock","21":"taxable","22":"shipping-taxable","23":"purchasable","24":"product-type-simple","25":"add-to-wishlist-before_image"},"yoast_head":"<!-- This site is optimized with the Yoast SEO plugin v27.5 - https:\/\/yoast.com\/product\/yoast-seo-wordpress\/ -->\n<title>22ct Gold Minakari Earrings | Armari Collection by PureJewels<\/title>\n<meta name=\"description\" content=\"&quot;Explore the elegance of our 22ct Gold Minakari Earrings from the Armari Collection. Weighing 11.5 grams, these intricately handcrafted earrings feature exquisite enamel detailing, blending tradition with modern sophistication. Perfect for any occasion!&quot;\" \/>\n<meta name=\"robots\" content=\"index, follow, max-snippet:-1, max-image-preview:large, max-video-preview:-1\" \/>\n<link rel=\"canonical\" href=\"https:\/\/www.purejewels.com\/tr\/urun\/22-ayar-altin-kupe-armari-koleksiyonu\/\" \/>\n<meta property=\"og:locale\" content=\"tr_TR\" \/>\n<meta property=\"og:type\" content=\"article\" \/>\n<meta property=\"og:title\" content=\"22ct Gold Minakari Earrings | Armari Collection by PureJewels\" \/>\n<meta property=\"og:description\" content=\"&quot;Explore the elegance of our 22ct Gold Minakari Earrings from the Armari Collection. Weighing 11.5 grams, these intricately handcrafted earrings feature exquisite enamel detailing, blending tradition with modern sophistication. Perfect for any occasion!&quot;\" \/>\n<meta property=\"og:url\" content=\"https:\/\/www.purejewels.com\/tr\/urun\/22-ayar-altin-kupe-armari-koleksiyonu\/\" \/>\n<meta property=\"og:site_name\" content=\"PureJewels UK\" \/>\n<meta property=\"article:modified_time\" content=\"2026-01-30T07:05:05+00:00\" \/>\n<meta property=\"og:image\" content=\"https:\/\/static.purejewels.com\/wp-content\/uploads\/2024\/10\/SKU-49613.png\" \/>\n\t<meta property=\"og:image:width\" content=\"1000\" \/>\n\t<meta property=\"og:image:height\" content=\"1000\" \/>\n\t<meta property=\"og:image:type\" content=\"image\/png\" \/>\n<meta name=\"twitter:card\" content=\"summary_large_image\" \/>\n<meta name=\"twitter:label1\" content=\"Tahmini okuma s\u00fcresi\" \/>\n\t<meta name=\"twitter:data1\" content=\"1 dakika\" \/>\n<script type=\"application\/ld+json\" class=\"yoast-schema-graph\">{\"@context\":\"https:\\\/\\\/schema.org\",\"@graph\":[{\"@type\":[\"WebPage\",\"ItemPage\"],\"@id\":\"https:\\\/\\\/www.purejewels.com\\\/product\\\/22ct-gold-earring-armari-collection\\\/\",\"url\":\"https:\\\/\\\/www.purejewels.com\\\/product\\\/22ct-gold-earring-armari-collection\\\/\",\"name\":\"22ct Gold Minakari Earrings | Armari Collection by PureJewels\",\"isPartOf\":{\"@id\":\"https:\\\/\\\/www.purejewels.com\\\/#website\"},\"primaryImageOfPage\":{\"@id\":\"https:\\\/\\\/www.purejewels.com\\\/product\\\/22ct-gold-earring-armari-collection\\\/#primaryimage\"},\"image\":{\"@id\":\"https:\\\/\\\/www.purejewels.com\\\/product\\\/22ct-gold-earring-armari-collection\\\/#primaryimage\"},\"thumbnailUrl\":\"https:\\\/\\\/static.purejewels.com\\\/wp-content\\\/uploads\\\/2024\\\/10\\\/SKU-49613.png\",\"datePublished\":\"2025-03-16T12:28:13+00:00\",\"dateModified\":\"2026-01-30T07:05:05+00:00\",\"description\":\"\\\"Explore the elegance of our 22ct Gold Minakari Earrings from the Armari Collection. Weighing 11.5 grams, these intricately handcrafted earrings feature exquisite enamel detailing, blending tradition with modern sophistication. Perfect for any occasion!\\\"\",\"breadcrumb\":{\"@id\":\"https:\\\/\\\/www.purejewels.com\\\/product\\\/22ct-gold-earring-armari-collection\\\/#breadcrumb\"},\"inLanguage\":\"tr\",\"potentialAction\":[{\"@type\":\"ReadAction\",\"target\":[\"https:\\\/\\\/www.purejewels.com\\\/product\\\/22ct-gold-earring-armari-collection\\\/\"]}]},{\"@type\":\"ImageObject\",\"inLanguage\":\"tr\",\"@id\":\"https:\\\/\\\/www.purejewels.com\\\/product\\\/22ct-gold-earring-armari-collection\\\/#primaryimage\",\"url\":\"https:\\\/\\\/static.purejewels.com\\\/wp-content\\\/uploads\\\/2024\\\/10\\\/SKU-49613.png\",\"contentUrl\":\"https:\\\/\\\/static.purejewels.com\\\/wp-content\\\/uploads\\\/2024\\\/10\\\/SKU-49613.png\",\"width\":1000,\"height\":1000,\"caption\":\"22ct Gold Earring\"},{\"@type\":\"BreadcrumbList\",\"@id\":\"https:\\\/\\\/www.purejewels.com\\\/product\\\/22ct-gold-earring-armari-collection\\\/#breadcrumb\",\"itemListElement\":[{\"@type\":\"ListItem\",\"position\":1,\"name\":\"Home\",\"item\":\"https:\\\/\\\/www.purejewels.com\\\/\"},{\"@type\":\"ListItem\",\"position\":2,\"name\":\"Shop\",\"item\":\"https:\\\/\\\/www.purejewels.com\\\/shop\\\/\"},{\"@type\":\"ListItem\",\"position\":3,\"name\":\"22ct Gold Earring | Armari Collection\"}]},{\"@type\":\"WebSite\",\"@id\":\"https:\\\/\\\/www.purejewels.com\\\/#website\",\"url\":\"https:\\\/\\\/www.purejewels.com\\\/\",\"name\":\"PureJewels UK\",\"description\":\"Share the Love\",\"publisher\":{\"@id\":\"https:\\\/\\\/www.purejewels.com\\\/#organization\"},\"potentialAction\":[{\"@type\":\"SearchAction\",\"target\":{\"@type\":\"EntryPoint\",\"urlTemplate\":\"https:\\\/\\\/www.purejewels.com\\\/?s={search_term_string}\"},\"query-input\":{\"@type\":\"PropertyValueSpecification\",\"valueRequired\":true,\"valueName\":\"search_term_string\"}}],\"inLanguage\":\"tr\"},{\"@type\":\"Organization\",\"@id\":\"https:\\\/\\\/www.purejewels.com\\\/#organization\",\"name\":\"PureJewels UK\",\"url\":\"https:\\\/\\\/www.purejewels.com\\\/\",\"logo\":{\"@type\":\"ImageObject\",\"inLanguage\":\"tr\",\"@id\":\"https:\\\/\\\/www.purejewels.com\\\/#\\\/schema\\\/logo\\\/image\\\/\",\"url\":\"https:\\\/\\\/static.purejewels.com\\\/wp-content\\\/uploads\\\/2020\\\/11\\\/Logo-PJ-New-1.png\",\"contentUrl\":\"https:\\\/\\\/static.purejewels.com\\\/wp-content\\\/uploads\\\/2020\\\/11\\\/Logo-PJ-New-1.png\",\"width\":150,\"height\":80,\"caption\":\"PureJewels UK\"},\"image\":{\"@id\":\"https:\\\/\\\/www.purejewels.com\\\/#\\\/schema\\\/logo\\\/image\\\/\"}}]}<\/script>\n<!-- \/ Yoast SEO plugin. -->","yoast_head_json":{"title":"22 Ayar Alt\u0131n Minakari K\u00fcpe | PureJewels Armari Koleksiyonu","description":"\"Armari Koleksiyonu'ndan 22 Ayar Alt\\u0131n Minakari K\\u00fcpelerimizin zarafetini ke\\u015ffedin. 11,5 gram a\\u011f\\u0131rl\\u0131\\u011f\\u0131ndaki bu karma\\u015f\\u0131k el yap\\u0131m\\u0131 k\\u00fcpeler, gelene\\u011fi modern incelikle harmanlayan zarif mine detaylara sahiptir. Her durum i\\u00e7in m\\u00fckemmel!\"","robots":{"index":"index","follow":"follow","max-snippet":"max-snippet:-1","max-image-preview":"max-image-preview:large","max-video-preview":"max-video-preview:-1"},"canonical":"https:\/\/www.purejewels.com\/tr\/urun\/22-ayar-altin-kupe-armari-koleksiyonu\/","og_locale":"tr_TR","og_type":"article","og_title":"22ct Gold Minakari Earrings | Armari Collection by PureJewels","og_description":"\"Explore the elegance of our 22ct Gold Minakari Earrings from the Armari Collection. Weighing 11.5 grams, these intricately handcrafted earrings feature exquisite enamel detailing, blending tradition with modern sophistication. Perfect for any occasion!\"","og_url":"https:\/\/www.purejewels.com\/tr\/urun\/22-ayar-altin-kupe-armari-koleksiyonu\/","og_site_name":"PureJewels UK","article_modified_time":"2026-01-30T07:05:05+00:00","og_image":[{"width":1000,"height":1000,"url":"https:\/\/static.purejewels.com\/wp-content\/uploads\/2024\/10\/SKU-49613.png","type":"image\/png"}],"twitter_card":"summary_large_image","twitter_misc":{"Tahmini okuma s\u00fcresi":"1 dakika"},"schema":{"@context":"https:\/\/schema.org","@graph":[{"@type":["WebPage","ItemPage"],"@id":"https:\/\/www.purejewels.com\/product\/22ct-gold-earring-armari-collection\/","url":"https:\/\/www.purejewels.com\/product\/22ct-gold-earring-armari-collection\/","name":"22 Ayar Alt\u0131n Minakari K\u00fcpe | PureJewels Armari Koleksiyonu","isPartOf":{"@id":"https:\/\/www.purejewels.com\/#website"},"primaryImageOfPage":{"@id":"https:\/\/www.purejewels.com\/product\/22ct-gold-earring-armari-collection\/#primaryimage"},"image":{"@id":"https:\/\/www.purejewels.com\/product\/22ct-gold-earring-armari-collection\/#primaryimage"},"thumbnailUrl":"https:\/\/static.purejewels.com\/wp-content\/uploads\/2024\/10\/SKU-49613.png","datePublished":"2025-03-16T12:28:13+00:00","dateModified":"2026-01-30T07:05:05+00:00","description":"\"Armari Koleksiyonu'ndan 22 Ayar Alt\\u0131n Minakari K\\u00fcpelerimizin zarafetini ke\\u015ffedin. 11,5 gram a\\u011f\\u0131rl\\u0131\\u011f\\u0131ndaki bu karma\\u015f\\u0131k el yap\\u0131m\\u0131 k\\u00fcpeler, gelene\\u011fi modern incelikle harmanlayan zarif mine detaylara sahiptir. Her durum i\\u00e7in m\\u00fckemmel!\"","breadcrumb":{"@id":"https:\/\/www.purejewels.com\/product\/22ct-gold-earring-armari-collection\/#breadcrumb"},"inLanguage":"tr","potentialAction":[{"@type":"ReadAction","target":["https:\/\/www.purejewels.com\/product\/22ct-gold-earring-armari-collection\/"]}]},{"@type":"ImageObject","inLanguage":"tr","@id":"https:\/\/www.purejewels.com\/product\/22ct-gold-earring-armari-collection\/#primaryimage","url":"https:\/\/static.purejewels.com\/wp-content\/uploads\/2024\/10\/SKU-49613.png","contentUrl":"https:\/\/static.purejewels.com\/wp-content\/uploads\/2024\/10\/SKU-49613.png","width":1000,"height":1000,"caption":"22ct Gold Earring"},{"@type":"BreadcrumbList","@id":"https:\/\/www.purejewels.com\/product\/22ct-gold-earring-armari-collection\/#breadcrumb","itemListElement":[{"@type":"ListItem","position":1,"name":"Home","item":"https:\/\/www.purejewels.com\/"},{"@type":"ListItem","position":2,"name":"Shop","item":"https:\/\/www.purejewels.com\/shop\/"},{"@type":"ListItem","position":3,"name":"22ct Gold Earring | Armari Collection"}]},{"@type":"WebSite","@id":"https:\/\/www.purejewels.com\/#website","url":"https:\/\/www.purejewels.com\/","name":"PureJewels \u0130ngiltere","description":"Sevgiyi Payla\u015f\u0131n","publisher":{"@id":"https:\/\/www.purejewels.com\/#organization"},"potentialAction":[{"@type":"SearchAction","target":{"@type":"EntryPoint","urlTemplate":"https:\/\/www.purejewels.com\/?s={search_term_string}"},"query-input":{"@type":"PropertyValueSpecification","valueRequired":true,"valueName":"search_term_string"}}],"inLanguage":"tr"},{"@type":"Organization","@id":"https:\/\/www.purejewels.com\/#organization","name":"PureJewels \u0130ngiltere","url":"https:\/\/www.purejewels.com\/","logo":{"@type":"ImageObject","inLanguage":"tr","@id":"https:\/\/www.purejewels.com\/#\/schema\/logo\/image\/","url":"https:\/\/static.purejewels.com\/wp-content\/uploads\/2020\/11\/Logo-PJ-New-1.png","contentUrl":"https:\/\/static.purejewels.com\/wp-content\/uploads\/2020\/11\/Logo-PJ-New-1.png","width":150,"height":80,"caption":"PureJewels UK"},"image":{"@id":"https:\/\/www.purejewels.com\/#\/schema\/logo\/image\/"}}]}},"_links":{"self":[{"href":"https:\/\/www.purejewels.com\/tr\/wp-json\/wp\/v2\/product\/374629","targetHints":{"allow":["GET"]}}],"collection":[{"href":"https:\/\/www.purejewels.com\/tr\/wp-json\/wp\/v2\/product"}],"about":[{"href":"https:\/\/www.purejewels.com\/tr\/wp-json\/wp\/v2\/types\/product"}],"replies":[{"embeddable":true,"href":"https:\/\/www.purejewels.com\/tr\/wp-json\/wp\/v2\/comments?post=374629"}],"version-history":[{"count":4,"href":"https:\/\/www.purejewels.com\/tr\/wp-json\/wp\/v2\/product\/374629\/revisions"}],"predecessor-version":[{"id":397722,"href":"https:\/\/www.purejewels.com\/tr\/wp-json\/wp\/v2\/product\/374629\/revisions\/397722"}],"wp:featuredmedia":[{"embeddable":true,"href":"https:\/\/www.purejewels.com\/tr\/wp-json\/wp\/v2\/media\/374635"}],"wp:attachment":[{"href":"https:\/\/www.purejewels.com\/tr\/wp-json\/wp\/v2\/media?parent=374629"}],"wp:term":[{"taxonomy":"product_brand","embeddable":true,"href":"https:\/\/www.purejewels.com\/tr\/wp-json\/wp\/v2\/product_brand?post=374629"},{"taxonomy":"product_cat","embeddable":true,"href":"https:\/\/www.purejewels.com\/tr\/wp-json\/wp\/v2\/product_cat?post=374629"},{"taxonomy":"product_tag","embeddable":true,"href":"https:\/\/www.purejewels.com\/tr\/wp-json\/wp\/v2\/product_tag?post=374629"}],"curies":[{"name":"wp","href":"https:\/\/api.w.org\/{rel}","templated":true}]}}