{"id":374725,"date":"2024-10-25T05:33:13","date_gmt":"2024-10-25T04:33:13","guid":{"rendered":"https:\/\/www.purejewels.com\/?post_type=product&#038;p=374725"},"modified":"2026-02-02T09:05:47","modified_gmt":"2026-02-02T09:05:47","slug":"bes-katli-22-ayar-gundogumu-altin-rozet-kolye-49155","status":"publish","type":"product","link":"https:\/\/www.purejewels.com\/tr\/product\/22ct-sunrise-gold-rosette-necklace-with-five-layers-49155\/","title":{"rendered":"Be\u015f Katl\u0131 22 Ayar Sunrise Alt\u0131n Rozet Kolye"},"content":{"rendered":"<p data-sourcepos=\"5:1-5:297\">Bu zarif tasar\u0131mla tarz\u0131n\u0131z\u0131 y\u00fckseltin <a href=\"https:\/\/www.purejewels.com\/tr\/product\/22ct-gold-jali-filigree-ring-jali-collection-31926\/\">22ct<\/a> Sunrise Alt\u0131n Rozet Kolye. Detaylara titizlikle \u00f6zen g\u00f6sterilerek haz\u0131rlanan bu kolyede, her biri zamans\u0131z bir cazibe yayan be\u015f kat narin \u00e7i\u00e7ek motifi yer al\u0131yor. Karma\u015f\u0131k tasar\u0131m ve s\u0131cak, parlak alt\u0131n, ger\u00e7ekten b\u00fcy\u00fcleyici bir par\u00e7a yarat\u0131yor.<\/p>\n<p data-sourcepos=\"7:1-7:17\"><strong>Temel \u00d6zellikler:<\/strong><\/p>\n<ul data-sourcepos=\"9:1-13:0\">\n<li data-sourcepos=\"9:1-9:83\"><strong>22 ayar G\u00fcndo\u011fumu Alt\u0131n:<\/strong> \u00dcst\u00fcn kalite, dayan\u0131kl\u0131l\u0131k ve \u0131\u015f\u0131lt\u0131l\u0131 bir parlakl\u0131k sa\u011flar.<\/li>\n<li data-sourcepos=\"10:1-10:102\"><strong>\u00c7i\u00e7ek Motifli Be\u015f Katman:<\/strong> Kolyeye derinlik ve boyut katarak onu bir odak noktas\u0131 haline getirir.<\/li>\n<li data-sourcepos=\"12:1-13:0\"><strong>Zarif Tasar\u0131m:<\/strong> Hem g\u00fcndelik hem de resmi durumlar i\u00e7in m\u00fckemmeldir.<\/li>\n<\/ul>\n<p data-sourcepos=\"14:1-14:14\"><strong>\u015eunun i\u00e7in ideal:<\/strong><\/p>\n<ul data-sourcepos=\"16:1-19:0\">\n<li data-sourcepos=\"16:1-16:84\"><strong>\u00d6zel G\u00fcnler:<\/strong> D\u00fc\u011f\u00fcnler, y\u0131ld\u00f6n\u00fcmleri, do\u011fum g\u00fcnleri ve di\u011fer kutlamalar.<\/li>\n<li data-sourcepos=\"17:1-17:67\"><strong>G\u00fcnl\u00fck Giyim:<\/strong> G\u00fcnl\u00fck gard\u0131robunuza l\u00fcks bir dokunu\u015f katar.<\/li>\n<li data-sourcepos=\"18:1-19:0\"><strong>Hediye vermek:<\/strong> Sevdikleriniz i\u00e7in d\u00fc\u015f\u00fcnceli ve zamans\u0131z bir hediye.<\/li>\n<\/ul>\n<p data-sourcepos=\"20:1-20:100\"><strong>22ct Sunrise Alt\u0131n Rozet Kolye'nin g\u00fczelli\u011fini ve zarafetini ya\u015fay\u0131n. Siz de bug\u00fcn sipari\u015f verin!<\/strong><\/p>","protected":false},"excerpt":{"rendered":"<p>Rosette koleksiyonumuzdan bu \u00e7arp\u0131c\u0131 \u015felale kolye, 22 ayar g\u00fcndo\u011fumu alt\u0131n\u0131ndan kal\u0131p damgalama y\u00f6ntemiyle titizlikle el i\u015f\u00e7ili\u011fiyle \u00fcretilmi\u015ftir ve zamans\u0131z zarafeti karma\u015f\u0131k vintage i\u015f\u00e7ilikle harmanlamaktad\u0131r.<\/p>\n<p><strong>Malzeme:<\/strong> 22 Ayar G\u00fcndo\u011fumu Alt\u0131n<br \/>\n<strong>Safl\u0131k:<\/strong> 91.6% saf alt\u0131n<br \/>\n<strong>Hallmark:<\/strong> \u0130ngiliz Damgas\u0131<br \/>\n<strong>SKU:<\/strong> 49155<br \/>\n<strong>A\u011f\u0131rl\u0131k:<\/strong> 16.1 Gms<br \/>\n<strong>Uzunluk:<\/strong> 14 \u0130n\u00e7<\/p>\n<p><strong>Fiyat ve Teslimat:<\/strong>\u00a0KDV ve teslimat \u00fccretleri dahil<br \/>\n<a href=\"https:\/\/www.purejewels.com\/tr\/i%cc%87ade-poli%cc%87ti%cc%87kasi\/\"><strong>\u0130ade Politikas\u0131<\/strong><\/a><\/p>","protected":false},"featured_media":374726,"comment_status":"closed","ping_status":"closed","template":"","meta":{"_eb_attr":"","_crsspst_to_jayantr4sg-hostcom":false},"product_brand":[],"product_cat":[1791,1790,1229,1253,1656,5275,1778,1573,1574,5349],"product_tag":[],"class_list":{"0":"post-374725","1":"product","2":"type-product","3":"status-publish","4":"has-post-thumbnail","6":"product_cat-anniversary-gifts","7":"product_cat-for-whom-when","8":"product_cat-22ct-gold-jewellery","9":"product_cat-gold-necklaces","10":"product_cat-rosettes-collections","11":"product_cat-rosettes-necklace","12":"product_cat-short-necklaces","13":"product_cat-wedding-gifts","14":"product_cat-womens-jewellery","15":"product_cat-yellow-gold-jewellery","17":"first","18":"onbackorder","19":"taxable","20":"shipping-taxable","21":"purchasable","22":"product-type-simple","23":"add-to-wishlist-before_image"},"yoast_head":"<!-- This site is optimized with the Yoast SEO plugin v27.5 - https:\/\/yoast.com\/product\/yoast-seo-wordpress\/ -->\n<title>22ct Sunrise Gold Rosette Necklace with Five Layers | PureJewels<\/title>\n<meta name=\"description\" content=\"Discover the exquisite 22ct Sunrise Gold Rosette Necklace, featuring five layers of delicate flower motifs, crafted with meticulous detail in Purejewels UK.\" \/>\n<meta name=\"robots\" content=\"index, follow, max-snippet:-1, max-image-preview:large, max-video-preview:-1\" \/>\n<link rel=\"canonical\" href=\"https:\/\/www.purejewels.com\/tr\/urun\/bes-katli-22-ayar-gundogumu-altin-rozet-kolye-49155\/\" \/>\n<meta property=\"og:locale\" content=\"tr_TR\" \/>\n<meta property=\"og:type\" content=\"article\" \/>\n<meta property=\"og:title\" content=\"22ct Sunrise Gold Rosette Necklace with Five Layers | PureJewels\" \/>\n<meta property=\"og:description\" content=\"Discover the exquisite 22ct Sunrise Gold Rosette Necklace, featuring five layers of delicate flower motifs, crafted with meticulous detail in Purejewels UK.\" \/>\n<meta property=\"og:url\" content=\"https:\/\/www.purejewels.com\/tr\/urun\/bes-katli-22-ayar-gundogumu-altin-rozet-kolye-49155\/\" \/>\n<meta property=\"og:site_name\" content=\"PureJewels UK\" \/>\n<meta property=\"article:modified_time\" content=\"2026-02-02T09:05:47+00:00\" \/>\n<meta property=\"og:image\" content=\"https:\/\/static.purejewels.com\/wp-content\/uploads\/2024\/10\/49155-1.jpg\" \/>\n\t<meta property=\"og:image:width\" content=\"1000\" \/>\n\t<meta property=\"og:image:height\" content=\"1000\" \/>\n\t<meta property=\"og:image:type\" content=\"image\/jpeg\" \/>\n<meta name=\"twitter:card\" content=\"summary_large_image\" \/>\n<meta name=\"twitter:label1\" content=\"Tahmini okuma s\u00fcresi\" \/>\n\t<meta name=\"twitter:data1\" content=\"1 dakika\" \/>\n<script type=\"application\/ld+json\" class=\"yoast-schema-graph\">{\"@context\":\"https:\\\/\\\/schema.org\",\"@graph\":[{\"@type\":[\"WebPage\",\"ItemPage\"],\"@id\":\"https:\\\/\\\/www.purejewels.com\\\/product\\\/22ct-sunrise-gold-rosette-necklace-with-five-layers-49155\\\/\",\"url\":\"https:\\\/\\\/www.purejewels.com\\\/product\\\/22ct-sunrise-gold-rosette-necklace-with-five-layers-49155\\\/\",\"name\":\"22ct Sunrise Gold Rosette Necklace with Five Layers | PureJewels\",\"isPartOf\":{\"@id\":\"https:\\\/\\\/www.purejewels.com\\\/#website\"},\"primaryImageOfPage\":{\"@id\":\"https:\\\/\\\/www.purejewels.com\\\/product\\\/22ct-sunrise-gold-rosette-necklace-with-five-layers-49155\\\/#primaryimage\"},\"image\":{\"@id\":\"https:\\\/\\\/www.purejewels.com\\\/product\\\/22ct-sunrise-gold-rosette-necklace-with-five-layers-49155\\\/#primaryimage\"},\"thumbnailUrl\":\"https:\\\/\\\/static.purejewels.com\\\/wp-content\\\/uploads\\\/2024\\\/10\\\/49155-1.jpg\",\"datePublished\":\"2024-10-25T04:33:13+00:00\",\"dateModified\":\"2026-02-02T09:05:47+00:00\",\"description\":\"Discover the exquisite 22ct Sunrise Gold Rosette Necklace, featuring five layers of delicate flower motifs, crafted with meticulous detail in Purejewels UK.\",\"breadcrumb\":{\"@id\":\"https:\\\/\\\/www.purejewels.com\\\/product\\\/22ct-sunrise-gold-rosette-necklace-with-five-layers-49155\\\/#breadcrumb\"},\"inLanguage\":\"tr\",\"potentialAction\":[{\"@type\":\"ReadAction\",\"target\":[\"https:\\\/\\\/www.purejewels.com\\\/product\\\/22ct-sunrise-gold-rosette-necklace-with-five-layers-49155\\\/\"]}]},{\"@type\":\"ImageObject\",\"inLanguage\":\"tr\",\"@id\":\"https:\\\/\\\/www.purejewels.com\\\/product\\\/22ct-sunrise-gold-rosette-necklace-with-five-layers-49155\\\/#primaryimage\",\"url\":\"https:\\\/\\\/static.purejewels.com\\\/wp-content\\\/uploads\\\/2024\\\/10\\\/49155-1.jpg\",\"contentUrl\":\"https:\\\/\\\/static.purejewels.com\\\/wp-content\\\/uploads\\\/2024\\\/10\\\/49155-1.jpg\",\"width\":1000,\"height\":1000,\"caption\":\"22ct Gold Necklace\"},{\"@type\":\"BreadcrumbList\",\"@id\":\"https:\\\/\\\/www.purejewels.com\\\/product\\\/22ct-sunrise-gold-rosette-necklace-with-five-layers-49155\\\/#breadcrumb\",\"itemListElement\":[{\"@type\":\"ListItem\",\"position\":1,\"name\":\"Home\",\"item\":\"https:\\\/\\\/www.purejewels.com\\\/\"},{\"@type\":\"ListItem\",\"position\":2,\"name\":\"Shop\",\"item\":\"https:\\\/\\\/www.purejewels.com\\\/shop\\\/\"},{\"@type\":\"ListItem\",\"position\":3,\"name\":\"22ct Sunrise Gold Rosette Necklace with Five Layers\"}]},{\"@type\":\"WebSite\",\"@id\":\"https:\\\/\\\/www.purejewels.com\\\/#website\",\"url\":\"https:\\\/\\\/www.purejewels.com\\\/\",\"name\":\"PureJewels UK\",\"description\":\"Share the Love\",\"publisher\":{\"@id\":\"https:\\\/\\\/www.purejewels.com\\\/#organization\"},\"potentialAction\":[{\"@type\":\"SearchAction\",\"target\":{\"@type\":\"EntryPoint\",\"urlTemplate\":\"https:\\\/\\\/www.purejewels.com\\\/?s={search_term_string}\"},\"query-input\":{\"@type\":\"PropertyValueSpecification\",\"valueRequired\":true,\"valueName\":\"search_term_string\"}}],\"inLanguage\":\"tr\"},{\"@type\":\"Organization\",\"@id\":\"https:\\\/\\\/www.purejewels.com\\\/#organization\",\"name\":\"PureJewels UK\",\"url\":\"https:\\\/\\\/www.purejewels.com\\\/\",\"logo\":{\"@type\":\"ImageObject\",\"inLanguage\":\"tr\",\"@id\":\"https:\\\/\\\/www.purejewels.com\\\/#\\\/schema\\\/logo\\\/image\\\/\",\"url\":\"https:\\\/\\\/static.purejewels.com\\\/wp-content\\\/uploads\\\/2020\\\/11\\\/Logo-PJ-New-1.png\",\"contentUrl\":\"https:\\\/\\\/static.purejewels.com\\\/wp-content\\\/uploads\\\/2020\\\/11\\\/Logo-PJ-New-1.png\",\"width\":150,\"height\":80,\"caption\":\"PureJewels UK\"},\"image\":{\"@id\":\"https:\\\/\\\/www.purejewels.com\\\/#\\\/schema\\\/logo\\\/image\\\/\"}}]}<\/script>\n<!-- \/ Yoast SEO plugin. -->","yoast_head_json":{"title":"Be\u015f Katl\u0131 22 Ayar G\u00fcndo\u011fumu Alt\u0131n Rozet Kolye | PureJewels","description":"Purejewels UK'de titiz detaylarla haz\u0131rlanm\u0131\u015f, be\u015f kat narin \u00e7i\u00e7ek motifleri i\u00e7eren zarif 22 ayar Sunrise Alt\u0131n Rozet Kolyeyi ke\u015ffedin.","robots":{"index":"index","follow":"follow","max-snippet":"max-snippet:-1","max-image-preview":"max-image-preview:large","max-video-preview":"max-video-preview:-1"},"canonical":"https:\/\/www.purejewels.com\/tr\/urun\/bes-katli-22-ayar-gundogumu-altin-rozet-kolye-49155\/","og_locale":"tr_TR","og_type":"article","og_title":"22ct Sunrise Gold Rosette Necklace with Five Layers | PureJewels","og_description":"Discover the exquisite 22ct Sunrise Gold Rosette Necklace, featuring five layers of delicate flower motifs, crafted with meticulous detail in Purejewels UK.","og_url":"https:\/\/www.purejewels.com\/tr\/urun\/bes-katli-22-ayar-gundogumu-altin-rozet-kolye-49155\/","og_site_name":"PureJewels UK","article_modified_time":"2026-02-02T09:05:47+00:00","og_image":[{"width":1000,"height":1000,"url":"https:\/\/static.purejewels.com\/wp-content\/uploads\/2024\/10\/49155-1.jpg","type":"image\/jpeg"}],"twitter_card":"summary_large_image","twitter_misc":{"Tahmini okuma s\u00fcresi":"1 dakika"},"schema":{"@context":"https:\/\/schema.org","@graph":[{"@type":["WebPage","ItemPage"],"@id":"https:\/\/www.purejewels.com\/product\/22ct-sunrise-gold-rosette-necklace-with-five-layers-49155\/","url":"https:\/\/www.purejewels.com\/product\/22ct-sunrise-gold-rosette-necklace-with-five-layers-49155\/","name":"Be\u015f Katl\u0131 22 Ayar G\u00fcndo\u011fumu Alt\u0131n Rozet Kolye | PureJewels","isPartOf":{"@id":"https:\/\/www.purejewels.com\/#website"},"primaryImageOfPage":{"@id":"https:\/\/www.purejewels.com\/product\/22ct-sunrise-gold-rosette-necklace-with-five-layers-49155\/#primaryimage"},"image":{"@id":"https:\/\/www.purejewels.com\/product\/22ct-sunrise-gold-rosette-necklace-with-five-layers-49155\/#primaryimage"},"thumbnailUrl":"https:\/\/static.purejewels.com\/wp-content\/uploads\/2024\/10\/49155-1.jpg","datePublished":"2024-10-25T04:33:13+00:00","dateModified":"2026-02-02T09:05:47+00:00","description":"Purejewels UK'de titiz detaylarla haz\u0131rlanm\u0131\u015f, be\u015f kat narin \u00e7i\u00e7ek motifleri i\u00e7eren zarif 22 ayar Sunrise Alt\u0131n Rozet Kolyeyi ke\u015ffedin.","breadcrumb":{"@id":"https:\/\/www.purejewels.com\/product\/22ct-sunrise-gold-rosette-necklace-with-five-layers-49155\/#breadcrumb"},"inLanguage":"tr","potentialAction":[{"@type":"ReadAction","target":["https:\/\/www.purejewels.com\/product\/22ct-sunrise-gold-rosette-necklace-with-five-layers-49155\/"]}]},{"@type":"ImageObject","inLanguage":"tr","@id":"https:\/\/www.purejewels.com\/product\/22ct-sunrise-gold-rosette-necklace-with-five-layers-49155\/#primaryimage","url":"https:\/\/static.purejewels.com\/wp-content\/uploads\/2024\/10\/49155-1.jpg","contentUrl":"https:\/\/static.purejewels.com\/wp-content\/uploads\/2024\/10\/49155-1.jpg","width":1000,"height":1000,"caption":"22ct Gold Necklace"},{"@type":"BreadcrumbList","@id":"https:\/\/www.purejewels.com\/product\/22ct-sunrise-gold-rosette-necklace-with-five-layers-49155\/#breadcrumb","itemListElement":[{"@type":"ListItem","position":1,"name":"Home","item":"https:\/\/www.purejewels.com\/"},{"@type":"ListItem","position":2,"name":"Shop","item":"https:\/\/www.purejewels.com\/shop\/"},{"@type":"ListItem","position":3,"name":"22ct Sunrise Gold Rosette Necklace with Five Layers"}]},{"@type":"WebSite","@id":"https:\/\/www.purejewels.com\/#website","url":"https:\/\/www.purejewels.com\/","name":"PureJewels \u0130ngiltere","description":"Sevgiyi Payla\u015f\u0131n","publisher":{"@id":"https:\/\/www.purejewels.com\/#organization"},"potentialAction":[{"@type":"SearchAction","target":{"@type":"EntryPoint","urlTemplate":"https:\/\/www.purejewels.com\/?s={search_term_string}"},"query-input":{"@type":"PropertyValueSpecification","valueRequired":true,"valueName":"search_term_string"}}],"inLanguage":"tr"},{"@type":"Organization","@id":"https:\/\/www.purejewels.com\/#organization","name":"PureJewels \u0130ngiltere","url":"https:\/\/www.purejewels.com\/","logo":{"@type":"ImageObject","inLanguage":"tr","@id":"https:\/\/www.purejewels.com\/#\/schema\/logo\/image\/","url":"https:\/\/static.purejewels.com\/wp-content\/uploads\/2020\/11\/Logo-PJ-New-1.png","contentUrl":"https:\/\/static.purejewels.com\/wp-content\/uploads\/2020\/11\/Logo-PJ-New-1.png","width":150,"height":80,"caption":"PureJewels UK"},"image":{"@id":"https:\/\/www.purejewels.com\/#\/schema\/logo\/image\/"}}]}},"_links":{"self":[{"href":"https:\/\/www.purejewels.com\/tr\/wp-json\/wp\/v2\/product\/374725","targetHints":{"allow":["GET"]}}],"collection":[{"href":"https:\/\/www.purejewels.com\/tr\/wp-json\/wp\/v2\/product"}],"about":[{"href":"https:\/\/www.purejewels.com\/tr\/wp-json\/wp\/v2\/types\/product"}],"replies":[{"embeddable":true,"href":"https:\/\/www.purejewels.com\/tr\/wp-json\/wp\/v2\/comments?post=374725"}],"version-history":[{"count":5,"href":"https:\/\/www.purejewels.com\/tr\/wp-json\/wp\/v2\/product\/374725\/revisions"}],"predecessor-version":[{"id":397847,"href":"https:\/\/www.purejewels.com\/tr\/wp-json\/wp\/v2\/product\/374725\/revisions\/397847"}],"wp:featuredmedia":[{"embeddable":true,"href":"https:\/\/www.purejewels.com\/tr\/wp-json\/wp\/v2\/media\/374726"}],"wp:attachment":[{"href":"https:\/\/www.purejewels.com\/tr\/wp-json\/wp\/v2\/media?parent=374725"}],"wp:term":[{"taxonomy":"product_brand","embeddable":true,"href":"https:\/\/www.purejewels.com\/tr\/wp-json\/wp\/v2\/product_brand?post=374725"},{"taxonomy":"product_cat","embeddable":true,"href":"https:\/\/www.purejewels.com\/tr\/wp-json\/wp\/v2\/product_cat?post=374725"},{"taxonomy":"product_tag","embeddable":true,"href":"https:\/\/www.purejewels.com\/tr\/wp-json\/wp\/v2\/product_tag?post=374725"}],"curies":[{"name":"wp","href":"https:\/\/api.w.org\/{rel}","templated":true}]}}