{"id":374738,"date":"2025-03-11T07:26:35","date_gmt":"2025-03-11T07:26:35","guid":{"rendered":"https:\/\/www.purejewels.com\/?post_type=product&#038;p=374738"},"modified":"2026-02-10T08:43:19","modified_gmt":"2026-02-10T08:43:19","slug":"22-ayar-altin-kolye-49702","status":"publish","type":"product","link":"https:\/\/www.purejewels.com\/tr\/product\/22ct-gold-necklace-49702\/","title":{"rendered":"22 Ayar Alt\u0131n Kolye | Armari Kolye"},"content":{"rendered":"<p>G\u00fc\u00e7le liderlik edenler i\u00e7in tasarlanan Armari Koleksiyonumuzun bir par\u00e7as\u0131 olan bu cesur ama zarif kolye, her biri 22 ayar alt\u0131nla titizlikle kabart\u0131lm\u0131\u015f bir dizi k\u00fc\u00e7\u00fck kalkan benzeri \u00f6\u011feye sahiptir. Antik z\u0131rhlardan ilham alan her motif, koruma, ama\u00e7 ve korkusuz ifadeyi temsil etmek \u00fczere i\u015flenmi\u015ftir. Gerdanl\u0131\u011f\u0131n yumu\u015fak k\u0131vr\u0131m\u0131 k\u00f6pr\u00fcc\u00fck kemi\u011fine zarif bir \u015fekilde otururken, dokulu kolyeler ritim ve sembolik zenginlik kat\u0131yor. G\u00fc\u00e7 vermek i\u00e7in tasarlanan bu par\u00e7a, g\u00fczellik ve cesaretin birbirine ait oldu\u011funu her g\u00fcn hat\u0131rlat\u0131yor.<\/p>\n<p>\u0130pek bir saree, yap\u0131l\u0131 bir bluz ve hatta minimalist bir gece elbisesiyle takabilece\u011finiz bu kolye, bayram toplant\u0131lar\u0131ndan resmi davetlere zahmetsizce ge\u00e7i\u015f yaparak her g\u00f6r\u00fcn\u00fcme anlam ve sessiz bir g\u00fc\u00e7 katar.<\/p>","protected":false},"excerpt":{"rendered":"<p>\u0130\u00e7sel g\u00fcc\u00fcn sembol\u00fc olan Armari Koleksiyonu'ndan bu 22 ayar alt\u0131n kolye, cesaret ve dayan\u0131kl\u0131l\u0131\u011f\u0131 yans\u0131tmak i\u00e7in her biri alt\u0131nla d\u00f6v\u00fclm\u00fc\u015f ve kabart\u0131lm\u0131\u015f minyat\u00fcr kalkan motiflerine sahiptir.<\/p>\n<p><strong>Malzeme:<\/strong>\u00a022 Ayar Alt\u0131n<strong><br \/>\nHallmark:\u00a0<\/strong>\u0130ngiliz Damgas\u0131<strong><br \/>\n<\/strong><strong>Br\u00fct A\u011f\u0131rl\u0131k: <\/strong>15.90 Gms<br \/>\n<b>Bitir:\u00a0<\/b>Antique_Matte<br \/>\n<strong>Uzunluk:<\/strong> 17 in\u00e7<br \/>\n<strong>SKU:<\/strong> 51353<\/p>\n<p><strong>Fiyat ve Teslimat<\/strong>: KDV ve teslimat \u00fccreti dahil<br \/>\n<a href=\"https:\/\/www.purejewels.com\/tr\/i%cc%87ade-poli%cc%87ti%cc%87kasi\/\">\u0130ade Politikas\u0131<\/a><\/p>","protected":false},"featured_media":409405,"comment_status":"closed","ping_status":"closed","template":"","meta":{"_eb_attr":"","_crsspst_to_jayantr4sg-hostcom":false},"product_brand":[],"product_cat":[1780,245,5643,1804,1625,236,1229,1253,1778,1573,1574,5349],"product_tag":[],"class_list":{"0":"post-374738","1":"product","2":"type-product","3":"status-publish","4":"has-post-thumbnail","6":"product_cat-antique-style-necklaces","7":"product_cat-armari-collections","8":"product_cat-armari-necklace","9":"product_cat-jewellery-sets","10":"product_cat-bridal-set","11":"product_cat-collections","12":"product_cat-22ct-gold-jewellery","13":"product_cat-gold-necklaces","14":"product_cat-short-necklaces","15":"product_cat-wedding-gifts","16":"product_cat-womens-jewellery","17":"product_cat-yellow-gold-jewellery","19":"first","20":"onbackorder","21":"taxable","22":"shipping-taxable","23":"purchasable","24":"product-type-simple","25":"add-to-wishlist-before_image"},"yoast_head":"<!-- This site is optimized with the Yoast SEO plugin v27.5 - https:\/\/yoast.com\/product\/yoast-seo-wordpress\/ -->\n<title>Shop From PureJewels | 22ct Gold Necklace | Armari Necklace<\/title>\n<meta name=\"description\" content=\"Discover the exquisite 22ct Gold Necklace from the Armari Collection at PureJewels. Shop now and experience the beauty of PureJewels.\" \/>\n<meta name=\"robots\" content=\"index, follow, max-snippet:-1, max-image-preview:large, max-video-preview:-1\" \/>\n<link rel=\"canonical\" href=\"https:\/\/www.purejewels.com\/tr\/urun\/22-ayar-altin-kolye-49702\/\" \/>\n<meta property=\"og:locale\" content=\"tr_TR\" \/>\n<meta property=\"og:type\" content=\"article\" \/>\n<meta property=\"og:title\" content=\"Shop From PureJewels | 22ct Gold Necklace | Armari Necklace\" \/>\n<meta property=\"og:description\" content=\"Discover the exquisite 22ct Gold Necklace from the Armari Collection at PureJewels. Shop now and experience the beauty of PureJewels.\" \/>\n<meta property=\"og:url\" content=\"https:\/\/www.purejewels.com\/tr\/urun\/22-ayar-altin-kolye-49702\/\" \/>\n<meta property=\"og:site_name\" content=\"PureJewels UK\" \/>\n<meta property=\"article:modified_time\" content=\"2026-02-10T08:43:19+00:00\" \/>\n<meta property=\"og:image\" content=\"https:\/\/static.purejewels.com\/wp-content\/uploads\/2025\/03\/SKU-51353.jpg\" \/>\n\t<meta property=\"og:image:width\" content=\"1000\" \/>\n\t<meta property=\"og:image:height\" content=\"1000\" \/>\n\t<meta property=\"og:image:type\" content=\"image\/jpeg\" \/>\n<meta name=\"twitter:card\" content=\"summary_large_image\" \/>\n<meta name=\"twitter:label1\" content=\"Tahmini okuma s\u00fcresi\" \/>\n\t<meta name=\"twitter:data1\" content=\"1 dakika\" \/>\n<script type=\"application\/ld+json\" class=\"yoast-schema-graph\">{\"@context\":\"https:\\\/\\\/schema.org\",\"@graph\":[{\"@type\":[\"WebPage\",\"ItemPage\"],\"@id\":\"https:\\\/\\\/www.purejewels.com\\\/product\\\/22ct-gold-necklace-49702\\\/\",\"url\":\"https:\\\/\\\/www.purejewels.com\\\/product\\\/22ct-gold-necklace-49702\\\/\",\"name\":\"Shop From PureJewels | 22ct Gold Necklace | Armari Necklace\",\"isPartOf\":{\"@id\":\"https:\\\/\\\/www.purejewels.com\\\/#website\"},\"primaryImageOfPage\":{\"@id\":\"https:\\\/\\\/www.purejewels.com\\\/product\\\/22ct-gold-necklace-49702\\\/#primaryimage\"},\"image\":{\"@id\":\"https:\\\/\\\/www.purejewels.com\\\/product\\\/22ct-gold-necklace-49702\\\/#primaryimage\"},\"thumbnailUrl\":\"https:\\\/\\\/static.purejewels.com\\\/wp-content\\\/uploads\\\/2025\\\/03\\\/SKU-51353.jpg\",\"datePublished\":\"2025-03-11T07:26:35+00:00\",\"dateModified\":\"2026-02-10T08:43:19+00:00\",\"description\":\"Discover the exquisite 22ct Gold Necklace from the Armari Collection at PureJewels. Shop now and experience the beauty of PureJewels.\",\"breadcrumb\":{\"@id\":\"https:\\\/\\\/www.purejewels.com\\\/product\\\/22ct-gold-necklace-49702\\\/#breadcrumb\"},\"inLanguage\":\"tr\",\"potentialAction\":[{\"@type\":\"ReadAction\",\"target\":[\"https:\\\/\\\/www.purejewels.com\\\/product\\\/22ct-gold-necklace-49702\\\/\"]}]},{\"@type\":\"ImageObject\",\"inLanguage\":\"tr\",\"@id\":\"https:\\\/\\\/www.purejewels.com\\\/product\\\/22ct-gold-necklace-49702\\\/#primaryimage\",\"url\":\"https:\\\/\\\/static.purejewels.com\\\/wp-content\\\/uploads\\\/2025\\\/03\\\/SKU-51353.jpg\",\"contentUrl\":\"https:\\\/\\\/static.purejewels.com\\\/wp-content\\\/uploads\\\/2025\\\/03\\\/SKU-51353.jpg\",\"width\":1000,\"height\":1000,\"caption\":\"Stacked from 5 images. Method=B (R=8,S=4)\"},{\"@type\":\"BreadcrumbList\",\"@id\":\"https:\\\/\\\/www.purejewels.com\\\/product\\\/22ct-gold-necklace-49702\\\/#breadcrumb\",\"itemListElement\":[{\"@type\":\"ListItem\",\"position\":1,\"name\":\"Home\",\"item\":\"https:\\\/\\\/www.purejewels.com\\\/\"},{\"@type\":\"ListItem\",\"position\":2,\"name\":\"Shop\",\"item\":\"https:\\\/\\\/www.purejewels.com\\\/shop\\\/\"},{\"@type\":\"ListItem\",\"position\":3,\"name\":\"22ct Gold Necklace | Armari Necklace\"}]},{\"@type\":\"WebSite\",\"@id\":\"https:\\\/\\\/www.purejewels.com\\\/#website\",\"url\":\"https:\\\/\\\/www.purejewels.com\\\/\",\"name\":\"PureJewels UK\",\"description\":\"Share the Love\",\"publisher\":{\"@id\":\"https:\\\/\\\/www.purejewels.com\\\/#organization\"},\"potentialAction\":[{\"@type\":\"SearchAction\",\"target\":{\"@type\":\"EntryPoint\",\"urlTemplate\":\"https:\\\/\\\/www.purejewels.com\\\/?s={search_term_string}\"},\"query-input\":{\"@type\":\"PropertyValueSpecification\",\"valueRequired\":true,\"valueName\":\"search_term_string\"}}],\"inLanguage\":\"tr\"},{\"@type\":\"Organization\",\"@id\":\"https:\\\/\\\/www.purejewels.com\\\/#organization\",\"name\":\"PureJewels UK\",\"url\":\"https:\\\/\\\/www.purejewels.com\\\/\",\"logo\":{\"@type\":\"ImageObject\",\"inLanguage\":\"tr\",\"@id\":\"https:\\\/\\\/www.purejewels.com\\\/#\\\/schema\\\/logo\\\/image\\\/\",\"url\":\"https:\\\/\\\/static.purejewels.com\\\/wp-content\\\/uploads\\\/2020\\\/11\\\/Logo-PJ-New-1.png\",\"contentUrl\":\"https:\\\/\\\/static.purejewels.com\\\/wp-content\\\/uploads\\\/2020\\\/11\\\/Logo-PJ-New-1.png\",\"width\":150,\"height\":80,\"caption\":\"PureJewels UK\"},\"image\":{\"@id\":\"https:\\\/\\\/www.purejewels.com\\\/#\\\/schema\\\/logo\\\/image\\\/\"}}]}<\/script>\n<!-- \/ Yoast SEO plugin. -->","yoast_head_json":{"title":"PureJewels'ten Al\u0131\u015fveri\u015f Yap\u0131n | 22 Ayar Alt\u0131n Kolye | Armari Kolye","description":"PureJewels'te Armari Koleksiyonu'ndan enfes 22 ayar alt\u0131n kolyeyi ke\u015ffedin. \u015eimdi al\u0131\u015fveri\u015f yap\u0131n ve PureJewels'in g\u00fczelli\u011fini deneyimleyin.","robots":{"index":"index","follow":"follow","max-snippet":"max-snippet:-1","max-image-preview":"max-image-preview:large","max-video-preview":"max-video-preview:-1"},"canonical":"https:\/\/www.purejewels.com\/tr\/urun\/22-ayar-altin-kolye-49702\/","og_locale":"tr_TR","og_type":"article","og_title":"Shop From PureJewels | 22ct Gold Necklace | Armari Necklace","og_description":"Discover the exquisite 22ct Gold Necklace from the Armari Collection at PureJewels. Shop now and experience the beauty of PureJewels.","og_url":"https:\/\/www.purejewels.com\/tr\/urun\/22-ayar-altin-kolye-49702\/","og_site_name":"PureJewels UK","article_modified_time":"2026-02-10T08:43:19+00:00","og_image":[{"width":1000,"height":1000,"url":"https:\/\/static.purejewels.com\/wp-content\/uploads\/2025\/03\/SKU-51353.jpg","type":"image\/jpeg"}],"twitter_card":"summary_large_image","twitter_misc":{"Tahmini okuma s\u00fcresi":"1 dakika"},"schema":{"@context":"https:\/\/schema.org","@graph":[{"@type":["WebPage","ItemPage"],"@id":"https:\/\/www.purejewels.com\/product\/22ct-gold-necklace-49702\/","url":"https:\/\/www.purejewels.com\/product\/22ct-gold-necklace-49702\/","name":"PureJewels'ten Al\u0131\u015fveri\u015f Yap\u0131n | 22 Ayar Alt\u0131n Kolye | Armari Kolye","isPartOf":{"@id":"https:\/\/www.purejewels.com\/#website"},"primaryImageOfPage":{"@id":"https:\/\/www.purejewels.com\/product\/22ct-gold-necklace-49702\/#primaryimage"},"image":{"@id":"https:\/\/www.purejewels.com\/product\/22ct-gold-necklace-49702\/#primaryimage"},"thumbnailUrl":"https:\/\/static.purejewels.com\/wp-content\/uploads\/2025\/03\/SKU-51353.jpg","datePublished":"2025-03-11T07:26:35+00:00","dateModified":"2026-02-10T08:43:19+00:00","description":"PureJewels'te Armari Koleksiyonu'ndan enfes 22 ayar alt\u0131n kolyeyi ke\u015ffedin. \u015eimdi al\u0131\u015fveri\u015f yap\u0131n ve PureJewels'in g\u00fczelli\u011fini deneyimleyin.","breadcrumb":{"@id":"https:\/\/www.purejewels.com\/product\/22ct-gold-necklace-49702\/#breadcrumb"},"inLanguage":"tr","potentialAction":[{"@type":"ReadAction","target":["https:\/\/www.purejewels.com\/product\/22ct-gold-necklace-49702\/"]}]},{"@type":"ImageObject","inLanguage":"tr","@id":"https:\/\/www.purejewels.com\/product\/22ct-gold-necklace-49702\/#primaryimage","url":"https:\/\/static.purejewels.com\/wp-content\/uploads\/2025\/03\/SKU-51353.jpg","contentUrl":"https:\/\/static.purejewels.com\/wp-content\/uploads\/2025\/03\/SKU-51353.jpg","width":1000,"height":1000,"caption":"Stacked from 5 images. Method=B (R=8,S=4)"},{"@type":"BreadcrumbList","@id":"https:\/\/www.purejewels.com\/product\/22ct-gold-necklace-49702\/#breadcrumb","itemListElement":[{"@type":"ListItem","position":1,"name":"Home","item":"https:\/\/www.purejewels.com\/"},{"@type":"ListItem","position":2,"name":"Shop","item":"https:\/\/www.purejewels.com\/shop\/"},{"@type":"ListItem","position":3,"name":"22ct Gold Necklace | Armari Necklace"}]},{"@type":"WebSite","@id":"https:\/\/www.purejewels.com\/#website","url":"https:\/\/www.purejewels.com\/","name":"PureJewels \u0130ngiltere","description":"Sevgiyi Payla\u015f\u0131n","publisher":{"@id":"https:\/\/www.purejewels.com\/#organization"},"potentialAction":[{"@type":"SearchAction","target":{"@type":"EntryPoint","urlTemplate":"https:\/\/www.purejewels.com\/?s={search_term_string}"},"query-input":{"@type":"PropertyValueSpecification","valueRequired":true,"valueName":"search_term_string"}}],"inLanguage":"tr"},{"@type":"Organization","@id":"https:\/\/www.purejewels.com\/#organization","name":"PureJewels \u0130ngiltere","url":"https:\/\/www.purejewels.com\/","logo":{"@type":"ImageObject","inLanguage":"tr","@id":"https:\/\/www.purejewels.com\/#\/schema\/logo\/image\/","url":"https:\/\/static.purejewels.com\/wp-content\/uploads\/2020\/11\/Logo-PJ-New-1.png","contentUrl":"https:\/\/static.purejewels.com\/wp-content\/uploads\/2020\/11\/Logo-PJ-New-1.png","width":150,"height":80,"caption":"PureJewels UK"},"image":{"@id":"https:\/\/www.purejewels.com\/#\/schema\/logo\/image\/"}}]}},"_links":{"self":[{"href":"https:\/\/www.purejewels.com\/tr\/wp-json\/wp\/v2\/product\/374738","targetHints":{"allow":["GET"]}}],"collection":[{"href":"https:\/\/www.purejewels.com\/tr\/wp-json\/wp\/v2\/product"}],"about":[{"href":"https:\/\/www.purejewels.com\/tr\/wp-json\/wp\/v2\/types\/product"}],"replies":[{"embeddable":true,"href":"https:\/\/www.purejewels.com\/tr\/wp-json\/wp\/v2\/comments?post=374738"}],"version-history":[{"count":4,"href":"https:\/\/www.purejewels.com\/tr\/wp-json\/wp\/v2\/product\/374738\/revisions"}],"predecessor-version":[{"id":406039,"href":"https:\/\/www.purejewels.com\/tr\/wp-json\/wp\/v2\/product\/374738\/revisions\/406039"}],"wp:featuredmedia":[{"embeddable":true,"href":"https:\/\/www.purejewels.com\/tr\/wp-json\/wp\/v2\/media\/409405"}],"wp:attachment":[{"href":"https:\/\/www.purejewels.com\/tr\/wp-json\/wp\/v2\/media?parent=374738"}],"wp:term":[{"taxonomy":"product_brand","embeddable":true,"href":"https:\/\/www.purejewels.com\/tr\/wp-json\/wp\/v2\/product_brand?post=374738"},{"taxonomy":"product_cat","embeddable":true,"href":"https:\/\/www.purejewels.com\/tr\/wp-json\/wp\/v2\/product_cat?post=374738"},{"taxonomy":"product_tag","embeddable":true,"href":"https:\/\/www.purejewels.com\/tr\/wp-json\/wp\/v2\/product_tag?post=374738"}],"curies":[{"name":"wp","href":"https:\/\/api.w.org\/{rel}","templated":true}]}}