{"id":374743,"date":"2024-10-25T09:13:10","date_gmt":"2024-10-25T08:13:10","guid":{"rendered":"https:\/\/www.purejewels.com\/?post_type=product&#038;p=374743"},"modified":"2026-01-30T09:42:07","modified_gmt":"2026-01-30T09:42:07","slug":"22-ayar-altin-bilezik-52979","status":"publish","type":"product","link":"https:\/\/www.purejewels.com\/tr\/product\/22ct-gold-bracelet-52979\/","title":{"rendered":"22 Ayar Alt\u0131n Bileklik | Armari Koleksiyonu"},"content":{"rendered":"<h3 data-start=\"530\" data-end=\"554\"><strong data-start=\"534\" data-end=\"552\">Tasar\u0131m Konsepti<\/strong><\/h3>\n<p data-start=\"555\" data-end=\"921\">Bu 22 Ayar Alt\u0131n Armari Bileklik, tarihi el i\u015f\u00e7ili\u011finin karma\u015f\u0131k g\u00fczelli\u011fini hayata ge\u00e7iriyor. Her biri ince detaylarla bezenmi\u015f s\u00fcsl\u00fc alt\u0131n boncuklardan olu\u015fan ritmik bir desene sahip olan bileklik denge, kad\u0131ns\u0131l\u0131k ve ak\u0131\u015fkanl\u0131\u011f\u0131 yans\u0131t\u0131yor. Bi\u00e7imi, zamans\u0131z tasar\u0131m\u0131n ki\u015fisel hikaye anlat\u0131m\u0131yla bulu\u015ftu\u011fu PureJewels'in Armari Koleksiyonunun estetik dilini yans\u0131t\u0131yor.<\/p>\n<h3 data-start=\"928\" data-end=\"951\"><strong data-start=\"932\" data-end=\"949\">Zanaatkarl\u0131k<\/strong><\/h3>\n<p data-start=\"952\" data-end=\"1379\">8,1 gram a\u011f\u0131rl\u0131\u011f\u0131nda ve y\u00fcksek safl\u0131kta 22 ayar alt\u0131ndan el i\u015f\u00e7ili\u011fiyle \u00fcretilen bu bilezik, hassasiyet ve \u00f6zenle tasarlanm\u0131\u015ft\u0131r. Ayarlanabilir 6,5 in\u00e7 uzunluk ve 3 ek ba\u011flant\u0131 \u00e7o\u011fu bilek i\u00e7in m\u00fckemmel uyum sa\u011flarken, g\u00fcvenli S-klips kapatma hem i\u015flev hem de incelik katar. Her bir boncuk ayr\u0131 ayr\u0131 parlat\u0131lm\u0131\u015f ve nesiller boyunca aktar\u0131lan geleneksel teknikler onurland\u0131r\u0131larak zanaatkar dokuma ba\u011flant\u0131larla ba\u011flanm\u0131\u015ft\u0131r.<\/p>\n<h3 data-start=\"1386\" data-end=\"1409\"><strong data-start=\"1390\" data-end=\"1407\">Stil Fikirleri<\/strong><\/h3>\n<ul>\n<li data-start=\"1412\" data-end=\"1470\">Bile\u011finize hafif bir \u0131\u015f\u0131lt\u0131 vermek i\u00e7in tek ba\u015f\u0131na kullan\u0131n.<\/li>\n<li data-start=\"1473\" data-end=\"1551\">Uyumlu bir g\u00f6r\u00fcn\u00fcm i\u00e7in uyumlu boncuklu k\u00fcpeler veya bilekliklerle e\u015fle\u015ftirin.<\/li>\n<li data-start=\"1554\" data-end=\"1697\">Hem g\u00fcnl\u00fck giyim hem de kutlama kombinleri i\u00e7in zarif bir tamamlay\u0131c\u0131 olan bu bileklik, di\u011fer alt\u0131n bilekliklerle g\u00fczel bir uyum sa\u011flar.<\/li>\n<\/ul>","protected":false},"excerpt":{"rendered":"<p>22 ayar alt\u0131ndan incelikle i\u015flenmi\u015f bu Armari Collection bileklik, ince detaylarla birbirine ba\u011flanm\u0131\u015f karma\u015f\u0131k boncuklu motifler dizisine sahiptir. Uzunlu\u011fu ayarlanabilir, hem rahatl\u0131k hem de \u00e7ekicilik sunar. G\u00fcnl\u00fck \u015f\u0131kl\u0131ktan bayramlara zahmetsizce ge\u00e7i\u015f yapan zarif bir par\u00e7a.<\/p>\n<p><strong>Malzeme:<\/strong> 22 Ayar Sar\u0131 Alt\u0131n (91,6% Saf Alt\u0131n)<br \/>\n<strong>Bitir:<\/strong> Antik Kaplama<br \/>\n<strong>Hallmark:<\/strong>\u00a0\u0130ngiliz Damgas\u0131<br \/>\n<strong>Br\u00fct A\u011f\u0131rl\u0131k:<\/strong> 8.10 gms<br \/>\n<strong>Uzunluk:<\/strong> 6,5 in\u00e7<br \/>\n<strong>Boncuk Geni\u015fli\u011fi:<\/strong> 5 mm<br \/>\n<strong>SKU:<\/strong> 52979<\/p>\n<p><strong>Fiyat ve Teslimat<\/strong>: KDV ve teslimat \u00fccreti dahil<br \/>\nTalep \u00fczerine uluslararas\u0131 nakliye mevcuttur<br \/>\n<a href=\"https:\/\/www.purejewels.com\/tr\/i%cc%87ade-poli%cc%87ti%cc%87kasi\/\">\u0130ade Politikas\u0131<\/a><\/p>","protected":false},"featured_media":408512,"comment_status":"closed","ping_status":"closed","template":"","meta":{"_eb_attr":"","_crsspst_to_jayantr4sg-hostcom":false},"product_brand":[],"product_cat":[1791,5641,245,5441,1559,236,1793,1324,1229,1573,1574],"product_tag":[5634],"class_list":{"0":"post-374743","1":"product","2":"type-product","3":"status-publish","4":"has-post-thumbnail","6":"product_cat-anniversary-gifts","7":"product_cat-armari-bracelet","8":"product_cat-armari-collections","9":"product_cat-gold-bead-bracelets","10":"product_cat-birthday-gifts","11":"product_cat-collections","12":"product_cat-diwali-gifts","13":"product_cat-gold-bracelet","14":"product_cat-22ct-gold-jewellery","15":"product_cat-wedding-gifts","16":"product_cat-womens-jewellery","17":"product_tag-22ct-gold-bracelet-for-ladies","19":"first","20":"instock","21":"taxable","22":"shipping-taxable","23":"purchasable","24":"product-type-simple","25":"add-to-wishlist-before_image"},"yoast_head":"<!-- This site is optimized with the Yoast SEO plugin v27.5 - https:\/\/yoast.com\/product\/yoast-seo-wordpress\/ -->\n<title>22ct Gold Bracelet | 6.5-Inch Premium Gold Jewellery<\/title>\n<meta name=\"description\" content=\"Discover elegance with our 22ct Gold Bracelet. This 6.5-inch premium gold jewellery piece combines timeless style and luxury for every occasion.\" \/>\n<meta name=\"robots\" content=\"index, follow, max-snippet:-1, max-image-preview:large, max-video-preview:-1\" \/>\n<link rel=\"canonical\" href=\"https:\/\/www.purejewels.com\/tr\/urun\/22-ayar-altin-bilezik-52979\/\" \/>\n<meta property=\"og:locale\" content=\"tr_TR\" \/>\n<meta property=\"og:type\" content=\"article\" \/>\n<meta property=\"og:title\" content=\"22ct Gold Bracelet | 6.5-Inch Premium Gold Jewellery\" \/>\n<meta property=\"og:description\" content=\"Discover elegance with our 22ct Gold Bracelet. This 6.5-inch premium gold jewellery piece combines timeless style and luxury for every occasion.\" \/>\n<meta property=\"og:url\" content=\"https:\/\/www.purejewels.com\/tr\/urun\/22-ayar-altin-bilezik-52979\/\" \/>\n<meta property=\"og:site_name\" content=\"PureJewels UK\" \/>\n<meta property=\"article:modified_time\" content=\"2026-01-30T09:42:07+00:00\" \/>\n<meta property=\"og:image\" content=\"https:\/\/static.purejewels.com\/wp-content\/uploads\/2025\/08\/SKU-52263.jpg\" \/>\n\t<meta property=\"og:image:width\" content=\"1000\" \/>\n\t<meta property=\"og:image:height\" content=\"1000\" \/>\n\t<meta property=\"og:image:type\" content=\"image\/jpeg\" \/>\n<meta name=\"twitter:card\" content=\"summary_large_image\" \/>\n<meta name=\"twitter:label1\" content=\"Tahmini okuma s\u00fcresi\" \/>\n\t<meta name=\"twitter:data1\" content=\"1 dakika\" \/>\n<script type=\"application\/ld+json\" class=\"yoast-schema-graph\">{\"@context\":\"https:\\\/\\\/schema.org\",\"@graph\":[{\"@type\":[\"WebPage\",\"ItemPage\"],\"@id\":\"https:\\\/\\\/www.purejewels.com\\\/product\\\/22ct-gold-bracelet-52979\\\/\",\"url\":\"https:\\\/\\\/www.purejewels.com\\\/product\\\/22ct-gold-bracelet-52979\\\/\",\"name\":\"22ct Gold Bracelet | 6.5-Inch Premium Gold Jewellery\",\"isPartOf\":{\"@id\":\"https:\\\/\\\/www.purejewels.com\\\/#website\"},\"primaryImageOfPage\":{\"@id\":\"https:\\\/\\\/www.purejewels.com\\\/product\\\/22ct-gold-bracelet-52979\\\/#primaryimage\"},\"image\":{\"@id\":\"https:\\\/\\\/www.purejewels.com\\\/product\\\/22ct-gold-bracelet-52979\\\/#primaryimage\"},\"thumbnailUrl\":\"https:\\\/\\\/static.purejewels.com\\\/wp-content\\\/uploads\\\/2025\\\/08\\\/SKU-52263.jpg\",\"datePublished\":\"2024-10-25T08:13:10+00:00\",\"dateModified\":\"2026-01-30T09:42:07+00:00\",\"description\":\"Discover elegance with our 22ct Gold Bracelet. This 6.5-inch premium gold jewellery piece combines timeless style and luxury for every occasion.\",\"breadcrumb\":{\"@id\":\"https:\\\/\\\/www.purejewels.com\\\/product\\\/22ct-gold-bracelet-52979\\\/#breadcrumb\"},\"inLanguage\":\"tr\",\"potentialAction\":[{\"@type\":\"ReadAction\",\"target\":[\"https:\\\/\\\/www.purejewels.com\\\/product\\\/22ct-gold-bracelet-52979\\\/\"]}]},{\"@type\":\"ImageObject\",\"inLanguage\":\"tr\",\"@id\":\"https:\\\/\\\/www.purejewels.com\\\/product\\\/22ct-gold-bracelet-52979\\\/#primaryimage\",\"url\":\"https:\\\/\\\/static.purejewels.com\\\/wp-content\\\/uploads\\\/2025\\\/08\\\/SKU-52263.jpg\",\"contentUrl\":\"https:\\\/\\\/static.purejewels.com\\\/wp-content\\\/uploads\\\/2025\\\/08\\\/SKU-52263.jpg\",\"width\":1000,\"height\":1000,\"caption\":\"Golden Beads Bracelet | Armari Collection\"},{\"@type\":\"BreadcrumbList\",\"@id\":\"https:\\\/\\\/www.purejewels.com\\\/product\\\/22ct-gold-bracelet-52979\\\/#breadcrumb\",\"itemListElement\":[{\"@type\":\"ListItem\",\"position\":1,\"name\":\"Home\",\"item\":\"https:\\\/\\\/www.purejewels.com\\\/\"},{\"@type\":\"ListItem\",\"position\":2,\"name\":\"Shop\",\"item\":\"https:\\\/\\\/www.purejewels.com\\\/shop\\\/\"},{\"@type\":\"ListItem\",\"position\":3,\"name\":\"22ct Gold Bracelet | Armari Collection\"}]},{\"@type\":\"WebSite\",\"@id\":\"https:\\\/\\\/www.purejewels.com\\\/#website\",\"url\":\"https:\\\/\\\/www.purejewels.com\\\/\",\"name\":\"PureJewels UK\",\"description\":\"Share the Love\",\"publisher\":{\"@id\":\"https:\\\/\\\/www.purejewels.com\\\/#organization\"},\"potentialAction\":[{\"@type\":\"SearchAction\",\"target\":{\"@type\":\"EntryPoint\",\"urlTemplate\":\"https:\\\/\\\/www.purejewels.com\\\/?s={search_term_string}\"},\"query-input\":{\"@type\":\"PropertyValueSpecification\",\"valueRequired\":true,\"valueName\":\"search_term_string\"}}],\"inLanguage\":\"tr\"},{\"@type\":\"Organization\",\"@id\":\"https:\\\/\\\/www.purejewels.com\\\/#organization\",\"name\":\"PureJewels UK\",\"url\":\"https:\\\/\\\/www.purejewels.com\\\/\",\"logo\":{\"@type\":\"ImageObject\",\"inLanguage\":\"tr\",\"@id\":\"https:\\\/\\\/www.purejewels.com\\\/#\\\/schema\\\/logo\\\/image\\\/\",\"url\":\"https:\\\/\\\/static.purejewels.com\\\/wp-content\\\/uploads\\\/2020\\\/11\\\/Logo-PJ-New-1.png\",\"contentUrl\":\"https:\\\/\\\/static.purejewels.com\\\/wp-content\\\/uploads\\\/2020\\\/11\\\/Logo-PJ-New-1.png\",\"width\":150,\"height\":80,\"caption\":\"PureJewels UK\"},\"image\":{\"@id\":\"https:\\\/\\\/www.purejewels.com\\\/#\\\/schema\\\/logo\\\/image\\\/\"}}]}<\/script>\n<!-- \/ Yoast SEO plugin. -->","yoast_head_json":{"title":"22 Ayar Alt\u0131n Bilezik | 6,5 \u0130n\u00e7 Premium Alt\u0131n Tak\u0131lar","description":"22ct Alt\u0131n Bilekli\u011fimizle zarafeti ke\u015ffedin. Bu 6,5 in\u00e7lik birinci s\u0131n\u0131f alt\u0131n m\u00fccevher par\u00e7as\u0131, her durum i\u00e7in zamans\u0131z stili ve l\u00fcks\u00fc bir araya getiriyor.","robots":{"index":"index","follow":"follow","max-snippet":"max-snippet:-1","max-image-preview":"max-image-preview:large","max-video-preview":"max-video-preview:-1"},"canonical":"https:\/\/www.purejewels.com\/tr\/urun\/22-ayar-altin-bilezik-52979\/","og_locale":"tr_TR","og_type":"article","og_title":"22ct Gold Bracelet | 6.5-Inch Premium Gold Jewellery","og_description":"Discover elegance with our 22ct Gold Bracelet. This 6.5-inch premium gold jewellery piece combines timeless style and luxury for every occasion.","og_url":"https:\/\/www.purejewels.com\/tr\/urun\/22-ayar-altin-bilezik-52979\/","og_site_name":"PureJewels UK","article_modified_time":"2026-01-30T09:42:07+00:00","og_image":[{"width":1000,"height":1000,"url":"https:\/\/static.purejewels.com\/wp-content\/uploads\/2025\/08\/SKU-52263.jpg","type":"image\/jpeg"}],"twitter_card":"summary_large_image","twitter_misc":{"Tahmini okuma s\u00fcresi":"1 dakika"},"schema":{"@context":"https:\/\/schema.org","@graph":[{"@type":["WebPage","ItemPage"],"@id":"https:\/\/www.purejewels.com\/product\/22ct-gold-bracelet-52979\/","url":"https:\/\/www.purejewels.com\/product\/22ct-gold-bracelet-52979\/","name":"22 Ayar Alt\u0131n Bilezik | 6,5 \u0130n\u00e7 Premium Alt\u0131n Tak\u0131lar","isPartOf":{"@id":"https:\/\/www.purejewels.com\/#website"},"primaryImageOfPage":{"@id":"https:\/\/www.purejewels.com\/product\/22ct-gold-bracelet-52979\/#primaryimage"},"image":{"@id":"https:\/\/www.purejewels.com\/product\/22ct-gold-bracelet-52979\/#primaryimage"},"thumbnailUrl":"https:\/\/static.purejewels.com\/wp-content\/uploads\/2025\/08\/SKU-52263.jpg","datePublished":"2024-10-25T08:13:10+00:00","dateModified":"2026-01-30T09:42:07+00:00","description":"22ct Alt\u0131n Bilekli\u011fimizle zarafeti ke\u015ffedin. Bu 6,5 in\u00e7lik birinci s\u0131n\u0131f alt\u0131n m\u00fccevher par\u00e7as\u0131, her durum i\u00e7in zamans\u0131z stili ve l\u00fcks\u00fc bir araya getiriyor.","breadcrumb":{"@id":"https:\/\/www.purejewels.com\/product\/22ct-gold-bracelet-52979\/#breadcrumb"},"inLanguage":"tr","potentialAction":[{"@type":"ReadAction","target":["https:\/\/www.purejewels.com\/product\/22ct-gold-bracelet-52979\/"]}]},{"@type":"ImageObject","inLanguage":"tr","@id":"https:\/\/www.purejewels.com\/product\/22ct-gold-bracelet-52979\/#primaryimage","url":"https:\/\/static.purejewels.com\/wp-content\/uploads\/2025\/08\/SKU-52263.jpg","contentUrl":"https:\/\/static.purejewels.com\/wp-content\/uploads\/2025\/08\/SKU-52263.jpg","width":1000,"height":1000,"caption":"Golden Beads Bracelet | Armari Collection"},{"@type":"BreadcrumbList","@id":"https:\/\/www.purejewels.com\/product\/22ct-gold-bracelet-52979\/#breadcrumb","itemListElement":[{"@type":"ListItem","position":1,"name":"Home","item":"https:\/\/www.purejewels.com\/"},{"@type":"ListItem","position":2,"name":"Shop","item":"https:\/\/www.purejewels.com\/shop\/"},{"@type":"ListItem","position":3,"name":"22ct Gold Bracelet | Armari Collection"}]},{"@type":"WebSite","@id":"https:\/\/www.purejewels.com\/#website","url":"https:\/\/www.purejewels.com\/","name":"PureJewels \u0130ngiltere","description":"Sevgiyi Payla\u015f\u0131n","publisher":{"@id":"https:\/\/www.purejewels.com\/#organization"},"potentialAction":[{"@type":"SearchAction","target":{"@type":"EntryPoint","urlTemplate":"https:\/\/www.purejewels.com\/?s={search_term_string}"},"query-input":{"@type":"PropertyValueSpecification","valueRequired":true,"valueName":"search_term_string"}}],"inLanguage":"tr"},{"@type":"Organization","@id":"https:\/\/www.purejewels.com\/#organization","name":"PureJewels \u0130ngiltere","url":"https:\/\/www.purejewels.com\/","logo":{"@type":"ImageObject","inLanguage":"tr","@id":"https:\/\/www.purejewels.com\/#\/schema\/logo\/image\/","url":"https:\/\/static.purejewels.com\/wp-content\/uploads\/2020\/11\/Logo-PJ-New-1.png","contentUrl":"https:\/\/static.purejewels.com\/wp-content\/uploads\/2020\/11\/Logo-PJ-New-1.png","width":150,"height":80,"caption":"PureJewels UK"},"image":{"@id":"https:\/\/www.purejewels.com\/#\/schema\/logo\/image\/"}}]}},"_links":{"self":[{"href":"https:\/\/www.purejewels.com\/tr\/wp-json\/wp\/v2\/product\/374743","targetHints":{"allow":["GET"]}}],"collection":[{"href":"https:\/\/www.purejewels.com\/tr\/wp-json\/wp\/v2\/product"}],"about":[{"href":"https:\/\/www.purejewels.com\/tr\/wp-json\/wp\/v2\/types\/product"}],"replies":[{"embeddable":true,"href":"https:\/\/www.purejewels.com\/tr\/wp-json\/wp\/v2\/comments?post=374743"}],"version-history":[{"count":5,"href":"https:\/\/www.purejewels.com\/tr\/wp-json\/wp\/v2\/product\/374743\/revisions"}],"predecessor-version":[{"id":425053,"href":"https:\/\/www.purejewels.com\/tr\/wp-json\/wp\/v2\/product\/374743\/revisions\/425053"}],"wp:featuredmedia":[{"embeddable":true,"href":"https:\/\/www.purejewels.com\/tr\/wp-json\/wp\/v2\/media\/408512"}],"wp:attachment":[{"href":"https:\/\/www.purejewels.com\/tr\/wp-json\/wp\/v2\/media?parent=374743"}],"wp:term":[{"taxonomy":"product_brand","embeddable":true,"href":"https:\/\/www.purejewels.com\/tr\/wp-json\/wp\/v2\/product_brand?post=374743"},{"taxonomy":"product_cat","embeddable":true,"href":"https:\/\/www.purejewels.com\/tr\/wp-json\/wp\/v2\/product_cat?post=374743"},{"taxonomy":"product_tag","embeddable":true,"href":"https:\/\/www.purejewels.com\/tr\/wp-json\/wp\/v2\/product_tag?post=374743"}],"curies":[{"name":"wp","href":"https:\/\/api.w.org\/{rel}","templated":true}]}}