{"id":374772,"date":"2024-06-25T17:51:18","date_gmt":"2024-06-25T16:51:18","guid":{"rendered":"https:\/\/www.purejewels.com\/?post_type=product&#038;p=374772"},"modified":"2026-03-09T05:33:32","modified_gmt":"2026-03-09T05:33:32","slug":"gumus-ganesh-sikke-20g-canli-renk-baskisi","status":"publish","type":"product","link":"https:\/\/www.purejewels.com\/tr\/product\/silver-ganesh-coin-20g-vibrant-color-edition\/","title":{"rendered":"G\u00fcm\u00fc\u015f Ganesh Coin - 20g, Canl\u0131 Renk S\u00fcr\u00fcm\u00fc"},"content":{"rendered":"<p data-start=\"514\" data-end=\"863\"><strong data-start=\"514\" data-end=\"531\"><a href=\"https:\/\/www.purejewels.com\/tr\/a-guide-to-die-stamping\/\">Zanaatkarl\u0131k<\/a><\/strong><br data-start=\"531\" data-end=\"534\" \/>999 ayar g\u00fcm\u00fc\u015ften bas\u0131lan bu madeni para geleneksel sembolizmi \u00e7a\u011fda\u015f sanatla birle\u015ftiriyor. Renkli detaylar karma\u015f\u0131k grav\u00fcr\u00fc zenginle\u015ftirirken, parlak kaplama zarif bir parlakl\u0131k katar. Her bir madeni para, temsil etti\u011fi bereket kadar kal\u0131c\u0131 olmas\u0131n\u0131 sa\u011flamak amac\u0131yla koruma alt\u0131na al\u0131nm\u0131\u015f ve safl\u0131k damgas\u0131 vurulmu\u015ftur.<\/p>\n<p data-start=\"865\" data-end=\"1149\"><strong data-start=\"865\" data-end=\"886\">\u015eekillendirme \/ Hediye<\/strong><br data-start=\"886\" data-end=\"889\" \/>Diwali, Ganesh Chaturthi ve bayram hediyeleri i\u00e7in m\u00fckemmel olan bu g\u00fcm\u00fc\u015f para, iyi \u015fans\u0131 ve yeni ba\u015flang\u0131\u00e7lar\u0131 temsil eder. \u0130ster tek ba\u015f\u0131na sunulsun ister <a href=\"https:\/\/www.purejewels.com\/tr\/urun-kategori%cc%87si%cc%87\/cubuk-paralar\/gumus-paralar\/\">Lakshmi G\u00fcm\u00fc\u015f Sikke<\/a>, \u0130lahi kutsamalar ta\u015f\u0131yan d\u00fc\u015f\u00fcnceli, hay\u0131rl\u0131 bir hediye olur.<\/p>","protected":false},"excerpt":{"rendered":"<p>Divine Silver Ganesh Coin, 0,9999 Saf G\u00fcm\u00fc\u015f, Renkli Kaplama.<\/p>\n<ul>\n<li><strong>Ala\u015f\u0131m<\/strong>: 99,99% Saf G\u00fcm\u00fc\u015f (0,9999 Ag)<\/li>\n<li><strong>A\u011f\u0131rl\u0131k<\/strong>: 20 gram<\/li>\n<li><strong>Tasar\u0131m<\/strong>: Renkli Madeni Para<\/li>\n<li><strong>Teslimat<\/strong>: 1-3 i\u015f g\u00fcn\u00fc i\u00e7erisinde kargoya verilir<\/li>\n<li><strong>Su\u00e7lamalar: <\/strong>Teslimat ve KDV Dahil<\/li>\n<li><strong>Paketleme: <\/strong>Sunum Kutusu ile Birlikte Gelir<\/li>\n<li><strong>SKU:<\/strong> 50022<\/li>\n<\/ul>","protected":false},"featured_media":418396,"comment_status":"closed","ping_status":"closed","template":"","meta":{"_eb_attr":"","_crsspst_to_jayantr4sg-hostcom":false},"product_brand":[],"product_cat":[1473,1647],"product_tag":[],"class_list":{"0":"post-374772","1":"product","2":"type-product","3":"status-publish","4":"has-post-thumbnail","6":"product_cat-bars-coins","7":"product_cat-silver-coins","9":"first","10":"outofstock","11":"taxable","12":"shipping-taxable","13":"product-type-simple","14":"add-to-wishlist-before_image"},"yoast_head":"<!-- This site is optimized with the Yoast SEO plugin v27.5 - https:\/\/yoast.com\/product\/yoast-seo-wordpress\/ -->\n<title>20gm Pure Silver Ganesh Coin | Ideal for Dhanteras &amp; Diwali<\/title>\n<meta name=\"description\" content=\"Celebrate prosperity with our 20g Divine Silver Ganesh Coin, crafted from 0.9999 pure silver. Perfect for Dhanteras and Diwali gifting. Free Delivery.\" \/>\n<meta name=\"robots\" content=\"index, follow, max-snippet:-1, max-image-preview:large, max-video-preview:-1\" \/>\n<link rel=\"canonical\" href=\"https:\/\/www.purejewels.com\/tr\/urun\/gumus-ganesh-sikke-20g-canli-renk-baskisi\/\" \/>\n<meta property=\"og:locale\" content=\"tr_TR\" \/>\n<meta property=\"og:type\" content=\"article\" \/>\n<meta property=\"og:title\" content=\"20gm Pure Silver Ganesh Coin | Ideal for Dhanteras &amp; Diwali\" \/>\n<meta property=\"og:description\" content=\"Celebrate prosperity with our 20g Divine Silver Ganesh Coin, crafted from 0.9999 pure silver. Perfect for Dhanteras and Diwali gifting. Free Delivery.\" \/>\n<meta property=\"og:url\" content=\"https:\/\/www.purejewels.com\/tr\/urun\/gumus-ganesh-sikke-20g-canli-renk-baskisi\/\" \/>\n<meta property=\"og:site_name\" content=\"PureJewels UK\" \/>\n<meta property=\"article:modified_time\" content=\"2026-03-09T05:33:32+00:00\" \/>\n<meta property=\"og:image\" content=\"https:\/\/static.purejewels.com\/wp-content\/uploads\/2024\/05\/10g-ganesha-e1760727340969.jpg\" \/>\n\t<meta property=\"og:image:width\" content=\"750\" \/>\n\t<meta property=\"og:image:height\" content=\"750\" \/>\n\t<meta property=\"og:image:type\" content=\"image\/jpeg\" \/>\n<meta name=\"twitter:card\" content=\"summary_large_image\" \/>\n<meta name=\"twitter:label1\" content=\"Tahmini okuma s\u00fcresi\" \/>\n\t<meta name=\"twitter:data1\" content=\"1 dakika\" \/>\n<script type=\"application\/ld+json\" class=\"yoast-schema-graph\">{\"@context\":\"https:\\\/\\\/schema.org\",\"@graph\":[{\"@type\":[\"WebPage\",\"ItemPage\"],\"@id\":\"https:\\\/\\\/www.purejewels.com\\\/product\\\/silver-ganesh-coin-20g-vibrant-color-edition\\\/\",\"url\":\"https:\\\/\\\/www.purejewels.com\\\/product\\\/silver-ganesh-coin-20g-vibrant-color-edition\\\/\",\"name\":\"20gm Pure Silver Ganesh Coin | Ideal for Dhanteras & Diwali\",\"isPartOf\":{\"@id\":\"https:\\\/\\\/www.purejewels.com\\\/#website\"},\"primaryImageOfPage\":{\"@id\":\"https:\\\/\\\/www.purejewels.com\\\/product\\\/silver-ganesh-coin-20g-vibrant-color-edition\\\/#primaryimage\"},\"image\":{\"@id\":\"https:\\\/\\\/www.purejewels.com\\\/product\\\/silver-ganesh-coin-20g-vibrant-color-edition\\\/#primaryimage\"},\"thumbnailUrl\":\"https:\\\/\\\/static.purejewels.com\\\/wp-content\\\/uploads\\\/2024\\\/05\\\/10g-ganesha-e1760727340969.jpg\",\"datePublished\":\"2024-06-25T16:51:18+00:00\",\"dateModified\":\"2026-03-09T05:33:32+00:00\",\"description\":\"Celebrate prosperity with our 20g Divine Silver Ganesh Coin, crafted from 0.9999 pure silver. Perfect for Dhanteras and Diwali gifting. Free Delivery.\",\"breadcrumb\":{\"@id\":\"https:\\\/\\\/www.purejewels.com\\\/product\\\/silver-ganesh-coin-20g-vibrant-color-edition\\\/#breadcrumb\"},\"inLanguage\":\"tr\",\"potentialAction\":[{\"@type\":\"ReadAction\",\"target\":[\"https:\\\/\\\/www.purejewels.com\\\/product\\\/silver-ganesh-coin-20g-vibrant-color-edition\\\/\"]}]},{\"@type\":\"ImageObject\",\"inLanguage\":\"tr\",\"@id\":\"https:\\\/\\\/www.purejewels.com\\\/product\\\/silver-ganesh-coin-20g-vibrant-color-edition\\\/#primaryimage\",\"url\":\"https:\\\/\\\/static.purejewels.com\\\/wp-content\\\/uploads\\\/2024\\\/05\\\/10g-ganesha-e1760727340969.jpg\",\"contentUrl\":\"https:\\\/\\\/static.purejewels.com\\\/wp-content\\\/uploads\\\/2024\\\/05\\\/10g-ganesha-e1760727340969.jpg\",\"width\":750,\"height\":750},{\"@type\":\"BreadcrumbList\",\"@id\":\"https:\\\/\\\/www.purejewels.com\\\/product\\\/silver-ganesh-coin-20g-vibrant-color-edition\\\/#breadcrumb\",\"itemListElement\":[{\"@type\":\"ListItem\",\"position\":1,\"name\":\"Home\",\"item\":\"https:\\\/\\\/www.purejewels.com\\\/\"},{\"@type\":\"ListItem\",\"position\":2,\"name\":\"Shop\",\"item\":\"https:\\\/\\\/www.purejewels.com\\\/shop\\\/\"},{\"@type\":\"ListItem\",\"position\":3,\"name\":\"Silver Ganesh Coin &#8211; 20g, Vibrant Color Edition\"}]},{\"@type\":\"WebSite\",\"@id\":\"https:\\\/\\\/www.purejewels.com\\\/#website\",\"url\":\"https:\\\/\\\/www.purejewels.com\\\/\",\"name\":\"PureJewels UK\",\"description\":\"Share the Love\",\"publisher\":{\"@id\":\"https:\\\/\\\/www.purejewels.com\\\/#organization\"},\"potentialAction\":[{\"@type\":\"SearchAction\",\"target\":{\"@type\":\"EntryPoint\",\"urlTemplate\":\"https:\\\/\\\/www.purejewels.com\\\/?s={search_term_string}\"},\"query-input\":{\"@type\":\"PropertyValueSpecification\",\"valueRequired\":true,\"valueName\":\"search_term_string\"}}],\"inLanguage\":\"tr\"},{\"@type\":\"Organization\",\"@id\":\"https:\\\/\\\/www.purejewels.com\\\/#organization\",\"name\":\"PureJewels UK\",\"url\":\"https:\\\/\\\/www.purejewels.com\\\/\",\"logo\":{\"@type\":\"ImageObject\",\"inLanguage\":\"tr\",\"@id\":\"https:\\\/\\\/www.purejewels.com\\\/#\\\/schema\\\/logo\\\/image\\\/\",\"url\":\"https:\\\/\\\/static.purejewels.com\\\/wp-content\\\/uploads\\\/2020\\\/11\\\/Logo-PJ-New-1.png\",\"contentUrl\":\"https:\\\/\\\/static.purejewels.com\\\/wp-content\\\/uploads\\\/2020\\\/11\\\/Logo-PJ-New-1.png\",\"width\":150,\"height\":80,\"caption\":\"PureJewels UK\"},\"image\":{\"@id\":\"https:\\\/\\\/www.purejewels.com\\\/#\\\/schema\\\/logo\\\/image\\\/\"}}]}<\/script>\n<!-- \/ Yoast SEO plugin. -->","yoast_head_json":{"title":"20gm Saf G\u00fcm\u00fc\u015f Ganesh Coin | Dhanteras ve Diwali i\u00e7in ideal","description":"0,9999 saf g\u00fcm\u00fc\u015ften \u00fcretilmi\u015f 20g Divine Silver Ganesh Coin'imizle refah\u0131 kutlay\u0131n. Dhanteras ve Diwali hediyeleri i\u00e7in m\u00fckemmeldir. \u00dccretsiz Teslimat.","robots":{"index":"index","follow":"follow","max-snippet":"max-snippet:-1","max-image-preview":"max-image-preview:large","max-video-preview":"max-video-preview:-1"},"canonical":"https:\/\/www.purejewels.com\/tr\/urun\/gumus-ganesh-sikke-20g-canli-renk-baskisi\/","og_locale":"tr_TR","og_type":"article","og_title":"20gm Pure Silver Ganesh Coin | Ideal for Dhanteras & Diwali","og_description":"Celebrate prosperity with our 20g Divine Silver Ganesh Coin, crafted from 0.9999 pure silver. Perfect for Dhanteras and Diwali gifting. Free Delivery.","og_url":"https:\/\/www.purejewels.com\/tr\/urun\/gumus-ganesh-sikke-20g-canli-renk-baskisi\/","og_site_name":"PureJewels UK","article_modified_time":"2026-03-09T05:33:32+00:00","og_image":[{"width":750,"height":750,"url":"https:\/\/static.purejewels.com\/wp-content\/uploads\/2024\/05\/10g-ganesha-e1760727340969.jpg","type":"image\/jpeg"}],"twitter_card":"summary_large_image","twitter_misc":{"Tahmini okuma s\u00fcresi":"1 dakika"},"schema":{"@context":"https:\/\/schema.org","@graph":[{"@type":["WebPage","ItemPage"],"@id":"https:\/\/www.purejewels.com\/product\/silver-ganesh-coin-20g-vibrant-color-edition\/","url":"https:\/\/www.purejewels.com\/product\/silver-ganesh-coin-20g-vibrant-color-edition\/","name":"20gm Saf G\u00fcm\u00fc\u015f Ganesh Coin | Dhanteras ve Diwali i\u00e7in ideal","isPartOf":{"@id":"https:\/\/www.purejewels.com\/#website"},"primaryImageOfPage":{"@id":"https:\/\/www.purejewels.com\/product\/silver-ganesh-coin-20g-vibrant-color-edition\/#primaryimage"},"image":{"@id":"https:\/\/www.purejewels.com\/product\/silver-ganesh-coin-20g-vibrant-color-edition\/#primaryimage"},"thumbnailUrl":"https:\/\/static.purejewels.com\/wp-content\/uploads\/2024\/05\/10g-ganesha-e1760727340969.jpg","datePublished":"2024-06-25T16:51:18+00:00","dateModified":"2026-03-09T05:33:32+00:00","description":"0,9999 saf g\u00fcm\u00fc\u015ften \u00fcretilmi\u015f 20g Divine Silver Ganesh Coin'imizle refah\u0131 kutlay\u0131n. Dhanteras ve Diwali hediyeleri i\u00e7in m\u00fckemmeldir. \u00dccretsiz Teslimat.","breadcrumb":{"@id":"https:\/\/www.purejewels.com\/product\/silver-ganesh-coin-20g-vibrant-color-edition\/#breadcrumb"},"inLanguage":"tr","potentialAction":[{"@type":"ReadAction","target":["https:\/\/www.purejewels.com\/product\/silver-ganesh-coin-20g-vibrant-color-edition\/"]}]},{"@type":"ImageObject","inLanguage":"tr","@id":"https:\/\/www.purejewels.com\/product\/silver-ganesh-coin-20g-vibrant-color-edition\/#primaryimage","url":"https:\/\/static.purejewels.com\/wp-content\/uploads\/2024\/05\/10g-ganesha-e1760727340969.jpg","contentUrl":"https:\/\/static.purejewels.com\/wp-content\/uploads\/2024\/05\/10g-ganesha-e1760727340969.jpg","width":750,"height":750},{"@type":"BreadcrumbList","@id":"https:\/\/www.purejewels.com\/product\/silver-ganesh-coin-20g-vibrant-color-edition\/#breadcrumb","itemListElement":[{"@type":"ListItem","position":1,"name":"Home","item":"https:\/\/www.purejewels.com\/"},{"@type":"ListItem","position":2,"name":"Shop","item":"https:\/\/www.purejewels.com\/shop\/"},{"@type":"ListItem","position":3,"name":"Silver Ganesh Coin &#8211; 20g, Vibrant Color Edition"}]},{"@type":"WebSite","@id":"https:\/\/www.purejewels.com\/#website","url":"https:\/\/www.purejewels.com\/","name":"PureJewels \u0130ngiltere","description":"Sevgiyi Payla\u015f\u0131n","publisher":{"@id":"https:\/\/www.purejewels.com\/#organization"},"potentialAction":[{"@type":"SearchAction","target":{"@type":"EntryPoint","urlTemplate":"https:\/\/www.purejewels.com\/?s={search_term_string}"},"query-input":{"@type":"PropertyValueSpecification","valueRequired":true,"valueName":"search_term_string"}}],"inLanguage":"tr"},{"@type":"Organization","@id":"https:\/\/www.purejewels.com\/#organization","name":"PureJewels \u0130ngiltere","url":"https:\/\/www.purejewels.com\/","logo":{"@type":"ImageObject","inLanguage":"tr","@id":"https:\/\/www.purejewels.com\/#\/schema\/logo\/image\/","url":"https:\/\/static.purejewels.com\/wp-content\/uploads\/2020\/11\/Logo-PJ-New-1.png","contentUrl":"https:\/\/static.purejewels.com\/wp-content\/uploads\/2020\/11\/Logo-PJ-New-1.png","width":150,"height":80,"caption":"PureJewels UK"},"image":{"@id":"https:\/\/www.purejewels.com\/#\/schema\/logo\/image\/"}}]}},"_links":{"self":[{"href":"https:\/\/www.purejewels.com\/tr\/wp-json\/wp\/v2\/product\/374772","targetHints":{"allow":["GET"]}}],"collection":[{"href":"https:\/\/www.purejewels.com\/tr\/wp-json\/wp\/v2\/product"}],"about":[{"href":"https:\/\/www.purejewels.com\/tr\/wp-json\/wp\/v2\/types\/product"}],"replies":[{"embeddable":true,"href":"https:\/\/www.purejewels.com\/tr\/wp-json\/wp\/v2\/comments?post=374772"}],"version-history":[{"count":3,"href":"https:\/\/www.purejewels.com\/tr\/wp-json\/wp\/v2\/product\/374772\/revisions"}],"predecessor-version":[{"id":426643,"href":"https:\/\/www.purejewels.com\/tr\/wp-json\/wp\/v2\/product\/374772\/revisions\/426643"}],"wp:featuredmedia":[{"embeddable":true,"href":"https:\/\/www.purejewels.com\/tr\/wp-json\/wp\/v2\/media\/418396"}],"wp:attachment":[{"href":"https:\/\/www.purejewels.com\/tr\/wp-json\/wp\/v2\/media?parent=374772"}],"wp:term":[{"taxonomy":"product_brand","embeddable":true,"href":"https:\/\/www.purejewels.com\/tr\/wp-json\/wp\/v2\/product_brand?post=374772"},{"taxonomy":"product_cat","embeddable":true,"href":"https:\/\/www.purejewels.com\/tr\/wp-json\/wp\/v2\/product_cat?post=374772"},{"taxonomy":"product_tag","embeddable":true,"href":"https:\/\/www.purejewels.com\/tr\/wp-json\/wp\/v2\/product_tag?post=374772"}],"curies":[{"name":"wp","href":"https:\/\/api.w.org\/{rel}","templated":true}]}}