{"id":374776,"date":"2024-05-25T18:09:56","date_gmt":"2024-05-25T17:09:56","guid":{"rendered":"https:\/\/www.purejewels.com\/?post_type=product&#038;p=374776"},"modified":"2026-04-19T18:11:55","modified_gmt":"2026-04-19T17:11:55","slug":"gumus-ganesh-sikke-10g-canli-renk-baskisi","status":"publish","type":"product","link":"https:\/\/www.purejewels.com\/tr\/product\/silver-ganesh-coin-10g-vibrant-color-edition\/","title":{"rendered":"G\u00fcm\u00fc\u015f Ganesh Coin - 10g, Canl\u0131 Renk S\u00fcr\u00fcm\u00fc"},"content":{"rendered":"<p data-start=\"176\" data-end=\"474\"><strong data-start=\"176\" data-end=\"186\">Tasar\u0131m<\/strong><br data-start=\"186\" data-end=\"189\" \/>Bu <a href=\"https:\/\/www.purejewels.com\/tr\/urun-kategori%cc%87si%cc%87\/cubuk-paralar\/gumus-paralar\/\">Ganesh 10g G\u00fcm\u00fc\u015f Sikke<\/a> Lord Ganesha'n\u0131n bir lotus \u00fczerinde zarif\u00e7e oturmu\u015f, \u00e7an ve lotuslardan olu\u015fan u\u011furlu motiflerle \u00e7evrili tam renkli bir tasvirini sergiliyor. Bilgelik, safl\u0131k ve refah\u0131n ilahi enerjisini yans\u0131tan bu tasar\u0131m, onu her durum i\u00e7in anlaml\u0131 bir hat\u0131ra haline getiriyor.<\/p>\n<p data-start=\"476\" data-end=\"910\"><strong data-start=\"476\" data-end=\"503\"><a href=\"https:\/\/www.purejewels.com\/tr\/a-guide-to-die-stamping\/\">Zanaatkarl\u0131k<\/a> &amp; Hediyele\u015fme<\/strong><br data-start=\"503\" data-end=\"506\" \/>Ustal\u0131kla 999 ayar g\u00fcm\u00fc\u015ften bas\u0131lan bu madeni para, her bir \u00f6\u011feye hayat veren ayr\u0131nt\u0131l\u0131 grav\u00fcr ve canl\u0131 mine i\u015f\u00e7ili\u011fine sahiptir. Parlat\u0131lm\u0131\u015f y\u00fczeyi sanat eserinin parlakl\u0131\u011f\u0131n\u0131 art\u0131r\u0131rken, damgalama i\u015flemi safl\u0131k ve \u00f6zg\u00fcnl\u00fc\u011f\u00fc garanti eder. Korunmas\u0131 i\u00e7in muhafaza edilen bu para Diwali, Ganesh Chaturthi veya herhangi bir \u00f6zel kutlama i\u00e7in d\u00fc\u015f\u00fcnceli bir hediyedir - iyi \u015fans\u0131n ve ruhani zarafetin kal\u0131c\u0131 bir sembol\u00fcd\u00fcr.<\/p>","protected":false},"excerpt":{"rendered":"<p>Divine Silver Ganesh Coin, 0,9999 Saf G\u00fcm\u00fc\u015f, Renkli Kaplama.<\/p>\n<ul>\n<li><strong>Ala\u015f\u0131m<\/strong>: 99,99% Saf G\u00fcm\u00fc\u015f (0,9999 Ag)<\/li>\n<li><strong>A\u011f\u0131rl\u0131k<\/strong>: 10 gram<\/li>\n<li><strong>Tasar\u0131m<\/strong>: Renkli Madeni Para<\/li>\n<li><strong>Teslimat<\/strong>: 1-3 i\u015f g\u00fcn\u00fc i\u00e7erisinde kargoya verilir<\/li>\n<li><strong>Su\u00e7lamalar:\u00a0<\/strong>Teslimat ve KDV Dahil<\/li>\n<li><strong>Paketleme:\u00a0<\/strong>Sunum Kutusu ile birlikte gelir<\/li>\n<li><strong>Hediye:<\/strong> Dhanteras ve Diwali i\u00e7in m\u00fckemmel<\/li>\n<li><strong>SKU:<\/strong> 50020<\/li>\n<\/ul>","protected":false},"featured_media":374778,"comment_status":"closed","ping_status":"closed","template":"","meta":{"_eb_attr":"","_crsspst_to_jayantr4sg-hostcom":false},"product_brand":[],"product_cat":[1473,1647],"product_tag":[],"class_list":{"0":"post-374776","1":"product","2":"type-product","3":"status-publish","4":"has-post-thumbnail","6":"product_cat-bars-coins","7":"product_cat-silver-coins","9":"first","10":"instock","11":"taxable","12":"shipping-taxable","13":"purchasable","14":"product-type-simple","15":"add-to-wishlist-before_image"},"yoast_head":"<!-- This site is optimized with the Yoast SEO plugin v27.6 - https:\/\/yoast.com\/product\/yoast-seo-wordpress\/ -->\n<title>Divine Silver Ganesh Coin - 10g, 0.9999 Pure Silver, Colored Finish<\/title>\n<meta name=\"description\" content=\"Celebrate Diwali with our Silver Ganesh Coin, crafted from 0.9999 pure silver with a vibrant coloured finish. Free delivery in the UK\" \/>\n<meta name=\"robots\" content=\"index, follow, max-snippet:-1, max-image-preview:large, max-video-preview:-1\" \/>\n<link rel=\"canonical\" href=\"https:\/\/www.purejewels.com\/tr\/urun\/gumus-ganesh-sikke-10g-canli-renk-baskisi\/\" \/>\n<meta property=\"og:locale\" content=\"tr_TR\" \/>\n<meta property=\"og:type\" content=\"article\" \/>\n<meta property=\"og:title\" content=\"Divine Silver Ganesh Coin - 10g, 0.9999 Pure Silver, Colored Finish\" \/>\n<meta property=\"og:description\" content=\"Celebrate Diwali with our Silver Ganesh Coin, crafted from 0.9999 pure silver with a vibrant coloured finish. Free delivery in the UK\" \/>\n<meta property=\"og:url\" content=\"https:\/\/www.purejewels.com\/tr\/urun\/gumus-ganesh-sikke-10g-canli-renk-baskisi\/\" \/>\n<meta property=\"og:site_name\" content=\"PureJewels UK\" \/>\n<meta property=\"article:modified_time\" content=\"2026-04-19T17:11:55+00:00\" \/>\n<meta property=\"og:image\" content=\"https:\/\/static.purejewels.com\/wp-content\/uploads\/2024\/10\/Ganesh-small-front-scaled-e1729875567311.jpg\" \/>\n\t<meta property=\"og:image:width\" content=\"1250\" \/>\n\t<meta property=\"og:image:height\" content=\"1250\" \/>\n\t<meta property=\"og:image:type\" content=\"image\/jpeg\" \/>\n<meta name=\"twitter:card\" content=\"summary_large_image\" \/>\n<meta name=\"twitter:label1\" content=\"Tahmini okuma s\u00fcresi\" \/>\n\t<meta name=\"twitter:data1\" content=\"1 dakika\" \/>\n<script type=\"application\/ld+json\" class=\"yoast-schema-graph\">{\"@context\":\"https:\\\/\\\/schema.org\",\"@graph\":[{\"@type\":[\"WebPage\",\"ItemPage\"],\"@id\":\"https:\\\/\\\/www.purejewels.com\\\/product\\\/silver-ganesh-coin-10g-vibrant-color-edition\\\/\",\"url\":\"https:\\\/\\\/www.purejewels.com\\\/product\\\/silver-ganesh-coin-10g-vibrant-color-edition\\\/\",\"name\":\"Divine Silver Ganesh Coin - 10g, 0.9999 Pure Silver, Colored Finish\",\"isPartOf\":{\"@id\":\"https:\\\/\\\/www.purejewels.com\\\/#website\"},\"primaryImageOfPage\":{\"@id\":\"https:\\\/\\\/www.purejewels.com\\\/product\\\/silver-ganesh-coin-10g-vibrant-color-edition\\\/#primaryimage\"},\"image\":{\"@id\":\"https:\\\/\\\/www.purejewels.com\\\/product\\\/silver-ganesh-coin-10g-vibrant-color-edition\\\/#primaryimage\"},\"thumbnailUrl\":\"https:\\\/\\\/static.purejewels.com\\\/wp-content\\\/uploads\\\/2024\\\/10\\\/Ganesh-small-front-scaled-e1729875567311.jpg\",\"datePublished\":\"2024-05-25T17:09:56+00:00\",\"dateModified\":\"2026-04-19T17:11:55+00:00\",\"description\":\"Celebrate Diwali with our Silver Ganesh Coin, crafted from 0.9999 pure silver with a vibrant coloured finish. Free delivery in the UK\",\"breadcrumb\":{\"@id\":\"https:\\\/\\\/www.purejewels.com\\\/product\\\/silver-ganesh-coin-10g-vibrant-color-edition\\\/#breadcrumb\"},\"inLanguage\":\"tr\",\"potentialAction\":[{\"@type\":\"ReadAction\",\"target\":[\"https:\\\/\\\/www.purejewels.com\\\/product\\\/silver-ganesh-coin-10g-vibrant-color-edition\\\/\"]}]},{\"@type\":\"ImageObject\",\"inLanguage\":\"tr\",\"@id\":\"https:\\\/\\\/www.purejewels.com\\\/product\\\/silver-ganesh-coin-10g-vibrant-color-edition\\\/#primaryimage\",\"url\":\"https:\\\/\\\/static.purejewels.com\\\/wp-content\\\/uploads\\\/2024\\\/10\\\/Ganesh-small-front-scaled-e1729875567311.jpg\",\"contentUrl\":\"https:\\\/\\\/static.purejewels.com\\\/wp-content\\\/uploads\\\/2024\\\/10\\\/Ganesh-small-front-scaled-e1729875567311.jpg\",\"width\":1250,\"height\":1250,\"caption\":\"Stacked from 4 images. Method=A (R=8,S=4)\"},{\"@type\":\"BreadcrumbList\",\"@id\":\"https:\\\/\\\/www.purejewels.com\\\/product\\\/silver-ganesh-coin-10g-vibrant-color-edition\\\/#breadcrumb\",\"itemListElement\":[{\"@type\":\"ListItem\",\"position\":1,\"name\":\"Home\",\"item\":\"https:\\\/\\\/www.purejewels.com\\\/\"},{\"@type\":\"ListItem\",\"position\":2,\"name\":\"Shop\",\"item\":\"https:\\\/\\\/www.purejewels.com\\\/shop\\\/\"},{\"@type\":\"ListItem\",\"position\":3,\"name\":\"Silver Ganesh Coin \u2013 10g, Vibrant Color Edition\"}]},{\"@type\":\"WebSite\",\"@id\":\"https:\\\/\\\/www.purejewels.com\\\/#website\",\"url\":\"https:\\\/\\\/www.purejewels.com\\\/\",\"name\":\"PureJewels UK\",\"description\":\"Share the Love\",\"publisher\":{\"@id\":\"https:\\\/\\\/www.purejewels.com\\\/#organization\"},\"potentialAction\":[{\"@type\":\"SearchAction\",\"target\":{\"@type\":\"EntryPoint\",\"urlTemplate\":\"https:\\\/\\\/www.purejewels.com\\\/?s={search_term_string}\"},\"query-input\":{\"@type\":\"PropertyValueSpecification\",\"valueRequired\":true,\"valueName\":\"search_term_string\"}}],\"inLanguage\":\"tr\"},{\"@type\":\"Organization\",\"@id\":\"https:\\\/\\\/www.purejewels.com\\\/#organization\",\"name\":\"PureJewels UK\",\"url\":\"https:\\\/\\\/www.purejewels.com\\\/\",\"logo\":{\"@type\":\"ImageObject\",\"inLanguage\":\"tr\",\"@id\":\"https:\\\/\\\/www.purejewels.com\\\/#\\\/schema\\\/logo\\\/image\\\/\",\"url\":\"https:\\\/\\\/static.purejewels.com\\\/wp-content\\\/uploads\\\/2020\\\/11\\\/Logo-PJ-New-1.png\",\"contentUrl\":\"https:\\\/\\\/static.purejewels.com\\\/wp-content\\\/uploads\\\/2020\\\/11\\\/Logo-PJ-New-1.png\",\"width\":150,\"height\":80,\"caption\":\"PureJewels UK\"},\"image\":{\"@id\":\"https:\\\/\\\/www.purejewels.com\\\/#\\\/schema\\\/logo\\\/image\\\/\"}}]}<\/script>\n<!-- \/ Yoast SEO plugin. -->","yoast_head_json":{"title":"Divine Silver Ganesh Coin - 10g, 0.9999 Saf G\u00fcm\u00fc\u015f, Renkli Kaplama","description":"Diwali'yi canl\u0131 renklere sahip 0,9999 saf g\u00fcm\u00fc\u015ften \u00fcretilmi\u015f G\u00fcm\u00fc\u015f Ganesh Coin'imizle kutlay\u0131n. Birle\u015fik Krall\u0131k'ta \u00fccretsiz teslimat","robots":{"index":"index","follow":"follow","max-snippet":"max-snippet:-1","max-image-preview":"max-image-preview:large","max-video-preview":"max-video-preview:-1"},"canonical":"https:\/\/www.purejewels.com\/tr\/urun\/gumus-ganesh-sikke-10g-canli-renk-baskisi\/","og_locale":"tr_TR","og_type":"article","og_title":"Divine Silver Ganesh Coin - 10g, 0.9999 Pure Silver, Colored Finish","og_description":"Celebrate Diwali with our Silver Ganesh Coin, crafted from 0.9999 pure silver with a vibrant coloured finish. Free delivery in the UK","og_url":"https:\/\/www.purejewels.com\/tr\/urun\/gumus-ganesh-sikke-10g-canli-renk-baskisi\/","og_site_name":"PureJewels UK","article_modified_time":"2026-04-19T17:11:55+00:00","og_image":[{"width":1250,"height":1250,"url":"https:\/\/static.purejewels.com\/wp-content\/uploads\/2024\/10\/Ganesh-small-front-scaled-e1729875567311.jpg","type":"image\/jpeg"}],"twitter_card":"summary_large_image","twitter_misc":{"Tahmini okuma s\u00fcresi":"1 dakika"},"schema":{"@context":"https:\/\/schema.org","@graph":[{"@type":["WebPage","ItemPage"],"@id":"https:\/\/www.purejewels.com\/product\/silver-ganesh-coin-10g-vibrant-color-edition\/","url":"https:\/\/www.purejewels.com\/product\/silver-ganesh-coin-10g-vibrant-color-edition\/","name":"Divine Silver Ganesh Coin - 10g, 0.9999 Saf G\u00fcm\u00fc\u015f, Renkli Kaplama","isPartOf":{"@id":"https:\/\/www.purejewels.com\/#website"},"primaryImageOfPage":{"@id":"https:\/\/www.purejewels.com\/product\/silver-ganesh-coin-10g-vibrant-color-edition\/#primaryimage"},"image":{"@id":"https:\/\/www.purejewels.com\/product\/silver-ganesh-coin-10g-vibrant-color-edition\/#primaryimage"},"thumbnailUrl":"https:\/\/static.purejewels.com\/wp-content\/uploads\/2024\/10\/Ganesh-small-front-scaled-e1729875567311.jpg","datePublished":"2024-05-25T17:09:56+00:00","dateModified":"2026-04-19T17:11:55+00:00","description":"Diwali'yi canl\u0131 renklere sahip 0,9999 saf g\u00fcm\u00fc\u015ften \u00fcretilmi\u015f G\u00fcm\u00fc\u015f Ganesh Coin'imizle kutlay\u0131n. Birle\u015fik Krall\u0131k'ta \u00fccretsiz teslimat","breadcrumb":{"@id":"https:\/\/www.purejewels.com\/product\/silver-ganesh-coin-10g-vibrant-color-edition\/#breadcrumb"},"inLanguage":"tr","potentialAction":[{"@type":"ReadAction","target":["https:\/\/www.purejewels.com\/product\/silver-ganesh-coin-10g-vibrant-color-edition\/"]}]},{"@type":"ImageObject","inLanguage":"tr","@id":"https:\/\/www.purejewels.com\/product\/silver-ganesh-coin-10g-vibrant-color-edition\/#primaryimage","url":"https:\/\/static.purejewels.com\/wp-content\/uploads\/2024\/10\/Ganesh-small-front-scaled-e1729875567311.jpg","contentUrl":"https:\/\/static.purejewels.com\/wp-content\/uploads\/2024\/10\/Ganesh-small-front-scaled-e1729875567311.jpg","width":1250,"height":1250,"caption":"Stacked from 4 images. Method=A (R=8,S=4)"},{"@type":"BreadcrumbList","@id":"https:\/\/www.purejewels.com\/product\/silver-ganesh-coin-10g-vibrant-color-edition\/#breadcrumb","itemListElement":[{"@type":"ListItem","position":1,"name":"Home","item":"https:\/\/www.purejewels.com\/"},{"@type":"ListItem","position":2,"name":"Shop","item":"https:\/\/www.purejewels.com\/shop\/"},{"@type":"ListItem","position":3,"name":"Silver Ganesh Coin \u2013 10g, Vibrant Color Edition"}]},{"@type":"WebSite","@id":"https:\/\/www.purejewels.com\/#website","url":"https:\/\/www.purejewels.com\/","name":"PureJewels \u0130ngiltere","description":"Sevgiyi Payla\u015f\u0131n","publisher":{"@id":"https:\/\/www.purejewels.com\/#organization"},"potentialAction":[{"@type":"SearchAction","target":{"@type":"EntryPoint","urlTemplate":"https:\/\/www.purejewels.com\/?s={search_term_string}"},"query-input":{"@type":"PropertyValueSpecification","valueRequired":true,"valueName":"search_term_string"}}],"inLanguage":"tr"},{"@type":"Organization","@id":"https:\/\/www.purejewels.com\/#organization","name":"PureJewels \u0130ngiltere","url":"https:\/\/www.purejewels.com\/","logo":{"@type":"ImageObject","inLanguage":"tr","@id":"https:\/\/www.purejewels.com\/#\/schema\/logo\/image\/","url":"https:\/\/static.purejewels.com\/wp-content\/uploads\/2020\/11\/Logo-PJ-New-1.png","contentUrl":"https:\/\/static.purejewels.com\/wp-content\/uploads\/2020\/11\/Logo-PJ-New-1.png","width":150,"height":80,"caption":"PureJewels UK"},"image":{"@id":"https:\/\/www.purejewels.com\/#\/schema\/logo\/image\/"}}]}},"_links":{"self":[{"href":"https:\/\/www.purejewels.com\/tr\/wp-json\/wp\/v2\/product\/374776","targetHints":{"allow":["GET"]}}],"collection":[{"href":"https:\/\/www.purejewels.com\/tr\/wp-json\/wp\/v2\/product"}],"about":[{"href":"https:\/\/www.purejewels.com\/tr\/wp-json\/wp\/v2\/types\/product"}],"replies":[{"embeddable":true,"href":"https:\/\/www.purejewels.com\/tr\/wp-json\/wp\/v2\/comments?post=374776"}],"version-history":[{"count":5,"href":"https:\/\/www.purejewels.com\/tr\/wp-json\/wp\/v2\/product\/374776\/revisions"}],"predecessor-version":[{"id":426649,"href":"https:\/\/www.purejewels.com\/tr\/wp-json\/wp\/v2\/product\/374776\/revisions\/426649"}],"wp:featuredmedia":[{"embeddable":true,"href":"https:\/\/www.purejewels.com\/tr\/wp-json\/wp\/v2\/media\/374778"}],"wp:attachment":[{"href":"https:\/\/www.purejewels.com\/tr\/wp-json\/wp\/v2\/media?parent=374776"}],"wp:term":[{"taxonomy":"product_brand","embeddable":true,"href":"https:\/\/www.purejewels.com\/tr\/wp-json\/wp\/v2\/product_brand?post=374776"},{"taxonomy":"product_cat","embeddable":true,"href":"https:\/\/www.purejewels.com\/tr\/wp-json\/wp\/v2\/product_cat?post=374776"},{"taxonomy":"product_tag","embeddable":true,"href":"https:\/\/www.purejewels.com\/tr\/wp-json\/wp\/v2\/product_tag?post=374776"}],"curies":[{"name":"wp","href":"https:\/\/api.w.org\/{rel}","templated":true}]}}