{"id":374783,"date":"2024-08-25T19:05:46","date_gmt":"2024-08-25T18:05:46","guid":{"rendered":"https:\/\/www.purejewels.com\/?post_type=product&#038;p=374783"},"modified":"2025-02-07T15:52:03","modified_gmt":"2025-02-07T15:52:03","slug":"ilahi-gumus-lakshmi-ganesh-sikke-20g-canli-renk-baskisi","status":"publish","type":"product","link":"https:\/\/www.purejewels.com\/tr\/product\/divine-silver-lakshmi-ganesh-coin-20g-vibrant-color-edition\/","title":{"rendered":"G\u00fcm\u00fc\u015f Lakshmi Ganesh Madeni Para - 20g, Canl\u0131 Renk S\u00fcr\u00fcm\u00fc"},"content":{"rendered":"<p>Refah ve bilgeli\u011fi kutlamak i\u00e7in <strong>Divine Silver Lakshmi Ganesh Coin - 20g, Canl\u0131 Renk S\u00fcr\u00fcm\u00fc<\/strong>. Birinci s\u0131n\u0131f malzemeden \u00fcretilmi\u015ftir. <a href=\"https:\/\/www.purejewels.com\/tr\/product\/silver-ganesh-coin-20g-vibrant-color-edition\/\">som g\u00fcm\u00fc\u015f<\/a> ve 20 gram a\u011f\u0131rl\u0131\u011f\u0131ndaki bu madeni para, hem zenginli\u011fin habercisi Tanr\u0131\u00e7a Lakshmi'yi hem de engelleri ortadan kald\u0131ran Lord Ganesh'i onurland\u0131rmaktad\u0131r. Karma\u015f\u0131k renk detaylar\u0131 her bir fig\u00fcre hayat vererek bereket, bolluk ve uyumu sembolize eden e\u015fsiz ve b\u00fcy\u00fcleyici bir par\u00e7a yarat\u0131yor. Dhanteras ve Diwali d\u00f6nemlerinde bayram al\u0131\u015fveri\u015fleri i\u00e7in m\u00fckemmel olan bu madeni para, zarafet, maneviyat ve ustal\u0131\u011f\u0131 harmanlayarak ideal bir hediye ya da koleksiyona ek olarak kullan\u0131labilir. <a href=\"https:\/\/www.purejewels.com\/tr\/a-guide-to-die-stamping\/\">zanaatkarl\u0131k<\/a> tek bir g\u00fczel hat\u0131rada.<\/p>","protected":false},"excerpt":{"rendered":"<p>\u0130lahi G\u00fcm\u00fc\u015f Lakshmi Ganesh Madeni Para, Canl\u0131 Renk S\u00fcr\u00fcm\u00fc<\/p>\n<ul>\n<li><strong>Ala\u015f\u0131m<\/strong>: 99,99% Saf G\u00fcm\u00fc\u015f (0,9999 Ag)<\/li>\n<li><strong>A\u011f\u0131rl\u0131k<\/strong>: 20 gram<\/li>\n<li><strong>Tasar\u0131m<\/strong>: Renkli Madeni Para<\/li>\n<li><strong>Teslimat<\/strong>: 1-3 i\u015f g\u00fcn\u00fc i\u00e7erisinde kargoya verilir<\/li>\n<li><strong>Su\u00e7lamalar:\u00a0<\/strong>Teslimat ve KDV Dahil<\/li>\n<li><strong>Paketleme:\u00a0<\/strong>Sunum Kutusu ile Birlikte Gelir<\/li>\n<li><strong>Hediye:<\/strong> Dhanteras ve Diwali i\u00e7in m\u00fckemmel<\/li>\n<\/ul>","protected":false},"featured_media":374785,"comment_status":"closed","ping_status":"closed","template":"","meta":{"_eb_attr":"","_crsspst_to_jayantr4sg-hostcom":false},"product_brand":[],"product_cat":[1473,1647],"product_tag":[],"class_list":{"0":"post-374783","1":"product","2":"type-product","3":"status-publish","4":"has-post-thumbnail","6":"product_cat-bars-coins","7":"product_cat-silver-coins","9":"first","10":"outofstock","11":"taxable","12":"shipping-taxable","13":"product-type-simple","14":"add-to-wishlist-before_image"},"yoast_head":"<!-- This site is optimized with the Yoast SEO plugin v27.3 - https:\/\/yoast.com\/product\/yoast-seo-wordpress\/ -->\n<title>Divine Silver Lakshmi Ganesh Coin - 20g, available online<\/title>\n<meta name=\"description\" content=\"Divine Silver Lakshmi Ganesh Coin, crafted from 20g of sterling silver. Ideal for Dhanteras and Diwali, perfect gift or collectable.\" \/>\n<meta name=\"robots\" content=\"index, follow, max-snippet:-1, max-image-preview:large, max-video-preview:-1\" \/>\n<link rel=\"canonical\" href=\"https:\/\/www.purejewels.com\/tr\/urun\/ilahi-gumus-lakshmi-ganesh-sikke-20g-canli-renk-baskisi\/\" \/>\n<meta property=\"og:locale\" content=\"tr_TR\" \/>\n<meta property=\"og:type\" content=\"article\" \/>\n<meta property=\"og:title\" content=\"Divine Silver Lakshmi Ganesh Coin - 20g, available online\" \/>\n<meta property=\"og:description\" content=\"Divine Silver Lakshmi Ganesh Coin, crafted from 20g of sterling silver. Ideal for Dhanteras and Diwali, perfect gift or collectable.\" \/>\n<meta property=\"og:url\" content=\"https:\/\/www.purejewels.com\/tr\/urun\/ilahi-gumus-lakshmi-ganesh-sikke-20g-canli-renk-baskisi\/\" \/>\n<meta property=\"og:site_name\" content=\"PureJewels UK\" \/>\n<meta property=\"article:modified_time\" content=\"2025-02-07T15:52:03+00:00\" \/>\n<meta property=\"og:image\" content=\"https:\/\/www.purejewels.com\/wp-content\/uploads\/2024\/10\/Ganesh-Laxmi-front-scaled-e1729879375691.jpg\" \/>\n\t<meta property=\"og:image:width\" content=\"1373\" \/>\n\t<meta property=\"og:image:height\" content=\"1373\" \/>\n\t<meta property=\"og:image:type\" content=\"image\/jpeg\" \/>\n<meta name=\"twitter:card\" content=\"summary_large_image\" \/>\n<script type=\"application\/ld+json\" class=\"yoast-schema-graph\">{\"@context\":\"https:\\\/\\\/schema.org\",\"@graph\":[{\"@type\":[\"WebPage\",\"ItemPage\"],\"@id\":\"https:\\\/\\\/www.purejewels.com\\\/product\\\/divine-silver-lakshmi-ganesh-coin-20g-vibrant-color-edition\\\/\",\"url\":\"https:\\\/\\\/www.purejewels.com\\\/product\\\/divine-silver-lakshmi-ganesh-coin-20g-vibrant-color-edition\\\/\",\"name\":\"Divine Silver Lakshmi Ganesh Coin - 20g, available online\",\"isPartOf\":{\"@id\":\"https:\\\/\\\/www.purejewels.com\\\/#website\"},\"primaryImageOfPage\":{\"@id\":\"https:\\\/\\\/www.purejewels.com\\\/product\\\/divine-silver-lakshmi-ganesh-coin-20g-vibrant-color-edition\\\/#primaryimage\"},\"image\":{\"@id\":\"https:\\\/\\\/www.purejewels.com\\\/product\\\/divine-silver-lakshmi-ganesh-coin-20g-vibrant-color-edition\\\/#primaryimage\"},\"thumbnailUrl\":\"https:\\\/\\\/static.purejewels.com\\\/wp-content\\\/uploads\\\/2024\\\/10\\\/Ganesh-Laxmi-front-scaled-e1729879375691.jpg\",\"datePublished\":\"2024-08-25T18:05:46+00:00\",\"dateModified\":\"2025-02-07T15:52:03+00:00\",\"description\":\"Divine Silver Lakshmi Ganesh Coin, crafted from 20g of sterling silver. Ideal for Dhanteras and Diwali, perfect gift or collectable.\",\"breadcrumb\":{\"@id\":\"https:\\\/\\\/www.purejewels.com\\\/product\\\/divine-silver-lakshmi-ganesh-coin-20g-vibrant-color-edition\\\/#breadcrumb\"},\"inLanguage\":\"tr\",\"potentialAction\":[{\"@type\":\"ReadAction\",\"target\":[\"https:\\\/\\\/www.purejewels.com\\\/product\\\/divine-silver-lakshmi-ganesh-coin-20g-vibrant-color-edition\\\/\"]}]},{\"@type\":\"ImageObject\",\"inLanguage\":\"tr\",\"@id\":\"https:\\\/\\\/www.purejewels.com\\\/product\\\/divine-silver-lakshmi-ganesh-coin-20g-vibrant-color-edition\\\/#primaryimage\",\"url\":\"https:\\\/\\\/static.purejewels.com\\\/wp-content\\\/uploads\\\/2024\\\/10\\\/Ganesh-Laxmi-front-scaled-e1729879375691.jpg\",\"contentUrl\":\"https:\\\/\\\/static.purejewels.com\\\/wp-content\\\/uploads\\\/2024\\\/10\\\/Ganesh-Laxmi-front-scaled-e1729879375691.jpg\",\"width\":1373,\"height\":1373,\"caption\":\"Stacked from 4 images. Method=A (R=8,S=4)\"},{\"@type\":\"BreadcrumbList\",\"@id\":\"https:\\\/\\\/www.purejewels.com\\\/product\\\/divine-silver-lakshmi-ganesh-coin-20g-vibrant-color-edition\\\/#breadcrumb\",\"itemListElement\":[{\"@type\":\"ListItem\",\"position\":1,\"name\":\"Home\",\"item\":\"https:\\\/\\\/www.purejewels.com\\\/\"},{\"@type\":\"ListItem\",\"position\":2,\"name\":\"Shop\",\"item\":\"https:\\\/\\\/www.purejewels.com\\\/shop\\\/\"},{\"@type\":\"ListItem\",\"position\":3,\"name\":\"Silver Lakshmi Ganesh Coin &#8211; 20g, Vibrant Color Edition\"}]},{\"@type\":\"WebSite\",\"@id\":\"https:\\\/\\\/www.purejewels.com\\\/#website\",\"url\":\"https:\\\/\\\/www.purejewels.com\\\/\",\"name\":\"PureJewels UK\",\"description\":\"Share the Love\",\"publisher\":{\"@id\":\"https:\\\/\\\/www.purejewels.com\\\/#organization\"},\"potentialAction\":[{\"@type\":\"SearchAction\",\"target\":{\"@type\":\"EntryPoint\",\"urlTemplate\":\"https:\\\/\\\/www.purejewels.com\\\/?s={search_term_string}\"},\"query-input\":{\"@type\":\"PropertyValueSpecification\",\"valueRequired\":true,\"valueName\":\"search_term_string\"}}],\"inLanguage\":\"tr\"},{\"@type\":\"Organization\",\"@id\":\"https:\\\/\\\/www.purejewels.com\\\/#organization\",\"name\":\"PureJewels UK\",\"url\":\"https:\\\/\\\/www.purejewels.com\\\/\",\"logo\":{\"@type\":\"ImageObject\",\"inLanguage\":\"tr\",\"@id\":\"https:\\\/\\\/www.purejewels.com\\\/#\\\/schema\\\/logo\\\/image\\\/\",\"url\":\"https:\\\/\\\/static.purejewels.com\\\/wp-content\\\/uploads\\\/2020\\\/11\\\/Logo-PJ-New-1.png\",\"contentUrl\":\"https:\\\/\\\/static.purejewels.com\\\/wp-content\\\/uploads\\\/2020\\\/11\\\/Logo-PJ-New-1.png\",\"width\":150,\"height\":80,\"caption\":\"PureJewels UK\"},\"image\":{\"@id\":\"https:\\\/\\\/www.purejewels.com\\\/#\\\/schema\\\/logo\\\/image\\\/\"}}]}<\/script>\n<!-- \/ Yoast SEO plugin. -->","yoast_head_json":{"title":"Divine Silver Lakshmi Ganesh Coin - 20g, \u00e7evrimi\u00e7i olarak temin edilebilir","description":"\u0130lahi G\u00fcm\u00fc\u015f Lakshmi Ganesh Sikke, 20 gr saf g\u00fcm\u00fc\u015ften \u00fcretilmi\u015ftir. Dhanteras ve Diwali i\u00e7in ideal, m\u00fckemmel bir hediye veya koleksiyon \u00fcr\u00fcn\u00fc.","robots":{"index":"index","follow":"follow","max-snippet":"max-snippet:-1","max-image-preview":"max-image-preview:large","max-video-preview":"max-video-preview:-1"},"canonical":"https:\/\/www.purejewels.com\/tr\/urun\/ilahi-gumus-lakshmi-ganesh-sikke-20g-canli-renk-baskisi\/","og_locale":"tr_TR","og_type":"article","og_title":"Divine Silver Lakshmi Ganesh Coin - 20g, available online","og_description":"Divine Silver Lakshmi Ganesh Coin, crafted from 20g of sterling silver. Ideal for Dhanteras and Diwali, perfect gift or collectable.","og_url":"https:\/\/www.purejewels.com\/tr\/urun\/ilahi-gumus-lakshmi-ganesh-sikke-20g-canli-renk-baskisi\/","og_site_name":"PureJewels UK","article_modified_time":"2025-02-07T15:52:03+00:00","og_image":[{"width":1373,"height":1373,"url":"https:\/\/www.purejewels.com\/wp-content\/uploads\/2024\/10\/Ganesh-Laxmi-front-scaled-e1729879375691.jpg","type":"image\/jpeg"}],"twitter_card":"summary_large_image","schema":{"@context":"https:\/\/schema.org","@graph":[{"@type":["WebPage","ItemPage"],"@id":"https:\/\/www.purejewels.com\/product\/divine-silver-lakshmi-ganesh-coin-20g-vibrant-color-edition\/","url":"https:\/\/www.purejewels.com\/product\/divine-silver-lakshmi-ganesh-coin-20g-vibrant-color-edition\/","name":"Divine Silver Lakshmi Ganesh Coin - 20g, \u00e7evrimi\u00e7i olarak temin edilebilir","isPartOf":{"@id":"https:\/\/www.purejewels.com\/#website"},"primaryImageOfPage":{"@id":"https:\/\/www.purejewels.com\/product\/divine-silver-lakshmi-ganesh-coin-20g-vibrant-color-edition\/#primaryimage"},"image":{"@id":"https:\/\/www.purejewels.com\/product\/divine-silver-lakshmi-ganesh-coin-20g-vibrant-color-edition\/#primaryimage"},"thumbnailUrl":"https:\/\/static.purejewels.com\/wp-content\/uploads\/2024\/10\/Ganesh-Laxmi-front-scaled-e1729879375691.jpg","datePublished":"2024-08-25T18:05:46+00:00","dateModified":"2025-02-07T15:52:03+00:00","description":"\u0130lahi G\u00fcm\u00fc\u015f Lakshmi Ganesh Sikke, 20 gr saf g\u00fcm\u00fc\u015ften \u00fcretilmi\u015ftir. Dhanteras ve Diwali i\u00e7in ideal, m\u00fckemmel bir hediye veya koleksiyon \u00fcr\u00fcn\u00fc.","breadcrumb":{"@id":"https:\/\/www.purejewels.com\/product\/divine-silver-lakshmi-ganesh-coin-20g-vibrant-color-edition\/#breadcrumb"},"inLanguage":"tr","potentialAction":[{"@type":"ReadAction","target":["https:\/\/www.purejewels.com\/product\/divine-silver-lakshmi-ganesh-coin-20g-vibrant-color-edition\/"]}]},{"@type":"ImageObject","inLanguage":"tr","@id":"https:\/\/www.purejewels.com\/product\/divine-silver-lakshmi-ganesh-coin-20g-vibrant-color-edition\/#primaryimage","url":"https:\/\/static.purejewels.com\/wp-content\/uploads\/2024\/10\/Ganesh-Laxmi-front-scaled-e1729879375691.jpg","contentUrl":"https:\/\/static.purejewels.com\/wp-content\/uploads\/2024\/10\/Ganesh-Laxmi-front-scaled-e1729879375691.jpg","width":1373,"height":1373,"caption":"Stacked from 4 images. Method=A (R=8,S=4)"},{"@type":"BreadcrumbList","@id":"https:\/\/www.purejewels.com\/product\/divine-silver-lakshmi-ganesh-coin-20g-vibrant-color-edition\/#breadcrumb","itemListElement":[{"@type":"ListItem","position":1,"name":"Home","item":"https:\/\/www.purejewels.com\/"},{"@type":"ListItem","position":2,"name":"Shop","item":"https:\/\/www.purejewels.com\/shop\/"},{"@type":"ListItem","position":3,"name":"Silver Lakshmi Ganesh Coin &#8211; 20g, Vibrant Color Edition"}]},{"@type":"WebSite","@id":"https:\/\/www.purejewels.com\/#website","url":"https:\/\/www.purejewels.com\/","name":"PureJewels \u0130ngiltere","description":"Sevgiyi Payla\u015f\u0131n","publisher":{"@id":"https:\/\/www.purejewels.com\/#organization"},"potentialAction":[{"@type":"SearchAction","target":{"@type":"EntryPoint","urlTemplate":"https:\/\/www.purejewels.com\/?s={search_term_string}"},"query-input":{"@type":"PropertyValueSpecification","valueRequired":true,"valueName":"search_term_string"}}],"inLanguage":"tr"},{"@type":"Organization","@id":"https:\/\/www.purejewels.com\/#organization","name":"PureJewels \u0130ngiltere","url":"https:\/\/www.purejewels.com\/","logo":{"@type":"ImageObject","inLanguage":"tr","@id":"https:\/\/www.purejewels.com\/#\/schema\/logo\/image\/","url":"https:\/\/static.purejewels.com\/wp-content\/uploads\/2020\/11\/Logo-PJ-New-1.png","contentUrl":"https:\/\/static.purejewels.com\/wp-content\/uploads\/2020\/11\/Logo-PJ-New-1.png","width":150,"height":80,"caption":"PureJewels UK"},"image":{"@id":"https:\/\/www.purejewels.com\/#\/schema\/logo\/image\/"}}]}},"_links":{"self":[{"href":"https:\/\/www.purejewels.com\/tr\/wp-json\/wp\/v2\/product\/374783","targetHints":{"allow":["GET"]}}],"collection":[{"href":"https:\/\/www.purejewels.com\/tr\/wp-json\/wp\/v2\/product"}],"about":[{"href":"https:\/\/www.purejewels.com\/tr\/wp-json\/wp\/v2\/types\/product"}],"replies":[{"embeddable":true,"href":"https:\/\/www.purejewels.com\/tr\/wp-json\/wp\/v2\/comments?post=374783"}],"version-history":[{"count":3,"href":"https:\/\/www.purejewels.com\/tr\/wp-json\/wp\/v2\/product\/374783\/revisions"}],"predecessor-version":[{"id":374790,"href":"https:\/\/www.purejewels.com\/tr\/wp-json\/wp\/v2\/product\/374783\/revisions\/374790"}],"wp:featuredmedia":[{"embeddable":true,"href":"https:\/\/www.purejewels.com\/tr\/wp-json\/wp\/v2\/media\/374785"}],"wp:attachment":[{"href":"https:\/\/www.purejewels.com\/tr\/wp-json\/wp\/v2\/media?parent=374783"}],"wp:term":[{"taxonomy":"product_brand","embeddable":true,"href":"https:\/\/www.purejewels.com\/tr\/wp-json\/wp\/v2\/product_brand?post=374783"},{"taxonomy":"product_cat","embeddable":true,"href":"https:\/\/www.purejewels.com\/tr\/wp-json\/wp\/v2\/product_cat?post=374783"},{"taxonomy":"product_tag","embeddable":true,"href":"https:\/\/www.purejewels.com\/tr\/wp-json\/wp\/v2\/product_tag?post=374783"}],"curies":[{"name":"wp","href":"https:\/\/api.w.org\/{rel}","templated":true}]}}