{"id":374826,"date":"2024-10-26T12:43:18","date_gmt":"2024-10-26T11:43:18","guid":{"rendered":"https:\/\/www.purejewels.com\/?post_type=product&#038;p=374826"},"modified":"2026-05-05T13:47:45","modified_gmt":"2026-05-05T12:47:45","slug":"cicek-motifli-22-ayar-gundogumu-altin-kolye-49794","status":"publish","type":"product","link":"https:\/\/www.purejewels.com\/tr\/product\/22ct-sunrise-gold-necklace-with-flower-motifs-49794\/","title":{"rendered":"\u00c7i\u00e7ek Motifli 22 Ayar G\u00fcndo\u011fumu Alt\u0131n Kolye | Rozet Koleksiyonu"},"content":{"rendered":"<p><span data-sheets-root=\"1\">Rosette Koleksiyonundan \u00c7i\u00e7ek Motifli bu zarif 22 ayar Sunrise Alt\u0131n Kolye, zarafet ve incelik yans\u0131tan ger\u00e7ek bir ba\u015fyap\u0131tt\u0131r. Hassasiyet ve detaylara g\u00f6sterilen \u00f6zenle haz\u0131rlanan bu kolye, her k\u0131yafete kad\u0131ns\u0131l\u0131k ve cazibe katan karma\u015f\u0131k \u00e7i\u00e7ek motiflerine sahiptir.<\/span><\/p>\n<p>Bu kolyede kullan\u0131lan 6,4 gram 22 ayar alt\u0131n, kolyeye l\u00fcks ve zengin bir hava katarak onu \u00f6zel g\u00fcnler veya g\u00fcnl\u00fck kullan\u0131m i\u00e7in m\u00fckemmel bir aksesuar haline getirir. 18,5 in\u00e7 uzunlu\u011fundaki bu kolye, di\u011fer kolyelerle birlikte veya tek ba\u015f\u0131na takmak i\u00e7in idealdir.<\/p>\n<p>Rosette Koleksiyonu'ndan bu \u00e7arp\u0131c\u0131 par\u00e7aya sahip olma f\u0131rsat\u0131n\u0131 ka\u00e7\u0131rmay\u0131n. Hemen sipari\u015f verin ve m\u00fccevher koleksiyonunuza \u00e7i\u00e7eksi bir zarafet kat\u0131n.<\/p>","protected":false},"excerpt":{"rendered":"<table>\n<tbody>\n<tr>\n<td>Kolye Tipi<\/td>\n<td>Rozet Kolye<\/td>\n<\/tr>\n<tr>\n<td>A\u011f\u0131rl\u0131k<\/td>\n<td>6,67 gms<\/td>\n<\/tr>\n<tr>\n<td>SKU<\/td>\n<td>52798<\/td>\n<\/tr>\n<tr>\n<td>Uzunluk<\/td>\n<td>18 \u0130n\u00e7<\/td>\n<\/tr>\n<tr>\n<td>Metal<\/td>\n<td>22 Ayar Alt\u0131n<\/td>\n<\/tr>\n<tr>\n<td>Koleksiyon<\/td>\n<td>Rozet Koleksiyonu<\/td>\n<\/tr>\n<tr>\n<td>Cinsiyet<\/td>\n<td>Bayanlar<\/td>\n<\/tr>\n<tr>\n<td>\u00dccretler<\/td>\n<td>Teslimat ve KDV Dahil<\/td>\n<\/tr>\n<tr>\n<td>Paketleme<\/td>\n<td>Sunum Kutusu ile Birlikte Gelir<\/td>\n<\/tr>\n<tr>\n<td>Daha Fazla Bilgi<\/td>\n<td>M\u00fcsaitlik durumu ve daha fazla resim i\u00e7in bizimle canl\u0131 sohbet edin<\/td>\n<\/tr>\n<\/tbody>\n<\/table>","protected":false},"featured_media":429475,"comment_status":"closed","ping_status":"closed","template":"","meta":{"_eb_attr":"","_crsspst_to_jayantr4sg-hostcom":false},"product_brand":[],"product_cat":[1791,236,1793,5701,1229,1253,1656,5275,1778,1573,1574,5349],"product_tag":[],"class_list":{"0":"post-374826","1":"product","2":"type-product","3":"status-publish","4":"has-post-thumbnail","6":"product_cat-anniversary-gifts","7":"product_cat-collections","8":"product_cat-diwali-gifts","9":"product_cat-eid-jewellery","10":"product_cat-22ct-gold-jewellery","11":"product_cat-gold-necklaces","12":"product_cat-rosettes-collections","13":"product_cat-rosettes-necklace","14":"product_cat-short-necklaces","15":"product_cat-wedding-gifts","16":"product_cat-womens-jewellery","17":"product_cat-yellow-gold-jewellery","19":"first","20":"instock","21":"taxable","22":"shipping-taxable","23":"purchasable","24":"product-type-simple","25":"add-to-wishlist-before_image"},"yoast_head":"<!-- This site is optimized with the Yoast SEO plugin v27.5 - https:\/\/yoast.com\/product\/yoast-seo-wordpress\/ -->\n<title>22ct Sunrise Gold Necklace with Flower Motifs | Purejewels UK<\/title>\n<meta name=\"description\" content=\"Adorn yourself with the 22ct Sunrise Gold Necklace featuring delicate flower motifs from the Rosette Collection. Exquisitely crafted in pure real 22ct gold.\" \/>\n<meta name=\"robots\" content=\"index, follow, max-snippet:-1, max-image-preview:large, max-video-preview:-1\" \/>\n<link rel=\"canonical\" href=\"https:\/\/www.purejewels.com\/tr\/urun\/cicek-motifli-22-ayar-gundogumu-altin-kolye-49794\/\" \/>\n<meta property=\"og:locale\" content=\"tr_TR\" \/>\n<meta property=\"og:type\" content=\"article\" \/>\n<meta property=\"og:title\" content=\"22ct Sunrise Gold Necklace with Flower Motifs | Purejewels UK\" \/>\n<meta property=\"og:description\" content=\"Adorn yourself with the 22ct Sunrise Gold Necklace featuring delicate flower motifs from the Rosette Collection. Exquisitely crafted in pure real 22ct gold.\" \/>\n<meta property=\"og:url\" content=\"https:\/\/www.purejewels.com\/tr\/urun\/cicek-motifli-22-ayar-gundogumu-altin-kolye-49794\/\" \/>\n<meta property=\"og:site_name\" content=\"PureJewels UK\" \/>\n<meta property=\"article:modified_time\" content=\"2026-05-05T12:47:45+00:00\" \/>\n<meta property=\"og:image\" content=\"https:\/\/static.purejewels.com\/wp-content\/uploads\/2024\/10\/SGNTNSRS002L18DS-ZOOM.jpg\" \/>\n\t<meta property=\"og:image:width\" content=\"1000\" \/>\n\t<meta property=\"og:image:height\" content=\"1000\" \/>\n\t<meta property=\"og:image:type\" content=\"image\/jpeg\" \/>\n<meta name=\"twitter:card\" content=\"summary_large_image\" \/>\n<meta name=\"twitter:label1\" content=\"Tahmini okuma s\u00fcresi\" \/>\n\t<meta name=\"twitter:data1\" content=\"1 dakika\" \/>\n<script type=\"application\/ld+json\" class=\"yoast-schema-graph\">{\"@context\":\"https:\\\/\\\/schema.org\",\"@graph\":[{\"@type\":[\"WebPage\",\"ItemPage\"],\"@id\":\"https:\\\/\\\/www.purejewels.com\\\/product\\\/22ct-sunrise-gold-necklace-with-flower-motifs-49794\\\/\",\"url\":\"https:\\\/\\\/www.purejewels.com\\\/product\\\/22ct-sunrise-gold-necklace-with-flower-motifs-49794\\\/\",\"name\":\"22ct Sunrise Gold Necklace with Flower Motifs | Purejewels UK\",\"isPartOf\":{\"@id\":\"https:\\\/\\\/www.purejewels.com\\\/#website\"},\"primaryImageOfPage\":{\"@id\":\"https:\\\/\\\/www.purejewels.com\\\/product\\\/22ct-sunrise-gold-necklace-with-flower-motifs-49794\\\/#primaryimage\"},\"image\":{\"@id\":\"https:\\\/\\\/www.purejewels.com\\\/product\\\/22ct-sunrise-gold-necklace-with-flower-motifs-49794\\\/#primaryimage\"},\"thumbnailUrl\":\"https:\\\/\\\/static.purejewels.com\\\/wp-content\\\/uploads\\\/2024\\\/10\\\/SGNTNSRS002L18DS-ZOOM.jpg\",\"datePublished\":\"2024-10-26T11:43:18+00:00\",\"dateModified\":\"2026-05-05T12:47:45+00:00\",\"description\":\"Adorn yourself with the 22ct Sunrise Gold Necklace featuring delicate flower motifs from the Rosette Collection. Exquisitely crafted in pure real 22ct gold.\",\"breadcrumb\":{\"@id\":\"https:\\\/\\\/www.purejewels.com\\\/product\\\/22ct-sunrise-gold-necklace-with-flower-motifs-49794\\\/#breadcrumb\"},\"inLanguage\":\"tr\",\"potentialAction\":[{\"@type\":\"ReadAction\",\"target\":[\"https:\\\/\\\/www.purejewels.com\\\/product\\\/22ct-sunrise-gold-necklace-with-flower-motifs-49794\\\/\"]}]},{\"@type\":\"ImageObject\",\"inLanguage\":\"tr\",\"@id\":\"https:\\\/\\\/www.purejewels.com\\\/product\\\/22ct-sunrise-gold-necklace-with-flower-motifs-49794\\\/#primaryimage\",\"url\":\"https:\\\/\\\/static.purejewels.com\\\/wp-content\\\/uploads\\\/2024\\\/10\\\/SGNTNSRS002L18DS-ZOOM.jpg\",\"contentUrl\":\"https:\\\/\\\/static.purejewels.com\\\/wp-content\\\/uploads\\\/2024\\\/10\\\/SGNTNSRS002L18DS-ZOOM.jpg\",\"width\":1000,\"height\":1000,\"caption\":\"Stacked from 9 images. Method=B (R=8,S=4)\"},{\"@type\":\"BreadcrumbList\",\"@id\":\"https:\\\/\\\/www.purejewels.com\\\/product\\\/22ct-sunrise-gold-necklace-with-flower-motifs-49794\\\/#breadcrumb\",\"itemListElement\":[{\"@type\":\"ListItem\",\"position\":1,\"name\":\"Home\",\"item\":\"https:\\\/\\\/www.purejewels.com\\\/\"},{\"@type\":\"ListItem\",\"position\":2,\"name\":\"Shop\",\"item\":\"https:\\\/\\\/www.purejewels.com\\\/shop\\\/\"},{\"@type\":\"ListItem\",\"position\":3,\"name\":\"22ct Sunrise Gold Necklace with Flower Motifs | Rosette Collection\"}]},{\"@type\":\"WebSite\",\"@id\":\"https:\\\/\\\/www.purejewels.com\\\/#website\",\"url\":\"https:\\\/\\\/www.purejewels.com\\\/\",\"name\":\"PureJewels UK\",\"description\":\"Share the Love\",\"publisher\":{\"@id\":\"https:\\\/\\\/www.purejewels.com\\\/#organization\"},\"potentialAction\":[{\"@type\":\"SearchAction\",\"target\":{\"@type\":\"EntryPoint\",\"urlTemplate\":\"https:\\\/\\\/www.purejewels.com\\\/?s={search_term_string}\"},\"query-input\":{\"@type\":\"PropertyValueSpecification\",\"valueRequired\":true,\"valueName\":\"search_term_string\"}}],\"inLanguage\":\"tr\"},{\"@type\":\"Organization\",\"@id\":\"https:\\\/\\\/www.purejewels.com\\\/#organization\",\"name\":\"PureJewels UK\",\"url\":\"https:\\\/\\\/www.purejewels.com\\\/\",\"logo\":{\"@type\":\"ImageObject\",\"inLanguage\":\"tr\",\"@id\":\"https:\\\/\\\/www.purejewels.com\\\/#\\\/schema\\\/logo\\\/image\\\/\",\"url\":\"https:\\\/\\\/static.purejewels.com\\\/wp-content\\\/uploads\\\/2020\\\/11\\\/Logo-PJ-New-1.png\",\"contentUrl\":\"https:\\\/\\\/static.purejewels.com\\\/wp-content\\\/uploads\\\/2020\\\/11\\\/Logo-PJ-New-1.png\",\"width\":150,\"height\":80,\"caption\":\"PureJewels UK\"},\"image\":{\"@id\":\"https:\\\/\\\/www.purejewels.com\\\/#\\\/schema\\\/logo\\\/image\\\/\"}}]}<\/script>\n<!-- \/ Yoast SEO plugin. -->","yoast_head_json":{"title":"\u00c7i\u00e7ek Motifli 22 Ayar G\u00fcn Do\u011fumu Alt\u0131n Kolye | Purejewels UK","description":"Rosette Koleksiyonu'ndan narin \u00e7i\u00e7ek motifleri i\u00e7eren 22 ayar Sunrise Alt\u0131n Kolye ile kendinizi s\u00fcsleyin. Saf ger\u00e7ek 22 ayar alt\u0131ndan zarif bir \u015fekilde \u00fcretilmi\u015ftir.","robots":{"index":"index","follow":"follow","max-snippet":"max-snippet:-1","max-image-preview":"max-image-preview:large","max-video-preview":"max-video-preview:-1"},"canonical":"https:\/\/www.purejewels.com\/tr\/urun\/cicek-motifli-22-ayar-gundogumu-altin-kolye-49794\/","og_locale":"tr_TR","og_type":"article","og_title":"22ct Sunrise Gold Necklace with Flower Motifs | Purejewels UK","og_description":"Adorn yourself with the 22ct Sunrise Gold Necklace featuring delicate flower motifs from the Rosette Collection. Exquisitely crafted in pure real 22ct gold.","og_url":"https:\/\/www.purejewels.com\/tr\/urun\/cicek-motifli-22-ayar-gundogumu-altin-kolye-49794\/","og_site_name":"PureJewels UK","article_modified_time":"2026-05-05T12:47:45+00:00","og_image":[{"width":1000,"height":1000,"url":"https:\/\/static.purejewels.com\/wp-content\/uploads\/2024\/10\/SGNTNSRS002L18DS-ZOOM.jpg","type":"image\/jpeg"}],"twitter_card":"summary_large_image","twitter_misc":{"Tahmini okuma s\u00fcresi":"1 dakika"},"schema":{"@context":"https:\/\/schema.org","@graph":[{"@type":["WebPage","ItemPage"],"@id":"https:\/\/www.purejewels.com\/product\/22ct-sunrise-gold-necklace-with-flower-motifs-49794\/","url":"https:\/\/www.purejewels.com\/product\/22ct-sunrise-gold-necklace-with-flower-motifs-49794\/","name":"\u00c7i\u00e7ek Motifli 22 Ayar G\u00fcn Do\u011fumu Alt\u0131n Kolye | Purejewels UK","isPartOf":{"@id":"https:\/\/www.purejewels.com\/#website"},"primaryImageOfPage":{"@id":"https:\/\/www.purejewels.com\/product\/22ct-sunrise-gold-necklace-with-flower-motifs-49794\/#primaryimage"},"image":{"@id":"https:\/\/www.purejewels.com\/product\/22ct-sunrise-gold-necklace-with-flower-motifs-49794\/#primaryimage"},"thumbnailUrl":"https:\/\/static.purejewels.com\/wp-content\/uploads\/2024\/10\/SGNTNSRS002L18DS-ZOOM.jpg","datePublished":"2024-10-26T11:43:18+00:00","dateModified":"2026-05-05T12:47:45+00:00","description":"Rosette Koleksiyonu'ndan narin \u00e7i\u00e7ek motifleri i\u00e7eren 22 ayar Sunrise Alt\u0131n Kolye ile kendinizi s\u00fcsleyin. Saf ger\u00e7ek 22 ayar alt\u0131ndan zarif bir \u015fekilde \u00fcretilmi\u015ftir.","breadcrumb":{"@id":"https:\/\/www.purejewels.com\/product\/22ct-sunrise-gold-necklace-with-flower-motifs-49794\/#breadcrumb"},"inLanguage":"tr","potentialAction":[{"@type":"ReadAction","target":["https:\/\/www.purejewels.com\/product\/22ct-sunrise-gold-necklace-with-flower-motifs-49794\/"]}]},{"@type":"ImageObject","inLanguage":"tr","@id":"https:\/\/www.purejewels.com\/product\/22ct-sunrise-gold-necklace-with-flower-motifs-49794\/#primaryimage","url":"https:\/\/static.purejewels.com\/wp-content\/uploads\/2024\/10\/SGNTNSRS002L18DS-ZOOM.jpg","contentUrl":"https:\/\/static.purejewels.com\/wp-content\/uploads\/2024\/10\/SGNTNSRS002L18DS-ZOOM.jpg","width":1000,"height":1000,"caption":"Stacked from 9 images. Method=B (R=8,S=4)"},{"@type":"BreadcrumbList","@id":"https:\/\/www.purejewels.com\/product\/22ct-sunrise-gold-necklace-with-flower-motifs-49794\/#breadcrumb","itemListElement":[{"@type":"ListItem","position":1,"name":"Home","item":"https:\/\/www.purejewels.com\/"},{"@type":"ListItem","position":2,"name":"Shop","item":"https:\/\/www.purejewels.com\/shop\/"},{"@type":"ListItem","position":3,"name":"22ct Sunrise Gold Necklace with Flower Motifs | Rosette Collection"}]},{"@type":"WebSite","@id":"https:\/\/www.purejewels.com\/#website","url":"https:\/\/www.purejewels.com\/","name":"PureJewels \u0130ngiltere","description":"Sevgiyi Payla\u015f\u0131n","publisher":{"@id":"https:\/\/www.purejewels.com\/#organization"},"potentialAction":[{"@type":"SearchAction","target":{"@type":"EntryPoint","urlTemplate":"https:\/\/www.purejewels.com\/?s={search_term_string}"},"query-input":{"@type":"PropertyValueSpecification","valueRequired":true,"valueName":"search_term_string"}}],"inLanguage":"tr"},{"@type":"Organization","@id":"https:\/\/www.purejewels.com\/#organization","name":"PureJewels \u0130ngiltere","url":"https:\/\/www.purejewels.com\/","logo":{"@type":"ImageObject","inLanguage":"tr","@id":"https:\/\/www.purejewels.com\/#\/schema\/logo\/image\/","url":"https:\/\/static.purejewels.com\/wp-content\/uploads\/2020\/11\/Logo-PJ-New-1.png","contentUrl":"https:\/\/static.purejewels.com\/wp-content\/uploads\/2020\/11\/Logo-PJ-New-1.png","width":150,"height":80,"caption":"PureJewels UK"},"image":{"@id":"https:\/\/www.purejewels.com\/#\/schema\/logo\/image\/"}}]}},"_links":{"self":[{"href":"https:\/\/www.purejewels.com\/tr\/wp-json\/wp\/v2\/product\/374826","targetHints":{"allow":["GET"]}}],"collection":[{"href":"https:\/\/www.purejewels.com\/tr\/wp-json\/wp\/v2\/product"}],"about":[{"href":"https:\/\/www.purejewels.com\/tr\/wp-json\/wp\/v2\/types\/product"}],"replies":[{"embeddable":true,"href":"https:\/\/www.purejewels.com\/tr\/wp-json\/wp\/v2\/comments?post=374826"}],"version-history":[{"count":4,"href":"https:\/\/www.purejewels.com\/tr\/wp-json\/wp\/v2\/product\/374826\/revisions"}],"predecessor-version":[{"id":429477,"href":"https:\/\/www.purejewels.com\/tr\/wp-json\/wp\/v2\/product\/374826\/revisions\/429477"}],"wp:featuredmedia":[{"embeddable":true,"href":"https:\/\/www.purejewels.com\/tr\/wp-json\/wp\/v2\/media\/429475"}],"wp:attachment":[{"href":"https:\/\/www.purejewels.com\/tr\/wp-json\/wp\/v2\/media?parent=374826"}],"wp:term":[{"taxonomy":"product_brand","embeddable":true,"href":"https:\/\/www.purejewels.com\/tr\/wp-json\/wp\/v2\/product_brand?post=374826"},{"taxonomy":"product_cat","embeddable":true,"href":"https:\/\/www.purejewels.com\/tr\/wp-json\/wp\/v2\/product_cat?post=374826"},{"taxonomy":"product_tag","embeddable":true,"href":"https:\/\/www.purejewels.com\/tr\/wp-json\/wp\/v2\/product_tag?post=374826"}],"curies":[{"name":"wp","href":"https:\/\/api.w.org\/{rel}","templated":true}]}}