{"id":374899,"date":"2024-10-28T09:07:13","date_gmt":"2024-10-28T09:07:13","guid":{"rendered":"https:\/\/www.purejewels.com\/?post_type=product&#038;p=374899"},"modified":"2026-02-03T07:37:55","modified_gmt":"2026-02-03T07:37:55","slug":"22-ayar-altin-yuvarlak-sekilli-kolye-ucu-49682","status":"publish","type":"product","link":"https:\/\/www.purejewels.com\/tr\/product\/22ct-gold-round-shaped-pendant-49682\/","title":{"rendered":"22 Ayar Alt\u0131n Yuvarlak \u015eekilli Kolye Ucu | Armari Koleksiyonu | 12mm"},"content":{"rendered":"<p data-start=\"645\" data-end=\"1053\"><strong data-start=\"645\" data-end=\"663\">Tasar\u0131m Konsepti<\/strong><br data-start=\"663\" data-end=\"666\" \/>Bu kolye ucu, miras\u0131n uyumla bulu\u015ftu\u011fu Armari Koleksiyonu'nun \u00f6z\u00fcn\u00fc yans\u0131t\u0131yor. 12 mm'lik yuvarlak silueti, ince ip kenarlarla \u00e7er\u00e7evelenmi\u015f, \u00e7i\u00e7eklerden ilham alan motiflerden olu\u015fan ince detayl\u0131 bir kafes ta\u015f\u0131r. Tasar\u0131m, dengeyi, s\u00fcreklili\u011fi ve kullan\u0131c\u0131n\u0131n ki\u015fisel yolculu\u011funu sembolize etmek i\u00e7in k\u00fclt\u00fcrel sanattan yararlan\u0131yor. Kompakt ama \u00e7arp\u0131c\u0131 olan bu tasar\u0131m, minimal bir forma derinlik ve karakter kat\u0131yor.<\/p>\n<p data-start=\"1055\" data-end=\"1468\"><strong data-start=\"1055\" data-end=\"1072\">Zanaatkarl\u0131k<\/strong><br data-start=\"1072\" data-end=\"1075\" \/>Londra'daki at\u00f6lyemizde 22 ayar alt\u0131ndan ustal\u0131kla el i\u015f\u00e7ili\u011fiyle \u00fcretilen bu kolye ucu, geleneksel kal\u0131p damgalama ve hassas el i\u015f\u00e7ili\u011fiyle \u00fcretilmi\u015f, dayan\u0131kl\u0131l\u0131k ve incelik i\u00e7in \u00e7a\u011fda\u015f teknolojiyle zenginle\u015ftirilmi\u015ftir. Her bir k\u0131vr\u0131m ve doku, alt\u0131n\u0131n do\u011fal parlakl\u0131\u011f\u0131n\u0131 ortaya \u00e7\u0131karmak i\u00e7in \u00f6zenle parlat\u0131l\u0131rken, par\u00e7a Londra Tahlil Ofisi taraf\u0131ndan damgalanarak safl\u0131k ve provenans sa\u011flanm\u0131\u015ft\u0131r.<\/p>\n<p data-start=\"1470\" data-end=\"1874\"><strong data-start=\"1470\" data-end=\"1487\">Stil Fikirleri<\/strong><br data-start=\"1487\" data-end=\"1490\" \/>\u00c7ok y\u00f6nl\u00fc ve zarif olan bu 12 mm'lik kolye ucu, g\u00fcnl\u00fck kullan\u0131m i\u00e7in ince alt\u0131n zincirlerle g\u00fczel bir \u015fekilde e\u015fle\u015fir veya \u00e7a\u011fda\u015f bir ifade i\u00e7in daha uzun kolyelerle katmanlan\u0131r. \u0130nce detaylar\u0131, onu hem g\u00fcndelik k\u0131yafetler hem de t\u00f6ren k\u0131yafetleri i\u00e7in zarif bir tamamlay\u0131c\u0131 haline getirir. \u0130ster bir sevgi simgesi olarak hediye edilsin ister ki\u015fisel bir amblem olarak tak\u0131ls\u0131n, zamanla anlam kazanan yadig\u00e2r bir par\u00e7ad\u0131r.<\/p>","protected":false},"excerpt":{"rendered":"<p>Armari Koleksiyonu'ndan, saf 22 ayar alt\u0131ndan \u00fcretilmi\u015f, 12 mm'lik \u0131\u015f\u0131lt\u0131l\u0131 bir yuvarlak kolye ucu. Yumu\u015fak antik vurgulara sahip zarif desenli bir motif i\u00e7eren bu par\u00e7a, gelene\u011fi modern sadelikle birle\u015ftiriyor. G\u00fcnl\u00fck bir imza veya anlaml\u0131 bir hediye olarak m\u00fckemmel olan bu par\u00e7a, el \u00fcst\u00fcnde tutulacak zamans\u0131z bir hazinedir.<\/p>\n<p>L\u00fctfen Dikkat, zincir kolyeye dahil de\u011fildir.<\/p>\n<p><strong>Malzeme:<\/strong>\u00a022 Ayar Alt\u0131n (91,6% Saf Alt\u0131n)<br \/>\n<strong>Biti\u015f<\/strong>: Antik Kaplama<br \/>\n<strong>Hallmark:<\/strong>\u00a0\u0130ngiliz Damgas\u0131<br \/>\n<strong>SKU:<\/strong> 52261, 49682<br \/>\n<strong>Br\u00fct A\u011f\u0131rl\u0131k:<\/strong> 1.1 Gms<br data-start=\"779\" data-end=\"782\" \/><strong data-start=\"782\" data-end=\"799\">\u00c7ap: <\/strong>12mm<\/p>\n<p><strong>Fiyat ve Teslimat:<\/strong>\u00a0KDV ve teslimat \u00fccretleri dahil<br \/>\n<a href=\"https:\/\/www.purejewels.com\/tr\/i%cc%87ade-poli%cc%87ti%cc%87kasi\/\"><strong>\u0130ade Politikas\u0131<\/strong><\/a><\/p>","protected":false},"featured_media":374900,"comment_status":"closed","ping_status":"closed","template":"","meta":{"_eb_attr":"","_crsspst_to_jayantr4sg-hostcom":false},"product_brand":[],"product_cat":[1791,245,5670,236,1793,5701,1770,1792,1790,1229,1255,5342,1767,5347,1570,5338,5353,1573,1574,5349],"product_tag":[],"class_list":{"0":"post-374899","1":"product","2":"type-product","3":"status-publish","4":"has-post-thumbnail","6":"product_cat-anniversary-gifts","7":"product_cat-armari-collections","8":"product_cat-armari-pendant","9":"product_cat-collections","10":"product_cat-diwali-gifts","11":"product_cat-eid-jewellery","12":"product_cat-fancy-pendants","13":"product_cat-festival-gifts","14":"product_cat-for-whom-when","15":"product_cat-22ct-gold-jewellery","16":"product_cat-gold-pendants","17":"product_cat-jewellery-under-250","18":"product_cat-ladies-pendants","19":"product_cat-shop-by-metal","20":"product_cat-mothers-day-gifts","21":"product_cat-shop-by-price","22":"product_cat-shop-by","23":"product_cat-wedding-gifts","24":"product_cat-womens-jewellery","25":"product_cat-yellow-gold-jewellery","27":"first","28":"instock","29":"taxable","30":"shipping-taxable","31":"purchasable","32":"product-type-simple","33":"add-to-wishlist-before_image"},"yoast_head":"<!-- This site is optimized with the Yoast SEO plugin v27.6 - https:\/\/yoast.com\/product\/yoast-seo-wordpress\/ -->\n<title>22ct Gold Handmade Round Shaped Pendant with Antique Finish<\/title>\n<meta name=\"description\" content=\"Discover the exquisite 22ct Gold pendant with an Antique Finish from our Armari Collection, available online at Purejewels UK.\" \/>\n<meta name=\"robots\" content=\"index, follow, max-snippet:-1, max-image-preview:large, max-video-preview:-1\" \/>\n<link rel=\"canonical\" href=\"https:\/\/www.purejewels.com\/tr\/urun\/22-ayar-altin-yuvarlak-sekilli-kolye-ucu-49682\/\" \/>\n<meta property=\"og:locale\" content=\"tr_TR\" \/>\n<meta property=\"og:type\" content=\"article\" \/>\n<meta property=\"og:title\" content=\"22ct Gold Handmade Round Shaped Pendant with Antique Finish\" \/>\n<meta property=\"og:description\" content=\"Discover the exquisite 22ct Gold pendant with an Antique Finish from our Armari Collection, available online at Purejewels UK.\" \/>\n<meta property=\"og:url\" content=\"https:\/\/www.purejewels.com\/tr\/urun\/22-ayar-altin-yuvarlak-sekilli-kolye-ucu-49682\/\" \/>\n<meta property=\"og:site_name\" content=\"PureJewels UK\" \/>\n<meta property=\"article:modified_time\" content=\"2026-02-03T07:37:55+00:00\" \/>\n<meta property=\"og:image\" content=\"https:\/\/static.purejewels.com\/wp-content\/uploads\/2024\/10\/49682-1.jpg\" \/>\n\t<meta property=\"og:image:width\" content=\"1000\" \/>\n\t<meta property=\"og:image:height\" content=\"1000\" \/>\n\t<meta property=\"og:image:type\" content=\"image\/jpeg\" \/>\n<meta name=\"twitter:card\" content=\"summary_large_image\" \/>\n<meta name=\"twitter:label1\" content=\"Tahmini okuma s\u00fcresi\" \/>\n\t<meta name=\"twitter:data1\" content=\"1 dakika\" \/>\n<script type=\"application\/ld+json\" class=\"yoast-schema-graph\">{\"@context\":\"https:\\\/\\\/schema.org\",\"@graph\":[{\"@type\":[\"WebPage\",\"ItemPage\"],\"@id\":\"https:\\\/\\\/www.purejewels.com\\\/product\\\/22ct-gold-round-shaped-pendant-49682\\\/\",\"url\":\"https:\\\/\\\/www.purejewels.com\\\/product\\\/22ct-gold-round-shaped-pendant-49682\\\/\",\"name\":\"22ct Gold Handmade Round Shaped Pendant with Antique Finish\",\"isPartOf\":{\"@id\":\"https:\\\/\\\/www.purejewels.com\\\/#website\"},\"primaryImageOfPage\":{\"@id\":\"https:\\\/\\\/www.purejewels.com\\\/product\\\/22ct-gold-round-shaped-pendant-49682\\\/#primaryimage\"},\"image\":{\"@id\":\"https:\\\/\\\/www.purejewels.com\\\/product\\\/22ct-gold-round-shaped-pendant-49682\\\/#primaryimage\"},\"thumbnailUrl\":\"https:\\\/\\\/static.purejewels.com\\\/wp-content\\\/uploads\\\/2024\\\/10\\\/49682-1.jpg\",\"datePublished\":\"2024-10-28T09:07:13+00:00\",\"dateModified\":\"2026-02-03T07:37:55+00:00\",\"description\":\"Discover the exquisite 22ct Gold pendant with an Antique Finish from our Armari Collection, available online at Purejewels UK.\",\"breadcrumb\":{\"@id\":\"https:\\\/\\\/www.purejewels.com\\\/product\\\/22ct-gold-round-shaped-pendant-49682\\\/#breadcrumb\"},\"inLanguage\":\"tr\",\"potentialAction\":[{\"@type\":\"ReadAction\",\"target\":[\"https:\\\/\\\/www.purejewels.com\\\/product\\\/22ct-gold-round-shaped-pendant-49682\\\/\"]}]},{\"@type\":\"ImageObject\",\"inLanguage\":\"tr\",\"@id\":\"https:\\\/\\\/www.purejewels.com\\\/product\\\/22ct-gold-round-shaped-pendant-49682\\\/#primaryimage\",\"url\":\"https:\\\/\\\/static.purejewels.com\\\/wp-content\\\/uploads\\\/2024\\\/10\\\/49682-1.jpg\",\"contentUrl\":\"https:\\\/\\\/static.purejewels.com\\\/wp-content\\\/uploads\\\/2024\\\/10\\\/49682-1.jpg\",\"width\":1000,\"height\":1000,\"caption\":\"22ct Gold Pendant\"},{\"@type\":\"BreadcrumbList\",\"@id\":\"https:\\\/\\\/www.purejewels.com\\\/product\\\/22ct-gold-round-shaped-pendant-49682\\\/#breadcrumb\",\"itemListElement\":[{\"@type\":\"ListItem\",\"position\":1,\"name\":\"Home\",\"item\":\"https:\\\/\\\/www.purejewels.com\\\/\"},{\"@type\":\"ListItem\",\"position\":2,\"name\":\"Shop\",\"item\":\"https:\\\/\\\/www.purejewels.com\\\/shop\\\/\"},{\"@type\":\"ListItem\",\"position\":3,\"name\":\"22ct Gold Round Shaped Pendant | Armari Collection | 12mm\"}]},{\"@type\":\"WebSite\",\"@id\":\"https:\\\/\\\/www.purejewels.com\\\/#website\",\"url\":\"https:\\\/\\\/www.purejewels.com\\\/\",\"name\":\"PureJewels UK\",\"description\":\"Share the Love\",\"publisher\":{\"@id\":\"https:\\\/\\\/www.purejewels.com\\\/#organization\"},\"potentialAction\":[{\"@type\":\"SearchAction\",\"target\":{\"@type\":\"EntryPoint\",\"urlTemplate\":\"https:\\\/\\\/www.purejewels.com\\\/?s={search_term_string}\"},\"query-input\":{\"@type\":\"PropertyValueSpecification\",\"valueRequired\":true,\"valueName\":\"search_term_string\"}}],\"inLanguage\":\"tr\"},{\"@type\":\"Organization\",\"@id\":\"https:\\\/\\\/www.purejewels.com\\\/#organization\",\"name\":\"PureJewels UK\",\"url\":\"https:\\\/\\\/www.purejewels.com\\\/\",\"logo\":{\"@type\":\"ImageObject\",\"inLanguage\":\"tr\",\"@id\":\"https:\\\/\\\/www.purejewels.com\\\/#\\\/schema\\\/logo\\\/image\\\/\",\"url\":\"https:\\\/\\\/static.purejewels.com\\\/wp-content\\\/uploads\\\/2020\\\/11\\\/Logo-PJ-New-1.png\",\"contentUrl\":\"https:\\\/\\\/static.purejewels.com\\\/wp-content\\\/uploads\\\/2020\\\/11\\\/Logo-PJ-New-1.png\",\"width\":150,\"height\":80,\"caption\":\"PureJewels UK\"},\"image\":{\"@id\":\"https:\\\/\\\/www.purejewels.com\\\/#\\\/schema\\\/logo\\\/image\\\/\"}}]}<\/script>\n<!-- \/ Yoast SEO plugin. -->","yoast_head_json":{"title":"Antik Kaplama ile 22 Ayar Alt\u0131n El Yap\u0131m\u0131 Yuvarlak \u015eekilli Kolye","description":"Purejewels UK'de online olarak sunulan Armari Koleksiyonumuzdan Antik Kaplamal\u0131 22 Ayar Alt\u0131n zarif kolyeyi ke\u015ffedin.","robots":{"index":"index","follow":"follow","max-snippet":"max-snippet:-1","max-image-preview":"max-image-preview:large","max-video-preview":"max-video-preview:-1"},"canonical":"https:\/\/www.purejewels.com\/tr\/urun\/22-ayar-altin-yuvarlak-sekilli-kolye-ucu-49682\/","og_locale":"tr_TR","og_type":"article","og_title":"22ct Gold Handmade Round Shaped Pendant with Antique Finish","og_description":"Discover the exquisite 22ct Gold pendant with an Antique Finish from our Armari Collection, available online at Purejewels UK.","og_url":"https:\/\/www.purejewels.com\/tr\/urun\/22-ayar-altin-yuvarlak-sekilli-kolye-ucu-49682\/","og_site_name":"PureJewels UK","article_modified_time":"2026-02-03T07:37:55+00:00","og_image":[{"width":1000,"height":1000,"url":"https:\/\/static.purejewels.com\/wp-content\/uploads\/2024\/10\/49682-1.jpg","type":"image\/jpeg"}],"twitter_card":"summary_large_image","twitter_misc":{"Tahmini okuma s\u00fcresi":"1 dakika"},"schema":{"@context":"https:\/\/schema.org","@graph":[{"@type":["WebPage","ItemPage"],"@id":"https:\/\/www.purejewels.com\/product\/22ct-gold-round-shaped-pendant-49682\/","url":"https:\/\/www.purejewels.com\/product\/22ct-gold-round-shaped-pendant-49682\/","name":"Antik Kaplama ile 22 Ayar Alt\u0131n El Yap\u0131m\u0131 Yuvarlak \u015eekilli Kolye","isPartOf":{"@id":"https:\/\/www.purejewels.com\/#website"},"primaryImageOfPage":{"@id":"https:\/\/www.purejewels.com\/product\/22ct-gold-round-shaped-pendant-49682\/#primaryimage"},"image":{"@id":"https:\/\/www.purejewels.com\/product\/22ct-gold-round-shaped-pendant-49682\/#primaryimage"},"thumbnailUrl":"https:\/\/static.purejewels.com\/wp-content\/uploads\/2024\/10\/49682-1.jpg","datePublished":"2024-10-28T09:07:13+00:00","dateModified":"2026-02-03T07:37:55+00:00","description":"Purejewels UK'de online olarak sunulan Armari Koleksiyonumuzdan Antik Kaplamal\u0131 22 Ayar Alt\u0131n zarif kolyeyi ke\u015ffedin.","breadcrumb":{"@id":"https:\/\/www.purejewels.com\/product\/22ct-gold-round-shaped-pendant-49682\/#breadcrumb"},"inLanguage":"tr","potentialAction":[{"@type":"ReadAction","target":["https:\/\/www.purejewels.com\/product\/22ct-gold-round-shaped-pendant-49682\/"]}]},{"@type":"ImageObject","inLanguage":"tr","@id":"https:\/\/www.purejewels.com\/product\/22ct-gold-round-shaped-pendant-49682\/#primaryimage","url":"https:\/\/static.purejewels.com\/wp-content\/uploads\/2024\/10\/49682-1.jpg","contentUrl":"https:\/\/static.purejewels.com\/wp-content\/uploads\/2024\/10\/49682-1.jpg","width":1000,"height":1000,"caption":"22ct Gold Pendant"},{"@type":"BreadcrumbList","@id":"https:\/\/www.purejewels.com\/product\/22ct-gold-round-shaped-pendant-49682\/#breadcrumb","itemListElement":[{"@type":"ListItem","position":1,"name":"Home","item":"https:\/\/www.purejewels.com\/"},{"@type":"ListItem","position":2,"name":"Shop","item":"https:\/\/www.purejewels.com\/shop\/"},{"@type":"ListItem","position":3,"name":"22ct Gold Round Shaped Pendant | Armari Collection | 12mm"}]},{"@type":"WebSite","@id":"https:\/\/www.purejewels.com\/#website","url":"https:\/\/www.purejewels.com\/","name":"PureJewels \u0130ngiltere","description":"Sevgiyi Payla\u015f\u0131n","publisher":{"@id":"https:\/\/www.purejewels.com\/#organization"},"potentialAction":[{"@type":"SearchAction","target":{"@type":"EntryPoint","urlTemplate":"https:\/\/www.purejewels.com\/?s={search_term_string}"},"query-input":{"@type":"PropertyValueSpecification","valueRequired":true,"valueName":"search_term_string"}}],"inLanguage":"tr"},{"@type":"Organization","@id":"https:\/\/www.purejewels.com\/#organization","name":"PureJewels \u0130ngiltere","url":"https:\/\/www.purejewels.com\/","logo":{"@type":"ImageObject","inLanguage":"tr","@id":"https:\/\/www.purejewels.com\/#\/schema\/logo\/image\/","url":"https:\/\/static.purejewels.com\/wp-content\/uploads\/2020\/11\/Logo-PJ-New-1.png","contentUrl":"https:\/\/static.purejewels.com\/wp-content\/uploads\/2020\/11\/Logo-PJ-New-1.png","width":150,"height":80,"caption":"PureJewels UK"},"image":{"@id":"https:\/\/www.purejewels.com\/#\/schema\/logo\/image\/"}}]}},"_links":{"self":[{"href":"https:\/\/www.purejewels.com\/tr\/wp-json\/wp\/v2\/product\/374899","targetHints":{"allow":["GET"]}}],"collection":[{"href":"https:\/\/www.purejewels.com\/tr\/wp-json\/wp\/v2\/product"}],"about":[{"href":"https:\/\/www.purejewels.com\/tr\/wp-json\/wp\/v2\/types\/product"}],"replies":[{"embeddable":true,"href":"https:\/\/www.purejewels.com\/tr\/wp-json\/wp\/v2\/comments?post=374899"}],"version-history":[{"count":6,"href":"https:\/\/www.purejewels.com\/tr\/wp-json\/wp\/v2\/product\/374899\/revisions"}],"predecessor-version":[{"id":424354,"href":"https:\/\/www.purejewels.com\/tr\/wp-json\/wp\/v2\/product\/374899\/revisions\/424354"}],"wp:featuredmedia":[{"embeddable":true,"href":"https:\/\/www.purejewels.com\/tr\/wp-json\/wp\/v2\/media\/374900"}],"wp:attachment":[{"href":"https:\/\/www.purejewels.com\/tr\/wp-json\/wp\/v2\/media?parent=374899"}],"wp:term":[{"taxonomy":"product_brand","embeddable":true,"href":"https:\/\/www.purejewels.com\/tr\/wp-json\/wp\/v2\/product_brand?post=374899"},{"taxonomy":"product_cat","embeddable":true,"href":"https:\/\/www.purejewels.com\/tr\/wp-json\/wp\/v2\/product_cat?post=374899"},{"taxonomy":"product_tag","embeddable":true,"href":"https:\/\/www.purejewels.com\/tr\/wp-json\/wp\/v2\/product_tag?post=374899"}],"curies":[{"name":"wp","href":"https:\/\/api.w.org\/{rel}","templated":true}]}}