{"id":374932,"date":"2025-04-29T05:48:17","date_gmt":"2025-04-29T04:48:17","guid":{"rendered":"https:\/\/www.purejewels.com\/?post_type=product&#038;p=374932"},"modified":"2026-02-04T09:49:02","modified_gmt":"2026-02-04T09:49:02","slug":"22-ayar-duz-saray-altin-kordon-q-49412","status":"publish","type":"product","link":"https:\/\/www.purejewels.com\/tr\/product\/22ct-flat-court-gold-band-size-q-49412\/","title":{"rendered":"22 Ayar D\u00fcz Court Alt\u0131n Kordon | Q Beden"},"content":{"rendered":"<p>A\u015fk\u0131 ve ba\u011fl\u0131l\u0131\u011f\u0131 kutlamak i\u00e7in <strong><a href=\"https:\/\/www.purejewels.com\/tr\/product\/22ct-gold-jali-filigree-ring-jali-collection-31926\/\">22ct<\/a> D\u00fcz Mahkeme <a href=\"https:\/\/www.purejewels.com\/tr\/product\/22ct-sunrise-hollow-round-profile-band-48462\/\">Alt\u0131n Bant<\/a><\/strong>'den sofistike bir par\u00e7a. <strong>Sevgililer G\u00fcn\u00fc i\u00e7in Erkek Tak\u0131 Koleksiyonu<\/strong>. Birinci s\u0131n\u0131f 22 ayar alt\u0131ndan \u00fcretilen bu y\u00fcz\u00fck, hem zarafet hem de rahatl\u0131k sunan \u015f\u0131k, d\u00fcz bir avize tasar\u0131m\u0131na sahiptir. Zamans\u0131z \u00e7ekicili\u011fi sayesinde ni\u015fan, d\u00fc\u011f\u00fcn veya \u00f6zel bir Sevgililer G\u00fcn\u00fc hediyesi olarak ideal bir se\u00e7imdir.<\/p>\n<p>G\u00fcnl\u00fck kullan\u0131m i\u00e7in m\u00fckemmel olan Size Q kordon, ayn\u0131 \u00f6l\u00e7\u00fcde g\u00fc\u00e7 ve stil yans\u0131t\u0131r. \u0130ster \u00f6nemli bir d\u00f6n\u00fcm noktas\u0131na i\u015faret etsin, ister sadece a\u015fk\u0131 kutlas\u0131n, bu alt\u0131n kordon ba\u011fl\u0131l\u0131\u011f\u0131n ve sofistikeli\u011fin kal\u0131c\u0131 bir sembol\u00fcd\u00fcr.<\/p>","protected":false},"excerpt":{"rendered":"<table class=\"sh_desc\">\n<tbody>\n<tr>\n<td>Y\u00fcz\u00fck Tipi<\/td>\n<td>D\u00fc\u011f\u00fcn Bandosu<\/td>\n<\/tr>\n<tr>\n<td>SKU<\/td>\n<td>49412<\/td>\n<\/tr>\n<tr>\n<td>Boyut<\/td>\n<td>Q<\/td>\n<\/tr>\n<tr>\n<td>A\u011f\u0131rl\u0131k<\/td>\n<td>4.5 Gms<\/td>\n<\/tr>\n<tr>\n<td>Geni\u015flik<\/td>\n<td>3mm<\/td>\n<\/tr>\n<tr>\n<td>Metal<\/td>\n<td>22 Ayar Alt\u0131n<\/td>\n<\/tr>\n<tr>\n<td>\u00dccretler<\/td>\n<td>Teslimat ve KDV Dahil<\/td>\n<\/tr>\n<tr>\n<td>Hallmark<\/td>\n<td>Londra Tahlil Ofisi Taraf\u0131ndan Damgalanm\u0131\u015f 22 Ayar Alt\u0131n<\/td>\n<\/tr>\n<tr>\n<td>\u00dccretler<\/td>\n<td>Teslimat ve KDV Dahil<\/td>\n<\/tr>\n<tr>\n<td>Paketleme<\/td>\n<td>Sunum Kutusu ile Birlikte Gelir<\/td>\n<\/tr>\n<tr>\n<td>Daha Fazla Bilgi<\/td>\n<td>M\u00fcsaitlik durumu ve daha fazla resim i\u00e7in bizimle canl\u0131 sohbet edin<\/td>\n<\/tr>\n<\/tbody>\n<\/table>","protected":false},"featured_media":346172,"comment_status":"closed","ping_status":"closed","template":"","meta":{"_eb_attr":"","_crsspst_to_jayantr4sg-hostcom":false},"product_brand":[],"product_cat":[1640,1559,1229,1569,229,1573,5349],"product_tag":[],"class_list":{"0":"post-374932","1":"product","2":"type-product","3":"status-publish","4":"has-post-thumbnail","6":"product_cat-22ct-gold-bands","7":"product_cat-birthday-gifts","8":"product_cat-22ct-gold-jewellery","9":"product_cat-valentine-day-gifts","10":"product_cat-wedding-bands","11":"product_cat-wedding-gifts","12":"product_cat-yellow-gold-jewellery","14":"first","15":"instock","16":"taxable","17":"shipping-taxable","18":"purchasable","19":"product-type-simple","20":"add-to-wishlist-before_image"},"yoast_head":"<!-- This site is optimized with the Yoast SEO plugin v27.5 - https:\/\/yoast.com\/product\/yoast-seo-wordpress\/ -->\n<title>22ct Flat Court Gold Band | Size Q - Classic Elegance<\/title>\n<meta name=\"description\" content=\"Discover timeless elegance with our 22ct Flat Court Gold Band in Size Q. Crafted with high-quality 22ct gold, this classic ring combines durability.\" \/>\n<meta name=\"robots\" content=\"index, follow, max-snippet:-1, max-image-preview:large, max-video-preview:-1\" \/>\n<link rel=\"canonical\" href=\"https:\/\/www.purejewels.com\/tr\/urun\/22-ayar-duz-saray-altin-kordon-q-49412\/\" \/>\n<meta property=\"og:locale\" content=\"tr_TR\" \/>\n<meta property=\"og:type\" content=\"article\" \/>\n<meta property=\"og:title\" content=\"22ct Flat Court Gold Band | Size Q - Classic Elegance\" \/>\n<meta property=\"og:description\" content=\"Discover timeless elegance with our 22ct Flat Court Gold Band in Size Q. Crafted with high-quality 22ct gold, this classic ring combines durability.\" \/>\n<meta property=\"og:url\" content=\"https:\/\/www.purejewels.com\/tr\/urun\/22-ayar-duz-saray-altin-kordon-q-49412\/\" \/>\n<meta property=\"og:site_name\" content=\"PureJewels UK\" \/>\n<meta property=\"article:modified_time\" content=\"2026-02-04T09:49:02+00:00\" \/>\n<meta property=\"og:image\" content=\"https:\/\/static.purejewels.com\/wp-content\/uploads\/2023\/04\/SKU-45093-1.jpg\" \/>\n\t<meta property=\"og:image:width\" content=\"1\" \/>\n\t<meta property=\"og:image:height\" content=\"1\" \/>\n\t<meta property=\"og:image:type\" content=\"image\/jpeg\" \/>\n<meta name=\"twitter:card\" content=\"summary_large_image\" \/>\n<meta name=\"twitter:label1\" content=\"Tahmini okuma s\u00fcresi\" \/>\n\t<meta name=\"twitter:data1\" content=\"1 dakika\" \/>\n<script type=\"application\/ld+json\" class=\"yoast-schema-graph\">{\"@context\":\"https:\\\/\\\/schema.org\",\"@graph\":[{\"@type\":[\"WebPage\",\"ItemPage\"],\"@id\":\"https:\\\/\\\/www.purejewels.com\\\/product\\\/22ct-flat-court-gold-band-size-q-49412\\\/\",\"url\":\"https:\\\/\\\/www.purejewels.com\\\/product\\\/22ct-flat-court-gold-band-size-q-49412\\\/\",\"name\":\"22ct Flat Court Gold Band | Size Q - Classic Elegance\",\"isPartOf\":{\"@id\":\"https:\\\/\\\/www.purejewels.com\\\/#website\"},\"primaryImageOfPage\":{\"@id\":\"https:\\\/\\\/www.purejewels.com\\\/product\\\/22ct-flat-court-gold-band-size-q-49412\\\/#primaryimage\"},\"image\":{\"@id\":\"https:\\\/\\\/www.purejewels.com\\\/product\\\/22ct-flat-court-gold-band-size-q-49412\\\/#primaryimage\"},\"thumbnailUrl\":\"https:\\\/\\\/static.purejewels.com\\\/wp-content\\\/uploads\\\/2023\\\/04\\\/SKU-45093-1.jpg\",\"datePublished\":\"2025-04-29T04:48:17+00:00\",\"dateModified\":\"2026-02-04T09:49:02+00:00\",\"description\":\"Discover timeless elegance with our 22ct Flat Court Gold Band in Size Q. Crafted with high-quality 22ct gold, this classic ring combines durability.\",\"breadcrumb\":{\"@id\":\"https:\\\/\\\/www.purejewels.com\\\/product\\\/22ct-flat-court-gold-band-size-q-49412\\\/#breadcrumb\"},\"inLanguage\":\"tr\",\"potentialAction\":[{\"@type\":\"ReadAction\",\"target\":[\"https:\\\/\\\/www.purejewels.com\\\/product\\\/22ct-flat-court-gold-band-size-q-49412\\\/\"]}]},{\"@type\":\"ImageObject\",\"inLanguage\":\"tr\",\"@id\":\"https:\\\/\\\/www.purejewels.com\\\/product\\\/22ct-flat-court-gold-band-size-q-49412\\\/#primaryimage\",\"url\":\"https:\\\/\\\/static.purejewels.com\\\/wp-content\\\/uploads\\\/2023\\\/04\\\/SKU-45093-1.jpg\",\"contentUrl\":\"https:\\\/\\\/static.purejewels.com\\\/wp-content\\\/uploads\\\/2023\\\/04\\\/SKU-45093-1.jpg\",\"caption\":\"22ct Gold Traditional Court Ring\"},{\"@type\":\"BreadcrumbList\",\"@id\":\"https:\\\/\\\/www.purejewels.com\\\/product\\\/22ct-flat-court-gold-band-size-q-49412\\\/#breadcrumb\",\"itemListElement\":[{\"@type\":\"ListItem\",\"position\":1,\"name\":\"Home\",\"item\":\"https:\\\/\\\/www.purejewels.com\\\/\"},{\"@type\":\"ListItem\",\"position\":2,\"name\":\"Shop\",\"item\":\"https:\\\/\\\/www.purejewels.com\\\/shop\\\/\"},{\"@type\":\"ListItem\",\"position\":3,\"name\":\"22ct Flat Court Gold Band | Size Q\"}]},{\"@type\":\"WebSite\",\"@id\":\"https:\\\/\\\/www.purejewels.com\\\/#website\",\"url\":\"https:\\\/\\\/www.purejewels.com\\\/\",\"name\":\"PureJewels UK\",\"description\":\"Share the Love\",\"publisher\":{\"@id\":\"https:\\\/\\\/www.purejewels.com\\\/#organization\"},\"potentialAction\":[{\"@type\":\"SearchAction\",\"target\":{\"@type\":\"EntryPoint\",\"urlTemplate\":\"https:\\\/\\\/www.purejewels.com\\\/?s={search_term_string}\"},\"query-input\":{\"@type\":\"PropertyValueSpecification\",\"valueRequired\":true,\"valueName\":\"search_term_string\"}}],\"inLanguage\":\"tr\"},{\"@type\":\"Organization\",\"@id\":\"https:\\\/\\\/www.purejewels.com\\\/#organization\",\"name\":\"PureJewels UK\",\"url\":\"https:\\\/\\\/www.purejewels.com\\\/\",\"logo\":{\"@type\":\"ImageObject\",\"inLanguage\":\"tr\",\"@id\":\"https:\\\/\\\/www.purejewels.com\\\/#\\\/schema\\\/logo\\\/image\\\/\",\"url\":\"https:\\\/\\\/static.purejewels.com\\\/wp-content\\\/uploads\\\/2020\\\/11\\\/Logo-PJ-New-1.png\",\"contentUrl\":\"https:\\\/\\\/static.purejewels.com\\\/wp-content\\\/uploads\\\/2020\\\/11\\\/Logo-PJ-New-1.png\",\"width\":150,\"height\":80,\"caption\":\"PureJewels UK\"},\"image\":{\"@id\":\"https:\\\/\\\/www.purejewels.com\\\/#\\\/schema\\\/logo\\\/image\\\/\"}}]}<\/script>\n<!-- \/ Yoast SEO plugin. -->","yoast_head_json":{"title":"22 Ayar D\u00fcz Court Alt\u0131n Kordon | Q Beden - Classic Elegance","description":"Q Beden 22 Ayar Flat Court Alt\u0131n Kordonumuzla zamans\u0131z \u015f\u0131kl\u0131\u011f\u0131 ke\u015ffedin. Y\u00fcksek kaliteli 22 ayar alt\u0131nla \u00fcretilen bu klasik y\u00fcz\u00fck dayan\u0131kl\u0131l\u0131\u011f\u0131 bir araya getiriyor.","robots":{"index":"index","follow":"follow","max-snippet":"max-snippet:-1","max-image-preview":"max-image-preview:large","max-video-preview":"max-video-preview:-1"},"canonical":"https:\/\/www.purejewels.com\/tr\/urun\/22-ayar-duz-saray-altin-kordon-q-49412\/","og_locale":"tr_TR","og_type":"article","og_title":"22ct Flat Court Gold Band | Size Q - Classic Elegance","og_description":"Discover timeless elegance with our 22ct Flat Court Gold Band in Size Q. Crafted with high-quality 22ct gold, this classic ring combines durability.","og_url":"https:\/\/www.purejewels.com\/tr\/urun\/22-ayar-duz-saray-altin-kordon-q-49412\/","og_site_name":"PureJewels UK","article_modified_time":"2026-02-04T09:49:02+00:00","og_image":[{"url":"https:\/\/static.purejewels.com\/wp-content\/uploads\/2023\/04\/SKU-45093-1.jpg","width":1,"height":1,"type":"image\/jpeg"}],"twitter_card":"summary_large_image","twitter_misc":{"Tahmini okuma s\u00fcresi":"1 dakika"},"schema":{"@context":"https:\/\/schema.org","@graph":[{"@type":["WebPage","ItemPage"],"@id":"https:\/\/www.purejewels.com\/product\/22ct-flat-court-gold-band-size-q-49412\/","url":"https:\/\/www.purejewels.com\/product\/22ct-flat-court-gold-band-size-q-49412\/","name":"22 Ayar D\u00fcz Court Alt\u0131n Kordon | Q Beden - Classic Elegance","isPartOf":{"@id":"https:\/\/www.purejewels.com\/#website"},"primaryImageOfPage":{"@id":"https:\/\/www.purejewels.com\/product\/22ct-flat-court-gold-band-size-q-49412\/#primaryimage"},"image":{"@id":"https:\/\/www.purejewels.com\/product\/22ct-flat-court-gold-band-size-q-49412\/#primaryimage"},"thumbnailUrl":"https:\/\/static.purejewels.com\/wp-content\/uploads\/2023\/04\/SKU-45093-1.jpg","datePublished":"2025-04-29T04:48:17+00:00","dateModified":"2026-02-04T09:49:02+00:00","description":"Q Beden 22 Ayar Flat Court Alt\u0131n Kordonumuzla zamans\u0131z \u015f\u0131kl\u0131\u011f\u0131 ke\u015ffedin. Y\u00fcksek kaliteli 22 ayar alt\u0131nla \u00fcretilen bu klasik y\u00fcz\u00fck dayan\u0131kl\u0131l\u0131\u011f\u0131 bir araya getiriyor.","breadcrumb":{"@id":"https:\/\/www.purejewels.com\/product\/22ct-flat-court-gold-band-size-q-49412\/#breadcrumb"},"inLanguage":"tr","potentialAction":[{"@type":"ReadAction","target":["https:\/\/www.purejewels.com\/product\/22ct-flat-court-gold-band-size-q-49412\/"]}]},{"@type":"ImageObject","inLanguage":"tr","@id":"https:\/\/www.purejewels.com\/product\/22ct-flat-court-gold-band-size-q-49412\/#primaryimage","url":"https:\/\/static.purejewels.com\/wp-content\/uploads\/2023\/04\/SKU-45093-1.jpg","contentUrl":"https:\/\/static.purejewels.com\/wp-content\/uploads\/2023\/04\/SKU-45093-1.jpg","caption":"22ct Gold Traditional Court Ring"},{"@type":"BreadcrumbList","@id":"https:\/\/www.purejewels.com\/product\/22ct-flat-court-gold-band-size-q-49412\/#breadcrumb","itemListElement":[{"@type":"ListItem","position":1,"name":"Home","item":"https:\/\/www.purejewels.com\/"},{"@type":"ListItem","position":2,"name":"Shop","item":"https:\/\/www.purejewels.com\/shop\/"},{"@type":"ListItem","position":3,"name":"22ct Flat Court Gold Band | Size Q"}]},{"@type":"WebSite","@id":"https:\/\/www.purejewels.com\/#website","url":"https:\/\/www.purejewels.com\/","name":"PureJewels \u0130ngiltere","description":"Sevgiyi Payla\u015f\u0131n","publisher":{"@id":"https:\/\/www.purejewels.com\/#organization"},"potentialAction":[{"@type":"SearchAction","target":{"@type":"EntryPoint","urlTemplate":"https:\/\/www.purejewels.com\/?s={search_term_string}"},"query-input":{"@type":"PropertyValueSpecification","valueRequired":true,"valueName":"search_term_string"}}],"inLanguage":"tr"},{"@type":"Organization","@id":"https:\/\/www.purejewels.com\/#organization","name":"PureJewels \u0130ngiltere","url":"https:\/\/www.purejewels.com\/","logo":{"@type":"ImageObject","inLanguage":"tr","@id":"https:\/\/www.purejewels.com\/#\/schema\/logo\/image\/","url":"https:\/\/static.purejewels.com\/wp-content\/uploads\/2020\/11\/Logo-PJ-New-1.png","contentUrl":"https:\/\/static.purejewels.com\/wp-content\/uploads\/2020\/11\/Logo-PJ-New-1.png","width":150,"height":80,"caption":"PureJewels UK"},"image":{"@id":"https:\/\/www.purejewels.com\/#\/schema\/logo\/image\/"}}]}},"_links":{"self":[{"href":"https:\/\/www.purejewels.com\/tr\/wp-json\/wp\/v2\/product\/374932","targetHints":{"allow":["GET"]}}],"collection":[{"href":"https:\/\/www.purejewels.com\/tr\/wp-json\/wp\/v2\/product"}],"about":[{"href":"https:\/\/www.purejewels.com\/tr\/wp-json\/wp\/v2\/types\/product"}],"replies":[{"embeddable":true,"href":"https:\/\/www.purejewels.com\/tr\/wp-json\/wp\/v2\/comments?post=374932"}],"version-history":[{"count":3,"href":"https:\/\/www.purejewels.com\/tr\/wp-json\/wp\/v2\/product\/374932\/revisions"}],"predecessor-version":[{"id":392526,"href":"https:\/\/www.purejewels.com\/tr\/wp-json\/wp\/v2\/product\/374932\/revisions\/392526"}],"wp:featuredmedia":[{"embeddable":true,"href":"https:\/\/www.purejewels.com\/tr\/wp-json\/wp\/v2\/media\/346172"}],"wp:attachment":[{"href":"https:\/\/www.purejewels.com\/tr\/wp-json\/wp\/v2\/media?parent=374932"}],"wp:term":[{"taxonomy":"product_brand","embeddable":true,"href":"https:\/\/www.purejewels.com\/tr\/wp-json\/wp\/v2\/product_brand?post=374932"},{"taxonomy":"product_cat","embeddable":true,"href":"https:\/\/www.purejewels.com\/tr\/wp-json\/wp\/v2\/product_cat?post=374932"},{"taxonomy":"product_tag","embeddable":true,"href":"https:\/\/www.purejewels.com\/tr\/wp-json\/wp\/v2\/product_tag?post=374932"}],"curies":[{"name":"wp","href":"https:\/\/api.w.org\/{rel}","templated":true}]}}