{"id":374940,"date":"2024-10-29T06:26:39","date_gmt":"2024-10-29T06:26:39","guid":{"rendered":"https:\/\/www.purejewels.com\/?post_type=product&#038;p=374940"},"modified":"2026-01-19T10:41:42","modified_gmt":"2026-01-19T10:41:42","slug":"22-ayar-gundogumu-altin-rozet-bileklik-beden-2-4-vidali-49747","status":"publish","type":"product","link":"https:\/\/www.purejewels.com\/tr\/product\/22ct-sunrise-gold-rosette-bangle-size-2-4-with-screw-49747\/","title":{"rendered":"22 Ayar Sunrise Alt\u0131n Vidal\u0131 Rozet Bileklik | 2,4 Beden"},"content":{"rendered":"<p data-start=\"0\" data-end=\"384\"><strong data-start=\"0\" data-end=\"10\">Tasar\u0131m<\/strong><br data-start=\"10\" data-end=\"13\" \/>Bu 22 ayar Sunrise Alt\u0131n Rozet Bileklik, bile\u011fin etraf\u0131nda akan yontulmu\u015f rozetlerden olu\u015fan kesintisiz bir bant ile \u0131\u015f\u0131lt\u0131l\u0131 bir ifade par\u00e7as\u0131 olarak tasarlanm\u0131\u015ft\u0131r. Her bir \u00e7i\u00e7ek formu, \u0131\u015f\u0131\u011f\u0131 her a\u00e7\u0131dan yakalayan zengin dokulu bir y\u00fczey olu\u015fturarak cesur ama karma\u015f\u0131k bir his verir. C\u00f6mert 9,5 mm geni\u015fli\u011fi, gelin giyimi ve b\u00fcy\u00fck etkinlikler i\u00e7in m\u00fckemmel olan kendinden emin bir duru\u015f sa\u011flar.<\/p>\n<p data-start=\"386\" data-end=\"791\"><strong data-start=\"386\" data-end=\"403\">Zanaatkarl\u0131k<\/strong><br data-start=\"403\" data-end=\"406\" \/>PureJewels'in imzas\u0131 niteli\u011findeki 22 ayar G\u00fcn Do\u011fumu Alt\u0131n\u0131ndan \u00fcretilen bileklik, renk s\u0131cakl\u0131\u011f\u0131n\u0131 zarif detaylarla dengeliyor. Yakla\u015f\u0131k 23,73 gram a\u011f\u0131rl\u0131\u011f\u0131ndaki bileklik, tasar\u0131mdan \u00f6d\u00fcn vermeden g\u00fcvenli kullan\u0131m ve kolay \u00e7\u0131karma sa\u011flayan geleneksel bir vida ba\u011flant\u0131s\u0131na sahiptir. Her bileklik, alt\u0131n\u0131n orijinalli\u011fini ve safl\u0131\u011f\u0131n\u0131 belgeleyen Londra Assay Office taraf\u0131ndan \u0130ngiltere'de damgalanm\u0131\u015ft\u0131r.<\/p>\n<p data-start=\"793\" data-end=\"1253\" data-is-last-node=\"\" data-is-only-node=\"\"><strong data-start=\"793\" data-end=\"814\">\u015eekillendirme &amp; Hediyele\u015fme<\/strong><br data-start=\"814\" data-end=\"817\" \/>Bu Rozet bilekli\u011fi gelin setinizin ana par\u00e7as\u0131 olarak tak\u0131n veya g\u00fczel bir \u015fekilde koordine edilmi\u015f bir g\u00f6r\u00fcn\u00fcm i\u00e7in daha ince alt\u0131n kadalar ve rozet kolye ile e\u015fle\u015ftirin. \u0130pek sariler, lehengalar ve \u00e7a\u011fda\u015f k\u0131yafetlerle zarif bir \u015fekilde uyum sa\u011flayarak kombininize derinlik ve zenginlik katar. Hediye kutusunda sunulan bu kolye, d\u00fc\u011f\u00fcnler, y\u0131ld\u00f6n\u00fcmleri veya hayat\u0131n en \u00f6nemli d\u00f6n\u00fcm noktalar\u0131n\u0131 i\u015faretlemek i\u00e7in yadig\u00e2r de\u011ferinde \u00f6zel bir hediye olarak unutulmaz bir se\u00e7imdir.<\/p>","protected":false},"excerpt":{"rendered":"<div class=\"woocommerce-product-details__short-description\">\n<table class=\"sh_desc\" style=\"width: 100%; height: 336px;\">\n<tbody>\n<tr style=\"height: 28px;\">\n<td style=\"height: 28px;\">Bileklik T\u00fcr\u00fc<\/td>\n<td style=\"height: 28px;\">Gelin Giyim Bileklik<\/td>\n<\/tr>\n<tr style=\"height: 28px;\">\n<td style=\"height: 28px;\">SKU<\/td>\n<td style=\"height: 28px;\">52361, 52063<\/td>\n<\/tr>\n<tr style=\"height: 28px;\">\n<td style=\"height: 28px;\">A\u011f\u0131rl\u0131k<\/td>\n<td style=\"height: 28px;\">23,7 Gms<\/td>\n<\/tr>\n<tr style=\"height: 28px;\">\n<td style=\"height: 28px;\">Metal<\/td>\n<td style=\"height: 28px;\">22 Ayar Alt\u0131n<\/td>\n<\/tr>\n<tr style=\"height: 28px;\">\n<td style=\"height: 28px;\">Geni\u015flik<\/td>\n<td style=\"height: 28px;\">9,5 mm<\/td>\n<\/tr>\n<tr style=\"height: 28px;\">\n<td style=\"height: 28px;\">Bileklik \u00d6l\u00e7\u00fcs\u00fc<\/td>\n<td style=\"height: 28px;\">2.4 (Ek boyutlar i\u00e7in l\u00fctfen sorunuz)<\/td>\n<\/tr>\n<tr style=\"height: 28px;\">\n<td style=\"height: 28px;\">Koleksiyon<\/td>\n<td style=\"height: 28px;\"><strong>Rozet Koleksiyonu<\/strong><\/td>\n<\/tr>\n<tr style=\"height: 28px;\">\n<td style=\"height: 28px;\">Hallmark<\/td>\n<td style=\"height: 28px;\">Londra Tahlil Ofisi Taraf\u0131ndan Damgalanm\u0131\u015f 22 Ayar Alt\u0131n<\/td>\n<\/tr>\n<tr style=\"height: 28px;\">\n<td style=\"height: 28px;\">\u00dccretler<\/td>\n<td style=\"height: 28px;\">Teslimat ve KDV Dahil<\/td>\n<\/tr>\n<tr style=\"height: 28px;\">\n<td style=\"height: 28px;\">Paketleme<\/td>\n<td style=\"height: 28px;\">Sunum Kutusu ile Birlikte Gelir<\/td>\n<\/tr>\n<tr style=\"height: 84px;\">\n<td style=\"height: 84px;\">Daha Fazla Bilgi<\/td>\n<td style=\"height: 84px;\">\n<ul>\n<li>Not: Burada belirtilen fiyat\u0131n Tek Kada i\u00e7in oldu\u011funu unutmay\u0131n<\/li>\n<li>M\u00fcsaitlik durumu ve daha fazla resim i\u00e7in bizimle canl\u0131 sohbet edin<\/li>\n<li>Koleksiyonumuzu g\u00f6r\u00fcnt\u00fcleyin\u00a0<strong>alt\u0131n bilezikler \u0130ngiltere<\/strong><\/li>\n<\/ul>\n<\/td>\n<\/tr>\n<\/tbody>\n<\/table>\n<\/div>\n<p>&nbsp;<\/p>","protected":false},"featured_media":342183,"comment_status":"closed","ping_status":"closed","template":"","meta":{"_eb_attr":"","_crsspst_to_jayantr4sg-hostcom":false},"product_brand":[],"product_cat":[1791,236,1792,1233,1229,5271,5273,1656,1657,1573],"product_tag":[],"class_list":{"0":"post-374940","1":"product","2":"type-product","3":"status-publish","4":"has-post-thumbnail","6":"product_cat-anniversary-gifts","7":"product_cat-collections","8":"product_cat-festival-gifts","9":"product_cat-gold-bangles","10":"product_cat-22ct-gold-jewellery","11":"product_cat-occasion-wear-bangles","12":"product_cat-22ct-gold-poncha-bracelet","13":"product_cat-rosettes-collections","14":"product_cat-single-bangle","15":"product_cat-wedding-gifts","17":"first","18":"onbackorder","19":"taxable","20":"shipping-taxable","21":"product-type-simple","22":"add-to-wishlist-before_image"},"yoast_head":"<!-- This site is optimized with the Yoast SEO plugin v27.5 - https:\/\/yoast.com\/product\/yoast-seo-wordpress\/ -->\n<title>22ct Sunrise Gold Rosette Bangle | Elegant Gold Bangle<\/title>\n<meta name=\"description\" content=\"Embrace sophistication with the 22ct Sunrise Gold Rosette Bangle in Size 2.4, featuring an easy-to-use screw closure. Perfect for special occasions.\" \/>\n<meta name=\"robots\" content=\"index, follow, max-snippet:-1, max-image-preview:large, max-video-preview:-1\" \/>\n<link rel=\"canonical\" href=\"https:\/\/www.purejewels.com\/tr\/urun\/22-ayar-gundogumu-altin-rozet-bileklik-beden-2-4-vidali-49747\/\" \/>\n<meta property=\"og:locale\" content=\"tr_TR\" \/>\n<meta property=\"og:type\" content=\"article\" \/>\n<meta property=\"og:title\" content=\"22ct Sunrise Gold Rosette Bangle | Elegant Gold Bangle\" \/>\n<meta property=\"og:description\" content=\"Embrace sophistication with the 22ct Sunrise Gold Rosette Bangle in Size 2.4, featuring an easy-to-use screw closure. Perfect for special occasions.\" \/>\n<meta property=\"og:url\" content=\"https:\/\/www.purejewels.com\/tr\/urun\/22-ayar-gundogumu-altin-rozet-bileklik-beden-2-4-vidali-49747\/\" \/>\n<meta property=\"og:site_name\" content=\"PureJewels UK\" \/>\n<meta property=\"article:modified_time\" content=\"2026-01-19T10:41:42+00:00\" \/>\n<meta property=\"og:image\" content=\"https:\/\/static.purejewels.com\/wp-content\/uploads\/2022\/12\/RSBG171-1.jpg\" \/>\n\t<meta property=\"og:image:width\" content=\"1000\" \/>\n\t<meta property=\"og:image:height\" content=\"1000\" \/>\n\t<meta property=\"og:image:type\" content=\"image\/jpeg\" \/>\n<meta name=\"twitter:card\" content=\"summary_large_image\" \/>\n<meta name=\"twitter:label1\" content=\"Tahmini okuma s\u00fcresi\" \/>\n\t<meta name=\"twitter:data1\" content=\"2 dakika\" \/>\n<script type=\"application\/ld+json\" class=\"yoast-schema-graph\">{\"@context\":\"https:\\\/\\\/schema.org\",\"@graph\":[{\"@type\":[\"WebPage\",\"ItemPage\"],\"@id\":\"https:\\\/\\\/www.purejewels.com\\\/product\\\/22ct-sunrise-gold-rosette-bangle-size-2-4-with-screw-49747\\\/\",\"url\":\"https:\\\/\\\/www.purejewels.com\\\/product\\\/22ct-sunrise-gold-rosette-bangle-size-2-4-with-screw-49747\\\/\",\"name\":\"22ct Sunrise Gold Rosette Bangle | Elegant Gold Bangle\",\"isPartOf\":{\"@id\":\"https:\\\/\\\/www.purejewels.com\\\/#website\"},\"primaryImageOfPage\":{\"@id\":\"https:\\\/\\\/www.purejewels.com\\\/product\\\/22ct-sunrise-gold-rosette-bangle-size-2-4-with-screw-49747\\\/#primaryimage\"},\"image\":{\"@id\":\"https:\\\/\\\/www.purejewels.com\\\/product\\\/22ct-sunrise-gold-rosette-bangle-size-2-4-with-screw-49747\\\/#primaryimage\"},\"thumbnailUrl\":\"https:\\\/\\\/static.purejewels.com\\\/wp-content\\\/uploads\\\/2022\\\/12\\\/RSBG171-1.jpg\",\"datePublished\":\"2024-10-29T06:26:39+00:00\",\"dateModified\":\"2026-01-19T10:41:42+00:00\",\"description\":\"Embrace sophistication with the 22ct Sunrise Gold Rosette Bangle in Size 2.4, featuring an easy-to-use screw closure. Perfect for special occasions.\",\"breadcrumb\":{\"@id\":\"https:\\\/\\\/www.purejewels.com\\\/product\\\/22ct-sunrise-gold-rosette-bangle-size-2-4-with-screw-49747\\\/#breadcrumb\"},\"inLanguage\":\"tr\",\"potentialAction\":[{\"@type\":\"ReadAction\",\"target\":[\"https:\\\/\\\/www.purejewels.com\\\/product\\\/22ct-sunrise-gold-rosette-bangle-size-2-4-with-screw-49747\\\/\"]}]},{\"@type\":\"ImageObject\",\"inLanguage\":\"tr\",\"@id\":\"https:\\\/\\\/www.purejewels.com\\\/product\\\/22ct-sunrise-gold-rosette-bangle-size-2-4-with-screw-49747\\\/#primaryimage\",\"url\":\"https:\\\/\\\/static.purejewels.com\\\/wp-content\\\/uploads\\\/2022\\\/12\\\/RSBG171-1.jpg\",\"contentUrl\":\"https:\\\/\\\/static.purejewels.com\\\/wp-content\\\/uploads\\\/2022\\\/12\\\/RSBG171-1.jpg\",\"width\":1000,\"height\":1000,\"caption\":\"22ct Gold Bangle for Bridal | 2.4 | Rosettes Collection | Heavyweight\"},{\"@type\":\"BreadcrumbList\",\"@id\":\"https:\\\/\\\/www.purejewels.com\\\/product\\\/22ct-sunrise-gold-rosette-bangle-size-2-4-with-screw-49747\\\/#breadcrumb\",\"itemListElement\":[{\"@type\":\"ListItem\",\"position\":1,\"name\":\"Home\",\"item\":\"https:\\\/\\\/www.purejewels.com\\\/\"},{\"@type\":\"ListItem\",\"position\":2,\"name\":\"Shop\",\"item\":\"https:\\\/\\\/www.purejewels.com\\\/shop\\\/\"},{\"@type\":\"ListItem\",\"position\":3,\"name\":\"22ct Sunrise Gold Rosette Bangle with Screw | Size 2.4\"}]},{\"@type\":\"WebSite\",\"@id\":\"https:\\\/\\\/www.purejewels.com\\\/#website\",\"url\":\"https:\\\/\\\/www.purejewels.com\\\/\",\"name\":\"PureJewels UK\",\"description\":\"Share the Love\",\"publisher\":{\"@id\":\"https:\\\/\\\/www.purejewels.com\\\/#organization\"},\"potentialAction\":[{\"@type\":\"SearchAction\",\"target\":{\"@type\":\"EntryPoint\",\"urlTemplate\":\"https:\\\/\\\/www.purejewels.com\\\/?s={search_term_string}\"},\"query-input\":{\"@type\":\"PropertyValueSpecification\",\"valueRequired\":true,\"valueName\":\"search_term_string\"}}],\"inLanguage\":\"tr\"},{\"@type\":\"Organization\",\"@id\":\"https:\\\/\\\/www.purejewels.com\\\/#organization\",\"name\":\"PureJewels UK\",\"url\":\"https:\\\/\\\/www.purejewels.com\\\/\",\"logo\":{\"@type\":\"ImageObject\",\"inLanguage\":\"tr\",\"@id\":\"https:\\\/\\\/www.purejewels.com\\\/#\\\/schema\\\/logo\\\/image\\\/\",\"url\":\"https:\\\/\\\/static.purejewels.com\\\/wp-content\\\/uploads\\\/2020\\\/11\\\/Logo-PJ-New-1.png\",\"contentUrl\":\"https:\\\/\\\/static.purejewels.com\\\/wp-content\\\/uploads\\\/2020\\\/11\\\/Logo-PJ-New-1.png\",\"width\":150,\"height\":80,\"caption\":\"PureJewels UK\"},\"image\":{\"@id\":\"https:\\\/\\\/www.purejewels.com\\\/#\\\/schema\\\/logo\\\/image\\\/\"}}]}<\/script>\n<!-- \/ Yoast SEO plugin. -->","yoast_head_json":{"title":"22 Ayar Sunrise Alt\u0131n Rozet Bileklik | Zarif Alt\u0131n Bileklik","description":"Kullan\u0131m\u0131 kolay vidal\u0131 kapama \u00f6zelli\u011fine sahip 2,4 Beden 22 ayar Sunrise Alt\u0131n Rozet Bileklik ile sofistikeli\u011fi kucaklay\u0131n. \u00d6zel g\u00fcnler i\u00e7in m\u00fckemmeldir.","robots":{"index":"index","follow":"follow","max-snippet":"max-snippet:-1","max-image-preview":"max-image-preview:large","max-video-preview":"max-video-preview:-1"},"canonical":"https:\/\/www.purejewels.com\/tr\/urun\/22-ayar-gundogumu-altin-rozet-bileklik-beden-2-4-vidali-49747\/","og_locale":"tr_TR","og_type":"article","og_title":"22ct Sunrise Gold Rosette Bangle | Elegant Gold Bangle","og_description":"Embrace sophistication with the 22ct Sunrise Gold Rosette Bangle in Size 2.4, featuring an easy-to-use screw closure. Perfect for special occasions.","og_url":"https:\/\/www.purejewels.com\/tr\/urun\/22-ayar-gundogumu-altin-rozet-bileklik-beden-2-4-vidali-49747\/","og_site_name":"PureJewels UK","article_modified_time":"2026-01-19T10:41:42+00:00","og_image":[{"width":1000,"height":1000,"url":"https:\/\/static.purejewels.com\/wp-content\/uploads\/2022\/12\/RSBG171-1.jpg","type":"image\/jpeg"}],"twitter_card":"summary_large_image","twitter_misc":{"Tahmini okuma s\u00fcresi":"2 dakika"},"schema":{"@context":"https:\/\/schema.org","@graph":[{"@type":["WebPage","ItemPage"],"@id":"https:\/\/www.purejewels.com\/product\/22ct-sunrise-gold-rosette-bangle-size-2-4-with-screw-49747\/","url":"https:\/\/www.purejewels.com\/product\/22ct-sunrise-gold-rosette-bangle-size-2-4-with-screw-49747\/","name":"22 Ayar Sunrise Alt\u0131n Rozet Bileklik | Zarif Alt\u0131n Bileklik","isPartOf":{"@id":"https:\/\/www.purejewels.com\/#website"},"primaryImageOfPage":{"@id":"https:\/\/www.purejewels.com\/product\/22ct-sunrise-gold-rosette-bangle-size-2-4-with-screw-49747\/#primaryimage"},"image":{"@id":"https:\/\/www.purejewels.com\/product\/22ct-sunrise-gold-rosette-bangle-size-2-4-with-screw-49747\/#primaryimage"},"thumbnailUrl":"https:\/\/static.purejewels.com\/wp-content\/uploads\/2022\/12\/RSBG171-1.jpg","datePublished":"2024-10-29T06:26:39+00:00","dateModified":"2026-01-19T10:41:42+00:00","description":"Kullan\u0131m\u0131 kolay vidal\u0131 kapama \u00f6zelli\u011fine sahip 2,4 Beden 22 ayar Sunrise Alt\u0131n Rozet Bileklik ile sofistikeli\u011fi kucaklay\u0131n. \u00d6zel g\u00fcnler i\u00e7in m\u00fckemmeldir.","breadcrumb":{"@id":"https:\/\/www.purejewels.com\/product\/22ct-sunrise-gold-rosette-bangle-size-2-4-with-screw-49747\/#breadcrumb"},"inLanguage":"tr","potentialAction":[{"@type":"ReadAction","target":["https:\/\/www.purejewels.com\/product\/22ct-sunrise-gold-rosette-bangle-size-2-4-with-screw-49747\/"]}]},{"@type":"ImageObject","inLanguage":"tr","@id":"https:\/\/www.purejewels.com\/product\/22ct-sunrise-gold-rosette-bangle-size-2-4-with-screw-49747\/#primaryimage","url":"https:\/\/static.purejewels.com\/wp-content\/uploads\/2022\/12\/RSBG171-1.jpg","contentUrl":"https:\/\/static.purejewels.com\/wp-content\/uploads\/2022\/12\/RSBG171-1.jpg","width":1000,"height":1000,"caption":"22ct Gold Bangle for Bridal | 2.4 | Rosettes Collection | Heavyweight"},{"@type":"BreadcrumbList","@id":"https:\/\/www.purejewels.com\/product\/22ct-sunrise-gold-rosette-bangle-size-2-4-with-screw-49747\/#breadcrumb","itemListElement":[{"@type":"ListItem","position":1,"name":"Home","item":"https:\/\/www.purejewels.com\/"},{"@type":"ListItem","position":2,"name":"Shop","item":"https:\/\/www.purejewels.com\/shop\/"},{"@type":"ListItem","position":3,"name":"22ct Sunrise Gold Rosette Bangle with Screw | Size 2.4"}]},{"@type":"WebSite","@id":"https:\/\/www.purejewels.com\/#website","url":"https:\/\/www.purejewels.com\/","name":"PureJewels \u0130ngiltere","description":"Sevgiyi Payla\u015f\u0131n","publisher":{"@id":"https:\/\/www.purejewels.com\/#organization"},"potentialAction":[{"@type":"SearchAction","target":{"@type":"EntryPoint","urlTemplate":"https:\/\/www.purejewels.com\/?s={search_term_string}"},"query-input":{"@type":"PropertyValueSpecification","valueRequired":true,"valueName":"search_term_string"}}],"inLanguage":"tr"},{"@type":"Organization","@id":"https:\/\/www.purejewels.com\/#organization","name":"PureJewels \u0130ngiltere","url":"https:\/\/www.purejewels.com\/","logo":{"@type":"ImageObject","inLanguage":"tr","@id":"https:\/\/www.purejewels.com\/#\/schema\/logo\/image\/","url":"https:\/\/static.purejewels.com\/wp-content\/uploads\/2020\/11\/Logo-PJ-New-1.png","contentUrl":"https:\/\/static.purejewels.com\/wp-content\/uploads\/2020\/11\/Logo-PJ-New-1.png","width":150,"height":80,"caption":"PureJewels UK"},"image":{"@id":"https:\/\/www.purejewels.com\/#\/schema\/logo\/image\/"}}]}},"_links":{"self":[{"href":"https:\/\/www.purejewels.com\/tr\/wp-json\/wp\/v2\/product\/374940","targetHints":{"allow":["GET"]}}],"collection":[{"href":"https:\/\/www.purejewels.com\/tr\/wp-json\/wp\/v2\/product"}],"about":[{"href":"https:\/\/www.purejewels.com\/tr\/wp-json\/wp\/v2\/types\/product"}],"replies":[{"embeddable":true,"href":"https:\/\/www.purejewels.com\/tr\/wp-json\/wp\/v2\/comments?post=374940"}],"version-history":[{"count":4,"href":"https:\/\/www.purejewels.com\/tr\/wp-json\/wp\/v2\/product\/374940\/revisions"}],"predecessor-version":[{"id":421119,"href":"https:\/\/www.purejewels.com\/tr\/wp-json\/wp\/v2\/product\/374940\/revisions\/421119"}],"wp:featuredmedia":[{"embeddable":true,"href":"https:\/\/www.purejewels.com\/tr\/wp-json\/wp\/v2\/media\/342183"}],"wp:attachment":[{"href":"https:\/\/www.purejewels.com\/tr\/wp-json\/wp\/v2\/media?parent=374940"}],"wp:term":[{"taxonomy":"product_brand","embeddable":true,"href":"https:\/\/www.purejewels.com\/tr\/wp-json\/wp\/v2\/product_brand?post=374940"},{"taxonomy":"product_cat","embeddable":true,"href":"https:\/\/www.purejewels.com\/tr\/wp-json\/wp\/v2\/product_cat?post=374940"},{"taxonomy":"product_tag","embeddable":true,"href":"https:\/\/www.purejewels.com\/tr\/wp-json\/wp\/v2\/product_tag?post=374940"}],"curies":[{"name":"wp","href":"https:\/\/api.w.org\/{rel}","templated":true}]}}