{"id":375085,"date":"2025-12-09T08:51:27","date_gmt":"2025-12-09T08:51:27","guid":{"rendered":"https:\/\/www.purejewels.com\/?post_type=product&#038;p=375085"},"modified":"2026-05-14T08:39:48","modified_gmt":"2026-05-14T07:39:48","slug":"22-ayar-altin-dhwani-koleksiyonu-saplama-kupe-48215","status":"publish","type":"product","link":"https:\/\/www.purejewels.com\/tr\/product\/22ct-gold-dhwani-collection-stud-earring-48215\/","title":{"rendered":"22 Ayar G\u00fcndo\u011fumu Alt\u0131n Dhwani Koleksiyonu Saplama K\u00fcpe"},"content":{"rendered":"<div class=\"ewa-rteLine\"><strong>\u0130lham ve Hikaye<\/strong><\/div>\n<div class=\"ewa-rteLine\">Dhwani koleksiyonundan 22 ayar G\u00fcndo\u011fumu Alt\u0131n Saplama K\u00fcpeler \u00f6zg\u00fcnl\u00fc\u011fe ve dengeye do\u011fru bir yolculuk. Tap\u0131nak \u00e7anlar\u0131n\u0131n sakinle\u015ftirici sesinden esinlenen gran\u00fclasyon ses toplar\u0131 ve kavisli alt\u0131n formlar, g\u00fcnl\u00fck hayata fark\u0131ndal\u0131k katar. Her nazik sallan\u0131\u015fta bir t\u0131ls\u0131m g\u00f6revi g\u00f6rerek sizi huzur i\u00e7inde topraklar ve i\u00e7 sesinize ba\u011flar.<\/div>\n<div class=\"ewa-rteLine\"><\/div>\n<div class=\"ewa-rteLine\"><strong>Malzeme ve \u0130\u015f\u00e7ilik<\/strong><\/div>\n<div class=\"ewa-rteLine\">Sesten ilham alan bu k\u00fcpeler, benzersiz ses topu m\u00fccevherlerini ve karma\u015f\u0131k gran\u00fclasyon \u00e7al\u0131\u015fmalar\u0131n\u0131 sergiliyor. Minimum \u0131s\u0131yla d\u00f6v\u00fclen alt\u0131n, safl\u0131\u011f\u0131n\u0131 korurken her hareketiyle yumu\u015fak, yat\u0131\u015ft\u0131r\u0131c\u0131 bir t\u0131n\u0131 yaratarak kullan\u0131c\u0131n\u0131n sakinlik ve merkezde olma hissini art\u0131r\u0131yor.<\/div>\n<div class=\"ewa-rteLine\"><\/div>\n<div class=\"ewa-rteLine\"><strong>Stil \u0130pu\u00e7lar\u0131<\/strong><\/div>\n<div class=\"ewa-rteLine\">G\u00fcnl\u00fck kullan\u0131m veya \u00f6zel g\u00fcnler i\u00e7in m\u00fckemmel olan bu k\u00fcpeler g\u00f6r\u00fcn\u00fcm\u00fcn\u00fcze duygusal bir dokunu\u015f katar. Rahatlamaya davet eden ve ki\u015fisel g\u00fcc\u00fcn\u00fczle ba\u011flant\u0131 kurman\u0131z\u0131 sa\u011flayan dingin, g\u00fc\u00e7lendirici bir stil i\u00e7in bunlar\u0131 22ct Sunrise Alt\u0131n Kolye ile e\u015fle\u015ftirin.<\/div>","protected":false},"excerpt":{"rendered":"<div class=\"woocommerce-product-details__short-description\">\n<table class=\"sh_desc\">\n<tbody>\n<tr>\n<td>K\u00fcpe Tipi<\/td>\n<td>\u00c7iviler<\/td>\n<\/tr>\n<tr>\n<td>SKU<\/td>\n<td>48215<\/td>\n<\/tr>\n<tr>\n<td>A\u011f\u0131rl\u0131k<\/td>\n<td>\u00a02.1 Gms<\/td>\n<\/tr>\n<tr>\n<td>Geni\u015flik<\/td>\n<td>8mm<\/td>\n<\/tr>\n<tr>\n<td>Koleksiyon<\/td>\n<td>Dhwani Koleksiyonu<\/td>\n<\/tr>\n<tr>\n<td>Metal<\/td>\n<td>22 Ayar G\u00fcndo\u011fumu Alt\u0131n<\/td>\n<\/tr>\n<tr>\n<td>\u00dccretler<\/td>\n<td>Teslimat ve KDV Dahil<\/td>\n<\/tr>\n<tr>\n<td>Paketleme<\/td>\n<td>Sunum Kutusu ile Birlikte Gelir<\/td>\n<\/tr>\n<tr>\n<td>Daha Fazla Bilgi<\/td>\n<td>M\u00fcsaitlik durumu ve daha fazla resim i\u00e7in bizimle canl\u0131 sohbet edin<\/td>\n<\/tr>\n<\/tbody>\n<\/table>\n<\/div>","protected":false},"featured_media":428090,"comment_status":"closed","ping_status":"closed","template":"","meta":{"_eb_attr":"","_crsspst_to_jayantr4sg-hostcom":false},"product_brand":[],"product_cat":[1559,236,5633,6182,1793,1792,1790,1254,1229,5343,5347,1570,5338,5353,1577,1575,1569,1574,5349],"product_tag":[],"class_list":{"0":"post-375085","1":"product","2":"type-product","3":"status-publish","4":"has-post-thumbnail","6":"product_cat-birthday-gifts","7":"product_cat-collections","8":"product_cat-dhwani-collection","9":"product_cat-dhwani-earring","10":"product_cat-diwali-gifts","11":"product_cat-festival-gifts","12":"product_cat-for-whom-when","13":"product_cat-gold-earrings","14":"product_cat-22ct-gold-jewellery","15":"product_cat-jewellery-under-550","16":"product_cat-shop-by-metal","17":"product_cat-mothers-day-gifts","18":"product_cat-shop-by-price","19":"product_cat-shop-by","20":"product_cat-stud-earrings","21":"product_cat-teenage-jewellery","22":"product_cat-valentine-day-gifts","23":"product_cat-womens-jewellery","24":"product_cat-yellow-gold-jewellery","26":"first","27":"instock","28":"taxable","29":"shipping-taxable","30":"purchasable","31":"product-type-simple","32":"add-to-wishlist-before_image"},"yoast_head":"<!-- This site is optimized with the Yoast SEO plugin v27.6 - https:\/\/yoast.com\/product\/yoast-seo-wordpress\/ -->\n<title>22ct Sunrise Gold Dhwani collection Stud Earring | PureJewels UK<\/title>\n<meta name=\"description\" content=\"Embrace the symphony of sound with our exquisite 22ct Sunrise Gold Dhwani Collection Stud Earrings. Buy this stud online today!\" \/>\n<meta name=\"robots\" content=\"index, follow, max-snippet:-1, max-image-preview:large, max-video-preview:-1\" \/>\n<link rel=\"canonical\" href=\"https:\/\/www.purejewels.com\/tr\/urun\/22-ayar-altin-dhwani-koleksiyonu-saplama-kupe-48215\/\" \/>\n<meta property=\"og:locale\" content=\"tr_TR\" \/>\n<meta property=\"og:type\" content=\"article\" \/>\n<meta property=\"og:title\" content=\"22ct Sunrise Gold Dhwani collection Stud Earring | PureJewels UK\" \/>\n<meta property=\"og:description\" content=\"Embrace the symphony of sound with our exquisite 22ct Sunrise Gold Dhwani Collection Stud Earrings. Buy this stud online today!\" \/>\n<meta property=\"og:url\" content=\"https:\/\/www.purejewels.com\/tr\/urun\/22-ayar-altin-dhwani-koleksiyonu-saplama-kupe-48215\/\" \/>\n<meta property=\"og:site_name\" content=\"PureJewels UK\" \/>\n<meta property=\"article:modified_time\" content=\"2026-05-14T07:39:48+00:00\" \/>\n<meta property=\"og:image\" content=\"https:\/\/static.purejewels.com\/wp-content\/uploads\/2025\/12\/SKU-SGERSDDC001-FRONT.jpg\" \/>\n\t<meta property=\"og:image:width\" content=\"1000\" \/>\n\t<meta property=\"og:image:height\" content=\"1000\" \/>\n\t<meta property=\"og:image:type\" content=\"image\/jpeg\" \/>\n<meta name=\"twitter:card\" content=\"summary_large_image\" \/>\n<meta name=\"twitter:label1\" content=\"Tahmini okuma s\u00fcresi\" \/>\n\t<meta name=\"twitter:data1\" content=\"1 dakika\" \/>\n<script type=\"application\/ld+json\" class=\"yoast-schema-graph\">{\"@context\":\"https:\\\/\\\/schema.org\",\"@graph\":[{\"@type\":[\"WebPage\",\"ItemPage\"],\"@id\":\"https:\\\/\\\/www.purejewels.com\\\/product\\\/22ct-gold-dhwani-collection-stud-earring-48215\\\/\",\"url\":\"https:\\\/\\\/www.purejewels.com\\\/product\\\/22ct-gold-dhwani-collection-stud-earring-48215\\\/\",\"name\":\"22ct Sunrise Gold Dhwani collection Stud Earring | PureJewels UK\",\"isPartOf\":{\"@id\":\"https:\\\/\\\/www.purejewels.com\\\/#website\"},\"primaryImageOfPage\":{\"@id\":\"https:\\\/\\\/www.purejewels.com\\\/product\\\/22ct-gold-dhwani-collection-stud-earring-48215\\\/#primaryimage\"},\"image\":{\"@id\":\"https:\\\/\\\/www.purejewels.com\\\/product\\\/22ct-gold-dhwani-collection-stud-earring-48215\\\/#primaryimage\"},\"thumbnailUrl\":\"https:\\\/\\\/static.purejewels.com\\\/wp-content\\\/uploads\\\/2025\\\/12\\\/SKU-SGERSDDC001-FRONT.jpg\",\"datePublished\":\"2025-12-09T08:51:27+00:00\",\"dateModified\":\"2026-05-14T07:39:48+00:00\",\"description\":\"Embrace the symphony of sound with our exquisite 22ct Sunrise Gold Dhwani Collection Stud Earrings. Buy this stud online today!\",\"breadcrumb\":{\"@id\":\"https:\\\/\\\/www.purejewels.com\\\/product\\\/22ct-gold-dhwani-collection-stud-earring-48215\\\/#breadcrumb\"},\"inLanguage\":\"tr\",\"potentialAction\":[{\"@type\":\"ReadAction\",\"target\":[\"https:\\\/\\\/www.purejewels.com\\\/product\\\/22ct-gold-dhwani-collection-stud-earring-48215\\\/\"]}]},{\"@type\":\"ImageObject\",\"inLanguage\":\"tr\",\"@id\":\"https:\\\/\\\/www.purejewels.com\\\/product\\\/22ct-gold-dhwani-collection-stud-earring-48215\\\/#primaryimage\",\"url\":\"https:\\\/\\\/static.purejewels.com\\\/wp-content\\\/uploads\\\/2025\\\/12\\\/SKU-SGERSDDC001-FRONT.jpg\",\"contentUrl\":\"https:\\\/\\\/static.purejewels.com\\\/wp-content\\\/uploads\\\/2025\\\/12\\\/SKU-SGERSDDC001-FRONT.jpg\",\"width\":1000,\"height\":1000},{\"@type\":\"BreadcrumbList\",\"@id\":\"https:\\\/\\\/www.purejewels.com\\\/product\\\/22ct-gold-dhwani-collection-stud-earring-48215\\\/#breadcrumb\",\"itemListElement\":[{\"@type\":\"ListItem\",\"position\":1,\"name\":\"Home\",\"item\":\"https:\\\/\\\/www.purejewels.com\\\/\"},{\"@type\":\"ListItem\",\"position\":2,\"name\":\"Shop\",\"item\":\"https:\\\/\\\/www.purejewels.com\\\/shop\\\/\"},{\"@type\":\"ListItem\",\"position\":3,\"name\":\"22ct Sunrise Gold Dhwani Collection Stud Earring\"}]},{\"@type\":\"WebSite\",\"@id\":\"https:\\\/\\\/www.purejewels.com\\\/#website\",\"url\":\"https:\\\/\\\/www.purejewels.com\\\/\",\"name\":\"PureJewels UK\",\"description\":\"Share the Love\",\"publisher\":{\"@id\":\"https:\\\/\\\/www.purejewels.com\\\/#organization\"},\"potentialAction\":[{\"@type\":\"SearchAction\",\"target\":{\"@type\":\"EntryPoint\",\"urlTemplate\":\"https:\\\/\\\/www.purejewels.com\\\/?s={search_term_string}\"},\"query-input\":{\"@type\":\"PropertyValueSpecification\",\"valueRequired\":true,\"valueName\":\"search_term_string\"}}],\"inLanguage\":\"tr\"},{\"@type\":\"Organization\",\"@id\":\"https:\\\/\\\/www.purejewels.com\\\/#organization\",\"name\":\"PureJewels UK\",\"url\":\"https:\\\/\\\/www.purejewels.com\\\/\",\"logo\":{\"@type\":\"ImageObject\",\"inLanguage\":\"tr\",\"@id\":\"https:\\\/\\\/www.purejewels.com\\\/#\\\/schema\\\/logo\\\/image\\\/\",\"url\":\"https:\\\/\\\/static.purejewels.com\\\/wp-content\\\/uploads\\\/2020\\\/11\\\/Logo-PJ-New-1.png\",\"contentUrl\":\"https:\\\/\\\/static.purejewels.com\\\/wp-content\\\/uploads\\\/2020\\\/11\\\/Logo-PJ-New-1.png\",\"width\":150,\"height\":80,\"caption\":\"PureJewels UK\"},\"image\":{\"@id\":\"https:\\\/\\\/www.purejewels.com\\\/#\\\/schema\\\/logo\\\/image\\\/\"}}]}<\/script>\n<!-- \/ Yoast SEO plugin. -->","yoast_head_json":{"title":"22 Ayar G\u00fcndo\u011fumu Alt\u0131n Dhwani Koleksiyonu Saplama K\u00fcpe | PureJewels UK","description":"Enfes 22 ayar Sunrise Alt\u0131n Dhwani Koleksiyonu Saplama K\u00fcpelerimizle ses senfonisini kucaklay\u0131n. Bu saplamay\u0131 bug\u00fcn online sat\u0131n al\u0131n!","robots":{"index":"index","follow":"follow","max-snippet":"max-snippet:-1","max-image-preview":"max-image-preview:large","max-video-preview":"max-video-preview:-1"},"canonical":"https:\/\/www.purejewels.com\/tr\/urun\/22-ayar-altin-dhwani-koleksiyonu-saplama-kupe-48215\/","og_locale":"tr_TR","og_type":"article","og_title":"22ct Sunrise Gold Dhwani collection Stud Earring | PureJewels UK","og_description":"Embrace the symphony of sound with our exquisite 22ct Sunrise Gold Dhwani Collection Stud Earrings. Buy this stud online today!","og_url":"https:\/\/www.purejewels.com\/tr\/urun\/22-ayar-altin-dhwani-koleksiyonu-saplama-kupe-48215\/","og_site_name":"PureJewels UK","article_modified_time":"2026-05-14T07:39:48+00:00","og_image":[{"width":1000,"height":1000,"url":"https:\/\/static.purejewels.com\/wp-content\/uploads\/2025\/12\/SKU-SGERSDDC001-FRONT.jpg","type":"image\/jpeg"}],"twitter_card":"summary_large_image","twitter_misc":{"Tahmini okuma s\u00fcresi":"1 dakika"},"schema":{"@context":"https:\/\/schema.org","@graph":[{"@type":["WebPage","ItemPage"],"@id":"https:\/\/www.purejewels.com\/product\/22ct-gold-dhwani-collection-stud-earring-48215\/","url":"https:\/\/www.purejewels.com\/product\/22ct-gold-dhwani-collection-stud-earring-48215\/","name":"22 Ayar G\u00fcndo\u011fumu Alt\u0131n Dhwani Koleksiyonu Saplama K\u00fcpe | PureJewels UK","isPartOf":{"@id":"https:\/\/www.purejewels.com\/#website"},"primaryImageOfPage":{"@id":"https:\/\/www.purejewels.com\/product\/22ct-gold-dhwani-collection-stud-earring-48215\/#primaryimage"},"image":{"@id":"https:\/\/www.purejewels.com\/product\/22ct-gold-dhwani-collection-stud-earring-48215\/#primaryimage"},"thumbnailUrl":"https:\/\/static.purejewels.com\/wp-content\/uploads\/2025\/12\/SKU-SGERSDDC001-FRONT.jpg","datePublished":"2025-12-09T08:51:27+00:00","dateModified":"2026-05-14T07:39:48+00:00","description":"Enfes 22 ayar Sunrise Alt\u0131n Dhwani Koleksiyonu Saplama K\u00fcpelerimizle ses senfonisini kucaklay\u0131n. Bu saplamay\u0131 bug\u00fcn online sat\u0131n al\u0131n!","breadcrumb":{"@id":"https:\/\/www.purejewels.com\/product\/22ct-gold-dhwani-collection-stud-earring-48215\/#breadcrumb"},"inLanguage":"tr","potentialAction":[{"@type":"ReadAction","target":["https:\/\/www.purejewels.com\/product\/22ct-gold-dhwani-collection-stud-earring-48215\/"]}]},{"@type":"ImageObject","inLanguage":"tr","@id":"https:\/\/www.purejewels.com\/product\/22ct-gold-dhwani-collection-stud-earring-48215\/#primaryimage","url":"https:\/\/static.purejewels.com\/wp-content\/uploads\/2025\/12\/SKU-SGERSDDC001-FRONT.jpg","contentUrl":"https:\/\/static.purejewels.com\/wp-content\/uploads\/2025\/12\/SKU-SGERSDDC001-FRONT.jpg","width":1000,"height":1000},{"@type":"BreadcrumbList","@id":"https:\/\/www.purejewels.com\/product\/22ct-gold-dhwani-collection-stud-earring-48215\/#breadcrumb","itemListElement":[{"@type":"ListItem","position":1,"name":"Home","item":"https:\/\/www.purejewels.com\/"},{"@type":"ListItem","position":2,"name":"Shop","item":"https:\/\/www.purejewels.com\/shop\/"},{"@type":"ListItem","position":3,"name":"22ct Sunrise Gold Dhwani Collection Stud Earring"}]},{"@type":"WebSite","@id":"https:\/\/www.purejewels.com\/#website","url":"https:\/\/www.purejewels.com\/","name":"PureJewels \u0130ngiltere","description":"Sevgiyi Payla\u015f\u0131n","publisher":{"@id":"https:\/\/www.purejewels.com\/#organization"},"potentialAction":[{"@type":"SearchAction","target":{"@type":"EntryPoint","urlTemplate":"https:\/\/www.purejewels.com\/?s={search_term_string}"},"query-input":{"@type":"PropertyValueSpecification","valueRequired":true,"valueName":"search_term_string"}}],"inLanguage":"tr"},{"@type":"Organization","@id":"https:\/\/www.purejewels.com\/#organization","name":"PureJewels \u0130ngiltere","url":"https:\/\/www.purejewels.com\/","logo":{"@type":"ImageObject","inLanguage":"tr","@id":"https:\/\/www.purejewels.com\/#\/schema\/logo\/image\/","url":"https:\/\/static.purejewels.com\/wp-content\/uploads\/2020\/11\/Logo-PJ-New-1.png","contentUrl":"https:\/\/static.purejewels.com\/wp-content\/uploads\/2020\/11\/Logo-PJ-New-1.png","width":150,"height":80,"caption":"PureJewels UK"},"image":{"@id":"https:\/\/www.purejewels.com\/#\/schema\/logo\/image\/"}}]}},"_links":{"self":[{"href":"https:\/\/www.purejewels.com\/tr\/wp-json\/wp\/v2\/product\/375085","targetHints":{"allow":["GET"]}}],"collection":[{"href":"https:\/\/www.purejewels.com\/tr\/wp-json\/wp\/v2\/product"}],"about":[{"href":"https:\/\/www.purejewels.com\/tr\/wp-json\/wp\/v2\/types\/product"}],"replies":[{"embeddable":true,"href":"https:\/\/www.purejewels.com\/tr\/wp-json\/wp\/v2\/comments?post=375085"}],"version-history":[{"count":3,"href":"https:\/\/www.purejewels.com\/tr\/wp-json\/wp\/v2\/product\/375085\/revisions"}],"predecessor-version":[{"id":425808,"href":"https:\/\/www.purejewels.com\/tr\/wp-json\/wp\/v2\/product\/375085\/revisions\/425808"}],"wp:featuredmedia":[{"embeddable":true,"href":"https:\/\/www.purejewels.com\/tr\/wp-json\/wp\/v2\/media\/428090"}],"wp:attachment":[{"href":"https:\/\/www.purejewels.com\/tr\/wp-json\/wp\/v2\/media?parent=375085"}],"wp:term":[{"taxonomy":"product_brand","embeddable":true,"href":"https:\/\/www.purejewels.com\/tr\/wp-json\/wp\/v2\/product_brand?post=375085"},{"taxonomy":"product_cat","embeddable":true,"href":"https:\/\/www.purejewels.com\/tr\/wp-json\/wp\/v2\/product_cat?post=375085"},{"taxonomy":"product_tag","embeddable":true,"href":"https:\/\/www.purejewels.com\/tr\/wp-json\/wp\/v2\/product_tag?post=375085"}],"curies":[{"name":"wp","href":"https:\/\/api.w.org\/{rel}","templated":true}]}}