{"id":375146,"date":"2024-10-31T07:53:40","date_gmt":"2024-10-31T07:53:40","guid":{"rendered":"https:\/\/www.purejewels.com\/?post_type=product&#038;p=375146"},"modified":"2026-01-06T09:47:51","modified_gmt":"2026-01-06T09:47:51","slug":"22-ayar-altin-inci-bileklik-65-inc-50063","status":"publish","type":"product","link":"https:\/\/www.purejewels.com\/tr\/product\/22ct-gold-pearl-bracelet-6-5-inches-50063\/","title":{"rendered":"22 Ayar Alt\u0131n \u0130nci Bileklik | 6,5 \u0130n\u00e7"},"content":{"rendered":"<p>Bunlar\u0131n zamans\u0131z zarafetinin tad\u0131n\u0131 \u00e7\u0131kar\u0131n <a href=\"https:\/\/www.purejewels.com\/tr\/product\/22ct-gold-jali-filigree-ring-jali-collection-31926\/\">22ct<\/a> PureJewels UK'den Alt\u0131n \u0130nci Bileklikler. En kaliteli incilerle haz\u0131rlanm\u0131\u015f ve damgal\u0131 <a href=\"https:\/\/www.purejewels.com\/tr\/product\/holy-cross-gold-pendant-44713\/\">22 ayar alt\u0131n<\/a>, Bu bilezikler l\u00fcks ve sofistike bir g\u00f6r\u00fcn\u00fcm sergiler. Her bir bileklik 3,6 gram a\u011f\u0131rl\u0131\u011f\u0131nda ve 6,5 in\u00e7 uzunlu\u011fundad\u0131r, bu da onu her durum i\u00e7in m\u00fckemmel bir aksesuar haline getirir.<\/p>\n<p>Bu \u00e7arp\u0131c\u0131 inci bilezikler bayramlar, y\u0131ld\u00f6n\u00fcmleri, d\u00fc\u011f\u00fcnler, do\u011fum g\u00fcnleri, Sevgililer G\u00fcn\u00fc, festivaller veya herhangi bir \u00f6zel kutlama i\u00e7in m\u00fckemmel bir hediyedir. Bilezik, sunum kutusunda g\u00fczel bir \u015fekilde paketlenmi\u015f olarak gelir ve hediye edilmeye haz\u0131rd\u0131r.<\/p>\n<p>Herhangi bir sorunuz varsa veya daha h\u0131zl\u0131 teslimat se\u00e7eneklerine ihtiyac\u0131n\u0131z varsa, m\u00fc\u015fteri hizmetleri ekibimiz size yard\u0131mc\u0131 olmak i\u00e7in canl\u0131 sohbet yoluyla hizmetinizdedir.<\/p>\n<p>Bu zarif 22 Ayar Alt\u0131n \u0130nci Bilekliklerle m\u00fccevher koleksiyonunuza sofistike bir dokunu\u015f kat\u0131n. Bug\u00fcn sipari\u015f verin ve stilinizi l\u00fcks bir dokunu\u015fla y\u00fckseltin.<\/p>","protected":false},"excerpt":{"rendered":"<table class=\"sh_desc\">\n<tbody>\n<tr>\n<td>Bilezik T\u00fcr\u00fc<\/td>\n<td>\u0130nci Bileklik<\/td>\n<\/tr>\n<tr>\n<td>SKU<\/td>\n<td>50063<\/td>\n<\/tr>\n<tr>\n<td>A\u011f\u0131rl\u0131k<\/td>\n<td>3.6 Gms<\/td>\n<\/tr>\n<tr>\n<td>Uzunluk<\/td>\n<td>6,5 \u0130n\u00e7<\/td>\n<\/tr>\n<tr>\n<td>Hallmark<\/td>\n<td>Londra Tahlil Ofisi Taraf\u0131ndan Damgalanm\u0131\u015f 22 Ayar Alt\u0131n<\/td>\n<\/tr>\n<tr>\n<td>\u00dccretler<\/td>\n<td>Teslimat ve KDV Dahil<\/td>\n<\/tr>\n<tr>\n<td>Paketleme<\/td>\n<td>Sunum Kutusu ile Birlikte Gelir<\/td>\n<\/tr>\n<tr>\n<td>Daha Fazla Bilgi<\/td>\n<td>Alt\u0131n Bileklik stok durumu ve daha fazla g\u00f6rsel i\u00e7in bizimle canl\u0131 sohbet edin<\/td>\n<\/tr>\n<\/tbody>\n<\/table>","protected":false},"featured_media":340154,"comment_status":"closed","ping_status":"closed","template":"","meta":{"_eb_attr":"","_crsspst_to_jayantr4sg-hostcom":false},"product_brand":[],"product_cat":[1791,1559,1794,1793,5701,1792,1324,1627,1229,5675,5456,1569,1573,1574,5349],"product_tag":[],"class_list":{"0":"post-375146","1":"product","2":"type-product","3":"status-publish","4":"has-post-thumbnail","6":"product_cat-anniversary-gifts","7":"product_cat-birthday-gifts","8":"product_cat-christmas-gifts","9":"product_cat-diwali-gifts","10":"product_cat-eid-jewellery","11":"product_cat-festival-gifts","12":"product_cat-gold-bracelet","13":"product_cat-ladies-bracelet","14":"product_cat-22ct-gold-jewellery","15":"product_cat-pearl-bracelets-for-women","16":"product_cat-pearl-collection","17":"product_cat-valentine-day-gifts","18":"product_cat-wedding-gifts","19":"product_cat-womens-jewellery","20":"product_cat-yellow-gold-jewellery","22":"first","23":"outofstock","24":"taxable","25":"shipping-taxable","26":"product-type-simple","27":"add-to-wishlist-before_image"},"yoast_head":"<!-- This site is optimized with the Yoast SEO plugin v27.3 - https:\/\/yoast.com\/product\/yoast-seo-wordpress\/ -->\n<title>22ct Gold Pearl Bracelet online at PureJewels UK<\/title>\n<meta name=\"description\" content=\"Shop 22ct gold &amp; lustrous pearls in our 6.5&quot; bracelet. Shop now for a touch of sophistication. Free delivery across UK. Shop Online.\" \/>\n<meta name=\"robots\" content=\"index, follow, max-snippet:-1, max-image-preview:large, max-video-preview:-1\" \/>\n<link rel=\"canonical\" href=\"https:\/\/www.purejewels.com\/tr\/urun\/22-ayar-altin-inci-bileklik-65-inc-50063\/\" \/>\n<meta property=\"og:locale\" content=\"tr_TR\" \/>\n<meta property=\"og:type\" content=\"article\" \/>\n<meta property=\"og:title\" content=\"22ct Gold Pearl Bracelet online at PureJewels UK\" \/>\n<meta property=\"og:description\" content=\"Shop 22ct gold &amp; lustrous pearls in our 6.5&quot; bracelet. Shop now for a touch of sophistication. Free delivery across UK. Shop Online.\" \/>\n<meta property=\"og:url\" content=\"https:\/\/www.purejewels.com\/tr\/urun\/22-ayar-altin-inci-bileklik-65-inc-50063\/\" \/>\n<meta property=\"og:site_name\" content=\"PureJewels UK\" \/>\n<meta property=\"article:modified_time\" content=\"2026-01-06T09:47:51+00:00\" \/>\n<meta property=\"og:image\" content=\"https:\/\/www.purejewels.com\/wp-content\/uploads\/2022\/10\/43612-1-1.jpg\" \/>\n\t<meta property=\"og:image:width\" content=\"1000\" \/>\n\t<meta property=\"og:image:height\" content=\"1000\" \/>\n\t<meta property=\"og:image:type\" content=\"image\/jpeg\" \/>\n<meta name=\"twitter:card\" content=\"summary_large_image\" \/>\n<meta name=\"twitter:label1\" content=\"Tahmini okuma s\u00fcresi\" \/>\n\t<meta name=\"twitter:data1\" content=\"1 dakika\" \/>\n<script type=\"application\/ld+json\" class=\"yoast-schema-graph\">{\"@context\":\"https:\\\/\\\/schema.org\",\"@graph\":[{\"@type\":[\"WebPage\",\"ItemPage\"],\"@id\":\"https:\\\/\\\/www.purejewels.com\\\/product\\\/22ct-gold-pearl-bracelet-6-5-inches-50063\\\/\",\"url\":\"https:\\\/\\\/www.purejewels.com\\\/product\\\/22ct-gold-pearl-bracelet-6-5-inches-50063\\\/\",\"name\":\"22ct Gold Pearl Bracelet online at PureJewels UK\",\"isPartOf\":{\"@id\":\"https:\\\/\\\/www.purejewels.com\\\/#website\"},\"primaryImageOfPage\":{\"@id\":\"https:\\\/\\\/www.purejewels.com\\\/product\\\/22ct-gold-pearl-bracelet-6-5-inches-50063\\\/#primaryimage\"},\"image\":{\"@id\":\"https:\\\/\\\/www.purejewels.com\\\/product\\\/22ct-gold-pearl-bracelet-6-5-inches-50063\\\/#primaryimage\"},\"thumbnailUrl\":\"https:\\\/\\\/static.purejewels.com\\\/wp-content\\\/uploads\\\/2022\\\/10\\\/43612-1-1.jpg\",\"datePublished\":\"2024-10-31T07:53:40+00:00\",\"dateModified\":\"2026-01-06T09:47:51+00:00\",\"description\":\"Shop 22ct gold & lustrous pearls in our 6.5\\\" bracelet. Shop now for a touch of sophistication. Free delivery across UK. Shop Online.\",\"breadcrumb\":{\"@id\":\"https:\\\/\\\/www.purejewels.com\\\/product\\\/22ct-gold-pearl-bracelet-6-5-inches-50063\\\/#breadcrumb\"},\"inLanguage\":\"tr\",\"potentialAction\":[{\"@type\":\"ReadAction\",\"target\":[\"https:\\\/\\\/www.purejewels.com\\\/product\\\/22ct-gold-pearl-bracelet-6-5-inches-50063\\\/\"]}]},{\"@type\":\"ImageObject\",\"inLanguage\":\"tr\",\"@id\":\"https:\\\/\\\/www.purejewels.com\\\/product\\\/22ct-gold-pearl-bracelet-6-5-inches-50063\\\/#primaryimage\",\"url\":\"https:\\\/\\\/static.purejewels.com\\\/wp-content\\\/uploads\\\/2022\\\/10\\\/43612-1-1.jpg\",\"contentUrl\":\"https:\\\/\\\/static.purejewels.com\\\/wp-content\\\/uploads\\\/2022\\\/10\\\/43612-1-1.jpg\",\"width\":1000,\"height\":1000},{\"@type\":\"BreadcrumbList\",\"@id\":\"https:\\\/\\\/www.purejewels.com\\\/product\\\/22ct-gold-pearl-bracelet-6-5-inches-50063\\\/#breadcrumb\",\"itemListElement\":[{\"@type\":\"ListItem\",\"position\":1,\"name\":\"Home\",\"item\":\"https:\\\/\\\/www.purejewels.com\\\/\"},{\"@type\":\"ListItem\",\"position\":2,\"name\":\"Shop\",\"item\":\"https:\\\/\\\/www.purejewels.com\\\/shop\\\/\"},{\"@type\":\"ListItem\",\"position\":3,\"name\":\"22ct Gold Pearl Bracelet | 6.5 Inches\"}]},{\"@type\":\"WebSite\",\"@id\":\"https:\\\/\\\/www.purejewels.com\\\/#website\",\"url\":\"https:\\\/\\\/www.purejewels.com\\\/\",\"name\":\"PureJewels UK\",\"description\":\"Share the Love\",\"publisher\":{\"@id\":\"https:\\\/\\\/www.purejewels.com\\\/#organization\"},\"potentialAction\":[{\"@type\":\"SearchAction\",\"target\":{\"@type\":\"EntryPoint\",\"urlTemplate\":\"https:\\\/\\\/www.purejewels.com\\\/?s={search_term_string}\"},\"query-input\":{\"@type\":\"PropertyValueSpecification\",\"valueRequired\":true,\"valueName\":\"search_term_string\"}}],\"inLanguage\":\"tr\"},{\"@type\":\"Organization\",\"@id\":\"https:\\\/\\\/www.purejewels.com\\\/#organization\",\"name\":\"PureJewels UK\",\"url\":\"https:\\\/\\\/www.purejewels.com\\\/\",\"logo\":{\"@type\":\"ImageObject\",\"inLanguage\":\"tr\",\"@id\":\"https:\\\/\\\/www.purejewels.com\\\/#\\\/schema\\\/logo\\\/image\\\/\",\"url\":\"https:\\\/\\\/static.purejewels.com\\\/wp-content\\\/uploads\\\/2020\\\/11\\\/Logo-PJ-New-1.png\",\"contentUrl\":\"https:\\\/\\\/static.purejewels.com\\\/wp-content\\\/uploads\\\/2020\\\/11\\\/Logo-PJ-New-1.png\",\"width\":150,\"height\":80,\"caption\":\"PureJewels UK\"},\"image\":{\"@id\":\"https:\\\/\\\/www.purejewels.com\\\/#\\\/schema\\\/logo\\\/image\\\/\"}}]}<\/script>\n<!-- \/ Yoast SEO plugin. -->","yoast_head_json":{"title":"22 Ayar Alt\u0131n \u0130nci Bileklik PureJewels UK'de online","description":"6,5\" bilekli\u011fimizde 22 ayar alt\u0131n ve parlak inciler kullan\u0131n. Sofistike bir dokunu\u015f i\u00e7in \u015fimdi al\u0131\u015fveri\u015f yap\u0131n. \u0130ngiltere genelinde \u00fccretsiz teslimat. Online al\u0131\u015fveri\u015f yap\u0131n.","robots":{"index":"index","follow":"follow","max-snippet":"max-snippet:-1","max-image-preview":"max-image-preview:large","max-video-preview":"max-video-preview:-1"},"canonical":"https:\/\/www.purejewels.com\/tr\/urun\/22-ayar-altin-inci-bileklik-65-inc-50063\/","og_locale":"tr_TR","og_type":"article","og_title":"22ct Gold Pearl Bracelet online at PureJewels UK","og_description":"Shop 22ct gold & lustrous pearls in our 6.5\" bracelet. Shop now for a touch of sophistication. Free delivery across UK. Shop Online.","og_url":"https:\/\/www.purejewels.com\/tr\/urun\/22-ayar-altin-inci-bileklik-65-inc-50063\/","og_site_name":"PureJewels UK","article_modified_time":"2026-01-06T09:47:51+00:00","og_image":[{"width":1000,"height":1000,"url":"https:\/\/www.purejewels.com\/wp-content\/uploads\/2022\/10\/43612-1-1.jpg","type":"image\/jpeg"}],"twitter_card":"summary_large_image","twitter_misc":{"Tahmini okuma s\u00fcresi":"1 dakika"},"schema":{"@context":"https:\/\/schema.org","@graph":[{"@type":["WebPage","ItemPage"],"@id":"https:\/\/www.purejewels.com\/product\/22ct-gold-pearl-bracelet-6-5-inches-50063\/","url":"https:\/\/www.purejewels.com\/product\/22ct-gold-pearl-bracelet-6-5-inches-50063\/","name":"22 Ayar Alt\u0131n \u0130nci Bileklik PureJewels UK'de online","isPartOf":{"@id":"https:\/\/www.purejewels.com\/#website"},"primaryImageOfPage":{"@id":"https:\/\/www.purejewels.com\/product\/22ct-gold-pearl-bracelet-6-5-inches-50063\/#primaryimage"},"image":{"@id":"https:\/\/www.purejewels.com\/product\/22ct-gold-pearl-bracelet-6-5-inches-50063\/#primaryimage"},"thumbnailUrl":"https:\/\/static.purejewels.com\/wp-content\/uploads\/2022\/10\/43612-1-1.jpg","datePublished":"2024-10-31T07:53:40+00:00","dateModified":"2026-01-06T09:47:51+00:00","description":"6,5\" bilekli\u011fimizde 22 ayar alt\u0131n ve parlak inciler kullan\u0131n. Sofistike bir dokunu\u015f i\u00e7in \u015fimdi al\u0131\u015fveri\u015f yap\u0131n. \u0130ngiltere genelinde \u00fccretsiz teslimat. Online al\u0131\u015fveri\u015f yap\u0131n.","breadcrumb":{"@id":"https:\/\/www.purejewels.com\/product\/22ct-gold-pearl-bracelet-6-5-inches-50063\/#breadcrumb"},"inLanguage":"tr","potentialAction":[{"@type":"ReadAction","target":["https:\/\/www.purejewels.com\/product\/22ct-gold-pearl-bracelet-6-5-inches-50063\/"]}]},{"@type":"ImageObject","inLanguage":"tr","@id":"https:\/\/www.purejewels.com\/product\/22ct-gold-pearl-bracelet-6-5-inches-50063\/#primaryimage","url":"https:\/\/static.purejewels.com\/wp-content\/uploads\/2022\/10\/43612-1-1.jpg","contentUrl":"https:\/\/static.purejewels.com\/wp-content\/uploads\/2022\/10\/43612-1-1.jpg","width":1000,"height":1000},{"@type":"BreadcrumbList","@id":"https:\/\/www.purejewels.com\/product\/22ct-gold-pearl-bracelet-6-5-inches-50063\/#breadcrumb","itemListElement":[{"@type":"ListItem","position":1,"name":"Home","item":"https:\/\/www.purejewels.com\/"},{"@type":"ListItem","position":2,"name":"Shop","item":"https:\/\/www.purejewels.com\/shop\/"},{"@type":"ListItem","position":3,"name":"22ct Gold Pearl Bracelet | 6.5 Inches"}]},{"@type":"WebSite","@id":"https:\/\/www.purejewels.com\/#website","url":"https:\/\/www.purejewels.com\/","name":"PureJewels \u0130ngiltere","description":"Sevgiyi Payla\u015f\u0131n","publisher":{"@id":"https:\/\/www.purejewels.com\/#organization"},"potentialAction":[{"@type":"SearchAction","target":{"@type":"EntryPoint","urlTemplate":"https:\/\/www.purejewels.com\/?s={search_term_string}"},"query-input":{"@type":"PropertyValueSpecification","valueRequired":true,"valueName":"search_term_string"}}],"inLanguage":"tr"},{"@type":"Organization","@id":"https:\/\/www.purejewels.com\/#organization","name":"PureJewels \u0130ngiltere","url":"https:\/\/www.purejewels.com\/","logo":{"@type":"ImageObject","inLanguage":"tr","@id":"https:\/\/www.purejewels.com\/#\/schema\/logo\/image\/","url":"https:\/\/static.purejewels.com\/wp-content\/uploads\/2020\/11\/Logo-PJ-New-1.png","contentUrl":"https:\/\/static.purejewels.com\/wp-content\/uploads\/2020\/11\/Logo-PJ-New-1.png","width":150,"height":80,"caption":"PureJewels UK"},"image":{"@id":"https:\/\/www.purejewels.com\/#\/schema\/logo\/image\/"}}]}},"_links":{"self":[{"href":"https:\/\/www.purejewels.com\/tr\/wp-json\/wp\/v2\/product\/375146","targetHints":{"allow":["GET"]}}],"collection":[{"href":"https:\/\/www.purejewels.com\/tr\/wp-json\/wp\/v2\/product"}],"about":[{"href":"https:\/\/www.purejewels.com\/tr\/wp-json\/wp\/v2\/types\/product"}],"replies":[{"embeddable":true,"href":"https:\/\/www.purejewels.com\/tr\/wp-json\/wp\/v2\/comments?post=375146"}],"version-history":[{"count":3,"href":"https:\/\/www.purejewels.com\/tr\/wp-json\/wp\/v2\/product\/375146\/revisions"}],"predecessor-version":[{"id":420994,"href":"https:\/\/www.purejewels.com\/tr\/wp-json\/wp\/v2\/product\/375146\/revisions\/420994"}],"wp:featuredmedia":[{"embeddable":true,"href":"https:\/\/www.purejewels.com\/tr\/wp-json\/wp\/v2\/media\/340154"}],"wp:attachment":[{"href":"https:\/\/www.purejewels.com\/tr\/wp-json\/wp\/v2\/media?parent=375146"}],"wp:term":[{"taxonomy":"product_brand","embeddable":true,"href":"https:\/\/www.purejewels.com\/tr\/wp-json\/wp\/v2\/product_brand?post=375146"},{"taxonomy":"product_cat","embeddable":true,"href":"https:\/\/www.purejewels.com\/tr\/wp-json\/wp\/v2\/product_cat?post=375146"},{"taxonomy":"product_tag","embeddable":true,"href":"https:\/\/www.purejewels.com\/tr\/wp-json\/wp\/v2\/product_tag?post=375146"}],"curies":[{"name":"wp","href":"https:\/\/api.w.org\/{rel}","templated":true}]}}