{"id":375436,"date":"2024-11-06T03:33:27","date_gmt":"2024-11-06T03:33:27","guid":{"rendered":"https:\/\/www.purejewels.com\/?post_type=product&#038;p=375436"},"modified":"2026-01-08T04:15:57","modified_gmt":"2026-01-08T04:15:57","slug":"18-ayar-sari-altin-pirlanta-burun-ignesi-50011","status":"publish","type":"product","link":"https:\/\/www.purejewels.com\/tr\/product\/18ct-yellow-gold-diamond-nose-pin-50011\/","title":{"rendered":"18 Ayar Sar\u0131 Alt\u0131n 0,10 Ayar P\u0131rlanta Burun \u0130\u011fnesi"},"content":{"rendered":"<p><b>Menzil kimli\u011fi:<\/b>18NJTNDM0010.10<br \/>\n<b>SKU:<\/b> 50011, 45200<\/p>","protected":false},"excerpt":{"rendered":"<ul>\n<li>Elmas Burun \u0130\u011fnesi \u0130ngiltere<\/li>\n<li>18 Ayar Sar\u0131 Alt\u0131n P\u0131rlanta Burun M\u00fccevheri<\/li>\n<li>Tel bobin Sapl\u0131<\/li>\n<li>P\u0131rlanta a\u011f\u0131rl\u0131\u011f\u0131 0.10ct\n<ul>\n<li>P\u0131rlanta Berrakl\u0131\u011f\u0131. VVS<\/li>\n<li>P\u0131rlanta Rengi.  E - F<\/li>\n<\/ul>\n<\/li>\n<li>T\u00fcm P\u0131rlantalar\u0131m\u0131z P\u0131rlanta Sertifikas\u0131 ile birlikte gelir<\/li>\n<li>SKU 50011, 45200<\/li>\n<li>T\u00fcm Fiyatlara KDV Dahildir<\/li>\n<li>Sunum Kutusu ile Birlikte Gelir<\/li>\n<li>Teslimat Dahil<\/li>\n<li>Elmas Burun \u0130\u011fnesi ile ilgili en son koleksiyonumuzu ke\u015ffetmek i\u00e7in bizimle ileti\u015fime ge\u00e7in \/ canl\u0131 sohbet edin.<\/li>\n<\/ul>","protected":false},"featured_media":326676,"comment_status":"closed","ping_status":"closed","template":"","meta":{"_eb_attr":"","_crsspst_to_jayantr4sg-hostcom":false},"product_brand":[],"product_cat":[5679,6093,1530,5942,1463,1574],"product_tag":[],"class_list":{"0":"post-375436","1":"product","2":"type-product","3":"status-publish","4":"has-post-thumbnail","6":"product_cat-18ct-gold-jewellery","7":"product_cat-18ct-nose-jewellery","8":"product_cat-diamond-nose-pin","9":"product_cat-nose-jewellery","10":"product_cat-gold-nose-pins","11":"product_cat-womens-jewellery","13":"first","14":"instock","15":"taxable","16":"shipping-taxable","17":"purchasable","18":"product-type-simple","19":"add-to-wishlist-before_image"},"yoast_head":"<!-- This site is optimized with the Yoast SEO plugin v27.5 - https:\/\/yoast.com\/product\/yoast-seo-wordpress\/ -->\n<title>Classic 18ct Yellow Gold Diamond Nose Pin | PureJewels UK<\/title>\n<meta name=\"description\" content=\"Discover timeless elegance with our 18ct Yellow Gold Diamond Nose Pin from PureJewels UK. Crafted with precision, this stunning piece adds a touch of sparkle to your style.\" \/>\n<meta name=\"robots\" content=\"index, follow, max-snippet:-1, max-image-preview:large, max-video-preview:-1\" \/>\n<link rel=\"canonical\" href=\"https:\/\/www.purejewels.com\/tr\/urun\/18-ayar-sari-altin-pirlanta-burun-ignesi-50011\/\" \/>\n<meta property=\"og:locale\" content=\"tr_TR\" \/>\n<meta property=\"og:type\" content=\"article\" \/>\n<meta property=\"og:title\" content=\"Classic 18ct Yellow Gold Diamond Nose Pin | PureJewels UK\" \/>\n<meta property=\"og:description\" content=\"Discover timeless elegance with our 18ct Yellow Gold Diamond Nose Pin from PureJewels UK. Crafted with precision, this stunning piece adds a touch of sparkle to your style.\" \/>\n<meta property=\"og:url\" content=\"https:\/\/www.purejewels.com\/tr\/urun\/18-ayar-sari-altin-pirlanta-burun-ignesi-50011\/\" \/>\n<meta property=\"og:site_name\" content=\"PureJewels UK\" \/>\n<meta property=\"article:modified_time\" content=\"2026-01-08T04:15:57+00:00\" \/>\n<meta property=\"og:image\" content=\"https:\/\/static.purejewels.com\/wp-content\/uploads\/2021\/07\/34156-4.jpg\" \/>\n\t<meta property=\"og:image:width\" content=\"1000\" \/>\n\t<meta property=\"og:image:height\" content=\"1000\" \/>\n\t<meta property=\"og:image:type\" content=\"image\/jpeg\" \/>\n<meta name=\"twitter:card\" content=\"summary_large_image\" \/>\n<meta name=\"twitter:label1\" content=\"Tahmini okuma s\u00fcresi\" \/>\n\t<meta name=\"twitter:data1\" content=\"2 dakika\" \/>\n<script type=\"application\/ld+json\" class=\"yoast-schema-graph\">{\"@context\":\"https:\\\/\\\/schema.org\",\"@graph\":[{\"@type\":[\"WebPage\",\"ItemPage\"],\"@id\":\"https:\\\/\\\/www.purejewels.com\\\/product\\\/18ct-yellow-gold-diamond-nose-pin-50011\\\/\",\"url\":\"https:\\\/\\\/www.purejewels.com\\\/product\\\/18ct-yellow-gold-diamond-nose-pin-50011\\\/\",\"name\":\"Classic 18ct Yellow Gold Diamond Nose Pin | PureJewels UK\",\"isPartOf\":{\"@id\":\"https:\\\/\\\/www.purejewels.com\\\/#website\"},\"primaryImageOfPage\":{\"@id\":\"https:\\\/\\\/www.purejewels.com\\\/product\\\/18ct-yellow-gold-diamond-nose-pin-50011\\\/#primaryimage\"},\"image\":{\"@id\":\"https:\\\/\\\/www.purejewels.com\\\/product\\\/18ct-yellow-gold-diamond-nose-pin-50011\\\/#primaryimage\"},\"thumbnailUrl\":\"https:\\\/\\\/static.purejewels.com\\\/wp-content\\\/uploads\\\/2021\\\/07\\\/34156-4.jpg\",\"datePublished\":\"2024-11-06T03:33:27+00:00\",\"dateModified\":\"2026-01-08T04:15:57+00:00\",\"description\":\"Discover timeless elegance with our 18ct Yellow Gold Diamond Nose Pin from PureJewels UK. Crafted with precision, this stunning piece adds a touch of sparkle to your style.\",\"breadcrumb\":{\"@id\":\"https:\\\/\\\/www.purejewels.com\\\/product\\\/18ct-yellow-gold-diamond-nose-pin-50011\\\/#breadcrumb\"},\"inLanguage\":\"tr\",\"potentialAction\":[{\"@type\":\"ReadAction\",\"target\":[\"https:\\\/\\\/www.purejewels.com\\\/product\\\/18ct-yellow-gold-diamond-nose-pin-50011\\\/\"]}]},{\"@type\":\"ImageObject\",\"inLanguage\":\"tr\",\"@id\":\"https:\\\/\\\/www.purejewels.com\\\/product\\\/18ct-yellow-gold-diamond-nose-pin-50011\\\/#primaryimage\",\"url\":\"https:\\\/\\\/static.purejewels.com\\\/wp-content\\\/uploads\\\/2021\\\/07\\\/34156-4.jpg\",\"contentUrl\":\"https:\\\/\\\/static.purejewels.com\\\/wp-content\\\/uploads\\\/2021\\\/07\\\/34156-4.jpg\",\"width\":1000,\"height\":1000,\"caption\":\"Yellow gold Diamond Nose Stud 34156-4\"},{\"@type\":\"BreadcrumbList\",\"@id\":\"https:\\\/\\\/www.purejewels.com\\\/product\\\/18ct-yellow-gold-diamond-nose-pin-50011\\\/#breadcrumb\",\"itemListElement\":[{\"@type\":\"ListItem\",\"position\":1,\"name\":\"Home\",\"item\":\"https:\\\/\\\/www.purejewels.com\\\/\"},{\"@type\":\"ListItem\",\"position\":2,\"name\":\"Shop\",\"item\":\"https:\\\/\\\/www.purejewels.com\\\/shop\\\/\"},{\"@type\":\"ListItem\",\"position\":3,\"name\":\"18ct Yellow Gold 0.10ct Diamond Nose Pin\"}]},{\"@type\":\"WebSite\",\"@id\":\"https:\\\/\\\/www.purejewels.com\\\/#website\",\"url\":\"https:\\\/\\\/www.purejewels.com\\\/\",\"name\":\"PureJewels UK\",\"description\":\"Share the Love\",\"publisher\":{\"@id\":\"https:\\\/\\\/www.purejewels.com\\\/#organization\"},\"potentialAction\":[{\"@type\":\"SearchAction\",\"target\":{\"@type\":\"EntryPoint\",\"urlTemplate\":\"https:\\\/\\\/www.purejewels.com\\\/?s={search_term_string}\"},\"query-input\":{\"@type\":\"PropertyValueSpecification\",\"valueRequired\":true,\"valueName\":\"search_term_string\"}}],\"inLanguage\":\"tr\"},{\"@type\":\"Organization\",\"@id\":\"https:\\\/\\\/www.purejewels.com\\\/#organization\",\"name\":\"PureJewels UK\",\"url\":\"https:\\\/\\\/www.purejewels.com\\\/\",\"logo\":{\"@type\":\"ImageObject\",\"inLanguage\":\"tr\",\"@id\":\"https:\\\/\\\/www.purejewels.com\\\/#\\\/schema\\\/logo\\\/image\\\/\",\"url\":\"https:\\\/\\\/static.purejewels.com\\\/wp-content\\\/uploads\\\/2020\\\/11\\\/Logo-PJ-New-1.png\",\"contentUrl\":\"https:\\\/\\\/static.purejewels.com\\\/wp-content\\\/uploads\\\/2020\\\/11\\\/Logo-PJ-New-1.png\",\"width\":150,\"height\":80,\"caption\":\"PureJewels UK\"},\"image\":{\"@id\":\"https:\\\/\\\/www.purejewels.com\\\/#\\\/schema\\\/logo\\\/image\\\/\"}}]}<\/script>\n<!-- \/ Yoast SEO plugin. -->","yoast_head_json":{"title":"Klasik 18 Ayar Sar\u0131 Alt\u0131n P\u0131rlanta Burun \u0130\u011fnesi | PureJewels UK","description":"PureJewels UK'den 18 Ayar Sar\u0131 Alt\u0131n P\u0131rlanta Burun \u0130\u011fnesi ile zamans\u0131z \u015f\u0131kl\u0131\u011f\u0131 ke\u015ffedin. Hassasiyetle haz\u0131rlanm\u0131\u015f bu \u00e7arp\u0131c\u0131 par\u00e7a, stilinize \u0131\u015f\u0131lt\u0131l\u0131 bir dokunu\u015f katar.","robots":{"index":"index","follow":"follow","max-snippet":"max-snippet:-1","max-image-preview":"max-image-preview:large","max-video-preview":"max-video-preview:-1"},"canonical":"https:\/\/www.purejewels.com\/tr\/urun\/18-ayar-sari-altin-pirlanta-burun-ignesi-50011\/","og_locale":"tr_TR","og_type":"article","og_title":"Classic 18ct Yellow Gold Diamond Nose Pin | PureJewels UK","og_description":"Discover timeless elegance with our 18ct Yellow Gold Diamond Nose Pin from PureJewels UK. Crafted with precision, this stunning piece adds a touch of sparkle to your style.","og_url":"https:\/\/www.purejewels.com\/tr\/urun\/18-ayar-sari-altin-pirlanta-burun-ignesi-50011\/","og_site_name":"PureJewels UK","article_modified_time":"2026-01-08T04:15:57+00:00","og_image":[{"width":1000,"height":1000,"url":"https:\/\/static.purejewels.com\/wp-content\/uploads\/2021\/07\/34156-4.jpg","type":"image\/jpeg"}],"twitter_card":"summary_large_image","twitter_misc":{"Tahmini okuma s\u00fcresi":"2 dakika"},"schema":{"@context":"https:\/\/schema.org","@graph":[{"@type":["WebPage","ItemPage"],"@id":"https:\/\/www.purejewels.com\/product\/18ct-yellow-gold-diamond-nose-pin-50011\/","url":"https:\/\/www.purejewels.com\/product\/18ct-yellow-gold-diamond-nose-pin-50011\/","name":"Klasik 18 Ayar Sar\u0131 Alt\u0131n P\u0131rlanta Burun \u0130\u011fnesi | PureJewels UK","isPartOf":{"@id":"https:\/\/www.purejewels.com\/#website"},"primaryImageOfPage":{"@id":"https:\/\/www.purejewels.com\/product\/18ct-yellow-gold-diamond-nose-pin-50011\/#primaryimage"},"image":{"@id":"https:\/\/www.purejewels.com\/product\/18ct-yellow-gold-diamond-nose-pin-50011\/#primaryimage"},"thumbnailUrl":"https:\/\/static.purejewels.com\/wp-content\/uploads\/2021\/07\/34156-4.jpg","datePublished":"2024-11-06T03:33:27+00:00","dateModified":"2026-01-08T04:15:57+00:00","description":"PureJewels UK'den 18 Ayar Sar\u0131 Alt\u0131n P\u0131rlanta Burun \u0130\u011fnesi ile zamans\u0131z \u015f\u0131kl\u0131\u011f\u0131 ke\u015ffedin. Hassasiyetle haz\u0131rlanm\u0131\u015f bu \u00e7arp\u0131c\u0131 par\u00e7a, stilinize \u0131\u015f\u0131lt\u0131l\u0131 bir dokunu\u015f katar.","breadcrumb":{"@id":"https:\/\/www.purejewels.com\/product\/18ct-yellow-gold-diamond-nose-pin-50011\/#breadcrumb"},"inLanguage":"tr","potentialAction":[{"@type":"ReadAction","target":["https:\/\/www.purejewels.com\/product\/18ct-yellow-gold-diamond-nose-pin-50011\/"]}]},{"@type":"ImageObject","inLanguage":"tr","@id":"https:\/\/www.purejewels.com\/product\/18ct-yellow-gold-diamond-nose-pin-50011\/#primaryimage","url":"https:\/\/static.purejewels.com\/wp-content\/uploads\/2021\/07\/34156-4.jpg","contentUrl":"https:\/\/static.purejewels.com\/wp-content\/uploads\/2021\/07\/34156-4.jpg","width":1000,"height":1000,"caption":"Yellow gold Diamond Nose Stud 34156-4"},{"@type":"BreadcrumbList","@id":"https:\/\/www.purejewels.com\/product\/18ct-yellow-gold-diamond-nose-pin-50011\/#breadcrumb","itemListElement":[{"@type":"ListItem","position":1,"name":"Home","item":"https:\/\/www.purejewels.com\/"},{"@type":"ListItem","position":2,"name":"Shop","item":"https:\/\/www.purejewels.com\/shop\/"},{"@type":"ListItem","position":3,"name":"18ct Yellow Gold 0.10ct Diamond Nose Pin"}]},{"@type":"WebSite","@id":"https:\/\/www.purejewels.com\/#website","url":"https:\/\/www.purejewels.com\/","name":"PureJewels \u0130ngiltere","description":"Sevgiyi Payla\u015f\u0131n","publisher":{"@id":"https:\/\/www.purejewels.com\/#organization"},"potentialAction":[{"@type":"SearchAction","target":{"@type":"EntryPoint","urlTemplate":"https:\/\/www.purejewels.com\/?s={search_term_string}"},"query-input":{"@type":"PropertyValueSpecification","valueRequired":true,"valueName":"search_term_string"}}],"inLanguage":"tr"},{"@type":"Organization","@id":"https:\/\/www.purejewels.com\/#organization","name":"PureJewels \u0130ngiltere","url":"https:\/\/www.purejewels.com\/","logo":{"@type":"ImageObject","inLanguage":"tr","@id":"https:\/\/www.purejewels.com\/#\/schema\/logo\/image\/","url":"https:\/\/static.purejewels.com\/wp-content\/uploads\/2020\/11\/Logo-PJ-New-1.png","contentUrl":"https:\/\/static.purejewels.com\/wp-content\/uploads\/2020\/11\/Logo-PJ-New-1.png","width":150,"height":80,"caption":"PureJewels UK"},"image":{"@id":"https:\/\/www.purejewels.com\/#\/schema\/logo\/image\/"}}]}},"_links":{"self":[{"href":"https:\/\/www.purejewels.com\/tr\/wp-json\/wp\/v2\/product\/375436","targetHints":{"allow":["GET"]}}],"collection":[{"href":"https:\/\/www.purejewels.com\/tr\/wp-json\/wp\/v2\/product"}],"about":[{"href":"https:\/\/www.purejewels.com\/tr\/wp-json\/wp\/v2\/types\/product"}],"replies":[{"embeddable":true,"href":"https:\/\/www.purejewels.com\/tr\/wp-json\/wp\/v2\/comments?post=375436"}],"version-history":[{"count":2,"href":"https:\/\/www.purejewels.com\/tr\/wp-json\/wp\/v2\/product\/375436\/revisions"}],"predecessor-version":[{"id":380153,"href":"https:\/\/www.purejewels.com\/tr\/wp-json\/wp\/v2\/product\/375436\/revisions\/380153"}],"wp:featuredmedia":[{"embeddable":true,"href":"https:\/\/www.purejewels.com\/tr\/wp-json\/wp\/v2\/media\/326676"}],"wp:attachment":[{"href":"https:\/\/www.purejewels.com\/tr\/wp-json\/wp\/v2\/media?parent=375436"}],"wp:term":[{"taxonomy":"product_brand","embeddable":true,"href":"https:\/\/www.purejewels.com\/tr\/wp-json\/wp\/v2\/product_brand?post=375436"},{"taxonomy":"product_cat","embeddable":true,"href":"https:\/\/www.purejewels.com\/tr\/wp-json\/wp\/v2\/product_cat?post=375436"},{"taxonomy":"product_tag","embeddable":true,"href":"https:\/\/www.purejewels.com\/tr\/wp-json\/wp\/v2\/product_tag?post=375436"}],"curies":[{"name":"wp","href":"https:\/\/api.w.org\/{rel}","templated":true}]}}