{"id":375445,"date":"2024-10-06T07:44:23","date_gmt":"2024-10-06T06:44:23","guid":{"rendered":"https:\/\/www.purejewels.com\/?post_type=product&#038;p=375445"},"modified":"2025-06-16T07:50:22","modified_gmt":"2025-06-16T06:50:22","slug":"18-ayar-beyaz-altindan-pirlanta-burun-ignesi-47143","status":"publish","type":"product","link":"https:\/\/www.purejewels.com\/tr\/product\/diamond-nose-pin-in-18ct-white-gold-47143\/","title":{"rendered":"18 Ayar Beyaz Alt\u0131ndan 0,12 Ayar P\u0131rlanta Burun \u0130\u011fnesi"},"content":{"rendered":"<p><b>Menzil kimli\u011fi:<\/b>8WNJTNDM0010.12<br \/>\n<b>SKU:<\/b>\u00a047143<\/p>","protected":false},"excerpt":{"rendered":"<ul>\n<li>Elmas Burun \u0130\u011fnesi uk<\/li>\n<li>18 Ayar Beyaz Alt\u0131n P\u0131rlanta Burun M\u00fccevheri<\/li>\n<li>Tel bobin Sapl\u0131<\/li>\n<li>0.12ct Yuvarlak Parlak Kesim P\u0131rlanta\n<ul>\n<li>P\u0131rlanta Berrakl\u0131\u011f\u0131. VVS<\/li>\n<li>P\u0131rlanta Rengi.  E - F<\/li>\n<\/ul>\n<\/li>\n<li>T\u00fcm P\u0131rlantalar\u0131m\u0131z P\u0131rlanta Sertifikas\u0131 ile birlikte gelir<\/li>\n<li>SKU 47143<\/li>\n<li>P\u0131rlanta Burun \u00c7\u0131t\u00e7\u0131tlar\u0131 koleksiyonumuzu ke\u015ffedin<\/li>\n<li>T\u00fcm Fiyatlara KDV Dahildir<\/li>\n<li>Sunum Kutusu ile Birlikte Gelir<\/li>\n<li>Teslimat Dahil<\/li>\n<li>Elmas Burun \u0130\u011fnesi ile ilgili en son koleksiyonumuzu ke\u015ffetmek i\u00e7in bizimle ileti\u015fime ge\u00e7in \/ canl\u0131 sohbet edin.<\/li>\n<\/ul>","protected":false},"featured_media":326671,"comment_status":"closed","ping_status":"closed","template":"","meta":{"_eb_attr":"","_crsspst_to_jayantr4sg-hostcom":false},"product_brand":[],"product_cat":[5679,6093,5457,1530,5942,1463,1574],"product_tag":[],"class_list":{"0":"post-375445","1":"product","2":"type-product","3":"status-publish","4":"has-post-thumbnail","6":"product_cat-18ct-gold-jewellery","7":"product_cat-18ct-nose-jewellery","8":"product_cat-diamond-jewellery","9":"product_cat-diamond-nose-pin","10":"product_cat-nose-jewellery","11":"product_cat-gold-nose-pins","12":"product_cat-womens-jewellery","14":"first","15":"instock","16":"taxable","17":"shipping-taxable","18":"purchasable","19":"product-type-simple","20":"add-to-wishlist-before_image"},"yoast_head":"<!-- This site is optimized with the Yoast SEO plugin v27.3 - https:\/\/yoast.com\/product\/yoast-seo-wordpress\/ -->\n<title>Diamond Nose Pin in 18ct White Gold | PureJewels UK<\/title>\n<meta name=\"description\" content=\"Elevate your style with our Diamond Nose Pin in 18ct White Gold from PureJewels UK. Featuring a brilliant diamond set in sleek white gold.\" \/>\n<meta name=\"robots\" content=\"index, follow, max-snippet:-1, max-image-preview:large, max-video-preview:-1\" \/>\n<link rel=\"canonical\" href=\"https:\/\/www.purejewels.com\/tr\/urun\/18-ayar-beyaz-altindan-pirlanta-burun-ignesi-47143\/\" \/>\n<meta property=\"og:locale\" content=\"tr_TR\" \/>\n<meta property=\"og:type\" content=\"article\" \/>\n<meta property=\"og:title\" content=\"Diamond Nose Pin in 18ct White Gold | PureJewels UK\" \/>\n<meta property=\"og:description\" content=\"Elevate your style with our Diamond Nose Pin in 18ct White Gold from PureJewels UK. Featuring a brilliant diamond set in sleek white gold.\" \/>\n<meta property=\"og:url\" content=\"https:\/\/www.purejewels.com\/tr\/urun\/18-ayar-beyaz-altindan-pirlanta-burun-ignesi-47143\/\" \/>\n<meta property=\"og:site_name\" content=\"PureJewels UK\" \/>\n<meta property=\"article:modified_time\" content=\"2025-06-16T06:50:22+00:00\" \/>\n<meta property=\"og:image\" content=\"https:\/\/www.purejewels.com\/wp-content\/uploads\/2021\/07\/34155-2.jpg\" \/>\n\t<meta property=\"og:image:width\" content=\"1000\" \/>\n\t<meta property=\"og:image:height\" content=\"1000\" \/>\n\t<meta property=\"og:image:type\" content=\"image\/jpeg\" \/>\n<meta name=\"twitter:card\" content=\"summary_large_image\" \/>\n<script type=\"application\/ld+json\" class=\"yoast-schema-graph\">{\"@context\":\"https:\\\/\\\/schema.org\",\"@graph\":[{\"@type\":[\"WebPage\",\"ItemPage\"],\"@id\":\"https:\\\/\\\/www.purejewels.com\\\/product\\\/diamond-nose-pin-in-18ct-white-gold-47143\\\/\",\"url\":\"https:\\\/\\\/www.purejewels.com\\\/product\\\/diamond-nose-pin-in-18ct-white-gold-47143\\\/\",\"name\":\"Diamond Nose Pin in 18ct White Gold | PureJewels UK\",\"isPartOf\":{\"@id\":\"https:\\\/\\\/www.purejewels.com\\\/#website\"},\"primaryImageOfPage\":{\"@id\":\"https:\\\/\\\/www.purejewels.com\\\/product\\\/diamond-nose-pin-in-18ct-white-gold-47143\\\/#primaryimage\"},\"image\":{\"@id\":\"https:\\\/\\\/www.purejewels.com\\\/product\\\/diamond-nose-pin-in-18ct-white-gold-47143\\\/#primaryimage\"},\"thumbnailUrl\":\"https:\\\/\\\/static.purejewels.com\\\/wp-content\\\/uploads\\\/2021\\\/07\\\/34155-2.jpg\",\"datePublished\":\"2024-10-06T06:44:23+00:00\",\"dateModified\":\"2025-06-16T06:50:22+00:00\",\"description\":\"Elevate your style with our Diamond Nose Pin in 18ct White Gold from PureJewels UK. Featuring a brilliant diamond set in sleek white gold.\",\"breadcrumb\":{\"@id\":\"https:\\\/\\\/www.purejewels.com\\\/product\\\/diamond-nose-pin-in-18ct-white-gold-47143\\\/#breadcrumb\"},\"inLanguage\":\"tr\",\"potentialAction\":[{\"@type\":\"ReadAction\",\"target\":[\"https:\\\/\\\/www.purejewels.com\\\/product\\\/diamond-nose-pin-in-18ct-white-gold-47143\\\/\"]}]},{\"@type\":\"ImageObject\",\"inLanguage\":\"tr\",\"@id\":\"https:\\\/\\\/www.purejewels.com\\\/product\\\/diamond-nose-pin-in-18ct-white-gold-47143\\\/#primaryimage\",\"url\":\"https:\\\/\\\/static.purejewels.com\\\/wp-content\\\/uploads\\\/2021\\\/07\\\/34155-2.jpg\",\"contentUrl\":\"https:\\\/\\\/static.purejewels.com\\\/wp-content\\\/uploads\\\/2021\\\/07\\\/34155-2.jpg\",\"width\":1000,\"height\":1000,\"caption\":\"18ct White Gold Diamond Nose Pin 34155-2\"},{\"@type\":\"BreadcrumbList\",\"@id\":\"https:\\\/\\\/www.purejewels.com\\\/product\\\/diamond-nose-pin-in-18ct-white-gold-47143\\\/#breadcrumb\",\"itemListElement\":[{\"@type\":\"ListItem\",\"position\":1,\"name\":\"Home\",\"item\":\"https:\\\/\\\/www.purejewels.com\\\/\"},{\"@type\":\"ListItem\",\"position\":2,\"name\":\"Shop\",\"item\":\"https:\\\/\\\/www.purejewels.com\\\/shop\\\/\"},{\"@type\":\"ListItem\",\"position\":3,\"name\":\"0.12ct Diamond Nose Pin in 18ct White Gold\"}]},{\"@type\":\"WebSite\",\"@id\":\"https:\\\/\\\/www.purejewels.com\\\/#website\",\"url\":\"https:\\\/\\\/www.purejewels.com\\\/\",\"name\":\"PureJewels UK\",\"description\":\"Share the Love\",\"publisher\":{\"@id\":\"https:\\\/\\\/www.purejewels.com\\\/#organization\"},\"potentialAction\":[{\"@type\":\"SearchAction\",\"target\":{\"@type\":\"EntryPoint\",\"urlTemplate\":\"https:\\\/\\\/www.purejewels.com\\\/?s={search_term_string}\"},\"query-input\":{\"@type\":\"PropertyValueSpecification\",\"valueRequired\":true,\"valueName\":\"search_term_string\"}}],\"inLanguage\":\"tr\"},{\"@type\":\"Organization\",\"@id\":\"https:\\\/\\\/www.purejewels.com\\\/#organization\",\"name\":\"PureJewels UK\",\"url\":\"https:\\\/\\\/www.purejewels.com\\\/\",\"logo\":{\"@type\":\"ImageObject\",\"inLanguage\":\"tr\",\"@id\":\"https:\\\/\\\/www.purejewels.com\\\/#\\\/schema\\\/logo\\\/image\\\/\",\"url\":\"https:\\\/\\\/static.purejewels.com\\\/wp-content\\\/uploads\\\/2020\\\/11\\\/Logo-PJ-New-1.png\",\"contentUrl\":\"https:\\\/\\\/static.purejewels.com\\\/wp-content\\\/uploads\\\/2020\\\/11\\\/Logo-PJ-New-1.png\",\"width\":150,\"height\":80,\"caption\":\"PureJewels UK\"},\"image\":{\"@id\":\"https:\\\/\\\/www.purejewels.com\\\/#\\\/schema\\\/logo\\\/image\\\/\"}}]}<\/script>\n<!-- \/ Yoast SEO plugin. -->","yoast_head_json":{"title":"18 Ayar Beyaz Alt\u0131n P\u0131rlanta Burun \u0130\u011fnesi | PureJewels UK","description":"PureJewels UK'den 18 Ayar Beyaz Alt\u0131n P\u0131rlanta Burun \u0130\u011fnesi ile stilinizi y\u00fckseltin. \u015e\u0131k beyaz alt\u0131n i\u00e7ine yerle\u015ftirilmi\u015f parlak bir p\u0131rlantaya sahiptir.","robots":{"index":"index","follow":"follow","max-snippet":"max-snippet:-1","max-image-preview":"max-image-preview:large","max-video-preview":"max-video-preview:-1"},"canonical":"https:\/\/www.purejewels.com\/tr\/urun\/18-ayar-beyaz-altindan-pirlanta-burun-ignesi-47143\/","og_locale":"tr_TR","og_type":"article","og_title":"Diamond Nose Pin in 18ct White Gold | PureJewels UK","og_description":"Elevate your style with our Diamond Nose Pin in 18ct White Gold from PureJewels UK. Featuring a brilliant diamond set in sleek white gold.","og_url":"https:\/\/www.purejewels.com\/tr\/urun\/18-ayar-beyaz-altindan-pirlanta-burun-ignesi-47143\/","og_site_name":"PureJewels UK","article_modified_time":"2025-06-16T06:50:22+00:00","og_image":[{"width":1000,"height":1000,"url":"https:\/\/www.purejewels.com\/wp-content\/uploads\/2021\/07\/34155-2.jpg","type":"image\/jpeg"}],"twitter_card":"summary_large_image","schema":{"@context":"https:\/\/schema.org","@graph":[{"@type":["WebPage","ItemPage"],"@id":"https:\/\/www.purejewels.com\/product\/diamond-nose-pin-in-18ct-white-gold-47143\/","url":"https:\/\/www.purejewels.com\/product\/diamond-nose-pin-in-18ct-white-gold-47143\/","name":"18 Ayar Beyaz Alt\u0131n P\u0131rlanta Burun \u0130\u011fnesi | PureJewels UK","isPartOf":{"@id":"https:\/\/www.purejewels.com\/#website"},"primaryImageOfPage":{"@id":"https:\/\/www.purejewels.com\/product\/diamond-nose-pin-in-18ct-white-gold-47143\/#primaryimage"},"image":{"@id":"https:\/\/www.purejewels.com\/product\/diamond-nose-pin-in-18ct-white-gold-47143\/#primaryimage"},"thumbnailUrl":"https:\/\/static.purejewels.com\/wp-content\/uploads\/2021\/07\/34155-2.jpg","datePublished":"2024-10-06T06:44:23+00:00","dateModified":"2025-06-16T06:50:22+00:00","description":"PureJewels UK'den 18 Ayar Beyaz Alt\u0131n P\u0131rlanta Burun \u0130\u011fnesi ile stilinizi y\u00fckseltin. \u015e\u0131k beyaz alt\u0131n i\u00e7ine yerle\u015ftirilmi\u015f parlak bir p\u0131rlantaya sahiptir.","breadcrumb":{"@id":"https:\/\/www.purejewels.com\/product\/diamond-nose-pin-in-18ct-white-gold-47143\/#breadcrumb"},"inLanguage":"tr","potentialAction":[{"@type":"ReadAction","target":["https:\/\/www.purejewels.com\/product\/diamond-nose-pin-in-18ct-white-gold-47143\/"]}]},{"@type":"ImageObject","inLanguage":"tr","@id":"https:\/\/www.purejewels.com\/product\/diamond-nose-pin-in-18ct-white-gold-47143\/#primaryimage","url":"https:\/\/static.purejewels.com\/wp-content\/uploads\/2021\/07\/34155-2.jpg","contentUrl":"https:\/\/static.purejewels.com\/wp-content\/uploads\/2021\/07\/34155-2.jpg","width":1000,"height":1000,"caption":"18ct White Gold Diamond Nose Pin 34155-2"},{"@type":"BreadcrumbList","@id":"https:\/\/www.purejewels.com\/product\/diamond-nose-pin-in-18ct-white-gold-47143\/#breadcrumb","itemListElement":[{"@type":"ListItem","position":1,"name":"Home","item":"https:\/\/www.purejewels.com\/"},{"@type":"ListItem","position":2,"name":"Shop","item":"https:\/\/www.purejewels.com\/shop\/"},{"@type":"ListItem","position":3,"name":"0.12ct Diamond Nose Pin in 18ct White Gold"}]},{"@type":"WebSite","@id":"https:\/\/www.purejewels.com\/#website","url":"https:\/\/www.purejewels.com\/","name":"PureJewels \u0130ngiltere","description":"Sevgiyi Payla\u015f\u0131n","publisher":{"@id":"https:\/\/www.purejewels.com\/#organization"},"potentialAction":[{"@type":"SearchAction","target":{"@type":"EntryPoint","urlTemplate":"https:\/\/www.purejewels.com\/?s={search_term_string}"},"query-input":{"@type":"PropertyValueSpecification","valueRequired":true,"valueName":"search_term_string"}}],"inLanguage":"tr"},{"@type":"Organization","@id":"https:\/\/www.purejewels.com\/#organization","name":"PureJewels \u0130ngiltere","url":"https:\/\/www.purejewels.com\/","logo":{"@type":"ImageObject","inLanguage":"tr","@id":"https:\/\/www.purejewels.com\/#\/schema\/logo\/image\/","url":"https:\/\/static.purejewels.com\/wp-content\/uploads\/2020\/11\/Logo-PJ-New-1.png","contentUrl":"https:\/\/static.purejewels.com\/wp-content\/uploads\/2020\/11\/Logo-PJ-New-1.png","width":150,"height":80,"caption":"PureJewels UK"},"image":{"@id":"https:\/\/www.purejewels.com\/#\/schema\/logo\/image\/"}}]}},"_links":{"self":[{"href":"https:\/\/www.purejewels.com\/tr\/wp-json\/wp\/v2\/product\/375445","targetHints":{"allow":["GET"]}}],"collection":[{"href":"https:\/\/www.purejewels.com\/tr\/wp-json\/wp\/v2\/product"}],"about":[{"href":"https:\/\/www.purejewels.com\/tr\/wp-json\/wp\/v2\/types\/product"}],"replies":[{"embeddable":true,"href":"https:\/\/www.purejewels.com\/tr\/wp-json\/wp\/v2\/comments?post=375445"}],"version-history":[{"count":3,"href":"https:\/\/www.purejewels.com\/tr\/wp-json\/wp\/v2\/product\/375445\/revisions"}],"predecessor-version":[{"id":392525,"href":"https:\/\/www.purejewels.com\/tr\/wp-json\/wp\/v2\/product\/375445\/revisions\/392525"}],"wp:featuredmedia":[{"embeddable":true,"href":"https:\/\/www.purejewels.com\/tr\/wp-json\/wp\/v2\/media\/326671"}],"wp:attachment":[{"href":"https:\/\/www.purejewels.com\/tr\/wp-json\/wp\/v2\/media?parent=375445"}],"wp:term":[{"taxonomy":"product_brand","embeddable":true,"href":"https:\/\/www.purejewels.com\/tr\/wp-json\/wp\/v2\/product_brand?post=375445"},{"taxonomy":"product_cat","embeddable":true,"href":"https:\/\/www.purejewels.com\/tr\/wp-json\/wp\/v2\/product_cat?post=375445"},{"taxonomy":"product_tag","embeddable":true,"href":"https:\/\/www.purejewels.com\/tr\/wp-json\/wp\/v2\/product_tag?post=375445"}],"curies":[{"name":"wp","href":"https:\/\/api.w.org\/{rel}","templated":true}]}}