{"id":375743,"date":"2024-11-14T06:25:59","date_gmt":"2024-11-14T06:25:59","guid":{"rendered":"https:\/\/www.purejewels.com\/?post_type=product&#038;p=375743"},"modified":"2026-02-27T04:33:46","modified_gmt":"2026-02-27T04:33:46","slug":"22-ayar-altin-trendy-kupe-saplama-10-mm-49107","status":"publish","type":"product","link":"https:\/\/www.purejewels.com\/tr\/product\/22ct-gold-trendy-earring-stud-10-5mm-49107\/","title":{"rendered":"22 Ayar Alt\u0131n Trendy K\u00fcpe Saplama | 10,5 mm"},"content":{"rendered":"<p>Bunlarla g\u00fcnl\u00fck g\u00f6r\u00fcn\u00fcm\u00fcn\u00fcze zamans\u0131z bir zarafet kat\u0131n <a href=\"https:\/\/www.purejewels.com\/tr\/product\/22ct-gold-jali-filigree-ring-jali-collection-31926\/\">22ct<\/a> Alt\u0131n Trendy <a href=\"https:\/\/www.purejewels.com\/tr\/product\/22ct-gold-ladies-stud-earring-with-rhodium-finish-46497\/\">K\u00fcpe<\/a> \u00c7\u0131t\u00e7\u0131tlar. 10,5 mm \u00f6l\u00e7\u00fclerindeki bu minimalist k\u00fcpeler, rahat ama sofistike bir aksesuar arayanlar i\u00e7in m\u00fckemmel bir se\u00e7imdir. \u0130ster ofise gidiyor olun ister arkada\u015flar\u0131n\u0131zla d\u0131\u015far\u0131da bir gece ge\u00e7iriyor olun, bu \u00e7ok y\u00f6nl\u00fc k\u00fcpeler her k\u0131yafeti zahmetsizce y\u00fckseltecektir. M\u00fccevher koleksiyonunuzun vazge\u00e7ilmezi haline gelecek bu g\u00fcnl\u00fck k\u00fcpelerle fark\u0131n\u0131z\u0131 ortaya koyun.<\/p>\n<p><strong>\u00d6zel G\u00fcnler<\/strong><\/p>\n<ul>\n<li><strong>Ofis k\u0131yafeti:<\/strong>\u00a0G\u00fcnl\u00fck g\u00fcvenilirlik i\u00e7in dayan\u0131kl\u0131, y\u00fcksek kaliteli malzemelerden \u00fcretilmi\u015ftir.<\/li>\n<li><strong>G\u00fcnl\u00fck Giyim:<\/strong>\u00a0T\u00fcm g\u00fcn kullan\u0131m i\u00e7in rahatt\u0131r.<\/li>\n<li><strong><a href=\"https:\/\/www.purejewels.com\/tr\/product\/22ct-gold-stud-earring-for-ladies-50664\/\">Statement K\u00fcpeler<\/a>:<\/strong>\u00a0Cesur bir g\u00f6r\u00fcn\u00fcm i\u00e7in benzersiz \u015fekiller ve karma\u015f\u0131k detaylar.<\/li>\n<\/ul>\n<p><strong>Stil<\/strong>: Etnik k\u00fcpeler<br \/>\n<strong>\u0130\u00e7in<\/strong>: Kad\u0131nlar<\/p>","protected":false},"excerpt":{"rendered":"<table class=\"sh_desc\">\n<tbody>\n<tr>\n<td>K\u00fcpe T\u00fcr\u00fc<\/td>\n<td>Saplama K\u00fcpe<\/td>\n<\/tr>\n<tr>\n<td>SKU<\/td>\n<td>49107<\/td>\n<\/tr>\n<tr>\n<td>A\u011f\u0131rl\u0131k<\/td>\n<td>2.9 Gms<\/td>\n<\/tr>\n<tr>\n<td>Biti\u015f<\/td>\n<td>Antique_Matte<\/td>\n<\/tr>\n<tr>\n<td>Geni\u015flik<\/td>\n<td>10.5 mm<\/td>\n<\/tr>\n<tr>\n<td>Koleksiyon<\/td>\n<td><strong>Armari Koleksiyonu<\/strong><\/td>\n<\/tr>\n<tr>\n<td>Metal<\/td>\n<td>22 Ayar Alt\u0131n<\/td>\n<\/tr>\n<tr>\n<td>\u00dccretler<\/td>\n<td>Teslimat ve KDV Dahil<\/td>\n<\/tr>\n<tr>\n<td>Paketleme<\/td>\n<td>Sunum Kutusu ile Birlikte Gelir<\/td>\n<\/tr>\n<tr>\n<td>Daha Fazla Bilgi<\/td>\n<td>M\u00fcsaitlik durumu ve daha fazla resim i\u00e7in bizimle canl\u0131 sohbet edin<\/td>\n<\/tr>\n<\/tbody>\n<\/table>","protected":false},"featured_media":369421,"comment_status":"closed","ping_status":"closed","template":"","meta":{"_eb_attr":"","_crsspst_to_jayantr4sg-hostcom":false},"product_brand":[],"product_cat":[1791,245,5639,6143,1559,236,1254,1229,1577,1573,1574,5349],"product_tag":[],"class_list":{"0":"post-375743","1":"product","2":"type-product","3":"status-publish","4":"has-post-thumbnail","6":"product_cat-anniversary-gifts","7":"product_cat-armari-collections","8":"product_cat-armari-earring","9":"product_cat-armari-stud-earrings","10":"product_cat-birthday-gifts","11":"product_cat-collections","12":"product_cat-gold-earrings","13":"product_cat-22ct-gold-jewellery","14":"product_cat-stud-earrings","15":"product_cat-wedding-gifts","16":"product_cat-womens-jewellery","17":"product_cat-yellow-gold-jewellery","19":"first","20":"onbackorder","21":"taxable","22":"shipping-taxable","23":"purchasable","24":"product-type-simple","25":"add-to-wishlist-before_image"},"yoast_head":"<!-- This site is optimized with the Yoast SEO plugin v27.5 - https:\/\/yoast.com\/product\/yoast-seo-wordpress\/ -->\n<title>Luxury 22ct Gold Earrings | Unique Designs | PureJewels UK<\/title>\n<meta name=\"description\" content=\"Discover our collection of luxury 22ct gold earrings featuring unique and elegant designs. Elevate your style with exquisite craftsmanship and timeless beauty.\" \/>\n<meta name=\"robots\" content=\"index, follow, max-snippet:-1, max-image-preview:large, max-video-preview:-1\" \/>\n<link rel=\"canonical\" href=\"https:\/\/www.purejewels.com\/tr\/urun\/22-ayar-altin-trendy-kupe-saplama-10-mm-49107\/\" \/>\n<meta property=\"og:locale\" content=\"tr_TR\" \/>\n<meta property=\"og:type\" content=\"article\" \/>\n<meta property=\"og:title\" content=\"Luxury 22ct Gold Earrings | Unique Designs | PureJewels UK\" \/>\n<meta property=\"og:description\" content=\"Discover our collection of luxury 22ct gold earrings featuring unique and elegant designs. Elevate your style with exquisite craftsmanship and timeless beauty.\" \/>\n<meta property=\"og:url\" content=\"https:\/\/www.purejewels.com\/tr\/urun\/22-ayar-altin-trendy-kupe-saplama-10-mm-49107\/\" \/>\n<meta property=\"og:site_name\" content=\"PureJewels UK\" \/>\n<meta property=\"article:modified_time\" content=\"2026-02-27T04:33:46+00:00\" \/>\n<meta property=\"og:image\" content=\"https:\/\/static.purejewels.com\/wp-content\/uploads\/2024\/08\/49109.png\" \/>\n\t<meta property=\"og:image:width\" content=\"1000\" \/>\n\t<meta property=\"og:image:height\" content=\"1000\" \/>\n\t<meta property=\"og:image:type\" content=\"image\/png\" \/>\n<meta name=\"twitter:card\" content=\"summary_large_image\" \/>\n<meta name=\"twitter:label1\" content=\"Tahmini okuma s\u00fcresi\" \/>\n\t<meta name=\"twitter:data1\" content=\"1 dakika\" \/>\n<script type=\"application\/ld+json\" class=\"yoast-schema-graph\">{\"@context\":\"https:\\\/\\\/schema.org\",\"@graph\":[{\"@type\":[\"WebPage\",\"ItemPage\"],\"@id\":\"https:\\\/\\\/www.purejewels.com\\\/product\\\/22ct-gold-trendy-earring-stud-10-5mm-49107\\\/\",\"url\":\"https:\\\/\\\/www.purejewels.com\\\/product\\\/22ct-gold-trendy-earring-stud-10-5mm-49107\\\/\",\"name\":\"Luxury 22ct Gold Earrings | Unique Designs | PureJewels UK\",\"isPartOf\":{\"@id\":\"https:\\\/\\\/www.purejewels.com\\\/#website\"},\"primaryImageOfPage\":{\"@id\":\"https:\\\/\\\/www.purejewels.com\\\/product\\\/22ct-gold-trendy-earring-stud-10-5mm-49107\\\/#primaryimage\"},\"image\":{\"@id\":\"https:\\\/\\\/www.purejewels.com\\\/product\\\/22ct-gold-trendy-earring-stud-10-5mm-49107\\\/#primaryimage\"},\"thumbnailUrl\":\"https:\\\/\\\/static.purejewels.com\\\/wp-content\\\/uploads\\\/2024\\\/08\\\/49109.png\",\"datePublished\":\"2024-11-14T06:25:59+00:00\",\"dateModified\":\"2026-02-27T04:33:46+00:00\",\"description\":\"Discover our collection of luxury 22ct gold earrings featuring unique and elegant designs. Elevate your style with exquisite craftsmanship and timeless beauty.\",\"breadcrumb\":{\"@id\":\"https:\\\/\\\/www.purejewels.com\\\/product\\\/22ct-gold-trendy-earring-stud-10-5mm-49107\\\/#breadcrumb\"},\"inLanguage\":\"tr\",\"potentialAction\":[{\"@type\":\"ReadAction\",\"target\":[\"https:\\\/\\\/www.purejewels.com\\\/product\\\/22ct-gold-trendy-earring-stud-10-5mm-49107\\\/\"]}]},{\"@type\":\"ImageObject\",\"inLanguage\":\"tr\",\"@id\":\"https:\\\/\\\/www.purejewels.com\\\/product\\\/22ct-gold-trendy-earring-stud-10-5mm-49107\\\/#primaryimage\",\"url\":\"https:\\\/\\\/static.purejewels.com\\\/wp-content\\\/uploads\\\/2024\\\/08\\\/49109.png\",\"contentUrl\":\"https:\\\/\\\/static.purejewels.com\\\/wp-content\\\/uploads\\\/2024\\\/08\\\/49109.png\",\"width\":1000,\"height\":1000,\"caption\":\"22ct Gold Earring\"},{\"@type\":\"BreadcrumbList\",\"@id\":\"https:\\\/\\\/www.purejewels.com\\\/product\\\/22ct-gold-trendy-earring-stud-10-5mm-49107\\\/#breadcrumb\",\"itemListElement\":[{\"@type\":\"ListItem\",\"position\":1,\"name\":\"Home\",\"item\":\"https:\\\/\\\/www.purejewels.com\\\/\"},{\"@type\":\"ListItem\",\"position\":2,\"name\":\"Shop\",\"item\":\"https:\\\/\\\/www.purejewels.com\\\/shop\\\/\"},{\"@type\":\"ListItem\",\"position\":3,\"name\":\"22ct Gold Trendy Earring Stud | 10.5mm\"}]},{\"@type\":\"WebSite\",\"@id\":\"https:\\\/\\\/www.purejewels.com\\\/#website\",\"url\":\"https:\\\/\\\/www.purejewels.com\\\/\",\"name\":\"PureJewels UK\",\"description\":\"Share the Love\",\"publisher\":{\"@id\":\"https:\\\/\\\/www.purejewels.com\\\/#organization\"},\"potentialAction\":[{\"@type\":\"SearchAction\",\"target\":{\"@type\":\"EntryPoint\",\"urlTemplate\":\"https:\\\/\\\/www.purejewels.com\\\/?s={search_term_string}\"},\"query-input\":{\"@type\":\"PropertyValueSpecification\",\"valueRequired\":true,\"valueName\":\"search_term_string\"}}],\"inLanguage\":\"tr\"},{\"@type\":\"Organization\",\"@id\":\"https:\\\/\\\/www.purejewels.com\\\/#organization\",\"name\":\"PureJewels UK\",\"url\":\"https:\\\/\\\/www.purejewels.com\\\/\",\"logo\":{\"@type\":\"ImageObject\",\"inLanguage\":\"tr\",\"@id\":\"https:\\\/\\\/www.purejewels.com\\\/#\\\/schema\\\/logo\\\/image\\\/\",\"url\":\"https:\\\/\\\/static.purejewels.com\\\/wp-content\\\/uploads\\\/2020\\\/11\\\/Logo-PJ-New-1.png\",\"contentUrl\":\"https:\\\/\\\/static.purejewels.com\\\/wp-content\\\/uploads\\\/2020\\\/11\\\/Logo-PJ-New-1.png\",\"width\":150,\"height\":80,\"caption\":\"PureJewels UK\"},\"image\":{\"@id\":\"https:\\\/\\\/www.purejewels.com\\\/#\\\/schema\\\/logo\\\/image\\\/\"}}]}<\/script>\n<!-- \/ Yoast SEO plugin. -->","yoast_head_json":{"title":"L\u00fcks 22 Ayar Alt\u0131n K\u00fcpeler | Benzersiz Tasar\u0131mlar | PureJewels UK","description":"Benzersiz ve zarif tasar\u0131mlara sahip l\u00fcks 22 ayar alt\u0131n k\u00fcpe koleksiyonumuzu ke\u015ffedin. Zarif i\u015f\u00e7ilik ve zamans\u0131z g\u00fczellik ile stilinizi y\u00fckseltin.","robots":{"index":"index","follow":"follow","max-snippet":"max-snippet:-1","max-image-preview":"max-image-preview:large","max-video-preview":"max-video-preview:-1"},"canonical":"https:\/\/www.purejewels.com\/tr\/urun\/22-ayar-altin-trendy-kupe-saplama-10-mm-49107\/","og_locale":"tr_TR","og_type":"article","og_title":"Luxury 22ct Gold Earrings | Unique Designs | PureJewels UK","og_description":"Discover our collection of luxury 22ct gold earrings featuring unique and elegant designs. Elevate your style with exquisite craftsmanship and timeless beauty.","og_url":"https:\/\/www.purejewels.com\/tr\/urun\/22-ayar-altin-trendy-kupe-saplama-10-mm-49107\/","og_site_name":"PureJewels UK","article_modified_time":"2026-02-27T04:33:46+00:00","og_image":[{"width":1000,"height":1000,"url":"https:\/\/static.purejewels.com\/wp-content\/uploads\/2024\/08\/49109.png","type":"image\/png"}],"twitter_card":"summary_large_image","twitter_misc":{"Tahmini okuma s\u00fcresi":"1 dakika"},"schema":{"@context":"https:\/\/schema.org","@graph":[{"@type":["WebPage","ItemPage"],"@id":"https:\/\/www.purejewels.com\/product\/22ct-gold-trendy-earring-stud-10-5mm-49107\/","url":"https:\/\/www.purejewels.com\/product\/22ct-gold-trendy-earring-stud-10-5mm-49107\/","name":"L\u00fcks 22 Ayar Alt\u0131n K\u00fcpeler | Benzersiz Tasar\u0131mlar | PureJewels UK","isPartOf":{"@id":"https:\/\/www.purejewels.com\/#website"},"primaryImageOfPage":{"@id":"https:\/\/www.purejewels.com\/product\/22ct-gold-trendy-earring-stud-10-5mm-49107\/#primaryimage"},"image":{"@id":"https:\/\/www.purejewels.com\/product\/22ct-gold-trendy-earring-stud-10-5mm-49107\/#primaryimage"},"thumbnailUrl":"https:\/\/static.purejewels.com\/wp-content\/uploads\/2024\/08\/49109.png","datePublished":"2024-11-14T06:25:59+00:00","dateModified":"2026-02-27T04:33:46+00:00","description":"Benzersiz ve zarif tasar\u0131mlara sahip l\u00fcks 22 ayar alt\u0131n k\u00fcpe koleksiyonumuzu ke\u015ffedin. Zarif i\u015f\u00e7ilik ve zamans\u0131z g\u00fczellik ile stilinizi y\u00fckseltin.","breadcrumb":{"@id":"https:\/\/www.purejewels.com\/product\/22ct-gold-trendy-earring-stud-10-5mm-49107\/#breadcrumb"},"inLanguage":"tr","potentialAction":[{"@type":"ReadAction","target":["https:\/\/www.purejewels.com\/product\/22ct-gold-trendy-earring-stud-10-5mm-49107\/"]}]},{"@type":"ImageObject","inLanguage":"tr","@id":"https:\/\/www.purejewels.com\/product\/22ct-gold-trendy-earring-stud-10-5mm-49107\/#primaryimage","url":"https:\/\/static.purejewels.com\/wp-content\/uploads\/2024\/08\/49109.png","contentUrl":"https:\/\/static.purejewels.com\/wp-content\/uploads\/2024\/08\/49109.png","width":1000,"height":1000,"caption":"22ct Gold Earring"},{"@type":"BreadcrumbList","@id":"https:\/\/www.purejewels.com\/product\/22ct-gold-trendy-earring-stud-10-5mm-49107\/#breadcrumb","itemListElement":[{"@type":"ListItem","position":1,"name":"Home","item":"https:\/\/www.purejewels.com\/"},{"@type":"ListItem","position":2,"name":"Shop","item":"https:\/\/www.purejewels.com\/shop\/"},{"@type":"ListItem","position":3,"name":"22ct Gold Trendy Earring Stud | 10.5mm"}]},{"@type":"WebSite","@id":"https:\/\/www.purejewels.com\/#website","url":"https:\/\/www.purejewels.com\/","name":"PureJewels \u0130ngiltere","description":"Sevgiyi Payla\u015f\u0131n","publisher":{"@id":"https:\/\/www.purejewels.com\/#organization"},"potentialAction":[{"@type":"SearchAction","target":{"@type":"EntryPoint","urlTemplate":"https:\/\/www.purejewels.com\/?s={search_term_string}"},"query-input":{"@type":"PropertyValueSpecification","valueRequired":true,"valueName":"search_term_string"}}],"inLanguage":"tr"},{"@type":"Organization","@id":"https:\/\/www.purejewels.com\/#organization","name":"PureJewels \u0130ngiltere","url":"https:\/\/www.purejewels.com\/","logo":{"@type":"ImageObject","inLanguage":"tr","@id":"https:\/\/www.purejewels.com\/#\/schema\/logo\/image\/","url":"https:\/\/static.purejewels.com\/wp-content\/uploads\/2020\/11\/Logo-PJ-New-1.png","contentUrl":"https:\/\/static.purejewels.com\/wp-content\/uploads\/2020\/11\/Logo-PJ-New-1.png","width":150,"height":80,"caption":"PureJewels UK"},"image":{"@id":"https:\/\/www.purejewels.com\/#\/schema\/logo\/image\/"}}]}},"_links":{"self":[{"href":"https:\/\/www.purejewels.com\/tr\/wp-json\/wp\/v2\/product\/375743","targetHints":{"allow":["GET"]}}],"collection":[{"href":"https:\/\/www.purejewels.com\/tr\/wp-json\/wp\/v2\/product"}],"about":[{"href":"https:\/\/www.purejewels.com\/tr\/wp-json\/wp\/v2\/types\/product"}],"replies":[{"embeddable":true,"href":"https:\/\/www.purejewels.com\/tr\/wp-json\/wp\/v2\/comments?post=375743"}],"version-history":[{"count":4,"href":"https:\/\/www.purejewels.com\/tr\/wp-json\/wp\/v2\/product\/375743\/revisions"}],"predecessor-version":[{"id":395904,"href":"https:\/\/www.purejewels.com\/tr\/wp-json\/wp\/v2\/product\/375743\/revisions\/395904"}],"wp:featuredmedia":[{"embeddable":true,"href":"https:\/\/www.purejewels.com\/tr\/wp-json\/wp\/v2\/media\/369421"}],"wp:attachment":[{"href":"https:\/\/www.purejewels.com\/tr\/wp-json\/wp\/v2\/media?parent=375743"}],"wp:term":[{"taxonomy":"product_brand","embeddable":true,"href":"https:\/\/www.purejewels.com\/tr\/wp-json\/wp\/v2\/product_brand?post=375743"},{"taxonomy":"product_cat","embeddable":true,"href":"https:\/\/www.purejewels.com\/tr\/wp-json\/wp\/v2\/product_cat?post=375743"},{"taxonomy":"product_tag","embeddable":true,"href":"https:\/\/www.purejewels.com\/tr\/wp-json\/wp\/v2\/product_tag?post=375743"}],"curies":[{"name":"wp","href":"https:\/\/api.w.org\/{rel}","templated":true}]}}