{"id":375746,"date":"2025-03-03T07:44:53","date_gmt":"2025-03-03T07:44:53","guid":{"rendered":"https:\/\/www.purejewels.com\/?post_type=product&#038;p=375746"},"modified":"2026-01-30T07:06:02","modified_gmt":"2026-01-30T07:06:02","slug":"22-ayar-altin-antika-kaplama-kupe-52277","status":"publish","type":"product","link":"https:\/\/www.purejewels.com\/tr\/product\/22ct-gold-antique-finish-earrings-52277\/","title":{"rendered":"22 Ayar Alt\u0131n Antik Kaplama K\u00fcpe"},"content":{"rendered":"<p>\u00c7arp\u0131c\u0131 \u00fcr\u00fcn\u00fcm\u00fczle tan\u0131\u015f\u0131n <a href=\"https:\/\/www.purejewels.com\/tr\/product\/22ct-gold-jali-filigree-ring-jali-collection-31926\/\">22ct<\/a> Alt\u0131n <a href=\"https:\/\/www.purejewels.com\/tr\/armari-collection\/\">Antik Kaplama<\/a> <a href=\"https:\/\/www.purejewels.com\/tr\/product\/22ct-gold-antique-finish-studs-armari-collection-6mm-49588\/\">Saplama K\u00fcpeler<\/a>! Bu zarif k\u00fcpeler ger\u00e7ekten de modas\u0131 asla ge\u00e7meyecek zamans\u0131z bir par\u00e7a. <a href=\"https:\/\/www.purejewels.com\/tr\/handmade-gold-jewellery\/\">El yap\u0131m\u0131<\/a> hassasiyet ve \u00f6zenle, her biri <a href=\"https:\/\/www.purejewels.com\/tr\/product\/22ct-gold-ladies-stud-earring-with-rhodium-finish-46497\/\">K\u00fcpe<\/a> benzersiz bir antika kaplama olu\u015fturmak i\u00e7in en kaliteli alt\u0131nla \u00fcretilmi\u015ftir. Her k\u0131yafete \u015f\u0131kl\u0131k katmak i\u00e7in m\u00fckemmel olan bu k\u00fcpeler, her m\u00fccevher koleksiyonunun olmazsa olmaz\u0131d\u0131r. Nereye giderseniz gidin ba\u015f\u0131n\u0131z\u0131 d\u00f6nd\u00fcrecek bu zarif el yap\u0131m\u0131 k\u00fcpelerle alt\u0131n\u0131n g\u00fczelli\u011fini kucaklay\u0131n. Aksesuar oyununuzu bu muhte\u015fem alt\u0131n k\u00fcpelerle <a href=\"https:\/\/www.purejewels.com\/tr\/product\/holy-cross-gold-pendant-44713\/\">22 Ayar Alt\u0131n<\/a> Antik Kaplama Saplama K\u00fcpeler bug\u00fcn!<\/p>\n<p><strong>\u00d6zel G\u00fcnler<\/strong><\/p>\n<ul>\n<li><strong>D\u00fc\u011f\u00fcn K\u00fcpeleri: <\/strong> Gelin k\u0131yafetlerini tamamlamak i\u00e7in haz\u0131rlanm\u0131\u015f zarif tasar\u0131mlar.<\/li>\n<li><strong><a href=\"https:\/\/www.purejewels.com\/tr\/product\/22ct-gold-stud-earring-for-ladies-50664\/\">Statement K\u00fcpeler<\/a>:<\/strong> \u00d6zel g\u00fcnler i\u00e7in veya herhangi bir k\u0131yafete dramatik bir hava katmak i\u00e7in m\u00fckemmeldir.<\/li>\n<\/ul>\n<p><strong>Stil<\/strong>: Etnik K\u00fcpeler<br \/>\n<strong>\u0130\u00e7in<\/strong>: Kad\u0131nlar<\/p>","protected":false},"excerpt":{"rendered":"<div class=\"woocommerce-product-details__short-description\">\n<table class=\"sh_desc\">\n<tbody>\n<tr>\n<td>K\u00fcpe Tipi<\/td>\n<td>Damlal\u0131kl\u0131 \u00c7\u0131t\u00e7\u0131tlar<\/td>\n<\/tr>\n<tr>\n<td>SKU<\/td>\n<td>52277<\/td>\n<\/tr>\n<tr>\n<td>A\u011f\u0131rl\u0131k<\/td>\n<td>\u00a05 Gms<\/td>\n<\/tr>\n<tr>\n<td>Geni\u015flik<\/td>\n<td>15 mm<\/td>\n<\/tr>\n<tr>\n<td>Koleksiyon<\/td>\n<td>Armari Koleksiyonu<\/td>\n<\/tr>\n<tr>\n<td>Metal<\/td>\n<td>22 Ayar Alt\u0131n<\/td>\n<\/tr>\n<tr>\n<td>\u00dccretler<\/td>\n<td>Teslimat ve KDV Dahil<\/td>\n<\/tr>\n<tr>\n<td>Paketleme<\/td>\n<td>Sunum Kutusu ile Birlikte Gelir<\/td>\n<\/tr>\n<tr>\n<td>Daha Fazla Bilgi<\/td>\n<td>M\u00fcsaitlik durumu ve daha fazla resim i\u00e7in bizimle canl\u0131 sohbet edin<\/td>\n<\/tr>\n<\/tbody>\n<\/table>\n<\/div>","protected":false},"featured_media":374669,"comment_status":"closed","ping_status":"closed","template":"","meta":{"_eb_attr":"","_crsspst_to_jayantr4sg-hostcom":false},"product_brand":[],"product_cat":[245,5639,6143,1559,236,1793,1792,1790,1254,1229,5347,1570,5353,1577,1575,1573,1574,5349],"product_tag":[66],"class_list":{"0":"post-375746","1":"product","2":"type-product","3":"status-publish","4":"has-post-thumbnail","6":"product_cat-armari-collections","7":"product_cat-armari-earring","8":"product_cat-armari-stud-earrings","9":"product_cat-birthday-gifts","10":"product_cat-collections","11":"product_cat-diwali-gifts","12":"product_cat-festival-gifts","13":"product_cat-for-whom-when","14":"product_cat-gold-earrings","15":"product_cat-22ct-gold-jewellery","16":"product_cat-shop-by-metal","17":"product_cat-mothers-day-gifts","18":"product_cat-shop-by","19":"product_cat-stud-earrings","20":"product_cat-teenage-jewellery","21":"product_cat-wedding-gifts","22":"product_cat-womens-jewellery","23":"product_cat-yellow-gold-jewellery","24":"product_tag-earrings","26":"first","27":"instock","28":"taxable","29":"shipping-taxable","30":"purchasable","31":"product-type-simple","32":"add-to-wishlist-before_image"},"yoast_head":"<!-- This site is optimized with the Yoast SEO plugin v27.6 - https:\/\/yoast.com\/product\/yoast-seo-wordpress\/ -->\n<title>22ct Gold Classic and Elegant Stud Earring online at PureJewels<\/title>\n<meta name=\"description\" content=\"Explore timeless elegance with our 22ct gold antique finish earrings. Perfectly crafted for a classic, regal look, these earrings add sophistication to any outfit.\" \/>\n<meta name=\"robots\" content=\"index, follow, max-snippet:-1, max-image-preview:large, max-video-preview:-1\" \/>\n<link rel=\"canonical\" href=\"https:\/\/www.purejewels.com\/tr\/urun\/22-ayar-altin-antika-kaplama-kupe-52277\/\" \/>\n<meta property=\"og:locale\" content=\"tr_TR\" \/>\n<meta property=\"og:type\" content=\"article\" \/>\n<meta property=\"og:title\" content=\"22ct Gold Classic and Elegant Stud Earring online at PureJewels\" \/>\n<meta property=\"og:description\" content=\"Explore timeless elegance with our 22ct gold antique finish earrings. Perfectly crafted for a classic, regal look, these earrings add sophistication to any outfit.\" \/>\n<meta property=\"og:url\" content=\"https:\/\/www.purejewels.com\/tr\/urun\/22-ayar-altin-antika-kaplama-kupe-52277\/\" \/>\n<meta property=\"og:site_name\" content=\"PureJewels UK\" \/>\n<meta property=\"article:modified_time\" content=\"2026-01-30T07:06:02+00:00\" \/>\n<meta property=\"og:image\" content=\"https:\/\/static.purejewels.com\/wp-content\/uploads\/2024\/10\/SKU-49679.png\" \/>\n\t<meta property=\"og:image:width\" content=\"1000\" \/>\n\t<meta property=\"og:image:height\" content=\"1000\" \/>\n\t<meta property=\"og:image:type\" content=\"image\/png\" \/>\n<meta name=\"twitter:card\" content=\"summary_large_image\" \/>\n<meta name=\"twitter:label1\" content=\"Tahmini okuma s\u00fcresi\" \/>\n\t<meta name=\"twitter:data1\" content=\"1 dakika\" \/>\n<script type=\"application\/ld+json\" class=\"yoast-schema-graph\">{\"@context\":\"https:\\\/\\\/schema.org\",\"@graph\":[{\"@type\":[\"WebPage\",\"ItemPage\"],\"@id\":\"https:\\\/\\\/www.purejewels.com\\\/product\\\/22ct-gold-antique-finish-earrings-52277\\\/\",\"url\":\"https:\\\/\\\/www.purejewels.com\\\/product\\\/22ct-gold-antique-finish-earrings-52277\\\/\",\"name\":\"22ct Gold Classic and Elegant Stud Earring online at PureJewels\",\"isPartOf\":{\"@id\":\"https:\\\/\\\/www.purejewels.com\\\/#website\"},\"primaryImageOfPage\":{\"@id\":\"https:\\\/\\\/www.purejewels.com\\\/product\\\/22ct-gold-antique-finish-earrings-52277\\\/#primaryimage\"},\"image\":{\"@id\":\"https:\\\/\\\/www.purejewels.com\\\/product\\\/22ct-gold-antique-finish-earrings-52277\\\/#primaryimage\"},\"thumbnailUrl\":\"https:\\\/\\\/static.purejewels.com\\\/wp-content\\\/uploads\\\/2024\\\/10\\\/SKU-49679.png\",\"datePublished\":\"2025-03-03T07:44:53+00:00\",\"dateModified\":\"2026-01-30T07:06:02+00:00\",\"description\":\"Explore timeless elegance with our 22ct gold antique finish earrings. Perfectly crafted for a classic, regal look, these earrings add sophistication to any outfit.\",\"breadcrumb\":{\"@id\":\"https:\\\/\\\/www.purejewels.com\\\/product\\\/22ct-gold-antique-finish-earrings-52277\\\/#breadcrumb\"},\"inLanguage\":\"tr\",\"potentialAction\":[{\"@type\":\"ReadAction\",\"target\":[\"https:\\\/\\\/www.purejewels.com\\\/product\\\/22ct-gold-antique-finish-earrings-52277\\\/\"]}]},{\"@type\":\"ImageObject\",\"inLanguage\":\"tr\",\"@id\":\"https:\\\/\\\/www.purejewels.com\\\/product\\\/22ct-gold-antique-finish-earrings-52277\\\/#primaryimage\",\"url\":\"https:\\\/\\\/static.purejewels.com\\\/wp-content\\\/uploads\\\/2024\\\/10\\\/SKU-49679.png\",\"contentUrl\":\"https:\\\/\\\/static.purejewels.com\\\/wp-content\\\/uploads\\\/2024\\\/10\\\/SKU-49679.png\",\"width\":1000,\"height\":1000,\"caption\":\"22ct Gold Stud\"},{\"@type\":\"BreadcrumbList\",\"@id\":\"https:\\\/\\\/www.purejewels.com\\\/product\\\/22ct-gold-antique-finish-earrings-52277\\\/#breadcrumb\",\"itemListElement\":[{\"@type\":\"ListItem\",\"position\":1,\"name\":\"Home\",\"item\":\"https:\\\/\\\/www.purejewels.com\\\/\"},{\"@type\":\"ListItem\",\"position\":2,\"name\":\"Shop\",\"item\":\"https:\\\/\\\/www.purejewels.com\\\/shop\\\/\"},{\"@type\":\"ListItem\",\"position\":3,\"name\":\"22ct Gold Antique Finish Earrings\"}]},{\"@type\":\"WebSite\",\"@id\":\"https:\\\/\\\/www.purejewels.com\\\/#website\",\"url\":\"https:\\\/\\\/www.purejewels.com\\\/\",\"name\":\"PureJewels UK\",\"description\":\"Share the Love\",\"publisher\":{\"@id\":\"https:\\\/\\\/www.purejewels.com\\\/#organization\"},\"potentialAction\":[{\"@type\":\"SearchAction\",\"target\":{\"@type\":\"EntryPoint\",\"urlTemplate\":\"https:\\\/\\\/www.purejewels.com\\\/?s={search_term_string}\"},\"query-input\":{\"@type\":\"PropertyValueSpecification\",\"valueRequired\":true,\"valueName\":\"search_term_string\"}}],\"inLanguage\":\"tr\"},{\"@type\":\"Organization\",\"@id\":\"https:\\\/\\\/www.purejewels.com\\\/#organization\",\"name\":\"PureJewels UK\",\"url\":\"https:\\\/\\\/www.purejewels.com\\\/\",\"logo\":{\"@type\":\"ImageObject\",\"inLanguage\":\"tr\",\"@id\":\"https:\\\/\\\/www.purejewels.com\\\/#\\\/schema\\\/logo\\\/image\\\/\",\"url\":\"https:\\\/\\\/static.purejewels.com\\\/wp-content\\\/uploads\\\/2020\\\/11\\\/Logo-PJ-New-1.png\",\"contentUrl\":\"https:\\\/\\\/static.purejewels.com\\\/wp-content\\\/uploads\\\/2020\\\/11\\\/Logo-PJ-New-1.png\",\"width\":150,\"height\":80,\"caption\":\"PureJewels UK\"},\"image\":{\"@id\":\"https:\\\/\\\/www.purejewels.com\\\/#\\\/schema\\\/logo\\\/image\\\/\"}}]}<\/script>\n<!-- \/ Yoast SEO plugin. -->","yoast_head_json":{"title":"22 Ayar Alt\u0131n Klasik ve Zarif Saplama K\u00fcpe PureJewels'te online","description":"22 ayar alt\u0131n antik kaplama k\u00fcpelerimizle zamans\u0131z \u015f\u0131kl\u0131\u011f\u0131 ke\u015ffedin. Klasik, muhte\u015fem bir g\u00f6r\u00fcn\u00fcm i\u00e7in m\u00fckemmel \u015fekilde haz\u0131rlanm\u0131\u015f bu k\u00fcpeler her k\u0131yafete sofistike bir hava katar.","robots":{"index":"index","follow":"follow","max-snippet":"max-snippet:-1","max-image-preview":"max-image-preview:large","max-video-preview":"max-video-preview:-1"},"canonical":"https:\/\/www.purejewels.com\/tr\/urun\/22-ayar-altin-antika-kaplama-kupe-52277\/","og_locale":"tr_TR","og_type":"article","og_title":"22ct Gold Classic and Elegant Stud Earring online at PureJewels","og_description":"Explore timeless elegance with our 22ct gold antique finish earrings. Perfectly crafted for a classic, regal look, these earrings add sophistication to any outfit.","og_url":"https:\/\/www.purejewels.com\/tr\/urun\/22-ayar-altin-antika-kaplama-kupe-52277\/","og_site_name":"PureJewels UK","article_modified_time":"2026-01-30T07:06:02+00:00","og_image":[{"width":1000,"height":1000,"url":"https:\/\/static.purejewels.com\/wp-content\/uploads\/2024\/10\/SKU-49679.png","type":"image\/png"}],"twitter_card":"summary_large_image","twitter_misc":{"Tahmini okuma s\u00fcresi":"1 dakika"},"schema":{"@context":"https:\/\/schema.org","@graph":[{"@type":["WebPage","ItemPage"],"@id":"https:\/\/www.purejewels.com\/product\/22ct-gold-antique-finish-earrings-52277\/","url":"https:\/\/www.purejewels.com\/product\/22ct-gold-antique-finish-earrings-52277\/","name":"22 Ayar Alt\u0131n Klasik ve Zarif Saplama K\u00fcpe PureJewels'te online","isPartOf":{"@id":"https:\/\/www.purejewels.com\/#website"},"primaryImageOfPage":{"@id":"https:\/\/www.purejewels.com\/product\/22ct-gold-antique-finish-earrings-52277\/#primaryimage"},"image":{"@id":"https:\/\/www.purejewels.com\/product\/22ct-gold-antique-finish-earrings-52277\/#primaryimage"},"thumbnailUrl":"https:\/\/static.purejewels.com\/wp-content\/uploads\/2024\/10\/SKU-49679.png","datePublished":"2025-03-03T07:44:53+00:00","dateModified":"2026-01-30T07:06:02+00:00","description":"22 ayar alt\u0131n antik kaplama k\u00fcpelerimizle zamans\u0131z \u015f\u0131kl\u0131\u011f\u0131 ke\u015ffedin. Klasik, muhte\u015fem bir g\u00f6r\u00fcn\u00fcm i\u00e7in m\u00fckemmel \u015fekilde haz\u0131rlanm\u0131\u015f bu k\u00fcpeler her k\u0131yafete sofistike bir hava katar.","breadcrumb":{"@id":"https:\/\/www.purejewels.com\/product\/22ct-gold-antique-finish-earrings-52277\/#breadcrumb"},"inLanguage":"tr","potentialAction":[{"@type":"ReadAction","target":["https:\/\/www.purejewels.com\/product\/22ct-gold-antique-finish-earrings-52277\/"]}]},{"@type":"ImageObject","inLanguage":"tr","@id":"https:\/\/www.purejewels.com\/product\/22ct-gold-antique-finish-earrings-52277\/#primaryimage","url":"https:\/\/static.purejewels.com\/wp-content\/uploads\/2024\/10\/SKU-49679.png","contentUrl":"https:\/\/static.purejewels.com\/wp-content\/uploads\/2024\/10\/SKU-49679.png","width":1000,"height":1000,"caption":"22ct Gold Stud"},{"@type":"BreadcrumbList","@id":"https:\/\/www.purejewels.com\/product\/22ct-gold-antique-finish-earrings-52277\/#breadcrumb","itemListElement":[{"@type":"ListItem","position":1,"name":"Home","item":"https:\/\/www.purejewels.com\/"},{"@type":"ListItem","position":2,"name":"Shop","item":"https:\/\/www.purejewels.com\/shop\/"},{"@type":"ListItem","position":3,"name":"22ct Gold Antique Finish Earrings"}]},{"@type":"WebSite","@id":"https:\/\/www.purejewels.com\/#website","url":"https:\/\/www.purejewels.com\/","name":"PureJewels \u0130ngiltere","description":"Sevgiyi Payla\u015f\u0131n","publisher":{"@id":"https:\/\/www.purejewels.com\/#organization"},"potentialAction":[{"@type":"SearchAction","target":{"@type":"EntryPoint","urlTemplate":"https:\/\/www.purejewels.com\/?s={search_term_string}"},"query-input":{"@type":"PropertyValueSpecification","valueRequired":true,"valueName":"search_term_string"}}],"inLanguage":"tr"},{"@type":"Organization","@id":"https:\/\/www.purejewels.com\/#organization","name":"PureJewels \u0130ngiltere","url":"https:\/\/www.purejewels.com\/","logo":{"@type":"ImageObject","inLanguage":"tr","@id":"https:\/\/www.purejewels.com\/#\/schema\/logo\/image\/","url":"https:\/\/static.purejewels.com\/wp-content\/uploads\/2020\/11\/Logo-PJ-New-1.png","contentUrl":"https:\/\/static.purejewels.com\/wp-content\/uploads\/2020\/11\/Logo-PJ-New-1.png","width":150,"height":80,"caption":"PureJewels UK"},"image":{"@id":"https:\/\/www.purejewels.com\/#\/schema\/logo\/image\/"}}]}},"_links":{"self":[{"href":"https:\/\/www.purejewels.com\/tr\/wp-json\/wp\/v2\/product\/375746","targetHints":{"allow":["GET"]}}],"collection":[{"href":"https:\/\/www.purejewels.com\/tr\/wp-json\/wp\/v2\/product"}],"about":[{"href":"https:\/\/www.purejewels.com\/tr\/wp-json\/wp\/v2\/types\/product"}],"replies":[{"embeddable":true,"href":"https:\/\/www.purejewels.com\/tr\/wp-json\/wp\/v2\/comments?post=375746"}],"version-history":[{"count":3,"href":"https:\/\/www.purejewels.com\/tr\/wp-json\/wp\/v2\/product\/375746\/revisions"}],"predecessor-version":[{"id":403395,"href":"https:\/\/www.purejewels.com\/tr\/wp-json\/wp\/v2\/product\/375746\/revisions\/403395"}],"wp:featuredmedia":[{"embeddable":true,"href":"https:\/\/www.purejewels.com\/tr\/wp-json\/wp\/v2\/media\/374669"}],"wp:attachment":[{"href":"https:\/\/www.purejewels.com\/tr\/wp-json\/wp\/v2\/media?parent=375746"}],"wp:term":[{"taxonomy":"product_brand","embeddable":true,"href":"https:\/\/www.purejewels.com\/tr\/wp-json\/wp\/v2\/product_brand?post=375746"},{"taxonomy":"product_cat","embeddable":true,"href":"https:\/\/www.purejewels.com\/tr\/wp-json\/wp\/v2\/product_cat?post=375746"},{"taxonomy":"product_tag","embeddable":true,"href":"https:\/\/www.purejewels.com\/tr\/wp-json\/wp\/v2\/product_tag?post=375746"}],"curies":[{"name":"wp","href":"https:\/\/api.w.org\/{rel}","templated":true}]}}