{"id":375754,"date":"2024-11-14T09:10:11","date_gmt":"2024-11-14T09:10:11","guid":{"rendered":"https:\/\/www.purejewels.com\/?post_type=product&#038;p=375754"},"modified":"2026-03-09T12:58:37","modified_gmt":"2026-03-09T12:58:37","slug":"armari-koleksiyonu-kolye-ucu-22-ayar-sari-altin-10mm-49723","status":"publish","type":"product","link":"https:\/\/www.purejewels.com\/tr\/product\/armari-collection-pendant-in-22ct-yellow-gold-10mm-49723\/","title":{"rendered":"Armari Koleksiyonu 22 Ayar Sar\u0131 Alt\u0131n Kolye Ucu | 10mm"},"content":{"rendered":"<p>22 ayar sar\u0131 alt\u0131ndan Armari Koleksiyonu kolye ucu, doku ve gelene\u011fin \u00e7arp\u0131c\u0131 bir ifadesidir. Detayl\u0131 y\u00fczey deseni derinlik ve karakter yarat\u0131rken, y\u00fcksek safl\u0131ktaki alt\u0131n\u0131n s\u0131cak \u0131\u015f\u0131lt\u0131s\u0131 zamans\u0131z \u00e7ekicili\u011fini art\u0131r\u0131r. Tarihi el i\u015f\u00e7ili\u011fini onurland\u0131rmak i\u00e7in tasarlanan bu kolye ucu hem cesur hem de zariftir ve her m\u00fccevher koleksiyonuna anlaml\u0131 bir katk\u0131 sa\u011flar.<\/p>\n<h3 data-start=\"1237\" data-end=\"1257\">Tasar\u0131m Konsepti<\/h3>\n<p data-start=\"1258\" data-end=\"1449\">Yap\u0131land\u0131r\u0131lm\u0131\u015f detaylardan ve sembolik s\u00fcreklilikten ilham alan dairesel form, b\u00fct\u00fcnl\u00fc\u011f\u00fc ve kal\u0131c\u0131 yolculuklar\u0131 temsil eder. Katmanl\u0131 doku g\u00fcc\u00fc, kimli\u011fi ve rafine sanat\u00e7\u0131l\u0131\u011f\u0131 yans\u0131t\u0131yor.<\/p>\n<h3 data-start=\"1456\" data-end=\"1475\">Zanaatkarl\u0131k<\/h3>\n<p data-start=\"1476\" data-end=\"1703\">22 ayar sar\u0131 alt\u0131ndan ustal\u0131kla \u00fcretilen kolye ucu, boyut ve \u0131\u015f\u0131k yans\u0131mas\u0131 yaratan karma\u015f\u0131k dokuland\u0131rma tekniklerini sergiliyor. Her bir par\u00e7a \u00f6zg\u00fcnl\u00fck damgas\u0131 ta\u015f\u0131r ve yetenekli kuyumcular taraf\u0131ndan hassasiyetle \u015fekillendirilir.<\/p>\n<h3 data-start=\"1710\" data-end=\"1728\">Stil \u0130pu\u00e7lar\u0131<\/h3>\n<p data-start=\"1729\" data-end=\"1933\" data-is-last-node=\"\" data-is-only-node=\"\">Zarif bir g\u00fcnl\u00fck g\u00f6r\u00fcn\u00fcm i\u00e7in klasik bir 22 ayar alt\u0131n zincirle e\u015fle\u015ftirin.<br data-start=\"1794\" data-end=\"1797\" \/>Derinlik ve modern kontrast yaratmak i\u00e7in narin alt\u0131n kolyelerle katmanlay\u0131n.<br data-start=\"1868\" data-end=\"1871\" \/>Bir d\u00f6n\u00fcm noktas\u0131n\u0131 veya kutlamay\u0131 i\u015faretlemek i\u00e7in anlaml\u0131 bir hediye olarak \u015fekillendirin.<\/p>","protected":false},"excerpt":{"rendered":"<div class=\"woocommerce-product-details__short-description\">\n<table class=\"sh_desc\" style=\"width: 100%; height: 281px;\">\n<tbody>\n<tr style=\"height: 28px;\">\n<td style=\"height: 28px;\">Kolye Tipi<\/td>\n<td style=\"height: 28px;\">Antik Stil Kolye Ucu<\/td>\n<\/tr>\n<tr style=\"height: 28px;\">\n<td style=\"height: 28px;\">SKU<\/td>\n<td style=\"height: 28px;\">49723<\/td>\n<\/tr>\n<tr style=\"height: 28px;\">\n<td style=\"height: 29px;\">A\u011f\u0131rl\u0131k<\/td>\n<td style=\"height: 29px;\">1,4 gms<\/td>\n<\/tr>\n<tr style=\"height: 28px;\">\n<td style=\"height: 29px;\">Geni\u015flik<\/td>\n<td style=\"height: 29px;\">10 mm<\/td>\n<\/tr>\n<tr style=\"height: 28px;\">\n<td style=\"height: 29px;\">Koleksiyon<\/td>\n<td style=\"height: 29px;\"><strong>Armari Koleksiyonu<\/strong><\/td>\n<\/tr>\n<tr style=\"height: 28px;\">\n<td style=\"height: 28px;\">Metal<\/td>\n<td style=\"height: 28px;\">22 Ayar Alt\u0131n<\/td>\n<\/tr>\n<tr style=\"height: 28px;\">\n<td style=\"height: 28px;\">\u00dccretler<\/td>\n<td style=\"height: 28px;\">Teslimat ve KDV Dahil<\/td>\n<\/tr>\n<tr style=\"height: 28px;\">\n<td style=\"height: 28px;\">Paketleme<\/td>\n<td style=\"height: 28px;\">Sunum Kutusu ile Birlikte Gelir<\/td>\n<\/tr>\n<tr style=\"height: 112px;\">\n<td style=\"height: 112px;\">Daha Fazla Bilgi<\/td>\n<td style=\"height: 112px;\">\n<ul>\n<li>Zincir dahil de\u011fildir<\/li>\n<li>Koleksiyonumuzu g\u00f6r\u00fcnt\u00fcleyin\u00a0<strong>Zincirler<\/strong><\/li>\n<li>M\u00fcsaitlik durumu ve daha fazla resim i\u00e7in bizimle canl\u0131 sohbet edin<\/li>\n<\/ul>\n<\/td>\n<\/tr>\n<\/tbody>\n<\/table>\n<\/div>","protected":false},"featured_media":375758,"comment_status":"closed","ping_status":"closed","template":"","meta":{"_eb_attr":"","_crsspst_to_jayantr4sg-hostcom":false},"product_brand":[],"product_cat":[1640,1791,5670,1793,5701,1770,5343,1767,1570,1573,1574,5349],"product_tag":[],"class_list":{"0":"post-375754","1":"product","2":"type-product","3":"status-publish","4":"has-post-thumbnail","6":"product_cat-22ct-gold-bands","7":"product_cat-anniversary-gifts","8":"product_cat-armari-pendant","9":"product_cat-diwali-gifts","10":"product_cat-eid-jewellery","11":"product_cat-fancy-pendants","12":"product_cat-jewellery-under-550","13":"product_cat-ladies-pendants","14":"product_cat-mothers-day-gifts","15":"product_cat-wedding-gifts","16":"product_cat-womens-jewellery","17":"product_cat-yellow-gold-jewellery","19":"first","20":"instock","21":"taxable","22":"shipping-taxable","23":"purchasable","24":"product-type-simple","25":"add-to-wishlist-before_image"},"yoast_head":"<!-- This site is optimized with the Yoast SEO plugin v27.5 - https:\/\/yoast.com\/product\/yoast-seo-wordpress\/ -->\n<title>Shop Armari Pendant in 22ct Yellow Gold | PureJewels London<\/title>\n<meta name=\"description\" content=\"Discover the Armari pendant crafted in radiant 22ct yellow gold. Featuring intricate detailing this delicate piece adds refined charm to everyday &amp; occasion.\" \/>\n<meta name=\"robots\" content=\"index, follow, max-snippet:-1, max-image-preview:large, max-video-preview:-1\" \/>\n<link rel=\"canonical\" href=\"https:\/\/www.purejewels.com\/tr\/urun\/armari-koleksiyonu-kolye-ucu-22-ayar-sari-altin-10mm-49723\/\" \/>\n<meta property=\"og:locale\" content=\"tr_TR\" \/>\n<meta property=\"og:type\" content=\"article\" \/>\n<meta property=\"og:title\" content=\"Shop Armari Pendant in 22ct Yellow Gold | PureJewels London\" \/>\n<meta property=\"og:description\" content=\"Discover the Armari pendant crafted in radiant 22ct yellow gold. Featuring intricate detailing this delicate piece adds refined charm to everyday &amp; occasion.\" \/>\n<meta property=\"og:url\" content=\"https:\/\/www.purejewels.com\/tr\/urun\/armari-koleksiyonu-kolye-ucu-22-ayar-sari-altin-10mm-49723\/\" \/>\n<meta property=\"og:site_name\" content=\"PureJewels UK\" \/>\n<meta property=\"article:modified_time\" content=\"2026-03-09T12:58:37+00:00\" \/>\n<meta property=\"og:image\" content=\"https:\/\/static.purejewels.com\/wp-content\/uploads\/2024\/11\/49723.jpg\" \/>\n\t<meta property=\"og:image:width\" content=\"1000\" \/>\n\t<meta property=\"og:image:height\" content=\"1000\" \/>\n\t<meta property=\"og:image:type\" content=\"image\/jpeg\" \/>\n<meta name=\"twitter:card\" content=\"summary_large_image\" \/>\n<meta name=\"twitter:label1\" content=\"Tahmini okuma s\u00fcresi\" \/>\n\t<meta name=\"twitter:data1\" content=\"1 dakika\" \/>\n<script type=\"application\/ld+json\" class=\"yoast-schema-graph\">{\"@context\":\"https:\\\/\\\/schema.org\",\"@graph\":[{\"@type\":[\"WebPage\",\"ItemPage\"],\"@id\":\"https:\\\/\\\/www.purejewels.com\\\/product\\\/armari-collection-pendant-in-22ct-yellow-gold-10mm-49723\\\/\",\"url\":\"https:\\\/\\\/www.purejewels.com\\\/product\\\/armari-collection-pendant-in-22ct-yellow-gold-10mm-49723\\\/\",\"name\":\"Shop Armari Pendant in 22ct Yellow Gold | PureJewels London\",\"isPartOf\":{\"@id\":\"https:\\\/\\\/www.purejewels.com\\\/#website\"},\"primaryImageOfPage\":{\"@id\":\"https:\\\/\\\/www.purejewels.com\\\/product\\\/armari-collection-pendant-in-22ct-yellow-gold-10mm-49723\\\/#primaryimage\"},\"image\":{\"@id\":\"https:\\\/\\\/www.purejewels.com\\\/product\\\/armari-collection-pendant-in-22ct-yellow-gold-10mm-49723\\\/#primaryimage\"},\"thumbnailUrl\":\"https:\\\/\\\/static.purejewels.com\\\/wp-content\\\/uploads\\\/2024\\\/11\\\/49723.jpg\",\"datePublished\":\"2024-11-14T09:10:11+00:00\",\"dateModified\":\"2026-03-09T12:58:37+00:00\",\"description\":\"Discover the Armari pendant crafted in radiant 22ct yellow gold. Featuring intricate detailing this delicate piece adds refined charm to everyday & occasion.\",\"breadcrumb\":{\"@id\":\"https:\\\/\\\/www.purejewels.com\\\/product\\\/armari-collection-pendant-in-22ct-yellow-gold-10mm-49723\\\/#breadcrumb\"},\"inLanguage\":\"tr\",\"potentialAction\":[{\"@type\":\"ReadAction\",\"target\":[\"https:\\\/\\\/www.purejewels.com\\\/product\\\/armari-collection-pendant-in-22ct-yellow-gold-10mm-49723\\\/\"]}]},{\"@type\":\"ImageObject\",\"inLanguage\":\"tr\",\"@id\":\"https:\\\/\\\/www.purejewels.com\\\/product\\\/armari-collection-pendant-in-22ct-yellow-gold-10mm-49723\\\/#primaryimage\",\"url\":\"https:\\\/\\\/static.purejewels.com\\\/wp-content\\\/uploads\\\/2024\\\/11\\\/49723.jpg\",\"contentUrl\":\"https:\\\/\\\/static.purejewels.com\\\/wp-content\\\/uploads\\\/2024\\\/11\\\/49723.jpg\",\"width\":1000,\"height\":1000,\"caption\":\"22ct Gold Antique Finish Pendant\"},{\"@type\":\"BreadcrumbList\",\"@id\":\"https:\\\/\\\/www.purejewels.com\\\/product\\\/armari-collection-pendant-in-22ct-yellow-gold-10mm-49723\\\/#breadcrumb\",\"itemListElement\":[{\"@type\":\"ListItem\",\"position\":1,\"name\":\"Home\",\"item\":\"https:\\\/\\\/www.purejewels.com\\\/\"},{\"@type\":\"ListItem\",\"position\":2,\"name\":\"Shop\",\"item\":\"https:\\\/\\\/www.purejewels.com\\\/shop\\\/\"},{\"@type\":\"ListItem\",\"position\":3,\"name\":\"Armari Collection Pendant in 22ct Yellow Gold | 10mm\"}]},{\"@type\":\"WebSite\",\"@id\":\"https:\\\/\\\/www.purejewels.com\\\/#website\",\"url\":\"https:\\\/\\\/www.purejewels.com\\\/\",\"name\":\"PureJewels UK\",\"description\":\"Share the Love\",\"publisher\":{\"@id\":\"https:\\\/\\\/www.purejewels.com\\\/#organization\"},\"potentialAction\":[{\"@type\":\"SearchAction\",\"target\":{\"@type\":\"EntryPoint\",\"urlTemplate\":\"https:\\\/\\\/www.purejewels.com\\\/?s={search_term_string}\"},\"query-input\":{\"@type\":\"PropertyValueSpecification\",\"valueRequired\":true,\"valueName\":\"search_term_string\"}}],\"inLanguage\":\"tr\"},{\"@type\":\"Organization\",\"@id\":\"https:\\\/\\\/www.purejewels.com\\\/#organization\",\"name\":\"PureJewels UK\",\"url\":\"https:\\\/\\\/www.purejewels.com\\\/\",\"logo\":{\"@type\":\"ImageObject\",\"inLanguage\":\"tr\",\"@id\":\"https:\\\/\\\/www.purejewels.com\\\/#\\\/schema\\\/logo\\\/image\\\/\",\"url\":\"https:\\\/\\\/static.purejewels.com\\\/wp-content\\\/uploads\\\/2020\\\/11\\\/Logo-PJ-New-1.png\",\"contentUrl\":\"https:\\\/\\\/static.purejewels.com\\\/wp-content\\\/uploads\\\/2020\\\/11\\\/Logo-PJ-New-1.png\",\"width\":150,\"height\":80,\"caption\":\"PureJewels UK\"},\"image\":{\"@id\":\"https:\\\/\\\/www.purejewels.com\\\/#\\\/schema\\\/logo\\\/image\\\/\"}}]}<\/script>\n<!-- \/ Yoast SEO plugin. -->","yoast_head_json":{"title":"22 Ayar Sar\u0131 Alt\u0131n Armari Kolye Sat\u0131n Al\u0131n | PureJewels London","description":"I\u015f\u0131lt\u0131l\u0131 22 ayar sar\u0131 alt\u0131ndan \u00fcretilen Armari kolyeyi ke\u015ffedin. Karma\u015f\u0131k detaylara sahip bu narin par\u00e7a, her g\u00fcne ve duruma zarif bir \u00e7ekicilik katar.","robots":{"index":"index","follow":"follow","max-snippet":"max-snippet:-1","max-image-preview":"max-image-preview:large","max-video-preview":"max-video-preview:-1"},"canonical":"https:\/\/www.purejewels.com\/tr\/urun\/armari-koleksiyonu-kolye-ucu-22-ayar-sari-altin-10mm-49723\/","og_locale":"tr_TR","og_type":"article","og_title":"Shop Armari Pendant in 22ct Yellow Gold | PureJewels London","og_description":"Discover the Armari pendant crafted in radiant 22ct yellow gold. Featuring intricate detailing this delicate piece adds refined charm to everyday & occasion.","og_url":"https:\/\/www.purejewels.com\/tr\/urun\/armari-koleksiyonu-kolye-ucu-22-ayar-sari-altin-10mm-49723\/","og_site_name":"PureJewels UK","article_modified_time":"2026-03-09T12:58:37+00:00","og_image":[{"width":1000,"height":1000,"url":"https:\/\/static.purejewels.com\/wp-content\/uploads\/2024\/11\/49723.jpg","type":"image\/jpeg"}],"twitter_card":"summary_large_image","twitter_misc":{"Tahmini okuma s\u00fcresi":"1 dakika"},"schema":{"@context":"https:\/\/schema.org","@graph":[{"@type":["WebPage","ItemPage"],"@id":"https:\/\/www.purejewels.com\/product\/armari-collection-pendant-in-22ct-yellow-gold-10mm-49723\/","url":"https:\/\/www.purejewels.com\/product\/armari-collection-pendant-in-22ct-yellow-gold-10mm-49723\/","name":"22 Ayar Sar\u0131 Alt\u0131n Armari Kolye Sat\u0131n Al\u0131n | PureJewels London","isPartOf":{"@id":"https:\/\/www.purejewels.com\/#website"},"primaryImageOfPage":{"@id":"https:\/\/www.purejewels.com\/product\/armari-collection-pendant-in-22ct-yellow-gold-10mm-49723\/#primaryimage"},"image":{"@id":"https:\/\/www.purejewels.com\/product\/armari-collection-pendant-in-22ct-yellow-gold-10mm-49723\/#primaryimage"},"thumbnailUrl":"https:\/\/static.purejewels.com\/wp-content\/uploads\/2024\/11\/49723.jpg","datePublished":"2024-11-14T09:10:11+00:00","dateModified":"2026-03-09T12:58:37+00:00","description":"I\u015f\u0131lt\u0131l\u0131 22 ayar sar\u0131 alt\u0131ndan \u00fcretilen Armari kolyeyi ke\u015ffedin. Karma\u015f\u0131k detaylara sahip bu narin par\u00e7a, her g\u00fcne ve duruma zarif bir \u00e7ekicilik katar.","breadcrumb":{"@id":"https:\/\/www.purejewels.com\/product\/armari-collection-pendant-in-22ct-yellow-gold-10mm-49723\/#breadcrumb"},"inLanguage":"tr","potentialAction":[{"@type":"ReadAction","target":["https:\/\/www.purejewels.com\/product\/armari-collection-pendant-in-22ct-yellow-gold-10mm-49723\/"]}]},{"@type":"ImageObject","inLanguage":"tr","@id":"https:\/\/www.purejewels.com\/product\/armari-collection-pendant-in-22ct-yellow-gold-10mm-49723\/#primaryimage","url":"https:\/\/static.purejewels.com\/wp-content\/uploads\/2024\/11\/49723.jpg","contentUrl":"https:\/\/static.purejewels.com\/wp-content\/uploads\/2024\/11\/49723.jpg","width":1000,"height":1000,"caption":"22ct Gold Antique Finish Pendant"},{"@type":"BreadcrumbList","@id":"https:\/\/www.purejewels.com\/product\/armari-collection-pendant-in-22ct-yellow-gold-10mm-49723\/#breadcrumb","itemListElement":[{"@type":"ListItem","position":1,"name":"Home","item":"https:\/\/www.purejewels.com\/"},{"@type":"ListItem","position":2,"name":"Shop","item":"https:\/\/www.purejewels.com\/shop\/"},{"@type":"ListItem","position":3,"name":"Armari Collection Pendant in 22ct Yellow Gold | 10mm"}]},{"@type":"WebSite","@id":"https:\/\/www.purejewels.com\/#website","url":"https:\/\/www.purejewels.com\/","name":"PureJewels \u0130ngiltere","description":"Sevgiyi Payla\u015f\u0131n","publisher":{"@id":"https:\/\/www.purejewels.com\/#organization"},"potentialAction":[{"@type":"SearchAction","target":{"@type":"EntryPoint","urlTemplate":"https:\/\/www.purejewels.com\/?s={search_term_string}"},"query-input":{"@type":"PropertyValueSpecification","valueRequired":true,"valueName":"search_term_string"}}],"inLanguage":"tr"},{"@type":"Organization","@id":"https:\/\/www.purejewels.com\/#organization","name":"PureJewels \u0130ngiltere","url":"https:\/\/www.purejewels.com\/","logo":{"@type":"ImageObject","inLanguage":"tr","@id":"https:\/\/www.purejewels.com\/#\/schema\/logo\/image\/","url":"https:\/\/static.purejewels.com\/wp-content\/uploads\/2020\/11\/Logo-PJ-New-1.png","contentUrl":"https:\/\/static.purejewels.com\/wp-content\/uploads\/2020\/11\/Logo-PJ-New-1.png","width":150,"height":80,"caption":"PureJewels UK"},"image":{"@id":"https:\/\/www.purejewels.com\/#\/schema\/logo\/image\/"}}]}},"_links":{"self":[{"href":"https:\/\/www.purejewels.com\/tr\/wp-json\/wp\/v2\/product\/375754","targetHints":{"allow":["GET"]}}],"collection":[{"href":"https:\/\/www.purejewels.com\/tr\/wp-json\/wp\/v2\/product"}],"about":[{"href":"https:\/\/www.purejewels.com\/tr\/wp-json\/wp\/v2\/types\/product"}],"replies":[{"embeddable":true,"href":"https:\/\/www.purejewels.com\/tr\/wp-json\/wp\/v2\/comments?post=375754"}],"version-history":[{"count":3,"href":"https:\/\/www.purejewels.com\/tr\/wp-json\/wp\/v2\/product\/375754\/revisions"}],"predecessor-version":[{"id":426484,"href":"https:\/\/www.purejewels.com\/tr\/wp-json\/wp\/v2\/product\/375754\/revisions\/426484"}],"wp:featuredmedia":[{"embeddable":true,"href":"https:\/\/www.purejewels.com\/tr\/wp-json\/wp\/v2\/media\/375758"}],"wp:attachment":[{"href":"https:\/\/www.purejewels.com\/tr\/wp-json\/wp\/v2\/media?parent=375754"}],"wp:term":[{"taxonomy":"product_brand","embeddable":true,"href":"https:\/\/www.purejewels.com\/tr\/wp-json\/wp\/v2\/product_brand?post=375754"},{"taxonomy":"product_cat","embeddable":true,"href":"https:\/\/www.purejewels.com\/tr\/wp-json\/wp\/v2\/product_cat?post=375754"},{"taxonomy":"product_tag","embeddable":true,"href":"https:\/\/www.purejewels.com\/tr\/wp-json\/wp\/v2\/product_tag?post=375754"}],"curies":[{"name":"wp","href":"https:\/\/api.w.org\/{rel}","templated":true}]}}