{"id":3760,"date":"2017-07-19T13:19:06","date_gmt":"2017-07-19T12:19:06","guid":{"rendered":"http:\/\/new.purejewels.com\/product\/masaai-earrings-2\/"},"modified":"2025-11-18T07:08:14","modified_gmt":"2025-11-18T07:08:14","slug":"masaai-kupeleri-2","status":"publish","type":"product","link":"https:\/\/www.purejewels.com\/tr\/product\/masaai-earrings-2\/","title":{"rendered":"Masai P\u0131rlanta M\u0131zrak K\u00fcpe 18 Ayar Beyaz Alt\u0131n"},"content":{"rendered":"<p data-start=\"362\" data-end=\"645\">Zarif Maasai m\u0131zraklar\u0131ndan esinlenerek tasarlanan bu \u00fcr\u00fcnler <a href=\"https:\/\/www.purejewels.com\/tr\/product\/18ct-white-gold-diamond-ring-for-ladies-8775\/\">18 ayar beyaz alt\u0131n<\/a> K\u00fcpeler, \u00e7ene hatt\u0131n\u0131 g\u00fczelle\u015ftiren uzun, sivrilen bir sil\u00fcet \u00e7iziyor. Parlak m\u0131zrak u\u00e7lar\u0131, pav\u00e9 p\u0131rlanta detaylar\u0131n \u00fczerinde yer al\u0131yor ve her ad\u0131mda hafif\u00e7e hareket eden ince ok u\u00e7lu damlalara d\u00f6n\u00fc\u015f\u00fcyor.<\/p>\n<p data-start=\"647\" data-end=\"879\" data-is-last-node=\"\" data-is-only-node=\"\">P\u00fcr\u00fczs\u00fcz metal ve narin elmaslar\u0131n kontrast\u0131, tasar\u0131ma zarif ve \u00e7a\u011fda\u015f bir hava kat\u0131yor. Ak\u015fam veya \u00f6zel g\u00fcnler i\u00e7in m\u00fckemmel olan bu tak\u0131lar, \u00f6zel dikim k\u0131yafetlere, ipek elbiselere ve aradaki her \u015feye temiz bir mimari hava kat\u0131yor.<\/p>","protected":false},"excerpt":{"rendered":"<ul>\n<li>Masaai K\u00fcpe<\/li>\n<li><span style=\"float: none; background-color: transparent; color: #333333; cursor: text; font-family: Georgia,'Times New Roman','Bitstream Charter',Times,serif; font-size: 16px; font-style: normal; font-variant: normal; font-weight: 400; letter-spacing: normal; text-align: left; text-decoration: none; text-indent: 0px;\">18 Ayar Beyaz Alt\u0131n<\/span><\/li>\n<li><span style=\"float: none; background-color: transparent; color: #333333; cursor: text; font-family: Georgia,'Times New Roman','Bitstream Charter',Times,serif; font-size: 16px; font-style: normal; font-variant: normal; font-weight: 400; letter-spacing: normal; text-align: left; text-decoration: none; text-indent: 0px;\">P\u0131rlanta 0.36ct<\/span><\/li>\n<li>London Assay Office taraf\u0131ndan damgalanm\u0131\u015ft\u0131r<\/li>\n<li>Sunum Kutusu ile Birlikte Gelir<\/li>\n<li>Teslimat Dahil<\/li>\n<li>T\u00fcm fiyatlara KDV dahildir<\/li>\n<li>Stok durumu ve stokta bulunan benzer tasar\u0131mlar\u0131n daha fazla g\u00f6r\u00fcnt\u00fcs\u00fc i\u00e7in bizimle canl\u0131 sohbet edin<\/li>\n<\/ul>\n<p>&nbsp;<\/p>","protected":false},"featured_media":3761,"comment_status":"closed","ping_status":"closed","template":"","meta":{"_eb_attr":"","_crsspst_to_jayantr4sg-hostcom":false},"product_brand":[],"product_cat":[249],"product_tag":[],"class_list":{"0":"post-3760","1":"product","2":"type-product","3":"status-publish","4":"has-post-thumbnail","6":"product_cat-masaai-collections","8":"first","9":"onbackorder","10":"taxable","11":"shipping-taxable","12":"product-type-simple","13":"add-to-wishlist-before_image"},"yoast_head":"<!-- This site is optimized with the Yoast SEO plugin v27.6 - https:\/\/yoast.com\/product\/yoast-seo-wordpress\/ -->\n<title>Masai Diamond Spear Earrings in 18ct White Gold | PureJewels UK<\/title>\n<meta name=\"description\" content=\"Masai diamond spear earrings in 18ct white gold, with elongated arrow silhouettes and pav\u00e9 diamonds for a sleek, contemporary statement.\" \/>\n<meta name=\"robots\" content=\"index, follow, max-snippet:-1, max-image-preview:large, max-video-preview:-1\" \/>\n<link rel=\"canonical\" href=\"https:\/\/www.purejewels.com\/tr\/urun\/masaai-kupeleri-2\/\" \/>\n<meta property=\"og:locale\" content=\"tr_TR\" \/>\n<meta property=\"og:type\" content=\"article\" \/>\n<meta property=\"og:title\" content=\"Masai Diamond Spear Earrings in 18ct White Gold | PureJewels UK\" \/>\n<meta property=\"og:description\" content=\"Masai diamond spear earrings in 18ct white gold, with elongated arrow silhouettes and pav\u00e9 diamonds for a sleek, contemporary statement.\" \/>\n<meta property=\"og:url\" content=\"https:\/\/www.purejewels.com\/tr\/urun\/masaai-kupeleri-2\/\" \/>\n<meta property=\"og:site_name\" content=\"PureJewels UK\" \/>\n<meta property=\"article:modified_time\" content=\"2025-11-18T07:08:14+00:00\" \/>\n<meta property=\"og:image\" content=\"https:\/\/www.purejewels.com\/wp-content\/uploads\/2017\/07\/massaiearrings_15761-2.png\" \/>\n\t<meta property=\"og:image:width\" content=\"1100\" \/>\n\t<meta property=\"og:image:height\" content=\"1100\" \/>\n\t<meta property=\"og:image:type\" content=\"image\/png\" \/>\n<meta name=\"twitter:card\" content=\"summary_large_image\" \/>\n<meta name=\"twitter:label1\" content=\"Tahmini okuma s\u00fcresi\" \/>\n\t<meta name=\"twitter:data1\" content=\"1 dakika\" \/>\n<script type=\"application\/ld+json\" class=\"yoast-schema-graph\">{\"@context\":\"https:\\\/\\\/schema.org\",\"@graph\":[{\"@type\":[\"WebPage\",\"ItemPage\"],\"@id\":\"https:\\\/\\\/www.purejewels.com\\\/product\\\/masaai-earrings-2\\\/\",\"url\":\"https:\\\/\\\/www.purejewels.com\\\/product\\\/masaai-earrings-2\\\/\",\"name\":\"Masai Diamond Spear Earrings in 18ct White Gold | PureJewels UK\",\"isPartOf\":{\"@id\":\"https:\\\/\\\/www.purejewels.com\\\/#website\"},\"primaryImageOfPage\":{\"@id\":\"https:\\\/\\\/www.purejewels.com\\\/product\\\/masaai-earrings-2\\\/#primaryimage\"},\"image\":{\"@id\":\"https:\\\/\\\/www.purejewels.com\\\/product\\\/masaai-earrings-2\\\/#primaryimage\"},\"thumbnailUrl\":\"https:\\\/\\\/static.purejewels.com\\\/wp-content\\\/uploads\\\/2017\\\/07\\\/massaiearrings_15761-2.png\",\"datePublished\":\"2017-07-19T12:19:06+00:00\",\"dateModified\":\"2025-11-18T07:08:14+00:00\",\"description\":\"Masai diamond spear earrings in 18ct white gold, with elongated arrow silhouettes and pav\u00e9 diamonds for a sleek, contemporary statement.\",\"breadcrumb\":{\"@id\":\"https:\\\/\\\/www.purejewels.com\\\/product\\\/masaai-earrings-2\\\/#breadcrumb\"},\"inLanguage\":\"tr\",\"potentialAction\":[{\"@type\":\"ReadAction\",\"target\":[\"https:\\\/\\\/www.purejewels.com\\\/product\\\/masaai-earrings-2\\\/\"]}]},{\"@type\":\"ImageObject\",\"inLanguage\":\"tr\",\"@id\":\"https:\\\/\\\/www.purejewels.com\\\/product\\\/masaai-earrings-2\\\/#primaryimage\",\"url\":\"https:\\\/\\\/static.purejewels.com\\\/wp-content\\\/uploads\\\/2017\\\/07\\\/massaiearrings_15761-2.png\",\"contentUrl\":\"https:\\\/\\\/static.purejewels.com\\\/wp-content\\\/uploads\\\/2017\\\/07\\\/massaiearrings_15761-2.png\",\"width\":1100,\"height\":1100,\"caption\":\"massaiearrings_15761.png\"},{\"@type\":\"BreadcrumbList\",\"@id\":\"https:\\\/\\\/www.purejewels.com\\\/product\\\/masaai-earrings-2\\\/#breadcrumb\",\"itemListElement\":[{\"@type\":\"ListItem\",\"position\":1,\"name\":\"Home\",\"item\":\"https:\\\/\\\/www.purejewels.com\\\/\"},{\"@type\":\"ListItem\",\"position\":2,\"name\":\"Shop\",\"item\":\"https:\\\/\\\/www.purejewels.com\\\/shop\\\/\"},{\"@type\":\"ListItem\",\"position\":3,\"name\":\"Masai Diamond Spear Earrings in 18ct White Gold\"}]},{\"@type\":\"WebSite\",\"@id\":\"https:\\\/\\\/www.purejewels.com\\\/#website\",\"url\":\"https:\\\/\\\/www.purejewels.com\\\/\",\"name\":\"PureJewels UK\",\"description\":\"Share the Love\",\"publisher\":{\"@id\":\"https:\\\/\\\/www.purejewels.com\\\/#organization\"},\"potentialAction\":[{\"@type\":\"SearchAction\",\"target\":{\"@type\":\"EntryPoint\",\"urlTemplate\":\"https:\\\/\\\/www.purejewels.com\\\/?s={search_term_string}\"},\"query-input\":{\"@type\":\"PropertyValueSpecification\",\"valueRequired\":true,\"valueName\":\"search_term_string\"}}],\"inLanguage\":\"tr\"},{\"@type\":\"Organization\",\"@id\":\"https:\\\/\\\/www.purejewels.com\\\/#organization\",\"name\":\"PureJewels UK\",\"url\":\"https:\\\/\\\/www.purejewels.com\\\/\",\"logo\":{\"@type\":\"ImageObject\",\"inLanguage\":\"tr\",\"@id\":\"https:\\\/\\\/www.purejewels.com\\\/#\\\/schema\\\/logo\\\/image\\\/\",\"url\":\"https:\\\/\\\/static.purejewels.com\\\/wp-content\\\/uploads\\\/2020\\\/11\\\/Logo-PJ-New-1.png\",\"contentUrl\":\"https:\\\/\\\/static.purejewels.com\\\/wp-content\\\/uploads\\\/2020\\\/11\\\/Logo-PJ-New-1.png\",\"width\":150,\"height\":80,\"caption\":\"PureJewels UK\"},\"image\":{\"@id\":\"https:\\\/\\\/www.purejewels.com\\\/#\\\/schema\\\/logo\\\/image\\\/\"}}]}<\/script>\n<!-- \/ Yoast SEO plugin. -->","yoast_head_json":{"title":"18 ayar beyaz alt\u0131n Masai Diamond Spear k\u00fcpeler | PureJewels UK","description":"18 ayar beyaz alt\u0131n Masai elmas m\u0131zrak k\u00fcpeler, uzun ok sil\u00fcetleri ve p\u0131rlanta kapl\u0131 tasar\u0131mlar\u0131yla \u015f\u0131k ve \u00e7a\u011fda\u015f bir g\u00f6r\u00fcn\u00fcm sunar.","robots":{"index":"index","follow":"follow","max-snippet":"max-snippet:-1","max-image-preview":"max-image-preview:large","max-video-preview":"max-video-preview:-1"},"canonical":"https:\/\/www.purejewels.com\/tr\/urun\/masaai-kupeleri-2\/","og_locale":"tr_TR","og_type":"article","og_title":"Masai Diamond Spear Earrings in 18ct White Gold | PureJewels UK","og_description":"Masai diamond spear earrings in 18ct white gold, with elongated arrow silhouettes and pav\u00e9 diamonds for a sleek, contemporary statement.","og_url":"https:\/\/www.purejewels.com\/tr\/urun\/masaai-kupeleri-2\/","og_site_name":"PureJewels UK","article_modified_time":"2025-11-18T07:08:14+00:00","og_image":[{"width":1100,"height":1100,"url":"https:\/\/www.purejewels.com\/wp-content\/uploads\/2017\/07\/massaiearrings_15761-2.png","type":"image\/png"}],"twitter_card":"summary_large_image","twitter_misc":{"Tahmini okuma s\u00fcresi":"1 dakika"},"schema":{"@context":"https:\/\/schema.org","@graph":[{"@type":["WebPage","ItemPage"],"@id":"https:\/\/www.purejewels.com\/product\/masaai-earrings-2\/","url":"https:\/\/www.purejewels.com\/product\/masaai-earrings-2\/","name":"18 ayar beyaz alt\u0131n Masai Diamond Spear k\u00fcpeler | PureJewels UK","isPartOf":{"@id":"https:\/\/www.purejewels.com\/#website"},"primaryImageOfPage":{"@id":"https:\/\/www.purejewels.com\/product\/masaai-earrings-2\/#primaryimage"},"image":{"@id":"https:\/\/www.purejewels.com\/product\/masaai-earrings-2\/#primaryimage"},"thumbnailUrl":"https:\/\/static.purejewels.com\/wp-content\/uploads\/2017\/07\/massaiearrings_15761-2.png","datePublished":"2017-07-19T12:19:06+00:00","dateModified":"2025-11-18T07:08:14+00:00","description":"18 ayar beyaz alt\u0131n Masai elmas m\u0131zrak k\u00fcpeler, uzun ok sil\u00fcetleri ve p\u0131rlanta kapl\u0131 tasar\u0131mlar\u0131yla \u015f\u0131k ve \u00e7a\u011fda\u015f bir g\u00f6r\u00fcn\u00fcm sunar.","breadcrumb":{"@id":"https:\/\/www.purejewels.com\/product\/masaai-earrings-2\/#breadcrumb"},"inLanguage":"tr","potentialAction":[{"@type":"ReadAction","target":["https:\/\/www.purejewels.com\/product\/masaai-earrings-2\/"]}]},{"@type":"ImageObject","inLanguage":"tr","@id":"https:\/\/www.purejewels.com\/product\/masaai-earrings-2\/#primaryimage","url":"https:\/\/static.purejewels.com\/wp-content\/uploads\/2017\/07\/massaiearrings_15761-2.png","contentUrl":"https:\/\/static.purejewels.com\/wp-content\/uploads\/2017\/07\/massaiearrings_15761-2.png","width":1100,"height":1100,"caption":"massaiearrings_15761.png"},{"@type":"BreadcrumbList","@id":"https:\/\/www.purejewels.com\/product\/masaai-earrings-2\/#breadcrumb","itemListElement":[{"@type":"ListItem","position":1,"name":"Home","item":"https:\/\/www.purejewels.com\/"},{"@type":"ListItem","position":2,"name":"Shop","item":"https:\/\/www.purejewels.com\/shop\/"},{"@type":"ListItem","position":3,"name":"Masai Diamond Spear Earrings in 18ct White Gold"}]},{"@type":"WebSite","@id":"https:\/\/www.purejewels.com\/#website","url":"https:\/\/www.purejewels.com\/","name":"PureJewels \u0130ngiltere","description":"Sevgiyi Payla\u015f\u0131n","publisher":{"@id":"https:\/\/www.purejewels.com\/#organization"},"potentialAction":[{"@type":"SearchAction","target":{"@type":"EntryPoint","urlTemplate":"https:\/\/www.purejewels.com\/?s={search_term_string}"},"query-input":{"@type":"PropertyValueSpecification","valueRequired":true,"valueName":"search_term_string"}}],"inLanguage":"tr"},{"@type":"Organization","@id":"https:\/\/www.purejewels.com\/#organization","name":"PureJewels \u0130ngiltere","url":"https:\/\/www.purejewels.com\/","logo":{"@type":"ImageObject","inLanguage":"tr","@id":"https:\/\/www.purejewels.com\/#\/schema\/logo\/image\/","url":"https:\/\/static.purejewels.com\/wp-content\/uploads\/2020\/11\/Logo-PJ-New-1.png","contentUrl":"https:\/\/static.purejewels.com\/wp-content\/uploads\/2020\/11\/Logo-PJ-New-1.png","width":150,"height":80,"caption":"PureJewels UK"},"image":{"@id":"https:\/\/www.purejewels.com\/#\/schema\/logo\/image\/"}}]}},"_links":{"self":[{"href":"https:\/\/www.purejewels.com\/tr\/wp-json\/wp\/v2\/product\/3760","targetHints":{"allow":["GET"]}}],"collection":[{"href":"https:\/\/www.purejewels.com\/tr\/wp-json\/wp\/v2\/product"}],"about":[{"href":"https:\/\/www.purejewels.com\/tr\/wp-json\/wp\/v2\/types\/product"}],"replies":[{"embeddable":true,"href":"https:\/\/www.purejewels.com\/tr\/wp-json\/wp\/v2\/comments?post=3760"}],"version-history":[{"count":3,"href":"https:\/\/www.purejewels.com\/tr\/wp-json\/wp\/v2\/product\/3760\/revisions"}],"predecessor-version":[{"id":421256,"href":"https:\/\/www.purejewels.com\/tr\/wp-json\/wp\/v2\/product\/3760\/revisions\/421256"}],"wp:featuredmedia":[{"embeddable":true,"href":"https:\/\/www.purejewels.com\/tr\/wp-json\/wp\/v2\/media\/3761"}],"wp:attachment":[{"href":"https:\/\/www.purejewels.com\/tr\/wp-json\/wp\/v2\/media?parent=3760"}],"wp:term":[{"taxonomy":"product_brand","embeddable":true,"href":"https:\/\/www.purejewels.com\/tr\/wp-json\/wp\/v2\/product_brand?post=3760"},{"taxonomy":"product_cat","embeddable":true,"href":"https:\/\/www.purejewels.com\/tr\/wp-json\/wp\/v2\/product_cat?post=3760"},{"taxonomy":"product_tag","embeddable":true,"href":"https:\/\/www.purejewels.com\/tr\/wp-json\/wp\/v2\/product_tag?post=3760"}],"curies":[{"name":"wp","href":"https:\/\/api.w.org\/{rel}","templated":true}]}}