{"id":3764,"date":"2017-07-19T13:19:11","date_gmt":"2017-07-19T12:19:11","guid":{"rendered":"http:\/\/new.purejewels.com\/product\/masaai-pendant\/"},"modified":"2025-11-20T05:40:28","modified_gmt":"2025-11-20T05:40:28","slug":"masaai-kolye-ucu","status":"publish","type":"product","link":"https:\/\/www.purejewels.com\/tr\/product\/masaai-pendant\/","title":{"rendered":"18 Ayar Beyaz Alt\u0131n Masai P\u0131rlanta Ok Kolye"},"content":{"rendered":"<p data-start=\"369\" data-end=\"655\">Zarif Maasai formlar\u0131ndan ilham alan bu 18 ayar beyaz alt\u0131n kolye, modern ve heykelsi bir izlenim veren ince bir ok silueti \u00e7iziyor. Cilal\u0131 \u00fcst motif, elmaslarla s\u00fcslenmi\u015f merkeze do\u011fru ak\u0131yor ve p\u00fcr\u00fczs\u00fcz metal ile ince pav\u00e9 \u0131\u015f\u0131lt\u0131s\u0131 aras\u0131nda ince bir kontrast yarat\u0131yor.<\/p>\n<p data-start=\"657\" data-end=\"864\" data-is-last-node=\"\" data-is-only-node=\"\">Narin bir zincirden sarkan kolye, boyun \u00e7izgisinde zarif bir \u015fekilde durur ve rahat\u00e7a hareket eder. G\u00fcnl\u00fck \u015f\u0131k bir g\u00f6r\u00fcn\u00fcm i\u00e7in daha k\u0131sa kolyelerle birlikte takabilir veya ak\u015famlar\u0131 modern bir stil i\u00e7in tek ba\u015f\u0131na takabilirsiniz.<\/p>","protected":false},"excerpt":{"rendered":"<ul>\n<li>18 Ayar Beyaz Alt\u0131n Masaai P\u0131rlanta Kolye<\/li>\n<li><span style=\"float: none; background-color: transparent; color: #333333; cursor: text; font-family: Georgia,'Times New Roman','Bitstream Charter',Times,serif; font-size: 16px; font-style: normal; font-variant: normal; font-weight: 400; letter-spacing: normal; text-align: left; text-decoration: none; text-indent: 0px;\">0.18ct Markiz P\u0131rlanta<\/span><\/li>\n<li><span style=\"float: none; background-color: transparent; color: #333333; cursor: text; font-family: Georgia,'Times New Roman','Bitstream Charter',Times,serif; font-size: 16px; font-style: normal; font-variant: normal; font-weight: 400; letter-spacing: normal; text-align: left; text-decoration: none; text-indent: 0px;\">SKU 15780<\/span><\/li>\n<li>T\u00fcm fiyatlara KDV dahildir<\/li>\n<li>London Assay Office taraf\u0131ndan damgalanm\u0131\u015f alt\u0131n<\/li>\n<li>T\u00fcm Set Sunum Kutusuyla Birlikte Gelir<\/li>\n<li>Teslimat Dahil<\/li>\n<li>Stok durumu ve stokta bulunan benzer tasar\u0131mlar\u0131n daha fazla g\u00f6r\u00fcnt\u00fcs\u00fc i\u00e7in bizimle canl\u0131 sohbet edin<\/li>\n<\/ul>\n<p>&nbsp;<\/p>","protected":false},"featured_media":3765,"comment_status":"closed","ping_status":"closed","template":"","meta":{"_eb_attr":"","_crsspst_to_jayantr4sg-hostcom":false},"product_brand":[],"product_cat":[249],"product_tag":[],"class_list":{"0":"post-3764","1":"product","2":"type-product","3":"status-publish","4":"has-post-thumbnail","6":"product_cat-masaai-collections","8":"first","9":"onbackorder","10":"taxable","11":"shipping-taxable","12":"product-type-simple","13":"add-to-wishlist-before_image"},"yoast_head":"<!-- This site is optimized with the Yoast SEO plugin v27.6 - https:\/\/yoast.com\/product\/yoast-seo-wordpress\/ -->\n<title>Masai Diamond Arrow Pendant in 18ct White Gold | PureJewels<\/title>\n<meta name=\"description\" content=\"Masai diamond arrow pendant in 18ct white gold, with a sleek sculpted silhouette and pav\u00e9 diamonds for a refined, contemporary statement piece.\" \/>\n<meta name=\"robots\" content=\"index, follow, max-snippet:-1, max-image-preview:large, max-video-preview:-1\" \/>\n<link rel=\"canonical\" href=\"https:\/\/www.purejewels.com\/tr\/urun\/masaai-kolye-ucu\/\" \/>\n<meta property=\"og:locale\" content=\"tr_TR\" \/>\n<meta property=\"og:type\" content=\"article\" \/>\n<meta property=\"og:title\" content=\"Masai Diamond Arrow Pendant in 18ct White Gold | PureJewels\" \/>\n<meta property=\"og:description\" content=\"Masai diamond arrow pendant in 18ct white gold, with a sleek sculpted silhouette and pav\u00e9 diamonds for a refined, contemporary statement piece.\" \/>\n<meta property=\"og:url\" content=\"https:\/\/www.purejewels.com\/tr\/urun\/masaai-kolye-ucu\/\" \/>\n<meta property=\"og:site_name\" content=\"PureJewels UK\" \/>\n<meta property=\"article:modified_time\" content=\"2025-11-20T05:40:28+00:00\" \/>\n<meta property=\"og:image\" content=\"https:\/\/www.purejewels.com\/wp-content\/uploads\/2017\/07\/massaipendant_15780-2.png\" \/>\n\t<meta property=\"og:image:width\" content=\"1100\" \/>\n\t<meta property=\"og:image:height\" content=\"1100\" \/>\n\t<meta property=\"og:image:type\" content=\"image\/png\" \/>\n<meta name=\"twitter:card\" content=\"summary_large_image\" \/>\n<meta name=\"twitter:label1\" content=\"Tahmini okuma s\u00fcresi\" \/>\n\t<meta name=\"twitter:data1\" content=\"1 dakika\" \/>\n<script type=\"application\/ld+json\" class=\"yoast-schema-graph\">{\"@context\":\"https:\\\/\\\/schema.org\",\"@graph\":[{\"@type\":[\"WebPage\",\"ItemPage\"],\"@id\":\"https:\\\/\\\/www.purejewels.com\\\/product\\\/masaai-pendant\\\/\",\"url\":\"https:\\\/\\\/www.purejewels.com\\\/product\\\/masaai-pendant\\\/\",\"name\":\"Masai Diamond Arrow Pendant in 18ct White Gold | PureJewels\",\"isPartOf\":{\"@id\":\"https:\\\/\\\/www.purejewels.com\\\/#website\"},\"primaryImageOfPage\":{\"@id\":\"https:\\\/\\\/www.purejewels.com\\\/product\\\/masaai-pendant\\\/#primaryimage\"},\"image\":{\"@id\":\"https:\\\/\\\/www.purejewels.com\\\/product\\\/masaai-pendant\\\/#primaryimage\"},\"thumbnailUrl\":\"https:\\\/\\\/static.purejewels.com\\\/wp-content\\\/uploads\\\/2017\\\/07\\\/massaipendant_15780-2.png\",\"datePublished\":\"2017-07-19T12:19:11+00:00\",\"dateModified\":\"2025-11-20T05:40:28+00:00\",\"description\":\"Masai diamond arrow pendant in 18ct white gold, with a sleek sculpted silhouette and pav\u00e9 diamonds for a refined, contemporary statement piece.\",\"breadcrumb\":{\"@id\":\"https:\\\/\\\/www.purejewels.com\\\/product\\\/masaai-pendant\\\/#breadcrumb\"},\"inLanguage\":\"tr\",\"potentialAction\":[{\"@type\":\"ReadAction\",\"target\":[\"https:\\\/\\\/www.purejewels.com\\\/product\\\/masaai-pendant\\\/\"]}]},{\"@type\":\"ImageObject\",\"inLanguage\":\"tr\",\"@id\":\"https:\\\/\\\/www.purejewels.com\\\/product\\\/masaai-pendant\\\/#primaryimage\",\"url\":\"https:\\\/\\\/static.purejewels.com\\\/wp-content\\\/uploads\\\/2017\\\/07\\\/massaipendant_15780-2.png\",\"contentUrl\":\"https:\\\/\\\/static.purejewels.com\\\/wp-content\\\/uploads\\\/2017\\\/07\\\/massaipendant_15780-2.png\",\"width\":1100,\"height\":1100,\"caption\":\"massaipendant_15780.png\"},{\"@type\":\"BreadcrumbList\",\"@id\":\"https:\\\/\\\/www.purejewels.com\\\/product\\\/masaai-pendant\\\/#breadcrumb\",\"itemListElement\":[{\"@type\":\"ListItem\",\"position\":1,\"name\":\"Home\",\"item\":\"https:\\\/\\\/www.purejewels.com\\\/\"},{\"@type\":\"ListItem\",\"position\":2,\"name\":\"Shop\",\"item\":\"https:\\\/\\\/www.purejewels.com\\\/shop\\\/\"},{\"@type\":\"ListItem\",\"position\":3,\"name\":\"Masai Diamond Arrow Pendant in 18ct White Gold\"}]},{\"@type\":\"WebSite\",\"@id\":\"https:\\\/\\\/www.purejewels.com\\\/#website\",\"url\":\"https:\\\/\\\/www.purejewels.com\\\/\",\"name\":\"PureJewels UK\",\"description\":\"Share the Love\",\"publisher\":{\"@id\":\"https:\\\/\\\/www.purejewels.com\\\/#organization\"},\"potentialAction\":[{\"@type\":\"SearchAction\",\"target\":{\"@type\":\"EntryPoint\",\"urlTemplate\":\"https:\\\/\\\/www.purejewels.com\\\/?s={search_term_string}\"},\"query-input\":{\"@type\":\"PropertyValueSpecification\",\"valueRequired\":true,\"valueName\":\"search_term_string\"}}],\"inLanguage\":\"tr\"},{\"@type\":\"Organization\",\"@id\":\"https:\\\/\\\/www.purejewels.com\\\/#organization\",\"name\":\"PureJewels UK\",\"url\":\"https:\\\/\\\/www.purejewels.com\\\/\",\"logo\":{\"@type\":\"ImageObject\",\"inLanguage\":\"tr\",\"@id\":\"https:\\\/\\\/www.purejewels.com\\\/#\\\/schema\\\/logo\\\/image\\\/\",\"url\":\"https:\\\/\\\/static.purejewels.com\\\/wp-content\\\/uploads\\\/2020\\\/11\\\/Logo-PJ-New-1.png\",\"contentUrl\":\"https:\\\/\\\/static.purejewels.com\\\/wp-content\\\/uploads\\\/2020\\\/11\\\/Logo-PJ-New-1.png\",\"width\":150,\"height\":80,\"caption\":\"PureJewels UK\"},\"image\":{\"@id\":\"https:\\\/\\\/www.purejewels.com\\\/#\\\/schema\\\/logo\\\/image\\\/\"}}]}<\/script>\n<!-- \/ Yoast SEO plugin. -->","yoast_head_json":{"title":"18 ayar beyaz alt\u0131n Masai Diamond Arrow kolye | PureJewels","description":"18 ayar beyaz alt\u0131n Masai elmas ok kolye, \u015f\u0131k bir sil\u00fcet ve pav\u00e9 elmaslarla zarif ve \u00e7a\u011fda\u015f bir tasar\u0131m sunar.","robots":{"index":"index","follow":"follow","max-snippet":"max-snippet:-1","max-image-preview":"max-image-preview:large","max-video-preview":"max-video-preview:-1"},"canonical":"https:\/\/www.purejewels.com\/tr\/urun\/masaai-kolye-ucu\/","og_locale":"tr_TR","og_type":"article","og_title":"Masai Diamond Arrow Pendant in 18ct White Gold | PureJewels","og_description":"Masai diamond arrow pendant in 18ct white gold, with a sleek sculpted silhouette and pav\u00e9 diamonds for a refined, contemporary statement piece.","og_url":"https:\/\/www.purejewels.com\/tr\/urun\/masaai-kolye-ucu\/","og_site_name":"PureJewels UK","article_modified_time":"2025-11-20T05:40:28+00:00","og_image":[{"width":1100,"height":1100,"url":"https:\/\/www.purejewels.com\/wp-content\/uploads\/2017\/07\/massaipendant_15780-2.png","type":"image\/png"}],"twitter_card":"summary_large_image","twitter_misc":{"Tahmini okuma s\u00fcresi":"1 dakika"},"schema":{"@context":"https:\/\/schema.org","@graph":[{"@type":["WebPage","ItemPage"],"@id":"https:\/\/www.purejewels.com\/product\/masaai-pendant\/","url":"https:\/\/www.purejewels.com\/product\/masaai-pendant\/","name":"18 ayar beyaz alt\u0131n Masai Diamond Arrow kolye | PureJewels","isPartOf":{"@id":"https:\/\/www.purejewels.com\/#website"},"primaryImageOfPage":{"@id":"https:\/\/www.purejewels.com\/product\/masaai-pendant\/#primaryimage"},"image":{"@id":"https:\/\/www.purejewels.com\/product\/masaai-pendant\/#primaryimage"},"thumbnailUrl":"https:\/\/static.purejewels.com\/wp-content\/uploads\/2017\/07\/massaipendant_15780-2.png","datePublished":"2017-07-19T12:19:11+00:00","dateModified":"2025-11-20T05:40:28+00:00","description":"18 ayar beyaz alt\u0131n Masai elmas ok kolye, \u015f\u0131k bir sil\u00fcet ve pav\u00e9 elmaslarla zarif ve \u00e7a\u011fda\u015f bir tasar\u0131m sunar.","breadcrumb":{"@id":"https:\/\/www.purejewels.com\/product\/masaai-pendant\/#breadcrumb"},"inLanguage":"tr","potentialAction":[{"@type":"ReadAction","target":["https:\/\/www.purejewels.com\/product\/masaai-pendant\/"]}]},{"@type":"ImageObject","inLanguage":"tr","@id":"https:\/\/www.purejewels.com\/product\/masaai-pendant\/#primaryimage","url":"https:\/\/static.purejewels.com\/wp-content\/uploads\/2017\/07\/massaipendant_15780-2.png","contentUrl":"https:\/\/static.purejewels.com\/wp-content\/uploads\/2017\/07\/massaipendant_15780-2.png","width":1100,"height":1100,"caption":"massaipendant_15780.png"},{"@type":"BreadcrumbList","@id":"https:\/\/www.purejewels.com\/product\/masaai-pendant\/#breadcrumb","itemListElement":[{"@type":"ListItem","position":1,"name":"Home","item":"https:\/\/www.purejewels.com\/"},{"@type":"ListItem","position":2,"name":"Shop","item":"https:\/\/www.purejewels.com\/shop\/"},{"@type":"ListItem","position":3,"name":"Masai Diamond Arrow Pendant in 18ct White Gold"}]},{"@type":"WebSite","@id":"https:\/\/www.purejewels.com\/#website","url":"https:\/\/www.purejewels.com\/","name":"PureJewels \u0130ngiltere","description":"Sevgiyi Payla\u015f\u0131n","publisher":{"@id":"https:\/\/www.purejewels.com\/#organization"},"potentialAction":[{"@type":"SearchAction","target":{"@type":"EntryPoint","urlTemplate":"https:\/\/www.purejewels.com\/?s={search_term_string}"},"query-input":{"@type":"PropertyValueSpecification","valueRequired":true,"valueName":"search_term_string"}}],"inLanguage":"tr"},{"@type":"Organization","@id":"https:\/\/www.purejewels.com\/#organization","name":"PureJewels \u0130ngiltere","url":"https:\/\/www.purejewels.com\/","logo":{"@type":"ImageObject","inLanguage":"tr","@id":"https:\/\/www.purejewels.com\/#\/schema\/logo\/image\/","url":"https:\/\/static.purejewels.com\/wp-content\/uploads\/2020\/11\/Logo-PJ-New-1.png","contentUrl":"https:\/\/static.purejewels.com\/wp-content\/uploads\/2020\/11\/Logo-PJ-New-1.png","width":150,"height":80,"caption":"PureJewels UK"},"image":{"@id":"https:\/\/www.purejewels.com\/#\/schema\/logo\/image\/"}}]}},"_links":{"self":[{"href":"https:\/\/www.purejewels.com\/tr\/wp-json\/wp\/v2\/product\/3764","targetHints":{"allow":["GET"]}}],"collection":[{"href":"https:\/\/www.purejewels.com\/tr\/wp-json\/wp\/v2\/product"}],"about":[{"href":"https:\/\/www.purejewels.com\/tr\/wp-json\/wp\/v2\/types\/product"}],"replies":[{"embeddable":true,"href":"https:\/\/www.purejewels.com\/tr\/wp-json\/wp\/v2\/comments?post=3764"}],"version-history":[{"count":2,"href":"https:\/\/www.purejewels.com\/tr\/wp-json\/wp\/v2\/product\/3764\/revisions"}],"predecessor-version":[{"id":421250,"href":"https:\/\/www.purejewels.com\/tr\/wp-json\/wp\/v2\/product\/3764\/revisions\/421250"}],"wp:featuredmedia":[{"embeddable":true,"href":"https:\/\/www.purejewels.com\/tr\/wp-json\/wp\/v2\/media\/3765"}],"wp:attachment":[{"href":"https:\/\/www.purejewels.com\/tr\/wp-json\/wp\/v2\/media?parent=3764"}],"wp:term":[{"taxonomy":"product_brand","embeddable":true,"href":"https:\/\/www.purejewels.com\/tr\/wp-json\/wp\/v2\/product_brand?post=3764"},{"taxonomy":"product_cat","embeddable":true,"href":"https:\/\/www.purejewels.com\/tr\/wp-json\/wp\/v2\/product_cat?post=3764"},{"taxonomy":"product_tag","embeddable":true,"href":"https:\/\/www.purejewels.com\/tr\/wp-json\/wp\/v2\/product_tag?post=3764"}],"curies":[{"name":"wp","href":"https:\/\/api.w.org\/{rel}","templated":true}]}}