{"id":3768,"date":"2017-07-19T13:19:16","date_gmt":"2017-07-19T12:19:16","guid":{"rendered":"http:\/\/new.purejewels.com\/product\/mahatma-gandhi\/"},"modified":"2024-07-20T13:24:39","modified_gmt":"2024-07-20T12:24:39","slug":"mahatma-gandhi","status":"publish","type":"product","link":"https:\/\/www.purejewels.com\/tr\/product\/mahatma-gandhi\/","title":{"rendered":"Mahatma Gandhi"},"content":{"rendered":"<p>Mahatma Gandhi <a href=\"https:\/\/www.purejewels.com\/tr\/product\/silver-tola-lakshmi-ganesh-coin\/\">G\u00fcm\u00fc\u015f Sikke<\/a> Koleksiyon 2015<\/p>\n<p>SKU EICMGI<\/p>","protected":false},"excerpt":{"rendered":"<p>Mahatma Gandhi G\u00fcm\u00fc\u015f Madeni Para Koleksiyonu 2015<\/p>\n<p>2015, Mahatma Gandhi'nin hayat\u0131n\u0131 Hindistan Ulusuna adama karar\u0131n\u0131n y\u00fcz\u00fcnc\u00fc y\u0131l\u0131n\u0131 an\u0131yor. Bu \u00f6nemli olay\u0131 kutlamak \u00fczere The East India Company, 1915'te Hindistan'a geli\u015finden 1947'deki Hindistan Ba\u011f\u0131ms\u0131zl\u0131k G\u00fcn\u00fc kutlamalar\u0131na kadar ge\u00e7en tarihi y\u0131llar\u0131 kapsayan be\u015f adet s\u0131n\u0131rl\u0131 say\u0131da g\u00fcm\u00fc\u015f sikkeden olu\u015fan bir seri \u00e7\u0131kar\u0131yor.<\/p>\n<p>Gandhi'nin do\u011fum y\u0131ld\u00f6n\u00fcm\u00fc olan ve t\u00fcm d\u00fcnyada Uluslararas\u0131 \u015eiddetsizlik G\u00fcn\u00fc olarak kabul edilen 2 Ekim'de piyasaya s\u00fcr\u00fclen bu s\u0131n\u0131rl\u0131 say\u0131daki g\u00fcm\u00fc\u015f sikke koleksiyonu, Mahatma Gandhi'nin Hindistan'a d\u00f6n\u00fc\u015f\u00fcn\u00fcn 100. y\u0131l\u0131 an\u0131s\u0131na, Gandhi'nin mesaj ve \u00f6\u011fretilerine kal\u0131c\u0131 bir \u00f6vg\u00fc olarak onun onuruna bas\u0131lm\u0131\u015ft\u0131r.<\/p>\n<ul>\n<li>Do\u011fu Hindistan \u015eirketi Alt\u0131n Sikkeleri koleksiyonumuzu ke\u015ffetmek i\u00e7in bize ula\u015f\u0131n \/ bizimle sohbet edin<\/li>\n<\/ul>","protected":false},"featured_media":317911,"comment_status":"closed","ping_status":"closed","template":"","meta":{"_eb_attr":"","_crsspst_to_jayantr4sg-hostcom":false},"product_brand":[],"product_cat":[1473,1647],"product_tag":[],"class_list":{"0":"post-3768","1":"product","2":"type-product","3":"status-publish","4":"has-post-thumbnail","6":"product_cat-bars-coins","7":"product_cat-silver-coins","9":"first","10":"outofstock","11":"taxable","12":"shipping-taxable","13":"product-type-simple","14":"add-to-wishlist-before_image"},"yoast_head":"<!-- This site is optimized with the Yoast SEO plugin v27.3 - https:\/\/yoast.com\/product\/yoast-seo-wordpress\/ -->\n<title>Mahatma Gandhi - PureJewels UK<\/title>\n<meta name=\"robots\" content=\"index, follow, max-snippet:-1, max-image-preview:large, max-video-preview:-1\" \/>\n<link rel=\"canonical\" href=\"https:\/\/www.purejewels.com\/tr\/urun\/mahatma-gandhi\/\" \/>\n<meta property=\"og:locale\" content=\"tr_TR\" \/>\n<meta property=\"og:type\" content=\"article\" \/>\n<meta property=\"og:title\" content=\"Mahatma Gandhi - PureJewels UK\" \/>\n<meta property=\"og:description\" content=\"Mahatma Gandhi Silver Coin Collection 2015  2015 commemorates one hundred years of Mahatma Gandhi&#039;s decision to dedicate his life to the Nation of India. In celebration of this momentous occasion, The East India Company is releasing a series of five limited edition silver coins spanning the historic years from his arrival in India in 1915 to the celebration of Indian Independence Day in 1947.  Released on 2nd October, Gandhi&#039;s birth anniversary, recognised worldwide as the International Day of Non-Violence, this limited edition collection of silver coins is issued in his honour as a lasting tribute to his message and teachings, commemorating 100 years since the return of Mahatma Gandhi to India.   Contact us \/ chat with us to explore our collection of East India Company Gold Coins\" \/>\n<meta property=\"og:url\" content=\"https:\/\/www.purejewels.com\/tr\/urun\/mahatma-gandhi\/\" \/>\n<meta property=\"og:site_name\" content=\"PureJewels UK\" \/>\n<meta property=\"article:modified_time\" content=\"2024-07-20T12:24:39+00:00\" \/>\n<meta property=\"og:image\" content=\"https:\/\/www.purejewels.com\/wp-content\/uploads\/2020\/10\/image187152884.jpg\" \/>\n\t<meta property=\"og:image:width\" content=\"1000\" \/>\n\t<meta property=\"og:image:height\" content=\"1000\" \/>\n\t<meta property=\"og:image:type\" content=\"image\/jpeg\" \/>\n<meta name=\"twitter:card\" content=\"summary_large_image\" \/>\n<script type=\"application\/ld+json\" class=\"yoast-schema-graph\">{\"@context\":\"https:\\\/\\\/schema.org\",\"@graph\":[{\"@type\":[\"WebPage\",\"ItemPage\"],\"@id\":\"https:\\\/\\\/www.purejewels.com\\\/product\\\/mahatma-gandhi\\\/\",\"url\":\"https:\\\/\\\/www.purejewels.com\\\/product\\\/mahatma-gandhi\\\/\",\"name\":\"Mahatma Gandhi - PureJewels UK\",\"isPartOf\":{\"@id\":\"https:\\\/\\\/www.purejewels.com\\\/#website\"},\"primaryImageOfPage\":{\"@id\":\"https:\\\/\\\/www.purejewels.com\\\/product\\\/mahatma-gandhi\\\/#primaryimage\"},\"image\":{\"@id\":\"https:\\\/\\\/www.purejewels.com\\\/product\\\/mahatma-gandhi\\\/#primaryimage\"},\"thumbnailUrl\":\"https:\\\/\\\/static.purejewels.com\\\/wp-content\\\/uploads\\\/2020\\\/10\\\/image187152884.jpg\",\"datePublished\":\"2017-07-19T12:19:16+00:00\",\"dateModified\":\"2024-07-20T12:24:39+00:00\",\"breadcrumb\":{\"@id\":\"https:\\\/\\\/www.purejewels.com\\\/product\\\/mahatma-gandhi\\\/#breadcrumb\"},\"inLanguage\":\"tr\",\"potentialAction\":[{\"@type\":\"ReadAction\",\"target\":[\"https:\\\/\\\/www.purejewels.com\\\/product\\\/mahatma-gandhi\\\/\"]}]},{\"@type\":\"ImageObject\",\"inLanguage\":\"tr\",\"@id\":\"https:\\\/\\\/www.purejewels.com\\\/product\\\/mahatma-gandhi\\\/#primaryimage\",\"url\":\"https:\\\/\\\/static.purejewels.com\\\/wp-content\\\/uploads\\\/2020\\\/10\\\/image187152884.jpg\",\"contentUrl\":\"https:\\\/\\\/static.purejewels.com\\\/wp-content\\\/uploads\\\/2020\\\/10\\\/image187152884.jpg\",\"width\":1000,\"height\":1000,\"caption\":\"Mahatma Gandhi\"},{\"@type\":\"BreadcrumbList\",\"@id\":\"https:\\\/\\\/www.purejewels.com\\\/product\\\/mahatma-gandhi\\\/#breadcrumb\",\"itemListElement\":[{\"@type\":\"ListItem\",\"position\":1,\"name\":\"Home\",\"item\":\"https:\\\/\\\/www.purejewels.com\\\/\"},{\"@type\":\"ListItem\",\"position\":2,\"name\":\"Shop\",\"item\":\"https:\\\/\\\/www.purejewels.com\\\/shop\\\/\"},{\"@type\":\"ListItem\",\"position\":3,\"name\":\"Mahatma Gandhi\"}]},{\"@type\":\"WebSite\",\"@id\":\"https:\\\/\\\/www.purejewels.com\\\/#website\",\"url\":\"https:\\\/\\\/www.purejewels.com\\\/\",\"name\":\"PureJewels UK\",\"description\":\"Share the Love\",\"publisher\":{\"@id\":\"https:\\\/\\\/www.purejewels.com\\\/#organization\"},\"potentialAction\":[{\"@type\":\"SearchAction\",\"target\":{\"@type\":\"EntryPoint\",\"urlTemplate\":\"https:\\\/\\\/www.purejewels.com\\\/?s={search_term_string}\"},\"query-input\":{\"@type\":\"PropertyValueSpecification\",\"valueRequired\":true,\"valueName\":\"search_term_string\"}}],\"inLanguage\":\"tr\"},{\"@type\":\"Organization\",\"@id\":\"https:\\\/\\\/www.purejewels.com\\\/#organization\",\"name\":\"PureJewels UK\",\"url\":\"https:\\\/\\\/www.purejewels.com\\\/\",\"logo\":{\"@type\":\"ImageObject\",\"inLanguage\":\"tr\",\"@id\":\"https:\\\/\\\/www.purejewels.com\\\/#\\\/schema\\\/logo\\\/image\\\/\",\"url\":\"https:\\\/\\\/static.purejewels.com\\\/wp-content\\\/uploads\\\/2020\\\/11\\\/Logo-PJ-New-1.png\",\"contentUrl\":\"https:\\\/\\\/static.purejewels.com\\\/wp-content\\\/uploads\\\/2020\\\/11\\\/Logo-PJ-New-1.png\",\"width\":150,\"height\":80,\"caption\":\"PureJewels UK\"},\"image\":{\"@id\":\"https:\\\/\\\/www.purejewels.com\\\/#\\\/schema\\\/logo\\\/image\\\/\"}}]}<\/script>\n<!-- \/ Yoast SEO plugin. -->","yoast_head_json":{"title":"Mahatma Gandhi - PureJewels UK","robots":{"index":"index","follow":"follow","max-snippet":"max-snippet:-1","max-image-preview":"max-image-preview:large","max-video-preview":"max-video-preview:-1"},"canonical":"https:\/\/www.purejewels.com\/tr\/urun\/mahatma-gandhi\/","og_locale":"tr_TR","og_type":"article","og_title":"Mahatma Gandhi - PureJewels UK","og_description":"Mahatma Gandhi Silver Coin Collection 2015  2015 commemorates one hundred years of Mahatma Gandhi's decision to dedicate his life to the Nation of India. In celebration of this momentous occasion, The East India Company is releasing a series of five limited edition silver coins spanning the historic years from his arrival in India in 1915 to the celebration of Indian Independence Day in 1947.  Released on 2nd October, Gandhi's birth anniversary, recognised worldwide as the International Day of Non-Violence, this limited edition collection of silver coins is issued in his honour as a lasting tribute to his message and teachings, commemorating 100 years since the return of Mahatma Gandhi to India.   Contact us \/ chat with us to explore our collection of East India Company Gold Coins","og_url":"https:\/\/www.purejewels.com\/tr\/urun\/mahatma-gandhi\/","og_site_name":"PureJewels UK","article_modified_time":"2024-07-20T12:24:39+00:00","og_image":[{"width":1000,"height":1000,"url":"https:\/\/www.purejewels.com\/wp-content\/uploads\/2020\/10\/image187152884.jpg","type":"image\/jpeg"}],"twitter_card":"summary_large_image","schema":{"@context":"https:\/\/schema.org","@graph":[{"@type":["WebPage","ItemPage"],"@id":"https:\/\/www.purejewels.com\/product\/mahatma-gandhi\/","url":"https:\/\/www.purejewels.com\/product\/mahatma-gandhi\/","name":"Mahatma Gandhi - PureJewels UK","isPartOf":{"@id":"https:\/\/www.purejewels.com\/#website"},"primaryImageOfPage":{"@id":"https:\/\/www.purejewels.com\/product\/mahatma-gandhi\/#primaryimage"},"image":{"@id":"https:\/\/www.purejewels.com\/product\/mahatma-gandhi\/#primaryimage"},"thumbnailUrl":"https:\/\/static.purejewels.com\/wp-content\/uploads\/2020\/10\/image187152884.jpg","datePublished":"2017-07-19T12:19:16+00:00","dateModified":"2024-07-20T12:24:39+00:00","breadcrumb":{"@id":"https:\/\/www.purejewels.com\/product\/mahatma-gandhi\/#breadcrumb"},"inLanguage":"tr","potentialAction":[{"@type":"ReadAction","target":["https:\/\/www.purejewels.com\/product\/mahatma-gandhi\/"]}]},{"@type":"ImageObject","inLanguage":"tr","@id":"https:\/\/www.purejewels.com\/product\/mahatma-gandhi\/#primaryimage","url":"https:\/\/static.purejewels.com\/wp-content\/uploads\/2020\/10\/image187152884.jpg","contentUrl":"https:\/\/static.purejewels.com\/wp-content\/uploads\/2020\/10\/image187152884.jpg","width":1000,"height":1000,"caption":"Mahatma Gandhi"},{"@type":"BreadcrumbList","@id":"https:\/\/www.purejewels.com\/product\/mahatma-gandhi\/#breadcrumb","itemListElement":[{"@type":"ListItem","position":1,"name":"Home","item":"https:\/\/www.purejewels.com\/"},{"@type":"ListItem","position":2,"name":"Shop","item":"https:\/\/www.purejewels.com\/shop\/"},{"@type":"ListItem","position":3,"name":"Mahatma Gandhi"}]},{"@type":"WebSite","@id":"https:\/\/www.purejewels.com\/#website","url":"https:\/\/www.purejewels.com\/","name":"PureJewels \u0130ngiltere","description":"Sevgiyi Payla\u015f\u0131n","publisher":{"@id":"https:\/\/www.purejewels.com\/#organization"},"potentialAction":[{"@type":"SearchAction","target":{"@type":"EntryPoint","urlTemplate":"https:\/\/www.purejewels.com\/?s={search_term_string}"},"query-input":{"@type":"PropertyValueSpecification","valueRequired":true,"valueName":"search_term_string"}}],"inLanguage":"tr"},{"@type":"Organization","@id":"https:\/\/www.purejewels.com\/#organization","name":"PureJewels \u0130ngiltere","url":"https:\/\/www.purejewels.com\/","logo":{"@type":"ImageObject","inLanguage":"tr","@id":"https:\/\/www.purejewels.com\/#\/schema\/logo\/image\/","url":"https:\/\/static.purejewels.com\/wp-content\/uploads\/2020\/11\/Logo-PJ-New-1.png","contentUrl":"https:\/\/static.purejewels.com\/wp-content\/uploads\/2020\/11\/Logo-PJ-New-1.png","width":150,"height":80,"caption":"PureJewels UK"},"image":{"@id":"https:\/\/www.purejewels.com\/#\/schema\/logo\/image\/"}}]}},"_links":{"self":[{"href":"https:\/\/www.purejewels.com\/tr\/wp-json\/wp\/v2\/product\/3768","targetHints":{"allow":["GET"]}}],"collection":[{"href":"https:\/\/www.purejewels.com\/tr\/wp-json\/wp\/v2\/product"}],"about":[{"href":"https:\/\/www.purejewels.com\/tr\/wp-json\/wp\/v2\/types\/product"}],"replies":[{"embeddable":true,"href":"https:\/\/www.purejewels.com\/tr\/wp-json\/wp\/v2\/comments?post=3768"}],"version-history":[{"count":0,"href":"https:\/\/www.purejewels.com\/tr\/wp-json\/wp\/v2\/product\/3768\/revisions"}],"wp:featuredmedia":[{"embeddable":true,"href":"https:\/\/www.purejewels.com\/tr\/wp-json\/wp\/v2\/media\/317911"}],"wp:attachment":[{"href":"https:\/\/www.purejewels.com\/tr\/wp-json\/wp\/v2\/media?parent=3768"}],"wp:term":[{"taxonomy":"product_brand","embeddable":true,"href":"https:\/\/www.purejewels.com\/tr\/wp-json\/wp\/v2\/product_brand?post=3768"},{"taxonomy":"product_cat","embeddable":true,"href":"https:\/\/www.purejewels.com\/tr\/wp-json\/wp\/v2\/product_cat?post=3768"},{"taxonomy":"product_tag","embeddable":true,"href":"https:\/\/www.purejewels.com\/tr\/wp-json\/wp\/v2\/product_tag?post=3768"}],"curies":[{"name":"wp","href":"https:\/\/api.w.org\/{rel}","templated":true}]}}