{"id":376940,"date":"2024-11-28T04:08:34","date_gmt":"2024-11-28T04:08:34","guid":{"rendered":"https:\/\/www.purejewels.com\/?post_type=product&#038;p=376940"},"modified":"2026-02-24T04:32:35","modified_gmt":"2026-02-24T04:32:35","slug":"22-ayar-antika-altin-kada-50210","status":"publish","type":"product","link":"https:\/\/www.purejewels.com\/tr\/product\/22-carat-antique-gold-kada-50210\/","title":{"rendered":"22 Ayar Antik Alt\u0131n Kada | 2.6 Beden"},"content":{"rendered":"<p>Gelenek ve sanat\u0131n m\u00fckemmel kar\u0131\u015f\u0131m\u0131n\u0131 <strong>22 Karat <a href=\"https:\/\/www.purejewels.com\/tr\/rosette-collection\/\">Antik Alt\u0131n<\/a> Kada<\/strong> \u00f6zel \u00fcr\u00fcnlerimizden <strong><a href=\"https:\/\/www.purejewels.com\/tr\/a-guide-to-die-stamping\/\">Rozet Koleksiyonu<\/a><\/strong>. \u00c7i\u00e7eklerden ilham alan zarafetiyle b\u00fcy\u00fclemek i\u00e7in tasarlanan bu par\u00e7a, zamans\u0131z i\u015f\u00e7ili\u011fin ve sofistike \u00e7ekicili\u011fin bir kan\u0131t\u0131d\u0131r.<\/p>\n<ul>\n<li><strong>Koleksiyon \u00d6ne \u00c7\u0131kanlar:<\/strong> G\u00fcllerin narin g\u00fczelli\u011finden ilham alan Rosette Koleksiyonu'nun bir par\u00e7as\u0131, sevgi ve zarafeti simgeliyor.<\/li>\n<li><strong>Tasar\u0131m M\u00fckemmelli\u011fi:<\/strong> Karma\u015f\u0131k antika tarz\u0131 \u00e7i\u00e7ek motifleri ve ayr\u0131nt\u0131l\u0131 s\u00fcslemeleriyle ola\u011fan\u00fcst\u00fc bir sanat sergilemektedir.<\/li>\n<li><strong>Malzeme:<\/strong> Parlak, dayan\u0131kl\u0131 ve l\u00fcks bir g\u00f6r\u00fcn\u00fcm i\u00e7in 22 ayar saf alt\u0131ndan \u00fcretilmi\u015ftir.<\/li>\n<li><strong>Boyut:<\/strong> \u015e\u0131kl\u0131ktan \u00f6d\u00fcn vermeden rahatl\u0131k sa\u011flayan 2.6 beden kusursuz bir uyum i\u00e7in tasarlanm\u0131\u015ft\u0131r.<\/li>\n<li><strong>F\u0131rsat bu f\u0131rsat:<\/strong> D\u00fc\u011f\u00fcnler, bayram kutlamalar\u0131 ya da geleneksel ve \u00e7a\u011fda\u015f k\u0131yafetleriniz i\u00e7in m\u00fckemmel bir par\u00e7a.<\/li>\n<li><strong>Miras Cazibesi:<\/strong> Antik alt\u0131n kaplama, vintage bir cazibe katarak koleksiyonunuza zamans\u0131z bir katk\u0131 sa\u011flar.<\/li>\n<\/ul>\n<p>\u015e\u0131kl\u0131\u011f\u0131n\u0131z\u0131 bu zarif tasar\u0131mla kutlay\u0131n <strong>22 Ayar Antik Alt\u0131n Kada<\/strong>-Her ayr\u0131nt\u0131s\u0131nda miras\u0131 ve \u00e7a\u011fda\u015f sofistikeli\u011fi yans\u0131tan bir par\u00e7a.<\/p>","protected":false},"excerpt":{"rendered":"<table class=\"sh_desc\">\n<tbody>\n<tr>\n<td>Kada T\u00fcr\u00fc<\/td>\n<td>Gelin Giyim Kada<\/td>\n<\/tr>\n<tr>\n<td>SKU<\/td>\n<td>50210, 50209<\/td>\n<\/tr>\n<tr>\n<td>A\u011f\u0131rl\u0131k<\/td>\n<td>\u00a031.1 Gms<\/td>\n<\/tr>\n<tr>\n<td>Metal<\/td>\n<td>22 Ayar Alt\u0131n<\/td>\n<\/tr>\n<tr>\n<td>Kada Boyut<\/td>\n<td>2.6 (Ek boyutlar i\u00e7in l\u00fctfen sorunuz)<\/td>\n<\/tr>\n<tr>\n<td>Koleksiyon<\/td>\n<td><strong>Rozet Koleksiyonu<\/strong><\/td>\n<\/tr>\n<tr>\n<td>Hallmark<\/td>\n<td>Londra Tahlil Ofisi Taraf\u0131ndan Damgalanm\u0131\u015f 22 Ayar Alt\u0131n<\/td>\n<\/tr>\n<tr>\n<td>\u00dccretler<\/td>\n<td>Teslimat ve KDV Dahil<\/td>\n<\/tr>\n<tr>\n<td>Paketleme<\/td>\n<td>Sunum Kutusu ile Birlikte Gelir<\/td>\n<\/tr>\n<tr>\n<td>Daha Fazla Bilgi<\/td>\n<td>\n<ul>\n<li>Not: M\u00fcsaitlik durumu ve daha fazla resim i\u00e7in bizimle canl\u0131 sohbet edin<\/li>\n<li>Kontrol etmek i\u00e7in buraya t\u0131klay\u0131n\u00a0<strong>Bileklik \u00d6l\u00e7\u00fcs\u00fc<\/strong><\/li>\n<li>burada belirtilen fiyat Tek Bileklik i\u00e7indir<\/li>\n<\/ul>\n<\/td>\n<\/tr>\n<\/tbody>\n<\/table>","protected":false},"featured_media":307236,"comment_status":"closed","ping_status":"closed","template":"","meta":{"_eb_attr":"","_crsspst_to_jayantr4sg-hostcom":false},"product_brand":[],"product_cat":[1659,1233,1229,5271,5273,1656,1657,1573,1574,5349],"product_tag":[5310,1514,5309],"class_list":{"0":"post-376940","1":"product","2":"type-product","3":"status-publish","4":"has-post-thumbnail","6":"product_cat-bridal-and-party-wear-gold-kada-bangle","7":"product_cat-gold-bangles","8":"product_cat-22ct-gold-jewellery","9":"product_cat-occasion-wear-bangles","10":"product_cat-22ct-gold-poncha-bracelet","11":"product_cat-rosettes-collections","12":"product_cat-single-bangle","13":"product_cat-wedding-gifts","14":"product_cat-womens-jewellery","15":"product_cat-yellow-gold-jewellery","16":"product_tag-22k-gold-bangles","17":"product_tag-bangles","18":"product_tag-gold-bangles","20":"first","21":"onbackorder","22":"taxable","23":"shipping-taxable","24":"product-type-simple","25":"add-to-wishlist-before_image"},"yoast_head":"<!-- This site is optimized with the Yoast SEO plugin v27.5 - https:\/\/yoast.com\/product\/yoast-seo-wordpress\/ -->\n<title>Shop 22 Carat Antique Gold Kada | Size 2.6 - Timeless Jewellery<\/title>\n<meta name=\"description\" content=\"Discover the elegance of the 22 Carat Antique Gold Kada in Size 2.6. Perfectly crafted with intricate details. Buy this Kada from PureJewels,Green Street UK.\" \/>\n<meta name=\"robots\" content=\"index, follow, max-snippet:-1, max-image-preview:large, max-video-preview:-1\" \/>\n<link rel=\"canonical\" href=\"https:\/\/www.purejewels.com\/tr\/urun\/22-ayar-antika-altin-kada-50210\/\" \/>\n<meta property=\"og:locale\" content=\"tr_TR\" \/>\n<meta property=\"og:type\" content=\"article\" \/>\n<meta property=\"og:title\" content=\"Shop 22 Carat Antique Gold Kada | Size 2.6 - Timeless Jewellery\" \/>\n<meta property=\"og:description\" content=\"Discover the elegance of the 22 Carat Antique Gold Kada in Size 2.6. Perfectly crafted with intricate details. Buy this Kada from PureJewels,Green Street UK.\" \/>\n<meta property=\"og:url\" content=\"https:\/\/www.purejewels.com\/tr\/urun\/22-ayar-antika-altin-kada-50210\/\" \/>\n<meta property=\"og:site_name\" content=\"PureJewels UK\" \/>\n<meta property=\"article:modified_time\" content=\"2026-02-24T04:32:35+00:00\" \/>\n<meta property=\"og:image\" content=\"https:\/\/static.purejewels.com\/wp-content\/uploads\/2018\/12\/28697_1.png\" \/>\n\t<meta property=\"og:image:width\" content=\"1000\" \/>\n\t<meta property=\"og:image:height\" content=\"1000\" \/>\n\t<meta property=\"og:image:type\" content=\"image\/png\" \/>\n<meta name=\"twitter:card\" content=\"summary_large_image\" \/>\n<meta name=\"twitter:label1\" content=\"Tahmini okuma s\u00fcresi\" \/>\n\t<meta name=\"twitter:data1\" content=\"1 dakika\" \/>\n<script type=\"application\/ld+json\" class=\"yoast-schema-graph\">{\"@context\":\"https:\\\/\\\/schema.org\",\"@graph\":[{\"@type\":[\"WebPage\",\"ItemPage\"],\"@id\":\"https:\\\/\\\/www.purejewels.com\\\/product\\\/22-carat-antique-gold-kada-50210\\\/\",\"url\":\"https:\\\/\\\/www.purejewels.com\\\/product\\\/22-carat-antique-gold-kada-50210\\\/\",\"name\":\"Shop 22 Carat Antique Gold Kada | Size 2.6 - Timeless Jewellery\",\"isPartOf\":{\"@id\":\"https:\\\/\\\/www.purejewels.com\\\/#website\"},\"primaryImageOfPage\":{\"@id\":\"https:\\\/\\\/www.purejewels.com\\\/product\\\/22-carat-antique-gold-kada-50210\\\/#primaryimage\"},\"image\":{\"@id\":\"https:\\\/\\\/www.purejewels.com\\\/product\\\/22-carat-antique-gold-kada-50210\\\/#primaryimage\"},\"thumbnailUrl\":\"https:\\\/\\\/static.purejewels.com\\\/wp-content\\\/uploads\\\/2018\\\/12\\\/28697_1.png\",\"datePublished\":\"2024-11-28T04:08:34+00:00\",\"dateModified\":\"2026-02-24T04:32:35+00:00\",\"description\":\"Discover the elegance of the 22 Carat Antique Gold Kada in Size 2.6. Perfectly crafted with intricate details. Buy this Kada from PureJewels,Green Street UK.\",\"breadcrumb\":{\"@id\":\"https:\\\/\\\/www.purejewels.com\\\/product\\\/22-carat-antique-gold-kada-50210\\\/#breadcrumb\"},\"inLanguage\":\"tr\",\"potentialAction\":[{\"@type\":\"ReadAction\",\"target\":[\"https:\\\/\\\/www.purejewels.com\\\/product\\\/22-carat-antique-gold-kada-50210\\\/\"]}]},{\"@type\":\"ImageObject\",\"inLanguage\":\"tr\",\"@id\":\"https:\\\/\\\/www.purejewels.com\\\/product\\\/22-carat-antique-gold-kada-50210\\\/#primaryimage\",\"url\":\"https:\\\/\\\/static.purejewels.com\\\/wp-content\\\/uploads\\\/2018\\\/12\\\/28697_1.png\",\"contentUrl\":\"https:\\\/\\\/static.purejewels.com\\\/wp-content\\\/uploads\\\/2018\\\/12\\\/28697_1.png\",\"width\":1000,\"height\":1000,\"caption\":\"28697_1\"},{\"@type\":\"BreadcrumbList\",\"@id\":\"https:\\\/\\\/www.purejewels.com\\\/product\\\/22-carat-antique-gold-kada-50210\\\/#breadcrumb\",\"itemListElement\":[{\"@type\":\"ListItem\",\"position\":1,\"name\":\"Home\",\"item\":\"https:\\\/\\\/www.purejewels.com\\\/\"},{\"@type\":\"ListItem\",\"position\":2,\"name\":\"Shop\",\"item\":\"https:\\\/\\\/www.purejewels.com\\\/shop\\\/\"},{\"@type\":\"ListItem\",\"position\":3,\"name\":\"22 Carat Antique Gold Kada | Size 2.6\"}]},{\"@type\":\"WebSite\",\"@id\":\"https:\\\/\\\/www.purejewels.com\\\/#website\",\"url\":\"https:\\\/\\\/www.purejewels.com\\\/\",\"name\":\"PureJewels UK\",\"description\":\"Share the Love\",\"publisher\":{\"@id\":\"https:\\\/\\\/www.purejewels.com\\\/#organization\"},\"potentialAction\":[{\"@type\":\"SearchAction\",\"target\":{\"@type\":\"EntryPoint\",\"urlTemplate\":\"https:\\\/\\\/www.purejewels.com\\\/?s={search_term_string}\"},\"query-input\":{\"@type\":\"PropertyValueSpecification\",\"valueRequired\":true,\"valueName\":\"search_term_string\"}}],\"inLanguage\":\"tr\"},{\"@type\":\"Organization\",\"@id\":\"https:\\\/\\\/www.purejewels.com\\\/#organization\",\"name\":\"PureJewels UK\",\"url\":\"https:\\\/\\\/www.purejewels.com\\\/\",\"logo\":{\"@type\":\"ImageObject\",\"inLanguage\":\"tr\",\"@id\":\"https:\\\/\\\/www.purejewels.com\\\/#\\\/schema\\\/logo\\\/image\\\/\",\"url\":\"https:\\\/\\\/static.purejewels.com\\\/wp-content\\\/uploads\\\/2020\\\/11\\\/Logo-PJ-New-1.png\",\"contentUrl\":\"https:\\\/\\\/static.purejewels.com\\\/wp-content\\\/uploads\\\/2020\\\/11\\\/Logo-PJ-New-1.png\",\"width\":150,\"height\":80,\"caption\":\"PureJewels UK\"},\"image\":{\"@id\":\"https:\\\/\\\/www.purejewels.com\\\/#\\\/schema\\\/logo\\\/image\\\/\"}}]}<\/script>\n<!-- \/ Yoast SEO plugin. -->","yoast_head_json":{"title":"22 Ayar Antik Alt\u0131n Kada | 2.6 Beden Al\u0131\u015fveri\u015fi - Timeless Jewellery","description":"2,6 Beden 22 Ayar Antik Alt\u0131n Kada'n\u0131n zarafetini ke\u015ffedin. Karma\u015f\u0131k detaylarla m\u00fckemmel bir \u015fekilde i\u015flenmi\u015ftir. Bu Kada'y\u0131 PureJewels, Green Street UK'den sat\u0131n al\u0131n.","robots":{"index":"index","follow":"follow","max-snippet":"max-snippet:-1","max-image-preview":"max-image-preview:large","max-video-preview":"max-video-preview:-1"},"canonical":"https:\/\/www.purejewels.com\/tr\/urun\/22-ayar-antika-altin-kada-50210\/","og_locale":"tr_TR","og_type":"article","og_title":"Shop 22 Carat Antique Gold Kada | Size 2.6 - Timeless Jewellery","og_description":"Discover the elegance of the 22 Carat Antique Gold Kada in Size 2.6. Perfectly crafted with intricate details. Buy this Kada from PureJewels,Green Street UK.","og_url":"https:\/\/www.purejewels.com\/tr\/urun\/22-ayar-antika-altin-kada-50210\/","og_site_name":"PureJewels UK","article_modified_time":"2026-02-24T04:32:35+00:00","og_image":[{"width":1000,"height":1000,"url":"https:\/\/static.purejewels.com\/wp-content\/uploads\/2018\/12\/28697_1.png","type":"image\/png"}],"twitter_card":"summary_large_image","twitter_misc":{"Tahmini okuma s\u00fcresi":"1 dakika"},"schema":{"@context":"https:\/\/schema.org","@graph":[{"@type":["WebPage","ItemPage"],"@id":"https:\/\/www.purejewels.com\/product\/22-carat-antique-gold-kada-50210\/","url":"https:\/\/www.purejewels.com\/product\/22-carat-antique-gold-kada-50210\/","name":"22 Ayar Antik Alt\u0131n Kada | 2.6 Beden Al\u0131\u015fveri\u015fi - Timeless Jewellery","isPartOf":{"@id":"https:\/\/www.purejewels.com\/#website"},"primaryImageOfPage":{"@id":"https:\/\/www.purejewels.com\/product\/22-carat-antique-gold-kada-50210\/#primaryimage"},"image":{"@id":"https:\/\/www.purejewels.com\/product\/22-carat-antique-gold-kada-50210\/#primaryimage"},"thumbnailUrl":"https:\/\/static.purejewels.com\/wp-content\/uploads\/2018\/12\/28697_1.png","datePublished":"2024-11-28T04:08:34+00:00","dateModified":"2026-02-24T04:32:35+00:00","description":"2,6 Beden 22 Ayar Antik Alt\u0131n Kada'n\u0131n zarafetini ke\u015ffedin. Karma\u015f\u0131k detaylarla m\u00fckemmel bir \u015fekilde i\u015flenmi\u015ftir. Bu Kada'y\u0131 PureJewels, Green Street UK'den sat\u0131n al\u0131n.","breadcrumb":{"@id":"https:\/\/www.purejewels.com\/product\/22-carat-antique-gold-kada-50210\/#breadcrumb"},"inLanguage":"tr","potentialAction":[{"@type":"ReadAction","target":["https:\/\/www.purejewels.com\/product\/22-carat-antique-gold-kada-50210\/"]}]},{"@type":"ImageObject","inLanguage":"tr","@id":"https:\/\/www.purejewels.com\/product\/22-carat-antique-gold-kada-50210\/#primaryimage","url":"https:\/\/static.purejewels.com\/wp-content\/uploads\/2018\/12\/28697_1.png","contentUrl":"https:\/\/static.purejewels.com\/wp-content\/uploads\/2018\/12\/28697_1.png","width":1000,"height":1000,"caption":"28697_1"},{"@type":"BreadcrumbList","@id":"https:\/\/www.purejewels.com\/product\/22-carat-antique-gold-kada-50210\/#breadcrumb","itemListElement":[{"@type":"ListItem","position":1,"name":"Home","item":"https:\/\/www.purejewels.com\/"},{"@type":"ListItem","position":2,"name":"Shop","item":"https:\/\/www.purejewels.com\/shop\/"},{"@type":"ListItem","position":3,"name":"22 Carat Antique Gold Kada | Size 2.6"}]},{"@type":"WebSite","@id":"https:\/\/www.purejewels.com\/#website","url":"https:\/\/www.purejewels.com\/","name":"PureJewels \u0130ngiltere","description":"Sevgiyi Payla\u015f\u0131n","publisher":{"@id":"https:\/\/www.purejewels.com\/#organization"},"potentialAction":[{"@type":"SearchAction","target":{"@type":"EntryPoint","urlTemplate":"https:\/\/www.purejewels.com\/?s={search_term_string}"},"query-input":{"@type":"PropertyValueSpecification","valueRequired":true,"valueName":"search_term_string"}}],"inLanguage":"tr"},{"@type":"Organization","@id":"https:\/\/www.purejewels.com\/#organization","name":"PureJewels \u0130ngiltere","url":"https:\/\/www.purejewels.com\/","logo":{"@type":"ImageObject","inLanguage":"tr","@id":"https:\/\/www.purejewels.com\/#\/schema\/logo\/image\/","url":"https:\/\/static.purejewels.com\/wp-content\/uploads\/2020\/11\/Logo-PJ-New-1.png","contentUrl":"https:\/\/static.purejewels.com\/wp-content\/uploads\/2020\/11\/Logo-PJ-New-1.png","width":150,"height":80,"caption":"PureJewels UK"},"image":{"@id":"https:\/\/www.purejewels.com\/#\/schema\/logo\/image\/"}}]}},"_links":{"self":[{"href":"https:\/\/www.purejewels.com\/tr\/wp-json\/wp\/v2\/product\/376940","targetHints":{"allow":["GET"]}}],"collection":[{"href":"https:\/\/www.purejewels.com\/tr\/wp-json\/wp\/v2\/product"}],"about":[{"href":"https:\/\/www.purejewels.com\/tr\/wp-json\/wp\/v2\/types\/product"}],"replies":[{"embeddable":true,"href":"https:\/\/www.purejewels.com\/tr\/wp-json\/wp\/v2\/comments?post=376940"}],"version-history":[{"count":2,"href":"https:\/\/www.purejewels.com\/tr\/wp-json\/wp\/v2\/product\/376940\/revisions"}],"predecessor-version":[{"id":390560,"href":"https:\/\/www.purejewels.com\/tr\/wp-json\/wp\/v2\/product\/376940\/revisions\/390560"}],"wp:featuredmedia":[{"embeddable":true,"href":"https:\/\/www.purejewels.com\/tr\/wp-json\/wp\/v2\/media\/307236"}],"wp:attachment":[{"href":"https:\/\/www.purejewels.com\/tr\/wp-json\/wp\/v2\/media?parent=376940"}],"wp:term":[{"taxonomy":"product_brand","embeddable":true,"href":"https:\/\/www.purejewels.com\/tr\/wp-json\/wp\/v2\/product_brand?post=376940"},{"taxonomy":"product_cat","embeddable":true,"href":"https:\/\/www.purejewels.com\/tr\/wp-json\/wp\/v2\/product_cat?post=376940"},{"taxonomy":"product_tag","embeddable":true,"href":"https:\/\/www.purejewels.com\/tr\/wp-json\/wp\/v2\/product_tag?post=376940"}],"curies":[{"name":"wp","href":"https:\/\/api.w.org\/{rel}","templated":true}]}}