{"id":3782,"date":"2017-07-19T13:19:34","date_gmt":"2017-07-19T12:19:34","guid":{"rendered":"http:\/\/new.purejewels.com\/product\/22ct-gold-necklace\/"},"modified":"2025-11-27T08:27:32","modified_gmt":"2025-11-27T08:27:32","slug":"22-ayar-altin-kolye","status":"publish","type":"product","link":"https:\/\/www.purejewels.com\/tr\/product\/22ct-gold-necklace\/","title":{"rendered":"22 ayar alt\u0131n Polki Kundan gelin kolyesi"},"content":{"rendered":"<p data-start=\"610\" data-end=\"900\">Hassasiyet ve k\u00fclt\u00fcrel sayg\u0131 ile haz\u0131rlanm\u0131\u015f, <strong data-start=\"661\" data-end=\"706\">Polki Kundan <a href=\"https:\/\/www.purejewels.com\/tr\/product\/22ct-gold-bridal-necklace-46262\/\">Gelin Kolyesi<\/a> i\u00e7inde <a href=\"https:\/\/www.purejewels.com\/tr\/product\/22ct-gold-jali-filigree-ring-jali-collection-31926\/\">22ct<\/a> Alt\u0131n<\/strong> geleneksel sanat\u0131n bir kutlamas\u0131d\u0131r. G\u00fczel oyulmu\u015f bir orta panele sahip olan bu \u00fcr\u00fcn, <strong data-start=\"812\" data-end=\"828\">Polki ta\u015flar\u0131<\/strong> rafine bir \u015fekilde <strong data-start=\"842\" data-end=\"860\">Kundan ayar\u0131<\/strong>, parlak ama ayn\u0131 zamanda vintage bir cazibe sunuyor.<\/p>\n<p data-start=\"902\" data-end=\"1140\">Kolye, dokulu alt\u0131n i\u015f\u00e7ili\u011fi ile parlak beyaz vurgular\u0131 zarif bir \u015fekilde harmanlayarak, t\u00f6renlerin zarafetine uygun dengeli bir kompozisyon olu\u015fturur. Her bir unsur, hem klasik hem de \u00e7a\u011fda\u015f gelinliklere uyum sa\u011flayacak \u015fekilde \u00f6zenle d\u00fczenlenmi\u015ftir.<\/p>\n<p data-start=\"1142\" data-end=\"1305\">Zamans\u0131z silueti ve zarif i\u015f\u00e7ili\u011fiyle bu kolye, bir s\u00fcs e\u015fyas\u0131ndan daha fazlas\u0131d\u0131r \u2014 nesiller boyu sevgiyle aktar\u0131lan, de\u011fer verilecek bir yadigard\u0131r.<\/p>","protected":false},"excerpt":{"rendered":"<ul>\n<li>Polki Ta\u015fl\u0131 ve Kundan Ayarl\u0131 22 Ayar Alt\u0131n Gelin Kolyesi<\/li>\n<li>A\u011f\u0131rl\u0131k :20.4g<\/li>\n<li>T\u00fcm fiyatlara KDV dahildir<\/li>\n<li>Londra Tahlil Ofisi Taraf\u0131ndan Damgalanm\u0131\u015f 22 Ayar Alt\u0131n<\/li>\n<li>T\u00fcm Setler Sunum Kutusu ile Birlikte Gelir<\/li>\n<li>Teslimat Dahil<\/li>\n<li>Stok durumu ve stokta bulunan benzer tasar\u0131mlar\u0131n daha fazla g\u00f6r\u00fcnt\u00fcs\u00fc i\u00e7in bizimle canl\u0131 sohbet edin<\/li>\n<\/ul>","protected":false},"featured_media":3783,"comment_status":"closed","ping_status":"closed","template":"","meta":{"_eb_attr":"","_crsspst_to_jayantr4sg-hostcom":false},"product_brand":[],"product_cat":[1778],"product_tag":[],"class_list":{"0":"post-3782","1":"product","2":"type-product","3":"status-publish","4":"has-post-thumbnail","6":"product_cat-short-necklaces","8":"first","9":"outofstock","10":"taxable","11":"shipping-taxable","12":"product-type-simple","13":"add-to-wishlist-before_image"},"yoast_head":"<!-- This site is optimized with the Yoast SEO plugin v27.6 - https:\/\/yoast.com\/product\/yoast-seo-wordpress\/ -->\n<title>22ct Bridal Necklace with Kundan &amp; Polki Stones | PureJewels UK<\/title>\n<meta name=\"description\" content=\"Explore our 22ct gold Polki Kundan bridal necklace \u2014 a handcrafted heirloom with intricate detailing, ideal for traditional weddings and grand occasions.\" \/>\n<meta name=\"robots\" content=\"index, follow, max-snippet:-1, max-image-preview:large, max-video-preview:-1\" \/>\n<link rel=\"canonical\" href=\"https:\/\/www.purejewels.com\/tr\/urun\/22-ayar-altin-kolye\/\" \/>\n<meta property=\"og:locale\" content=\"tr_TR\" \/>\n<meta property=\"og:type\" content=\"article\" \/>\n<meta property=\"og:title\" content=\"22ct Bridal Necklace with Kundan &amp; Polki Stones | PureJewels UK\" \/>\n<meta property=\"og:description\" content=\"Explore our 22ct gold Polki Kundan bridal necklace \u2014 a handcrafted heirloom with intricate detailing, ideal for traditional weddings and grand occasions.\" \/>\n<meta property=\"og:url\" content=\"https:\/\/www.purejewels.com\/tr\/urun\/22-ayar-altin-kolye\/\" \/>\n<meta property=\"og:site_name\" content=\"PureJewels UK\" \/>\n<meta property=\"article:modified_time\" content=\"2025-11-27T08:27:32+00:00\" \/>\n<meta property=\"og:image\" content=\"https:\/\/www.purejewels.com\/wp-content\/uploads\/2017\/07\/23085_necklace-2.png\" \/>\n\t<meta property=\"og:image:width\" content=\"1100\" \/>\n\t<meta property=\"og:image:height\" content=\"1100\" \/>\n\t<meta property=\"og:image:type\" content=\"image\/png\" \/>\n<meta name=\"twitter:card\" content=\"summary_large_image\" \/>\n<meta name=\"twitter:label1\" content=\"Tahmini okuma s\u00fcresi\" \/>\n\t<meta name=\"twitter:data1\" content=\"1 dakika\" \/>\n<script type=\"application\/ld+json\" class=\"yoast-schema-graph\">{\"@context\":\"https:\\\/\\\/schema.org\",\"@graph\":[{\"@type\":[\"WebPage\",\"ItemPage\"],\"@id\":\"https:\\\/\\\/www.purejewels.com\\\/product\\\/22ct-gold-necklace\\\/\",\"url\":\"https:\\\/\\\/www.purejewels.com\\\/product\\\/22ct-gold-necklace\\\/\",\"name\":\"22ct Bridal Necklace with Kundan & Polki Stones | PureJewels UK\",\"isPartOf\":{\"@id\":\"https:\\\/\\\/www.purejewels.com\\\/#website\"},\"primaryImageOfPage\":{\"@id\":\"https:\\\/\\\/www.purejewels.com\\\/product\\\/22ct-gold-necklace\\\/#primaryimage\"},\"image\":{\"@id\":\"https:\\\/\\\/www.purejewels.com\\\/product\\\/22ct-gold-necklace\\\/#primaryimage\"},\"thumbnailUrl\":\"https:\\\/\\\/static.purejewels.com\\\/wp-content\\\/uploads\\\/2017\\\/07\\\/23085_necklace-2.png\",\"datePublished\":\"2017-07-19T12:19:34+00:00\",\"dateModified\":\"2025-11-27T08:27:32+00:00\",\"description\":\"Explore our 22ct gold Polki Kundan bridal necklace \u2014 a handcrafted heirloom with intricate detailing, ideal for traditional weddings and grand occasions.\",\"breadcrumb\":{\"@id\":\"https:\\\/\\\/www.purejewels.com\\\/product\\\/22ct-gold-necklace\\\/#breadcrumb\"},\"inLanguage\":\"tr\",\"potentialAction\":[{\"@type\":\"ReadAction\",\"target\":[\"https:\\\/\\\/www.purejewels.com\\\/product\\\/22ct-gold-necklace\\\/\"]}]},{\"@type\":\"ImageObject\",\"inLanguage\":\"tr\",\"@id\":\"https:\\\/\\\/www.purejewels.com\\\/product\\\/22ct-gold-necklace\\\/#primaryimage\",\"url\":\"https:\\\/\\\/static.purejewels.com\\\/wp-content\\\/uploads\\\/2017\\\/07\\\/23085_necklace-2.png\",\"contentUrl\":\"https:\\\/\\\/static.purejewels.com\\\/wp-content\\\/uploads\\\/2017\\\/07\\\/23085_necklace-2.png\",\"width\":1100,\"height\":1100,\"caption\":\"23085_necklace.png\"},{\"@type\":\"BreadcrumbList\",\"@id\":\"https:\\\/\\\/www.purejewels.com\\\/product\\\/22ct-gold-necklace\\\/#breadcrumb\",\"itemListElement\":[{\"@type\":\"ListItem\",\"position\":1,\"name\":\"Home\",\"item\":\"https:\\\/\\\/www.purejewels.com\\\/\"},{\"@type\":\"ListItem\",\"position\":2,\"name\":\"Shop\",\"item\":\"https:\\\/\\\/www.purejewels.com\\\/shop\\\/\"},{\"@type\":\"ListItem\",\"position\":3,\"name\":\"Polki Kundan Bridal Necklace in 22ct Gold\"}]},{\"@type\":\"WebSite\",\"@id\":\"https:\\\/\\\/www.purejewels.com\\\/#website\",\"url\":\"https:\\\/\\\/www.purejewels.com\\\/\",\"name\":\"PureJewels UK\",\"description\":\"Share the Love\",\"publisher\":{\"@id\":\"https:\\\/\\\/www.purejewels.com\\\/#organization\"},\"potentialAction\":[{\"@type\":\"SearchAction\",\"target\":{\"@type\":\"EntryPoint\",\"urlTemplate\":\"https:\\\/\\\/www.purejewels.com\\\/?s={search_term_string}\"},\"query-input\":{\"@type\":\"PropertyValueSpecification\",\"valueRequired\":true,\"valueName\":\"search_term_string\"}}],\"inLanguage\":\"tr\"},{\"@type\":\"Organization\",\"@id\":\"https:\\\/\\\/www.purejewels.com\\\/#organization\",\"name\":\"PureJewels UK\",\"url\":\"https:\\\/\\\/www.purejewels.com\\\/\",\"logo\":{\"@type\":\"ImageObject\",\"inLanguage\":\"tr\",\"@id\":\"https:\\\/\\\/www.purejewels.com\\\/#\\\/schema\\\/logo\\\/image\\\/\",\"url\":\"https:\\\/\\\/static.purejewels.com\\\/wp-content\\\/uploads\\\/2020\\\/11\\\/Logo-PJ-New-1.png\",\"contentUrl\":\"https:\\\/\\\/static.purejewels.com\\\/wp-content\\\/uploads\\\/2020\\\/11\\\/Logo-PJ-New-1.png\",\"width\":150,\"height\":80,\"caption\":\"PureJewels UK\"},\"image\":{\"@id\":\"https:\\\/\\\/www.purejewels.com\\\/#\\\/schema\\\/logo\\\/image\\\/\"}}]}<\/script>\n<!-- \/ Yoast SEO plugin. -->","yoast_head_json":{"title":"Kundan ve Polki Ta\u015fl\u0131 22 Ayar Gelin Kolyesi | PureJewels UK","description":"22 ayar alt\u0131n Polki Kundan gelin kolyemizi ke\u015ffedin \u2014 geleneksel d\u00fc\u011f\u00fcnler ve \u00f6zel g\u00fcnler i\u00e7in ideal, karma\u015f\u0131k detaylara sahip el yap\u0131m\u0131 bir aile yadigar\u0131.","robots":{"index":"index","follow":"follow","max-snippet":"max-snippet:-1","max-image-preview":"max-image-preview:large","max-video-preview":"max-video-preview:-1"},"canonical":"https:\/\/www.purejewels.com\/tr\/urun\/22-ayar-altin-kolye\/","og_locale":"tr_TR","og_type":"article","og_title":"22ct Bridal Necklace with Kundan & Polki Stones | PureJewels UK","og_description":"Explore our 22ct gold Polki Kundan bridal necklace \u2014 a handcrafted heirloom with intricate detailing, ideal for traditional weddings and grand occasions.","og_url":"https:\/\/www.purejewels.com\/tr\/urun\/22-ayar-altin-kolye\/","og_site_name":"PureJewels UK","article_modified_time":"2025-11-27T08:27:32+00:00","og_image":[{"width":1100,"height":1100,"url":"https:\/\/www.purejewels.com\/wp-content\/uploads\/2017\/07\/23085_necklace-2.png","type":"image\/png"}],"twitter_card":"summary_large_image","twitter_misc":{"Tahmini okuma s\u00fcresi":"1 dakika"},"schema":{"@context":"https:\/\/schema.org","@graph":[{"@type":["WebPage","ItemPage"],"@id":"https:\/\/www.purejewels.com\/product\/22ct-gold-necklace\/","url":"https:\/\/www.purejewels.com\/product\/22ct-gold-necklace\/","name":"Kundan ve Polki Ta\u015fl\u0131 22 Ayar Gelin Kolyesi | PureJewels UK","isPartOf":{"@id":"https:\/\/www.purejewels.com\/#website"},"primaryImageOfPage":{"@id":"https:\/\/www.purejewels.com\/product\/22ct-gold-necklace\/#primaryimage"},"image":{"@id":"https:\/\/www.purejewels.com\/product\/22ct-gold-necklace\/#primaryimage"},"thumbnailUrl":"https:\/\/static.purejewels.com\/wp-content\/uploads\/2017\/07\/23085_necklace-2.png","datePublished":"2017-07-19T12:19:34+00:00","dateModified":"2025-11-27T08:27:32+00:00","description":"22 ayar alt\u0131n Polki Kundan gelin kolyemizi ke\u015ffedin \u2014 geleneksel d\u00fc\u011f\u00fcnler ve \u00f6zel g\u00fcnler i\u00e7in ideal, karma\u015f\u0131k detaylara sahip el yap\u0131m\u0131 bir aile yadigar\u0131.","breadcrumb":{"@id":"https:\/\/www.purejewels.com\/product\/22ct-gold-necklace\/#breadcrumb"},"inLanguage":"tr","potentialAction":[{"@type":"ReadAction","target":["https:\/\/www.purejewels.com\/product\/22ct-gold-necklace\/"]}]},{"@type":"ImageObject","inLanguage":"tr","@id":"https:\/\/www.purejewels.com\/product\/22ct-gold-necklace\/#primaryimage","url":"https:\/\/static.purejewels.com\/wp-content\/uploads\/2017\/07\/23085_necklace-2.png","contentUrl":"https:\/\/static.purejewels.com\/wp-content\/uploads\/2017\/07\/23085_necklace-2.png","width":1100,"height":1100,"caption":"23085_necklace.png"},{"@type":"BreadcrumbList","@id":"https:\/\/www.purejewels.com\/product\/22ct-gold-necklace\/#breadcrumb","itemListElement":[{"@type":"ListItem","position":1,"name":"Home","item":"https:\/\/www.purejewels.com\/"},{"@type":"ListItem","position":2,"name":"Shop","item":"https:\/\/www.purejewels.com\/shop\/"},{"@type":"ListItem","position":3,"name":"Polki Kundan Bridal Necklace in 22ct Gold"}]},{"@type":"WebSite","@id":"https:\/\/www.purejewels.com\/#website","url":"https:\/\/www.purejewels.com\/","name":"PureJewels \u0130ngiltere","description":"Sevgiyi Payla\u015f\u0131n","publisher":{"@id":"https:\/\/www.purejewels.com\/#organization"},"potentialAction":[{"@type":"SearchAction","target":{"@type":"EntryPoint","urlTemplate":"https:\/\/www.purejewels.com\/?s={search_term_string}"},"query-input":{"@type":"PropertyValueSpecification","valueRequired":true,"valueName":"search_term_string"}}],"inLanguage":"tr"},{"@type":"Organization","@id":"https:\/\/www.purejewels.com\/#organization","name":"PureJewels \u0130ngiltere","url":"https:\/\/www.purejewels.com\/","logo":{"@type":"ImageObject","inLanguage":"tr","@id":"https:\/\/www.purejewels.com\/#\/schema\/logo\/image\/","url":"https:\/\/static.purejewels.com\/wp-content\/uploads\/2020\/11\/Logo-PJ-New-1.png","contentUrl":"https:\/\/static.purejewels.com\/wp-content\/uploads\/2020\/11\/Logo-PJ-New-1.png","width":150,"height":80,"caption":"PureJewels UK"},"image":{"@id":"https:\/\/www.purejewels.com\/#\/schema\/logo\/image\/"}}]}},"_links":{"self":[{"href":"https:\/\/www.purejewels.com\/tr\/wp-json\/wp\/v2\/product\/3782","targetHints":{"allow":["GET"]}}],"collection":[{"href":"https:\/\/www.purejewels.com\/tr\/wp-json\/wp\/v2\/product"}],"about":[{"href":"https:\/\/www.purejewels.com\/tr\/wp-json\/wp\/v2\/types\/product"}],"replies":[{"embeddable":true,"href":"https:\/\/www.purejewels.com\/tr\/wp-json\/wp\/v2\/comments?post=3782"}],"version-history":[{"count":2,"href":"https:\/\/www.purejewels.com\/tr\/wp-json\/wp\/v2\/product\/3782\/revisions"}],"predecessor-version":[{"id":421959,"href":"https:\/\/www.purejewels.com\/tr\/wp-json\/wp\/v2\/product\/3782\/revisions\/421959"}],"wp:featuredmedia":[{"embeddable":true,"href":"https:\/\/www.purejewels.com\/tr\/wp-json\/wp\/v2\/media\/3783"}],"wp:attachment":[{"href":"https:\/\/www.purejewels.com\/tr\/wp-json\/wp\/v2\/media?parent=3782"}],"wp:term":[{"taxonomy":"product_brand","embeddable":true,"href":"https:\/\/www.purejewels.com\/tr\/wp-json\/wp\/v2\/product_brand?post=3782"},{"taxonomy":"product_cat","embeddable":true,"href":"https:\/\/www.purejewels.com\/tr\/wp-json\/wp\/v2\/product_cat?post=3782"},{"taxonomy":"product_tag","embeddable":true,"href":"https:\/\/www.purejewels.com\/tr\/wp-json\/wp\/v2\/product_tag?post=3782"}],"curies":[{"name":"wp","href":"https:\/\/api.w.org\/{rel}","templated":true}]}}