{"id":378249,"date":"2024-12-09T05:27:08","date_gmt":"2024-12-09T05:27:08","guid":{"rendered":"https:\/\/www.purejewels.com\/?post_type=product&#038;p=378249"},"modified":"2026-03-09T05:26:56","modified_gmt":"2026-03-09T05:26:56","slug":"18-ayar-sari-altin-zincir-50370","status":"publish","type":"product","link":"https:\/\/www.purejewels.com\/tr\/product\/18ct-yellow-gold-chain-50370\/","title":{"rendered":"18 Ayar Alt\u0131n | Baklal\u0131 Zincir | 18 \u0130n\u00e7 | 1,3mm Kal\u0131nl\u0131k"},"content":{"rendered":"<p>Tarz\u0131n\u0131z\u0131 bu zarif <a href=\"https:\/\/www.purejewels.com\/tr\/product\/18ct-white-gold-khanda-sikh-religious-pendant-6226\/\">18ct<\/a> alt\u0131n <a href=\"https:\/\/www.purejewels.com\/tr\/product\/18ct-white-gold-link-chain-46414\/\">baklal\u0131 zincir<\/a>zamans\u0131z sofistike bir g\u00f6r\u00fcn\u00fcm i\u00e7in tasarlanm\u0131\u015ft\u0131r. 18 in\u00e7 uzunlu\u011fuyla boyun \u00e7izgisine rahat\u00e7a oturur ve hem g\u00fcndelik hem de resmi k\u0131yafetler i\u00e7in \u00e7ok y\u00f6nl\u00fc bir se\u00e7imdir. 1,3 mm kal\u0131nl\u0131\u011f\u0131 incelik ve dayan\u0131kl\u0131l\u0131k aras\u0131nda m\u00fckemmel bir denge kurarak \u015f\u0131k ama sa\u011flam bir tasar\u0131m sa\u011flar.<\/p>\n<p>Birinci s\u0131n\u0131f 18 ayar alt\u0131ndan \u00fcretilen bu zincir, parlak bir y\u00fczeye ve ola\u011fan\u00fcst\u00fc bir kaliteye sahiptir. Klasik bakla deseni zarif bir dokunu\u015f katarken, g\u00fcvenli toka kullan\u0131mda g\u00fcven sa\u011flar. Tek ba\u015f\u0131na veya en sevdi\u011finiz kolye ucuyla birlikte m\u00fckemmel olan bu zincir, d\u00fc\u015f\u00fcnceli bir hediye veya m\u00fccevher koleksiyonunuza de\u011ferli bir katk\u0131 sa\u011flar.<\/p>\n<p><strong>Temel \u00d6zellikler:<\/strong><\/p>\n<ul>\n<li><strong>Malzeme:<\/strong> Hakiki 18 ayar alt\u0131n<\/li>\n<li><strong>A\u011f\u0131rl\u0131k:<\/strong> 2.6 gram<\/li>\n<li><strong>Uzunluk:<\/strong> 18 in\u00e7<\/li>\n<li><strong>Kal\u0131nl\u0131k:<\/strong> 1.3mm<\/li>\n<li><strong>Stil:<\/strong> Zamans\u0131z baklal\u0131 zincir tasar\u0131m\u0131<\/li>\n<li><strong>Kapan\u0131\u015f:<\/strong> Daha fazla g\u00fcvenilirlik i\u00e7in g\u00fcvenli toka<\/li>\n<\/ul>\n<p>Hem l\u00fcks\u00fc hem de g\u00fcnl\u00fck pratikli\u011fi bir arada sunan bu olmazsa olmaz par\u00e7a ile m\u00fccevher oyunlar\u0131n\u0131z\u0131 geli\u015ftirin.<\/p>","protected":false},"excerpt":{"rendered":"<div class=\"woocommerce-product-details__short-description\">\n<div class=\"woocommerce-product-details__short-description\">\n<table class=\"sh_desc\">\n<tbody>\n<tr>\n<td>Zincir Tipi<\/td>\n<td>Ba\u011flant\u0131 Zinciri<\/td>\n<\/tr>\n<tr>\n<td>SKU<\/td>\n<td>50370<\/td>\n<\/tr>\n<tr>\n<td>Metal<\/td>\n<td>18 Ayar Alt\u0131n<\/td>\n<\/tr>\n<tr>\n<td>Uzunluk, Geni\u015flik<\/td>\n<td>18 in\u00e7, 1,3 mm<\/td>\n<\/tr>\n<tr>\n<td>A\u011f\u0131rl\u0131k<\/td>\n<td>2.6 gms<\/td>\n<\/tr>\n<tr>\n<td>Hallmark<\/td>\n<td>Londra Tahlil Ofisi Taraf\u0131ndan Damgalanm\u0131\u015f 18 Ayar Alt\u0131n<\/td>\n<\/tr>\n<tr>\n<td>\u00dccretler<\/td>\n<td>Teslimat ve KDV Dahil<\/td>\n<\/tr>\n<tr>\n<td>Paketleme<\/td>\n<td>Sunum Kutusu ile Birlikte Gelir<\/td>\n<\/tr>\n<tr>\n<td>Daha Fazla Bilgi<\/td>\n<td>M\u00fcsaitlik durumu ve daha fazla resim i\u00e7in bizimle canl\u0131 sohbet edin<\/td>\n<\/tr>\n<\/tbody>\n<\/table>\n<\/div>\n<div class=\"btn-atc atc-slide\"><\/div>\n<div class=\"product_meta\"><\/div>\n<\/div>\n<div class=\"btn-atc atc-slide\"><\/div>\n<div class=\"product_meta\"><\/div>","protected":false},"featured_media":347989,"comment_status":"closed","ping_status":"closed","template":"","meta":{"_eb_attr":"","_crsspst_to_jayantr4sg-hostcom":true},"product_brand":[],"product_cat":[5316,1791,1559,1794,1793,1475,5597,1575,1569,1574],"product_tag":[65,1430],"class_list":{"0":"post-378249","1":"product","2":"type-product","3":"status-publish","4":"has-post-thumbnail","6":"product_cat-18ct-white-gold-chain","7":"product_cat-anniversary-gifts","8":"product_cat-birthday-gifts","9":"product_cat-christmas-gifts","10":"product_cat-diwali-gifts","11":"product_cat-gold-chains","12":"product_cat-link-chain","13":"product_cat-teenage-jewellery","14":"product_cat-valentine-day-gifts","15":"product_cat-womens-jewellery","16":"product_tag-chains","17":"product_tag-diwali-gift","19":"first","20":"instock","21":"taxable","22":"shipping-taxable","23":"purchasable","24":"product-type-simple","25":"add-to-wishlist-before_image"},"yoast_head":"<!-- This site is optimized with the Yoast SEO plugin v27.3 - https:\/\/yoast.com\/product\/yoast-seo-wordpress\/ -->\n<title>Buy 18ct Gold Link Chain - 18 Inches | 1.3mm Elegant Necklace<\/title>\n<meta name=\"description\" content=\"Shop the 18ct Gold Link Chain, 18 inches long and 1.3mm thick. Perfect for any occasion, this elegant necklace adds a touch of sophistication to your style. Buy now!\" \/>\n<meta name=\"robots\" content=\"index, follow, max-snippet:-1, max-image-preview:large, max-video-preview:-1\" \/>\n<link rel=\"canonical\" href=\"https:\/\/www.purejewels.com\/tr\/urun\/18-ayar-sari-altin-zincir-50370\/\" \/>\n<meta property=\"og:locale\" content=\"tr_TR\" \/>\n<meta property=\"og:type\" content=\"article\" \/>\n<meta property=\"og:title\" content=\"Buy 18ct Gold Link Chain - 18 Inches | 1.3mm Elegant Necklace\" \/>\n<meta property=\"og:description\" content=\"Shop the 18ct Gold Link Chain, 18 inches long and 1.3mm thick. Perfect for any occasion, this elegant necklace adds a touch of sophistication to your style. Buy now!\" \/>\n<meta property=\"og:url\" content=\"https:\/\/www.purejewels.com\/tr\/urun\/18-ayar-sari-altin-zincir-50370\/\" \/>\n<meta property=\"og:site_name\" content=\"PureJewels UK\" \/>\n<meta property=\"article:modified_time\" content=\"2026-03-09T05:26:56+00:00\" \/>\n<meta property=\"og:image\" content=\"https:\/\/static.purejewels.com\/wp-content\/uploads\/2023\/06\/SKU-34421-scaled.jpg\" \/>\n\t<meta property=\"og:image:width\" content=\"2560\" \/>\n\t<meta property=\"og:image:height\" content=\"2560\" \/>\n\t<meta property=\"og:image:type\" content=\"image\/jpeg\" \/>\n<meta name=\"twitter:card\" content=\"summary_large_image\" \/>\n<meta name=\"twitter:label1\" content=\"Tahmini okuma s\u00fcresi\" \/>\n\t<meta name=\"twitter:data1\" content=\"1 dakika\" \/>\n<script type=\"application\/ld+json\" class=\"yoast-schema-graph\">{\"@context\":\"https:\\\/\\\/schema.org\",\"@graph\":[{\"@type\":[\"WebPage\",\"ItemPage\"],\"@id\":\"https:\\\/\\\/www.purejewels.com\\\/product\\\/18ct-yellow-gold-chain-50370\\\/\",\"url\":\"https:\\\/\\\/www.purejewels.com\\\/product\\\/18ct-yellow-gold-chain-50370\\\/\",\"name\":\"Buy 18ct Gold Link Chain - 18 Inches | 1.3mm Elegant Necklace\",\"isPartOf\":{\"@id\":\"https:\\\/\\\/www.purejewels.com\\\/#website\"},\"primaryImageOfPage\":{\"@id\":\"https:\\\/\\\/www.purejewels.com\\\/product\\\/18ct-yellow-gold-chain-50370\\\/#primaryimage\"},\"image\":{\"@id\":\"https:\\\/\\\/www.purejewels.com\\\/product\\\/18ct-yellow-gold-chain-50370\\\/#primaryimage\"},\"thumbnailUrl\":\"https:\\\/\\\/static.purejewels.com\\\/wp-content\\\/uploads\\\/2023\\\/06\\\/SKU-34421-scaled.jpg\",\"datePublished\":\"2024-12-09T05:27:08+00:00\",\"dateModified\":\"2026-03-09T05:26:56+00:00\",\"description\":\"Shop the 18ct Gold Link Chain, 18 inches long and 1.3mm thick. Perfect for any occasion, this elegant necklace adds a touch of sophistication to your style. Buy now!\",\"breadcrumb\":{\"@id\":\"https:\\\/\\\/www.purejewels.com\\\/product\\\/18ct-yellow-gold-chain-50370\\\/#breadcrumb\"},\"inLanguage\":\"tr\",\"potentialAction\":[{\"@type\":\"ReadAction\",\"target\":[\"https:\\\/\\\/www.purejewels.com\\\/product\\\/18ct-yellow-gold-chain-50370\\\/\"]}]},{\"@type\":\"ImageObject\",\"inLanguage\":\"tr\",\"@id\":\"https:\\\/\\\/www.purejewels.com\\\/product\\\/18ct-yellow-gold-chain-50370\\\/#primaryimage\",\"url\":\"https:\\\/\\\/static.purejewels.com\\\/wp-content\\\/uploads\\\/2023\\\/06\\\/SKU-34421-scaled.jpg\",\"contentUrl\":\"https:\\\/\\\/static.purejewels.com\\\/wp-content\\\/uploads\\\/2023\\\/06\\\/SKU-34421-scaled.jpg\",\"width\":2560,\"height\":2560,\"caption\":\"18ct Yellow Gold Link Chain\"},{\"@type\":\"BreadcrumbList\",\"@id\":\"https:\\\/\\\/www.purejewels.com\\\/product\\\/18ct-yellow-gold-chain-50370\\\/#breadcrumb\",\"itemListElement\":[{\"@type\":\"ListItem\",\"position\":1,\"name\":\"Home\",\"item\":\"https:\\\/\\\/www.purejewels.com\\\/\"},{\"@type\":\"ListItem\",\"position\":2,\"name\":\"Shop\",\"item\":\"https:\\\/\\\/www.purejewels.com\\\/shop\\\/\"},{\"@type\":\"ListItem\",\"position\":3,\"name\":\"18ct Gold | Link Chain | 18 Inches | 1.3mm Thick\"}]},{\"@type\":\"WebSite\",\"@id\":\"https:\\\/\\\/www.purejewels.com\\\/#website\",\"url\":\"https:\\\/\\\/www.purejewels.com\\\/\",\"name\":\"PureJewels UK\",\"description\":\"Share the Love\",\"publisher\":{\"@id\":\"https:\\\/\\\/www.purejewels.com\\\/#organization\"},\"potentialAction\":[{\"@type\":\"SearchAction\",\"target\":{\"@type\":\"EntryPoint\",\"urlTemplate\":\"https:\\\/\\\/www.purejewels.com\\\/?s={search_term_string}\"},\"query-input\":{\"@type\":\"PropertyValueSpecification\",\"valueRequired\":true,\"valueName\":\"search_term_string\"}}],\"inLanguage\":\"tr\"},{\"@type\":\"Organization\",\"@id\":\"https:\\\/\\\/www.purejewels.com\\\/#organization\",\"name\":\"PureJewels UK\",\"url\":\"https:\\\/\\\/www.purejewels.com\\\/\",\"logo\":{\"@type\":\"ImageObject\",\"inLanguage\":\"tr\",\"@id\":\"https:\\\/\\\/www.purejewels.com\\\/#\\\/schema\\\/logo\\\/image\\\/\",\"url\":\"https:\\\/\\\/static.purejewels.com\\\/wp-content\\\/uploads\\\/2020\\\/11\\\/Logo-PJ-New-1.png\",\"contentUrl\":\"https:\\\/\\\/static.purejewels.com\\\/wp-content\\\/uploads\\\/2020\\\/11\\\/Logo-PJ-New-1.png\",\"width\":150,\"height\":80,\"caption\":\"PureJewels UK\"},\"image\":{\"@id\":\"https:\\\/\\\/www.purejewels.com\\\/#\\\/schema\\\/logo\\\/image\\\/\"}}]}<\/script>\n<!-- \/ Yoast SEO plugin. -->","yoast_head_json":{"title":"18 Ayar Alt\u0131n Link Zincir - 18 \u0130n\u00e7 | 1.3mm Zarif Kolye Sat\u0131n Al\u0131n","description":"18 in\u00e7 uzunlu\u011funda ve 1,3 mm kal\u0131nl\u0131\u011f\u0131ndaki 18 Ayar Alt\u0131n Ba\u011flant\u0131 Zincirini sat\u0131n al\u0131n. Her durum i\u00e7in m\u00fckemmel olan bu zarif kolye, stilinize sofistike bir dokunu\u015f katar. \u015eimdi sat\u0131n al\u0131n!","robots":{"index":"index","follow":"follow","max-snippet":"max-snippet:-1","max-image-preview":"max-image-preview:large","max-video-preview":"max-video-preview:-1"},"canonical":"https:\/\/www.purejewels.com\/tr\/urun\/18-ayar-sari-altin-zincir-50370\/","og_locale":"tr_TR","og_type":"article","og_title":"Buy 18ct Gold Link Chain - 18 Inches | 1.3mm Elegant Necklace","og_description":"Shop the 18ct Gold Link Chain, 18 inches long and 1.3mm thick. Perfect for any occasion, this elegant necklace adds a touch of sophistication to your style. Buy now!","og_url":"https:\/\/www.purejewels.com\/tr\/urun\/18-ayar-sari-altin-zincir-50370\/","og_site_name":"PureJewels UK","article_modified_time":"2026-03-09T05:26:56+00:00","og_image":[{"width":2560,"height":2560,"url":"https:\/\/static.purejewels.com\/wp-content\/uploads\/2023\/06\/SKU-34421-scaled.jpg","type":"image\/jpeg"}],"twitter_card":"summary_large_image","twitter_misc":{"Tahmini okuma s\u00fcresi":"1 dakika"},"schema":{"@context":"https:\/\/schema.org","@graph":[{"@type":["WebPage","ItemPage"],"@id":"https:\/\/www.purejewels.com\/product\/18ct-yellow-gold-chain-50370\/","url":"https:\/\/www.purejewels.com\/product\/18ct-yellow-gold-chain-50370\/","name":"18 Ayar Alt\u0131n Link Zincir - 18 \u0130n\u00e7 | 1.3mm Zarif Kolye Sat\u0131n Al\u0131n","isPartOf":{"@id":"https:\/\/www.purejewels.com\/#website"},"primaryImageOfPage":{"@id":"https:\/\/www.purejewels.com\/product\/18ct-yellow-gold-chain-50370\/#primaryimage"},"image":{"@id":"https:\/\/www.purejewels.com\/product\/18ct-yellow-gold-chain-50370\/#primaryimage"},"thumbnailUrl":"https:\/\/static.purejewels.com\/wp-content\/uploads\/2023\/06\/SKU-34421-scaled.jpg","datePublished":"2024-12-09T05:27:08+00:00","dateModified":"2026-03-09T05:26:56+00:00","description":"18 in\u00e7 uzunlu\u011funda ve 1,3 mm kal\u0131nl\u0131\u011f\u0131ndaki 18 Ayar Alt\u0131n Ba\u011flant\u0131 Zincirini sat\u0131n al\u0131n. Her durum i\u00e7in m\u00fckemmel olan bu zarif kolye, stilinize sofistike bir dokunu\u015f katar. \u015eimdi sat\u0131n al\u0131n!","breadcrumb":{"@id":"https:\/\/www.purejewels.com\/product\/18ct-yellow-gold-chain-50370\/#breadcrumb"},"inLanguage":"tr","potentialAction":[{"@type":"ReadAction","target":["https:\/\/www.purejewels.com\/product\/18ct-yellow-gold-chain-50370\/"]}]},{"@type":"ImageObject","inLanguage":"tr","@id":"https:\/\/www.purejewels.com\/product\/18ct-yellow-gold-chain-50370\/#primaryimage","url":"https:\/\/static.purejewels.com\/wp-content\/uploads\/2023\/06\/SKU-34421-scaled.jpg","contentUrl":"https:\/\/static.purejewels.com\/wp-content\/uploads\/2023\/06\/SKU-34421-scaled.jpg","width":2560,"height":2560,"caption":"18ct Yellow Gold Link Chain"},{"@type":"BreadcrumbList","@id":"https:\/\/www.purejewels.com\/product\/18ct-yellow-gold-chain-50370\/#breadcrumb","itemListElement":[{"@type":"ListItem","position":1,"name":"Home","item":"https:\/\/www.purejewels.com\/"},{"@type":"ListItem","position":2,"name":"Shop","item":"https:\/\/www.purejewels.com\/shop\/"},{"@type":"ListItem","position":3,"name":"18ct Gold | Link Chain | 18 Inches | 1.3mm Thick"}]},{"@type":"WebSite","@id":"https:\/\/www.purejewels.com\/#website","url":"https:\/\/www.purejewels.com\/","name":"PureJewels \u0130ngiltere","description":"Sevgiyi Payla\u015f\u0131n","publisher":{"@id":"https:\/\/www.purejewels.com\/#organization"},"potentialAction":[{"@type":"SearchAction","target":{"@type":"EntryPoint","urlTemplate":"https:\/\/www.purejewels.com\/?s={search_term_string}"},"query-input":{"@type":"PropertyValueSpecification","valueRequired":true,"valueName":"search_term_string"}}],"inLanguage":"tr"},{"@type":"Organization","@id":"https:\/\/www.purejewels.com\/#organization","name":"PureJewels \u0130ngiltere","url":"https:\/\/www.purejewels.com\/","logo":{"@type":"ImageObject","inLanguage":"tr","@id":"https:\/\/www.purejewels.com\/#\/schema\/logo\/image\/","url":"https:\/\/static.purejewels.com\/wp-content\/uploads\/2020\/11\/Logo-PJ-New-1.png","contentUrl":"https:\/\/static.purejewels.com\/wp-content\/uploads\/2020\/11\/Logo-PJ-New-1.png","width":150,"height":80,"caption":"PureJewels UK"},"image":{"@id":"https:\/\/www.purejewels.com\/#\/schema\/logo\/image\/"}}]}},"_links":{"self":[{"href":"https:\/\/www.purejewels.com\/tr\/wp-json\/wp\/v2\/product\/378249","targetHints":{"allow":["GET"]}}],"collection":[{"href":"https:\/\/www.purejewels.com\/tr\/wp-json\/wp\/v2\/product"}],"about":[{"href":"https:\/\/www.purejewels.com\/tr\/wp-json\/wp\/v2\/types\/product"}],"replies":[{"embeddable":true,"href":"https:\/\/www.purejewels.com\/tr\/wp-json\/wp\/v2\/comments?post=378249"}],"version-history":[{"count":3,"href":"https:\/\/www.purejewels.com\/tr\/wp-json\/wp\/v2\/product\/378249\/revisions"}],"predecessor-version":[{"id":378448,"href":"https:\/\/www.purejewels.com\/tr\/wp-json\/wp\/v2\/product\/378249\/revisions\/378448"}],"wp:featuredmedia":[{"embeddable":true,"href":"https:\/\/www.purejewels.com\/tr\/wp-json\/wp\/v2\/media\/347989"}],"wp:attachment":[{"href":"https:\/\/www.purejewels.com\/tr\/wp-json\/wp\/v2\/media?parent=378249"}],"wp:term":[{"taxonomy":"product_brand","embeddable":true,"href":"https:\/\/www.purejewels.com\/tr\/wp-json\/wp\/v2\/product_brand?post=378249"},{"taxonomy":"product_cat","embeddable":true,"href":"https:\/\/www.purejewels.com\/tr\/wp-json\/wp\/v2\/product_cat?post=378249"},{"taxonomy":"product_tag","embeddable":true,"href":"https:\/\/www.purejewels.com\/tr\/wp-json\/wp\/v2\/product_tag?post=378249"}],"curies":[{"name":"wp","href":"https:\/\/api.w.org\/{rel}","templated":true}]}}