{"id":3788,"date":"2017-07-19T13:19:43","date_gmt":"2017-07-19T12:19:43","guid":{"rendered":"http:\/\/new.purejewels.com\/product\/jali-22ct-gold-filigree-necklace-4\/"},"modified":"2025-11-18T08:49:35","modified_gmt":"2025-11-18T08:49:35","slug":"jali-22-ayar-altin-telkari-kolye-4","status":"publish","type":"product","link":"https:\/\/www.purejewels.com\/tr\/product\/jali-22ct-gold-filigree-necklace-4\/","title":{"rendered":"Jali Gelin Ghungroo Kolye 22 Ayar Alt\u0131n"},"content":{"rendered":"<p data-start=\"370\" data-end=\"674\">Jali Bridal Ghungroo Kolye <a href=\"https:\/\/www.purejewels.com\/tr\/product\/22ct-gold-jali-filigree-ring-jali-collection-31926\/\">22ct<\/a> alt\u0131n, telkari katmanlar\u0131, gran\u00fclasyon ve yaka boyunca uzanan minik yuvarlak motiflerle zengin bir \u015fekilde detayland\u0131r\u0131lm\u0131\u015ft\u0131r. Karma\u015f\u0131k jali i\u015f\u00e7ili\u011fiyle \u00e7er\u00e7evelenmi\u015f g\u00f6zya\u015f\u0131 damlas\u0131 kolye ucu, her ad\u0131mda nazik\u00e7e sallanan narin ghungroo tarz\u0131 boncuklarla tamamlan\u0131yor.<\/p>\n<p data-start=\"676\" data-end=\"934\" data-is-last-node=\"\" data-is-only-node=\"\">Y\u00fcksek safl\u0131kta 22 ayar alt\u0131ndan \u00fcretilen bu kolye, gelin ve bayram k\u0131yafetlerinin \u00fczerine g\u00fczel bir \u015fekilde oturarak yakaya s\u0131cakl\u0131k, hareket ve doku katar. G\u00f6ze \u00e7arpan bir d\u00fc\u011f\u00fcn par\u00e7as\u0131 olarak tasarlanan bu m\u00fccevher, de\u011ferli bir aile yadigar\u0131 haline gelecek t\u00fcrden.<\/p>","protected":false},"excerpt":{"rendered":"<ul>\n<li>\u00a022 Ayar Alt\u0131n Gelin Jali Kolye<\/li>\n<li>A\u011f\u0131rl\u0131k: 23,9g<\/li>\n<li>T\u00fcm fiyatlara KDV dahildir<\/li>\n<li>Londra Tahlil Ofisi Taraf\u0131ndan Damgalanm\u0131\u015f 22 Ayar Alt\u0131n<\/li>\n<li>T\u00fcm Setler Sunum Kutusu ile Birlikte Gelir<\/li>\n<li>Teslimat Dahil<\/li>\n<li>Stok durumu ve stokta bulunan benzer tasar\u0131mlar\u0131n daha fazla g\u00f6r\u00fcnt\u00fcs\u00fc i\u00e7in bizimle canl\u0131 sohbet edin<\/li>\n<\/ul>","protected":false},"featured_media":3789,"comment_status":"closed","ping_status":"closed","template":"","meta":{"_eb_attr":"","_crsspst_to_jayantr4sg-hostcom":true},"product_brand":[],"product_cat":[1625,252,1574],"product_tag":[1502],"class_list":{"0":"post-3788","1":"product","2":"type-product","3":"status-publish","4":"has-post-thumbnail","6":"product_cat-bridal-set","7":"product_cat-jali-collections","8":"product_cat-womens-jewellery","9":"product_tag-filigree","11":"first","12":"outofstock","13":"taxable","14":"shipping-taxable","15":"product-type-simple","16":"add-to-wishlist-before_image"},"yoast_head":"<!-- This site is optimized with the Yoast SEO plugin v27.3 - https:\/\/yoast.com\/product\/yoast-seo-wordpress\/ -->\n<title>Jali Bridal Ghungroo Necklace in 22ct Gold | PureJewels<\/title>\n<meta name=\"description\" content=\"Jali bridal ghungroo necklace in 22ct gold, with intricate filigree work and dangling beads \u2013 a radiant statement piece for weddings and grand celebrations.\" \/>\n<meta name=\"robots\" content=\"index, follow, max-snippet:-1, max-image-preview:large, max-video-preview:-1\" \/>\n<link rel=\"canonical\" href=\"https:\/\/www.purejewels.com\/tr\/urun\/jali-22-ayar-altin-telkari-kolye-4\/\" \/>\n<meta property=\"og:locale\" content=\"tr_TR\" \/>\n<meta property=\"og:type\" content=\"article\" \/>\n<meta property=\"og:title\" content=\"Jali Bridal Ghungroo Necklace in 22ct Gold | PureJewels\" \/>\n<meta property=\"og:description\" content=\"Jali bridal ghungroo necklace in 22ct gold, with intricate filigree work and dangling beads \u2013 a radiant statement piece for weddings and grand celebrations.\" \/>\n<meta property=\"og:url\" content=\"https:\/\/www.purejewels.com\/tr\/urun\/jali-22-ayar-altin-telkari-kolye-4\/\" \/>\n<meta property=\"og:site_name\" content=\"PureJewels UK\" \/>\n<meta property=\"article:modified_time\" content=\"2025-11-18T08:49:35+00:00\" \/>\n<meta property=\"og:image\" content=\"https:\/\/www.purejewels.com\/wp-content\/uploads\/2017\/07\/necklace_21288-2.png\" \/>\n\t<meta property=\"og:image:width\" content=\"1100\" \/>\n\t<meta property=\"og:image:height\" content=\"1100\" \/>\n\t<meta property=\"og:image:type\" content=\"image\/png\" \/>\n<meta name=\"twitter:card\" content=\"summary_large_image\" \/>\n<meta name=\"twitter:label1\" content=\"Tahmini okuma s\u00fcresi\" \/>\n\t<meta name=\"twitter:data1\" content=\"1 dakika\" \/>\n<script type=\"application\/ld+json\" class=\"yoast-schema-graph\">{\"@context\":\"https:\\\/\\\/schema.org\",\"@graph\":[{\"@type\":[\"WebPage\",\"ItemPage\"],\"@id\":\"https:\\\/\\\/www.purejewels.com\\\/product\\\/jali-22ct-gold-filigree-necklace-4\\\/\",\"url\":\"https:\\\/\\\/www.purejewels.com\\\/product\\\/jali-22ct-gold-filigree-necklace-4\\\/\",\"name\":\"Jali Bridal Ghungroo Necklace in 22ct Gold | PureJewels\",\"isPartOf\":{\"@id\":\"https:\\\/\\\/www.purejewels.com\\\/#website\"},\"primaryImageOfPage\":{\"@id\":\"https:\\\/\\\/www.purejewels.com\\\/product\\\/jali-22ct-gold-filigree-necklace-4\\\/#primaryimage\"},\"image\":{\"@id\":\"https:\\\/\\\/www.purejewels.com\\\/product\\\/jali-22ct-gold-filigree-necklace-4\\\/#primaryimage\"},\"thumbnailUrl\":\"https:\\\/\\\/static.purejewels.com\\\/wp-content\\\/uploads\\\/2017\\\/07\\\/necklace_21288-2.png\",\"datePublished\":\"2017-07-19T12:19:43+00:00\",\"dateModified\":\"2025-11-18T08:49:35+00:00\",\"description\":\"Jali bridal ghungroo necklace in 22ct gold, with intricate filigree work and dangling beads \u2013 a radiant statement piece for weddings and grand celebrations.\",\"breadcrumb\":{\"@id\":\"https:\\\/\\\/www.purejewels.com\\\/product\\\/jali-22ct-gold-filigree-necklace-4\\\/#breadcrumb\"},\"inLanguage\":\"tr\",\"potentialAction\":[{\"@type\":\"ReadAction\",\"target\":[\"https:\\\/\\\/www.purejewels.com\\\/product\\\/jali-22ct-gold-filigree-necklace-4\\\/\"]}]},{\"@type\":\"ImageObject\",\"inLanguage\":\"tr\",\"@id\":\"https:\\\/\\\/www.purejewels.com\\\/product\\\/jali-22ct-gold-filigree-necklace-4\\\/#primaryimage\",\"url\":\"https:\\\/\\\/static.purejewels.com\\\/wp-content\\\/uploads\\\/2017\\\/07\\\/necklace_21288-2.png\",\"contentUrl\":\"https:\\\/\\\/static.purejewels.com\\\/wp-content\\\/uploads\\\/2017\\\/07\\\/necklace_21288-2.png\",\"width\":1100,\"height\":1100,\"caption\":\"necklace_21288.png\"},{\"@type\":\"BreadcrumbList\",\"@id\":\"https:\\\/\\\/www.purejewels.com\\\/product\\\/jali-22ct-gold-filigree-necklace-4\\\/#breadcrumb\",\"itemListElement\":[{\"@type\":\"ListItem\",\"position\":1,\"name\":\"Home\",\"item\":\"https:\\\/\\\/www.purejewels.com\\\/\"},{\"@type\":\"ListItem\",\"position\":2,\"name\":\"Shop\",\"item\":\"https:\\\/\\\/www.purejewels.com\\\/shop\\\/\"},{\"@type\":\"ListItem\",\"position\":3,\"name\":\"Jali Bridal Ghungroo Necklace in 22ct Gold\"}]},{\"@type\":\"WebSite\",\"@id\":\"https:\\\/\\\/www.purejewels.com\\\/#website\",\"url\":\"https:\\\/\\\/www.purejewels.com\\\/\",\"name\":\"PureJewels UK\",\"description\":\"Share the Love\",\"publisher\":{\"@id\":\"https:\\\/\\\/www.purejewels.com\\\/#organization\"},\"potentialAction\":[{\"@type\":\"SearchAction\",\"target\":{\"@type\":\"EntryPoint\",\"urlTemplate\":\"https:\\\/\\\/www.purejewels.com\\\/?s={search_term_string}\"},\"query-input\":{\"@type\":\"PropertyValueSpecification\",\"valueRequired\":true,\"valueName\":\"search_term_string\"}}],\"inLanguage\":\"tr\"},{\"@type\":\"Organization\",\"@id\":\"https:\\\/\\\/www.purejewels.com\\\/#organization\",\"name\":\"PureJewels UK\",\"url\":\"https:\\\/\\\/www.purejewels.com\\\/\",\"logo\":{\"@type\":\"ImageObject\",\"inLanguage\":\"tr\",\"@id\":\"https:\\\/\\\/www.purejewels.com\\\/#\\\/schema\\\/logo\\\/image\\\/\",\"url\":\"https:\\\/\\\/static.purejewels.com\\\/wp-content\\\/uploads\\\/2020\\\/11\\\/Logo-PJ-New-1.png\",\"contentUrl\":\"https:\\\/\\\/static.purejewels.com\\\/wp-content\\\/uploads\\\/2020\\\/11\\\/Logo-PJ-New-1.png\",\"width\":150,\"height\":80,\"caption\":\"PureJewels UK\"},\"image\":{\"@id\":\"https:\\\/\\\/www.purejewels.com\\\/#\\\/schema\\\/logo\\\/image\\\/\"}}]}<\/script>\n<!-- \/ Yoast SEO plugin. -->","yoast_head_json":{"title":"Jali Bridal Ghungroo Kolye 22 Ayar Alt\u0131n | PureJewels","description":"Karma\u015f\u0131k telkari i\u015f\u00e7ili\u011fi ve sarkan boncuklar\u0131yla 22 ayar alt\u0131ndan Jali gelin ghungroo kolye - d\u00fc\u011f\u00fcnler ve b\u00fcy\u00fck kutlamalar i\u00e7in \u0131\u015f\u0131lt\u0131l\u0131 bir ifade par\u00e7as\u0131.","robots":{"index":"index","follow":"follow","max-snippet":"max-snippet:-1","max-image-preview":"max-image-preview:large","max-video-preview":"max-video-preview:-1"},"canonical":"https:\/\/www.purejewels.com\/tr\/urun\/jali-22-ayar-altin-telkari-kolye-4\/","og_locale":"tr_TR","og_type":"article","og_title":"Jali Bridal Ghungroo Necklace in 22ct Gold | PureJewels","og_description":"Jali bridal ghungroo necklace in 22ct gold, with intricate filigree work and dangling beads \u2013 a radiant statement piece for weddings and grand celebrations.","og_url":"https:\/\/www.purejewels.com\/tr\/urun\/jali-22-ayar-altin-telkari-kolye-4\/","og_site_name":"PureJewels UK","article_modified_time":"2025-11-18T08:49:35+00:00","og_image":[{"width":1100,"height":1100,"url":"https:\/\/www.purejewels.com\/wp-content\/uploads\/2017\/07\/necklace_21288-2.png","type":"image\/png"}],"twitter_card":"summary_large_image","twitter_misc":{"Tahmini okuma s\u00fcresi":"1 dakika"},"schema":{"@context":"https:\/\/schema.org","@graph":[{"@type":["WebPage","ItemPage"],"@id":"https:\/\/www.purejewels.com\/product\/jali-22ct-gold-filigree-necklace-4\/","url":"https:\/\/www.purejewels.com\/product\/jali-22ct-gold-filigree-necklace-4\/","name":"Jali Bridal Ghungroo Kolye 22 Ayar Alt\u0131n | PureJewels","isPartOf":{"@id":"https:\/\/www.purejewels.com\/#website"},"primaryImageOfPage":{"@id":"https:\/\/www.purejewels.com\/product\/jali-22ct-gold-filigree-necklace-4\/#primaryimage"},"image":{"@id":"https:\/\/www.purejewels.com\/product\/jali-22ct-gold-filigree-necklace-4\/#primaryimage"},"thumbnailUrl":"https:\/\/static.purejewels.com\/wp-content\/uploads\/2017\/07\/necklace_21288-2.png","datePublished":"2017-07-19T12:19:43+00:00","dateModified":"2025-11-18T08:49:35+00:00","description":"Karma\u015f\u0131k telkari i\u015f\u00e7ili\u011fi ve sarkan boncuklar\u0131yla 22 ayar alt\u0131ndan Jali gelin ghungroo kolye - d\u00fc\u011f\u00fcnler ve b\u00fcy\u00fck kutlamalar i\u00e7in \u0131\u015f\u0131lt\u0131l\u0131 bir ifade par\u00e7as\u0131.","breadcrumb":{"@id":"https:\/\/www.purejewels.com\/product\/jali-22ct-gold-filigree-necklace-4\/#breadcrumb"},"inLanguage":"tr","potentialAction":[{"@type":"ReadAction","target":["https:\/\/www.purejewels.com\/product\/jali-22ct-gold-filigree-necklace-4\/"]}]},{"@type":"ImageObject","inLanguage":"tr","@id":"https:\/\/www.purejewels.com\/product\/jali-22ct-gold-filigree-necklace-4\/#primaryimage","url":"https:\/\/static.purejewels.com\/wp-content\/uploads\/2017\/07\/necklace_21288-2.png","contentUrl":"https:\/\/static.purejewels.com\/wp-content\/uploads\/2017\/07\/necklace_21288-2.png","width":1100,"height":1100,"caption":"necklace_21288.png"},{"@type":"BreadcrumbList","@id":"https:\/\/www.purejewels.com\/product\/jali-22ct-gold-filigree-necklace-4\/#breadcrumb","itemListElement":[{"@type":"ListItem","position":1,"name":"Home","item":"https:\/\/www.purejewels.com\/"},{"@type":"ListItem","position":2,"name":"Shop","item":"https:\/\/www.purejewels.com\/shop\/"},{"@type":"ListItem","position":3,"name":"Jali Bridal Ghungroo Necklace in 22ct Gold"}]},{"@type":"WebSite","@id":"https:\/\/www.purejewels.com\/#website","url":"https:\/\/www.purejewels.com\/","name":"PureJewels \u0130ngiltere","description":"Sevgiyi Payla\u015f\u0131n","publisher":{"@id":"https:\/\/www.purejewels.com\/#organization"},"potentialAction":[{"@type":"SearchAction","target":{"@type":"EntryPoint","urlTemplate":"https:\/\/www.purejewels.com\/?s={search_term_string}"},"query-input":{"@type":"PropertyValueSpecification","valueRequired":true,"valueName":"search_term_string"}}],"inLanguage":"tr"},{"@type":"Organization","@id":"https:\/\/www.purejewels.com\/#organization","name":"PureJewels \u0130ngiltere","url":"https:\/\/www.purejewels.com\/","logo":{"@type":"ImageObject","inLanguage":"tr","@id":"https:\/\/www.purejewels.com\/#\/schema\/logo\/image\/","url":"https:\/\/static.purejewels.com\/wp-content\/uploads\/2020\/11\/Logo-PJ-New-1.png","contentUrl":"https:\/\/static.purejewels.com\/wp-content\/uploads\/2020\/11\/Logo-PJ-New-1.png","width":150,"height":80,"caption":"PureJewels UK"},"image":{"@id":"https:\/\/www.purejewels.com\/#\/schema\/logo\/image\/"}}]}},"_links":{"self":[{"href":"https:\/\/www.purejewels.com\/tr\/wp-json\/wp\/v2\/product\/3788","targetHints":{"allow":["GET"]}}],"collection":[{"href":"https:\/\/www.purejewels.com\/tr\/wp-json\/wp\/v2\/product"}],"about":[{"href":"https:\/\/www.purejewels.com\/tr\/wp-json\/wp\/v2\/types\/product"}],"replies":[{"embeddable":true,"href":"https:\/\/www.purejewels.com\/tr\/wp-json\/wp\/v2\/comments?post=3788"}],"version-history":[{"count":3,"href":"https:\/\/www.purejewels.com\/tr\/wp-json\/wp\/v2\/product\/3788\/revisions"}],"predecessor-version":[{"id":421296,"href":"https:\/\/www.purejewels.com\/tr\/wp-json\/wp\/v2\/product\/3788\/revisions\/421296"}],"wp:featuredmedia":[{"embeddable":true,"href":"https:\/\/www.purejewels.com\/tr\/wp-json\/wp\/v2\/media\/3789"}],"wp:attachment":[{"href":"https:\/\/www.purejewels.com\/tr\/wp-json\/wp\/v2\/media?parent=3788"}],"wp:term":[{"taxonomy":"product_brand","embeddable":true,"href":"https:\/\/www.purejewels.com\/tr\/wp-json\/wp\/v2\/product_brand?post=3788"},{"taxonomy":"product_cat","embeddable":true,"href":"https:\/\/www.purejewels.com\/tr\/wp-json\/wp\/v2\/product_cat?post=3788"},{"taxonomy":"product_tag","embeddable":true,"href":"https:\/\/www.purejewels.com\/tr\/wp-json\/wp\/v2\/product_tag?post=3788"}],"curies":[{"name":"wp","href":"https:\/\/api.w.org\/{rel}","templated":true}]}}