{"id":379558,"date":"2024-12-17T12:58:17","date_gmt":"2024-12-17T12:58:17","guid":{"rendered":"https:\/\/www.purejewels.com\/?post_type=product&#038;p=379558"},"modified":"2026-05-11T18:28:23","modified_gmt":"2026-05-11T17:28:23","slug":"24-ayar-altin-kolye-bas-harfi-n","status":"publish","type":"product","link":"https:\/\/www.purejewels.com\/tr\/product\/24-carat-gold-pendant-initial-n\/","title":{"rendered":"24 Ayar Alt\u0131n Ba\u015f Harfi Kolye N"},"content":{"rendered":"<p><strong>24 Ayar Alt\u0131n Ba\u015f Harfi N Kolye<\/strong><\/p>\n<p>Bireyselli\u011finizi ifade edin ve \u00f6zel anlar\u0131n\u0131z\u0131 bu zarif <strong>24 ayar alt\u0131n ba\u015f harf N kolye ucu<\/strong>.<\/p>\n<p>El yap\u0131m\u0131 <strong>saf 24 ayar alt\u0131n<\/strong> (999,99% safl\u0131kta), bu kolye ucu l\u00fcks ve zarafeti simgeleyen parlak bir \u0131\u015f\u0131lt\u0131 yayar. Zarif b\u00fcy\u00fck harfleri <strong>N tasar\u0131m<\/strong> titizlikle \u00fcretilmi\u015ftir ve m\u00fccevher koleksiyonunuza ki\u015fisel ve zamans\u0131z bir \u00e7ekicilik katar.<\/p>\n<p>\u00c7ok y\u00f6nl\u00fc ve <a href=\"https:\/\/www.purejewels.com\/tr\/product\/18ct-yellow-gold-diamond-and-peridot-necklace-18-inches-44229\/\">sofi\u0307sti\u0307ke tasarim<\/a> bunu sa\u011flar <strong><a href=\"https:\/\/www.purejewels.com\/tr\/product\/22ct-real-gold-shoe-pendant-43097\/\">alt\u0131n kolye<\/a><\/strong> 'nin e\u015fsiz parlakl\u0131\u011f\u0131n\u0131 sergilerken, g\u00fcndelik k\u0131yafetlerden resmi etkinliklere kadar her t\u00fcrl\u00fc k\u0131yafeti sorunsuz bir \u015fekilde tamamlar. <strong><a href=\"https:\/\/www.purejewels.com\/tr\/product\/24ct-gold-minted-bar-in-5grm\/\">24 ayar alt\u0131n<\/a> M\u00dcCEVHERLER<\/strong>.<\/p>\n<p><strong>Kolye Detaylar\u0131:<\/strong><\/p>\n<ul>\n<li><strong>Malzeme:<\/strong> <a href=\"https:\/\/www.purejewels.com\/tr\/product\/24-carat-gold-pendant-initial-h\/\">24 Ayar Alt\u0131n<\/a> (999.99% safl\u0131k)<\/li>\n<li><strong>Tasar\u0131m:<\/strong> B\u00fcy\u00fck harf N<\/li>\n<li><strong>A\u011f\u0131rl\u0131k:<\/strong> 1,2 - 1,3 gram<\/li>\n<li><strong>Zincir:<\/strong> Dahil de\u011fildir<\/li>\n<\/ul>\n<p><strong>Neden Bu Kolyeyi Se\u00e7melisiniz?<\/strong><\/p>\n<ul>\n<li><strong>G\u00fcnl\u00fck \u015e\u0131kl\u0131k:<\/strong> Her durum i\u00e7in m\u00fckemmel, klasik ama sade bir tasar\u0131m.<\/li>\n<li><strong>Ki\u015fiselle\u015ftirme:<\/strong> Kendinizi veya \u00f6zel birini bu zamans\u0131z alt\u0131nla kutlay\u0131n <a href=\"https:\/\/www.purejewels.com\/tr\/product\/22ct-gold-initial-f-pendant-with-cz-0-6-inches-unisex-42281\/\">ba\u015f harfli kolye ucu<\/a>.<\/li>\n<li><strong>Hediyeye Haz\u0131r:<\/strong> Do\u011fum g\u00fcnleri, y\u0131l d\u00f6n\u00fcmleri, mezuniyetler veya samimi anlar i\u00e7in d\u00fc\u015f\u00fcnceli bir se\u00e7im.<\/li>\n<\/ul>","protected":false},"excerpt":{"rendered":"<table class=\"sh_desc\">\n<tbody>\n<tr>\n<td>Kolye Tipi<\/td>\n<td>Initial Kolye Ucu<\/td>\n<\/tr>\n<tr>\n<td>SKU<\/td>\n<td>50551<\/td>\n<\/tr>\n<tr>\n<td>A\u011f\u0131rl\u0131k<\/td>\n<td>1,2-1,3 Gms<\/td>\n<\/tr>\n<tr>\n<td>Metal<\/td>\n<td>24 Ayar Alt\u0131n<\/td>\n<\/tr>\n<tr>\n<td>\u00dccretler<\/td>\n<td>Teslimat ve KDV Dahil<\/td>\n<\/tr>\n<tr>\n<td>Cinsiyet<\/td>\n<td>Unisex<\/td>\n<\/tr>\n<tr>\n<td>Paketleme<\/td>\n<td>Sunum Kutusu ile Birlikte Gelir<\/td>\n<\/tr>\n<tr>\n<td>Daha Fazla Bilgi<\/td>\n<td>\n<ul>\n<li>Zincir dahil de\u011fildir<\/li>\n<li>Zincir <strong>\u00c7apa Zinciri<\/strong><\/li>\n<li>22ct N Kolye i\u00e7in buraya t\u0131klay\u0131n<\/li>\n<li>Bu \u00fcr\u00fcn\u00fcn fiyat\u0131, mevcut alt\u0131n kuruna ba\u011fl\u0131 olarak ger\u00e7ek zamanl\u0131 olarak dalgalanmaktad\u0131r<\/li>\n<li>M\u00fcsaitlik durumu ve daha fazla resim i\u00e7in bizimle canl\u0131 sohbet edin<\/li>\n<li>Teslimat Bu \u00fcr\u00fcn \u015fu \u015fekilde teslim edilecektir\u00a0<strong>2 Hafta<\/strong><\/li>\n<\/ul>\n<\/td>\n<\/tr>\n<\/tbody>\n<\/table>","protected":false},"featured_media":379540,"comment_status":"closed","ping_status":"closed","template":"","meta":{"_eb_attr":"","_crsspst_to_jayantr4sg-hostcom":false},"product_brand":[],"product_cat":[5618,5617,1255,5598,1769,5353],"product_tag":[1836],"class_list":{"0":"post-379558","1":"product","2":"type-product","3":"status-publish","4":"has-post-thumbnail","6":"product_cat-24ct-gold","7":"product_cat-24ct-gold-jewellery","8":"product_cat-gold-pendants","9":"product_cat-initial-pendant","10":"product_cat-kids-pendants","11":"product_cat-shop-by","12":"product_tag-24ct-gold","14":"first","15":"onbackorder","16":"taxable","17":"shipping-taxable","18":"purchasable","19":"product-type-simple","20":"add-to-wishlist-before_image"},"yoast_head":"<!-- This site is optimized with the Yoast SEO plugin v27.5 - https:\/\/yoast.com\/product\/yoast-seo-wordpress\/ -->\n<title>Shop 24ct Initial Pendant online at Pendant UK<\/title>\n<meta name=\"description\" content=\"Shop 24 Carat Gold Handcrafted luxury Initial pendants in pure gold, perfect for gifting or personal style. Explore timeless elegance today!\" \/>\n<meta name=\"robots\" content=\"index, follow, max-snippet:-1, max-image-preview:large, max-video-preview:-1\" \/>\n<link rel=\"canonical\" href=\"https:\/\/www.purejewels.com\/tr\/urun\/24-ayar-altin-kolye-bas-harfi-n\/\" \/>\n<meta property=\"og:locale\" content=\"tr_TR\" \/>\n<meta property=\"og:type\" content=\"article\" \/>\n<meta property=\"og:title\" content=\"Shop 24ct Initial Pendant online at Pendant UK\" \/>\n<meta property=\"og:description\" content=\"Shop 24 Carat Gold Handcrafted luxury Initial pendants in pure gold, perfect for gifting or personal style. Explore timeless elegance today!\" \/>\n<meta property=\"og:url\" content=\"https:\/\/www.purejewels.com\/tr\/urun\/24-ayar-altin-kolye-bas-harfi-n\/\" \/>\n<meta property=\"og:site_name\" content=\"PureJewels UK\" \/>\n<meta property=\"article:modified_time\" content=\"2026-05-11T17:28:23+00:00\" \/>\n<meta property=\"og:image\" content=\"https:\/\/static.purejewels.com\/wp-content\/uploads\/2024\/12\/SKU-50345-1.png\" \/>\n\t<meta property=\"og:image:width\" content=\"1000\" \/>\n\t<meta property=\"og:image:height\" content=\"1000\" \/>\n\t<meta property=\"og:image:type\" content=\"image\/png\" \/>\n<meta name=\"twitter:card\" content=\"summary_large_image\" \/>\n<meta name=\"twitter:label1\" content=\"Tahmini okuma s\u00fcresi\" \/>\n\t<meta name=\"twitter:data1\" content=\"1 dakika\" \/>\n<script type=\"application\/ld+json\" class=\"yoast-schema-graph\">{\"@context\":\"https:\\\/\\\/schema.org\",\"@graph\":[{\"@type\":[\"WebPage\",\"ItemPage\"],\"@id\":\"https:\\\/\\\/www.purejewels.com\\\/product\\\/24-carat-gold-pendant-initial-n\\\/\",\"url\":\"https:\\\/\\\/www.purejewels.com\\\/product\\\/24-carat-gold-pendant-initial-n\\\/\",\"name\":\"Shop 24ct Initial Pendant online at Pendant UK\",\"isPartOf\":{\"@id\":\"https:\\\/\\\/www.purejewels.com\\\/#website\"},\"primaryImageOfPage\":{\"@id\":\"https:\\\/\\\/www.purejewels.com\\\/product\\\/24-carat-gold-pendant-initial-n\\\/#primaryimage\"},\"image\":{\"@id\":\"https:\\\/\\\/www.purejewels.com\\\/product\\\/24-carat-gold-pendant-initial-n\\\/#primaryimage\"},\"thumbnailUrl\":\"https:\\\/\\\/static.purejewels.com\\\/wp-content\\\/uploads\\\/2024\\\/12\\\/SKU-50345-1.png\",\"datePublished\":\"2024-12-17T12:58:17+00:00\",\"dateModified\":\"2026-05-11T17:28:23+00:00\",\"description\":\"Shop 24 Carat Gold Handcrafted luxury Initial pendants in pure gold, perfect for gifting or personal style. Explore timeless elegance today!\",\"breadcrumb\":{\"@id\":\"https:\\\/\\\/www.purejewels.com\\\/product\\\/24-carat-gold-pendant-initial-n\\\/#breadcrumb\"},\"inLanguage\":\"tr\",\"potentialAction\":[{\"@type\":\"ReadAction\",\"target\":[\"https:\\\/\\\/www.purejewels.com\\\/product\\\/24-carat-gold-pendant-initial-n\\\/\"]}]},{\"@type\":\"ImageObject\",\"inLanguage\":\"tr\",\"@id\":\"https:\\\/\\\/www.purejewels.com\\\/product\\\/24-carat-gold-pendant-initial-n\\\/#primaryimage\",\"url\":\"https:\\\/\\\/static.purejewels.com\\\/wp-content\\\/uploads\\\/2024\\\/12\\\/SKU-50345-1.png\",\"contentUrl\":\"https:\\\/\\\/static.purejewels.com\\\/wp-content\\\/uploads\\\/2024\\\/12\\\/SKU-50345-1.png\",\"width\":1000,\"height\":1000,\"caption\":\"22 Carat Gold Pendant Initial N\"},{\"@type\":\"BreadcrumbList\",\"@id\":\"https:\\\/\\\/www.purejewels.com\\\/product\\\/24-carat-gold-pendant-initial-n\\\/#breadcrumb\",\"itemListElement\":[{\"@type\":\"ListItem\",\"position\":1,\"name\":\"Home\",\"item\":\"https:\\\/\\\/www.purejewels.com\\\/\"},{\"@type\":\"ListItem\",\"position\":2,\"name\":\"Shop\",\"item\":\"https:\\\/\\\/www.purejewels.com\\\/shop\\\/\"},{\"@type\":\"ListItem\",\"position\":3,\"name\":\"24ct Gold Initial Pendant N\"}]},{\"@type\":\"WebSite\",\"@id\":\"https:\\\/\\\/www.purejewels.com\\\/#website\",\"url\":\"https:\\\/\\\/www.purejewels.com\\\/\",\"name\":\"PureJewels UK\",\"description\":\"Share the Love\",\"publisher\":{\"@id\":\"https:\\\/\\\/www.purejewels.com\\\/#organization\"},\"potentialAction\":[{\"@type\":\"SearchAction\",\"target\":{\"@type\":\"EntryPoint\",\"urlTemplate\":\"https:\\\/\\\/www.purejewels.com\\\/?s={search_term_string}\"},\"query-input\":{\"@type\":\"PropertyValueSpecification\",\"valueRequired\":true,\"valueName\":\"search_term_string\"}}],\"inLanguage\":\"tr\"},{\"@type\":\"Organization\",\"@id\":\"https:\\\/\\\/www.purejewels.com\\\/#organization\",\"name\":\"PureJewels UK\",\"url\":\"https:\\\/\\\/www.purejewels.com\\\/\",\"logo\":{\"@type\":\"ImageObject\",\"inLanguage\":\"tr\",\"@id\":\"https:\\\/\\\/www.purejewels.com\\\/#\\\/schema\\\/logo\\\/image\\\/\",\"url\":\"https:\\\/\\\/static.purejewels.com\\\/wp-content\\\/uploads\\\/2020\\\/11\\\/Logo-PJ-New-1.png\",\"contentUrl\":\"https:\\\/\\\/static.purejewels.com\\\/wp-content\\\/uploads\\\/2020\\\/11\\\/Logo-PJ-New-1.png\",\"width\":150,\"height\":80,\"caption\":\"PureJewels UK\"},\"image\":{\"@id\":\"https:\\\/\\\/www.purejewels.com\\\/#\\\/schema\\\/logo\\\/image\\\/\"}}]}<\/script>\n<!-- \/ Yoast SEO plugin. -->","yoast_head_json":{"title":"Pendant UK'de 24ct Initial Pendant online al\u0131\u015fveri\u015f yap\u0131n","description":"Hediye vermek veya ki\u015fisel tarz\u0131n\u0131z i\u00e7in m\u00fckemmel, saf alt\u0131ndan el yap\u0131m\u0131 l\u00fcks 24 Ayar Alt\u0131n Initial kolye u\u00e7lar\u0131 sat\u0131n al\u0131n. Zamans\u0131z \u015f\u0131kl\u0131\u011f\u0131 bug\u00fcn ke\u015ffedin!","robots":{"index":"index","follow":"follow","max-snippet":"max-snippet:-1","max-image-preview":"max-image-preview:large","max-video-preview":"max-video-preview:-1"},"canonical":"https:\/\/www.purejewels.com\/tr\/urun\/24-ayar-altin-kolye-bas-harfi-n\/","og_locale":"tr_TR","og_type":"article","og_title":"Shop 24ct Initial Pendant online at Pendant UK","og_description":"Shop 24 Carat Gold Handcrafted luxury Initial pendants in pure gold, perfect for gifting or personal style. Explore timeless elegance today!","og_url":"https:\/\/www.purejewels.com\/tr\/urun\/24-ayar-altin-kolye-bas-harfi-n\/","og_site_name":"PureJewels UK","article_modified_time":"2026-05-11T17:28:23+00:00","og_image":[{"width":1000,"height":1000,"url":"https:\/\/static.purejewels.com\/wp-content\/uploads\/2024\/12\/SKU-50345-1.png","type":"image\/png"}],"twitter_card":"summary_large_image","twitter_misc":{"Tahmini okuma s\u00fcresi":"1 dakika"},"schema":{"@context":"https:\/\/schema.org","@graph":[{"@type":["WebPage","ItemPage"],"@id":"https:\/\/www.purejewels.com\/product\/24-carat-gold-pendant-initial-n\/","url":"https:\/\/www.purejewels.com\/product\/24-carat-gold-pendant-initial-n\/","name":"Pendant UK'de 24ct Initial Pendant online al\u0131\u015fveri\u015f yap\u0131n","isPartOf":{"@id":"https:\/\/www.purejewels.com\/#website"},"primaryImageOfPage":{"@id":"https:\/\/www.purejewels.com\/product\/24-carat-gold-pendant-initial-n\/#primaryimage"},"image":{"@id":"https:\/\/www.purejewels.com\/product\/24-carat-gold-pendant-initial-n\/#primaryimage"},"thumbnailUrl":"https:\/\/static.purejewels.com\/wp-content\/uploads\/2024\/12\/SKU-50345-1.png","datePublished":"2024-12-17T12:58:17+00:00","dateModified":"2026-05-11T17:28:23+00:00","description":"Hediye vermek veya ki\u015fisel tarz\u0131n\u0131z i\u00e7in m\u00fckemmel, saf alt\u0131ndan el yap\u0131m\u0131 l\u00fcks 24 Ayar Alt\u0131n Initial kolye u\u00e7lar\u0131 sat\u0131n al\u0131n. Zamans\u0131z \u015f\u0131kl\u0131\u011f\u0131 bug\u00fcn ke\u015ffedin!","breadcrumb":{"@id":"https:\/\/www.purejewels.com\/product\/24-carat-gold-pendant-initial-n\/#breadcrumb"},"inLanguage":"tr","potentialAction":[{"@type":"ReadAction","target":["https:\/\/www.purejewels.com\/product\/24-carat-gold-pendant-initial-n\/"]}]},{"@type":"ImageObject","inLanguage":"tr","@id":"https:\/\/www.purejewels.com\/product\/24-carat-gold-pendant-initial-n\/#primaryimage","url":"https:\/\/static.purejewels.com\/wp-content\/uploads\/2024\/12\/SKU-50345-1.png","contentUrl":"https:\/\/static.purejewels.com\/wp-content\/uploads\/2024\/12\/SKU-50345-1.png","width":1000,"height":1000,"caption":"22 Carat Gold Pendant Initial N"},{"@type":"BreadcrumbList","@id":"https:\/\/www.purejewels.com\/product\/24-carat-gold-pendant-initial-n\/#breadcrumb","itemListElement":[{"@type":"ListItem","position":1,"name":"Home","item":"https:\/\/www.purejewels.com\/"},{"@type":"ListItem","position":2,"name":"Shop","item":"https:\/\/www.purejewels.com\/shop\/"},{"@type":"ListItem","position":3,"name":"24ct Gold Initial Pendant N"}]},{"@type":"WebSite","@id":"https:\/\/www.purejewels.com\/#website","url":"https:\/\/www.purejewels.com\/","name":"PureJewels \u0130ngiltere","description":"Sevgiyi Payla\u015f\u0131n","publisher":{"@id":"https:\/\/www.purejewels.com\/#organization"},"potentialAction":[{"@type":"SearchAction","target":{"@type":"EntryPoint","urlTemplate":"https:\/\/www.purejewels.com\/?s={search_term_string}"},"query-input":{"@type":"PropertyValueSpecification","valueRequired":true,"valueName":"search_term_string"}}],"inLanguage":"tr"},{"@type":"Organization","@id":"https:\/\/www.purejewels.com\/#organization","name":"PureJewels \u0130ngiltere","url":"https:\/\/www.purejewels.com\/","logo":{"@type":"ImageObject","inLanguage":"tr","@id":"https:\/\/www.purejewels.com\/#\/schema\/logo\/image\/","url":"https:\/\/static.purejewels.com\/wp-content\/uploads\/2020\/11\/Logo-PJ-New-1.png","contentUrl":"https:\/\/static.purejewels.com\/wp-content\/uploads\/2020\/11\/Logo-PJ-New-1.png","width":150,"height":80,"caption":"PureJewels UK"},"image":{"@id":"https:\/\/www.purejewels.com\/#\/schema\/logo\/image\/"}}]}},"_links":{"self":[{"href":"https:\/\/www.purejewels.com\/tr\/wp-json\/wp\/v2\/product\/379558","targetHints":{"allow":["GET"]}}],"collection":[{"href":"https:\/\/www.purejewels.com\/tr\/wp-json\/wp\/v2\/product"}],"about":[{"href":"https:\/\/www.purejewels.com\/tr\/wp-json\/wp\/v2\/types\/product"}],"replies":[{"embeddable":true,"href":"https:\/\/www.purejewels.com\/tr\/wp-json\/wp\/v2\/comments?post=379558"}],"version-history":[{"count":5,"href":"https:\/\/www.purejewels.com\/tr\/wp-json\/wp\/v2\/product\/379558\/revisions"}],"predecessor-version":[{"id":397079,"href":"https:\/\/www.purejewels.com\/tr\/wp-json\/wp\/v2\/product\/379558\/revisions\/397079"}],"wp:featuredmedia":[{"embeddable":true,"href":"https:\/\/www.purejewels.com\/tr\/wp-json\/wp\/v2\/media\/379540"}],"wp:attachment":[{"href":"https:\/\/www.purejewels.com\/tr\/wp-json\/wp\/v2\/media?parent=379558"}],"wp:term":[{"taxonomy":"product_brand","embeddable":true,"href":"https:\/\/www.purejewels.com\/tr\/wp-json\/wp\/v2\/product_brand?post=379558"},{"taxonomy":"product_cat","embeddable":true,"href":"https:\/\/www.purejewels.com\/tr\/wp-json\/wp\/v2\/product_cat?post=379558"},{"taxonomy":"product_tag","embeddable":true,"href":"https:\/\/www.purejewels.com\/tr\/wp-json\/wp\/v2\/product_tag?post=379558"}],"curies":[{"name":"wp","href":"https:\/\/api.w.org\/{rel}","templated":true}]}}