{"id":379579,"date":"2024-12-17T17:07:54","date_gmt":"2024-12-17T17:07:54","guid":{"rendered":"https:\/\/www.purejewels.com\/?post_type=product&#038;p=379579"},"modified":"2026-05-14T01:40:01","modified_gmt":"2026-05-14T00:40:01","slug":"24-ayar-altin-kolye-bas-harfi-h","status":"publish","type":"product","link":"https:\/\/www.purejewels.com\/tr\/product\/24-carat-gold-pendant-initial-h\/","title":{"rendered":"24 Ayar Alt\u0131n Kolye Ba\u015f Harfi H"},"content":{"rendered":"<p>H harfi \u015feklindeki 24 Ayar Alt\u0131n Ba\u015f Harfi Kolye, l\u00fcks ve zarafeti yans\u0131tan \u00e7arp\u0131c\u0131 bir m\u00fccevher par\u00e7as\u0131d\u0131r. 24 ayar alt\u0131ndan \u00fcretilen bu kolye ucu, her k\u0131yafete sofistike bir dokunu\u015f katacak zamans\u0131z ve klasik bir aksesuard\u0131r. Kolyenin a\u011f\u0131rl\u0131\u011f\u0131 yakla\u015f\u0131k 1,4-1,5 gramd\u0131r ve bu sayede hafif ve rahatt\u0131r.<\/p>\n<p>Sunum kutusuyla birlikte gelen bu unisex kolye ucu, sevdikleriniz i\u00e7in ideal bir hediye veya kendiniz i\u00e7in \u00f6zel bir ikramd\u0131r. Zincirin kolyeye dahil olmad\u0131\u011f\u0131n\u0131, ancak g\u00f6r\u00fcn\u00fcm\u00fc tamamlamak i\u00e7in ayr\u0131ca bir \u00e7apa zinciri sat\u0131n alabilece\u011finizi l\u00fctfen unutmay\u0131n.<\/p>\n<p>Daha fazla bilgi almak veya daha h\u0131zl\u0131 teslimat talep etmek i\u00e7in canl\u0131 sohbet arac\u0131l\u0131\u011f\u0131yla bizimle ileti\u015fime ge\u00e7mekten \u00e7ekinmeyin. Bu zarif H kolye alt\u0131n kolye ucu ile stilinizi bug\u00fcn y\u00fckseltin.<\/p>\n<p><strong>Kolye Detaylar\u0131:<\/strong><\/p>\n<ul>\n<li><strong>Malzeme:<\/strong> <a href=\"https:\/\/www.purejewels.com\/tr\/product\/24-carat-gold-pendant-initial-n\/\">24 Ayar Alt\u0131n<\/a> (999.99% safl\u0131k)<\/li>\n<li><strong>Tasar\u0131m:<\/strong> B\u00fcy\u00fck H harfi<\/li>\n<li><strong>A\u011f\u0131rl\u0131k:<\/strong> 1,4 - 1,5 gram<\/li>\n<li><strong>Zincir:<\/strong> Dahil de\u011fildir<\/li>\n<\/ul>","protected":false},"excerpt":{"rendered":"<table class=\"sh_desc\">\n<tbody>\n<tr>\n<td>Kolye Tipi<\/td>\n<td>Initial Kolye Ucu<\/td>\n<\/tr>\n<tr>\n<td>SKU<\/td>\n<td>50553<\/td>\n<\/tr>\n<tr>\n<td>A\u011f\u0131rl\u0131k<\/td>\n<td>1.4-1.5 Gms<\/td>\n<\/tr>\n<tr>\n<td>Metal<\/td>\n<td>24 Ayar Alt\u0131n<\/td>\n<\/tr>\n<tr>\n<td>\u00dccretler<\/td>\n<td>Teslimat ve KDV Dahil<\/td>\n<\/tr>\n<tr>\n<td>Cinsiyet<\/td>\n<td>Unisex<\/td>\n<\/tr>\n<tr>\n<td>Paketleme<\/td>\n<td>Sunum Kutusu ile Birlikte Gelir<\/td>\n<\/tr>\n<tr>\n<td>Daha Fazla Bilgi<\/td>\n<td>\n<ul>\n<li><strong>Bu \u00fcr\u00fcn\u00fcn fiyat\u0131, mevcut alt\u0131n kuruna ba\u011fl\u0131 olarak ger\u00e7ek zamanl\u0131 olarak dalgalanmaktad\u0131r<\/strong><\/li>\n<li>Zincir dahil de\u011fildir<\/li>\n<li>Zincir <strong>\u00c7apa Zinciri<\/strong><\/li>\n<li>22ct H i\u00e7in buraya t\u0131klay\u0131n <strong>Kolye<\/strong><\/li>\n<li>M\u00fcsaitlik durumu ve daha fazla resim i\u00e7in bizimle canl\u0131 sohbet edin<\/li>\n<li>Teslimat Bu \u00fcr\u00fcn \u015fu \u015fekilde teslim edilecektir\u00a0<strong>2 Hafta<\/strong><\/li>\n<\/ul>\n<\/td>\n<\/tr>\n<\/tbody>\n<\/table>","protected":false},"featured_media":379538,"comment_status":"closed","ping_status":"closed","template":"","meta":{"_eb_attr":"","_crsspst_to_jayantr4sg-hostcom":false},"product_brand":[],"product_cat":[5618,5617,1255,5598,5343,1769,5353],"product_tag":[1836],"class_list":{"0":"post-379579","1":"product","2":"type-product","3":"status-publish","4":"has-post-thumbnail","6":"product_cat-24ct-gold","7":"product_cat-24ct-gold-jewellery","8":"product_cat-gold-pendants","9":"product_cat-initial-pendant","10":"product_cat-jewellery-under-550","11":"product_cat-kids-pendants","12":"product_cat-shop-by","13":"product_tag-24ct-gold","15":"first","16":"onbackorder","17":"taxable","18":"shipping-taxable","19":"purchasable","20":"product-type-simple","21":"add-to-wishlist-before_image"},"yoast_head":"<!-- This site is optimized with the Yoast SEO plugin v27.5 - https:\/\/yoast.com\/product\/yoast-seo-wordpress\/ -->\n<title>24 Carat Gold Initial Pendant \u2013 PureJewels UK Online<\/title>\n<meta name=\"description\" content=\"Shop the 24 Carat Gold Initial Pendant &#039;H&#039; at PureJewels UK. Crafted in pure gold, this elegant pendant is perfect for personal style or gifting. Buy online today!\" \/>\n<meta name=\"robots\" content=\"index, follow, max-snippet:-1, max-image-preview:large, max-video-preview:-1\" \/>\n<link rel=\"canonical\" href=\"https:\/\/www.purejewels.com\/tr\/urun\/24-ayar-altin-kolye-bas-harfi-h\/\" \/>\n<meta property=\"og:locale\" content=\"tr_TR\" \/>\n<meta property=\"og:type\" content=\"article\" \/>\n<meta property=\"og:title\" content=\"24 Carat Gold Initial Pendant \u2013 PureJewels UK Online\" \/>\n<meta property=\"og:description\" content=\"Shop the 24 Carat Gold Initial Pendant &#039;H&#039; at PureJewels UK. Crafted in pure gold, this elegant pendant is perfect for personal style or gifting. Buy online today!\" \/>\n<meta property=\"og:url\" content=\"https:\/\/www.purejewels.com\/tr\/urun\/24-ayar-altin-kolye-bas-harfi-h\/\" \/>\n<meta property=\"og:site_name\" content=\"PureJewels UK\" \/>\n<meta property=\"article:modified_time\" content=\"2026-05-14T00:40:01+00:00\" \/>\n<meta property=\"og:image\" content=\"https:\/\/static.purejewels.com\/wp-content\/uploads\/2024\/11\/SKU-50342-1.png\" \/>\n\t<meta property=\"og:image:width\" content=\"1000\" \/>\n\t<meta property=\"og:image:height\" content=\"1000\" \/>\n\t<meta property=\"og:image:type\" content=\"image\/png\" \/>\n<meta name=\"twitter:card\" content=\"summary_large_image\" \/>\n<meta name=\"twitter:label1\" content=\"Tahmini okuma s\u00fcresi\" \/>\n\t<meta name=\"twitter:data1\" content=\"1 dakika\" \/>\n<script type=\"application\/ld+json\" class=\"yoast-schema-graph\">{\"@context\":\"https:\\\/\\\/schema.org\",\"@graph\":[{\"@type\":[\"WebPage\",\"ItemPage\"],\"@id\":\"https:\\\/\\\/www.purejewels.com\\\/product\\\/24-carat-gold-pendant-initial-h\\\/\",\"url\":\"https:\\\/\\\/www.purejewels.com\\\/product\\\/24-carat-gold-pendant-initial-h\\\/\",\"name\":\"24 Carat Gold Initial Pendant \u2013 PureJewels UK Online\",\"isPartOf\":{\"@id\":\"https:\\\/\\\/www.purejewels.com\\\/#website\"},\"primaryImageOfPage\":{\"@id\":\"https:\\\/\\\/www.purejewels.com\\\/product\\\/24-carat-gold-pendant-initial-h\\\/#primaryimage\"},\"image\":{\"@id\":\"https:\\\/\\\/www.purejewels.com\\\/product\\\/24-carat-gold-pendant-initial-h\\\/#primaryimage\"},\"thumbnailUrl\":\"https:\\\/\\\/static.purejewels.com\\\/wp-content\\\/uploads\\\/2024\\\/11\\\/SKU-50342-1.png\",\"datePublished\":\"2024-12-17T17:07:54+00:00\",\"dateModified\":\"2026-05-14T00:40:01+00:00\",\"description\":\"Shop the 24 Carat Gold Initial Pendant 'H' at PureJewels UK. Crafted in pure gold, this elegant pendant is perfect for personal style or gifting. Buy online today!\",\"breadcrumb\":{\"@id\":\"https:\\\/\\\/www.purejewels.com\\\/product\\\/24-carat-gold-pendant-initial-h\\\/#breadcrumb\"},\"inLanguage\":\"tr\",\"potentialAction\":[{\"@type\":\"ReadAction\",\"target\":[\"https:\\\/\\\/www.purejewels.com\\\/product\\\/24-carat-gold-pendant-initial-h\\\/\"]}]},{\"@type\":\"ImageObject\",\"inLanguage\":\"tr\",\"@id\":\"https:\\\/\\\/www.purejewels.com\\\/product\\\/24-carat-gold-pendant-initial-h\\\/#primaryimage\",\"url\":\"https:\\\/\\\/static.purejewels.com\\\/wp-content\\\/uploads\\\/2024\\\/11\\\/SKU-50342-1.png\",\"contentUrl\":\"https:\\\/\\\/static.purejewels.com\\\/wp-content\\\/uploads\\\/2024\\\/11\\\/SKU-50342-1.png\",\"width\":1000,\"height\":1000,\"caption\":\"H Pendant\"},{\"@type\":\"BreadcrumbList\",\"@id\":\"https:\\\/\\\/www.purejewels.com\\\/product\\\/24-carat-gold-pendant-initial-h\\\/#breadcrumb\",\"itemListElement\":[{\"@type\":\"ListItem\",\"position\":1,\"name\":\"Home\",\"item\":\"https:\\\/\\\/www.purejewels.com\\\/\"},{\"@type\":\"ListItem\",\"position\":2,\"name\":\"Shop\",\"item\":\"https:\\\/\\\/www.purejewels.com\\\/shop\\\/\"},{\"@type\":\"ListItem\",\"position\":3,\"name\":\"24 Carat Gold Pendant Initial H\"}]},{\"@type\":\"WebSite\",\"@id\":\"https:\\\/\\\/www.purejewels.com\\\/#website\",\"url\":\"https:\\\/\\\/www.purejewels.com\\\/\",\"name\":\"PureJewels UK\",\"description\":\"Share the Love\",\"publisher\":{\"@id\":\"https:\\\/\\\/www.purejewels.com\\\/#organization\"},\"potentialAction\":[{\"@type\":\"SearchAction\",\"target\":{\"@type\":\"EntryPoint\",\"urlTemplate\":\"https:\\\/\\\/www.purejewels.com\\\/?s={search_term_string}\"},\"query-input\":{\"@type\":\"PropertyValueSpecification\",\"valueRequired\":true,\"valueName\":\"search_term_string\"}}],\"inLanguage\":\"tr\"},{\"@type\":\"Organization\",\"@id\":\"https:\\\/\\\/www.purejewels.com\\\/#organization\",\"name\":\"PureJewels UK\",\"url\":\"https:\\\/\\\/www.purejewels.com\\\/\",\"logo\":{\"@type\":\"ImageObject\",\"inLanguage\":\"tr\",\"@id\":\"https:\\\/\\\/www.purejewels.com\\\/#\\\/schema\\\/logo\\\/image\\\/\",\"url\":\"https:\\\/\\\/static.purejewels.com\\\/wp-content\\\/uploads\\\/2020\\\/11\\\/Logo-PJ-New-1.png\",\"contentUrl\":\"https:\\\/\\\/static.purejewels.com\\\/wp-content\\\/uploads\\\/2020\\\/11\\\/Logo-PJ-New-1.png\",\"width\":150,\"height\":80,\"caption\":\"PureJewels UK\"},\"image\":{\"@id\":\"https:\\\/\\\/www.purejewels.com\\\/#\\\/schema\\\/logo\\\/image\\\/\"}}]}<\/script>\n<!-- \/ Yoast SEO plugin. -->","yoast_head_json":{"title":"24 Ayar Alt\u0131n Ba\u015f Harfi Kolye Ucu - PureJewels UK Online","description":"PureJewels UK'de 24 Ayar Alt\u0131n Ba\u015f Harfi Kolye 'H' \u00fcr\u00fcn\u00fcn\u00fc sat\u0131n al\u0131n. Saf alt\u0131ndan \u00fcretilen bu zarif kolye ucu, ki\u015fisel stil veya hediye i\u00e7in m\u00fckemmeldir. Bug\u00fcn online sat\u0131n al\u0131n!","robots":{"index":"index","follow":"follow","max-snippet":"max-snippet:-1","max-image-preview":"max-image-preview:large","max-video-preview":"max-video-preview:-1"},"canonical":"https:\/\/www.purejewels.com\/tr\/urun\/24-ayar-altin-kolye-bas-harfi-h\/","og_locale":"tr_TR","og_type":"article","og_title":"24 Carat Gold Initial Pendant \u2013 PureJewels UK Online","og_description":"Shop the 24 Carat Gold Initial Pendant 'H' at PureJewels UK. Crafted in pure gold, this elegant pendant is perfect for personal style or gifting. Buy online today!","og_url":"https:\/\/www.purejewels.com\/tr\/urun\/24-ayar-altin-kolye-bas-harfi-h\/","og_site_name":"PureJewels UK","article_modified_time":"2026-05-14T00:40:01+00:00","og_image":[{"width":1000,"height":1000,"url":"https:\/\/static.purejewels.com\/wp-content\/uploads\/2024\/11\/SKU-50342-1.png","type":"image\/png"}],"twitter_card":"summary_large_image","twitter_misc":{"Tahmini okuma s\u00fcresi":"1 dakika"},"schema":{"@context":"https:\/\/schema.org","@graph":[{"@type":["WebPage","ItemPage"],"@id":"https:\/\/www.purejewels.com\/product\/24-carat-gold-pendant-initial-h\/","url":"https:\/\/www.purejewels.com\/product\/24-carat-gold-pendant-initial-h\/","name":"24 Ayar Alt\u0131n Ba\u015f Harfi Kolye Ucu - PureJewels UK Online","isPartOf":{"@id":"https:\/\/www.purejewels.com\/#website"},"primaryImageOfPage":{"@id":"https:\/\/www.purejewels.com\/product\/24-carat-gold-pendant-initial-h\/#primaryimage"},"image":{"@id":"https:\/\/www.purejewels.com\/product\/24-carat-gold-pendant-initial-h\/#primaryimage"},"thumbnailUrl":"https:\/\/static.purejewels.com\/wp-content\/uploads\/2024\/11\/SKU-50342-1.png","datePublished":"2024-12-17T17:07:54+00:00","dateModified":"2026-05-14T00:40:01+00:00","description":"PureJewels UK'de 24 Ayar Alt\u0131n Ba\u015f Harfi Kolye 'H' \u00fcr\u00fcn\u00fcn\u00fc sat\u0131n al\u0131n. Saf alt\u0131ndan \u00fcretilen bu zarif kolye ucu, ki\u015fisel stil veya hediye i\u00e7in m\u00fckemmeldir. Bug\u00fcn online sat\u0131n al\u0131n!","breadcrumb":{"@id":"https:\/\/www.purejewels.com\/product\/24-carat-gold-pendant-initial-h\/#breadcrumb"},"inLanguage":"tr","potentialAction":[{"@type":"ReadAction","target":["https:\/\/www.purejewels.com\/product\/24-carat-gold-pendant-initial-h\/"]}]},{"@type":"ImageObject","inLanguage":"tr","@id":"https:\/\/www.purejewels.com\/product\/24-carat-gold-pendant-initial-h\/#primaryimage","url":"https:\/\/static.purejewels.com\/wp-content\/uploads\/2024\/11\/SKU-50342-1.png","contentUrl":"https:\/\/static.purejewels.com\/wp-content\/uploads\/2024\/11\/SKU-50342-1.png","width":1000,"height":1000,"caption":"H Pendant"},{"@type":"BreadcrumbList","@id":"https:\/\/www.purejewels.com\/product\/24-carat-gold-pendant-initial-h\/#breadcrumb","itemListElement":[{"@type":"ListItem","position":1,"name":"Home","item":"https:\/\/www.purejewels.com\/"},{"@type":"ListItem","position":2,"name":"Shop","item":"https:\/\/www.purejewels.com\/shop\/"},{"@type":"ListItem","position":3,"name":"24 Carat Gold Pendant Initial H"}]},{"@type":"WebSite","@id":"https:\/\/www.purejewels.com\/#website","url":"https:\/\/www.purejewels.com\/","name":"PureJewels \u0130ngiltere","description":"Sevgiyi Payla\u015f\u0131n","publisher":{"@id":"https:\/\/www.purejewels.com\/#organization"},"potentialAction":[{"@type":"SearchAction","target":{"@type":"EntryPoint","urlTemplate":"https:\/\/www.purejewels.com\/?s={search_term_string}"},"query-input":{"@type":"PropertyValueSpecification","valueRequired":true,"valueName":"search_term_string"}}],"inLanguage":"tr"},{"@type":"Organization","@id":"https:\/\/www.purejewels.com\/#organization","name":"PureJewels \u0130ngiltere","url":"https:\/\/www.purejewels.com\/","logo":{"@type":"ImageObject","inLanguage":"tr","@id":"https:\/\/www.purejewels.com\/#\/schema\/logo\/image\/","url":"https:\/\/static.purejewels.com\/wp-content\/uploads\/2020\/11\/Logo-PJ-New-1.png","contentUrl":"https:\/\/static.purejewels.com\/wp-content\/uploads\/2020\/11\/Logo-PJ-New-1.png","width":150,"height":80,"caption":"PureJewels UK"},"image":{"@id":"https:\/\/www.purejewels.com\/#\/schema\/logo\/image\/"}}]}},"_links":{"self":[{"href":"https:\/\/www.purejewels.com\/tr\/wp-json\/wp\/v2\/product\/379579","targetHints":{"allow":["GET"]}}],"collection":[{"href":"https:\/\/www.purejewels.com\/tr\/wp-json\/wp\/v2\/product"}],"about":[{"href":"https:\/\/www.purejewels.com\/tr\/wp-json\/wp\/v2\/types\/product"}],"replies":[{"embeddable":true,"href":"https:\/\/www.purejewels.com\/tr\/wp-json\/wp\/v2\/comments?post=379579"}],"version-history":[{"count":3,"href":"https:\/\/www.purejewels.com\/tr\/wp-json\/wp\/v2\/product\/379579\/revisions"}],"predecessor-version":[{"id":420627,"href":"https:\/\/www.purejewels.com\/tr\/wp-json\/wp\/v2\/product\/379579\/revisions\/420627"}],"wp:featuredmedia":[{"embeddable":true,"href":"https:\/\/www.purejewels.com\/tr\/wp-json\/wp\/v2\/media\/379538"}],"wp:attachment":[{"href":"https:\/\/www.purejewels.com\/tr\/wp-json\/wp\/v2\/media?parent=379579"}],"wp:term":[{"taxonomy":"product_brand","embeddable":true,"href":"https:\/\/www.purejewels.com\/tr\/wp-json\/wp\/v2\/product_brand?post=379579"},{"taxonomy":"product_cat","embeddable":true,"href":"https:\/\/www.purejewels.com\/tr\/wp-json\/wp\/v2\/product_cat?post=379579"},{"taxonomy":"product_tag","embeddable":true,"href":"https:\/\/www.purejewels.com\/tr\/wp-json\/wp\/v2\/product_tag?post=379579"}],"curies":[{"name":"wp","href":"https:\/\/api.w.org\/{rel}","templated":true}]}}