{"id":379971,"date":"2024-12-18T09:00:03","date_gmt":"2024-12-18T09:00:03","guid":{"rendered":"https:\/\/www.purejewels.com\/?post_type=product&#038;p=379971"},"modified":"2026-04-02T04:55:48","modified_gmt":"2026-04-02T03:55:48","slug":"22ct-sunrise-lotus-arabesk-erkek-yuzuk-olcusu-q-50207","status":"publish","type":"product","link":"https:\/\/www.purejewels.com\/tr\/product\/22ct-sunrise-lotus-arabesque-mens-ring-size-q-50207\/","title":{"rendered":"Inner Blossom Band"},"content":{"rendered":"<p class=\"\" data-start=\"152\" data-end=\"180\"><strong data-start=\"152\" data-end=\"180\">1. \u0130lham ve Hikaye<\/strong><\/p>\n<p class=\"\" data-start=\"182\" data-end=\"749\">\u0130\u00e7sel \u00c7i\u00e7ek Band\u0131, sevginin en temel bi\u00e7imine sessiz ve g\u00fc\u00e7l\u00fc bir \u00f6vg\u00fcd\u00fcr - s\u00fcrekli, yol g\u00f6sterici ve s\u00fcrekli b\u00fcy\u00fcyen. Bulan\u0131k sulardan y\u00fckselip \u0131\u015f\u0131lt\u0131l\u0131 bir g\u00fczellikte a\u00e7an lotus \u00e7i\u00e7e\u011finden esinlenen bu grup, destekleyen ve s\u00fcrd\u00fcren bir sevginin kal\u0131c\u0131 g\u00fcc\u00fcn\u00fc yakal\u0131yor. G\u00fcnl\u00fck anlara hitap ediyor - sabit eller, payla\u015f\u0131lan yollar, konu\u015fulmayan anlay\u0131\u015f. \u0130mza niteli\u011findeki Lotus Koleksiyonumuzun bir par\u00e7as\u0131 olan bu par\u00e7a, a\u015fk\u0131 sadece \u00e7i\u00e7ek a\u00e7arken de\u011fil, ayn\u0131 zamanda dengede de kutluyor - ortakl\u0131\u011f\u0131n, hayat\u0131n ortaya \u00e7\u0131kan yolculu\u011funda bir pusula haline geldi\u011fi yerde.<\/p>\n<p class=\"\" data-start=\"751\" data-end=\"784\"><strong data-start=\"751\" data-end=\"784\">2. Malzeme ve \u0130\u015f\u00e7ilik<\/strong><\/p>\n<p class=\"\" data-start=\"786\" data-end=\"1455\">PureJewels'in \u00f6zel 22 ayar Sunrise Alt\u0131n\u0131 kullan\u0131larak Londra'da titizlikle el i\u015f\u00e7ili\u011fiyle \u00fcretilen \u0130\u00e7 \u00c7i\u00e7ek Kordon, yumu\u015fak bir s\u0131cakl\u0131k ve zamans\u0131z bir derinlikle \u0131\u015f\u0131ld\u0131yor. Y\u00fczeyi zarif ve zariftir, ancak i\u00e7 band\u0131n i\u00e7inde gizli bir hazine yatmaktad\u0131r - i\u00e7ten \u00e7i\u00e7ek a\u00e7an g\u00fczelli\u011fe gizli bir selam olan, a\u00e7\u0131lan yapraklar\u0131 yans\u0131tan kaz\u0131nm\u0131\u015f bir arabesk motif. D\u0131\u015f kenar boyunca, Kuzey, G\u00fcney, Do\u011fu ve Bat\u0131 gibi ana noktalarda nazik\u00e7e ortaya \u00e7\u0131kan ince ta\u00e7 yapra\u011f\u0131 formlar\u0131, sevginin her y\u00f6ndeki yol g\u00f6sterici varl\u0131\u011f\u0131n\u0131 simgeliyor. Her bir k\u0131vr\u0131m, \u00e7izgi ve detay usta zanaatkarlar taraf\u0131ndan bi\u00e7im kadar anlam\u0131 da yans\u0131tacak \u015fekilde \u015fekillendirilmi\u015ftir - sadece var\u0131\u015f noktas\u0131n\u0131 de\u011fil yolculu\u011fu da onurland\u0131ran bir y\u00fcz\u00fck.<\/p>\n<p class=\"\" data-start=\"1519\" data-end=\"1538\"><strong data-start=\"1519\" data-end=\"1538\">3. \u015eekillendirme \u0130pu\u00e7lar\u0131<\/strong><\/p>\n<p class=\"\" data-start=\"1540\" data-end=\"1990\">Zarif ve zamans\u0131z Inner Blossom Erkek Kordonu, incelikte sembolizm arayanlar i\u00e7in m\u00fckemmeldir. Alyans, s\u00f6z y\u00fcz\u00fc\u011f\u00fc veya ki\u015fisel g\u00fc\u00e7 ve ba\u011fl\u0131l\u0131\u011f\u0131n g\u00fcnl\u00fck ifadesi olarak tak\u0131l\u0131r. Zarif formu sayesinde g\u00fcnl\u00fck kullan\u0131m veya \u00f6zel g\u00fcnler i\u00e7in e\u015fit derecede uygundur - a\u015fk\u0131n sessiz varl\u0131\u011f\u0131n\u0131n ve kal\u0131c\u0131 y\u00f6n\u00fcn\u00fcn anlaml\u0131 bir amblemi.<\/p>\n<p>&nbsp;<\/p>","protected":false},"excerpt":{"rendered":"<p>Cesur ve zarif Inner Blossom Erkek Kordonu, 22 ayar G\u00fcndo\u011fumu Alt\u0131n\u0131 ile klasik bir siluete sahiptir ve \u00e7i\u00e7ek a\u00e7an a\u015fk\u0131n sessiz g\u00fcc\u00fcn\u00fc yans\u0131tan heykelsi bir g\u00fc\u00e7 ve dinginlik sembol\u00fcd\u00fcr.<\/p>\n<p><strong>Malzeme:<\/strong> 22 Ayar G\u00fcndo\u011fumu Alt\u0131n<strong><br \/>\nHallmark: <\/strong>\u0130ngiliz Damgas\u0131<strong><br \/>\n<\/strong><strong>Br\u00fct A\u011f\u0131rl\u0131k:\u00a0 <\/strong>12.1 Gms<strong><br \/>\nY\u00fcz\u00fck \u00d6l\u00e7\u00fcs\u00fc: <\/strong>Q<br \/>\n<strong>Geni\u015flik : <\/strong>6mm<br \/>\n<strong>SKU: <\/strong>50207<\/p>\n<p><strong>Fiyat ve Teslimat: <\/strong>KDV ve teslimat \u00fccretleri dahil<strong><br \/>\n<strong>Not: <\/strong><\/strong>Bu y\u00fcz\u00fck t\u00fcm parmak \u00f6l\u00e7\u00fclerinde mevcuttur. L\u00fctfen <strong id=\"btn_TawkLink\">\u0130leti\u015fime ge\u00e7in <\/strong>size en uygun olan\u0131 sipari\u015f etmek i\u00e7in.<strong><br \/>\n<a href=\"https:\/\/www.purejewels.com\/tr\/i%cc%87ade-poli%cc%87ti%cc%87kasi\/\">\u0130ade Politikas\u0131<\/a><\/strong><\/p>","protected":false},"featured_media":391860,"comment_status":"closed","ping_status":"closed","template":"","meta":{"_eb_attr":"","_crsspst_to_jayantr4sg-hostcom":false},"product_brand":[],"product_cat":[1640,5756,1784,1229,1235,1633,6050,1572,1786,229,1573,226],"product_tag":[],"class_list":{"0":"post-379971","1":"product","2":"type-product","3":"status-publish","4":"has-post-thumbnail","6":"product_cat-22ct-gold-bands","7":"product_cat-22ct-sunrise-gold-bands","8":"product_cat-gents-rings","9":"product_cat-22ct-gold-jewellery","10":"product_cat-gold-rings","11":"product_cat-lotus-collections","12":"product_cat-lotus-ring","13":"product_cat-mens-jewellery","14":"product_cat-occasional-wear-rings","15":"product_cat-wedding-bands","16":"product_cat-wedding-gifts","17":"product_cat-wedding-rings-bands","19":"first","20":"instock","21":"taxable","22":"shipping-taxable","23":"purchasable","24":"product-type-simple","25":"add-to-wishlist-before_image"},"yoast_head":"<!-- This site is optimized with the Yoast SEO plugin v27.5 - https:\/\/yoast.com\/product\/yoast-seo-wordpress\/ -->\n<title>22ct Sunrise Lotus Arabesque Men&#039;s Ring online at PureJewels UK<\/title>\n<meta name=\"description\" content=\"Elevate your jewelry collection with the Lotus Collection 22ct Sunrise Lotus Arabesque Men&#039;s Ring, available exclusively at PureJewels UK Online.\" \/>\n<meta name=\"robots\" content=\"index, follow, max-snippet:-1, max-image-preview:large, max-video-preview:-1\" \/>\n<link rel=\"canonical\" href=\"https:\/\/www.purejewels.com\/tr\/urun\/22ct-sunrise-lotus-arabesk-erkek-yuzuk-olcusu-q-50207\/\" \/>\n<meta property=\"og:locale\" content=\"tr_TR\" \/>\n<meta property=\"og:type\" content=\"article\" \/>\n<meta property=\"og:title\" content=\"22ct Sunrise Lotus Arabesque Men&#039;s Ring online at PureJewels UK\" \/>\n<meta property=\"og:description\" content=\"Elevate your jewelry collection with the Lotus Collection 22ct Sunrise Lotus Arabesque Men&#039;s Ring, available exclusively at PureJewels UK Online.\" \/>\n<meta property=\"og:url\" content=\"https:\/\/www.purejewels.com\/tr\/urun\/22ct-sunrise-lotus-arabesk-erkek-yuzuk-olcusu-q-50207\/\" \/>\n<meta property=\"og:site_name\" content=\"PureJewels UK\" \/>\n<meta property=\"article:modified_time\" content=\"2026-04-02T03:55:48+00:00\" \/>\n<meta property=\"og:image\" content=\"https:\/\/static.purejewels.com\/wp-content\/uploads\/2024\/12\/sku-50207_2-1.png\" \/>\n\t<meta property=\"og:image:width\" content=\"1000\" \/>\n\t<meta property=\"og:image:height\" content=\"1000\" \/>\n\t<meta property=\"og:image:type\" content=\"image\/png\" \/>\n<meta name=\"twitter:card\" content=\"summary_large_image\" \/>\n<meta name=\"twitter:label1\" content=\"Tahmini okuma s\u00fcresi\" \/>\n\t<meta name=\"twitter:data1\" content=\"2 dakika\" \/>\n<script type=\"application\/ld+json\" class=\"yoast-schema-graph\">{\"@context\":\"https:\\\/\\\/schema.org\",\"@graph\":[{\"@type\":[\"WebPage\",\"ItemPage\"],\"@id\":\"https:\\\/\\\/www.purejewels.com\\\/product\\\/22ct-sunrise-lotus-arabesque-mens-ring-size-q-50207\\\/\",\"url\":\"https:\\\/\\\/www.purejewels.com\\\/product\\\/22ct-sunrise-lotus-arabesque-mens-ring-size-q-50207\\\/\",\"name\":\"22ct Sunrise Lotus Arabesque Men's Ring online at PureJewels UK\",\"isPartOf\":{\"@id\":\"https:\\\/\\\/www.purejewels.com\\\/#website\"},\"primaryImageOfPage\":{\"@id\":\"https:\\\/\\\/www.purejewels.com\\\/product\\\/22ct-sunrise-lotus-arabesque-mens-ring-size-q-50207\\\/#primaryimage\"},\"image\":{\"@id\":\"https:\\\/\\\/www.purejewels.com\\\/product\\\/22ct-sunrise-lotus-arabesque-mens-ring-size-q-50207\\\/#primaryimage\"},\"thumbnailUrl\":\"https:\\\/\\\/static.purejewels.com\\\/wp-content\\\/uploads\\\/2024\\\/12\\\/sku-50207_2-1.png\",\"datePublished\":\"2024-12-18T09:00:03+00:00\",\"dateModified\":\"2026-04-02T03:55:48+00:00\",\"description\":\"Elevate your jewelry collection with the Lotus Collection 22ct Sunrise Lotus Arabesque Men's Ring, available exclusively at PureJewels UK Online.\",\"breadcrumb\":{\"@id\":\"https:\\\/\\\/www.purejewels.com\\\/product\\\/22ct-sunrise-lotus-arabesque-mens-ring-size-q-50207\\\/#breadcrumb\"},\"inLanguage\":\"tr\",\"potentialAction\":[{\"@type\":\"ReadAction\",\"target\":[\"https:\\\/\\\/www.purejewels.com\\\/product\\\/22ct-sunrise-lotus-arabesque-mens-ring-size-q-50207\\\/\"]}]},{\"@type\":\"ImageObject\",\"inLanguage\":\"tr\",\"@id\":\"https:\\\/\\\/www.purejewels.com\\\/product\\\/22ct-sunrise-lotus-arabesque-mens-ring-size-q-50207\\\/#primaryimage\",\"url\":\"https:\\\/\\\/static.purejewels.com\\\/wp-content\\\/uploads\\\/2024\\\/12\\\/sku-50207_2-1.png\",\"contentUrl\":\"https:\\\/\\\/static.purejewels.com\\\/wp-content\\\/uploads\\\/2024\\\/12\\\/sku-50207_2-1.png\",\"width\":1000,\"height\":1000,\"caption\":\"Inner Blossom Band\"},{\"@type\":\"BreadcrumbList\",\"@id\":\"https:\\\/\\\/www.purejewels.com\\\/product\\\/22ct-sunrise-lotus-arabesque-mens-ring-size-q-50207\\\/#breadcrumb\",\"itemListElement\":[{\"@type\":\"ListItem\",\"position\":1,\"name\":\"Home\",\"item\":\"https:\\\/\\\/www.purejewels.com\\\/\"},{\"@type\":\"ListItem\",\"position\":2,\"name\":\"Shop\",\"item\":\"https:\\\/\\\/www.purejewels.com\\\/shop\\\/\"},{\"@type\":\"ListItem\",\"position\":3,\"name\":\"Inner Blossom Band\"}]},{\"@type\":\"WebSite\",\"@id\":\"https:\\\/\\\/www.purejewels.com\\\/#website\",\"url\":\"https:\\\/\\\/www.purejewels.com\\\/\",\"name\":\"PureJewels UK\",\"description\":\"Share the Love\",\"publisher\":{\"@id\":\"https:\\\/\\\/www.purejewels.com\\\/#organization\"},\"potentialAction\":[{\"@type\":\"SearchAction\",\"target\":{\"@type\":\"EntryPoint\",\"urlTemplate\":\"https:\\\/\\\/www.purejewels.com\\\/?s={search_term_string}\"},\"query-input\":{\"@type\":\"PropertyValueSpecification\",\"valueRequired\":true,\"valueName\":\"search_term_string\"}}],\"inLanguage\":\"tr\"},{\"@type\":\"Organization\",\"@id\":\"https:\\\/\\\/www.purejewels.com\\\/#organization\",\"name\":\"PureJewels UK\",\"url\":\"https:\\\/\\\/www.purejewels.com\\\/\",\"logo\":{\"@type\":\"ImageObject\",\"inLanguage\":\"tr\",\"@id\":\"https:\\\/\\\/www.purejewels.com\\\/#\\\/schema\\\/logo\\\/image\\\/\",\"url\":\"https:\\\/\\\/static.purejewels.com\\\/wp-content\\\/uploads\\\/2020\\\/11\\\/Logo-PJ-New-1.png\",\"contentUrl\":\"https:\\\/\\\/static.purejewels.com\\\/wp-content\\\/uploads\\\/2020\\\/11\\\/Logo-PJ-New-1.png\",\"width\":150,\"height\":80,\"caption\":\"PureJewels UK\"},\"image\":{\"@id\":\"https:\\\/\\\/www.purejewels.com\\\/#\\\/schema\\\/logo\\\/image\\\/\"}}]}<\/script>\n<!-- \/ Yoast SEO plugin. -->","yoast_head_json":{"title":"22ct Sunrise Lotus Arabesk Erkek Y\u00fcz\u00fck PureJewels UK'de online","description":"Sadece PureJewels UK Online'da bulunan Lotus Collection 22ct Sunrise Lotus Arabesque Erkek Y\u00fcz\u00fck ile m\u00fccevher koleksiyonunuzu y\u00fckseltin.","robots":{"index":"index","follow":"follow","max-snippet":"max-snippet:-1","max-image-preview":"max-image-preview:large","max-video-preview":"max-video-preview:-1"},"canonical":"https:\/\/www.purejewels.com\/tr\/urun\/22ct-sunrise-lotus-arabesk-erkek-yuzuk-olcusu-q-50207\/","og_locale":"tr_TR","og_type":"article","og_title":"22ct Sunrise Lotus Arabesque Men's Ring online at PureJewels UK","og_description":"Elevate your jewelry collection with the Lotus Collection 22ct Sunrise Lotus Arabesque Men's Ring, available exclusively at PureJewels UK Online.","og_url":"https:\/\/www.purejewels.com\/tr\/urun\/22ct-sunrise-lotus-arabesk-erkek-yuzuk-olcusu-q-50207\/","og_site_name":"PureJewels UK","article_modified_time":"2026-04-02T03:55:48+00:00","og_image":[{"width":1000,"height":1000,"url":"https:\/\/static.purejewels.com\/wp-content\/uploads\/2024\/12\/sku-50207_2-1.png","type":"image\/png"}],"twitter_card":"summary_large_image","twitter_misc":{"Tahmini okuma s\u00fcresi":"2 dakika"},"schema":{"@context":"https:\/\/schema.org","@graph":[{"@type":["WebPage","ItemPage"],"@id":"https:\/\/www.purejewels.com\/product\/22ct-sunrise-lotus-arabesque-mens-ring-size-q-50207\/","url":"https:\/\/www.purejewels.com\/product\/22ct-sunrise-lotus-arabesque-mens-ring-size-q-50207\/","name":"22ct Sunrise Lotus Arabesk Erkek Y\u00fcz\u00fck PureJewels UK'de online","isPartOf":{"@id":"https:\/\/www.purejewels.com\/#website"},"primaryImageOfPage":{"@id":"https:\/\/www.purejewels.com\/product\/22ct-sunrise-lotus-arabesque-mens-ring-size-q-50207\/#primaryimage"},"image":{"@id":"https:\/\/www.purejewels.com\/product\/22ct-sunrise-lotus-arabesque-mens-ring-size-q-50207\/#primaryimage"},"thumbnailUrl":"https:\/\/static.purejewels.com\/wp-content\/uploads\/2024\/12\/sku-50207_2-1.png","datePublished":"2024-12-18T09:00:03+00:00","dateModified":"2026-04-02T03:55:48+00:00","description":"Sadece PureJewels UK Online'da bulunan Lotus Collection 22ct Sunrise Lotus Arabesque Erkek Y\u00fcz\u00fck ile m\u00fccevher koleksiyonunuzu y\u00fckseltin.","breadcrumb":{"@id":"https:\/\/www.purejewels.com\/product\/22ct-sunrise-lotus-arabesque-mens-ring-size-q-50207\/#breadcrumb"},"inLanguage":"tr","potentialAction":[{"@type":"ReadAction","target":["https:\/\/www.purejewels.com\/product\/22ct-sunrise-lotus-arabesque-mens-ring-size-q-50207\/"]}]},{"@type":"ImageObject","inLanguage":"tr","@id":"https:\/\/www.purejewels.com\/product\/22ct-sunrise-lotus-arabesque-mens-ring-size-q-50207\/#primaryimage","url":"https:\/\/static.purejewels.com\/wp-content\/uploads\/2024\/12\/sku-50207_2-1.png","contentUrl":"https:\/\/static.purejewels.com\/wp-content\/uploads\/2024\/12\/sku-50207_2-1.png","width":1000,"height":1000,"caption":"Inner Blossom Band"},{"@type":"BreadcrumbList","@id":"https:\/\/www.purejewels.com\/product\/22ct-sunrise-lotus-arabesque-mens-ring-size-q-50207\/#breadcrumb","itemListElement":[{"@type":"ListItem","position":1,"name":"Home","item":"https:\/\/www.purejewels.com\/"},{"@type":"ListItem","position":2,"name":"Shop","item":"https:\/\/www.purejewels.com\/shop\/"},{"@type":"ListItem","position":3,"name":"Inner Blossom Band"}]},{"@type":"WebSite","@id":"https:\/\/www.purejewels.com\/#website","url":"https:\/\/www.purejewels.com\/","name":"PureJewels \u0130ngiltere","description":"Sevgiyi Payla\u015f\u0131n","publisher":{"@id":"https:\/\/www.purejewels.com\/#organization"},"potentialAction":[{"@type":"SearchAction","target":{"@type":"EntryPoint","urlTemplate":"https:\/\/www.purejewels.com\/?s={search_term_string}"},"query-input":{"@type":"PropertyValueSpecification","valueRequired":true,"valueName":"search_term_string"}}],"inLanguage":"tr"},{"@type":"Organization","@id":"https:\/\/www.purejewels.com\/#organization","name":"PureJewels \u0130ngiltere","url":"https:\/\/www.purejewels.com\/","logo":{"@type":"ImageObject","inLanguage":"tr","@id":"https:\/\/www.purejewels.com\/#\/schema\/logo\/image\/","url":"https:\/\/static.purejewels.com\/wp-content\/uploads\/2020\/11\/Logo-PJ-New-1.png","contentUrl":"https:\/\/static.purejewels.com\/wp-content\/uploads\/2020\/11\/Logo-PJ-New-1.png","width":150,"height":80,"caption":"PureJewels UK"},"image":{"@id":"https:\/\/www.purejewels.com\/#\/schema\/logo\/image\/"}}]}},"_links":{"self":[{"href":"https:\/\/www.purejewels.com\/tr\/wp-json\/wp\/v2\/product\/379971","targetHints":{"allow":["GET"]}}],"collection":[{"href":"https:\/\/www.purejewels.com\/tr\/wp-json\/wp\/v2\/product"}],"about":[{"href":"https:\/\/www.purejewels.com\/tr\/wp-json\/wp\/v2\/types\/product"}],"replies":[{"embeddable":true,"href":"https:\/\/www.purejewels.com\/tr\/wp-json\/wp\/v2\/comments?post=379971"}],"version-history":[{"count":4,"href":"https:\/\/www.purejewels.com\/tr\/wp-json\/wp\/v2\/product\/379971\/revisions"}],"predecessor-version":[{"id":392343,"href":"https:\/\/www.purejewels.com\/tr\/wp-json\/wp\/v2\/product\/379971\/revisions\/392343"}],"wp:featuredmedia":[{"embeddable":true,"href":"https:\/\/www.purejewels.com\/tr\/wp-json\/wp\/v2\/media\/391860"}],"wp:attachment":[{"href":"https:\/\/www.purejewels.com\/tr\/wp-json\/wp\/v2\/media?parent=379971"}],"wp:term":[{"taxonomy":"product_brand","embeddable":true,"href":"https:\/\/www.purejewels.com\/tr\/wp-json\/wp\/v2\/product_brand?post=379971"},{"taxonomy":"product_cat","embeddable":true,"href":"https:\/\/www.purejewels.com\/tr\/wp-json\/wp\/v2\/product_cat?post=379971"},{"taxonomy":"product_tag","embeddable":true,"href":"https:\/\/www.purejewels.com\/tr\/wp-json\/wp\/v2\/product_tag?post=379971"}],"curies":[{"name":"wp","href":"https:\/\/api.w.org\/{rel}","templated":true}]}}