{"id":380358,"date":"2025-04-23T12:46:45","date_gmt":"2025-04-23T11:46:45","guid":{"rendered":"https:\/\/www.purejewels.com\/?post_type=product&#038;p=380358"},"modified":"2026-05-07T11:26:09","modified_gmt":"2026-05-07T10:26:09","slug":"22-ayar-altin-dhwani-koleksiyonu-damla-kupe-48218","status":"publish","type":"product","link":"https:\/\/www.purejewels.com\/tr\/product\/22ct-gold-gold-dhwani-collection-drop-earring-48218\/","title":{"rendered":"22 Ayar Alt\u0131n Dhwani Koleksiyonu Damla K\u00fcpe"},"content":{"rendered":"<div class=\"ewa-rteLine\"><strong>\u0130lham ve Hikaye<\/strong><\/div>\n<div class=\"ewa-rteLine\">Tap\u0131nak \u00e7anlar\u0131n\u0131n saf tonlar\u0131ndan esinlenen bu \u00e7anlar, yat\u0131\u015ft\u0131r\u0131c\u0131 bir s\u00fck\u00fbnet ve g\u00fc\u00e7 hissi vererek sizi her sallan\u0131\u015fta huzurun titre\u015fimlerini hissetmeye davet eder. Sizi fark\u0131ndal\u0131kla topraklayan bu \u00e7anlar, her an\u0131n\u0131zda size e\u015flik etmek \u00fczere tasarlanm\u0131\u015f, denge ve i\u00e7 huzurla ruhani bir ba\u011flant\u0131d\u0131r.<\/div>\n<div class=\"ewa-rteLine\"><\/div>\n<div class=\"ewa-rteLine\"><strong>Malzeme ve <a href=\"https:\/\/www.purejewels.com\/tr\/a-guide-to-die-stamping\/\">Zanaatkarl\u0131k<\/a><\/strong><\/div>\n<div class=\"ewa-rteLine\">\u0130mzam\u0131zdan \u00fcretilmi\u015ftir <a href=\"https:\/\/www.purejewels.com\/tr\/product\/22ct-gold-jali-filigree-ring-jali-collection-31926\/\">22ct<\/a> Sunrise Gold, bu k\u00fcpeler dayan\u0131kl\u0131l\u0131k ve yumu\u015fakl\u0131k sa\u011flayan rafine bir d\u00f6vme ala\u015f\u0131m tekni\u011fine sahiptir. Minimum \u0131s\u0131 ve hassas i\u015f\u00e7ili\u011fin dikkatli dengesi, alt\u0131n\u0131n do\u011fal s\u0131cakl\u0131\u011f\u0131n\u0131 korumas\u0131n\u0131 sa\u011flayarak hem gelene\u011fi hem de yenili\u011fi kutlayan bir par\u00e7a ortaya \u00e7\u0131kar\u0131yor. Her k\u0131vr\u0131m ve \u00e7izgi, ince kuyumcular\u0131n sanat\u0131n\u0131 yans\u0131tarak ola\u011fan\u00fcst\u00fc bir tasar\u0131m yarat\u0131yor.<\/div>\n<div class=\"ewa-rteLine\"><\/div>\n<div class=\"ewa-rteLine\"><strong>Stil \u0130pu\u00e7lar\u0131<\/strong><\/div>\n<div class=\"ewa-rteLine\">Onlar\u0131 bir <a href=\"https:\/\/www.purejewels.com\/tr\/product\/holy-cross-gold-pendant-44713\/\">22 Ayar Alt\u0131n<\/a> Zarif bir g\u00f6r\u00fcn\u00fcm i\u00e7in Dhwani Koleksiyonu'ndan bir bilezik al\u0131n ya da tek ba\u015f\u0131n\u0131za g\u00f6steri\u015f yap\u0131n. \u0130ster bir i\u015f sunumu i\u00e7in giyiniyor olun, ister bir aile toplant\u0131s\u0131na kat\u0131l\u0131n veya arkada\u015flar\u0131n\u0131zla d\u0131\u015far\u0131da bir g\u00fcn\u00fcn tad\u0131n\u0131 \u00e7\u0131kar\u0131n, minimalist tasar\u0131mlar\u0131 onlar\u0131 her durum i\u00e7in yeterince \u00e7ok y\u00f6nl\u00fc hale getirir.<\/div>","protected":false},"excerpt":{"rendered":"<div class=\"woocommerce-product-details__short-description\">\n<table class=\"sh_desc\">\n<tbody>\n<tr>\n<td>K\u00fcpe Tipi<\/td>\n<td>Damla K\u00fcpe<\/td>\n<\/tr>\n<tr>\n<td>SKU<\/td>\n<td>48218<\/td>\n<\/tr>\n<tr>\n<td>A\u011f\u0131rl\u0131k<\/td>\n<td>\u00a02.7 Gms<\/td>\n<\/tr>\n<tr>\n<td>Geni\u015flik<\/td>\n<td>8mm<\/td>\n<\/tr>\n<tr>\n<td>Koleksiyon<\/td>\n<td>Dhwani Koleksiyonu<\/td>\n<\/tr>\n<tr>\n<td>Metal<\/td>\n<td>22 Ayar Alt\u0131n<\/td>\n<\/tr>\n<tr>\n<td>\u00dccretler<\/td>\n<td>Teslimat ve KDV Dahil<\/td>\n<\/tr>\n<tr>\n<td>Paketleme<\/td>\n<td>Sunum Kutusu ile Birlikte Gelir<\/td>\n<\/tr>\n<tr>\n<td>Daha Fazla Bilgi<\/td>\n<td>M\u00fcsaitlik durumu ve daha fazla resim i\u00e7in bizimle canl\u0131 sohbet edin<\/td>\n<\/tr>\n<\/tbody>\n<\/table>\n<\/div>","protected":false},"featured_media":380379,"comment_status":"closed","ping_status":"closed","template":"","meta":{"_eb_attr":"","_crsspst_to_jayantr4sg-hostcom":false},"product_brand":[],"product_cat":[1559,236,5633,6182,1793,1685,1792,1790,1254,1229,5344,5347,1570,5338,5353,1575,1569,1574,5349],"product_tag":[],"class_list":{"0":"post-380358","1":"product","2":"type-product","3":"status-publish","4":"has-post-thumbnail","6":"product_cat-birthday-gifts","7":"product_cat-collections","8":"product_cat-dhwani-collection","9":"product_cat-dhwani-earring","10":"product_cat-diwali-gifts","11":"product_cat-drop-earrings","12":"product_cat-festival-gifts","13":"product_cat-for-whom-when","14":"product_cat-gold-earrings","15":"product_cat-22ct-gold-jewellery","16":"product_cat-jewellery-under-750","17":"product_cat-shop-by-metal","18":"product_cat-mothers-day-gifts","19":"product_cat-shop-by-price","20":"product_cat-shop-by","21":"product_cat-teenage-jewellery","22":"product_cat-valentine-day-gifts","23":"product_cat-womens-jewellery","24":"product_cat-yellow-gold-jewellery","26":"first","27":"instock","28":"taxable","29":"shipping-taxable","30":"purchasable","31":"product-type-simple","32":"add-to-wishlist-before_image"},"yoast_head":"<!-- This site is optimized with the Yoast SEO plugin v27.5 - https:\/\/yoast.com\/product\/yoast-seo-wordpress\/ -->\n<title>22ct Sunrise Gold | Dhwani collection Drop Earring | PureJewels<\/title>\n<meta name=\"description\" content=\"Embrace the symphony of sound with our exquisite 22ct Sunrise Gold Dhwani Collection drop Earrings. Shop this drop erring online today! Free delivery in UK.\" \/>\n<meta name=\"robots\" content=\"index, follow, max-snippet:-1, max-image-preview:large, max-video-preview:-1\" \/>\n<link rel=\"canonical\" href=\"https:\/\/www.purejewels.com\/tr\/urun\/22-ayar-altin-dhwani-koleksiyonu-damla-kupe-48218\/\" \/>\n<meta property=\"og:locale\" content=\"tr_TR\" \/>\n<meta property=\"og:type\" content=\"article\" \/>\n<meta property=\"og:title\" content=\"22ct Sunrise Gold | Dhwani collection Drop Earring | PureJewels\" \/>\n<meta property=\"og:description\" content=\"Embrace the symphony of sound with our exquisite 22ct Sunrise Gold Dhwani Collection drop Earrings. Shop this drop erring online today! Free delivery in UK.\" \/>\n<meta property=\"og:url\" content=\"https:\/\/www.purejewels.com\/tr\/urun\/22-ayar-altin-dhwani-koleksiyonu-damla-kupe-48218\/\" \/>\n<meta property=\"og:site_name\" content=\"PureJewels UK\" \/>\n<meta property=\"article:modified_time\" content=\"2026-05-07T10:26:09+00:00\" \/>\n<meta property=\"og:image\" content=\"https:\/\/static.purejewels.com\/wp-content\/uploads\/2024\/12\/48218.png\" \/>\n\t<meta property=\"og:image:width\" content=\"1000\" \/>\n\t<meta property=\"og:image:height\" content=\"1000\" \/>\n\t<meta property=\"og:image:type\" content=\"image\/png\" \/>\n<meta name=\"twitter:card\" content=\"summary_large_image\" \/>\n<meta name=\"twitter:label1\" content=\"Tahmini okuma s\u00fcresi\" \/>\n\t<meta name=\"twitter:data1\" content=\"1 dakika\" \/>\n<script type=\"application\/ld+json\" class=\"yoast-schema-graph\">{\"@context\":\"https:\\\/\\\/schema.org\",\"@graph\":[{\"@type\":[\"WebPage\",\"ItemPage\"],\"@id\":\"https:\\\/\\\/www.purejewels.com\\\/product\\\/22ct-gold-gold-dhwani-collection-drop-earring-48218\\\/\",\"url\":\"https:\\\/\\\/www.purejewels.com\\\/product\\\/22ct-gold-gold-dhwani-collection-drop-earring-48218\\\/\",\"name\":\"22ct Sunrise Gold | Dhwani collection Drop Earring | PureJewels\",\"isPartOf\":{\"@id\":\"https:\\\/\\\/www.purejewels.com\\\/#website\"},\"primaryImageOfPage\":{\"@id\":\"https:\\\/\\\/www.purejewels.com\\\/product\\\/22ct-gold-gold-dhwani-collection-drop-earring-48218\\\/#primaryimage\"},\"image\":{\"@id\":\"https:\\\/\\\/www.purejewels.com\\\/product\\\/22ct-gold-gold-dhwani-collection-drop-earring-48218\\\/#primaryimage\"},\"thumbnailUrl\":\"https:\\\/\\\/static.purejewels.com\\\/wp-content\\\/uploads\\\/2024\\\/12\\\/48218.png\",\"datePublished\":\"2025-04-23T11:46:45+00:00\",\"dateModified\":\"2026-05-07T10:26:09+00:00\",\"description\":\"Embrace the symphony of sound with our exquisite 22ct Sunrise Gold Dhwani Collection drop Earrings. Shop this drop erring online today! Free delivery in UK.\",\"breadcrumb\":{\"@id\":\"https:\\\/\\\/www.purejewels.com\\\/product\\\/22ct-gold-gold-dhwani-collection-drop-earring-48218\\\/#breadcrumb\"},\"inLanguage\":\"tr\",\"potentialAction\":[{\"@type\":\"ReadAction\",\"target\":[\"https:\\\/\\\/www.purejewels.com\\\/product\\\/22ct-gold-gold-dhwani-collection-drop-earring-48218\\\/\"]}]},{\"@type\":\"ImageObject\",\"inLanguage\":\"tr\",\"@id\":\"https:\\\/\\\/www.purejewels.com\\\/product\\\/22ct-gold-gold-dhwani-collection-drop-earring-48218\\\/#primaryimage\",\"url\":\"https:\\\/\\\/static.purejewels.com\\\/wp-content\\\/uploads\\\/2024\\\/12\\\/48218.png\",\"contentUrl\":\"https:\\\/\\\/static.purejewels.com\\\/wp-content\\\/uploads\\\/2024\\\/12\\\/48218.png\",\"width\":1000,\"height\":1000,\"caption\":\"22ct Gold Earring\"},{\"@type\":\"BreadcrumbList\",\"@id\":\"https:\\\/\\\/www.purejewels.com\\\/product\\\/22ct-gold-gold-dhwani-collection-drop-earring-48218\\\/#breadcrumb\",\"itemListElement\":[{\"@type\":\"ListItem\",\"position\":1,\"name\":\"Home\",\"item\":\"https:\\\/\\\/www.purejewels.com\\\/\"},{\"@type\":\"ListItem\",\"position\":2,\"name\":\"Shop\",\"item\":\"https:\\\/\\\/www.purejewels.com\\\/shop\\\/\"},{\"@type\":\"ListItem\",\"position\":3,\"name\":\"22ct Gold Dhwani Collection Drop Earring\"}]},{\"@type\":\"WebSite\",\"@id\":\"https:\\\/\\\/www.purejewels.com\\\/#website\",\"url\":\"https:\\\/\\\/www.purejewels.com\\\/\",\"name\":\"PureJewels UK\",\"description\":\"Share the Love\",\"publisher\":{\"@id\":\"https:\\\/\\\/www.purejewels.com\\\/#organization\"},\"potentialAction\":[{\"@type\":\"SearchAction\",\"target\":{\"@type\":\"EntryPoint\",\"urlTemplate\":\"https:\\\/\\\/www.purejewels.com\\\/?s={search_term_string}\"},\"query-input\":{\"@type\":\"PropertyValueSpecification\",\"valueRequired\":true,\"valueName\":\"search_term_string\"}}],\"inLanguage\":\"tr\"},{\"@type\":\"Organization\",\"@id\":\"https:\\\/\\\/www.purejewels.com\\\/#organization\",\"name\":\"PureJewels UK\",\"url\":\"https:\\\/\\\/www.purejewels.com\\\/\",\"logo\":{\"@type\":\"ImageObject\",\"inLanguage\":\"tr\",\"@id\":\"https:\\\/\\\/www.purejewels.com\\\/#\\\/schema\\\/logo\\\/image\\\/\",\"url\":\"https:\\\/\\\/static.purejewels.com\\\/wp-content\\\/uploads\\\/2020\\\/11\\\/Logo-PJ-New-1.png\",\"contentUrl\":\"https:\\\/\\\/static.purejewels.com\\\/wp-content\\\/uploads\\\/2020\\\/11\\\/Logo-PJ-New-1.png\",\"width\":150,\"height\":80,\"caption\":\"PureJewels UK\"},\"image\":{\"@id\":\"https:\\\/\\\/www.purejewels.com\\\/#\\\/schema\\\/logo\\\/image\\\/\"}}]}<\/script>\n<!-- \/ Yoast SEO plugin. -->","yoast_head_json":{"title":"22 Ayar G\u00fcndo\u011fumu Alt\u0131n | Dhwani Koleksiyonu Damla K\u00fcpe | PureJewels","description":"Enfes 22 ayar Sunrise Alt\u0131n Dhwani Koleksiyonu damla k\u00fcpelerimizle ses senfonisini kucaklay\u0131n. Bu damla k\u00fcpeyi bug\u00fcn online sat\u0131n al\u0131n! \u0130ngiltere'de \u00fccretsiz teslimat.","robots":{"index":"index","follow":"follow","max-snippet":"max-snippet:-1","max-image-preview":"max-image-preview:large","max-video-preview":"max-video-preview:-1"},"canonical":"https:\/\/www.purejewels.com\/tr\/urun\/22-ayar-altin-dhwani-koleksiyonu-damla-kupe-48218\/","og_locale":"tr_TR","og_type":"article","og_title":"22ct Sunrise Gold | Dhwani collection Drop Earring | PureJewels","og_description":"Embrace the symphony of sound with our exquisite 22ct Sunrise Gold Dhwani Collection drop Earrings. Shop this drop erring online today! Free delivery in UK.","og_url":"https:\/\/www.purejewels.com\/tr\/urun\/22-ayar-altin-dhwani-koleksiyonu-damla-kupe-48218\/","og_site_name":"PureJewels UK","article_modified_time":"2026-05-07T10:26:09+00:00","og_image":[{"width":1000,"height":1000,"url":"https:\/\/static.purejewels.com\/wp-content\/uploads\/2024\/12\/48218.png","type":"image\/png"}],"twitter_card":"summary_large_image","twitter_misc":{"Tahmini okuma s\u00fcresi":"1 dakika"},"schema":{"@context":"https:\/\/schema.org","@graph":[{"@type":["WebPage","ItemPage"],"@id":"https:\/\/www.purejewels.com\/product\/22ct-gold-gold-dhwani-collection-drop-earring-48218\/","url":"https:\/\/www.purejewels.com\/product\/22ct-gold-gold-dhwani-collection-drop-earring-48218\/","name":"22 Ayar G\u00fcndo\u011fumu Alt\u0131n | Dhwani Koleksiyonu Damla K\u00fcpe | PureJewels","isPartOf":{"@id":"https:\/\/www.purejewels.com\/#website"},"primaryImageOfPage":{"@id":"https:\/\/www.purejewels.com\/product\/22ct-gold-gold-dhwani-collection-drop-earring-48218\/#primaryimage"},"image":{"@id":"https:\/\/www.purejewels.com\/product\/22ct-gold-gold-dhwani-collection-drop-earring-48218\/#primaryimage"},"thumbnailUrl":"https:\/\/static.purejewels.com\/wp-content\/uploads\/2024\/12\/48218.png","datePublished":"2025-04-23T11:46:45+00:00","dateModified":"2026-05-07T10:26:09+00:00","description":"Enfes 22 ayar Sunrise Alt\u0131n Dhwani Koleksiyonu damla k\u00fcpelerimizle ses senfonisini kucaklay\u0131n. Bu damla k\u00fcpeyi bug\u00fcn online sat\u0131n al\u0131n! \u0130ngiltere'de \u00fccretsiz teslimat.","breadcrumb":{"@id":"https:\/\/www.purejewels.com\/product\/22ct-gold-gold-dhwani-collection-drop-earring-48218\/#breadcrumb"},"inLanguage":"tr","potentialAction":[{"@type":"ReadAction","target":["https:\/\/www.purejewels.com\/product\/22ct-gold-gold-dhwani-collection-drop-earring-48218\/"]}]},{"@type":"ImageObject","inLanguage":"tr","@id":"https:\/\/www.purejewels.com\/product\/22ct-gold-gold-dhwani-collection-drop-earring-48218\/#primaryimage","url":"https:\/\/static.purejewels.com\/wp-content\/uploads\/2024\/12\/48218.png","contentUrl":"https:\/\/static.purejewels.com\/wp-content\/uploads\/2024\/12\/48218.png","width":1000,"height":1000,"caption":"22ct Gold Earring"},{"@type":"BreadcrumbList","@id":"https:\/\/www.purejewels.com\/product\/22ct-gold-gold-dhwani-collection-drop-earring-48218\/#breadcrumb","itemListElement":[{"@type":"ListItem","position":1,"name":"Home","item":"https:\/\/www.purejewels.com\/"},{"@type":"ListItem","position":2,"name":"Shop","item":"https:\/\/www.purejewels.com\/shop\/"},{"@type":"ListItem","position":3,"name":"22ct Gold Dhwani Collection Drop Earring"}]},{"@type":"WebSite","@id":"https:\/\/www.purejewels.com\/#website","url":"https:\/\/www.purejewels.com\/","name":"PureJewels \u0130ngiltere","description":"Sevgiyi Payla\u015f\u0131n","publisher":{"@id":"https:\/\/www.purejewels.com\/#organization"},"potentialAction":[{"@type":"SearchAction","target":{"@type":"EntryPoint","urlTemplate":"https:\/\/www.purejewels.com\/?s={search_term_string}"},"query-input":{"@type":"PropertyValueSpecification","valueRequired":true,"valueName":"search_term_string"}}],"inLanguage":"tr"},{"@type":"Organization","@id":"https:\/\/www.purejewels.com\/#organization","name":"PureJewels \u0130ngiltere","url":"https:\/\/www.purejewels.com\/","logo":{"@type":"ImageObject","inLanguage":"tr","@id":"https:\/\/www.purejewels.com\/#\/schema\/logo\/image\/","url":"https:\/\/static.purejewels.com\/wp-content\/uploads\/2020\/11\/Logo-PJ-New-1.png","contentUrl":"https:\/\/static.purejewels.com\/wp-content\/uploads\/2020\/11\/Logo-PJ-New-1.png","width":150,"height":80,"caption":"PureJewels UK"},"image":{"@id":"https:\/\/www.purejewels.com\/#\/schema\/logo\/image\/"}}]}},"_links":{"self":[{"href":"https:\/\/www.purejewels.com\/tr\/wp-json\/wp\/v2\/product\/380358","targetHints":{"allow":["GET"]}}],"collection":[{"href":"https:\/\/www.purejewels.com\/tr\/wp-json\/wp\/v2\/product"}],"about":[{"href":"https:\/\/www.purejewels.com\/tr\/wp-json\/wp\/v2\/types\/product"}],"replies":[{"embeddable":true,"href":"https:\/\/www.purejewels.com\/tr\/wp-json\/wp\/v2\/comments?post=380358"}],"version-history":[{"count":3,"href":"https:\/\/www.purejewels.com\/tr\/wp-json\/wp\/v2\/product\/380358\/revisions"}],"predecessor-version":[{"id":425820,"href":"https:\/\/www.purejewels.com\/tr\/wp-json\/wp\/v2\/product\/380358\/revisions\/425820"}],"wp:featuredmedia":[{"embeddable":true,"href":"https:\/\/www.purejewels.com\/tr\/wp-json\/wp\/v2\/media\/380379"}],"wp:attachment":[{"href":"https:\/\/www.purejewels.com\/tr\/wp-json\/wp\/v2\/media?parent=380358"}],"wp:term":[{"taxonomy":"product_brand","embeddable":true,"href":"https:\/\/www.purejewels.com\/tr\/wp-json\/wp\/v2\/product_brand?post=380358"},{"taxonomy":"product_cat","embeddable":true,"href":"https:\/\/www.purejewels.com\/tr\/wp-json\/wp\/v2\/product_cat?post=380358"},{"taxonomy":"product_tag","embeddable":true,"href":"https:\/\/www.purejewels.com\/tr\/wp-json\/wp\/v2\/product_tag?post=380358"}],"curies":[{"name":"wp","href":"https:\/\/api.w.org\/{rel}","templated":true}]}}