{"id":380360,"date":"2024-12-23T12:52:46","date_gmt":"2024-12-23T12:52:46","guid":{"rendered":"https:\/\/www.purejewels.com\/?post_type=product&#038;p=380360"},"modified":"2026-02-10T08:47:15","modified_gmt":"2026-02-10T08:47:15","slug":"22-ayar-altin-kolye-dhwani-koleksiyonu-18-inc-49259","status":"publish","type":"product","link":"https:\/\/www.purejewels.com\/tr\/product\/22ct-gold-necklace-dhwani-collection-18-inches-49259\/","title":{"rendered":"22 Ayar Alt\u0131n Kolye | Dhwani Koleksiyonu | 18 \u0130n\u00e7"},"content":{"rendered":"<div class=\"ewa-rteLine\"><strong>\u0130lham ve Hikaye<\/strong><\/div>\n<div class=\"ewa-rteLine\">Tap\u0131nak \u00e7anlar\u0131n\u0131n nazik sesi sizi rahatlat\u0131rken, durup nefes alman\u0131z\u0131 hat\u0131rlatarak rahatlay\u0131n. \u00d6zenle tasarlanm\u0131\u015f bu 18 in\u00e7lik kolye, denge ve i\u00e7sel dinginli\u011fin sembol\u00fc olan sessiz yolda\u015f\u0131n\u0131zd\u0131r. Her yumu\u015fak ses, ki\u015fisel g\u00fcc\u00fcn\u00fcze ba\u011flanan onaylama s\u00f6zc\u00fcklerini f\u0131s\u0131ldar! Anlam ve duygu y\u00fckl\u00fc m\u00fccevherleri sevenler i\u00e7in m\u00fckemmel bir par\u00e7a.<\/div>\n<div class=\"ewa-rteLine\"><\/div>\n<div class=\"ewa-rteLine\"><strong>Malzeme ve <a href=\"https:\/\/www.purejewels.com\/tr\/a-guide-to-die-stamping\/\">Zanaatkarl\u0131k<\/a><\/strong><\/div>\n<div class=\"ewa-rteLine\">Bu kolyenin her detay\u0131 otantik alt\u0131n i\u015f\u00e7ili\u011finin sanat\u0131n\u0131 yans\u0131tmaktad\u0131r. Alt\u0131ndan yap\u0131lm\u0131\u015ft\u0131r <a href=\"https:\/\/www.purejewels.com\/tr\/product\/22ct-gold-jali-filigree-ring-jali-collection-31926\/\">22ct<\/a> Sunrise Gold, ses topu m\u00fccevher tasar\u0131m\u0131, gran\u00fclasyon i\u015fi ve minimum \u0131s\u0131yla d\u00f6vme teknikleri kullan\u0131larak \u00f6zenle \u00fcretilmi\u015ftir. Bu geleneksel y\u00f6ntemler sadece dayan\u0131kl\u0131l\u0131k sa\u011flamakla kalmaz, ayn\u0131 zamanda hassas, yat\u0131\u015ft\u0131r\u0131c\u0131 bir t\u0131n\u0131 yarat\u0131r. G\u00fczel oldu\u011fu kadar d\u00fc\u015f\u00fcnceli de olan bu par\u00e7a, inovasyonu sanatla harmanl\u0131yor.<\/div>\n<div class=\"ewa-rteLine\"><\/div>\n<div class=\"ewa-rteLine\"><strong>Stil \u0130pu\u00e7lar\u0131<\/strong><\/div>\n<div class=\"ewa-rteLine\">Bu kolye, ister d\u0131\u015far\u0131da ge\u00e7irece\u011finiz g\u00fcndelik bir g\u00fcn ister bayram kutlamalar\u0131 olsun, her durumda yan\u0131n\u0131zda olacak. Uyumlu bir g\u00f6r\u00fcn\u00fcm i\u00e7in 22 Ayar G\u00fcn Do\u011fumu Alt\u0131n Dhwani Koleksiyonu K\u00fcpe ile e\u015fle\u015ftirin veya g\u00f6ze \u00e7arpan etnik bir hava i\u00e7in koleksiyondaki di\u011fer par\u00e7alarla katmanlay\u0131n.<\/div>","protected":false},"excerpt":{"rendered":"<table>\n<tbody>\n<tr>\n<td>Kolye Tipi<\/td>\n<td>Lariat Kolye<\/td>\n<\/tr>\n<tr>\n<td>A\u011f\u0131rl\u0131k<\/td>\n<td>7,2 gms<\/td>\n<\/tr>\n<tr>\n<td>SKU<\/td>\n<td>49259<\/td>\n<\/tr>\n<tr>\n<td>Uzunluk<\/td>\n<td>18 \u0130n\u00e7<\/td>\n<\/tr>\n<tr>\n<td>Metal<\/td>\n<td>22 Ayar G\u00fcndo\u011fumu Alt\u0131n<\/td>\n<\/tr>\n<tr>\n<td>Koleksiyon<\/td>\n<td>Dhwani Koleksiyonu<\/td>\n<\/tr>\n<tr>\n<td>Cinsiyet<\/td>\n<td>Bayanlar<\/td>\n<\/tr>\n<tr>\n<td>\u00dccretler<\/td>\n<td>Teslimat ve KDV Dahil<\/td>\n<\/tr>\n<tr>\n<td>Paketleme<\/td>\n<td>Sunum Kutusu ile Birlikte Gelir<\/td>\n<\/tr>\n<tr>\n<td>Daha Fazla Bilgi<\/td>\n<td>M\u00fcsaitlik durumu ve daha fazla resim i\u00e7in bizimle canl\u0131 sohbet edin<\/td>\n<\/tr>\n<\/tbody>\n<\/table>","protected":false},"featured_media":380365,"comment_status":"closed","ping_status":"closed","template":"","meta":{"_eb_attr":"","_crsspst_to_jayantr4sg-hostcom":false},"product_brand":[],"product_cat":[1791,1559,236,5633,6185,1229,1253,5902,1778,1573,1574],"product_tag":[5903],"class_list":{"0":"post-380360","1":"product","2":"type-product","3":"status-publish","4":"has-post-thumbnail","6":"product_cat-anniversary-gifts","7":"product_cat-birthday-gifts","8":"product_cat-collections","9":"product_cat-dhwani-collection","10":"product_cat-dhwani-necklace","11":"product_cat-22ct-gold-jewellery","12":"product_cat-gold-necklaces","13":"product_cat-lariat-necklace","14":"product_cat-short-necklaces","15":"product_cat-wedding-gifts","16":"product_cat-womens-jewellery","17":"product_tag-22ct-gold-lariat-necklace","19":"first","20":"onbackorder","21":"taxable","22":"shipping-taxable","23":"purchasable","24":"product-type-simple","25":"add-to-wishlist-before_image"},"yoast_head":"<!-- This site is optimized with the Yoast SEO plugin v27.5 - https:\/\/yoast.com\/product\/yoast-seo-wordpress\/ -->\n<title>22ct Gold Dhwani Collection Necklace online at PureJewels UK<\/title>\n<meta name=\"description\" content=\"Explore the exquisite 22ct Gold Dhwani Collection Necklace, available online at PureJewels UK. Perfectly crafted for elegance and tradition, shop now for timeless beauty.\" \/>\n<meta name=\"robots\" content=\"index, follow, max-snippet:-1, max-image-preview:large, max-video-preview:-1\" \/>\n<link rel=\"canonical\" href=\"https:\/\/www.purejewels.com\/tr\/urun\/22-ayar-altin-kolye-dhwani-koleksiyonu-18-inc-49259\/\" \/>\n<meta property=\"og:locale\" content=\"tr_TR\" \/>\n<meta property=\"og:type\" content=\"article\" \/>\n<meta property=\"og:title\" content=\"22ct Gold Dhwani Collection Necklace online at PureJewels UK\" \/>\n<meta property=\"og:description\" content=\"Explore the exquisite 22ct Gold Dhwani Collection Necklace, available online at PureJewels UK. Perfectly crafted for elegance and tradition, shop now for timeless beauty.\" \/>\n<meta property=\"og:url\" content=\"https:\/\/www.purejewels.com\/tr\/urun\/22-ayar-altin-kolye-dhwani-koleksiyonu-18-inc-49259\/\" \/>\n<meta property=\"og:site_name\" content=\"PureJewels UK\" \/>\n<meta property=\"article:modified_time\" content=\"2026-02-10T08:47:15+00:00\" \/>\n<meta property=\"og:image\" content=\"https:\/\/static.purejewels.com\/wp-content\/uploads\/2024\/12\/SKU_4.png\" \/>\n\t<meta property=\"og:image:width\" content=\"1000\" \/>\n\t<meta property=\"og:image:height\" content=\"1000\" \/>\n\t<meta property=\"og:image:type\" content=\"image\/png\" \/>\n<meta name=\"twitter:card\" content=\"summary_large_image\" \/>\n<meta name=\"twitter:label1\" content=\"Tahmini okuma s\u00fcresi\" \/>\n\t<meta name=\"twitter:data1\" content=\"1 dakika\" \/>\n<script type=\"application\/ld+json\" class=\"yoast-schema-graph\">{\"@context\":\"https:\\\/\\\/schema.org\",\"@graph\":[{\"@type\":[\"WebPage\",\"ItemPage\"],\"@id\":\"https:\\\/\\\/www.purejewels.com\\\/product\\\/22ct-gold-necklace-dhwani-collection-18-inches-49259\\\/\",\"url\":\"https:\\\/\\\/www.purejewels.com\\\/product\\\/22ct-gold-necklace-dhwani-collection-18-inches-49259\\\/\",\"name\":\"22ct Gold Dhwani Collection Necklace online at PureJewels UK\",\"isPartOf\":{\"@id\":\"https:\\\/\\\/www.purejewels.com\\\/#website\"},\"primaryImageOfPage\":{\"@id\":\"https:\\\/\\\/www.purejewels.com\\\/product\\\/22ct-gold-necklace-dhwani-collection-18-inches-49259\\\/#primaryimage\"},\"image\":{\"@id\":\"https:\\\/\\\/www.purejewels.com\\\/product\\\/22ct-gold-necklace-dhwani-collection-18-inches-49259\\\/#primaryimage\"},\"thumbnailUrl\":\"https:\\\/\\\/static.purejewels.com\\\/wp-content\\\/uploads\\\/2024\\\/12\\\/SKU_4.png\",\"datePublished\":\"2024-12-23T12:52:46+00:00\",\"dateModified\":\"2026-02-10T08:47:15+00:00\",\"description\":\"Explore the exquisite 22ct Gold Dhwani Collection Necklace, available online at PureJewels UK. Perfectly crafted for elegance and tradition, shop now for timeless beauty.\",\"breadcrumb\":{\"@id\":\"https:\\\/\\\/www.purejewels.com\\\/product\\\/22ct-gold-necklace-dhwani-collection-18-inches-49259\\\/#breadcrumb\"},\"inLanguage\":\"tr\",\"potentialAction\":[{\"@type\":\"ReadAction\",\"target\":[\"https:\\\/\\\/www.purejewels.com\\\/product\\\/22ct-gold-necklace-dhwani-collection-18-inches-49259\\\/\"]}]},{\"@type\":\"ImageObject\",\"inLanguage\":\"tr\",\"@id\":\"https:\\\/\\\/www.purejewels.com\\\/product\\\/22ct-gold-necklace-dhwani-collection-18-inches-49259\\\/#primaryimage\",\"url\":\"https:\\\/\\\/static.purejewels.com\\\/wp-content\\\/uploads\\\/2024\\\/12\\\/SKU_4.png\",\"contentUrl\":\"https:\\\/\\\/static.purejewels.com\\\/wp-content\\\/uploads\\\/2024\\\/12\\\/SKU_4.png\",\"width\":1000,\"height\":1000,\"caption\":\"22ct Gold Necklace\"},{\"@type\":\"BreadcrumbList\",\"@id\":\"https:\\\/\\\/www.purejewels.com\\\/product\\\/22ct-gold-necklace-dhwani-collection-18-inches-49259\\\/#breadcrumb\",\"itemListElement\":[{\"@type\":\"ListItem\",\"position\":1,\"name\":\"Home\",\"item\":\"https:\\\/\\\/www.purejewels.com\\\/\"},{\"@type\":\"ListItem\",\"position\":2,\"name\":\"Shop\",\"item\":\"https:\\\/\\\/www.purejewels.com\\\/shop\\\/\"},{\"@type\":\"ListItem\",\"position\":3,\"name\":\"22ct Gold Necklace | Dhwani Collection | 18 Inches\"}]},{\"@type\":\"WebSite\",\"@id\":\"https:\\\/\\\/www.purejewels.com\\\/#website\",\"url\":\"https:\\\/\\\/www.purejewels.com\\\/\",\"name\":\"PureJewels UK\",\"description\":\"Share the Love\",\"publisher\":{\"@id\":\"https:\\\/\\\/www.purejewels.com\\\/#organization\"},\"potentialAction\":[{\"@type\":\"SearchAction\",\"target\":{\"@type\":\"EntryPoint\",\"urlTemplate\":\"https:\\\/\\\/www.purejewels.com\\\/?s={search_term_string}\"},\"query-input\":{\"@type\":\"PropertyValueSpecification\",\"valueRequired\":true,\"valueName\":\"search_term_string\"}}],\"inLanguage\":\"tr\"},{\"@type\":\"Organization\",\"@id\":\"https:\\\/\\\/www.purejewels.com\\\/#organization\",\"name\":\"PureJewels UK\",\"url\":\"https:\\\/\\\/www.purejewels.com\\\/\",\"logo\":{\"@type\":\"ImageObject\",\"inLanguage\":\"tr\",\"@id\":\"https:\\\/\\\/www.purejewels.com\\\/#\\\/schema\\\/logo\\\/image\\\/\",\"url\":\"https:\\\/\\\/static.purejewels.com\\\/wp-content\\\/uploads\\\/2020\\\/11\\\/Logo-PJ-New-1.png\",\"contentUrl\":\"https:\\\/\\\/static.purejewels.com\\\/wp-content\\\/uploads\\\/2020\\\/11\\\/Logo-PJ-New-1.png\",\"width\":150,\"height\":80,\"caption\":\"PureJewels UK\"},\"image\":{\"@id\":\"https:\\\/\\\/www.purejewels.com\\\/#\\\/schema\\\/logo\\\/image\\\/\"}}]}<\/script>\n<!-- \/ Yoast SEO plugin. -->","yoast_head_json":{"title":"22 Ayar Alt\u0131n Dhwani Koleksiyonu Kolye PureJewels UK'de online","description":"PureJewels UK'de online olarak sunulan zarif 22 Ayar Alt\u0131n Dhwani Koleksiyonu Kolyeyi ke\u015ffedin. Zarafet ve gelenek i\u00e7in m\u00fckemmel \u015fekilde haz\u0131rlanm\u0131\u015f, zamans\u0131z g\u00fczellik i\u00e7in \u015fimdi al\u0131\u015fveri\u015f yap\u0131n.","robots":{"index":"index","follow":"follow","max-snippet":"max-snippet:-1","max-image-preview":"max-image-preview:large","max-video-preview":"max-video-preview:-1"},"canonical":"https:\/\/www.purejewels.com\/tr\/urun\/22-ayar-altin-kolye-dhwani-koleksiyonu-18-inc-49259\/","og_locale":"tr_TR","og_type":"article","og_title":"22ct Gold Dhwani Collection Necklace online at PureJewels UK","og_description":"Explore the exquisite 22ct Gold Dhwani Collection Necklace, available online at PureJewels UK. Perfectly crafted for elegance and tradition, shop now for timeless beauty.","og_url":"https:\/\/www.purejewels.com\/tr\/urun\/22-ayar-altin-kolye-dhwani-koleksiyonu-18-inc-49259\/","og_site_name":"PureJewels UK","article_modified_time":"2026-02-10T08:47:15+00:00","og_image":[{"width":1000,"height":1000,"url":"https:\/\/static.purejewels.com\/wp-content\/uploads\/2024\/12\/SKU_4.png","type":"image\/png"}],"twitter_card":"summary_large_image","twitter_misc":{"Tahmini okuma s\u00fcresi":"1 dakika"},"schema":{"@context":"https:\/\/schema.org","@graph":[{"@type":["WebPage","ItemPage"],"@id":"https:\/\/www.purejewels.com\/product\/22ct-gold-necklace-dhwani-collection-18-inches-49259\/","url":"https:\/\/www.purejewels.com\/product\/22ct-gold-necklace-dhwani-collection-18-inches-49259\/","name":"22 Ayar Alt\u0131n Dhwani Koleksiyonu Kolye PureJewels UK'de online","isPartOf":{"@id":"https:\/\/www.purejewels.com\/#website"},"primaryImageOfPage":{"@id":"https:\/\/www.purejewels.com\/product\/22ct-gold-necklace-dhwani-collection-18-inches-49259\/#primaryimage"},"image":{"@id":"https:\/\/www.purejewels.com\/product\/22ct-gold-necklace-dhwani-collection-18-inches-49259\/#primaryimage"},"thumbnailUrl":"https:\/\/static.purejewels.com\/wp-content\/uploads\/2024\/12\/SKU_4.png","datePublished":"2024-12-23T12:52:46+00:00","dateModified":"2026-02-10T08:47:15+00:00","description":"PureJewels UK'de online olarak sunulan zarif 22 Ayar Alt\u0131n Dhwani Koleksiyonu Kolyeyi ke\u015ffedin. Zarafet ve gelenek i\u00e7in m\u00fckemmel \u015fekilde haz\u0131rlanm\u0131\u015f, zamans\u0131z g\u00fczellik i\u00e7in \u015fimdi al\u0131\u015fveri\u015f yap\u0131n.","breadcrumb":{"@id":"https:\/\/www.purejewels.com\/product\/22ct-gold-necklace-dhwani-collection-18-inches-49259\/#breadcrumb"},"inLanguage":"tr","potentialAction":[{"@type":"ReadAction","target":["https:\/\/www.purejewels.com\/product\/22ct-gold-necklace-dhwani-collection-18-inches-49259\/"]}]},{"@type":"ImageObject","inLanguage":"tr","@id":"https:\/\/www.purejewels.com\/product\/22ct-gold-necklace-dhwani-collection-18-inches-49259\/#primaryimage","url":"https:\/\/static.purejewels.com\/wp-content\/uploads\/2024\/12\/SKU_4.png","contentUrl":"https:\/\/static.purejewels.com\/wp-content\/uploads\/2024\/12\/SKU_4.png","width":1000,"height":1000,"caption":"22ct Gold Necklace"},{"@type":"BreadcrumbList","@id":"https:\/\/www.purejewels.com\/product\/22ct-gold-necklace-dhwani-collection-18-inches-49259\/#breadcrumb","itemListElement":[{"@type":"ListItem","position":1,"name":"Home","item":"https:\/\/www.purejewels.com\/"},{"@type":"ListItem","position":2,"name":"Shop","item":"https:\/\/www.purejewels.com\/shop\/"},{"@type":"ListItem","position":3,"name":"22ct Gold Necklace | Dhwani Collection | 18 Inches"}]},{"@type":"WebSite","@id":"https:\/\/www.purejewels.com\/#website","url":"https:\/\/www.purejewels.com\/","name":"PureJewels \u0130ngiltere","description":"Sevgiyi Payla\u015f\u0131n","publisher":{"@id":"https:\/\/www.purejewels.com\/#organization"},"potentialAction":[{"@type":"SearchAction","target":{"@type":"EntryPoint","urlTemplate":"https:\/\/www.purejewels.com\/?s={search_term_string}"},"query-input":{"@type":"PropertyValueSpecification","valueRequired":true,"valueName":"search_term_string"}}],"inLanguage":"tr"},{"@type":"Organization","@id":"https:\/\/www.purejewels.com\/#organization","name":"PureJewels \u0130ngiltere","url":"https:\/\/www.purejewels.com\/","logo":{"@type":"ImageObject","inLanguage":"tr","@id":"https:\/\/www.purejewels.com\/#\/schema\/logo\/image\/","url":"https:\/\/static.purejewels.com\/wp-content\/uploads\/2020\/11\/Logo-PJ-New-1.png","contentUrl":"https:\/\/static.purejewels.com\/wp-content\/uploads\/2020\/11\/Logo-PJ-New-1.png","width":150,"height":80,"caption":"PureJewels UK"},"image":{"@id":"https:\/\/www.purejewels.com\/#\/schema\/logo\/image\/"}}]}},"_links":{"self":[{"href":"https:\/\/www.purejewels.com\/tr\/wp-json\/wp\/v2\/product\/380360","targetHints":{"allow":["GET"]}}],"collection":[{"href":"https:\/\/www.purejewels.com\/tr\/wp-json\/wp\/v2\/product"}],"about":[{"href":"https:\/\/www.purejewels.com\/tr\/wp-json\/wp\/v2\/types\/product"}],"replies":[{"embeddable":true,"href":"https:\/\/www.purejewels.com\/tr\/wp-json\/wp\/v2\/comments?post=380360"}],"version-history":[{"count":4,"href":"https:\/\/www.purejewels.com\/tr\/wp-json\/wp\/v2\/product\/380360\/revisions"}],"predecessor-version":[{"id":425810,"href":"https:\/\/www.purejewels.com\/tr\/wp-json\/wp\/v2\/product\/380360\/revisions\/425810"}],"wp:featuredmedia":[{"embeddable":true,"href":"https:\/\/www.purejewels.com\/tr\/wp-json\/wp\/v2\/media\/380365"}],"wp:attachment":[{"href":"https:\/\/www.purejewels.com\/tr\/wp-json\/wp\/v2\/media?parent=380360"}],"wp:term":[{"taxonomy":"product_brand","embeddable":true,"href":"https:\/\/www.purejewels.com\/tr\/wp-json\/wp\/v2\/product_brand?post=380360"},{"taxonomy":"product_cat","embeddable":true,"href":"https:\/\/www.purejewels.com\/tr\/wp-json\/wp\/v2\/product_cat?post=380360"},{"taxonomy":"product_tag","embeddable":true,"href":"https:\/\/www.purejewels.com\/tr\/wp-json\/wp\/v2\/product_tag?post=380360"}],"curies":[{"name":"wp","href":"https:\/\/api.w.org\/{rel}","templated":true}]}}