{"id":380591,"date":"2024-12-24T16:19:31","date_gmt":"2024-12-24T16:19:31","guid":{"rendered":"https:\/\/www.purejewels.com\/?post_type=product&#038;p=380591"},"modified":"2026-05-12T12:23:18","modified_gmt":"2026-05-12T11:23:18","slug":"24-ayar-altin-bas-harf-r-kolye-ucu","status":"publish","type":"product","link":"https:\/\/www.purejewels.com\/tr\/product\/24ct-gold-initial-r-pendant\/","title":{"rendered":"24 Ayar Alt\u0131n Ba\u015f Harfi R Kolye"},"content":{"rendered":"<p>Zamans\u0131z zarafeti ve ki\u015fisel stilinizi <a href=\"https:\/\/www.purejewels.com\/tr\/product\/24ct-gold-minted-bar-in-5grm\/\">24 Ayar Alt\u0131n<\/a> Ba\u015f Harfi 'R' Kolye Ucu. Bu unisex aksesuar, birinci s\u0131n\u0131f <a href=\"https:\/\/www.purejewels.com\/tr\/a-guide-to-die-stamping\/\">zanaatkarl\u0131k<\/a> ve anlaml\u0131 tasar\u0131m\u0131yla her m\u00fccevher koleksiyonunda g\u00f6ze \u00e7arpan bir eklentidir.<\/p>\n<ul>\n<li><strong>L\u00fcks Malzeme:<\/strong> Saf 24 ayar alt\u0131ndan \u00fcretilmi\u015ftir ve s\u0131cak, parlak bir \u0131\u015f\u0131lt\u0131 yayar.<\/li>\n<li><strong>Ki\u015fiselle\u015ftirilmi\u015f Charm:<\/strong> Bireyselli\u011fi ve anlam\u0131 simgeleyen, g\u00fczelce yontulmu\u015f bir 'R' harfine sahiptir.<\/li>\n<li><strong>\u00c7ok Y\u00f6nl\u00fc Tasar\u0131m:<\/strong> G\u00fcnl\u00fck giyimden resmi ortamlara kadar t\u00fcm stiller i\u00e7in m\u00fckemmel bir unisex kolye ucu.<\/li>\n<li><strong>Ola\u011fan\u00fcst\u00fc Dayan\u0131kl\u0131l\u0131k:<\/strong> Uzun \u00f6m\u00fcrl\u00fc kalite ve konfor sa\u011flamak i\u00e7in ustal\u0131kla tasarlanm\u0131\u015ft\u0131r.<\/li>\n<li><strong>Her Durum i\u00e7in M\u00fckemmel:<\/strong> Sevdikleriniz i\u00e7in d\u00fc\u015f\u00fcnceli bir hediye veya kendiniz i\u00e7in zarif bir kutuda sunulan \u00f6zel bir ikram.<\/li>\n<\/ul>\n<p>En sevdi\u011finiz ile birle\u015ftirin <strong>zincir<\/strong> Ki\u015fili\u011finizi ve zarafetinizi zahmetsizce \u00f6ne \u00e7\u0131karan \u015f\u0131k ve g\u00f6steri\u015fli bir g\u00f6r\u00fcn\u00fcm i\u00e7in.<\/p>","protected":false},"excerpt":{"rendered":"<div class=\"woocommerce-product-details__short-description\">\n<table class=\"sh_desc\" style=\"width: 100%\">\n<tbody>\n<tr>\n<td style=\"width: 25.8333%\">Kolye Tipi<\/td>\n<td style=\"width: 74%\">Ba\u015f Harfi R Kolye<\/td>\n<\/tr>\n<tr>\n<td style=\"width: 25.8333%\">SKU<\/td>\n<td style=\"width: 74%\">50582<\/td>\n<\/tr>\n<tr>\n<td style=\"width: 25.8333%\">A\u011f\u0131rl\u0131k<\/td>\n<td style=\"width: 74%\">1.3-1.4 Gms<\/td>\n<\/tr>\n<tr>\n<td style=\"width: 25.8333%\">Metal<\/td>\n<td style=\"width: 74%\">24 Ayar Alt\u0131n<\/td>\n<\/tr>\n<tr>\n<td style=\"width: 25.8333%\">\u00dccretler<\/td>\n<td style=\"width: 74%\">Teslimat ve KDV Dahil<\/td>\n<\/tr>\n<tr>\n<td style=\"width: 25.8333%\">Cinsiyet<\/td>\n<td style=\"width: 74%\">Unisex<\/td>\n<\/tr>\n<tr>\n<td style=\"width: 25.8333%\">Paketleme<\/td>\n<td style=\"width: 74%\">Sunum Kutusu ile Birlikte Gelir<\/td>\n<\/tr>\n<tr>\n<td style=\"width: 25.8333%\">Daha Fazla Bilgi<\/td>\n<td style=\"width: 74%\">Zincir dahil de\u011fildir. Zincir <strong>\u00c7apa Zinciri<\/strong><\/p>\n<ul>\n<li><strong>Bu \u00fcr\u00fcn\u00fcn fiyat\u0131, mevcut alt\u0131n kuruna ba\u011fl\u0131 olarak ger\u00e7ek zamanl\u0131 olarak dalgalanmaktad\u0131r<\/strong><\/li>\n<li>\u0130\u00e7in buraya t\u0131klay\u0131n <strong>22ct Initial<\/strong>\u00a0<strong>Kolye<\/strong><\/li>\n<li>M\u00fcsaitlik durumu ve daha fazla resim i\u00e7in bizimle canl\u0131 sohbet edin<\/li>\n<li>Teslimat Bu \u00fcr\u00fcn \u015fu \u015fekilde teslim edilecektir\u00a0<strong>2 Hafta<\/strong><\/li>\n<\/ul>\n<p>Initial Pendants i\u00e7in m\u00fcsaitlik durumu ve daha fazla g\u00f6rsel i\u00e7in bizimle canl\u0131 sohbet edin<\/td>\n<\/tr>\n<\/tbody>\n<\/table>\n<\/div>","protected":false},"featured_media":380495,"comment_status":"closed","ping_status":"closed","template":"","meta":{"_eb_attr":"","_crsspst_to_jayantr4sg-hostcom":false},"product_brand":[],"product_cat":[5617,1791,1559,1576,1770,1229,1255,5598,5343,1767,1575,1573,1574],"product_tag":[1836],"class_list":{"0":"post-380591","1":"product","2":"type-product","3":"status-publish","4":"has-post-thumbnail","6":"product_cat-24ct-gold-jewellery","7":"product_cat-anniversary-gifts","8":"product_cat-birthday-gifts","9":"product_cat-childrens-jewellery","10":"product_cat-fancy-pendants","11":"product_cat-22ct-gold-jewellery","12":"product_cat-gold-pendants","13":"product_cat-initial-pendant","14":"product_cat-jewellery-under-550","15":"product_cat-ladies-pendants","16":"product_cat-teenage-jewellery","17":"product_cat-wedding-gifts","18":"product_cat-womens-jewellery","19":"product_tag-24ct-gold","21":"first","22":"outofstock","23":"taxable","24":"shipping-taxable","25":"product-type-simple","26":"add-to-wishlist-before_image"},"yoast_head":"<!-- This site is optimized with the Yoast SEO plugin v27.5 - https:\/\/yoast.com\/product\/yoast-seo-wordpress\/ -->\n<title>24ct Gold Initial Pendant | Buy Online at PureJewels UK<\/title>\n<meta name=\"description\" content=\"Discover the exquisite 24ct Gold Initial R Pendant at PureJewels UK. Perfect for gifting or personal style, crafted with premium quality. Shop online now!\" \/>\n<meta name=\"robots\" content=\"index, follow, max-snippet:-1, max-image-preview:large, max-video-preview:-1\" \/>\n<link rel=\"canonical\" href=\"https:\/\/www.purejewels.com\/tr\/urun\/24-ayar-altin-bas-harf-r-kolye-ucu\/\" \/>\n<meta property=\"og:locale\" content=\"tr_TR\" \/>\n<meta property=\"og:type\" content=\"article\" \/>\n<meta property=\"og:title\" content=\"24ct Gold Initial Pendant | Buy Online at PureJewels UK\" \/>\n<meta property=\"og:description\" content=\"Discover the exquisite 24ct Gold Initial R Pendant at PureJewels UK. Perfect for gifting or personal style, crafted with premium quality. Shop online now!\" \/>\n<meta property=\"og:url\" content=\"https:\/\/www.purejewels.com\/tr\/urun\/24-ayar-altin-bas-harf-r-kolye-ucu\/\" \/>\n<meta property=\"og:site_name\" content=\"PureJewels UK\" \/>\n<meta property=\"article:modified_time\" content=\"2026-05-12T11:23:18+00:00\" \/>\n<meta property=\"og:image\" content=\"https:\/\/static.purejewels.com\/wp-content\/uploads\/2024\/01\/50346_1.png\" \/>\n\t<meta property=\"og:image:width\" content=\"1000\" \/>\n\t<meta property=\"og:image:height\" content=\"1000\" \/>\n\t<meta property=\"og:image:type\" content=\"image\/png\" \/>\n<meta name=\"twitter:card\" content=\"summary_large_image\" \/>\n<meta name=\"twitter:label1\" content=\"Tahmini okuma s\u00fcresi\" \/>\n\t<meta name=\"twitter:data1\" content=\"1 dakika\" \/>\n<script type=\"application\/ld+json\" class=\"yoast-schema-graph\">{\"@context\":\"https:\\\/\\\/schema.org\",\"@graph\":[{\"@type\":[\"WebPage\",\"ItemPage\"],\"@id\":\"https:\\\/\\\/www.purejewels.com\\\/product\\\/24ct-gold-initial-r-pendant\\\/\",\"url\":\"https:\\\/\\\/www.purejewels.com\\\/product\\\/24ct-gold-initial-r-pendant\\\/\",\"name\":\"24ct Gold Initial Pendant | Buy Online at PureJewels UK\",\"isPartOf\":{\"@id\":\"https:\\\/\\\/www.purejewels.com\\\/#website\"},\"primaryImageOfPage\":{\"@id\":\"https:\\\/\\\/www.purejewels.com\\\/product\\\/24ct-gold-initial-r-pendant\\\/#primaryimage\"},\"image\":{\"@id\":\"https:\\\/\\\/www.purejewels.com\\\/product\\\/24ct-gold-initial-r-pendant\\\/#primaryimage\"},\"thumbnailUrl\":\"https:\\\/\\\/static.purejewels.com\\\/wp-content\\\/uploads\\\/2024\\\/01\\\/50346_1.png\",\"datePublished\":\"2024-12-24T16:19:31+00:00\",\"dateModified\":\"2026-05-12T11:23:18+00:00\",\"description\":\"Discover the exquisite 24ct Gold Initial R Pendant at PureJewels UK. Perfect for gifting or personal style, crafted with premium quality. Shop online now!\",\"breadcrumb\":{\"@id\":\"https:\\\/\\\/www.purejewels.com\\\/product\\\/24ct-gold-initial-r-pendant\\\/#breadcrumb\"},\"inLanguage\":\"tr\",\"potentialAction\":[{\"@type\":\"ReadAction\",\"target\":[\"https:\\\/\\\/www.purejewels.com\\\/product\\\/24ct-gold-initial-r-pendant\\\/\"]}]},{\"@type\":\"ImageObject\",\"inLanguage\":\"tr\",\"@id\":\"https:\\\/\\\/www.purejewels.com\\\/product\\\/24ct-gold-initial-r-pendant\\\/#primaryimage\",\"url\":\"https:\\\/\\\/static.purejewels.com\\\/wp-content\\\/uploads\\\/2024\\\/01\\\/50346_1.png\",\"contentUrl\":\"https:\\\/\\\/static.purejewels.com\\\/wp-content\\\/uploads\\\/2024\\\/01\\\/50346_1.png\",\"width\":1000,\"height\":1000,\"caption\":\"22ct Gold Initial R Pendant\"},{\"@type\":\"BreadcrumbList\",\"@id\":\"https:\\\/\\\/www.purejewels.com\\\/product\\\/24ct-gold-initial-r-pendant\\\/#breadcrumb\",\"itemListElement\":[{\"@type\":\"ListItem\",\"position\":1,\"name\":\"Home\",\"item\":\"https:\\\/\\\/www.purejewels.com\\\/\"},{\"@type\":\"ListItem\",\"position\":2,\"name\":\"Shop\",\"item\":\"https:\\\/\\\/www.purejewels.com\\\/shop\\\/\"},{\"@type\":\"ListItem\",\"position\":3,\"name\":\"24ct Gold Initial R Pendant\"}]},{\"@type\":\"WebSite\",\"@id\":\"https:\\\/\\\/www.purejewels.com\\\/#website\",\"url\":\"https:\\\/\\\/www.purejewels.com\\\/\",\"name\":\"PureJewels UK\",\"description\":\"Share the Love\",\"publisher\":{\"@id\":\"https:\\\/\\\/www.purejewels.com\\\/#organization\"},\"potentialAction\":[{\"@type\":\"SearchAction\",\"target\":{\"@type\":\"EntryPoint\",\"urlTemplate\":\"https:\\\/\\\/www.purejewels.com\\\/?s={search_term_string}\"},\"query-input\":{\"@type\":\"PropertyValueSpecification\",\"valueRequired\":true,\"valueName\":\"search_term_string\"}}],\"inLanguage\":\"tr\"},{\"@type\":\"Organization\",\"@id\":\"https:\\\/\\\/www.purejewels.com\\\/#organization\",\"name\":\"PureJewels UK\",\"url\":\"https:\\\/\\\/www.purejewels.com\\\/\",\"logo\":{\"@type\":\"ImageObject\",\"inLanguage\":\"tr\",\"@id\":\"https:\\\/\\\/www.purejewels.com\\\/#\\\/schema\\\/logo\\\/image\\\/\",\"url\":\"https:\\\/\\\/static.purejewels.com\\\/wp-content\\\/uploads\\\/2020\\\/11\\\/Logo-PJ-New-1.png\",\"contentUrl\":\"https:\\\/\\\/static.purejewels.com\\\/wp-content\\\/uploads\\\/2020\\\/11\\\/Logo-PJ-New-1.png\",\"width\":150,\"height\":80,\"caption\":\"PureJewels UK\"},\"image\":{\"@id\":\"https:\\\/\\\/www.purejewels.com\\\/#\\\/schema\\\/logo\\\/image\\\/\"}}]}<\/script>\n<!-- \/ Yoast SEO plugin. -->","yoast_head_json":{"title":"24 Ayar Alt\u0131n Ba\u015f Harfi Kolye Ucu | PureJewels UK'den Online Sat\u0131n Al\u0131n","description":"PureJewels UK'deki zarif 24 ayar alt\u0131n Initial R Kolyeyi ke\u015ffedin. Hediye vermek veya ki\u015fisel tarz\u0131n\u0131z i\u00e7in m\u00fckemmel, \u00fcst\u00fcn kaliteyle \u00fcretilmi\u015ftir. \u015eimdi online al\u0131\u015fveri\u015f yap\u0131n!","robots":{"index":"index","follow":"follow","max-snippet":"max-snippet:-1","max-image-preview":"max-image-preview:large","max-video-preview":"max-video-preview:-1"},"canonical":"https:\/\/www.purejewels.com\/tr\/urun\/24-ayar-altin-bas-harf-r-kolye-ucu\/","og_locale":"tr_TR","og_type":"article","og_title":"24ct Gold Initial Pendant | Buy Online at PureJewels UK","og_description":"Discover the exquisite 24ct Gold Initial R Pendant at PureJewels UK. Perfect for gifting or personal style, crafted with premium quality. Shop online now!","og_url":"https:\/\/www.purejewels.com\/tr\/urun\/24-ayar-altin-bas-harf-r-kolye-ucu\/","og_site_name":"PureJewels UK","article_modified_time":"2026-05-12T11:23:18+00:00","og_image":[{"width":1000,"height":1000,"url":"https:\/\/static.purejewels.com\/wp-content\/uploads\/2024\/01\/50346_1.png","type":"image\/png"}],"twitter_card":"summary_large_image","twitter_misc":{"Tahmini okuma s\u00fcresi":"1 dakika"},"schema":{"@context":"https:\/\/schema.org","@graph":[{"@type":["WebPage","ItemPage"],"@id":"https:\/\/www.purejewels.com\/product\/24ct-gold-initial-r-pendant\/","url":"https:\/\/www.purejewels.com\/product\/24ct-gold-initial-r-pendant\/","name":"24 Ayar Alt\u0131n Ba\u015f Harfi Kolye Ucu | PureJewels UK'den Online Sat\u0131n Al\u0131n","isPartOf":{"@id":"https:\/\/www.purejewels.com\/#website"},"primaryImageOfPage":{"@id":"https:\/\/www.purejewels.com\/product\/24ct-gold-initial-r-pendant\/#primaryimage"},"image":{"@id":"https:\/\/www.purejewels.com\/product\/24ct-gold-initial-r-pendant\/#primaryimage"},"thumbnailUrl":"https:\/\/static.purejewels.com\/wp-content\/uploads\/2024\/01\/50346_1.png","datePublished":"2024-12-24T16:19:31+00:00","dateModified":"2026-05-12T11:23:18+00:00","description":"PureJewels UK'deki zarif 24 ayar alt\u0131n Initial R Kolyeyi ke\u015ffedin. Hediye vermek veya ki\u015fisel tarz\u0131n\u0131z i\u00e7in m\u00fckemmel, \u00fcst\u00fcn kaliteyle \u00fcretilmi\u015ftir. \u015eimdi online al\u0131\u015fveri\u015f yap\u0131n!","breadcrumb":{"@id":"https:\/\/www.purejewels.com\/product\/24ct-gold-initial-r-pendant\/#breadcrumb"},"inLanguage":"tr","potentialAction":[{"@type":"ReadAction","target":["https:\/\/www.purejewels.com\/product\/24ct-gold-initial-r-pendant\/"]}]},{"@type":"ImageObject","inLanguage":"tr","@id":"https:\/\/www.purejewels.com\/product\/24ct-gold-initial-r-pendant\/#primaryimage","url":"https:\/\/static.purejewels.com\/wp-content\/uploads\/2024\/01\/50346_1.png","contentUrl":"https:\/\/static.purejewels.com\/wp-content\/uploads\/2024\/01\/50346_1.png","width":1000,"height":1000,"caption":"22ct Gold Initial R Pendant"},{"@type":"BreadcrumbList","@id":"https:\/\/www.purejewels.com\/product\/24ct-gold-initial-r-pendant\/#breadcrumb","itemListElement":[{"@type":"ListItem","position":1,"name":"Home","item":"https:\/\/www.purejewels.com\/"},{"@type":"ListItem","position":2,"name":"Shop","item":"https:\/\/www.purejewels.com\/shop\/"},{"@type":"ListItem","position":3,"name":"24ct Gold Initial R Pendant"}]},{"@type":"WebSite","@id":"https:\/\/www.purejewels.com\/#website","url":"https:\/\/www.purejewels.com\/","name":"PureJewels \u0130ngiltere","description":"Sevgiyi Payla\u015f\u0131n","publisher":{"@id":"https:\/\/www.purejewels.com\/#organization"},"potentialAction":[{"@type":"SearchAction","target":{"@type":"EntryPoint","urlTemplate":"https:\/\/www.purejewels.com\/?s={search_term_string}"},"query-input":{"@type":"PropertyValueSpecification","valueRequired":true,"valueName":"search_term_string"}}],"inLanguage":"tr"},{"@type":"Organization","@id":"https:\/\/www.purejewels.com\/#organization","name":"PureJewels \u0130ngiltere","url":"https:\/\/www.purejewels.com\/","logo":{"@type":"ImageObject","inLanguage":"tr","@id":"https:\/\/www.purejewels.com\/#\/schema\/logo\/image\/","url":"https:\/\/static.purejewels.com\/wp-content\/uploads\/2020\/11\/Logo-PJ-New-1.png","contentUrl":"https:\/\/static.purejewels.com\/wp-content\/uploads\/2020\/11\/Logo-PJ-New-1.png","width":150,"height":80,"caption":"PureJewels UK"},"image":{"@id":"https:\/\/www.purejewels.com\/#\/schema\/logo\/image\/"}}]}},"_links":{"self":[{"href":"https:\/\/www.purejewels.com\/tr\/wp-json\/wp\/v2\/product\/380591","targetHints":{"allow":["GET"]}}],"collection":[{"href":"https:\/\/www.purejewels.com\/tr\/wp-json\/wp\/v2\/product"}],"about":[{"href":"https:\/\/www.purejewels.com\/tr\/wp-json\/wp\/v2\/types\/product"}],"replies":[{"embeddable":true,"href":"https:\/\/www.purejewels.com\/tr\/wp-json\/wp\/v2\/comments?post=380591"}],"version-history":[{"count":2,"href":"https:\/\/www.purejewels.com\/tr\/wp-json\/wp\/v2\/product\/380591\/revisions"}],"predecessor-version":[{"id":396938,"href":"https:\/\/www.purejewels.com\/tr\/wp-json\/wp\/v2\/product\/380591\/revisions\/396938"}],"wp:featuredmedia":[{"embeddable":true,"href":"https:\/\/www.purejewels.com\/tr\/wp-json\/wp\/v2\/media\/380495"}],"wp:attachment":[{"href":"https:\/\/www.purejewels.com\/tr\/wp-json\/wp\/v2\/media?parent=380591"}],"wp:term":[{"taxonomy":"product_brand","embeddable":true,"href":"https:\/\/www.purejewels.com\/tr\/wp-json\/wp\/v2\/product_brand?post=380591"},{"taxonomy":"product_cat","embeddable":true,"href":"https:\/\/www.purejewels.com\/tr\/wp-json\/wp\/v2\/product_cat?post=380591"},{"taxonomy":"product_tag","embeddable":true,"href":"https:\/\/www.purejewels.com\/tr\/wp-json\/wp\/v2\/product_tag?post=380591"}],"curies":[{"name":"wp","href":"https:\/\/api.w.org\/{rel}","templated":true}]}}