{"id":384270,"date":"2024-12-01T18:06:30","date_gmt":"2024-12-01T18:06:30","guid":{"rendered":"https:\/\/www.purejewels.com\/?post_type=product&#038;p=384270"},"modified":"2025-09-23T10:49:38","modified_gmt":"2025-09-23T09:49:38","slug":"22ct-49506-altin-saplama-kupe","status":"publish","type":"product","link":"https:\/\/www.purejewels.com\/tr\/product\/gold-stud-earring-in-22ct-49506\/","title":{"rendered":"22 Ayar Alt\u0131n Telkari Saplama K\u00fcpe"},"content":{"rendered":"<p>Bu \u00e7arp\u0131c\u0131 tak\u0131larla m\u00fccevher koleksiyonunuza zarif bir zarafet dokunu\u015fu kat\u0131n <strong>22 Ayar Alt\u0131n Telkari Saplama K\u00fcpe<\/strong>. Karma\u015f\u0131k telkari i\u015f\u00e7ili\u011fiyle tasarlanan bu k\u00fcpeler, zamans\u0131z sanat ve modern l\u00fcks\u00fcn bir kar\u0131\u015f\u0131m\u0131n\u0131 sergiliyor. Telkari i\u015flemenin zarif detaylar\u0131 benzersiz, dokulu bir \u00e7ekicilik katarak bu k\u00fcpeleri ister g\u00fcnl\u00fck ister \u00f6zel etkinliklerde tak\u0131ls\u0131n her durum i\u00e7in m\u00fckemmel hale getirir. 22 ayar alt\u0131ndan \u00fcretilen bu k\u00fcpeler \u0131\u015f\u0131lt\u0131l\u0131 bir parlakl\u0131k sunar ve hafiftir, sofistike bir g\u00f6r\u00fcn\u00fcm sergilerken rahatl\u0131k sa\u011flar.<\/p>\n<p><strong>Temel \u00d6zellikler:<\/strong><\/p>\n<ul>\n<li><strong>Malzeme:<\/strong> Ayr\u0131nt\u0131l\u0131 telkari tasar\u0131ml\u0131 birinci s\u0131n\u0131f 22 ayar alt\u0131n.<\/li>\n<li><strong>Tasar\u0131m:<\/strong> E\u015fsiz, sanatsal bir g\u00f6r\u00fcn\u00fcm i\u00e7in karma\u015f\u0131k telkari \u00e7al\u0131\u015fmas\u0131.<\/li>\n<li><strong>\u00c7ok y\u00f6nl\u00fcl\u00fck:<\/strong> G\u00fcnl\u00fck kullan\u0131m veya resmi davetler i\u00e7in idealdir.<\/li>\n<li><strong>Konfor:<\/strong> Hafiftir ve uzun saatler boyunca kolayca giyilebilir.<\/li>\n<\/ul>\n<p><strong>Bak\u0131m \u0130pu\u00e7lar\u0131:<\/strong><br \/>\n\u00c7izilmeleri \u00f6nlemek i\u00e7in yumu\u015fak bir po\u015fet i\u00e7inde saklay\u0131n ve parlakl\u0131\u011f\u0131 korumak i\u00e7in yumu\u015fak bir bezle nazik\u00e7e temizleyin.<\/p>\n<ul>\n<li>SKU 49506<\/li>\n<li>Menzil Kimli\u011fi. JWERSTJL053<\/li>\n<\/ul>","protected":false},"excerpt":{"rendered":"<div class=\"woocommerce-product-details__short-description\">\n<table class=\"sh_desc\" style=\"width: 100%; height: 252px;\">\n<tbody>\n<tr style=\"height: 28px;\">\n<td style=\"height: 28px;\">K\u00fcpe T\u00fcr\u00fc<\/td>\n<td style=\"height: 28px;\">Saplama K\u00fcpe<\/td>\n<\/tr>\n<tr style=\"height: 28px;\">\n<td style=\"height: 28px;\">SKU<\/td>\n<td style=\"height: 28px;\">49506<\/td>\n<\/tr>\n<tr style=\"height: 28px;\">\n<td style=\"height: 28px;\">A\u011f\u0131rl\u0131k<\/td>\n<td style=\"height: 28px;\">2.0 Gms<\/td>\n<\/tr>\n<tr style=\"height: 28px;\">\n<td style=\"height: 28px;\">Metal<\/td>\n<td style=\"height: 28px;\">22 Ayar Alt\u0131n<\/td>\n<\/tr>\n<tr style=\"height: 28px;\">\n<td style=\"height: 28px;\">\u00dccretler<\/td>\n<td style=\"height: 28px;\">Teslimat ve KDV Dahil<\/td>\n<\/tr>\n<tr style=\"height: 28px;\">\n<td style=\"height: 28px;\">Paketleme<\/td>\n<td style=\"height: 28px;\">Sunum Kutusu ile Birlikte Gelir<\/td>\n<\/tr>\n<tr style=\"height: 28px;\">\n<td style=\"height: 28px;\">Daha Fazla Bilgi<\/td>\n<td style=\"height: 28px;\">M\u00fcsaitlik durumu i\u00e7in bizimle canl\u0131 sohbet edin ve\u00a0<a href=\"https:\/\/www.purejewels.com\/tr\/urun-kategori%cc%87si%cc%87\/koleksiyonlar\/jali-koleksiyonlari\/jali-kupeler\/\">daha fazla resim<\/a><\/td>\n<\/tr>\n<\/tbody>\n<\/table>\n<\/div>\n<div class=\"btn-atc atc-slide\"><\/div>\n<div class=\"product_meta\"><\/div>","protected":false},"featured_media":384271,"comment_status":"closed","ping_status":"closed","template":"","meta":{"_eb_attr":"","_crsspst_to_jayantr4sg-hostcom":true},"product_brand":[],"product_cat":[1791,1559,1792,1790,1254,5343,5599,5338,1577,1569,1573,1574,5349],"product_tag":[5841,66],"class_list":{"0":"post-384270","1":"product","2":"type-product","3":"status-publish","4":"has-post-thumbnail","6":"product_cat-anniversary-gifts","7":"product_cat-birthday-gifts","8":"product_cat-festival-gifts","9":"product_cat-for-whom-when","10":"product_cat-gold-earrings","11":"product_cat-jewellery-under-550","12":"product_cat-baby-earring","13":"product_cat-shop-by-price","14":"product_cat-stud-earrings","15":"product_cat-valentine-day-gifts","16":"product_cat-wedding-gifts","17":"product_cat-womens-jewellery","18":"product_cat-yellow-gold-jewellery","19":"product_tag-22ct-gold-stud-earrings","20":"product_tag-earrings","22":"first","23":"outofstock","24":"taxable","25":"shipping-taxable","26":"product-type-simple","27":"add-to-wishlist-before_image"},"yoast_head":"<!-- This site is optimized with the Yoast SEO plugin v27.3 - https:\/\/yoast.com\/product\/yoast-seo-wordpress\/ -->\n<title>22ct Gold Filigree Stud Earrings \u2013 Elegant &amp; Intricate Design<\/title>\n<meta name=\"description\" content=\"Explore the timeless beauty of 22ct Gold Filigree Stud Earrings. Crafted with intricate filigree work, these lightweight studs are suitable for everyday.\" \/>\n<meta name=\"robots\" content=\"index, follow, max-snippet:-1, max-image-preview:large, max-video-preview:-1\" \/>\n<link rel=\"canonical\" href=\"https:\/\/www.purejewels.com\/tr\/urun\/22ct-49506-altin-saplama-kupe\/\" \/>\n<meta property=\"og:locale\" content=\"tr_TR\" \/>\n<meta property=\"og:type\" content=\"article\" \/>\n<meta property=\"og:title\" content=\"22ct Gold Filigree Stud Earrings \u2013 Elegant &amp; Intricate Design\" \/>\n<meta property=\"og:description\" content=\"Explore the timeless beauty of 22ct Gold Filigree Stud Earrings. Crafted with intricate filigree work, these lightweight studs are suitable for everyday.\" \/>\n<meta property=\"og:url\" content=\"https:\/\/www.purejewels.com\/tr\/urun\/22ct-49506-altin-saplama-kupe\/\" \/>\n<meta property=\"og:site_name\" content=\"PureJewels UK\" \/>\n<meta property=\"article:modified_time\" content=\"2025-09-23T09:49:38+00:00\" \/>\n<meta property=\"og:image\" content=\"https:\/\/www.purejewels.com\/wp-content\/uploads\/2025\/01\/SKU-49506-scaled.jpg\" \/>\n\t<meta property=\"og:image:width\" content=\"2560\" \/>\n\t<meta property=\"og:image:height\" content=\"1927\" \/>\n\t<meta property=\"og:image:type\" content=\"image\/jpeg\" \/>\n<meta name=\"twitter:card\" content=\"summary_large_image\" \/>\n<meta name=\"twitter:label1\" content=\"Tahmini okuma s\u00fcresi\" \/>\n\t<meta name=\"twitter:data1\" content=\"1 dakika\" \/>\n<script type=\"application\/ld+json\" class=\"yoast-schema-graph\">{\"@context\":\"https:\\\/\\\/schema.org\",\"@graph\":[{\"@type\":[\"WebPage\",\"ItemPage\"],\"@id\":\"https:\\\/\\\/www.purejewels.com\\\/product\\\/gold-stud-earring-in-22ct-49506\\\/\",\"url\":\"https:\\\/\\\/www.purejewels.com\\\/product\\\/gold-stud-earring-in-22ct-49506\\\/\",\"name\":\"22ct Gold Filigree Stud Earrings \u2013 Elegant & Intricate Design\",\"isPartOf\":{\"@id\":\"https:\\\/\\\/www.purejewels.com\\\/#website\"},\"primaryImageOfPage\":{\"@id\":\"https:\\\/\\\/www.purejewels.com\\\/product\\\/gold-stud-earring-in-22ct-49506\\\/#primaryimage\"},\"image\":{\"@id\":\"https:\\\/\\\/www.purejewels.com\\\/product\\\/gold-stud-earring-in-22ct-49506\\\/#primaryimage\"},\"thumbnailUrl\":\"https:\\\/\\\/static.purejewels.com\\\/wp-content\\\/uploads\\\/2025\\\/01\\\/SKU-49506-scaled.jpg\",\"datePublished\":\"2024-12-01T18:06:30+00:00\",\"dateModified\":\"2025-09-23T09:49:38+00:00\",\"description\":\"Explore the timeless beauty of 22ct Gold Filigree Stud Earrings. Crafted with intricate filigree work, these lightweight studs are suitable for everyday.\",\"breadcrumb\":{\"@id\":\"https:\\\/\\\/www.purejewels.com\\\/product\\\/gold-stud-earring-in-22ct-49506\\\/#breadcrumb\"},\"inLanguage\":\"tr\",\"potentialAction\":[{\"@type\":\"ReadAction\",\"target\":[\"https:\\\/\\\/www.purejewels.com\\\/product\\\/gold-stud-earring-in-22ct-49506\\\/\"]}]},{\"@type\":\"ImageObject\",\"inLanguage\":\"tr\",\"@id\":\"https:\\\/\\\/www.purejewels.com\\\/product\\\/gold-stud-earring-in-22ct-49506\\\/#primaryimage\",\"url\":\"https:\\\/\\\/static.purejewels.com\\\/wp-content\\\/uploads\\\/2025\\\/01\\\/SKU-49506-scaled.jpg\",\"contentUrl\":\"https:\\\/\\\/static.purejewels.com\\\/wp-content\\\/uploads\\\/2025\\\/01\\\/SKU-49506-scaled.jpg\",\"width\":2560,\"height\":1927},{\"@type\":\"BreadcrumbList\",\"@id\":\"https:\\\/\\\/www.purejewels.com\\\/product\\\/gold-stud-earring-in-22ct-49506\\\/#breadcrumb\",\"itemListElement\":[{\"@type\":\"ListItem\",\"position\":1,\"name\":\"Home\",\"item\":\"https:\\\/\\\/www.purejewels.com\\\/\"},{\"@type\":\"ListItem\",\"position\":2,\"name\":\"Shop\",\"item\":\"https:\\\/\\\/www.purejewels.com\\\/shop\\\/\"},{\"@type\":\"ListItem\",\"position\":3,\"name\":\"22ct Gold Filigree Stud Earrings\"}]},{\"@type\":\"WebSite\",\"@id\":\"https:\\\/\\\/www.purejewels.com\\\/#website\",\"url\":\"https:\\\/\\\/www.purejewels.com\\\/\",\"name\":\"PureJewels UK\",\"description\":\"Share the Love\",\"publisher\":{\"@id\":\"https:\\\/\\\/www.purejewels.com\\\/#organization\"},\"potentialAction\":[{\"@type\":\"SearchAction\",\"target\":{\"@type\":\"EntryPoint\",\"urlTemplate\":\"https:\\\/\\\/www.purejewels.com\\\/?s={search_term_string}\"},\"query-input\":{\"@type\":\"PropertyValueSpecification\",\"valueRequired\":true,\"valueName\":\"search_term_string\"}}],\"inLanguage\":\"tr\"},{\"@type\":\"Organization\",\"@id\":\"https:\\\/\\\/www.purejewels.com\\\/#organization\",\"name\":\"PureJewels UK\",\"url\":\"https:\\\/\\\/www.purejewels.com\\\/\",\"logo\":{\"@type\":\"ImageObject\",\"inLanguage\":\"tr\",\"@id\":\"https:\\\/\\\/www.purejewels.com\\\/#\\\/schema\\\/logo\\\/image\\\/\",\"url\":\"https:\\\/\\\/static.purejewels.com\\\/wp-content\\\/uploads\\\/2020\\\/11\\\/Logo-PJ-New-1.png\",\"contentUrl\":\"https:\\\/\\\/static.purejewels.com\\\/wp-content\\\/uploads\\\/2020\\\/11\\\/Logo-PJ-New-1.png\",\"width\":150,\"height\":80,\"caption\":\"PureJewels UK\"},\"image\":{\"@id\":\"https:\\\/\\\/www.purejewels.com\\\/#\\\/schema\\\/logo\\\/image\\\/\"}}]}<\/script>\n<!-- \/ Yoast SEO plugin. -->","yoast_head_json":{"title":"22 Ayar Alt\u0131n Telkari Saplama K\u00fcpe - Zarif ve Karma\u015f\u0131k Tasar\u0131m","description":"22 Ayar Alt\u0131n Telkari Saplama K\u00fcpelerin zamans\u0131z g\u00fczelli\u011fini ke\u015ffedin. Karma\u015f\u0131k telkari i\u015f\u00e7ili\u011fiyle haz\u0131rlanm\u0131\u015f bu hafif k\u00fcpeler g\u00fcnl\u00fck kullan\u0131m i\u00e7in uygundur.","robots":{"index":"index","follow":"follow","max-snippet":"max-snippet:-1","max-image-preview":"max-image-preview:large","max-video-preview":"max-video-preview:-1"},"canonical":"https:\/\/www.purejewels.com\/tr\/urun\/22ct-49506-altin-saplama-kupe\/","og_locale":"tr_TR","og_type":"article","og_title":"22ct Gold Filigree Stud Earrings \u2013 Elegant & Intricate Design","og_description":"Explore the timeless beauty of 22ct Gold Filigree Stud Earrings. Crafted with intricate filigree work, these lightweight studs are suitable for everyday.","og_url":"https:\/\/www.purejewels.com\/tr\/urun\/22ct-49506-altin-saplama-kupe\/","og_site_name":"PureJewels UK","article_modified_time":"2025-09-23T09:49:38+00:00","og_image":[{"width":2560,"height":1927,"url":"https:\/\/www.purejewels.com\/wp-content\/uploads\/2025\/01\/SKU-49506-scaled.jpg","type":"image\/jpeg"}],"twitter_card":"summary_large_image","twitter_misc":{"Tahmini okuma s\u00fcresi":"1 dakika"},"schema":{"@context":"https:\/\/schema.org","@graph":[{"@type":["WebPage","ItemPage"],"@id":"https:\/\/www.purejewels.com\/product\/gold-stud-earring-in-22ct-49506\/","url":"https:\/\/www.purejewels.com\/product\/gold-stud-earring-in-22ct-49506\/","name":"22 Ayar Alt\u0131n Telkari Saplama K\u00fcpe - Zarif ve Karma\u015f\u0131k Tasar\u0131m","isPartOf":{"@id":"https:\/\/www.purejewels.com\/#website"},"primaryImageOfPage":{"@id":"https:\/\/www.purejewels.com\/product\/gold-stud-earring-in-22ct-49506\/#primaryimage"},"image":{"@id":"https:\/\/www.purejewels.com\/product\/gold-stud-earring-in-22ct-49506\/#primaryimage"},"thumbnailUrl":"https:\/\/static.purejewels.com\/wp-content\/uploads\/2025\/01\/SKU-49506-scaled.jpg","datePublished":"2024-12-01T18:06:30+00:00","dateModified":"2025-09-23T09:49:38+00:00","description":"22 Ayar Alt\u0131n Telkari Saplama K\u00fcpelerin zamans\u0131z g\u00fczelli\u011fini ke\u015ffedin. Karma\u015f\u0131k telkari i\u015f\u00e7ili\u011fiyle haz\u0131rlanm\u0131\u015f bu hafif k\u00fcpeler g\u00fcnl\u00fck kullan\u0131m i\u00e7in uygundur.","breadcrumb":{"@id":"https:\/\/www.purejewels.com\/product\/gold-stud-earring-in-22ct-49506\/#breadcrumb"},"inLanguage":"tr","potentialAction":[{"@type":"ReadAction","target":["https:\/\/www.purejewels.com\/product\/gold-stud-earring-in-22ct-49506\/"]}]},{"@type":"ImageObject","inLanguage":"tr","@id":"https:\/\/www.purejewels.com\/product\/gold-stud-earring-in-22ct-49506\/#primaryimage","url":"https:\/\/static.purejewels.com\/wp-content\/uploads\/2025\/01\/SKU-49506-scaled.jpg","contentUrl":"https:\/\/static.purejewels.com\/wp-content\/uploads\/2025\/01\/SKU-49506-scaled.jpg","width":2560,"height":1927},{"@type":"BreadcrumbList","@id":"https:\/\/www.purejewels.com\/product\/gold-stud-earring-in-22ct-49506\/#breadcrumb","itemListElement":[{"@type":"ListItem","position":1,"name":"Home","item":"https:\/\/www.purejewels.com\/"},{"@type":"ListItem","position":2,"name":"Shop","item":"https:\/\/www.purejewels.com\/shop\/"},{"@type":"ListItem","position":3,"name":"22ct Gold Filigree Stud Earrings"}]},{"@type":"WebSite","@id":"https:\/\/www.purejewels.com\/#website","url":"https:\/\/www.purejewels.com\/","name":"PureJewels \u0130ngiltere","description":"Sevgiyi Payla\u015f\u0131n","publisher":{"@id":"https:\/\/www.purejewels.com\/#organization"},"potentialAction":[{"@type":"SearchAction","target":{"@type":"EntryPoint","urlTemplate":"https:\/\/www.purejewels.com\/?s={search_term_string}"},"query-input":{"@type":"PropertyValueSpecification","valueRequired":true,"valueName":"search_term_string"}}],"inLanguage":"tr"},{"@type":"Organization","@id":"https:\/\/www.purejewels.com\/#organization","name":"PureJewels \u0130ngiltere","url":"https:\/\/www.purejewels.com\/","logo":{"@type":"ImageObject","inLanguage":"tr","@id":"https:\/\/www.purejewels.com\/#\/schema\/logo\/image\/","url":"https:\/\/static.purejewels.com\/wp-content\/uploads\/2020\/11\/Logo-PJ-New-1.png","contentUrl":"https:\/\/static.purejewels.com\/wp-content\/uploads\/2020\/11\/Logo-PJ-New-1.png","width":150,"height":80,"caption":"PureJewels UK"},"image":{"@id":"https:\/\/www.purejewels.com\/#\/schema\/logo\/image\/"}}]}},"_links":{"self":[{"href":"https:\/\/www.purejewels.com\/tr\/wp-json\/wp\/v2\/product\/384270","targetHints":{"allow":["GET"]}}],"collection":[{"href":"https:\/\/www.purejewels.com\/tr\/wp-json\/wp\/v2\/product"}],"about":[{"href":"https:\/\/www.purejewels.com\/tr\/wp-json\/wp\/v2\/types\/product"}],"replies":[{"embeddable":true,"href":"https:\/\/www.purejewels.com\/tr\/wp-json\/wp\/v2\/comments?post=384270"}],"version-history":[{"count":4,"href":"https:\/\/www.purejewels.com\/tr\/wp-json\/wp\/v2\/product\/384270\/revisions"}],"predecessor-version":[{"id":390090,"href":"https:\/\/www.purejewels.com\/tr\/wp-json\/wp\/v2\/product\/384270\/revisions\/390090"}],"wp:featuredmedia":[{"embeddable":true,"href":"https:\/\/www.purejewels.com\/tr\/wp-json\/wp\/v2\/media\/384271"}],"wp:attachment":[{"href":"https:\/\/www.purejewels.com\/tr\/wp-json\/wp\/v2\/media?parent=384270"}],"wp:term":[{"taxonomy":"product_brand","embeddable":true,"href":"https:\/\/www.purejewels.com\/tr\/wp-json\/wp\/v2\/product_brand?post=384270"},{"taxonomy":"product_cat","embeddable":true,"href":"https:\/\/www.purejewels.com\/tr\/wp-json\/wp\/v2\/product_cat?post=384270"},{"taxonomy":"product_tag","embeddable":true,"href":"https:\/\/www.purejewels.com\/tr\/wp-json\/wp\/v2\/product_tag?post=384270"}],"curies":[{"name":"wp","href":"https:\/\/api.w.org\/{rel}","templated":true}]}}