{"id":384278,"date":"2024-12-01T18:28:56","date_gmt":"2024-12-01T18:28:56","guid":{"rendered":"https:\/\/www.purejewels.com\/?post_type=product&#038;p=384278"},"modified":"2025-11-12T05:17:08","modified_gmt":"2025-11-12T05:17:08","slug":"22ct-47652-altin-bebek-saplama-kupe","status":"publish","type":"product","link":"https:\/\/www.purejewels.com\/tr\/product\/gold-baby-stud-earring-in-22ct-47652\/","title":{"rendered":"22ct Alt\u0131n Bebek Saplama K\u00fcpe"},"content":{"rendered":"<p>Londra'daki Green Street'te bulunan PureJewels'te, k\u00fc\u00e7\u00fck \u00e7ocu\u011funuz i\u00e7in m\u00fckemmel 22 ayar alt\u0131n bebek saplama k\u00fcpeleri sunuyoruz. Bu narin saplama k\u00fcpeler, her k\u0131yafete \u015f\u0131kl\u0131k katacak zamans\u0131z ve klasik bir aksesuard\u0131r. Y\u00fcksek kaliteli 22 ayar alt\u0131ndan \u00fcretilen bu k\u00fcpeler sadece g\u00fczel de\u011fil ayn\u0131 zamanda dayan\u0131kl\u0131d\u0131r, bu da onlar\u0131 \u00e7ocu\u011funuzun m\u00fccevher koleksiyonu i\u00e7in harika bir yat\u0131r\u0131m haline getirir.<\/p>\n<p>Alt\u0131n Bebek Saplama K\u00fcpelerimiz sadece 0,7 gram a\u011f\u0131rl\u0131\u011f\u0131ndad\u0131r, bu da onlar\u0131 k\u00fc\u00e7\u00fck \u00e7ocu\u011funuzun g\u00fcn boyu takmas\u0131 i\u00e7in hafif ve rahat hale getirir. Her bir k\u00fcpe \u00e7ifti bir sunum kutusunda gelir, bu da onlar\u0131 \u00f6zel g\u00fcnlerde hediye etmek i\u00e7in m\u00fckemmel k\u0131lar. Bulunabilirlik hakk\u0131nda herhangi bir sorunuz varsa veya daha fazla resim g\u00f6rmek istiyorsan\u0131z, ekibimiz size yard\u0131mc\u0131 olmak i\u00e7in canl\u0131 sohbete haz\u0131rd\u0131r.<\/p>\n<p>Pure Jewels'da g\u00fcvenle al\u0131\u015fveri\u015f yap\u0131n, \u00e7\u00fcnk\u00fc \u00fccretsiz takipli teslimat ve g\u00fcvenli \u00e7evrimi\u00e7i \u00f6demeler sunuyoruz. Bu \u00e7arp\u0131c\u0131 22 Ayar Alt\u0131n Bebek Saplama K\u00fcpelerini bug\u00fcn sepetinize ekleyin ve \u00e7ocu\u011funuza y\u0131llarca de\u011fer verece\u011fi zamans\u0131z bir m\u00fccevher hediye edin.<\/p>","protected":false},"excerpt":{"rendered":"<div class=\"woocommerce-product-details__short-description\">\n<table class=\"sh_desc\" style=\"width: 100%; height: 252px;\">\n<tbody>\n<tr style=\"height: 28px;\">\n<td style=\"height: 28px;\">K\u00fcpe T\u00fcr\u00fc<\/td>\n<td style=\"height: 28px;\">Saplama K\u00fcpe<\/td>\n<\/tr>\n<tr style=\"height: 28px;\">\n<td style=\"height: 28px;\">SKU<\/td>\n<td style=\"height: 28px;\">47652<\/td>\n<\/tr>\n<tr style=\"height: 28px;\">\n<td style=\"height: 28px;\">A\u011f\u0131rl\u0131k<\/td>\n<td style=\"height: 28px;\">0.7 Gms<\/td>\n<\/tr>\n<tr style=\"height: 28px;\">\n<td style=\"height: 28px;\">Metal<\/td>\n<td style=\"height: 28px;\">22 Ayar Alt\u0131n<\/td>\n<\/tr>\n<tr style=\"height: 28px;\">\n<td style=\"height: 28px;\">\u00dccretler<\/td>\n<td style=\"height: 28px;\">Teslimat ve KDV Dahil<\/td>\n<\/tr>\n<tr style=\"height: 28px;\">\n<td style=\"height: 28px;\">Paketleme<\/td>\n<td style=\"height: 28px;\">Sunum Kutusu ile Birlikte Gelir<\/td>\n<\/tr>\n<tr style=\"height: 28px;\">\n<td style=\"height: 28px;\">Daha Fazla Bilgi<\/td>\n<td style=\"height: 28px;\">M\u00fcsaitlik durumu ve daha fazla resim i\u00e7in bizimle canl\u0131 sohbet edin<\/td>\n<\/tr>\n<\/tbody>\n<\/table>\n<\/div>","protected":false},"featured_media":384279,"comment_status":"closed","ping_status":"closed","template":"","meta":{"_eb_attr":"","_crsspst_to_jayantr4sg-hostcom":true},"product_brand":[],"product_cat":[1576,1793,1792,1790,1254,1229,5342,5599,5943,5338,1577,5349],"product_tag":[5841,66],"class_list":{"0":"post-384278","1":"product","2":"type-product","3":"status-publish","4":"has-post-thumbnail","6":"product_cat-childrens-jewellery","7":"product_cat-diwali-gifts","8":"product_cat-festival-gifts","9":"product_cat-for-whom-when","10":"product_cat-gold-earrings","11":"product_cat-22ct-gold-jewellery","12":"product_cat-jewellery-under-250","13":"product_cat-baby-earring","14":"product_cat-kids-jewellery","15":"product_cat-shop-by-price","16":"product_cat-stud-earrings","17":"product_cat-yellow-gold-jewellery","18":"product_tag-22ct-gold-stud-earrings","19":"product_tag-earrings","21":"first","22":"outofstock","23":"taxable","24":"shipping-taxable","25":"product-type-simple","26":"add-to-wishlist-before_image"},"yoast_head":"<!-- This site is optimized with the Yoast SEO plugin v27.3 - https:\/\/yoast.com\/product\/yoast-seo-wordpress\/ -->\n<title>22ct Gold Baby Studs at Purejewels Green Street London<\/title>\n<meta name=\"description\" content=\"Discover 22ct Gold Stud Earrings for babies and kids. Perfect for any occasion, lightweight, and designed for daily wear. Free UK delivery\" \/>\n<meta name=\"robots\" content=\"index, follow, max-snippet:-1, max-image-preview:large, max-video-preview:-1\" \/>\n<link rel=\"canonical\" href=\"https:\/\/www.purejewels.com\/tr\/urun\/22ct-47652-altin-bebek-saplama-kupe\/\" \/>\n<meta property=\"og:locale\" content=\"tr_TR\" \/>\n<meta property=\"og:type\" content=\"article\" \/>\n<meta property=\"og:title\" content=\"22ct Gold Baby Studs at Purejewels Green Street London\" \/>\n<meta property=\"og:description\" content=\"Discover 22ct Gold Stud Earrings for babies and kids. Perfect for any occasion, lightweight, and designed for daily wear. Free UK delivery\" \/>\n<meta property=\"og:url\" content=\"https:\/\/www.purejewels.com\/tr\/urun\/22ct-47652-altin-bebek-saplama-kupe\/\" \/>\n<meta property=\"og:site_name\" content=\"PureJewels UK\" \/>\n<meta property=\"article:modified_time\" content=\"2025-11-12T05:17:08+00:00\" \/>\n<meta property=\"og:image\" content=\"https:\/\/www.purejewels.com\/wp-content\/uploads\/2025\/01\/SKU-47652-scaled.jpg\" \/>\n\t<meta property=\"og:image:width\" content=\"2560\" \/>\n\t<meta property=\"og:image:height\" content=\"1927\" \/>\n\t<meta property=\"og:image:type\" content=\"image\/jpeg\" \/>\n<meta name=\"twitter:card\" content=\"summary_large_image\" \/>\n<meta name=\"twitter:label1\" content=\"Tahmini okuma s\u00fcresi\" \/>\n\t<meta name=\"twitter:data1\" content=\"1 dakika\" \/>\n<script type=\"application\/ld+json\" class=\"yoast-schema-graph\">{\"@context\":\"https:\\\/\\\/schema.org\",\"@graph\":[{\"@type\":[\"WebPage\",\"ItemPage\"],\"@id\":\"https:\\\/\\\/www.purejewels.com\\\/product\\\/gold-baby-stud-earring-in-22ct-47652\\\/\",\"url\":\"https:\\\/\\\/www.purejewels.com\\\/product\\\/gold-baby-stud-earring-in-22ct-47652\\\/\",\"name\":\"22ct Gold Baby Studs at Purejewels Green Street London\",\"isPartOf\":{\"@id\":\"https:\\\/\\\/www.purejewels.com\\\/#website\"},\"primaryImageOfPage\":{\"@id\":\"https:\\\/\\\/www.purejewels.com\\\/product\\\/gold-baby-stud-earring-in-22ct-47652\\\/#primaryimage\"},\"image\":{\"@id\":\"https:\\\/\\\/www.purejewels.com\\\/product\\\/gold-baby-stud-earring-in-22ct-47652\\\/#primaryimage\"},\"thumbnailUrl\":\"https:\\\/\\\/static.purejewels.com\\\/wp-content\\\/uploads\\\/2025\\\/01\\\/SKU-47652-scaled.jpg\",\"datePublished\":\"2024-12-01T18:28:56+00:00\",\"dateModified\":\"2025-11-12T05:17:08+00:00\",\"description\":\"Discover 22ct Gold Stud Earrings for babies and kids. Perfect for any occasion, lightweight, and designed for daily wear. Free UK delivery\",\"breadcrumb\":{\"@id\":\"https:\\\/\\\/www.purejewels.com\\\/product\\\/gold-baby-stud-earring-in-22ct-47652\\\/#breadcrumb\"},\"inLanguage\":\"tr\",\"potentialAction\":[{\"@type\":\"ReadAction\",\"target\":[\"https:\\\/\\\/www.purejewels.com\\\/product\\\/gold-baby-stud-earring-in-22ct-47652\\\/\"]}]},{\"@type\":\"ImageObject\",\"inLanguage\":\"tr\",\"@id\":\"https:\\\/\\\/www.purejewels.com\\\/product\\\/gold-baby-stud-earring-in-22ct-47652\\\/#primaryimage\",\"url\":\"https:\\\/\\\/static.purejewels.com\\\/wp-content\\\/uploads\\\/2025\\\/01\\\/SKU-47652-scaled.jpg\",\"contentUrl\":\"https:\\\/\\\/static.purejewels.com\\\/wp-content\\\/uploads\\\/2025\\\/01\\\/SKU-47652-scaled.jpg\",\"width\":2560,\"height\":1927},{\"@type\":\"BreadcrumbList\",\"@id\":\"https:\\\/\\\/www.purejewels.com\\\/product\\\/gold-baby-stud-earring-in-22ct-47652\\\/#breadcrumb\",\"itemListElement\":[{\"@type\":\"ListItem\",\"position\":1,\"name\":\"Home\",\"item\":\"https:\\\/\\\/www.purejewels.com\\\/\"},{\"@type\":\"ListItem\",\"position\":2,\"name\":\"Shop\",\"item\":\"https:\\\/\\\/www.purejewels.com\\\/shop\\\/\"},{\"@type\":\"ListItem\",\"position\":3,\"name\":\"Gold Baby Stud Earring in 22ct\"}]},{\"@type\":\"WebSite\",\"@id\":\"https:\\\/\\\/www.purejewels.com\\\/#website\",\"url\":\"https:\\\/\\\/www.purejewels.com\\\/\",\"name\":\"PureJewels UK\",\"description\":\"Share the Love\",\"publisher\":{\"@id\":\"https:\\\/\\\/www.purejewels.com\\\/#organization\"},\"potentialAction\":[{\"@type\":\"SearchAction\",\"target\":{\"@type\":\"EntryPoint\",\"urlTemplate\":\"https:\\\/\\\/www.purejewels.com\\\/?s={search_term_string}\"},\"query-input\":{\"@type\":\"PropertyValueSpecification\",\"valueRequired\":true,\"valueName\":\"search_term_string\"}}],\"inLanguage\":\"tr\"},{\"@type\":\"Organization\",\"@id\":\"https:\\\/\\\/www.purejewels.com\\\/#organization\",\"name\":\"PureJewels UK\",\"url\":\"https:\\\/\\\/www.purejewels.com\\\/\",\"logo\":{\"@type\":\"ImageObject\",\"inLanguage\":\"tr\",\"@id\":\"https:\\\/\\\/www.purejewels.com\\\/#\\\/schema\\\/logo\\\/image\\\/\",\"url\":\"https:\\\/\\\/static.purejewels.com\\\/wp-content\\\/uploads\\\/2020\\\/11\\\/Logo-PJ-New-1.png\",\"contentUrl\":\"https:\\\/\\\/static.purejewels.com\\\/wp-content\\\/uploads\\\/2020\\\/11\\\/Logo-PJ-New-1.png\",\"width\":150,\"height\":80,\"caption\":\"PureJewels UK\"},\"image\":{\"@id\":\"https:\\\/\\\/www.purejewels.com\\\/#\\\/schema\\\/logo\\\/image\\\/\"}}]}<\/script>\n<!-- \/ Yoast SEO plugin. -->","yoast_head_json":{"title":"Purejewels Green Street Londra'da 22 Ayar Alt\u0131n Bebek \u00c7\u0131t\u00e7\u0131tlar\u0131","description":"Bebekler ve \u00e7ocuklar i\u00e7in 22 ayar alt\u0131n saplama k\u00fcpeleri ke\u015ffedin. Her durum i\u00e7in m\u00fckemmeldir, hafiftir ve g\u00fcnl\u00fck kullan\u0131m i\u00e7in tasarlanm\u0131\u015ft\u0131r. \u00dccretsiz \u0130ngiltere teslimat\u0131","robots":{"index":"index","follow":"follow","max-snippet":"max-snippet:-1","max-image-preview":"max-image-preview:large","max-video-preview":"max-video-preview:-1"},"canonical":"https:\/\/www.purejewels.com\/tr\/urun\/22ct-47652-altin-bebek-saplama-kupe\/","og_locale":"tr_TR","og_type":"article","og_title":"22ct Gold Baby Studs at Purejewels Green Street London","og_description":"Discover 22ct Gold Stud Earrings for babies and kids. Perfect for any occasion, lightweight, and designed for daily wear. Free UK delivery","og_url":"https:\/\/www.purejewels.com\/tr\/urun\/22ct-47652-altin-bebek-saplama-kupe\/","og_site_name":"PureJewels UK","article_modified_time":"2025-11-12T05:17:08+00:00","og_image":[{"width":2560,"height":1927,"url":"https:\/\/www.purejewels.com\/wp-content\/uploads\/2025\/01\/SKU-47652-scaled.jpg","type":"image\/jpeg"}],"twitter_card":"summary_large_image","twitter_misc":{"Tahmini okuma s\u00fcresi":"1 dakika"},"schema":{"@context":"https:\/\/schema.org","@graph":[{"@type":["WebPage","ItemPage"],"@id":"https:\/\/www.purejewels.com\/product\/gold-baby-stud-earring-in-22ct-47652\/","url":"https:\/\/www.purejewels.com\/product\/gold-baby-stud-earring-in-22ct-47652\/","name":"Purejewels Green Street Londra'da 22 Ayar Alt\u0131n Bebek \u00c7\u0131t\u00e7\u0131tlar\u0131","isPartOf":{"@id":"https:\/\/www.purejewels.com\/#website"},"primaryImageOfPage":{"@id":"https:\/\/www.purejewels.com\/product\/gold-baby-stud-earring-in-22ct-47652\/#primaryimage"},"image":{"@id":"https:\/\/www.purejewels.com\/product\/gold-baby-stud-earring-in-22ct-47652\/#primaryimage"},"thumbnailUrl":"https:\/\/static.purejewels.com\/wp-content\/uploads\/2025\/01\/SKU-47652-scaled.jpg","datePublished":"2024-12-01T18:28:56+00:00","dateModified":"2025-11-12T05:17:08+00:00","description":"Bebekler ve \u00e7ocuklar i\u00e7in 22 ayar alt\u0131n saplama k\u00fcpeleri ke\u015ffedin. Her durum i\u00e7in m\u00fckemmeldir, hafiftir ve g\u00fcnl\u00fck kullan\u0131m i\u00e7in tasarlanm\u0131\u015ft\u0131r. \u00dccretsiz \u0130ngiltere teslimat\u0131","breadcrumb":{"@id":"https:\/\/www.purejewels.com\/product\/gold-baby-stud-earring-in-22ct-47652\/#breadcrumb"},"inLanguage":"tr","potentialAction":[{"@type":"ReadAction","target":["https:\/\/www.purejewels.com\/product\/gold-baby-stud-earring-in-22ct-47652\/"]}]},{"@type":"ImageObject","inLanguage":"tr","@id":"https:\/\/www.purejewels.com\/product\/gold-baby-stud-earring-in-22ct-47652\/#primaryimage","url":"https:\/\/static.purejewels.com\/wp-content\/uploads\/2025\/01\/SKU-47652-scaled.jpg","contentUrl":"https:\/\/static.purejewels.com\/wp-content\/uploads\/2025\/01\/SKU-47652-scaled.jpg","width":2560,"height":1927},{"@type":"BreadcrumbList","@id":"https:\/\/www.purejewels.com\/product\/gold-baby-stud-earring-in-22ct-47652\/#breadcrumb","itemListElement":[{"@type":"ListItem","position":1,"name":"Home","item":"https:\/\/www.purejewels.com\/"},{"@type":"ListItem","position":2,"name":"Shop","item":"https:\/\/www.purejewels.com\/shop\/"},{"@type":"ListItem","position":3,"name":"Gold Baby Stud Earring in 22ct"}]},{"@type":"WebSite","@id":"https:\/\/www.purejewels.com\/#website","url":"https:\/\/www.purejewels.com\/","name":"PureJewels \u0130ngiltere","description":"Sevgiyi Payla\u015f\u0131n","publisher":{"@id":"https:\/\/www.purejewels.com\/#organization"},"potentialAction":[{"@type":"SearchAction","target":{"@type":"EntryPoint","urlTemplate":"https:\/\/www.purejewels.com\/?s={search_term_string}"},"query-input":{"@type":"PropertyValueSpecification","valueRequired":true,"valueName":"search_term_string"}}],"inLanguage":"tr"},{"@type":"Organization","@id":"https:\/\/www.purejewels.com\/#organization","name":"PureJewels \u0130ngiltere","url":"https:\/\/www.purejewels.com\/","logo":{"@type":"ImageObject","inLanguage":"tr","@id":"https:\/\/www.purejewels.com\/#\/schema\/logo\/image\/","url":"https:\/\/static.purejewels.com\/wp-content\/uploads\/2020\/11\/Logo-PJ-New-1.png","contentUrl":"https:\/\/static.purejewels.com\/wp-content\/uploads\/2020\/11\/Logo-PJ-New-1.png","width":150,"height":80,"caption":"PureJewels UK"},"image":{"@id":"https:\/\/www.purejewels.com\/#\/schema\/logo\/image\/"}}]}},"_links":{"self":[{"href":"https:\/\/www.purejewels.com\/tr\/wp-json\/wp\/v2\/product\/384278","targetHints":{"allow":["GET"]}}],"collection":[{"href":"https:\/\/www.purejewels.com\/tr\/wp-json\/wp\/v2\/product"}],"about":[{"href":"https:\/\/www.purejewels.com\/tr\/wp-json\/wp\/v2\/types\/product"}],"replies":[{"embeddable":true,"href":"https:\/\/www.purejewels.com\/tr\/wp-json\/wp\/v2\/comments?post=384278"}],"version-history":[{"count":3,"href":"https:\/\/www.purejewels.com\/tr\/wp-json\/wp\/v2\/product\/384278\/revisions"}],"predecessor-version":[{"id":420824,"href":"https:\/\/www.purejewels.com\/tr\/wp-json\/wp\/v2\/product\/384278\/revisions\/420824"}],"wp:featuredmedia":[{"embeddable":true,"href":"https:\/\/www.purejewels.com\/tr\/wp-json\/wp\/v2\/media\/384279"}],"wp:attachment":[{"href":"https:\/\/www.purejewels.com\/tr\/wp-json\/wp\/v2\/media?parent=384278"}],"wp:term":[{"taxonomy":"product_brand","embeddable":true,"href":"https:\/\/www.purejewels.com\/tr\/wp-json\/wp\/v2\/product_brand?post=384278"},{"taxonomy":"product_cat","embeddable":true,"href":"https:\/\/www.purejewels.com\/tr\/wp-json\/wp\/v2\/product_cat?post=384278"},{"taxonomy":"product_tag","embeddable":true,"href":"https:\/\/www.purejewels.com\/tr\/wp-json\/wp\/v2\/product_tag?post=384278"}],"curies":[{"name":"wp","href":"https:\/\/api.w.org\/{rel}","templated":true}]}}