{"id":384289,"date":"2024-12-01T18:45:32","date_gmt":"2024-12-01T18:45:32","guid":{"rendered":"https:\/\/www.purejewels.com\/?post_type=product&#038;p=384289"},"modified":"2025-11-06T11:07:58","modified_gmt":"2025-11-06T11:07:58","slug":"22ct-47653-altin-bebek-saplama-kupe","status":"publish","type":"product","link":"https:\/\/www.purejewels.com\/tr\/product\/gold-baby-stud-earring-in-22ct-47653\/","title":{"rendered":"22ct Alt\u0131n Bebek Saplama K\u00fcpe"},"content":{"rendered":"<p>Yeni bir bebek veya k\u00fc\u00e7\u00fck bir \u00e7ocuk i\u00e7in m\u00fckemmel bir hediye mi ar\u0131yorsunuz? Purejewels Green Street UK'den 22 ayar alt\u0131n bu sevimli bebek k\u00fcpelerinden ba\u015fkas\u0131na bakmay\u0131n. Bu narin k\u00fcpeler k\u00fc\u00e7\u00fck kulaklar i\u00e7in m\u00fckemmeldir ve her k\u0131yafete \u0131\u015f\u0131lt\u0131 ve sofistike bir dokunu\u015f katar.<\/p>\n<p>Y\u00fcksek kaliteli 22 ayar alt\u0131ndan \u00fcretilen bu k\u00fcpeler, her k\u00fc\u00e7\u00fck \u00e7ocuk i\u00e7in zamans\u0131z ve klasik bir se\u00e7imdir. Hafif tasar\u0131m\u0131 sayesinde g\u00fcn boyu rahat\u00e7a tak\u0131labilir ve g\u00fcvenli sabitleme \u00f6zelli\u011fi sayesinde yerinde kal\u0131r. Her bir \u00e7ift, sunum kutusunda g\u00fczel bir \u015fekilde paketlenmi\u015f olarak gelir ve her \u00f6zel g\u00fcn i\u00e7in hediye edilmeye haz\u0131rd\u0131r.<\/p>\n<p>\u0130ster do\u011fum g\u00fcn\u00fc hediyesi, ister festival hediyesi, isterseniz de hayat\u0131n\u0131zdaki \u00f6zel bir k\u00fc\u00e7\u00fck \u00e7ocu\u011fu \u015f\u0131martmak i\u00e7in al\u0131\u015fveri\u015f yap\u0131yor olun, bu bebek k\u00fcpelerinin \u00e7ok be\u011fenilece\u011fi kesin.<\/p>","protected":false},"excerpt":{"rendered":"<div class=\"woocommerce-product-details__short-description\">\n<table class=\"sh_desc\" style=\"width: 100%; height: 252px;\">\n<tbody>\n<tr style=\"height: 28px;\">\n<td style=\"height: 28px;\">K\u00fcpe T\u00fcr\u00fc<\/td>\n<td style=\"height: 28px;\">Saplama K\u00fcpe<\/td>\n<\/tr>\n<tr style=\"height: 28px;\">\n<td style=\"height: 28px;\">SKU<\/td>\n<td style=\"height: 28px;\">47653<\/td>\n<\/tr>\n<tr style=\"height: 28px;\">\n<td style=\"height: 28px;\">A\u011f\u0131rl\u0131k<\/td>\n<td style=\"height: 28px;\">0.7 Gms<\/td>\n<\/tr>\n<tr style=\"height: 28px;\">\n<td style=\"height: 28px;\">Metal<\/td>\n<td style=\"height: 28px;\">22 Ayar Alt\u0131n<\/td>\n<\/tr>\n<tr style=\"height: 28px;\">\n<td style=\"height: 28px;\">\u00dccretler<\/td>\n<td style=\"height: 28px;\">Teslimat ve KDV Dahil<\/td>\n<\/tr>\n<tr style=\"height: 28px;\">\n<td style=\"height: 28px;\">Paketleme<\/td>\n<td style=\"height: 28px;\">Sunum Kutusu ile Birlikte Gelir<\/td>\n<\/tr>\n<tr style=\"height: 28px;\">\n<td style=\"height: 28px;\">Daha Fazla Bilgi<\/td>\n<td style=\"height: 28px;\">M\u00fcsaitlik durumu ve daha fazla resim i\u00e7in bizimle canl\u0131 sohbet edin<\/td>\n<\/tr>\n<\/tbody>\n<\/table>\n<\/div>\n<div class=\"btn-atc atc-slide\"><\/div>\n<div class=\"product_meta\"><\/div>","protected":false},"featured_media":384290,"comment_status":"closed","ping_status":"closed","template":"","meta":{"_eb_attr":"","_crsspst_to_jayantr4sg-hostcom":true},"product_brand":[],"product_cat":[1559,1576,1792,1790,1254,1229,5342,5599,5943,5338,1577,5349],"product_tag":[66],"class_list":{"0":"post-384289","1":"product","2":"type-product","3":"status-publish","4":"has-post-thumbnail","6":"product_cat-birthday-gifts","7":"product_cat-childrens-jewellery","8":"product_cat-festival-gifts","9":"product_cat-for-whom-when","10":"product_cat-gold-earrings","11":"product_cat-22ct-gold-jewellery","12":"product_cat-jewellery-under-250","13":"product_cat-baby-earring","14":"product_cat-kids-jewellery","15":"product_cat-shop-by-price","16":"product_cat-stud-earrings","17":"product_cat-yellow-gold-jewellery","18":"product_tag-earrings","20":"first","21":"outofstock","22":"taxable","23":"shipping-taxable","24":"product-type-simple","25":"add-to-wishlist-before_image"},"yoast_head":"<!-- This site is optimized with the Yoast SEO plugin v27.3 - https:\/\/yoast.com\/product\/yoast-seo-wordpress\/ -->\n<title>Stud Earring for babies in 22ct Gold at Purejewels Green Street UK<\/title>\n<meta name=\"description\" content=\"Discover our collection of gold baby earrings online. Buy this Gold stud Earring in 22 carat from PureJewels\u2014free delivery across the UK.\" \/>\n<meta name=\"robots\" content=\"index, follow, max-snippet:-1, max-image-preview:large, max-video-preview:-1\" \/>\n<link rel=\"canonical\" href=\"https:\/\/www.purejewels.com\/tr\/urun\/22ct-47653-altin-bebek-saplama-kupe\/\" \/>\n<meta property=\"og:locale\" content=\"tr_TR\" \/>\n<meta property=\"og:type\" content=\"article\" \/>\n<meta property=\"og:title\" content=\"Stud Earring for babies in 22ct Gold at Purejewels Green Street UK\" \/>\n<meta property=\"og:description\" content=\"Discover our collection of gold baby earrings online. Buy this Gold stud Earring in 22 carat from PureJewels\u2014free delivery across the UK.\" \/>\n<meta property=\"og:url\" content=\"https:\/\/www.purejewels.com\/tr\/urun\/22ct-47653-altin-bebek-saplama-kupe\/\" \/>\n<meta property=\"og:site_name\" content=\"PureJewels UK\" \/>\n<meta property=\"article:modified_time\" content=\"2025-11-06T11:07:58+00:00\" \/>\n<meta property=\"og:image\" content=\"https:\/\/www.purejewels.com\/wp-content\/uploads\/2025\/01\/SKU-47653-scaled.jpg\" \/>\n\t<meta property=\"og:image:width\" content=\"2560\" \/>\n\t<meta property=\"og:image:height\" content=\"1927\" \/>\n\t<meta property=\"og:image:type\" content=\"image\/jpeg\" \/>\n<meta name=\"twitter:card\" content=\"summary_large_image\" \/>\n<meta name=\"twitter:label1\" content=\"Tahmini okuma s\u00fcresi\" \/>\n\t<meta name=\"twitter:data1\" content=\"1 dakika\" \/>\n<script type=\"application\/ld+json\" class=\"yoast-schema-graph\">{\"@context\":\"https:\\\/\\\/schema.org\",\"@graph\":[{\"@type\":[\"WebPage\",\"ItemPage\"],\"@id\":\"https:\\\/\\\/www.purejewels.com\\\/product\\\/gold-baby-stud-earring-in-22ct-47653\\\/\",\"url\":\"https:\\\/\\\/www.purejewels.com\\\/product\\\/gold-baby-stud-earring-in-22ct-47653\\\/\",\"name\":\"Stud Earring for babies in 22ct Gold at Purejewels Green Street UK\",\"isPartOf\":{\"@id\":\"https:\\\/\\\/www.purejewels.com\\\/#website\"},\"primaryImageOfPage\":{\"@id\":\"https:\\\/\\\/www.purejewels.com\\\/product\\\/gold-baby-stud-earring-in-22ct-47653\\\/#primaryimage\"},\"image\":{\"@id\":\"https:\\\/\\\/www.purejewels.com\\\/product\\\/gold-baby-stud-earring-in-22ct-47653\\\/#primaryimage\"},\"thumbnailUrl\":\"https:\\\/\\\/static.purejewels.com\\\/wp-content\\\/uploads\\\/2025\\\/01\\\/SKU-47653-scaled.jpg\",\"datePublished\":\"2024-12-01T18:45:32+00:00\",\"dateModified\":\"2025-11-06T11:07:58+00:00\",\"description\":\"Discover our collection of gold baby earrings online. Buy this Gold stud Earring in 22 carat from PureJewels\u2014free delivery across the UK.\",\"breadcrumb\":{\"@id\":\"https:\\\/\\\/www.purejewels.com\\\/product\\\/gold-baby-stud-earring-in-22ct-47653\\\/#breadcrumb\"},\"inLanguage\":\"tr\",\"potentialAction\":[{\"@type\":\"ReadAction\",\"target\":[\"https:\\\/\\\/www.purejewels.com\\\/product\\\/gold-baby-stud-earring-in-22ct-47653\\\/\"]}]},{\"@type\":\"ImageObject\",\"inLanguage\":\"tr\",\"@id\":\"https:\\\/\\\/www.purejewels.com\\\/product\\\/gold-baby-stud-earring-in-22ct-47653\\\/#primaryimage\",\"url\":\"https:\\\/\\\/static.purejewels.com\\\/wp-content\\\/uploads\\\/2025\\\/01\\\/SKU-47653-scaled.jpg\",\"contentUrl\":\"https:\\\/\\\/static.purejewels.com\\\/wp-content\\\/uploads\\\/2025\\\/01\\\/SKU-47653-scaled.jpg\",\"width\":2560,\"height\":1927},{\"@type\":\"BreadcrumbList\",\"@id\":\"https:\\\/\\\/www.purejewels.com\\\/product\\\/gold-baby-stud-earring-in-22ct-47653\\\/#breadcrumb\",\"itemListElement\":[{\"@type\":\"ListItem\",\"position\":1,\"name\":\"Home\",\"item\":\"https:\\\/\\\/www.purejewels.com\\\/\"},{\"@type\":\"ListItem\",\"position\":2,\"name\":\"Shop\",\"item\":\"https:\\\/\\\/www.purejewels.com\\\/shop\\\/\"},{\"@type\":\"ListItem\",\"position\":3,\"name\":\"Gold Baby Stud Earring in 22ct\"}]},{\"@type\":\"WebSite\",\"@id\":\"https:\\\/\\\/www.purejewels.com\\\/#website\",\"url\":\"https:\\\/\\\/www.purejewels.com\\\/\",\"name\":\"PureJewels UK\",\"description\":\"Share the Love\",\"publisher\":{\"@id\":\"https:\\\/\\\/www.purejewels.com\\\/#organization\"},\"potentialAction\":[{\"@type\":\"SearchAction\",\"target\":{\"@type\":\"EntryPoint\",\"urlTemplate\":\"https:\\\/\\\/www.purejewels.com\\\/?s={search_term_string}\"},\"query-input\":{\"@type\":\"PropertyValueSpecification\",\"valueRequired\":true,\"valueName\":\"search_term_string\"}}],\"inLanguage\":\"tr\"},{\"@type\":\"Organization\",\"@id\":\"https:\\\/\\\/www.purejewels.com\\\/#organization\",\"name\":\"PureJewels UK\",\"url\":\"https:\\\/\\\/www.purejewels.com\\\/\",\"logo\":{\"@type\":\"ImageObject\",\"inLanguage\":\"tr\",\"@id\":\"https:\\\/\\\/www.purejewels.com\\\/#\\\/schema\\\/logo\\\/image\\\/\",\"url\":\"https:\\\/\\\/static.purejewels.com\\\/wp-content\\\/uploads\\\/2020\\\/11\\\/Logo-PJ-New-1.png\",\"contentUrl\":\"https:\\\/\\\/static.purejewels.com\\\/wp-content\\\/uploads\\\/2020\\\/11\\\/Logo-PJ-New-1.png\",\"width\":150,\"height\":80,\"caption\":\"PureJewels UK\"},\"image\":{\"@id\":\"https:\\\/\\\/www.purejewels.com\\\/#\\\/schema\\\/logo\\\/image\\\/\"}}]}<\/script>\n<!-- \/ Yoast SEO plugin. -->","yoast_head_json":{"title":"Purejewels Green Street UK'de 22 Ayar Alt\u0131n Bebekler i\u00e7in Saplama K\u00fcpe","description":"Alt\u0131n bebek k\u00fcpeleri koleksiyonumuzu online ke\u015ffedin. PureJewels'ten 22 ayar bu Alt\u0131n saplama K\u00fcpeyi sat\u0131n al\u0131n-\u0130ngiltere genelinde \u00fccretsiz teslimat.","robots":{"index":"index","follow":"follow","max-snippet":"max-snippet:-1","max-image-preview":"max-image-preview:large","max-video-preview":"max-video-preview:-1"},"canonical":"https:\/\/www.purejewels.com\/tr\/urun\/22ct-47653-altin-bebek-saplama-kupe\/","og_locale":"tr_TR","og_type":"article","og_title":"Stud Earring for babies in 22ct Gold at Purejewels Green Street UK","og_description":"Discover our collection of gold baby earrings online. Buy this Gold stud Earring in 22 carat from PureJewels\u2014free delivery across the UK.","og_url":"https:\/\/www.purejewels.com\/tr\/urun\/22ct-47653-altin-bebek-saplama-kupe\/","og_site_name":"PureJewels UK","article_modified_time":"2025-11-06T11:07:58+00:00","og_image":[{"width":2560,"height":1927,"url":"https:\/\/www.purejewels.com\/wp-content\/uploads\/2025\/01\/SKU-47653-scaled.jpg","type":"image\/jpeg"}],"twitter_card":"summary_large_image","twitter_misc":{"Tahmini okuma s\u00fcresi":"1 dakika"},"schema":{"@context":"https:\/\/schema.org","@graph":[{"@type":["WebPage","ItemPage"],"@id":"https:\/\/www.purejewels.com\/product\/gold-baby-stud-earring-in-22ct-47653\/","url":"https:\/\/www.purejewels.com\/product\/gold-baby-stud-earring-in-22ct-47653\/","name":"Purejewels Green Street UK'de 22 Ayar Alt\u0131n Bebekler i\u00e7in Saplama K\u00fcpe","isPartOf":{"@id":"https:\/\/www.purejewels.com\/#website"},"primaryImageOfPage":{"@id":"https:\/\/www.purejewels.com\/product\/gold-baby-stud-earring-in-22ct-47653\/#primaryimage"},"image":{"@id":"https:\/\/www.purejewels.com\/product\/gold-baby-stud-earring-in-22ct-47653\/#primaryimage"},"thumbnailUrl":"https:\/\/static.purejewels.com\/wp-content\/uploads\/2025\/01\/SKU-47653-scaled.jpg","datePublished":"2024-12-01T18:45:32+00:00","dateModified":"2025-11-06T11:07:58+00:00","description":"Alt\u0131n bebek k\u00fcpeleri koleksiyonumuzu online ke\u015ffedin. PureJewels'ten 22 ayar bu Alt\u0131n saplama K\u00fcpeyi sat\u0131n al\u0131n-\u0130ngiltere genelinde \u00fccretsiz teslimat.","breadcrumb":{"@id":"https:\/\/www.purejewels.com\/product\/gold-baby-stud-earring-in-22ct-47653\/#breadcrumb"},"inLanguage":"tr","potentialAction":[{"@type":"ReadAction","target":["https:\/\/www.purejewels.com\/product\/gold-baby-stud-earring-in-22ct-47653\/"]}]},{"@type":"ImageObject","inLanguage":"tr","@id":"https:\/\/www.purejewels.com\/product\/gold-baby-stud-earring-in-22ct-47653\/#primaryimage","url":"https:\/\/static.purejewels.com\/wp-content\/uploads\/2025\/01\/SKU-47653-scaled.jpg","contentUrl":"https:\/\/static.purejewels.com\/wp-content\/uploads\/2025\/01\/SKU-47653-scaled.jpg","width":2560,"height":1927},{"@type":"BreadcrumbList","@id":"https:\/\/www.purejewels.com\/product\/gold-baby-stud-earring-in-22ct-47653\/#breadcrumb","itemListElement":[{"@type":"ListItem","position":1,"name":"Home","item":"https:\/\/www.purejewels.com\/"},{"@type":"ListItem","position":2,"name":"Shop","item":"https:\/\/www.purejewels.com\/shop\/"},{"@type":"ListItem","position":3,"name":"Gold Baby Stud Earring in 22ct"}]},{"@type":"WebSite","@id":"https:\/\/www.purejewels.com\/#website","url":"https:\/\/www.purejewels.com\/","name":"PureJewels \u0130ngiltere","description":"Sevgiyi Payla\u015f\u0131n","publisher":{"@id":"https:\/\/www.purejewels.com\/#organization"},"potentialAction":[{"@type":"SearchAction","target":{"@type":"EntryPoint","urlTemplate":"https:\/\/www.purejewels.com\/?s={search_term_string}"},"query-input":{"@type":"PropertyValueSpecification","valueRequired":true,"valueName":"search_term_string"}}],"inLanguage":"tr"},{"@type":"Organization","@id":"https:\/\/www.purejewels.com\/#organization","name":"PureJewels \u0130ngiltere","url":"https:\/\/www.purejewels.com\/","logo":{"@type":"ImageObject","inLanguage":"tr","@id":"https:\/\/www.purejewels.com\/#\/schema\/logo\/image\/","url":"https:\/\/static.purejewels.com\/wp-content\/uploads\/2020\/11\/Logo-PJ-New-1.png","contentUrl":"https:\/\/static.purejewels.com\/wp-content\/uploads\/2020\/11\/Logo-PJ-New-1.png","width":150,"height":80,"caption":"PureJewels UK"},"image":{"@id":"https:\/\/www.purejewels.com\/#\/schema\/logo\/image\/"}}]}},"_links":{"self":[{"href":"https:\/\/www.purejewels.com\/tr\/wp-json\/wp\/v2\/product\/384289","targetHints":{"allow":["GET"]}}],"collection":[{"href":"https:\/\/www.purejewels.com\/tr\/wp-json\/wp\/v2\/product"}],"about":[{"href":"https:\/\/www.purejewels.com\/tr\/wp-json\/wp\/v2\/types\/product"}],"replies":[{"embeddable":true,"href":"https:\/\/www.purejewels.com\/tr\/wp-json\/wp\/v2\/comments?post=384289"}],"version-history":[{"count":4,"href":"https:\/\/www.purejewels.com\/tr\/wp-json\/wp\/v2\/product\/384289\/revisions"}],"predecessor-version":[{"id":420397,"href":"https:\/\/www.purejewels.com\/tr\/wp-json\/wp\/v2\/product\/384289\/revisions\/420397"}],"wp:featuredmedia":[{"embeddable":true,"href":"https:\/\/www.purejewels.com\/tr\/wp-json\/wp\/v2\/media\/384290"}],"wp:attachment":[{"href":"https:\/\/www.purejewels.com\/tr\/wp-json\/wp\/v2\/media?parent=384289"}],"wp:term":[{"taxonomy":"product_brand","embeddable":true,"href":"https:\/\/www.purejewels.com\/tr\/wp-json\/wp\/v2\/product_brand?post=384289"},{"taxonomy":"product_cat","embeddable":true,"href":"https:\/\/www.purejewels.com\/tr\/wp-json\/wp\/v2\/product_cat?post=384289"},{"taxonomy":"product_tag","embeddable":true,"href":"https:\/\/www.purejewels.com\/tr\/wp-json\/wp\/v2\/product_tag?post=384289"}],"curies":[{"name":"wp","href":"https:\/\/api.w.org\/{rel}","templated":true}]}}