{"id":384353,"date":"2025-01-20T05:22:10","date_gmt":"2025-01-20T05:22:10","guid":{"rendered":"https:\/\/www.purejewels.com\/?post_type=product&#038;p=384353"},"modified":"2026-02-17T05:49:53","modified_gmt":"2026-02-17T05:49:53","slug":"vinyasa-collection-22-ayar-gundogumu-altin-pirlantali-kupe-48539","status":"publish","type":"product","link":"https:\/\/www.purejewels.com\/tr\/product\/vinyasa-collection-22ct-sunrise-gold-earring-with-diamond-48539\/","title":{"rendered":"P\u0131rlantal\u0131 Som 22 Ayar G\u00fcndo\u011fumu Alt\u0131n K\u00fcpe"},"content":{"rendered":"<p>Vinyasa Koleksiyonu ile zamans\u0131z \u015f\u0131kl\u0131\u011f\u0131 ke\u015ffedin <a href=\"https:\/\/www.purejewels.com\/tr\/product\/22ct-gold-jali-filigree-ring-jali-collection-31926\/\">22ct<\/a> G\u00fcndo\u011fumu <a href=\"https:\/\/www.purejewels.com\/tr\/armari-collection\/\">Alt\u0131n K\u00fcpeler<\/a>g\u00f6z kama\u015ft\u0131r\u0131c\u0131 elmaslarla vurgulanm\u0131\u015ft\u0131r. Saf malzemeden \u00fcretilmi\u015ftir. <a href=\"https:\/\/www.purejewels.com\/tr\/product\/holy-cross-gold-pendant-44713\/\">22 ayar alt\u0131n<\/a>Bu k\u00fcpeler, g\u00fcn do\u011fumu alt\u0131n\u0131n\u0131n s\u0131cakl\u0131\u011f\u0131n\u0131 p\u0131rlantan\u0131n parlakl\u0131\u011f\u0131yla harmanlayarak sofistike ve l\u00fcks bir tasar\u0131m yarat\u0131yor.<\/p>\n<p>\u00d6zel g\u00fcnler i\u00e7in m\u00fckemmel olan veya g\u00fcnl\u00fck g\u00f6r\u00fcn\u00fcm\u00fcn\u00fcze ihti\u015faml\u0131 bir dokunu\u015f katan bu k\u00fcpeler kusursuzlu\u011fu yans\u0131t\u0131r. <a href=\"https:\/\/www.purejewels.com\/tr\/a-guide-to-die-stamping\/\">zanaatkarl\u0131k<\/a> ve modern bir tarz. M\u00fccevher koleksiyonunuzu Vinyasa Koleksiyonu'nun zarif g\u00fczelli\u011fi ile y\u00fckseltin.<\/p>","protected":false},"excerpt":{"rendered":"<table class=\"sh_desc\">\n<tbody>\n<tr>\n<td>K\u00fcpe T\u00fcr\u00fc<\/td>\n<td>Saplama K\u00fcpe<\/td>\n<\/tr>\n<tr>\n<td>SKU<\/td>\n<td>48539<\/td>\n<\/tr>\n<tr>\n<td>A\u011f\u0131rl\u0131k<\/td>\n<td>5.2 Gms<\/td>\n<\/tr>\n<tr>\n<td>Elmas A\u011f\u0131rl\u0131\u011f\u0131.<\/td>\n<td>0.008ct<\/td>\n<\/tr>\n<tr>\n<td>Metal<\/td>\n<td>22 Ayar G\u00fcndo\u011fumu Alt\u0131n<\/td>\n<\/tr>\n<tr>\n<td>\u00dccretler<\/td>\n<td>Teslimat ve KDV Dahil<\/td>\n<\/tr>\n<tr>\n<td>Paketleme<\/td>\n<td>Sunum Kutusu ile Birlikte Gelir<\/td>\n<\/tr>\n<tr>\n<td>Daha Fazla Bilgi<\/td>\n<td>M\u00fcsaitlik durumu ve en iyi Diwali hediyelerinin daha fazla g\u00f6r\u00fcnt\u00fcs\u00fc i\u00e7in bizimle canl\u0131 sohbet edin<\/td>\n<\/tr>\n<\/tbody>\n<\/table>","protected":false},"featured_media":384359,"comment_status":"closed","ping_status":"closed","template":"","meta":{"_eb_attr":"","_crsspst_to_jayantr4sg-hostcom":false},"product_brand":[],"product_cat":[1791,1793,1792,1790,1254,1577,1569,1480,1573,1574],"product_tag":[5841,66],"class_list":{"0":"post-384353","1":"product","2":"type-product","3":"status-publish","4":"has-post-thumbnail","6":"product_cat-anniversary-gifts","7":"product_cat-diwali-gifts","8":"product_cat-festival-gifts","9":"product_cat-for-whom-when","10":"product_cat-gold-earrings","11":"product_cat-stud-earrings","12":"product_cat-valentine-day-gifts","13":"product_cat-vinyasa-collections","14":"product_cat-wedding-gifts","15":"product_cat-womens-jewellery","16":"product_tag-22ct-gold-stud-earrings","17":"product_tag-earrings","19":"first","20":"outofstock","21":"taxable","22":"shipping-taxable","23":"product-type-simple","24":"add-to-wishlist-before_image"},"yoast_head":"<!-- This site is optimized with the Yoast SEO plugin v27.3 - https:\/\/yoast.com\/product\/yoast-seo-wordpress\/ -->\n<title>22ct Sunrise Gold Earring with Peacock Motif<\/title>\n<meta name=\"description\" content=\"Explore the Vinyasa Collection 22ct Sunrise Gold Earrings, featuring dazzling diamonds and exquisite craftsmanship. Perfect for any occasion.\" \/>\n<meta name=\"robots\" content=\"index, follow, max-snippet:-1, max-image-preview:large, max-video-preview:-1\" \/>\n<link rel=\"canonical\" href=\"https:\/\/www.purejewels.com\/tr\/urun\/vinyasa-collection-22-ayar-gundogumu-altin-pirlantali-kupe-48539\/\" \/>\n<meta property=\"og:locale\" content=\"tr_TR\" \/>\n<meta property=\"og:type\" content=\"article\" \/>\n<meta property=\"og:title\" content=\"22ct Sunrise Gold Earring with Peacock Motif\" \/>\n<meta property=\"og:description\" content=\"Explore the Vinyasa Collection 22ct Sunrise Gold Earrings, featuring dazzling diamonds and exquisite craftsmanship. Perfect for any occasion.\" \/>\n<meta property=\"og:url\" content=\"https:\/\/www.purejewels.com\/tr\/urun\/vinyasa-collection-22-ayar-gundogumu-altin-pirlantali-kupe-48539\/\" \/>\n<meta property=\"og:site_name\" content=\"PureJewels UK\" \/>\n<meta property=\"article:modified_time\" content=\"2026-02-17T05:49:53+00:00\" \/>\n<meta property=\"og:image\" content=\"https:\/\/static.purejewels.com\/wp-content\/uploads\/2025\/01\/48539.png\" \/>\n\t<meta property=\"og:image:width\" content=\"1000\" \/>\n\t<meta property=\"og:image:height\" content=\"1000\" \/>\n\t<meta property=\"og:image:type\" content=\"image\/png\" \/>\n<meta name=\"twitter:card\" content=\"summary_large_image\" \/>\n<meta name=\"twitter:label1\" content=\"Tahmini okuma s\u00fcresi\" \/>\n\t<meta name=\"twitter:data1\" content=\"1 dakika\" \/>\n<script type=\"application\/ld+json\" class=\"yoast-schema-graph\">{\"@context\":\"https:\\\/\\\/schema.org\",\"@graph\":[{\"@type\":[\"WebPage\",\"ItemPage\"],\"@id\":\"https:\\\/\\\/www.purejewels.com\\\/product\\\/vinyasa-collection-22ct-sunrise-gold-earring-with-diamond-48539\\\/\",\"url\":\"https:\\\/\\\/www.purejewels.com\\\/product\\\/vinyasa-collection-22ct-sunrise-gold-earring-with-diamond-48539\\\/\",\"name\":\"22ct Sunrise Gold Earring with Peacock Motif\",\"isPartOf\":{\"@id\":\"https:\\\/\\\/www.purejewels.com\\\/#website\"},\"primaryImageOfPage\":{\"@id\":\"https:\\\/\\\/www.purejewels.com\\\/product\\\/vinyasa-collection-22ct-sunrise-gold-earring-with-diamond-48539\\\/#primaryimage\"},\"image\":{\"@id\":\"https:\\\/\\\/www.purejewels.com\\\/product\\\/vinyasa-collection-22ct-sunrise-gold-earring-with-diamond-48539\\\/#primaryimage\"},\"thumbnailUrl\":\"https:\\\/\\\/static.purejewels.com\\\/wp-content\\\/uploads\\\/2025\\\/01\\\/48539.png\",\"datePublished\":\"2025-01-20T05:22:10+00:00\",\"dateModified\":\"2026-02-17T05:49:53+00:00\",\"description\":\"Explore the Vinyasa Collection 22ct Sunrise Gold Earrings, featuring dazzling diamonds and exquisite craftsmanship. Perfect for any occasion.\",\"breadcrumb\":{\"@id\":\"https:\\\/\\\/www.purejewels.com\\\/product\\\/vinyasa-collection-22ct-sunrise-gold-earring-with-diamond-48539\\\/#breadcrumb\"},\"inLanguage\":\"tr\",\"potentialAction\":[{\"@type\":\"ReadAction\",\"target\":[\"https:\\\/\\\/www.purejewels.com\\\/product\\\/vinyasa-collection-22ct-sunrise-gold-earring-with-diamond-48539\\\/\"]}]},{\"@type\":\"ImageObject\",\"inLanguage\":\"tr\",\"@id\":\"https:\\\/\\\/www.purejewels.com\\\/product\\\/vinyasa-collection-22ct-sunrise-gold-earring-with-diamond-48539\\\/#primaryimage\",\"url\":\"https:\\\/\\\/static.purejewels.com\\\/wp-content\\\/uploads\\\/2025\\\/01\\\/48539.png\",\"contentUrl\":\"https:\\\/\\\/static.purejewels.com\\\/wp-content\\\/uploads\\\/2025\\\/01\\\/48539.png\",\"width\":1000,\"height\":1000,\"caption\":\"22ct Gold Stud Earring\"},{\"@type\":\"BreadcrumbList\",\"@id\":\"https:\\\/\\\/www.purejewels.com\\\/product\\\/vinyasa-collection-22ct-sunrise-gold-earring-with-diamond-48539\\\/#breadcrumb\",\"itemListElement\":[{\"@type\":\"ListItem\",\"position\":1,\"name\":\"Home\",\"item\":\"https:\\\/\\\/www.purejewels.com\\\/\"},{\"@type\":\"ListItem\",\"position\":2,\"name\":\"Shop\",\"item\":\"https:\\\/\\\/www.purejewels.com\\\/shop\\\/\"},{\"@type\":\"ListItem\",\"position\":3,\"name\":\"Solid 22ct Sunrise Gold Earring with Diamond\"}]},{\"@type\":\"WebSite\",\"@id\":\"https:\\\/\\\/www.purejewels.com\\\/#website\",\"url\":\"https:\\\/\\\/www.purejewels.com\\\/\",\"name\":\"PureJewels UK\",\"description\":\"Share the Love\",\"publisher\":{\"@id\":\"https:\\\/\\\/www.purejewels.com\\\/#organization\"},\"potentialAction\":[{\"@type\":\"SearchAction\",\"target\":{\"@type\":\"EntryPoint\",\"urlTemplate\":\"https:\\\/\\\/www.purejewels.com\\\/?s={search_term_string}\"},\"query-input\":{\"@type\":\"PropertyValueSpecification\",\"valueRequired\":true,\"valueName\":\"search_term_string\"}}],\"inLanguage\":\"tr\"},{\"@type\":\"Organization\",\"@id\":\"https:\\\/\\\/www.purejewels.com\\\/#organization\",\"name\":\"PureJewels UK\",\"url\":\"https:\\\/\\\/www.purejewels.com\\\/\",\"logo\":{\"@type\":\"ImageObject\",\"inLanguage\":\"tr\",\"@id\":\"https:\\\/\\\/www.purejewels.com\\\/#\\\/schema\\\/logo\\\/image\\\/\",\"url\":\"https:\\\/\\\/static.purejewels.com\\\/wp-content\\\/uploads\\\/2020\\\/11\\\/Logo-PJ-New-1.png\",\"contentUrl\":\"https:\\\/\\\/static.purejewels.com\\\/wp-content\\\/uploads\\\/2020\\\/11\\\/Logo-PJ-New-1.png\",\"width\":150,\"height\":80,\"caption\":\"PureJewels UK\"},\"image\":{\"@id\":\"https:\\\/\\\/www.purejewels.com\\\/#\\\/schema\\\/logo\\\/image\\\/\"}}]}<\/script>\n<!-- \/ Yoast SEO plugin. -->","yoast_head_json":{"title":"Tavusku\u015fu Motifli 22 Ayar G\u00fcndo\u011fumu Alt\u0131n K\u00fcpe","description":"G\u00f6z kama\u015ft\u0131r\u0131c\u0131 p\u0131rlantalar ve zarif i\u015f\u00e7ilik i\u00e7eren Vinyasa Koleksiyonu 22 ayar Sunrise Alt\u0131n K\u00fcpeleri ke\u015ffedin. Her durum i\u00e7in m\u00fckemmel.","robots":{"index":"index","follow":"follow","max-snippet":"max-snippet:-1","max-image-preview":"max-image-preview:large","max-video-preview":"max-video-preview:-1"},"canonical":"https:\/\/www.purejewels.com\/tr\/urun\/vinyasa-collection-22-ayar-gundogumu-altin-pirlantali-kupe-48539\/","og_locale":"tr_TR","og_type":"article","og_title":"22ct Sunrise Gold Earring with Peacock Motif","og_description":"Explore the Vinyasa Collection 22ct Sunrise Gold Earrings, featuring dazzling diamonds and exquisite craftsmanship. Perfect for any occasion.","og_url":"https:\/\/www.purejewels.com\/tr\/urun\/vinyasa-collection-22-ayar-gundogumu-altin-pirlantali-kupe-48539\/","og_site_name":"PureJewels UK","article_modified_time":"2026-02-17T05:49:53+00:00","og_image":[{"width":1000,"height":1000,"url":"https:\/\/static.purejewels.com\/wp-content\/uploads\/2025\/01\/48539.png","type":"image\/png"}],"twitter_card":"summary_large_image","twitter_misc":{"Tahmini okuma s\u00fcresi":"1 dakika"},"schema":{"@context":"https:\/\/schema.org","@graph":[{"@type":["WebPage","ItemPage"],"@id":"https:\/\/www.purejewels.com\/product\/vinyasa-collection-22ct-sunrise-gold-earring-with-diamond-48539\/","url":"https:\/\/www.purejewels.com\/product\/vinyasa-collection-22ct-sunrise-gold-earring-with-diamond-48539\/","name":"Tavusku\u015fu Motifli 22 Ayar G\u00fcndo\u011fumu Alt\u0131n K\u00fcpe","isPartOf":{"@id":"https:\/\/www.purejewels.com\/#website"},"primaryImageOfPage":{"@id":"https:\/\/www.purejewels.com\/product\/vinyasa-collection-22ct-sunrise-gold-earring-with-diamond-48539\/#primaryimage"},"image":{"@id":"https:\/\/www.purejewels.com\/product\/vinyasa-collection-22ct-sunrise-gold-earring-with-diamond-48539\/#primaryimage"},"thumbnailUrl":"https:\/\/static.purejewels.com\/wp-content\/uploads\/2025\/01\/48539.png","datePublished":"2025-01-20T05:22:10+00:00","dateModified":"2026-02-17T05:49:53+00:00","description":"G\u00f6z kama\u015ft\u0131r\u0131c\u0131 p\u0131rlantalar ve zarif i\u015f\u00e7ilik i\u00e7eren Vinyasa Koleksiyonu 22 ayar Sunrise Alt\u0131n K\u00fcpeleri ke\u015ffedin. Her durum i\u00e7in m\u00fckemmel.","breadcrumb":{"@id":"https:\/\/www.purejewels.com\/product\/vinyasa-collection-22ct-sunrise-gold-earring-with-diamond-48539\/#breadcrumb"},"inLanguage":"tr","potentialAction":[{"@type":"ReadAction","target":["https:\/\/www.purejewels.com\/product\/vinyasa-collection-22ct-sunrise-gold-earring-with-diamond-48539\/"]}]},{"@type":"ImageObject","inLanguage":"tr","@id":"https:\/\/www.purejewels.com\/product\/vinyasa-collection-22ct-sunrise-gold-earring-with-diamond-48539\/#primaryimage","url":"https:\/\/static.purejewels.com\/wp-content\/uploads\/2025\/01\/48539.png","contentUrl":"https:\/\/static.purejewels.com\/wp-content\/uploads\/2025\/01\/48539.png","width":1000,"height":1000,"caption":"22ct Gold Stud Earring"},{"@type":"BreadcrumbList","@id":"https:\/\/www.purejewels.com\/product\/vinyasa-collection-22ct-sunrise-gold-earring-with-diamond-48539\/#breadcrumb","itemListElement":[{"@type":"ListItem","position":1,"name":"Home","item":"https:\/\/www.purejewels.com\/"},{"@type":"ListItem","position":2,"name":"Shop","item":"https:\/\/www.purejewels.com\/shop\/"},{"@type":"ListItem","position":3,"name":"Solid 22ct Sunrise Gold Earring with Diamond"}]},{"@type":"WebSite","@id":"https:\/\/www.purejewels.com\/#website","url":"https:\/\/www.purejewels.com\/","name":"PureJewels \u0130ngiltere","description":"Sevgiyi Payla\u015f\u0131n","publisher":{"@id":"https:\/\/www.purejewels.com\/#organization"},"potentialAction":[{"@type":"SearchAction","target":{"@type":"EntryPoint","urlTemplate":"https:\/\/www.purejewels.com\/?s={search_term_string}"},"query-input":{"@type":"PropertyValueSpecification","valueRequired":true,"valueName":"search_term_string"}}],"inLanguage":"tr"},{"@type":"Organization","@id":"https:\/\/www.purejewels.com\/#organization","name":"PureJewels \u0130ngiltere","url":"https:\/\/www.purejewels.com\/","logo":{"@type":"ImageObject","inLanguage":"tr","@id":"https:\/\/www.purejewels.com\/#\/schema\/logo\/image\/","url":"https:\/\/static.purejewels.com\/wp-content\/uploads\/2020\/11\/Logo-PJ-New-1.png","contentUrl":"https:\/\/static.purejewels.com\/wp-content\/uploads\/2020\/11\/Logo-PJ-New-1.png","width":150,"height":80,"caption":"PureJewels UK"},"image":{"@id":"https:\/\/www.purejewels.com\/#\/schema\/logo\/image\/"}}]}},"_links":{"self":[{"href":"https:\/\/www.purejewels.com\/tr\/wp-json\/wp\/v2\/product\/384353","targetHints":{"allow":["GET"]}}],"collection":[{"href":"https:\/\/www.purejewels.com\/tr\/wp-json\/wp\/v2\/product"}],"about":[{"href":"https:\/\/www.purejewels.com\/tr\/wp-json\/wp\/v2\/types\/product"}],"replies":[{"embeddable":true,"href":"https:\/\/www.purejewels.com\/tr\/wp-json\/wp\/v2\/comments?post=384353"}],"version-history":[{"count":3,"href":"https:\/\/www.purejewels.com\/tr\/wp-json\/wp\/v2\/product\/384353\/revisions"}],"predecessor-version":[{"id":384946,"href":"https:\/\/www.purejewels.com\/tr\/wp-json\/wp\/v2\/product\/384353\/revisions\/384946"}],"wp:featuredmedia":[{"embeddable":true,"href":"https:\/\/www.purejewels.com\/tr\/wp-json\/wp\/v2\/media\/384359"}],"wp:attachment":[{"href":"https:\/\/www.purejewels.com\/tr\/wp-json\/wp\/v2\/media?parent=384353"}],"wp:term":[{"taxonomy":"product_brand","embeddable":true,"href":"https:\/\/www.purejewels.com\/tr\/wp-json\/wp\/v2\/product_brand?post=384353"},{"taxonomy":"product_cat","embeddable":true,"href":"https:\/\/www.purejewels.com\/tr\/wp-json\/wp\/v2\/product_cat?post=384353"},{"taxonomy":"product_tag","embeddable":true,"href":"https:\/\/www.purejewels.com\/tr\/wp-json\/wp\/v2\/product_tag?post=384353"}],"curies":[{"name":"wp","href":"https:\/\/api.w.org\/{rel}","templated":true}]}}