{"id":385286,"date":"2025-01-17T10:27:00","date_gmt":"2025-01-17T10:27:00","guid":{"rendered":"https:\/\/www.purejewels.com\/?post_type=product&#038;p=385286"},"modified":"2025-06-03T11:12:40","modified_gmt":"2025-06-03T10:12:40","slug":"altin-ve-platin-kisisellestirilmis-yuzuk","status":"publish","type":"product","link":"https:\/\/www.purejewels.com\/tr\/product\/personalised-ring-in-gold-and-platinum\/","title":{"rendered":"24 Ayar Alt\u0131n ve Platin Ismarlama Y\u00fcz\u00fck"},"content":{"rendered":"<p><strong>Platin Aziz George ve Ejderha Tasar\u0131ml\u0131 24 Ayar Alt\u0131n Signet Y\u00fcz\u00fck<\/strong><\/p>\n<p>Cesaret ve yi\u011fitli\u011fin zamans\u0131z hikayesini, Aziz George ve Ejderha'n\u0131n \u00e7arp\u0131c\u0131 platin tasvirini i\u00e7eren \u0131smarlama 24 ayar alt\u0131n m\u00fch\u00fcr y\u00fcz\u00fc\u011f\u00fcm\u00fczle kutlay\u0131n. Bu el yap\u0131m\u0131 ba\u015fyap\u0131t, efsanevi azize ve onun kahramanca zaferine duyulan hayranl\u0131\u011f\u0131, detaylara ve sanata g\u00f6sterilen titiz \u00f6zenle hayata ge\u00e7iriyor.<\/p>\n<p>Som 24 ayar alt\u0131n bant zenginli\u011fi yans\u0131t\u0131rken, platin ba\u015fl\u0131k dikkat \u00e7eken \u00e7arp\u0131c\u0131 bir kontrastla karma\u015f\u0131k tasar\u0131m\u0131 sergiliyor. Bir m\u00fccevher par\u00e7as\u0131ndan \u00e7ok daha fazlas\u0131 olan bu y\u00fcz\u00fck, ki\u015fisel vizyon ve duygular\u0131 yans\u0131tmak i\u00e7in \u00f6zel olarak \u00fcretilmi\u015f bir cesaret ve ilham hikayesi anlat\u0131yor.<\/p>\n<p>Bu \u0131smarlama hazineyi yaratmak bizim i\u00e7in t\u00fcr\u00fcn\u00fcn tek \u00f6rne\u011fi bir deneyim oldu, \u00e7\u00fcnk\u00fc fikirleri ola\u011fan\u00fcst\u00fc m\u00fccevher par\u00e7alar\u0131na d\u00f6n\u00fc\u015ft\u00fcrmekten gurur duyuyoruz.<\/p>\n<p>E\u015fsiz, ki\u015fiye \u00f6zel bir tasar\u0131m hayal ediyorsan\u0131z, vizyonunuzu hayata ge\u00e7irmekten memnuniyet duyar\u0131z. Sizin hikayeniz kadar \u00f6zel bir par\u00e7a yaratmam\u0131za izin verin.<\/p>","protected":false},"excerpt":{"rendered":"<div class=\"product-description__container_detail_title\" role=\"heading\"><strong>A\u00e7\u0131klama &amp; Detaylar<\/strong><\/div>\n<p data-pm-slice=\"1 1 []\">Aziz George ve Ejderha'n\u0131n platin tasvirini i\u00e7eren 24 ayar alt\u0131ndan l\u00fcks bir m\u00fch\u00fcr y\u00fcz\u00fck. Cesaretin ve zarif i\u015f\u00e7ili\u011fin zamans\u0131z bir sembol\u00fc.<\/p>\n<ul class=\"product-description__container_detail_list\">\n<li class=\"product-description__container_list\"><span class=\"product-description__container_list-content\"><strong>Metal:<\/strong> 24 ayar alt\u0131n ve Platin<\/span><\/li>\n<li><strong>Br\u00fct A\u011f\u0131rl\u0131k:<\/strong> 12,2 gram<\/li>\n<li class=\"product-description__container_list\"><span class=\"product-description__container_list-content\"><strong>SKU:\u00a0<\/strong>49222<\/span><\/li>\n<li><strong>Fiyat ve Teslimat:<\/strong>\u00a0KDV ve teslimat \u00fccretleri dahil<\/li>\n<li>Bizim g\u00f6r\u00fcnt\u00fcleyin\u00a0<strong>Ki\u015fiselle\u015ftirilmi\u015f M\u00fccevher Koleksiyonu<\/strong><\/li>\n<li>\u0130ade Politikas\u0131<\/li>\n<\/ul>","protected":false},"featured_media":387157,"comment_status":"closed","ping_status":"closed","template":"","meta":{"_eb_attr":"","_crsspst_to_jayantr4sg-hostcom":false},"product_brand":[],"product_cat":[5617],"product_tag":[1836],"class_list":{"0":"post-385286","1":"product","2":"type-product","3":"status-publish","4":"has-post-thumbnail","6":"product_cat-24ct-gold-jewellery","7":"product_tag-24ct-gold","9":"first","10":"outofstock","11":"taxable","12":"shipping-taxable","13":"product-type-simple","14":"add-to-wishlist-before_image"},"yoast_head":"<!-- This site is optimized with the Yoast SEO plugin v27.3 - https:\/\/yoast.com\/product\/yoast-seo-wordpress\/ -->\n<title>Personalised Ring: 24ct Gold with Platinum St. George Design<\/title>\n<meta name=\"description\" content=\"Discover a stunning 24ct gold signet ring featuring a platinum St. George &amp; the Dragon design. A timeless symbol of courage and heritage.\" \/>\n<meta name=\"robots\" content=\"index, follow, max-snippet:-1, max-image-preview:large, max-video-preview:-1\" \/>\n<link rel=\"canonical\" href=\"https:\/\/www.purejewels.com\/tr\/urun\/altin-ve-platin-kisisellestirilmis-yuzuk\/\" \/>\n<meta property=\"og:locale\" content=\"tr_TR\" \/>\n<meta property=\"og:type\" content=\"article\" \/>\n<meta property=\"og:title\" content=\"Personalised Ring: 24ct Gold with Platinum St. George Design\" \/>\n<meta property=\"og:description\" content=\"Discover a stunning 24ct gold signet ring featuring a platinum St. George &amp; the Dragon design. A timeless symbol of courage and heritage.\" \/>\n<meta property=\"og:url\" content=\"https:\/\/www.purejewels.com\/tr\/urun\/altin-ve-platin-kisisellestirilmis-yuzuk\/\" \/>\n<meta property=\"og:site_name\" content=\"PureJewels UK\" \/>\n<meta property=\"article:modified_time\" content=\"2025-06-03T10:12:40+00:00\" \/>\n<meta property=\"og:image\" content=\"https:\/\/www.purejewels.com\/wp-content\/uploads\/2025\/01\/SKU-49222.png\" \/>\n\t<meta property=\"og:image:width\" content=\"1000\" \/>\n\t<meta property=\"og:image:height\" content=\"1000\" \/>\n\t<meta property=\"og:image:type\" content=\"image\/png\" \/>\n<meta name=\"twitter:card\" content=\"summary_large_image\" \/>\n<meta name=\"twitter:label1\" content=\"Tahmini okuma s\u00fcresi\" \/>\n\t<meta name=\"twitter:data1\" content=\"1 dakika\" \/>\n<script type=\"application\/ld+json\" class=\"yoast-schema-graph\">{\"@context\":\"https:\\\/\\\/schema.org\",\"@graph\":[{\"@type\":[\"WebPage\",\"ItemPage\"],\"@id\":\"https:\\\/\\\/www.purejewels.com\\\/product\\\/personalised-ring-in-gold-and-platinum\\\/\",\"url\":\"https:\\\/\\\/www.purejewels.com\\\/product\\\/personalised-ring-in-gold-and-platinum\\\/\",\"name\":\"Personalised Ring: 24ct Gold with Platinum St. George Design\",\"isPartOf\":{\"@id\":\"https:\\\/\\\/www.purejewels.com\\\/#website\"},\"primaryImageOfPage\":{\"@id\":\"https:\\\/\\\/www.purejewels.com\\\/product\\\/personalised-ring-in-gold-and-platinum\\\/#primaryimage\"},\"image\":{\"@id\":\"https:\\\/\\\/www.purejewels.com\\\/product\\\/personalised-ring-in-gold-and-platinum\\\/#primaryimage\"},\"thumbnailUrl\":\"https:\\\/\\\/static.purejewels.com\\\/wp-content\\\/uploads\\\/2025\\\/01\\\/SKU-49222.png\",\"datePublished\":\"2025-01-17T10:27:00+00:00\",\"dateModified\":\"2025-06-03T10:12:40+00:00\",\"description\":\"Discover a stunning 24ct gold signet ring featuring a platinum St. George & the Dragon design. A timeless symbol of courage and heritage.\",\"breadcrumb\":{\"@id\":\"https:\\\/\\\/www.purejewels.com\\\/product\\\/personalised-ring-in-gold-and-platinum\\\/#breadcrumb\"},\"inLanguage\":\"tr\",\"potentialAction\":[{\"@type\":\"ReadAction\",\"target\":[\"https:\\\/\\\/www.purejewels.com\\\/product\\\/personalised-ring-in-gold-and-platinum\\\/\"]}]},{\"@type\":\"ImageObject\",\"inLanguage\":\"tr\",\"@id\":\"https:\\\/\\\/www.purejewels.com\\\/product\\\/personalised-ring-in-gold-and-platinum\\\/#primaryimage\",\"url\":\"https:\\\/\\\/static.purejewels.com\\\/wp-content\\\/uploads\\\/2025\\\/01\\\/SKU-49222.png\",\"contentUrl\":\"https:\\\/\\\/static.purejewels.com\\\/wp-content\\\/uploads\\\/2025\\\/01\\\/SKU-49222.png\",\"width\":1000,\"height\":1000,\"caption\":\"SKU-49222\"},{\"@type\":\"BreadcrumbList\",\"@id\":\"https:\\\/\\\/www.purejewels.com\\\/product\\\/personalised-ring-in-gold-and-platinum\\\/#breadcrumb\",\"itemListElement\":[{\"@type\":\"ListItem\",\"position\":1,\"name\":\"Home\",\"item\":\"https:\\\/\\\/www.purejewels.com\\\/\"},{\"@type\":\"ListItem\",\"position\":2,\"name\":\"Shop\",\"item\":\"https:\\\/\\\/www.purejewels.com\\\/shop\\\/\"},{\"@type\":\"ListItem\",\"position\":3,\"name\":\"Bespoke Ring in 24ct Gold and Platinum\"}]},{\"@type\":\"WebSite\",\"@id\":\"https:\\\/\\\/www.purejewels.com\\\/#website\",\"url\":\"https:\\\/\\\/www.purejewels.com\\\/\",\"name\":\"PureJewels UK\",\"description\":\"Share the Love\",\"publisher\":{\"@id\":\"https:\\\/\\\/www.purejewels.com\\\/#organization\"},\"potentialAction\":[{\"@type\":\"SearchAction\",\"target\":{\"@type\":\"EntryPoint\",\"urlTemplate\":\"https:\\\/\\\/www.purejewels.com\\\/?s={search_term_string}\"},\"query-input\":{\"@type\":\"PropertyValueSpecification\",\"valueRequired\":true,\"valueName\":\"search_term_string\"}}],\"inLanguage\":\"tr\"},{\"@type\":\"Organization\",\"@id\":\"https:\\\/\\\/www.purejewels.com\\\/#organization\",\"name\":\"PureJewels UK\",\"url\":\"https:\\\/\\\/www.purejewels.com\\\/\",\"logo\":{\"@type\":\"ImageObject\",\"inLanguage\":\"tr\",\"@id\":\"https:\\\/\\\/www.purejewels.com\\\/#\\\/schema\\\/logo\\\/image\\\/\",\"url\":\"https:\\\/\\\/static.purejewels.com\\\/wp-content\\\/uploads\\\/2020\\\/11\\\/Logo-PJ-New-1.png\",\"contentUrl\":\"https:\\\/\\\/static.purejewels.com\\\/wp-content\\\/uploads\\\/2020\\\/11\\\/Logo-PJ-New-1.png\",\"width\":150,\"height\":80,\"caption\":\"PureJewels UK\"},\"image\":{\"@id\":\"https:\\\/\\\/www.purejewels.com\\\/#\\\/schema\\\/logo\\\/image\\\/\"}}]}<\/script>\n<!-- \/ Yoast SEO plugin. -->","yoast_head_json":{"title":"Ki\u015fiselle\u015ftirilmi\u015f Y\u00fcz\u00fck: Platin Aziz George Tasar\u0131ml\u0131 24 Ayar Alt\u0131n","description":"Platin Aziz George ve Ejderha tasar\u0131m\u0131na sahip \u00e7arp\u0131c\u0131 24 ayar alt\u0131n m\u00fch\u00fcr y\u00fcz\u00fc\u011f\u00fc ke\u015ffedin. Cesaret ve miras\u0131n zamans\u0131z bir sembol\u00fc.","robots":{"index":"index","follow":"follow","max-snippet":"max-snippet:-1","max-image-preview":"max-image-preview:large","max-video-preview":"max-video-preview:-1"},"canonical":"https:\/\/www.purejewels.com\/tr\/urun\/altin-ve-platin-kisisellestirilmis-yuzuk\/","og_locale":"tr_TR","og_type":"article","og_title":"Personalised Ring: 24ct Gold with Platinum St. George Design","og_description":"Discover a stunning 24ct gold signet ring featuring a platinum St. George & the Dragon design. A timeless symbol of courage and heritage.","og_url":"https:\/\/www.purejewels.com\/tr\/urun\/altin-ve-platin-kisisellestirilmis-yuzuk\/","og_site_name":"PureJewels UK","article_modified_time":"2025-06-03T10:12:40+00:00","og_image":[{"width":1000,"height":1000,"url":"https:\/\/www.purejewels.com\/wp-content\/uploads\/2025\/01\/SKU-49222.png","type":"image\/png"}],"twitter_card":"summary_large_image","twitter_misc":{"Tahmini okuma s\u00fcresi":"1 dakika"},"schema":{"@context":"https:\/\/schema.org","@graph":[{"@type":["WebPage","ItemPage"],"@id":"https:\/\/www.purejewels.com\/product\/personalised-ring-in-gold-and-platinum\/","url":"https:\/\/www.purejewels.com\/product\/personalised-ring-in-gold-and-platinum\/","name":"Ki\u015fiselle\u015ftirilmi\u015f Y\u00fcz\u00fck: Platin Aziz George Tasar\u0131ml\u0131 24 Ayar Alt\u0131n","isPartOf":{"@id":"https:\/\/www.purejewels.com\/#website"},"primaryImageOfPage":{"@id":"https:\/\/www.purejewels.com\/product\/personalised-ring-in-gold-and-platinum\/#primaryimage"},"image":{"@id":"https:\/\/www.purejewels.com\/product\/personalised-ring-in-gold-and-platinum\/#primaryimage"},"thumbnailUrl":"https:\/\/static.purejewels.com\/wp-content\/uploads\/2025\/01\/SKU-49222.png","datePublished":"2025-01-17T10:27:00+00:00","dateModified":"2025-06-03T10:12:40+00:00","description":"Platin Aziz George ve Ejderha tasar\u0131m\u0131na sahip \u00e7arp\u0131c\u0131 24 ayar alt\u0131n m\u00fch\u00fcr y\u00fcz\u00fc\u011f\u00fc ke\u015ffedin. Cesaret ve miras\u0131n zamans\u0131z bir sembol\u00fc.","breadcrumb":{"@id":"https:\/\/www.purejewels.com\/product\/personalised-ring-in-gold-and-platinum\/#breadcrumb"},"inLanguage":"tr","potentialAction":[{"@type":"ReadAction","target":["https:\/\/www.purejewels.com\/product\/personalised-ring-in-gold-and-platinum\/"]}]},{"@type":"ImageObject","inLanguage":"tr","@id":"https:\/\/www.purejewels.com\/product\/personalised-ring-in-gold-and-platinum\/#primaryimage","url":"https:\/\/static.purejewels.com\/wp-content\/uploads\/2025\/01\/SKU-49222.png","contentUrl":"https:\/\/static.purejewels.com\/wp-content\/uploads\/2025\/01\/SKU-49222.png","width":1000,"height":1000,"caption":"SKU-49222"},{"@type":"BreadcrumbList","@id":"https:\/\/www.purejewels.com\/product\/personalised-ring-in-gold-and-platinum\/#breadcrumb","itemListElement":[{"@type":"ListItem","position":1,"name":"Home","item":"https:\/\/www.purejewels.com\/"},{"@type":"ListItem","position":2,"name":"Shop","item":"https:\/\/www.purejewels.com\/shop\/"},{"@type":"ListItem","position":3,"name":"Bespoke Ring in 24ct Gold and Platinum"}]},{"@type":"WebSite","@id":"https:\/\/www.purejewels.com\/#website","url":"https:\/\/www.purejewels.com\/","name":"PureJewels \u0130ngiltere","description":"Sevgiyi Payla\u015f\u0131n","publisher":{"@id":"https:\/\/www.purejewels.com\/#organization"},"potentialAction":[{"@type":"SearchAction","target":{"@type":"EntryPoint","urlTemplate":"https:\/\/www.purejewels.com\/?s={search_term_string}"},"query-input":{"@type":"PropertyValueSpecification","valueRequired":true,"valueName":"search_term_string"}}],"inLanguage":"tr"},{"@type":"Organization","@id":"https:\/\/www.purejewels.com\/#organization","name":"PureJewels \u0130ngiltere","url":"https:\/\/www.purejewels.com\/","logo":{"@type":"ImageObject","inLanguage":"tr","@id":"https:\/\/www.purejewels.com\/#\/schema\/logo\/image\/","url":"https:\/\/static.purejewels.com\/wp-content\/uploads\/2020\/11\/Logo-PJ-New-1.png","contentUrl":"https:\/\/static.purejewels.com\/wp-content\/uploads\/2020\/11\/Logo-PJ-New-1.png","width":150,"height":80,"caption":"PureJewels UK"},"image":{"@id":"https:\/\/www.purejewels.com\/#\/schema\/logo\/image\/"}}]}},"_links":{"self":[{"href":"https:\/\/www.purejewels.com\/tr\/wp-json\/wp\/v2\/product\/385286","targetHints":{"allow":["GET"]}}],"collection":[{"href":"https:\/\/www.purejewels.com\/tr\/wp-json\/wp\/v2\/product"}],"about":[{"href":"https:\/\/www.purejewels.com\/tr\/wp-json\/wp\/v2\/types\/product"}],"replies":[{"embeddable":true,"href":"https:\/\/www.purejewels.com\/tr\/wp-json\/wp\/v2\/comments?post=385286"}],"version-history":[{"count":3,"href":"https:\/\/www.purejewels.com\/tr\/wp-json\/wp\/v2\/product\/385286\/revisions"}],"predecessor-version":[{"id":399524,"href":"https:\/\/www.purejewels.com\/tr\/wp-json\/wp\/v2\/product\/385286\/revisions\/399524"}],"wp:featuredmedia":[{"embeddable":true,"href":"https:\/\/www.purejewels.com\/tr\/wp-json\/wp\/v2\/media\/387157"}],"wp:attachment":[{"href":"https:\/\/www.purejewels.com\/tr\/wp-json\/wp\/v2\/media?parent=385286"}],"wp:term":[{"taxonomy":"product_brand","embeddable":true,"href":"https:\/\/www.purejewels.com\/tr\/wp-json\/wp\/v2\/product_brand?post=385286"},{"taxonomy":"product_cat","embeddable":true,"href":"https:\/\/www.purejewels.com\/tr\/wp-json\/wp\/v2\/product_cat?post=385286"},{"taxonomy":"product_tag","embeddable":true,"href":"https:\/\/www.purejewels.com\/tr\/wp-json\/wp\/v2\/product_tag?post=385286"}],"curies":[{"name":"wp","href":"https:\/\/api.w.org\/{rel}","templated":true}]}}