{"id":387179,"date":"2025-02-18T12:30:32","date_gmt":"2025-02-18T12:30:32","guid":{"rendered":"https:\/\/www.purejewels.com\/?post_type=product&#038;p=387179"},"modified":"2025-11-12T10:49:25","modified_gmt":"2025-11-12T10:49:25","slug":"22-ayar-altin-alyans-kazinabilir","status":"publish","type":"product","link":"https:\/\/www.purejewels.com\/tr\/product\/22ct-gold-wedding-band-engravable\/","title":{"rendered":"22 Ayar Alt\u0131n Alyans | Kaz\u0131nabilir"},"content":{"rendered":"<p data-start=\"209\" data-end=\"563\"><strong data-start=\"209\" data-end=\"219\">Tasar\u0131m<\/strong><br data-start=\"219\" data-end=\"222\" \/>Bu 22 ayar alt\u0131n alyans, zarif 3,5 mm geni\u015fli\u011finde \u00fcretilmi\u015ftir ve hem erkeklere hem de kad\u0131nlara uygun ince bir profil sunar. Yakla\u015f\u0131k 4 gram a\u011f\u0131rl\u0131\u011f\u0131yla elde hafif ama g\u00fcven verici bir his b\u0131rak\u0131r. P\u00fcr\u00fczs\u00fcz, s\u00fcslemesiz y\u00fczeyi kas\u0131tl\u0131 olarak grav\u00fcr i\u00e7in bir tuval olarak tasarlanm\u0131\u015ft\u0131r, b\u00f6ylece ba\u015f harfler, tarihler veya k\u0131sa bir mesaj gururla yer alabilir.<\/p>\n<p data-start=\"565\" data-end=\"935\"><strong data-start=\"565\" data-end=\"582\">Zanaatkarl\u0131k<\/strong><br data-start=\"582\" data-end=\"585\" \/>Y\u00fcksek safl\u0131kta 22 ayar alt\u0131ndan \u00fcretilen bant, yumu\u015fak bir i\u00e7 k\u0131vr\u0131m ve cilal\u0131 bir d\u0131\u015f y\u00fczey i\u00e7in \u00f6zenle \u015fekillendirilmi\u015f ve elle tamamlanm\u0131\u015ft\u0131r. Her y\u00fcz\u00fck, safl\u0131k sertifikas\u0131 i\u00e7in \u0130ngiltere'de damgalanm\u0131\u015ft\u0131r ve size kalitesi ve men\u015fei konusunda g\u00fcven verir. E\u015fit geni\u015flik ve dengeli oranlar, ni\u015fan y\u00fcz\u00fckleri veya di\u011fer bantlarla birlikte rahat\u00e7a oturmas\u0131n\u0131 sa\u011flar.<\/p>\n<p data-start=\"937\" data-end=\"1353\" data-is-last-node=\"\" data-is-only-node=\"\"><strong data-start=\"937\" data-end=\"954\">Stil Fikirleri<\/strong><br data-start=\"954\" data-end=\"957\" \/>Klasik bir alyans olarak tak\u0131n, gizli bir dokunu\u015f i\u00e7in i\u00e7 tarafa veya daha cesur bir ifade i\u00e7in d\u0131\u015f tarafa kaz\u0131nm\u0131\u015f. Tekta\u015f veya p\u0131rlanta setli 22 ayar alt\u0131n ni\u015fan y\u00fcz\u00fckleriyle g\u00fczel bir uyum sa\u011flar veya katmanl\u0131, ki\u015fisel bir g\u00f6r\u00fcn\u00fcm olu\u015fturmak i\u00e7in daha ince bantlarla istiflenebilir. \u00c7iftler i\u00e7in e\u015fle\u015fen geni\u015flikleri se\u00e7in veya boyutlar\u0131 kar\u0131\u015ft\u0131r\u0131n ve ayn\u0131 grav\u00fcr\u00fc yank\u0131layarak ortak, ince bir ba\u011flant\u0131 olu\u015fturun.<\/p>","protected":false},"excerpt":{"rendered":"<p><strong>A\u00e7\u0131klama &amp; Detaylar<\/strong><br \/>\nBu 22 ayar alt\u0131n alyansa ba\u015f harfler, isimler, tarihler veya \u00f6zel bir mesaj kaz\u0131nabilir. Zamans\u0131z stili ki\u015fisel bir dokunu\u015fla harmanl\u0131yor.<\/p>\n<p>SKU: 50913<br \/>\nY\u00fcz\u00fck \u00d6l\u00e7\u00fcs\u00fc: L, T\u00fcm bedenlerde mevcuttur<br \/>\n\u00d6zellikler Grav\u00fcrlenebilir<br \/>\nGeni\u015flik: 3,5 mm<br \/>\nA\u011f\u0131rl\u0131k: 4 Gms<br \/>\nMetal: 22 Ayar Alt\u0131n<br \/>\nFiyat ve Teslimat: KDV ve teslimat \u00fccretleri dahil<br \/>\nBizim g\u00f6r\u00fcnt\u00fcleyin\u00a0<a href=\"https:\/\/www.purejewels.com\/tr\/urun-kategori%cc%87si%cc%87\/22-ayar-altin-takilar\/ki%cc%87si%cc%87sellesti%cc%87ri%cc%87lmi%cc%87s-mucevherler\/kisisellestirilmis-yuzuk\/\" target=\"_blank\" rel=\"noopener\"><strong>Ki\u015fiselle\u015ftirilmi\u015f Y\u00fcz\u00fck Koleksiyonu<\/strong><\/a><br \/>\n<a href=\"https:\/\/www.purejewels.com\/tr\/i%cc%87ade-poli%cc%87ti%cc%87kasi\/\">\u0130ade Politikas\u0131<\/a><\/p>","protected":false},"featured_media":387397,"comment_status":"closed","ping_status":"closed","template":"","meta":{"_eb_attr":"","_crsspst_to_jayantr4sg-hostcom":false},"product_brand":[],"product_cat":[1640,5756,6123,1229,1235,5906,5927,6120],"product_tag":[5933,5934,5935,5936,5932],"class_list":{"0":"post-387179","1":"product","2":"type-product","3":"status-publish","4":"has-post-thumbnail","6":"product_cat-22ct-gold-bands","7":"product_cat-22ct-sunrise-gold-bands","8":"product_cat-engraving","9":"product_cat-22ct-gold-jewellery","10":"product_cat-gold-rings","11":"product_cat-personalised-jewellery","12":"product_cat-personalised-ring","13":"product_cat-shop-by-style","14":"product_tag-22ct-gold","15":"product_tag-engravable","16":"product_tag-personalized","17":"product_tag-personalized-jewllery","18":"product_tag-wedding-band-ring","20":"first","21":"onbackorder","22":"taxable","23":"shipping-taxable","24":"product-type-simple","25":"add-to-wishlist-before_image"},"yoast_head":"<!-- This site is optimized with the Yoast SEO plugin v27.5 - https:\/\/yoast.com\/product\/yoast-seo-wordpress\/ -->\n<title>22ct Gold Engravable Wedding Band | Personalized Wedding Ring<\/title>\n<meta name=\"description\" content=\"Celebrate your special day with a 22ct gold wedding band, customizable with engraved initials, names, dates, or a heartfelt message.\" \/>\n<meta name=\"robots\" content=\"index, follow, max-snippet:-1, max-image-preview:large, max-video-preview:-1\" \/>\n<link rel=\"canonical\" href=\"https:\/\/www.purejewels.com\/tr\/urun\/22-ayar-altin-alyans-kazinabilir\/\" \/>\n<meta property=\"og:locale\" content=\"tr_TR\" \/>\n<meta property=\"og:type\" content=\"article\" \/>\n<meta property=\"og:title\" content=\"22ct Gold Engravable Wedding Band | Personalized Wedding Ring\" \/>\n<meta property=\"og:description\" content=\"Celebrate your special day with a 22ct gold wedding band, customizable with engraved initials, names, dates, or a heartfelt message.\" \/>\n<meta property=\"og:url\" content=\"https:\/\/www.purejewels.com\/tr\/urun\/22-ayar-altin-alyans-kazinabilir\/\" \/>\n<meta property=\"og:site_name\" content=\"PureJewels UK\" \/>\n<meta property=\"article:modified_time\" content=\"2025-11-12T10:49:25+00:00\" \/>\n<meta property=\"og:image\" content=\"https:\/\/www.purejewels.com\/wp-content\/uploads\/2025\/02\/46305_personalised.png\" \/>\n\t<meta property=\"og:image:width\" content=\"1000\" \/>\n\t<meta property=\"og:image:height\" content=\"1000\" \/>\n\t<meta property=\"og:image:type\" content=\"image\/png\" \/>\n<meta name=\"twitter:card\" content=\"summary_large_image\" \/>\n<meta name=\"twitter:label1\" content=\"Tahmini okuma s\u00fcresi\" \/>\n\t<meta name=\"twitter:data1\" content=\"2 dakika\" \/>\n<script type=\"application\/ld+json\" class=\"yoast-schema-graph\">{\"@context\":\"https:\\\/\\\/schema.org\",\"@graph\":[{\"@type\":[\"WebPage\",\"ItemPage\"],\"@id\":\"https:\\\/\\\/www.purejewels.com\\\/product\\\/22ct-gold-wedding-band-engravable\\\/\",\"url\":\"https:\\\/\\\/www.purejewels.com\\\/product\\\/22ct-gold-wedding-band-engravable\\\/\",\"name\":\"22ct Gold Engravable Wedding Band | Personalized Wedding Ring\",\"isPartOf\":{\"@id\":\"https:\\\/\\\/www.purejewels.com\\\/#website\"},\"primaryImageOfPage\":{\"@id\":\"https:\\\/\\\/www.purejewels.com\\\/product\\\/22ct-gold-wedding-band-engravable\\\/#primaryimage\"},\"image\":{\"@id\":\"https:\\\/\\\/www.purejewels.com\\\/product\\\/22ct-gold-wedding-band-engravable\\\/#primaryimage\"},\"thumbnailUrl\":\"https:\\\/\\\/static.purejewels.com\\\/wp-content\\\/uploads\\\/2025\\\/02\\\/46305_personalised.png\",\"datePublished\":\"2025-02-18T12:30:32+00:00\",\"dateModified\":\"2025-11-12T10:49:25+00:00\",\"description\":\"Celebrate your special day with a 22ct gold wedding band, customizable with engraved initials, names, dates, or a heartfelt message.\",\"breadcrumb\":{\"@id\":\"https:\\\/\\\/www.purejewels.com\\\/product\\\/22ct-gold-wedding-band-engravable\\\/#breadcrumb\"},\"inLanguage\":\"tr\",\"potentialAction\":[{\"@type\":\"ReadAction\",\"target\":[\"https:\\\/\\\/www.purejewels.com\\\/product\\\/22ct-gold-wedding-band-engravable\\\/\"]}]},{\"@type\":\"ImageObject\",\"inLanguage\":\"tr\",\"@id\":\"https:\\\/\\\/www.purejewels.com\\\/product\\\/22ct-gold-wedding-band-engravable\\\/#primaryimage\",\"url\":\"https:\\\/\\\/static.purejewels.com\\\/wp-content\\\/uploads\\\/2025\\\/02\\\/46305_personalised.png\",\"contentUrl\":\"https:\\\/\\\/static.purejewels.com\\\/wp-content\\\/uploads\\\/2025\\\/02\\\/46305_personalised.png\",\"width\":1000,\"height\":1000,\"caption\":\"22ct Sunrise Gold Wedding Band\"},{\"@type\":\"BreadcrumbList\",\"@id\":\"https:\\\/\\\/www.purejewels.com\\\/product\\\/22ct-gold-wedding-band-engravable\\\/#breadcrumb\",\"itemListElement\":[{\"@type\":\"ListItem\",\"position\":1,\"name\":\"Home\",\"item\":\"https:\\\/\\\/www.purejewels.com\\\/\"},{\"@type\":\"ListItem\",\"position\":2,\"name\":\"Shop\",\"item\":\"https:\\\/\\\/www.purejewels.com\\\/shop\\\/\"},{\"@type\":\"ListItem\",\"position\":3,\"name\":\"22ct Gold Wedding Band | Engravable\"}]},{\"@type\":\"WebSite\",\"@id\":\"https:\\\/\\\/www.purejewels.com\\\/#website\",\"url\":\"https:\\\/\\\/www.purejewels.com\\\/\",\"name\":\"PureJewels UK\",\"description\":\"Share the Love\",\"publisher\":{\"@id\":\"https:\\\/\\\/www.purejewels.com\\\/#organization\"},\"potentialAction\":[{\"@type\":\"SearchAction\",\"target\":{\"@type\":\"EntryPoint\",\"urlTemplate\":\"https:\\\/\\\/www.purejewels.com\\\/?s={search_term_string}\"},\"query-input\":{\"@type\":\"PropertyValueSpecification\",\"valueRequired\":true,\"valueName\":\"search_term_string\"}}],\"inLanguage\":\"tr\"},{\"@type\":\"Organization\",\"@id\":\"https:\\\/\\\/www.purejewels.com\\\/#organization\",\"name\":\"PureJewels UK\",\"url\":\"https:\\\/\\\/www.purejewels.com\\\/\",\"logo\":{\"@type\":\"ImageObject\",\"inLanguage\":\"tr\",\"@id\":\"https:\\\/\\\/www.purejewels.com\\\/#\\\/schema\\\/logo\\\/image\\\/\",\"url\":\"https:\\\/\\\/static.purejewels.com\\\/wp-content\\\/uploads\\\/2020\\\/11\\\/Logo-PJ-New-1.png\",\"contentUrl\":\"https:\\\/\\\/static.purejewels.com\\\/wp-content\\\/uploads\\\/2020\\\/11\\\/Logo-PJ-New-1.png\",\"width\":150,\"height\":80,\"caption\":\"PureJewels UK\"},\"image\":{\"@id\":\"https:\\\/\\\/www.purejewels.com\\\/#\\\/schema\\\/logo\\\/image\\\/\"}}]}<\/script>\n<!-- \/ Yoast SEO plugin. -->","yoast_head_json":{"title":"22 Ayar Alt\u0131n Kaz\u0131nabilir Alyans | Ki\u015fiye \u00d6zel Alyans","description":"\u00d6zel g\u00fcn\u00fcn\u00fcz\u00fc ba\u015f harfler, isimler, tarihler veya i\u00e7ten bir mesajla \u00f6zelle\u015ftirilebilen 22 ayar alt\u0131n bir alyansla kutlay\u0131n.","robots":{"index":"index","follow":"follow","max-snippet":"max-snippet:-1","max-image-preview":"max-image-preview:large","max-video-preview":"max-video-preview:-1"},"canonical":"https:\/\/www.purejewels.com\/tr\/urun\/22-ayar-altin-alyans-kazinabilir\/","og_locale":"tr_TR","og_type":"article","og_title":"22ct Gold Engravable Wedding Band | Personalized Wedding Ring","og_description":"Celebrate your special day with a 22ct gold wedding band, customizable with engraved initials, names, dates, or a heartfelt message.","og_url":"https:\/\/www.purejewels.com\/tr\/urun\/22-ayar-altin-alyans-kazinabilir\/","og_site_name":"PureJewels UK","article_modified_time":"2025-11-12T10:49:25+00:00","og_image":[{"width":1000,"height":1000,"url":"https:\/\/www.purejewels.com\/wp-content\/uploads\/2025\/02\/46305_personalised.png","type":"image\/png"}],"twitter_card":"summary_large_image","twitter_misc":{"Tahmini okuma s\u00fcresi":"2 dakika"},"schema":{"@context":"https:\/\/schema.org","@graph":[{"@type":["WebPage","ItemPage"],"@id":"https:\/\/www.purejewels.com\/product\/22ct-gold-wedding-band-engravable\/","url":"https:\/\/www.purejewels.com\/product\/22ct-gold-wedding-band-engravable\/","name":"22 Ayar Alt\u0131n Kaz\u0131nabilir Alyans | Ki\u015fiye \u00d6zel Alyans","isPartOf":{"@id":"https:\/\/www.purejewels.com\/#website"},"primaryImageOfPage":{"@id":"https:\/\/www.purejewels.com\/product\/22ct-gold-wedding-band-engravable\/#primaryimage"},"image":{"@id":"https:\/\/www.purejewels.com\/product\/22ct-gold-wedding-band-engravable\/#primaryimage"},"thumbnailUrl":"https:\/\/static.purejewels.com\/wp-content\/uploads\/2025\/02\/46305_personalised.png","datePublished":"2025-02-18T12:30:32+00:00","dateModified":"2025-11-12T10:49:25+00:00","description":"\u00d6zel g\u00fcn\u00fcn\u00fcz\u00fc ba\u015f harfler, isimler, tarihler veya i\u00e7ten bir mesajla \u00f6zelle\u015ftirilebilen 22 ayar alt\u0131n bir alyansla kutlay\u0131n.","breadcrumb":{"@id":"https:\/\/www.purejewels.com\/product\/22ct-gold-wedding-band-engravable\/#breadcrumb"},"inLanguage":"tr","potentialAction":[{"@type":"ReadAction","target":["https:\/\/www.purejewels.com\/product\/22ct-gold-wedding-band-engravable\/"]}]},{"@type":"ImageObject","inLanguage":"tr","@id":"https:\/\/www.purejewels.com\/product\/22ct-gold-wedding-band-engravable\/#primaryimage","url":"https:\/\/static.purejewels.com\/wp-content\/uploads\/2025\/02\/46305_personalised.png","contentUrl":"https:\/\/static.purejewels.com\/wp-content\/uploads\/2025\/02\/46305_personalised.png","width":1000,"height":1000,"caption":"22ct Sunrise Gold Wedding Band"},{"@type":"BreadcrumbList","@id":"https:\/\/www.purejewels.com\/product\/22ct-gold-wedding-band-engravable\/#breadcrumb","itemListElement":[{"@type":"ListItem","position":1,"name":"Home","item":"https:\/\/www.purejewels.com\/"},{"@type":"ListItem","position":2,"name":"Shop","item":"https:\/\/www.purejewels.com\/shop\/"},{"@type":"ListItem","position":3,"name":"22ct Gold Wedding Band | Engravable"}]},{"@type":"WebSite","@id":"https:\/\/www.purejewels.com\/#website","url":"https:\/\/www.purejewels.com\/","name":"PureJewels \u0130ngiltere","description":"Sevgiyi Payla\u015f\u0131n","publisher":{"@id":"https:\/\/www.purejewels.com\/#organization"},"potentialAction":[{"@type":"SearchAction","target":{"@type":"EntryPoint","urlTemplate":"https:\/\/www.purejewels.com\/?s={search_term_string}"},"query-input":{"@type":"PropertyValueSpecification","valueRequired":true,"valueName":"search_term_string"}}],"inLanguage":"tr"},{"@type":"Organization","@id":"https:\/\/www.purejewels.com\/#organization","name":"PureJewels \u0130ngiltere","url":"https:\/\/www.purejewels.com\/","logo":{"@type":"ImageObject","inLanguage":"tr","@id":"https:\/\/www.purejewels.com\/#\/schema\/logo\/image\/","url":"https:\/\/static.purejewels.com\/wp-content\/uploads\/2020\/11\/Logo-PJ-New-1.png","contentUrl":"https:\/\/static.purejewels.com\/wp-content\/uploads\/2020\/11\/Logo-PJ-New-1.png","width":150,"height":80,"caption":"PureJewels UK"},"image":{"@id":"https:\/\/www.purejewels.com\/#\/schema\/logo\/image\/"}}]}},"_links":{"self":[{"href":"https:\/\/www.purejewels.com\/tr\/wp-json\/wp\/v2\/product\/387179","targetHints":{"allow":["GET"]}}],"collection":[{"href":"https:\/\/www.purejewels.com\/tr\/wp-json\/wp\/v2\/product"}],"about":[{"href":"https:\/\/www.purejewels.com\/tr\/wp-json\/wp\/v2\/types\/product"}],"replies":[{"embeddable":true,"href":"https:\/\/www.purejewels.com\/tr\/wp-json\/wp\/v2\/comments?post=387179"}],"version-history":[{"count":6,"href":"https:\/\/www.purejewels.com\/tr\/wp-json\/wp\/v2\/product\/387179\/revisions"}],"predecessor-version":[{"id":420910,"href":"https:\/\/www.purejewels.com\/tr\/wp-json\/wp\/v2\/product\/387179\/revisions\/420910"}],"wp:featuredmedia":[{"embeddable":true,"href":"https:\/\/www.purejewels.com\/tr\/wp-json\/wp\/v2\/media\/387397"}],"wp:attachment":[{"href":"https:\/\/www.purejewels.com\/tr\/wp-json\/wp\/v2\/media?parent=387179"}],"wp:term":[{"taxonomy":"product_brand","embeddable":true,"href":"https:\/\/www.purejewels.com\/tr\/wp-json\/wp\/v2\/product_brand?post=387179"},{"taxonomy":"product_cat","embeddable":true,"href":"https:\/\/www.purejewels.com\/tr\/wp-json\/wp\/v2\/product_cat?post=387179"},{"taxonomy":"product_tag","embeddable":true,"href":"https:\/\/www.purejewels.com\/tr\/wp-json\/wp\/v2\/product_tag?post=387179"}],"curies":[{"name":"wp","href":"https:\/\/api.w.org\/{rel}","templated":true}]}}