{"id":3876,"date":"2017-07-19T13:21:26","date_gmt":"2017-07-19T12:21:26","guid":{"rendered":"http:\/\/new.purejewels.com\/product\/22ct-gold-necklace-7\/"},"modified":"2025-12-02T04:44:43","modified_gmt":"2025-12-02T04:44:43","slug":"22-ayar-altin-kolye-49704","status":"publish","type":"product","link":"https:\/\/www.purejewels.com\/tr\/product\/22ct-gold-necklace-7\/","title":{"rendered":"22 ayar alt\u0131n Daisy Bloom kolye"},"content":{"rendered":"<p data-start=\"572\" data-end=\"919\">Narin, \u0131\u015f\u0131lt\u0131l\u0131 ve zamans\u0131z bir g\u00fczelli\u011fe sahip olan 22 ayar alt\u0131n Daisy Bloom Kolye, do\u011fan\u0131n co\u015fkusunu t\u00fcm ihti\u015fam\u0131yla yans\u0131t\u0131yor. B\u00fcy\u00fcleyici papatya motifli bir kolye ucu ile tasarlanan bu par\u00e7a, \u0131\u015f\u0131lt\u0131l\u0131 bir k\u00fcbik zirkonya merkez ve zarif bir rodyum kaplama damla \u015feklinde bir ta\u015f ile s\u00fcslenmi\u015f olup, s\u0131cak alt\u0131n tonlar\u0131na yumu\u015fak, g\u00fcm\u00fc\u015fi bir kontrast kat\u0131yor.<\/p>\n<p data-start=\"921\" data-end=\"1126\">Saf 22 ayar alt\u0131ndan ustal\u0131kla i\u015flenmi\u015f olan kolye, PureJewels'in geleneksel tasar\u0131m ve rafine i\u015f\u00e7ili\u011fe olan ba\u011fl\u0131l\u0131\u011f\u0131n\u0131 yans\u0131t\u0131yor. Hafif ve \u00e7ok y\u00f6nl\u00fc olan bu kolye, hediye etmek veya g\u00fcnl\u00fck \u015f\u0131kl\u0131k i\u00e7in m\u00fckemmeldir.<\/p>\n<p data-start=\"1128\" data-end=\"1220\">Katmanl\u0131 veya tek ba\u015f\u0131na giyildi\u011finde, Daisy Bloom yolculu\u011funuza nazik bir g\u00fczellik katar.<\/p>","protected":false},"excerpt":{"rendered":"<ul>\n<li>\u00a0K\u00fcbik Zirkon Ta\u015fl\u0131 22 Ayar Alt\u0131n Kolye<\/li>\n<li>Rodyum Kaplama ile<\/li>\n<li>A\u011f\u0131rl\u0131k: 5g<\/li>\n<li>T\u00fcm fiyatlara KDV dahildir<\/li>\n<li>Londra Tahlil Ofisi Taraf\u0131ndan Damgalanm\u0131\u015f 22 Ayar Alt\u0131n<\/li>\n<li>T\u00fcm Setler Sunum Kutusu ile Birlikte Gelir<\/li>\n<li>Teslimat Dahil<\/li>\n<li>Stok durumu ve stokta bulunan benzer tasar\u0131mlar\u0131n daha fazla g\u00f6r\u00fcnt\u00fcs\u00fc i\u00e7in bizimle canl\u0131 sohbet edin<\/li>\n<\/ul>","protected":false},"featured_media":3877,"comment_status":"closed","ping_status":"closed","template":"","meta":{"_eb_attr":"","_crsspst_to_jayantr4sg-hostcom":true},"product_brand":[],"product_cat":[1574],"product_tag":[],"class_list":{"0":"post-3876","1":"product","2":"type-product","3":"status-publish","4":"has-post-thumbnail","6":"product_cat-womens-jewellery","8":"first","9":"outofstock","10":"taxable","11":"shipping-taxable","12":"product-type-simple","13":"add-to-wishlist-before_image"},"yoast_head":"<!-- This site is optimized with the Yoast SEO plugin v27.3 - https:\/\/yoast.com\/product\/yoast-seo-wordpress\/ -->\n<title>Daisy Bloom Necklace in 22ct Gold | CZ &amp; Rhodium Pendant<\/title>\n<meta name=\"description\" content=\"Shop the Daisy Bloom Necklace by PureJewels \u2014 crafted in 22ct gold with a CZ centre and rhodium teardrop. A delicate floral pendant perfect for modern elegance.\" \/>\n<meta name=\"robots\" content=\"index, follow, max-snippet:-1, max-image-preview:large, max-video-preview:-1\" \/>\n<link rel=\"canonical\" href=\"https:\/\/www.purejewels.com\/tr\/urun\/22-ayar-altin-kolye-49704\/\" \/>\n<meta property=\"og:locale\" content=\"tr_TR\" \/>\n<meta property=\"og:type\" content=\"article\" \/>\n<meta property=\"og:title\" content=\"Daisy Bloom Necklace in 22ct Gold | CZ &amp; Rhodium Pendant\" \/>\n<meta property=\"og:description\" content=\"Shop the Daisy Bloom Necklace by PureJewels \u2014 crafted in 22ct gold with a CZ centre and rhodium teardrop. A delicate floral pendant perfect for modern elegance.\" \/>\n<meta property=\"og:url\" content=\"https:\/\/www.purejewels.com\/tr\/urun\/22-ayar-altin-kolye-49704\/\" \/>\n<meta property=\"og:site_name\" content=\"PureJewels UK\" \/>\n<meta property=\"article:modified_time\" content=\"2025-12-02T04:44:43+00:00\" \/>\n<meta property=\"og:image\" content=\"https:\/\/static.purejewels.com\/wp-content\/uploads\/2017\/07\/necklace_21406_1100px-2.jpg\" \/>\n\t<meta property=\"og:image:width\" content=\"1100\" \/>\n\t<meta property=\"og:image:height\" content=\"1100\" \/>\n\t<meta property=\"og:image:type\" content=\"image\/jpeg\" \/>\n<meta name=\"twitter:card\" content=\"summary_large_image\" \/>\n<meta name=\"twitter:label1\" content=\"Tahmini okuma s\u00fcresi\" \/>\n\t<meta name=\"twitter:data1\" content=\"1 dakika\" \/>\n<script type=\"application\/ld+json\" class=\"yoast-schema-graph\">{\"@context\":\"https:\\\/\\\/schema.org\",\"@graph\":[{\"@type\":[\"WebPage\",\"ItemPage\"],\"@id\":\"https:\\\/\\\/www.purejewels.com\\\/product\\\/22ct-gold-necklace-7\\\/\",\"url\":\"https:\\\/\\\/www.purejewels.com\\\/product\\\/22ct-gold-necklace-7\\\/\",\"name\":\"Daisy Bloom Necklace in 22ct Gold | CZ & Rhodium Pendant\",\"isPartOf\":{\"@id\":\"https:\\\/\\\/www.purejewels.com\\\/#website\"},\"primaryImageOfPage\":{\"@id\":\"https:\\\/\\\/www.purejewels.com\\\/product\\\/22ct-gold-necklace-7\\\/#primaryimage\"},\"image\":{\"@id\":\"https:\\\/\\\/www.purejewels.com\\\/product\\\/22ct-gold-necklace-7\\\/#primaryimage\"},\"thumbnailUrl\":\"https:\\\/\\\/static.purejewels.com\\\/wp-content\\\/uploads\\\/2017\\\/07\\\/necklace_21406_1100px-2.jpg\",\"datePublished\":\"2017-07-19T12:21:26+00:00\",\"dateModified\":\"2025-12-02T04:44:43+00:00\",\"description\":\"Shop the Daisy Bloom Necklace by PureJewels \u2014 crafted in 22ct gold with a CZ centre and rhodium teardrop. A delicate floral pendant perfect for modern elegance.\",\"breadcrumb\":{\"@id\":\"https:\\\/\\\/www.purejewels.com\\\/product\\\/22ct-gold-necklace-7\\\/#breadcrumb\"},\"inLanguage\":\"tr\",\"potentialAction\":[{\"@type\":\"ReadAction\",\"target\":[\"https:\\\/\\\/www.purejewels.com\\\/product\\\/22ct-gold-necklace-7\\\/\"]}]},{\"@type\":\"ImageObject\",\"inLanguage\":\"tr\",\"@id\":\"https:\\\/\\\/www.purejewels.com\\\/product\\\/22ct-gold-necklace-7\\\/#primaryimage\",\"url\":\"https:\\\/\\\/static.purejewels.com\\\/wp-content\\\/uploads\\\/2017\\\/07\\\/necklace_21406_1100px-2.jpg\",\"contentUrl\":\"https:\\\/\\\/static.purejewels.com\\\/wp-content\\\/uploads\\\/2017\\\/07\\\/necklace_21406_1100px-2.jpg\",\"width\":1100,\"height\":1100,\"caption\":\"necklace_21406_1100px.jpg\"},{\"@type\":\"BreadcrumbList\",\"@id\":\"https:\\\/\\\/www.purejewels.com\\\/product\\\/22ct-gold-necklace-7\\\/#breadcrumb\",\"itemListElement\":[{\"@type\":\"ListItem\",\"position\":1,\"name\":\"Home\",\"item\":\"https:\\\/\\\/www.purejewels.com\\\/\"},{\"@type\":\"ListItem\",\"position\":2,\"name\":\"Shop\",\"item\":\"https:\\\/\\\/www.purejewels.com\\\/shop\\\/\"},{\"@type\":\"ListItem\",\"position\":3,\"name\":\"Daisy Bloom Necklace in 22ct Gold\"}]},{\"@type\":\"WebSite\",\"@id\":\"https:\\\/\\\/www.purejewels.com\\\/#website\",\"url\":\"https:\\\/\\\/www.purejewels.com\\\/\",\"name\":\"PureJewels UK\",\"description\":\"Share the Love\",\"publisher\":{\"@id\":\"https:\\\/\\\/www.purejewels.com\\\/#organization\"},\"potentialAction\":[{\"@type\":\"SearchAction\",\"target\":{\"@type\":\"EntryPoint\",\"urlTemplate\":\"https:\\\/\\\/www.purejewels.com\\\/?s={search_term_string}\"},\"query-input\":{\"@type\":\"PropertyValueSpecification\",\"valueRequired\":true,\"valueName\":\"search_term_string\"}}],\"inLanguage\":\"tr\"},{\"@type\":\"Organization\",\"@id\":\"https:\\\/\\\/www.purejewels.com\\\/#organization\",\"name\":\"PureJewels UK\",\"url\":\"https:\\\/\\\/www.purejewels.com\\\/\",\"logo\":{\"@type\":\"ImageObject\",\"inLanguage\":\"tr\",\"@id\":\"https:\\\/\\\/www.purejewels.com\\\/#\\\/schema\\\/logo\\\/image\\\/\",\"url\":\"https:\\\/\\\/static.purejewels.com\\\/wp-content\\\/uploads\\\/2020\\\/11\\\/Logo-PJ-New-1.png\",\"contentUrl\":\"https:\\\/\\\/static.purejewels.com\\\/wp-content\\\/uploads\\\/2020\\\/11\\\/Logo-PJ-New-1.png\",\"width\":150,\"height\":80,\"caption\":\"PureJewels UK\"},\"image\":{\"@id\":\"https:\\\/\\\/www.purejewels.com\\\/#\\\/schema\\\/logo\\\/image\\\/\"}}]}<\/script>\n<!-- \/ Yoast SEO plugin. -->","yoast_head_json":{"title":"22 ayar alt\u0131n Daisy Bloom kolye | CZ ve rodyum kolye ucu","description":"PureJewels'\u0131n Daisy Bloom Kolyesini sat\u0131n al\u0131n \u2014 22 ayar alt\u0131n, CZ merkez ve rodyum damla \u015feklinde tasarlanm\u0131\u015ft\u0131r. Modern zarafete m\u00fckemmel uyum sa\u011flayan zarif \u00e7i\u00e7ek kolye.","robots":{"index":"index","follow":"follow","max-snippet":"max-snippet:-1","max-image-preview":"max-image-preview:large","max-video-preview":"max-video-preview:-1"},"canonical":"https:\/\/www.purejewels.com\/tr\/urun\/22-ayar-altin-kolye-49704\/","og_locale":"tr_TR","og_type":"article","og_title":"Daisy Bloom Necklace in 22ct Gold | CZ & Rhodium Pendant","og_description":"Shop the Daisy Bloom Necklace by PureJewels \u2014 crafted in 22ct gold with a CZ centre and rhodium teardrop. A delicate floral pendant perfect for modern elegance.","og_url":"https:\/\/www.purejewels.com\/tr\/urun\/22-ayar-altin-kolye-49704\/","og_site_name":"PureJewels UK","article_modified_time":"2025-12-02T04:44:43+00:00","og_image":[{"width":1100,"height":1100,"url":"https:\/\/static.purejewels.com\/wp-content\/uploads\/2017\/07\/necklace_21406_1100px-2.jpg","type":"image\/jpeg"}],"twitter_card":"summary_large_image","twitter_misc":{"Tahmini okuma s\u00fcresi":"1 dakika"},"schema":{"@context":"https:\/\/schema.org","@graph":[{"@type":["WebPage","ItemPage"],"@id":"https:\/\/www.purejewels.com\/product\/22ct-gold-necklace-7\/","url":"https:\/\/www.purejewels.com\/product\/22ct-gold-necklace-7\/","name":"22 ayar alt\u0131n Daisy Bloom kolye | CZ ve rodyum kolye ucu","isPartOf":{"@id":"https:\/\/www.purejewels.com\/#website"},"primaryImageOfPage":{"@id":"https:\/\/www.purejewels.com\/product\/22ct-gold-necklace-7\/#primaryimage"},"image":{"@id":"https:\/\/www.purejewels.com\/product\/22ct-gold-necklace-7\/#primaryimage"},"thumbnailUrl":"https:\/\/static.purejewels.com\/wp-content\/uploads\/2017\/07\/necklace_21406_1100px-2.jpg","datePublished":"2017-07-19T12:21:26+00:00","dateModified":"2025-12-02T04:44:43+00:00","description":"PureJewels'\u0131n Daisy Bloom Kolyesini sat\u0131n al\u0131n \u2014 22 ayar alt\u0131n, CZ merkez ve rodyum damla \u015feklinde tasarlanm\u0131\u015ft\u0131r. Modern zarafete m\u00fckemmel uyum sa\u011flayan zarif \u00e7i\u00e7ek kolye.","breadcrumb":{"@id":"https:\/\/www.purejewels.com\/product\/22ct-gold-necklace-7\/#breadcrumb"},"inLanguage":"tr","potentialAction":[{"@type":"ReadAction","target":["https:\/\/www.purejewels.com\/product\/22ct-gold-necklace-7\/"]}]},{"@type":"ImageObject","inLanguage":"tr","@id":"https:\/\/www.purejewels.com\/product\/22ct-gold-necklace-7\/#primaryimage","url":"https:\/\/static.purejewels.com\/wp-content\/uploads\/2017\/07\/necklace_21406_1100px-2.jpg","contentUrl":"https:\/\/static.purejewels.com\/wp-content\/uploads\/2017\/07\/necklace_21406_1100px-2.jpg","width":1100,"height":1100,"caption":"necklace_21406_1100px.jpg"},{"@type":"BreadcrumbList","@id":"https:\/\/www.purejewels.com\/product\/22ct-gold-necklace-7\/#breadcrumb","itemListElement":[{"@type":"ListItem","position":1,"name":"Home","item":"https:\/\/www.purejewels.com\/"},{"@type":"ListItem","position":2,"name":"Shop","item":"https:\/\/www.purejewels.com\/shop\/"},{"@type":"ListItem","position":3,"name":"Daisy Bloom Necklace in 22ct Gold"}]},{"@type":"WebSite","@id":"https:\/\/www.purejewels.com\/#website","url":"https:\/\/www.purejewels.com\/","name":"PureJewels \u0130ngiltere","description":"Sevgiyi Payla\u015f\u0131n","publisher":{"@id":"https:\/\/www.purejewels.com\/#organization"},"potentialAction":[{"@type":"SearchAction","target":{"@type":"EntryPoint","urlTemplate":"https:\/\/www.purejewels.com\/?s={search_term_string}"},"query-input":{"@type":"PropertyValueSpecification","valueRequired":true,"valueName":"search_term_string"}}],"inLanguage":"tr"},{"@type":"Organization","@id":"https:\/\/www.purejewels.com\/#organization","name":"PureJewels \u0130ngiltere","url":"https:\/\/www.purejewels.com\/","logo":{"@type":"ImageObject","inLanguage":"tr","@id":"https:\/\/www.purejewels.com\/#\/schema\/logo\/image\/","url":"https:\/\/static.purejewels.com\/wp-content\/uploads\/2020\/11\/Logo-PJ-New-1.png","contentUrl":"https:\/\/static.purejewels.com\/wp-content\/uploads\/2020\/11\/Logo-PJ-New-1.png","width":150,"height":80,"caption":"PureJewels UK"},"image":{"@id":"https:\/\/www.purejewels.com\/#\/schema\/logo\/image\/"}}]}},"_links":{"self":[{"href":"https:\/\/www.purejewels.com\/tr\/wp-json\/wp\/v2\/product\/3876","targetHints":{"allow":["GET"]}}],"collection":[{"href":"https:\/\/www.purejewels.com\/tr\/wp-json\/wp\/v2\/product"}],"about":[{"href":"https:\/\/www.purejewels.com\/tr\/wp-json\/wp\/v2\/types\/product"}],"replies":[{"embeddable":true,"href":"https:\/\/www.purejewels.com\/tr\/wp-json\/wp\/v2\/comments?post=3876"}],"version-history":[{"count":3,"href":"https:\/\/www.purejewels.com\/tr\/wp-json\/wp\/v2\/product\/3876\/revisions"}],"predecessor-version":[{"id":422245,"href":"https:\/\/www.purejewels.com\/tr\/wp-json\/wp\/v2\/product\/3876\/revisions\/422245"}],"wp:featuredmedia":[{"embeddable":true,"href":"https:\/\/www.purejewels.com\/tr\/wp-json\/wp\/v2\/media\/3877"}],"wp:attachment":[{"href":"https:\/\/www.purejewels.com\/tr\/wp-json\/wp\/v2\/media?parent=3876"}],"wp:term":[{"taxonomy":"product_brand","embeddable":true,"href":"https:\/\/www.purejewels.com\/tr\/wp-json\/wp\/v2\/product_brand?post=3876"},{"taxonomy":"product_cat","embeddable":true,"href":"https:\/\/www.purejewels.com\/tr\/wp-json\/wp\/v2\/product_cat?post=3876"},{"taxonomy":"product_tag","embeddable":true,"href":"https:\/\/www.purejewels.com\/tr\/wp-json\/wp\/v2\/product_tag?post=3876"}],"curies":[{"name":"wp","href":"https:\/\/api.w.org\/{rel}","templated":true}]}}