{"id":388327,"date":"2025-02-06T07:47:01","date_gmt":"2025-02-06T07:47:01","guid":{"rendered":"https:\/\/www.purejewels.com\/?post_type=product&#038;p=388327"},"modified":"2026-01-06T10:58:56","modified_gmt":"2026-01-06T10:58:56","slug":"18-ayar-sari-altin-pirlanta-sonsuzluk-bandi-47471","status":"publish","type":"product","link":"https:\/\/www.purejewels.com\/tr\/product\/18ct-yellow-gold-diamond-eternity-band-47471\/","title":{"rendered":"18 Ayar Sar\u0131 Alt\u0131n P\u0131rlanta Sonsuzluk Band\u0131"},"content":{"rendered":"<h4 data-start=\"366\" data-end=\"391\"><strong data-start=\"371\" data-end=\"389\">Tasar\u0131m Konsepti<\/strong><\/h4>\n<p data-start=\"392\" data-end=\"724\">Anlam\u0131 sonsuz ve bi\u00e7imi zarif olan bu P\u0131rlanta Sonsuzluk Band\u0131, kal\u0131c\u0131 a\u015fk\u0131n ve ba\u011fl\u0131l\u0131\u011f\u0131n \u0131\u015f\u0131lt\u0131l\u0131 bir ifadesidir. Sonsuzlu\u011fu simgelemek \u00fczere tasarlanan p\u0131rlantalar\u0131n kesintisiz \u00e7izgisi, sonu olmayan bir a\u015fk\u0131 temsil eder. Klasik silueti ve alt\u0131n sar\u0131s\u0131 s\u0131cakl\u0131\u011f\u0131 onu de\u011ferli bir par\u00e7a haline getiriyor - m\u00fckemmel bir \u015fekilde zamans\u0131z, sessizce g\u00fc\u00e7l\u00fc.<\/p>\n<h4 data-start=\"726\" data-end=\"750\"><strong data-start=\"731\" data-end=\"748\">Zanaatkarl\u0131k<\/strong><\/h4>\n<p data-start=\"751\" data-end=\"1127\">Y\u00fcksek kaliteli 18 ayar sar\u0131 alt\u0131ndan el i\u015f\u00e7ili\u011fiyle \u00fcretilen bu y\u00fcz\u00fck, toplamda 0,57 karatl\u0131k bir dizi do\u011fal p\u0131rlanta ile donat\u0131lm\u0131\u015ft\u0131r. Her bir ta\u015f berrakl\u0131k ve \u0131\u015f\u0131lt\u0131 a\u00e7\u0131s\u0131ndan titizlikle se\u00e7ilmi\u015ftir ve parma\u011f\u0131n etraf\u0131n\u0131 zarif\u00e7e saran kesintisiz bir \u0131\u015f\u0131lt\u0131 yarat\u0131r. Londra Assay Ofisi taraf\u0131ndan damgalanan bu y\u00fcz\u00fck PureJewels'in i\u015f\u00e7ilik ve g\u00fcven miras\u0131n\u0131 yans\u0131tmaktad\u0131r.<\/p>\n<h4 data-start=\"1326\" data-end=\"1356\"><strong data-start=\"1331\" data-end=\"1354\">Stil \u0130lham\u0131<\/strong><\/h4>\n<ul>\n<li data-start=\"1359\" data-end=\"1458\">Sembolik zarafet: Y\u0131ld\u00f6n\u00fcm\u00fc y\u00fcz\u00fc\u011f\u00fc, evlilik y\u00fcz\u00fc\u011f\u00fc veya ki\u015fisel d\u00f6n\u00fcm noktas\u0131 par\u00e7as\u0131 olarak tak\u0131n.<\/li>\n<li data-start=\"1461\" data-end=\"1551\">\u0130stifleme stili: Modern ve katmanl\u0131 bir g\u00f6r\u00fcn\u00fcm i\u00e7in tekta\u015f veya ince alt\u0131n bantlarla e\u015fle\u015ftirin.<\/li>\n<li data-start=\"1554\" data-end=\"1641\">G\u00fcnl\u00fck g\u00fczellik: \u00d6zel g\u00fcnler i\u00e7in yeterince zarif, ancak g\u00fcnl\u00fck kullan\u0131m i\u00e7in tasarlanm\u0131\u015ft\u0131r.<\/li>\n<\/ul>","protected":false},"excerpt":{"rendered":"<table>\n<tbody>\n<tr>\n<td>Y\u00fcz\u00fck Tipi<\/td>\n<td>P\u0131rlanta Sonsuzluk Band\u0131<\/td>\n<\/tr>\n<tr>\n<td>SKU<\/td>\n<td>47471<\/td>\n<\/tr>\n<tr>\n<td>Metal<\/td>\n<td>18 Ayar Sar\u0131 Alt\u0131n<\/td>\n<\/tr>\n<tr>\n<td>Y\u00fcz\u00fck \u00d6l\u00e7\u00fcs\u00fc<\/td>\n<td>K<\/td>\n<\/tr>\n<tr>\n<td>Elmas A\u011f\u0131rl\u0131\u011f\u0131.<\/td>\n<td>0.57ct<\/td>\n<\/tr>\n<tr>\n<td>\u00dccretler<\/td>\n<td>Teslimat ve KDV Dahil<\/td>\n<\/tr>\n<tr>\n<td>Paketleme<\/td>\n<td>Sunum Kutusu ile Birlikte Gelir<\/td>\n<\/tr>\n<tr>\n<td>Daha Fazla Bilgi<\/td>\n<td>M\u00fcsaitlik durumu ve daha fazla resim i\u00e7in bizimle canl\u0131 sohbet edin<\/td>\n<\/tr>\n<\/tbody>\n<\/table>","protected":false},"featured_media":388328,"comment_status":"closed","ping_status":"closed","template":"","meta":{"_eb_attr":"","_crsspst_to_jayantr4sg-hostcom":true},"product_brand":[],"product_cat":[5679,6085,1640,1794,5457,5460,5931,1235,1783,1786,1574],"product_tag":[],"class_list":{"0":"post-388327","1":"product","2":"type-product","3":"status-publish","4":"has-post-thumbnail","6":"product_cat-18ct-gold-jewellery","7":"product_cat-18ct-gold-ring","8":"product_cat-22ct-gold-bands","9":"product_cat-christmas-gifts","10":"product_cat-diamond-jewellery","11":"product_cat-diamond-ring","12":"product_cat-eternity-ring","13":"product_cat-gold-rings","14":"product_cat-ladies-rings","15":"product_cat-occasional-wear-rings","16":"product_cat-womens-jewellery","18":"first","19":"instock","20":"taxable","21":"shipping-taxable","22":"purchasable","23":"product-type-simple","24":"add-to-wishlist-before_image"},"yoast_head":"<!-- This site is optimized with the Yoast SEO plugin v27.5 - https:\/\/yoast.com\/product\/yoast-seo-wordpress\/ -->\n<title>18ct Yellow Gold Diamond Eternity Band - PureJewels UK<\/title>\n<meta name=\"robots\" content=\"index, follow, max-snippet:-1, max-image-preview:large, max-video-preview:-1\" \/>\n<link rel=\"canonical\" href=\"https:\/\/www.purejewels.com\/tr\/urun\/18-ayar-sari-altin-pirlanta-sonsuzluk-bandi-47471\/\" \/>\n<meta property=\"og:locale\" content=\"tr_TR\" \/>\n<meta property=\"og:type\" content=\"article\" \/>\n<meta property=\"og:title\" content=\"18ct Yellow Gold Diamond Eternity Band - PureJewels UK\" \/>\n<meta property=\"og:description\" content=\"Type of Ring Diamond Eternity Band   SKU 47471   Metal 18ct Yellow Gold   Ring Size K   Diamond Wt. 0.57ct   Charges Delivery\u00a0and\u00a0VAT\u00a0Included   Packaging Comes\u00a0With\u00a0Presentation\u00a0Box   More\u00a0Information Live chat with us for availability\u00a0and\u00a0more\u00a0images\" \/>\n<meta property=\"og:url\" content=\"https:\/\/www.purejewels.com\/tr\/urun\/18-ayar-sari-altin-pirlanta-sonsuzluk-bandi-47471\/\" \/>\n<meta property=\"og:site_name\" content=\"PureJewels UK\" \/>\n<meta property=\"article:modified_time\" content=\"2026-01-06T10:58:56+00:00\" \/>\n<meta property=\"og:image\" content=\"https:\/\/www.purejewels.com\/wp-content\/uploads\/2025\/03\/47471_2_1.png\" \/>\n\t<meta property=\"og:image:width\" content=\"1000\" \/>\n\t<meta property=\"og:image:height\" content=\"1000\" \/>\n\t<meta property=\"og:image:type\" content=\"image\/png\" \/>\n<meta name=\"twitter:card\" content=\"summary_large_image\" \/>\n<meta name=\"twitter:label1\" content=\"Tahmini okuma s\u00fcresi\" \/>\n\t<meta name=\"twitter:data1\" content=\"1 dakika\" \/>\n<script type=\"application\/ld+json\" class=\"yoast-schema-graph\">{\"@context\":\"https:\\\/\\\/schema.org\",\"@graph\":[{\"@type\":[\"WebPage\",\"ItemPage\"],\"@id\":\"https:\\\/\\\/www.purejewels.com\\\/product\\\/18ct-yellow-gold-diamond-eternity-band-47471\\\/\",\"url\":\"https:\\\/\\\/www.purejewels.com\\\/product\\\/18ct-yellow-gold-diamond-eternity-band-47471\\\/\",\"name\":\"18ct Yellow Gold Diamond Eternity Band - PureJewels UK\",\"isPartOf\":{\"@id\":\"https:\\\/\\\/www.purejewels.com\\\/#website\"},\"primaryImageOfPage\":{\"@id\":\"https:\\\/\\\/www.purejewels.com\\\/product\\\/18ct-yellow-gold-diamond-eternity-band-47471\\\/#primaryimage\"},\"image\":{\"@id\":\"https:\\\/\\\/www.purejewels.com\\\/product\\\/18ct-yellow-gold-diamond-eternity-band-47471\\\/#primaryimage\"},\"thumbnailUrl\":\"https:\\\/\\\/static.purejewels.com\\\/wp-content\\\/uploads\\\/2025\\\/03\\\/47471_2_1.png\",\"datePublished\":\"2025-02-06T07:47:01+00:00\",\"dateModified\":\"2026-01-06T10:58:56+00:00\",\"breadcrumb\":{\"@id\":\"https:\\\/\\\/www.purejewels.com\\\/product\\\/18ct-yellow-gold-diamond-eternity-band-47471\\\/#breadcrumb\"},\"inLanguage\":\"tr\",\"potentialAction\":[{\"@type\":\"ReadAction\",\"target\":[\"https:\\\/\\\/www.purejewels.com\\\/product\\\/18ct-yellow-gold-diamond-eternity-band-47471\\\/\"]}]},{\"@type\":\"ImageObject\",\"inLanguage\":\"tr\",\"@id\":\"https:\\\/\\\/www.purejewels.com\\\/product\\\/18ct-yellow-gold-diamond-eternity-band-47471\\\/#primaryimage\",\"url\":\"https:\\\/\\\/static.purejewels.com\\\/wp-content\\\/uploads\\\/2025\\\/03\\\/47471_2_1.png\",\"contentUrl\":\"https:\\\/\\\/static.purejewels.com\\\/wp-content\\\/uploads\\\/2025\\\/03\\\/47471_2_1.png\",\"width\":1000,\"height\":1000,\"caption\":\"18ct Gold Diamond Band\"},{\"@type\":\"BreadcrumbList\",\"@id\":\"https:\\\/\\\/www.purejewels.com\\\/product\\\/18ct-yellow-gold-diamond-eternity-band-47471\\\/#breadcrumb\",\"itemListElement\":[{\"@type\":\"ListItem\",\"position\":1,\"name\":\"Home\",\"item\":\"https:\\\/\\\/www.purejewels.com\\\/\"},{\"@type\":\"ListItem\",\"position\":2,\"name\":\"Shop\",\"item\":\"https:\\\/\\\/www.purejewels.com\\\/shop\\\/\"},{\"@type\":\"ListItem\",\"position\":3,\"name\":\"18ct Yellow Gold Diamond Eternity Band\"}]},{\"@type\":\"WebSite\",\"@id\":\"https:\\\/\\\/www.purejewels.com\\\/#website\",\"url\":\"https:\\\/\\\/www.purejewels.com\\\/\",\"name\":\"PureJewels UK\",\"description\":\"Share the Love\",\"publisher\":{\"@id\":\"https:\\\/\\\/www.purejewels.com\\\/#organization\"},\"potentialAction\":[{\"@type\":\"SearchAction\",\"target\":{\"@type\":\"EntryPoint\",\"urlTemplate\":\"https:\\\/\\\/www.purejewels.com\\\/?s={search_term_string}\"},\"query-input\":{\"@type\":\"PropertyValueSpecification\",\"valueRequired\":true,\"valueName\":\"search_term_string\"}}],\"inLanguage\":\"tr\"},{\"@type\":\"Organization\",\"@id\":\"https:\\\/\\\/www.purejewels.com\\\/#organization\",\"name\":\"PureJewels UK\",\"url\":\"https:\\\/\\\/www.purejewels.com\\\/\",\"logo\":{\"@type\":\"ImageObject\",\"inLanguage\":\"tr\",\"@id\":\"https:\\\/\\\/www.purejewels.com\\\/#\\\/schema\\\/logo\\\/image\\\/\",\"url\":\"https:\\\/\\\/static.purejewels.com\\\/wp-content\\\/uploads\\\/2020\\\/11\\\/Logo-PJ-New-1.png\",\"contentUrl\":\"https:\\\/\\\/static.purejewels.com\\\/wp-content\\\/uploads\\\/2020\\\/11\\\/Logo-PJ-New-1.png\",\"width\":150,\"height\":80,\"caption\":\"PureJewels UK\"},\"image\":{\"@id\":\"https:\\\/\\\/www.purejewels.com\\\/#\\\/schema\\\/logo\\\/image\\\/\"}}]}<\/script>\n<!-- \/ Yoast SEO plugin. -->","yoast_head_json":{"title":"18 Ayar Sar\u0131 Alt\u0131n P\u0131rlanta Sonsuzluk Band\u0131 - PureJewels UK","robots":{"index":"index","follow":"follow","max-snippet":"max-snippet:-1","max-image-preview":"max-image-preview:large","max-video-preview":"max-video-preview:-1"},"canonical":"https:\/\/www.purejewels.com\/tr\/urun\/18-ayar-sari-altin-pirlanta-sonsuzluk-bandi-47471\/","og_locale":"tr_TR","og_type":"article","og_title":"18ct Yellow Gold Diamond Eternity Band - PureJewels UK","og_description":"Type of Ring Diamond Eternity Band   SKU 47471   Metal 18ct Yellow Gold   Ring Size K   Diamond Wt. 0.57ct   Charges Delivery\u00a0and\u00a0VAT\u00a0Included   Packaging Comes\u00a0With\u00a0Presentation\u00a0Box   More\u00a0Information Live chat with us for availability\u00a0and\u00a0more\u00a0images","og_url":"https:\/\/www.purejewels.com\/tr\/urun\/18-ayar-sari-altin-pirlanta-sonsuzluk-bandi-47471\/","og_site_name":"PureJewels UK","article_modified_time":"2026-01-06T10:58:56+00:00","og_image":[{"width":1000,"height":1000,"url":"https:\/\/www.purejewels.com\/wp-content\/uploads\/2025\/03\/47471_2_1.png","type":"image\/png"}],"twitter_card":"summary_large_image","twitter_misc":{"Tahmini okuma s\u00fcresi":"1 dakika"},"schema":{"@context":"https:\/\/schema.org","@graph":[{"@type":["WebPage","ItemPage"],"@id":"https:\/\/www.purejewels.com\/product\/18ct-yellow-gold-diamond-eternity-band-47471\/","url":"https:\/\/www.purejewels.com\/product\/18ct-yellow-gold-diamond-eternity-band-47471\/","name":"18 Ayar Sar\u0131 Alt\u0131n P\u0131rlanta Sonsuzluk Band\u0131 - PureJewels UK","isPartOf":{"@id":"https:\/\/www.purejewels.com\/#website"},"primaryImageOfPage":{"@id":"https:\/\/www.purejewels.com\/product\/18ct-yellow-gold-diamond-eternity-band-47471\/#primaryimage"},"image":{"@id":"https:\/\/www.purejewels.com\/product\/18ct-yellow-gold-diamond-eternity-band-47471\/#primaryimage"},"thumbnailUrl":"https:\/\/static.purejewels.com\/wp-content\/uploads\/2025\/03\/47471_2_1.png","datePublished":"2025-02-06T07:47:01+00:00","dateModified":"2026-01-06T10:58:56+00:00","breadcrumb":{"@id":"https:\/\/www.purejewels.com\/product\/18ct-yellow-gold-diamond-eternity-band-47471\/#breadcrumb"},"inLanguage":"tr","potentialAction":[{"@type":"ReadAction","target":["https:\/\/www.purejewels.com\/product\/18ct-yellow-gold-diamond-eternity-band-47471\/"]}]},{"@type":"ImageObject","inLanguage":"tr","@id":"https:\/\/www.purejewels.com\/product\/18ct-yellow-gold-diamond-eternity-band-47471\/#primaryimage","url":"https:\/\/static.purejewels.com\/wp-content\/uploads\/2025\/03\/47471_2_1.png","contentUrl":"https:\/\/static.purejewels.com\/wp-content\/uploads\/2025\/03\/47471_2_1.png","width":1000,"height":1000,"caption":"18ct Gold Diamond Band"},{"@type":"BreadcrumbList","@id":"https:\/\/www.purejewels.com\/product\/18ct-yellow-gold-diamond-eternity-band-47471\/#breadcrumb","itemListElement":[{"@type":"ListItem","position":1,"name":"Home","item":"https:\/\/www.purejewels.com\/"},{"@type":"ListItem","position":2,"name":"Shop","item":"https:\/\/www.purejewels.com\/shop\/"},{"@type":"ListItem","position":3,"name":"18ct Yellow Gold Diamond Eternity Band"}]},{"@type":"WebSite","@id":"https:\/\/www.purejewels.com\/#website","url":"https:\/\/www.purejewels.com\/","name":"PureJewels \u0130ngiltere","description":"Sevgiyi Payla\u015f\u0131n","publisher":{"@id":"https:\/\/www.purejewels.com\/#organization"},"potentialAction":[{"@type":"SearchAction","target":{"@type":"EntryPoint","urlTemplate":"https:\/\/www.purejewels.com\/?s={search_term_string}"},"query-input":{"@type":"PropertyValueSpecification","valueRequired":true,"valueName":"search_term_string"}}],"inLanguage":"tr"},{"@type":"Organization","@id":"https:\/\/www.purejewels.com\/#organization","name":"PureJewels \u0130ngiltere","url":"https:\/\/www.purejewels.com\/","logo":{"@type":"ImageObject","inLanguage":"tr","@id":"https:\/\/www.purejewels.com\/#\/schema\/logo\/image\/","url":"https:\/\/static.purejewels.com\/wp-content\/uploads\/2020\/11\/Logo-PJ-New-1.png","contentUrl":"https:\/\/static.purejewels.com\/wp-content\/uploads\/2020\/11\/Logo-PJ-New-1.png","width":150,"height":80,"caption":"PureJewels UK"},"image":{"@id":"https:\/\/www.purejewels.com\/#\/schema\/logo\/image\/"}}]}},"_links":{"self":[{"href":"https:\/\/www.purejewels.com\/tr\/wp-json\/wp\/v2\/product\/388327","targetHints":{"allow":["GET"]}}],"collection":[{"href":"https:\/\/www.purejewels.com\/tr\/wp-json\/wp\/v2\/product"}],"about":[{"href":"https:\/\/www.purejewels.com\/tr\/wp-json\/wp\/v2\/types\/product"}],"replies":[{"embeddable":true,"href":"https:\/\/www.purejewels.com\/tr\/wp-json\/wp\/v2\/comments?post=388327"}],"version-history":[{"count":3,"href":"https:\/\/www.purejewels.com\/tr\/wp-json\/wp\/v2\/product\/388327\/revisions"}],"predecessor-version":[{"id":420746,"href":"https:\/\/www.purejewels.com\/tr\/wp-json\/wp\/v2\/product\/388327\/revisions\/420746"}],"wp:featuredmedia":[{"embeddable":true,"href":"https:\/\/www.purejewels.com\/tr\/wp-json\/wp\/v2\/media\/388328"}],"wp:attachment":[{"href":"https:\/\/www.purejewels.com\/tr\/wp-json\/wp\/v2\/media?parent=388327"}],"wp:term":[{"taxonomy":"product_brand","embeddable":true,"href":"https:\/\/www.purejewels.com\/tr\/wp-json\/wp\/v2\/product_brand?post=388327"},{"taxonomy":"product_cat","embeddable":true,"href":"https:\/\/www.purejewels.com\/tr\/wp-json\/wp\/v2\/product_cat?post=388327"},{"taxonomy":"product_tag","embeddable":true,"href":"https:\/\/www.purejewels.com\/tr\/wp-json\/wp\/v2\/product_tag?post=388327"}],"curies":[{"name":"wp","href":"https:\/\/api.w.org\/{rel}","templated":true}]}}