{"id":388365,"date":"2025-04-06T10:51:37","date_gmt":"2025-04-06T09:51:37","guid":{"rendered":"https:\/\/www.purejewels.com\/?post_type=product&#038;p=388365"},"modified":"2026-02-09T10:25:02","modified_gmt":"2026-02-09T10:25:02","slug":"su-dalgasi-bandi-48133","status":"publish","type":"product","link":"https:\/\/www.purejewels.com\/tr\/product\/water-wave-band-48133\/","title":{"rendered":"Su Dalgas\u0131 Band\u0131"},"content":{"rendered":"<div class=\"ewa-rteLine\"><strong>1. \u0130lham ve Hikaye<\/strong><\/div>\n<div><\/div>\n<div class=\"ewa-rteLine\">Su Dalgas\u0131 Band\u0131, uyum i\u00e7indeki a\u015fka zarif bir \u00f6vg\u00fcd\u00fcr - bir arada hareket eden iki hayat\u0131n ak\u0131\u015f\u0131yla \u015fekillenen bir tasar\u0131m. Lotus \u00e7i\u00e7e\u011finin dingin g\u00fczelli\u011finden ve suyun ak\u0131\u015fkan ritminden esinlenen bu y\u00fcz\u00fck, nazik\u00e7e kucaklayan, destekleyen ve y\u00fckselten a\u015fk\u0131n zarafetini yans\u0131t\u0131yor. Kavisli formu, a\u015fk\u0131n su gibi kendi yolunu \u00e7izdi\u011fi yolculu\u011fun do\u011fal kavisini yans\u0131t\u0131yor. Lotus Koleksiyonu'nun bir par\u00e7as\u0131 olan bu Su Dalgas\u0131 Kordon, a\u015fk\u0131n k\u0131r\u0131lmadan b\u00fck\u00fcld\u00fc\u011f\u00fc, zamanla yumu\u015fad\u0131\u011f\u0131 ve birlikteli\u011fin sessiz g\u00fcc\u00fcn\u00fc yans\u0131tt\u0131\u011f\u0131 anlar\u0131 kutluyor.<\/div>\n<div class=\"ewa-rteLine\"><\/div>\n<p>&nbsp;<\/p>\n<div class=\"ewa-rteLine\"><strong>2. Malzeme ve \u0130\u015f\u00e7ilik<\/strong><\/div>\n<div class=\"ewa-rteLine\"><\/div>\n<div class=\"ewa-rteLine\">Londra'da platinden hassasiyetle \u00fcretilen Su Dalgas\u0131 Kordon, klasik sembolizme zarif ve \u00e7a\u011fda\u015f bir yakla\u015f\u0131m sunuyor. Cilal\u0131, yontulmu\u015f y\u00fczeyi, \u0131\u015f\u0131\u011f\u0131 su \u00fczerindeki nazik dalgac\u0131klar gibi yans\u0131tarak abart\u0131s\u0131z bir zarafete i\u015faret eden yumu\u015fak bir par\u0131lt\u0131 yarat\u0131r. Lotus Ni\u015fan Y\u00fcz\u00fc\u011f\u00fcn\u00fcn k\u0131vr\u0131m\u0131n\u0131 \u015fekillendirecek \u015fekilde tasarlanan y\u00fcz\u00fck, tekta\u015f\u0131n yan\u0131na zahmetsizce oturarak ger\u00e7ek bir ortakl\u0131\u011f\u0131n yak\u0131nl\u0131\u011f\u0131n\u0131 ve dengesini yans\u0131t\u0131r. S\u00fcslemeden ar\u0131nd\u0131r\u0131lm\u0131\u015f y\u00fcz\u00fc\u011f\u00fcn saf formu ve ak\u0131c\u0131 silueti, her k\u0131vr\u0131mda anlam\u0131n yatt\u0131\u011f\u0131 ve sadeli\u011fin g\u00fczelli\u011finin \u00f6n plana \u00e7\u0131kt\u0131\u011f\u0131 sessiz bir g\u00fcvene i\u015faret ediyor. Her bir par\u00e7a, modern tasar\u0131m\u0131n zamans\u0131z duygularla bulu\u015ftu\u011fu usta zanaatkarlar taraf\u0131ndan hayata ge\u00e7iriliyor.<\/div>\n<div class=\"ewa-rteLine\"><\/div>\n<p>&nbsp;<\/p>\n<div class=\"ewa-rteLine\"><strong>3. \u015eekillendirme \u0130pu\u00e7lar\u0131<\/strong><\/div>\n<div class=\"ewa-rteLine\"><\/div>\n<div class=\"ewa-rteLine\">Minimal ama etkileyici olan bu platin Su Dalgas\u0131 Band\u0131, heykelsi bir ifade olarak tek ba\u015f\u0131na tak\u0131ld\u0131\u011f\u0131nda veya uyumlu bir gelin g\u00f6r\u00fcn\u00fcm\u00fc i\u00e7in ni\u015fan y\u00fcz\u00fc\u011f\u00fcyle sorunsuz bir \u015fekilde e\u015fle\u015ftirildi\u011finde d\u00fc\u015f\u00fcnceli bir alyans veya sembolik bir hediye olur. Zarif kavisi, \u00e7a\u011fda\u015f bir istif i\u00e7in di\u011fer bantlarla da g\u00fczel bir \u015fekilde katmanlan\u0131r. \u0130ster bir s\u00f6z\u00fcn i\u015fareti ister a\u015fk\u0131n kal\u0131c\u0131 varl\u0131\u011f\u0131n\u0131 kutlamak olsun, bu kordon her ana \u015fiirsel bir zarafet katar.<\/div>","protected":false},"excerpt":{"rendered":"<p>\u015e\u0131k ve zarif olan bu Platin Su Dalgas\u0131 Kordon, a\u015fk\u0131n do\u011fal ritminin ve sessiz g\u00fcc\u00fcn\u00fcn zamans\u0131z bir yans\u0131mas\u0131 olarak heykelsi bir zarafetle akar.<\/p>\n<p><strong>Malzeme:<\/strong> Platin<br \/>\n<strong>Hallmark: <\/strong>\u0130ngiliz Damgas\u0131<strong><br \/>\n<\/strong><strong>Br\u00fct A\u011f\u0131rl\u0131k:\u00a0 <\/strong>6.9 Gms<strong><br \/>\n<\/strong><strong>Bant Boyutu: <\/strong>J<strong><br \/>\nSKU:<\/strong>48133<\/p>\n<p><strong>Fiyat ve Teslimat:\u00a0<\/strong>KDV ve teslimat \u00fccretleri dahil<strong><br \/>\n<strong>Not: <\/strong><\/strong>Bu y\u00fcz\u00fck t\u00fcm parmak \u00f6l\u00e7\u00fclerinde mevcuttur. L\u00fctfen <strong id=\"btn_TawkLink\">\u0130leti\u015fime ge\u00e7in <\/strong>size en uygun olan\u0131 sipari\u015f etmek i\u00e7in.<strong><br \/>\n<a href=\"https:\/\/www.purejewels.com\/tr\/i%cc%87ade-poli%cc%87ti%cc%87kasi\/\">\u0130ade Politikas\u0131<\/a><\/strong><\/p>","protected":false},"featured_media":388368,"comment_status":"closed","ping_status":"closed","template":"","meta":{"_eb_attr":"","_crsspst_to_jayantr4sg-hostcom":false},"product_brand":[],"product_cat":[1559,1633,6050,5347,5350,5293,1569,1574],"product_tag":[],"class_list":{"0":"post-388365","1":"product","2":"type-product","3":"status-publish","4":"has-post-thumbnail","6":"product_cat-birthday-gifts","7":"product_cat-lotus-collections","8":"product_cat-lotus-ring","9":"product_cat-shop-by-metal","10":"product_cat-platinum-jewellery","11":"product_cat-platinum-wedding-bands-2","12":"product_cat-valentine-day-gifts","13":"product_cat-womens-jewellery","15":"first","16":"instock","17":"taxable","18":"shipping-taxable","19":"purchasable","20":"product-type-simple","21":"add-to-wishlist-before_image"},"yoast_head":"<!-- This site is optimized with the Yoast SEO plugin v27.5 - https:\/\/yoast.com\/product\/yoast-seo-wordpress\/ -->\n<title>Water Wave Platinum Band | PureJewels UK<\/title>\n<meta name=\"description\" content=\"Crafted in pure platinum, the Lotus Wishbone Band from PureJewels UK is a delicate and timeless piece. Shop fine jewellery.\" \/>\n<meta name=\"robots\" content=\"index, follow, max-snippet:-1, max-image-preview:large, max-video-preview:-1\" \/>\n<link rel=\"canonical\" href=\"https:\/\/www.purejewels.com\/tr\/urun\/su-dalgasi-bandi-48133\/\" \/>\n<meta property=\"og:locale\" content=\"tr_TR\" \/>\n<meta property=\"og:type\" content=\"article\" \/>\n<meta property=\"og:title\" content=\"Water Wave Platinum Band | PureJewels UK\" \/>\n<meta property=\"og:description\" content=\"Crafted in pure platinum, the Lotus Wishbone Band from PureJewels UK is a delicate and timeless piece. Shop fine jewellery.\" \/>\n<meta property=\"og:url\" content=\"https:\/\/www.purejewels.com\/tr\/urun\/su-dalgasi-bandi-48133\/\" \/>\n<meta property=\"og:site_name\" content=\"PureJewels UK\" \/>\n<meta property=\"article:modified_time\" content=\"2026-02-09T10:25:02+00:00\" \/>\n<meta property=\"og:image\" content=\"https:\/\/static.purejewels.com\/wp-content\/uploads\/2025\/02\/48133_2_1.png\" \/>\n\t<meta property=\"og:image:width\" content=\"1000\" \/>\n\t<meta property=\"og:image:height\" content=\"1000\" \/>\n\t<meta property=\"og:image:type\" content=\"image\/png\" \/>\n<meta name=\"twitter:card\" content=\"summary_large_image\" \/>\n<meta name=\"twitter:label1\" content=\"Tahmini okuma s\u00fcresi\" \/>\n\t<meta name=\"twitter:data1\" content=\"1 dakika\" \/>\n<script type=\"application\/ld+json\" class=\"yoast-schema-graph\">{\"@context\":\"https:\\\/\\\/schema.org\",\"@graph\":[{\"@type\":[\"WebPage\",\"ItemPage\"],\"@id\":\"https:\\\/\\\/www.purejewels.com\\\/product\\\/water-wave-band-48133\\\/\",\"url\":\"https:\\\/\\\/www.purejewels.com\\\/product\\\/water-wave-band-48133\\\/\",\"name\":\"Water Wave Platinum Band | PureJewels UK\",\"isPartOf\":{\"@id\":\"https:\\\/\\\/www.purejewels.com\\\/#website\"},\"primaryImageOfPage\":{\"@id\":\"https:\\\/\\\/www.purejewels.com\\\/product\\\/water-wave-band-48133\\\/#primaryimage\"},\"image\":{\"@id\":\"https:\\\/\\\/www.purejewels.com\\\/product\\\/water-wave-band-48133\\\/#primaryimage\"},\"thumbnailUrl\":\"https:\\\/\\\/static.purejewels.com\\\/wp-content\\\/uploads\\\/2025\\\/02\\\/48133_2_1.png\",\"datePublished\":\"2025-04-06T09:51:37+00:00\",\"dateModified\":\"2026-02-09T10:25:02+00:00\",\"description\":\"Crafted in pure platinum, the Lotus Wishbone Band from PureJewels UK is a delicate and timeless piece. Shop fine jewellery.\",\"breadcrumb\":{\"@id\":\"https:\\\/\\\/www.purejewels.com\\\/product\\\/water-wave-band-48133\\\/#breadcrumb\"},\"inLanguage\":\"tr\",\"potentialAction\":[{\"@type\":\"ReadAction\",\"target\":[\"https:\\\/\\\/www.purejewels.com\\\/product\\\/water-wave-band-48133\\\/\"]}]},{\"@type\":\"ImageObject\",\"inLanguage\":\"tr\",\"@id\":\"https:\\\/\\\/www.purejewels.com\\\/product\\\/water-wave-band-48133\\\/#primaryimage\",\"url\":\"https:\\\/\\\/static.purejewels.com\\\/wp-content\\\/uploads\\\/2025\\\/02\\\/48133_2_1.png\",\"contentUrl\":\"https:\\\/\\\/static.purejewels.com\\\/wp-content\\\/uploads\\\/2025\\\/02\\\/48133_2_1.png\",\"width\":1000,\"height\":1000,\"caption\":\"Lotus Wishbone Platinum Band\"},{\"@type\":\"BreadcrumbList\",\"@id\":\"https:\\\/\\\/www.purejewels.com\\\/product\\\/water-wave-band-48133\\\/#breadcrumb\",\"itemListElement\":[{\"@type\":\"ListItem\",\"position\":1,\"name\":\"Home\",\"item\":\"https:\\\/\\\/www.purejewels.com\\\/\"},{\"@type\":\"ListItem\",\"position\":2,\"name\":\"Shop\",\"item\":\"https:\\\/\\\/www.purejewels.com\\\/shop\\\/\"},{\"@type\":\"ListItem\",\"position\":3,\"name\":\"Water Wave Band\"}]},{\"@type\":\"WebSite\",\"@id\":\"https:\\\/\\\/www.purejewels.com\\\/#website\",\"url\":\"https:\\\/\\\/www.purejewels.com\\\/\",\"name\":\"PureJewels UK\",\"description\":\"Share the Love\",\"publisher\":{\"@id\":\"https:\\\/\\\/www.purejewels.com\\\/#organization\"},\"potentialAction\":[{\"@type\":\"SearchAction\",\"target\":{\"@type\":\"EntryPoint\",\"urlTemplate\":\"https:\\\/\\\/www.purejewels.com\\\/?s={search_term_string}\"},\"query-input\":{\"@type\":\"PropertyValueSpecification\",\"valueRequired\":true,\"valueName\":\"search_term_string\"}}],\"inLanguage\":\"tr\"},{\"@type\":\"Organization\",\"@id\":\"https:\\\/\\\/www.purejewels.com\\\/#organization\",\"name\":\"PureJewels UK\",\"url\":\"https:\\\/\\\/www.purejewels.com\\\/\",\"logo\":{\"@type\":\"ImageObject\",\"inLanguage\":\"tr\",\"@id\":\"https:\\\/\\\/www.purejewels.com\\\/#\\\/schema\\\/logo\\\/image\\\/\",\"url\":\"https:\\\/\\\/static.purejewels.com\\\/wp-content\\\/uploads\\\/2020\\\/11\\\/Logo-PJ-New-1.png\",\"contentUrl\":\"https:\\\/\\\/static.purejewels.com\\\/wp-content\\\/uploads\\\/2020\\\/11\\\/Logo-PJ-New-1.png\",\"width\":150,\"height\":80,\"caption\":\"PureJewels UK\"},\"image\":{\"@id\":\"https:\\\/\\\/www.purejewels.com\\\/#\\\/schema\\\/logo\\\/image\\\/\"}}]}<\/script>\n<!-- \/ Yoast SEO plugin. -->","yoast_head_json":{"title":"Su Dalgas\u0131 Platin Kordon | PureJewels UK","description":"PureJewels UK'in saf platinden \u00fcretti\u011fi Lotus Wishbone Band, narin ve zamans\u0131z bir par\u00e7ad\u0131r. G\u00fczel m\u00fccevherler sat\u0131n al\u0131n.","robots":{"index":"index","follow":"follow","max-snippet":"max-snippet:-1","max-image-preview":"max-image-preview:large","max-video-preview":"max-video-preview:-1"},"canonical":"https:\/\/www.purejewels.com\/tr\/urun\/su-dalgasi-bandi-48133\/","og_locale":"tr_TR","og_type":"article","og_title":"Water Wave Platinum Band | PureJewels UK","og_description":"Crafted in pure platinum, the Lotus Wishbone Band from PureJewels UK is a delicate and timeless piece. Shop fine jewellery.","og_url":"https:\/\/www.purejewels.com\/tr\/urun\/su-dalgasi-bandi-48133\/","og_site_name":"PureJewels UK","article_modified_time":"2026-02-09T10:25:02+00:00","og_image":[{"width":1000,"height":1000,"url":"https:\/\/static.purejewels.com\/wp-content\/uploads\/2025\/02\/48133_2_1.png","type":"image\/png"}],"twitter_card":"summary_large_image","twitter_misc":{"Tahmini okuma s\u00fcresi":"1 dakika"},"schema":{"@context":"https:\/\/schema.org","@graph":[{"@type":["WebPage","ItemPage"],"@id":"https:\/\/www.purejewels.com\/product\/water-wave-band-48133\/","url":"https:\/\/www.purejewels.com\/product\/water-wave-band-48133\/","name":"Su Dalgas\u0131 Platin Kordon | PureJewels UK","isPartOf":{"@id":"https:\/\/www.purejewels.com\/#website"},"primaryImageOfPage":{"@id":"https:\/\/www.purejewels.com\/product\/water-wave-band-48133\/#primaryimage"},"image":{"@id":"https:\/\/www.purejewels.com\/product\/water-wave-band-48133\/#primaryimage"},"thumbnailUrl":"https:\/\/static.purejewels.com\/wp-content\/uploads\/2025\/02\/48133_2_1.png","datePublished":"2025-04-06T09:51:37+00:00","dateModified":"2026-02-09T10:25:02+00:00","description":"PureJewels UK'in saf platinden \u00fcretti\u011fi Lotus Wishbone Band, narin ve zamans\u0131z bir par\u00e7ad\u0131r. G\u00fczel m\u00fccevherler sat\u0131n al\u0131n.","breadcrumb":{"@id":"https:\/\/www.purejewels.com\/product\/water-wave-band-48133\/#breadcrumb"},"inLanguage":"tr","potentialAction":[{"@type":"ReadAction","target":["https:\/\/www.purejewels.com\/product\/water-wave-band-48133\/"]}]},{"@type":"ImageObject","inLanguage":"tr","@id":"https:\/\/www.purejewels.com\/product\/water-wave-band-48133\/#primaryimage","url":"https:\/\/static.purejewels.com\/wp-content\/uploads\/2025\/02\/48133_2_1.png","contentUrl":"https:\/\/static.purejewels.com\/wp-content\/uploads\/2025\/02\/48133_2_1.png","width":1000,"height":1000,"caption":"Lotus Wishbone Platinum Band"},{"@type":"BreadcrumbList","@id":"https:\/\/www.purejewels.com\/product\/water-wave-band-48133\/#breadcrumb","itemListElement":[{"@type":"ListItem","position":1,"name":"Home","item":"https:\/\/www.purejewels.com\/"},{"@type":"ListItem","position":2,"name":"Shop","item":"https:\/\/www.purejewels.com\/shop\/"},{"@type":"ListItem","position":3,"name":"Water Wave Band"}]},{"@type":"WebSite","@id":"https:\/\/www.purejewels.com\/#website","url":"https:\/\/www.purejewels.com\/","name":"PureJewels \u0130ngiltere","description":"Sevgiyi Payla\u015f\u0131n","publisher":{"@id":"https:\/\/www.purejewels.com\/#organization"},"potentialAction":[{"@type":"SearchAction","target":{"@type":"EntryPoint","urlTemplate":"https:\/\/www.purejewels.com\/?s={search_term_string}"},"query-input":{"@type":"PropertyValueSpecification","valueRequired":true,"valueName":"search_term_string"}}],"inLanguage":"tr"},{"@type":"Organization","@id":"https:\/\/www.purejewels.com\/#organization","name":"PureJewels \u0130ngiltere","url":"https:\/\/www.purejewels.com\/","logo":{"@type":"ImageObject","inLanguage":"tr","@id":"https:\/\/www.purejewels.com\/#\/schema\/logo\/image\/","url":"https:\/\/static.purejewels.com\/wp-content\/uploads\/2020\/11\/Logo-PJ-New-1.png","contentUrl":"https:\/\/static.purejewels.com\/wp-content\/uploads\/2020\/11\/Logo-PJ-New-1.png","width":150,"height":80,"caption":"PureJewels UK"},"image":{"@id":"https:\/\/www.purejewels.com\/#\/schema\/logo\/image\/"}}]}},"_links":{"self":[{"href":"https:\/\/www.purejewels.com\/tr\/wp-json\/wp\/v2\/product\/388365","targetHints":{"allow":["GET"]}}],"collection":[{"href":"https:\/\/www.purejewels.com\/tr\/wp-json\/wp\/v2\/product"}],"about":[{"href":"https:\/\/www.purejewels.com\/tr\/wp-json\/wp\/v2\/types\/product"}],"replies":[{"embeddable":true,"href":"https:\/\/www.purejewels.com\/tr\/wp-json\/wp\/v2\/comments?post=388365"}],"version-history":[{"count":5,"href":"https:\/\/www.purejewels.com\/tr\/wp-json\/wp\/v2\/product\/388365\/revisions"}],"predecessor-version":[{"id":393183,"href":"https:\/\/www.purejewels.com\/tr\/wp-json\/wp\/v2\/product\/388365\/revisions\/393183"}],"wp:featuredmedia":[{"embeddable":true,"href":"https:\/\/www.purejewels.com\/tr\/wp-json\/wp\/v2\/media\/388368"}],"wp:attachment":[{"href":"https:\/\/www.purejewels.com\/tr\/wp-json\/wp\/v2\/media?parent=388365"}],"wp:term":[{"taxonomy":"product_brand","embeddable":true,"href":"https:\/\/www.purejewels.com\/tr\/wp-json\/wp\/v2\/product_brand?post=388365"},{"taxonomy":"product_cat","embeddable":true,"href":"https:\/\/www.purejewels.com\/tr\/wp-json\/wp\/v2\/product_cat?post=388365"},{"taxonomy":"product_tag","embeddable":true,"href":"https:\/\/www.purejewels.com\/tr\/wp-json\/wp\/v2\/product_tag?post=388365"}],"curies":[{"name":"wp","href":"https:\/\/api.w.org\/{rel}","templated":true}]}}