{"id":388619,"date":"2025-03-10T07:09:42","date_gmt":"2025-03-10T07:09:42","guid":{"rendered":"https:\/\/www.purejewels.com\/?post_type=product&#038;p=388619"},"modified":"2026-03-30T04:55:32","modified_gmt":"2026-03-30T03:55:32","slug":"22-ayar-gundogumu-altin-cift-katmanli-bileklik-48273","status":"publish","type":"product","link":"https:\/\/www.purejewels.com\/tr\/product\/22ct-sunrise-gold-double-layer-bracelet-48273\/","title":{"rendered":"22 Ayar G\u00fcndo\u011fumu Alt\u0131n \u00c7ift Katmanl\u0131 Bileklik | 7 \u0130n\u00e7"},"content":{"rendered":"<p>22 ayar g\u00fcndo\u011fumu alt\u0131ndan Rosette bileklik, narin \u00e7i\u00e7ek sanat\u0131n\u0131 ve zarif zarafeti kutluyor. \u015eekillendirilmi\u015f rozet motifleri, bilekte nazik bir hareket ve uyum yaratmak i\u00e7in ikiz zincirler boyunca \u00f6zenle yerle\u015ftirilmi\u015ftir. G\u00fcndo\u011fumu alt\u0131n\u0131n\u0131n s\u0131cak \u0131\u015f\u0131lt\u0131s\u0131, her bir karma\u015f\u0131k detay\u0131 zenginle\u015ftirerek miras niteli\u011findeki i\u015f\u00e7ili\u011fi ve zarif tasar\u0131m\u0131 yans\u0131tan zamans\u0131z bir par\u00e7a yarat\u0131yor.<\/p>\n<h3 data-start=\"1194\" data-end=\"1214\">Tasar\u0131m Konsepti<\/h3>\n<p data-start=\"1215\" data-end=\"1392\">\u00c7i\u00e7ek a\u00e7an rozetlerden esinlenen \u00e7i\u00e7ek motifleri, g\u00fczellik kutlamalar\u0131n\u0131 ve ya\u015fam yolculuklar\u0131n\u0131 sembolize eder. Ak\u0131c\u0131 \u00e7ift zincir d\u00fczenlemesi ritim zarafeti ve hafif hareket yarat\u0131r.<\/p>\n<h3 data-start=\"1399\" data-end=\"1418\">Zanaatkarl\u0131k<\/h3>\n<p data-start=\"1419\" data-end=\"1632\">Y\u00fcksek safl\u0131kta 22 ayar g\u00fcn do\u011fumu alt\u0131ndan ustal\u0131kla \u00fcretilen her bir rozet, derinlik dokusunu ve parlakl\u0131\u011f\u0131 vurgulamak i\u00e7in \u00f6zenle \u015fekillendirilmi\u015ftir. \u0130kiz zincirler, denge konforu ve dayan\u0131kl\u0131l\u0131k sa\u011flamak i\u00e7in hassasiyetle bir araya getirilmi\u015ftir.<\/p>\n<h3 data-start=\"1639\" data-end=\"1657\">Stil \u0130pu\u00e7lar\u0131<\/h3>\n<p data-start=\"1658\" data-end=\"1827\" data-is-last-node=\"\" data-is-only-node=\"\">Uyumlu bir g\u00f6r\u00fcn\u00fcm i\u00e7in Rosette k\u00fcpe veya kolye ile e\u015fle\u015ftirin.<br data-start=\"1720\" data-end=\"1723\" \/>Modern ve zarif bir stil i\u00e7in ince alt\u0131n bileziklerle tamamlay\u0131n.<br data-start=\"1779\" data-end=\"1782\" \/>Hassas bir g\u00fcnl\u00fck ifade i\u00e7in tek ba\u015f\u0131na kullan\u0131n.<\/p>","protected":false},"excerpt":{"rendered":"<table class=\"sh_desc\" style=\"width: 100%;\">\n<tbody>\n<tr>\n<td style=\"width: 23.8333%;\">Bilezik T\u00fcr\u00fc<\/td>\n<td style=\"width: 76%;\">22 Ayar G\u00fcndo\u011fumu Alt\u0131n Bileklik<\/td>\n<\/tr>\n<tr>\n<td style=\"width: 23.8333%;\">SKU<\/td>\n<td style=\"width: 76%;\">54649<\/td>\n<\/tr>\n<tr>\n<td style=\"width: 23.8333%;\">A\u011f\u0131rl\u0131k<\/td>\n<td style=\"width: 76%;\">5.05 Gms<\/td>\n<\/tr>\n<tr>\n<td style=\"width: 23.8333%;\">\u00c7i\u00e7ek Geni\u015fli\u011fi<\/td>\n<td style=\"width: 76%;\">4mm<\/td>\n<\/tr>\n<tr>\n<td style=\"width: 23.8333%;\">Uzunluk<\/td>\n<td style=\"width: 76%;\">7 \u0130n\u00e7<\/td>\n<\/tr>\n<tr>\n<td style=\"width: 23.8333%;\">Hallmark<\/td>\n<td style=\"width: 76%;\">Londra Tahlil Ofisi Taraf\u0131ndan Damgalanm\u0131\u015f 22 Ayar Alt\u0131n<\/td>\n<\/tr>\n<tr>\n<td style=\"width: 23.8333%;\">\u00dccretler<\/td>\n<td style=\"width: 76%;\">Teslimat ve KDV Dahil<\/td>\n<\/tr>\n<tr>\n<td style=\"width: 23.8333%;\">Paketleme<\/td>\n<td style=\"width: 76%;\">Sunum Kutusu ile Birlikte Gelir<\/td>\n<\/tr>\n<tr>\n<td style=\"width: 23.8333%;\">Daha Fazla Bilgi<\/td>\n<td style=\"width: 76%;\">Alt\u0131n Bileklik stok durumu ve daha fazla g\u00f6rsel i\u00e7in bizimle canl\u0131 sohbet edin<\/td>\n<\/tr>\n<\/tbody>\n<\/table>","protected":false},"featured_media":388622,"comment_status":"closed","ping_status":"closed","template":"","meta":{"_eb_attr":"","_crsspst_to_jayantr4sg-hostcom":false},"product_brand":[],"product_cat":[1791,1559,236,1793,5701,1790,1324,1627,1229,1570,5586,1656,1569,1573,1574,5349],"product_tag":[5634],"class_list":{"0":"post-388619","1":"product","2":"type-product","3":"status-publish","4":"has-post-thumbnail","6":"product_cat-anniversary-gifts","7":"product_cat-birthday-gifts","8":"product_cat-collections","9":"product_cat-diwali-gifts","10":"product_cat-eid-jewellery","11":"product_cat-for-whom-when","12":"product_cat-gold-bracelet","13":"product_cat-ladies-bracelet","14":"product_cat-22ct-gold-jewellery","15":"product_cat-mothers-day-gifts","16":"product_cat-rosette-bracelet","17":"product_cat-rosettes-collections","18":"product_cat-valentine-day-gifts","19":"product_cat-wedding-gifts","20":"product_cat-womens-jewellery","21":"product_cat-yellow-gold-jewellery","22":"product_tag-22ct-gold-bracelet-for-ladies","24":"first","25":"outofstock","26":"taxable","27":"shipping-taxable","28":"product-type-simple","29":"add-to-wishlist-before_image"},"yoast_head":"<!-- This site is optimized with the Yoast SEO plugin v27.5 - https:\/\/yoast.com\/product\/yoast-seo-wordpress\/ -->\n<title>Double Layer 22ct Sunrise Gold Bracelet | Fine Jewelry<\/title>\n<meta name=\"description\" content=\"Enhance your style with our Double Layer 22ct Sunrise Gold Bracelet, featuring exceptional quality and a stunning, eye-catching design.\" \/>\n<meta name=\"robots\" content=\"index, follow, max-snippet:-1, max-image-preview:large, max-video-preview:-1\" \/>\n<link rel=\"canonical\" href=\"https:\/\/www.purejewels.com\/tr\/urun\/22-ayar-gundogumu-altin-cift-katmanli-bileklik-48273\/\" \/>\n<meta property=\"og:locale\" content=\"tr_TR\" \/>\n<meta property=\"og:type\" content=\"article\" \/>\n<meta property=\"og:title\" content=\"Double Layer 22ct Sunrise Gold Bracelet | Fine Jewelry\" \/>\n<meta property=\"og:description\" content=\"Enhance your style with our Double Layer 22ct Sunrise Gold Bracelet, featuring exceptional quality and a stunning, eye-catching design.\" \/>\n<meta property=\"og:url\" content=\"https:\/\/www.purejewels.com\/tr\/urun\/22-ayar-gundogumu-altin-cift-katmanli-bileklik-48273\/\" \/>\n<meta property=\"og:site_name\" content=\"PureJewels UK\" \/>\n<meta property=\"article:modified_time\" content=\"2026-03-30T03:55:32+00:00\" \/>\n<meta property=\"og:image\" content=\"https:\/\/static.purejewels.com\/wp-content\/uploads\/2025\/03\/48273_1.png\" \/>\n\t<meta property=\"og:image:width\" content=\"1000\" \/>\n\t<meta property=\"og:image:height\" content=\"1000\" \/>\n\t<meta property=\"og:image:type\" content=\"image\/png\" \/>\n<meta name=\"twitter:card\" content=\"summary_large_image\" \/>\n<meta name=\"twitter:label1\" content=\"Tahmini okuma s\u00fcresi\" \/>\n\t<meta name=\"twitter:data1\" content=\"1 dakika\" \/>\n<script type=\"application\/ld+json\" class=\"yoast-schema-graph\">{\"@context\":\"https:\\\/\\\/schema.org\",\"@graph\":[{\"@type\":[\"WebPage\",\"ItemPage\"],\"@id\":\"https:\\\/\\\/www.purejewels.com\\\/product\\\/22ct-sunrise-gold-double-layer-bracelet-48273\\\/\",\"url\":\"https:\\\/\\\/www.purejewels.com\\\/product\\\/22ct-sunrise-gold-double-layer-bracelet-48273\\\/\",\"name\":\"Double Layer 22ct Sunrise Gold Bracelet | Fine Jewelry\",\"isPartOf\":{\"@id\":\"https:\\\/\\\/www.purejewels.com\\\/#website\"},\"primaryImageOfPage\":{\"@id\":\"https:\\\/\\\/www.purejewels.com\\\/product\\\/22ct-sunrise-gold-double-layer-bracelet-48273\\\/#primaryimage\"},\"image\":{\"@id\":\"https:\\\/\\\/www.purejewels.com\\\/product\\\/22ct-sunrise-gold-double-layer-bracelet-48273\\\/#primaryimage\"},\"thumbnailUrl\":\"https:\\\/\\\/static.purejewels.com\\\/wp-content\\\/uploads\\\/2025\\\/03\\\/48273_1.png\",\"datePublished\":\"2025-03-10T07:09:42+00:00\",\"dateModified\":\"2026-03-30T03:55:32+00:00\",\"description\":\"Enhance your style with our Double Layer 22ct Sunrise Gold Bracelet, featuring exceptional quality and a stunning, eye-catching design.\",\"breadcrumb\":{\"@id\":\"https:\\\/\\\/www.purejewels.com\\\/product\\\/22ct-sunrise-gold-double-layer-bracelet-48273\\\/#breadcrumb\"},\"inLanguage\":\"tr\",\"potentialAction\":[{\"@type\":\"ReadAction\",\"target\":[\"https:\\\/\\\/www.purejewels.com\\\/product\\\/22ct-sunrise-gold-double-layer-bracelet-48273\\\/\"]}]},{\"@type\":\"ImageObject\",\"inLanguage\":\"tr\",\"@id\":\"https:\\\/\\\/www.purejewels.com\\\/product\\\/22ct-sunrise-gold-double-layer-bracelet-48273\\\/#primaryimage\",\"url\":\"https:\\\/\\\/static.purejewels.com\\\/wp-content\\\/uploads\\\/2025\\\/03\\\/48273_1.png\",\"contentUrl\":\"https:\\\/\\\/static.purejewels.com\\\/wp-content\\\/uploads\\\/2025\\\/03\\\/48273_1.png\",\"width\":1000,\"height\":1000,\"caption\":\"22ct Gold Bracelet\"},{\"@type\":\"BreadcrumbList\",\"@id\":\"https:\\\/\\\/www.purejewels.com\\\/product\\\/22ct-sunrise-gold-double-layer-bracelet-48273\\\/#breadcrumb\",\"itemListElement\":[{\"@type\":\"ListItem\",\"position\":1,\"name\":\"Home\",\"item\":\"https:\\\/\\\/www.purejewels.com\\\/\"},{\"@type\":\"ListItem\",\"position\":2,\"name\":\"Shop\",\"item\":\"https:\\\/\\\/www.purejewels.com\\\/shop\\\/\"},{\"@type\":\"ListItem\",\"position\":3,\"name\":\"22ct Sunrise Gold Double Layer Bracelet | 7 Inches\"}]},{\"@type\":\"WebSite\",\"@id\":\"https:\\\/\\\/www.purejewels.com\\\/#website\",\"url\":\"https:\\\/\\\/www.purejewels.com\\\/\",\"name\":\"PureJewels UK\",\"description\":\"Share the Love\",\"publisher\":{\"@id\":\"https:\\\/\\\/www.purejewels.com\\\/#organization\"},\"potentialAction\":[{\"@type\":\"SearchAction\",\"target\":{\"@type\":\"EntryPoint\",\"urlTemplate\":\"https:\\\/\\\/www.purejewels.com\\\/?s={search_term_string}\"},\"query-input\":{\"@type\":\"PropertyValueSpecification\",\"valueRequired\":true,\"valueName\":\"search_term_string\"}}],\"inLanguage\":\"tr\"},{\"@type\":\"Organization\",\"@id\":\"https:\\\/\\\/www.purejewels.com\\\/#organization\",\"name\":\"PureJewels UK\",\"url\":\"https:\\\/\\\/www.purejewels.com\\\/\",\"logo\":{\"@type\":\"ImageObject\",\"inLanguage\":\"tr\",\"@id\":\"https:\\\/\\\/www.purejewels.com\\\/#\\\/schema\\\/logo\\\/image\\\/\",\"url\":\"https:\\\/\\\/static.purejewels.com\\\/wp-content\\\/uploads\\\/2020\\\/11\\\/Logo-PJ-New-1.png\",\"contentUrl\":\"https:\\\/\\\/static.purejewels.com\\\/wp-content\\\/uploads\\\/2020\\\/11\\\/Logo-PJ-New-1.png\",\"width\":150,\"height\":80,\"caption\":\"PureJewels UK\"},\"image\":{\"@id\":\"https:\\\/\\\/www.purejewels.com\\\/#\\\/schema\\\/logo\\\/image\\\/\"}}]}<\/script>\n<!-- \/ Yoast SEO plugin. -->","yoast_head_json":{"title":"\u00c7ift Katmanl\u0131 22 Ayar G\u00fcndo\u011fumu Alt\u0131n Bileklik | Fine Jewelry","description":"Ola\u011fan\u00fcst\u00fc kaliteye ve \u00e7arp\u0131c\u0131, g\u00f6z al\u0131c\u0131 bir tasar\u0131ma sahip \u00c7ift Katmanl\u0131 22 Ayar G\u00fcn Do\u011fumu Alt\u0131n Bilekli\u011fimizle tarz\u0131n\u0131z\u0131 geli\u015ftirin.","robots":{"index":"index","follow":"follow","max-snippet":"max-snippet:-1","max-image-preview":"max-image-preview:large","max-video-preview":"max-video-preview:-1"},"canonical":"https:\/\/www.purejewels.com\/tr\/urun\/22-ayar-gundogumu-altin-cift-katmanli-bileklik-48273\/","og_locale":"tr_TR","og_type":"article","og_title":"Double Layer 22ct Sunrise Gold Bracelet | Fine Jewelry","og_description":"Enhance your style with our Double Layer 22ct Sunrise Gold Bracelet, featuring exceptional quality and a stunning, eye-catching design.","og_url":"https:\/\/www.purejewels.com\/tr\/urun\/22-ayar-gundogumu-altin-cift-katmanli-bileklik-48273\/","og_site_name":"PureJewels UK","article_modified_time":"2026-03-30T03:55:32+00:00","og_image":[{"width":1000,"height":1000,"url":"https:\/\/static.purejewels.com\/wp-content\/uploads\/2025\/03\/48273_1.png","type":"image\/png"}],"twitter_card":"summary_large_image","twitter_misc":{"Tahmini okuma s\u00fcresi":"1 dakika"},"schema":{"@context":"https:\/\/schema.org","@graph":[{"@type":["WebPage","ItemPage"],"@id":"https:\/\/www.purejewels.com\/product\/22ct-sunrise-gold-double-layer-bracelet-48273\/","url":"https:\/\/www.purejewels.com\/product\/22ct-sunrise-gold-double-layer-bracelet-48273\/","name":"\u00c7ift Katmanl\u0131 22 Ayar G\u00fcndo\u011fumu Alt\u0131n Bileklik | Fine Jewelry","isPartOf":{"@id":"https:\/\/www.purejewels.com\/#website"},"primaryImageOfPage":{"@id":"https:\/\/www.purejewels.com\/product\/22ct-sunrise-gold-double-layer-bracelet-48273\/#primaryimage"},"image":{"@id":"https:\/\/www.purejewels.com\/product\/22ct-sunrise-gold-double-layer-bracelet-48273\/#primaryimage"},"thumbnailUrl":"https:\/\/static.purejewels.com\/wp-content\/uploads\/2025\/03\/48273_1.png","datePublished":"2025-03-10T07:09:42+00:00","dateModified":"2026-03-30T03:55:32+00:00","description":"Ola\u011fan\u00fcst\u00fc kaliteye ve \u00e7arp\u0131c\u0131, g\u00f6z al\u0131c\u0131 bir tasar\u0131ma sahip \u00c7ift Katmanl\u0131 22 Ayar G\u00fcn Do\u011fumu Alt\u0131n Bilekli\u011fimizle tarz\u0131n\u0131z\u0131 geli\u015ftirin.","breadcrumb":{"@id":"https:\/\/www.purejewels.com\/product\/22ct-sunrise-gold-double-layer-bracelet-48273\/#breadcrumb"},"inLanguage":"tr","potentialAction":[{"@type":"ReadAction","target":["https:\/\/www.purejewels.com\/product\/22ct-sunrise-gold-double-layer-bracelet-48273\/"]}]},{"@type":"ImageObject","inLanguage":"tr","@id":"https:\/\/www.purejewels.com\/product\/22ct-sunrise-gold-double-layer-bracelet-48273\/#primaryimage","url":"https:\/\/static.purejewels.com\/wp-content\/uploads\/2025\/03\/48273_1.png","contentUrl":"https:\/\/static.purejewels.com\/wp-content\/uploads\/2025\/03\/48273_1.png","width":1000,"height":1000,"caption":"22ct Gold Bracelet"},{"@type":"BreadcrumbList","@id":"https:\/\/www.purejewels.com\/product\/22ct-sunrise-gold-double-layer-bracelet-48273\/#breadcrumb","itemListElement":[{"@type":"ListItem","position":1,"name":"Home","item":"https:\/\/www.purejewels.com\/"},{"@type":"ListItem","position":2,"name":"Shop","item":"https:\/\/www.purejewels.com\/shop\/"},{"@type":"ListItem","position":3,"name":"22ct Sunrise Gold Double Layer Bracelet | 7 Inches"}]},{"@type":"WebSite","@id":"https:\/\/www.purejewels.com\/#website","url":"https:\/\/www.purejewels.com\/","name":"PureJewels \u0130ngiltere","description":"Sevgiyi Payla\u015f\u0131n","publisher":{"@id":"https:\/\/www.purejewels.com\/#organization"},"potentialAction":[{"@type":"SearchAction","target":{"@type":"EntryPoint","urlTemplate":"https:\/\/www.purejewels.com\/?s={search_term_string}"},"query-input":{"@type":"PropertyValueSpecification","valueRequired":true,"valueName":"search_term_string"}}],"inLanguage":"tr"},{"@type":"Organization","@id":"https:\/\/www.purejewels.com\/#organization","name":"PureJewels \u0130ngiltere","url":"https:\/\/www.purejewels.com\/","logo":{"@type":"ImageObject","inLanguage":"tr","@id":"https:\/\/www.purejewels.com\/#\/schema\/logo\/image\/","url":"https:\/\/static.purejewels.com\/wp-content\/uploads\/2020\/11\/Logo-PJ-New-1.png","contentUrl":"https:\/\/static.purejewels.com\/wp-content\/uploads\/2020\/11\/Logo-PJ-New-1.png","width":150,"height":80,"caption":"PureJewels UK"},"image":{"@id":"https:\/\/www.purejewels.com\/#\/schema\/logo\/image\/"}}]}},"_links":{"self":[{"href":"https:\/\/www.purejewels.com\/tr\/wp-json\/wp\/v2\/product\/388619","targetHints":{"allow":["GET"]}}],"collection":[{"href":"https:\/\/www.purejewels.com\/tr\/wp-json\/wp\/v2\/product"}],"about":[{"href":"https:\/\/www.purejewels.com\/tr\/wp-json\/wp\/v2\/types\/product"}],"replies":[{"embeddable":true,"href":"https:\/\/www.purejewels.com\/tr\/wp-json\/wp\/v2\/comments?post=388619"}],"version-history":[{"count":3,"href":"https:\/\/www.purejewels.com\/tr\/wp-json\/wp\/v2\/product\/388619\/revisions"}],"predecessor-version":[{"id":426702,"href":"https:\/\/www.purejewels.com\/tr\/wp-json\/wp\/v2\/product\/388619\/revisions\/426702"}],"wp:featuredmedia":[{"embeddable":true,"href":"https:\/\/www.purejewels.com\/tr\/wp-json\/wp\/v2\/media\/388622"}],"wp:attachment":[{"href":"https:\/\/www.purejewels.com\/tr\/wp-json\/wp\/v2\/media?parent=388619"}],"wp:term":[{"taxonomy":"product_brand","embeddable":true,"href":"https:\/\/www.purejewels.com\/tr\/wp-json\/wp\/v2\/product_brand?post=388619"},{"taxonomy":"product_cat","embeddable":true,"href":"https:\/\/www.purejewels.com\/tr\/wp-json\/wp\/v2\/product_cat?post=388619"},{"taxonomy":"product_tag","embeddable":true,"href":"https:\/\/www.purejewels.com\/tr\/wp-json\/wp\/v2\/product_tag?post=388619"}],"curies":[{"name":"wp","href":"https:\/\/api.w.org\/{rel}","templated":true}]}}