{"id":388632,"date":"2025-03-10T07:25:15","date_gmt":"2025-03-10T07:25:15","guid":{"rendered":"https:\/\/www.purejewels.com\/?post_type=product&#038;p=388632"},"modified":"2026-02-06T06:14:22","modified_gmt":"2026-02-06T06:14:22","slug":"rozet-22-ayar-gundogumu-altin-uc-katmanli-bi%cc%87lekli%cc%87k-48274","status":"publish","type":"product","link":"https:\/\/www.purejewels.com\/tr\/product\/rosette-22ct-sunrise-gold-three-layer-bracelet-48274\/","title":{"rendered":"Rozet 22 Ayar G\u00fcndo\u011fumu Alt\u0131n \u00dc\u00e7 Katl\u0131 Bilezik | 7 \u0130n\u00e7"},"content":{"rendered":"<p><b>Aral\u0131k Kimli\u011fi <\/b>SGBREBRS003L65DS<br \/>\n<b>SKU:<\/b>\u00a053616<\/p>","protected":false},"excerpt":{"rendered":"<table class=\"sh_desc\" style=\"width: 100%;\">\n<tbody>\n<tr>\n<td style=\"width: 23.8333%;\">Bilezik T\u00fcr\u00fc<\/td>\n<td style=\"width: 76%;\">22 Ayar G\u00fcndo\u011fumu Alt\u0131n Bileklik<\/td>\n<\/tr>\n<tr>\n<td style=\"width: 23.8333%;\">SKU<\/td>\n<td style=\"width: 76%;\">53616<\/td>\n<\/tr>\n<tr>\n<td style=\"width: 23.8333%;\">A\u011f\u0131rl\u0131k<\/td>\n<td style=\"width: 76%;\">7,51 gram<\/td>\n<\/tr>\n<tr>\n<td style=\"width: 23.8333%;\">\u00c7i\u00e7ek Geni\u015fli\u011fi<\/td>\n<td style=\"width: 76%;\">4mm<\/td>\n<\/tr>\n<tr>\n<td style=\"width: 23.8333%;\">Uzunluk<\/td>\n<td style=\"width: 76%;\">7 \u0130n\u00e7<\/td>\n<\/tr>\n<tr>\n<td style=\"width: 23.8333%;\">Hallmark<\/td>\n<td style=\"width: 76%;\">Londra Tahlil Ofisi Taraf\u0131ndan Damgalanm\u0131\u015f 22 Ayar Alt\u0131n<\/td>\n<\/tr>\n<tr>\n<td style=\"width: 23.8333%;\">\u00dccretler<\/td>\n<td style=\"width: 76%;\">Teslimat ve KDV Dahil<\/td>\n<\/tr>\n<tr>\n<td style=\"width: 23.8333%;\">Paketleme<\/td>\n<td style=\"width: 76%;\">Sunum Kutusu ile Birlikte Gelir<\/td>\n<\/tr>\n<tr>\n<td style=\"width: 23.8333%;\">Daha Fazla Bilgi<\/td>\n<td style=\"width: 76%;\">Alt\u0131n Bileklik stok durumu ve daha fazla g\u00f6rsel i\u00e7in bizimle canl\u0131 sohbet edin<\/td>\n<\/tr>\n<\/tbody>\n<\/table>","protected":false},"featured_media":388651,"comment_status":"closed","ping_status":"closed","template":"","meta":{"_eb_attr":"","_crsspst_to_jayantr4sg-hostcom":false},"product_brand":[],"product_cat":[1791,5441,1559,1794,236,1793,5701,6059,1790,1324,1229,1570,5586,1656,1569,1573,1574,5349],"product_tag":[5634],"class_list":{"0":"post-388632","1":"product","2":"type-product","3":"status-publish","4":"has-post-thumbnail","6":"product_cat-anniversary-gifts","7":"product_cat-gold-bead-bracelets","8":"product_cat-birthday-gifts","9":"product_cat-christmas-gifts","10":"product_cat-collections","11":"product_cat-diwali-gifts","12":"product_cat-eid-jewellery","13":"product_cat-fancy-bracelet","14":"product_cat-for-whom-when","15":"product_cat-gold-bracelet","16":"product_cat-22ct-gold-jewellery","17":"product_cat-mothers-day-gifts","18":"product_cat-rosette-bracelet","19":"product_cat-rosettes-collections","20":"product_cat-valentine-day-gifts","21":"product_cat-wedding-gifts","22":"product_cat-womens-jewellery","23":"product_cat-yellow-gold-jewellery","24":"product_tag-22ct-gold-bracelet-for-ladies","26":"first","27":"instock","28":"taxable","29":"shipping-taxable","30":"purchasable","31":"product-type-simple","32":"add-to-wishlist-before_image"},"yoast_head":"<!-- This site is optimized with the Yoast SEO plugin v27.3 - https:\/\/yoast.com\/product\/yoast-seo-wordpress\/ -->\n<title>Shop Online Rosette 22ct Sunrise Gold Three Layer Bracelet<\/title>\n<meta name=\"description\" content=\"Experience the captivating beauty of our Rosette 22ct Sunrise Gold Three Layer Bracelet. A masterpiece of fine jewelry, available for online purchase.\" \/>\n<meta name=\"robots\" content=\"index, follow, max-snippet:-1, max-image-preview:large, max-video-preview:-1\" \/>\n<link rel=\"canonical\" href=\"https:\/\/www.purejewels.com\/tr\/urun\/rozet-22-ayar-gundogumu-altin-uc-katmanli-bi\u0307lekli\u0307k-48274\/\" \/>\n<meta property=\"og:locale\" content=\"tr_TR\" \/>\n<meta property=\"og:type\" content=\"article\" \/>\n<meta property=\"og:title\" content=\"Shop Online Rosette 22ct Sunrise Gold Three Layer Bracelet\" \/>\n<meta property=\"og:description\" content=\"Experience the captivating beauty of our Rosette 22ct Sunrise Gold Three Layer Bracelet. A masterpiece of fine jewelry, available for online purchase.\" \/>\n<meta property=\"og:url\" content=\"https:\/\/www.purejewels.com\/tr\/urun\/rozet-22-ayar-gundogumu-altin-uc-katmanli-bi\u0307lekli\u0307k-48274\/\" \/>\n<meta property=\"og:site_name\" content=\"PureJewels UK\" \/>\n<meta property=\"article:modified_time\" content=\"2026-02-06T06:14:22+00:00\" \/>\n<meta property=\"og:image\" content=\"https:\/\/static.purejewels.com\/wp-content\/uploads\/2025\/03\/48274_2_1.png\" \/>\n\t<meta property=\"og:image:width\" content=\"1000\" \/>\n\t<meta property=\"og:image:height\" content=\"1000\" \/>\n\t<meta property=\"og:image:type\" content=\"image\/png\" \/>\n<meta name=\"twitter:card\" content=\"summary_large_image\" \/>\n<meta name=\"twitter:label1\" content=\"Tahmini okuma s\u00fcresi\" \/>\n\t<meta name=\"twitter:data1\" content=\"1 dakika\" \/>\n<script type=\"application\/ld+json\" class=\"yoast-schema-graph\">{\"@context\":\"https:\\\/\\\/schema.org\",\"@graph\":[{\"@type\":[\"WebPage\",\"ItemPage\"],\"@id\":\"https:\\\/\\\/www.purejewels.com\\\/product\\\/rosette-22ct-sunrise-gold-three-layer-bracelet-48274\\\/\",\"url\":\"https:\\\/\\\/www.purejewels.com\\\/product\\\/rosette-22ct-sunrise-gold-three-layer-bracelet-48274\\\/\",\"name\":\"Shop Online Rosette 22ct Sunrise Gold Three Layer Bracelet\",\"isPartOf\":{\"@id\":\"https:\\\/\\\/www.purejewels.com\\\/#website\"},\"primaryImageOfPage\":{\"@id\":\"https:\\\/\\\/www.purejewels.com\\\/product\\\/rosette-22ct-sunrise-gold-three-layer-bracelet-48274\\\/#primaryimage\"},\"image\":{\"@id\":\"https:\\\/\\\/www.purejewels.com\\\/product\\\/rosette-22ct-sunrise-gold-three-layer-bracelet-48274\\\/#primaryimage\"},\"thumbnailUrl\":\"https:\\\/\\\/static.purejewels.com\\\/wp-content\\\/uploads\\\/2025\\\/03\\\/48274_2_1.png\",\"datePublished\":\"2025-03-10T07:25:15+00:00\",\"dateModified\":\"2026-02-06T06:14:22+00:00\",\"description\":\"Experience the captivating beauty of our Rosette 22ct Sunrise Gold Three Layer Bracelet. A masterpiece of fine jewelry, available for online purchase.\",\"breadcrumb\":{\"@id\":\"https:\\\/\\\/www.purejewels.com\\\/product\\\/rosette-22ct-sunrise-gold-three-layer-bracelet-48274\\\/#breadcrumb\"},\"inLanguage\":\"tr\",\"potentialAction\":[{\"@type\":\"ReadAction\",\"target\":[\"https:\\\/\\\/www.purejewels.com\\\/product\\\/rosette-22ct-sunrise-gold-three-layer-bracelet-48274\\\/\"]}]},{\"@type\":\"ImageObject\",\"inLanguage\":\"tr\",\"@id\":\"https:\\\/\\\/www.purejewels.com\\\/product\\\/rosette-22ct-sunrise-gold-three-layer-bracelet-48274\\\/#primaryimage\",\"url\":\"https:\\\/\\\/static.purejewels.com\\\/wp-content\\\/uploads\\\/2025\\\/03\\\/48274_2_1.png\",\"contentUrl\":\"https:\\\/\\\/static.purejewels.com\\\/wp-content\\\/uploads\\\/2025\\\/03\\\/48274_2_1.png\",\"width\":1000,\"height\":1000,\"caption\":\"22ct Gold Bracelet\"},{\"@type\":\"BreadcrumbList\",\"@id\":\"https:\\\/\\\/www.purejewels.com\\\/product\\\/rosette-22ct-sunrise-gold-three-layer-bracelet-48274\\\/#breadcrumb\",\"itemListElement\":[{\"@type\":\"ListItem\",\"position\":1,\"name\":\"Home\",\"item\":\"https:\\\/\\\/www.purejewels.com\\\/\"},{\"@type\":\"ListItem\",\"position\":2,\"name\":\"Shop\",\"item\":\"https:\\\/\\\/www.purejewels.com\\\/shop\\\/\"},{\"@type\":\"ListItem\",\"position\":3,\"name\":\"Rosette 22ct Sunrise Gold Three Layer Bracelet | 7 Inches\"}]},{\"@type\":\"WebSite\",\"@id\":\"https:\\\/\\\/www.purejewels.com\\\/#website\",\"url\":\"https:\\\/\\\/www.purejewels.com\\\/\",\"name\":\"PureJewels UK\",\"description\":\"Share the Love\",\"publisher\":{\"@id\":\"https:\\\/\\\/www.purejewels.com\\\/#organization\"},\"potentialAction\":[{\"@type\":\"SearchAction\",\"target\":{\"@type\":\"EntryPoint\",\"urlTemplate\":\"https:\\\/\\\/www.purejewels.com\\\/?s={search_term_string}\"},\"query-input\":{\"@type\":\"PropertyValueSpecification\",\"valueRequired\":true,\"valueName\":\"search_term_string\"}}],\"inLanguage\":\"tr\"},{\"@type\":\"Organization\",\"@id\":\"https:\\\/\\\/www.purejewels.com\\\/#organization\",\"name\":\"PureJewels UK\",\"url\":\"https:\\\/\\\/www.purejewels.com\\\/\",\"logo\":{\"@type\":\"ImageObject\",\"inLanguage\":\"tr\",\"@id\":\"https:\\\/\\\/www.purejewels.com\\\/#\\\/schema\\\/logo\\\/image\\\/\",\"url\":\"https:\\\/\\\/static.purejewels.com\\\/wp-content\\\/uploads\\\/2020\\\/11\\\/Logo-PJ-New-1.png\",\"contentUrl\":\"https:\\\/\\\/static.purejewels.com\\\/wp-content\\\/uploads\\\/2020\\\/11\\\/Logo-PJ-New-1.png\",\"width\":150,\"height\":80,\"caption\":\"PureJewels UK\"},\"image\":{\"@id\":\"https:\\\/\\\/www.purejewels.com\\\/#\\\/schema\\\/logo\\\/image\\\/\"}}]}<\/script>\n<!-- \/ Yoast SEO plugin. -->","yoast_head_json":{"title":"Online Al\u0131\u015fveri\u015f Rozet 22 Ayar Sunrise Alt\u0131n \u00dc\u00e7 Katl\u0131 Bileklik","description":"Rozet 22 Ayar G\u00fcn Do\u011fumu Alt\u0131n \u00dc\u00e7 Katmanl\u0131 Bilekli\u011fimizin b\u00fcy\u00fcleyici g\u00fczelli\u011fini deneyimleyin. Bir m\u00fccevher \u015faheseri, \u00e7evrimi\u00e7i sat\u0131n al\u0131nabilir.","robots":{"index":"index","follow":"follow","max-snippet":"max-snippet:-1","max-image-preview":"max-image-preview:large","max-video-preview":"max-video-preview:-1"},"canonical":"https:\/\/www.purejewels.com\/tr\/urun\/rozet-22-ayar-gundogumu-altin-uc-katmanli-bi\u0307lekli\u0307k-48274\/","og_locale":"tr_TR","og_type":"article","og_title":"Shop Online Rosette 22ct Sunrise Gold Three Layer Bracelet","og_description":"Experience the captivating beauty of our Rosette 22ct Sunrise Gold Three Layer Bracelet. A masterpiece of fine jewelry, available for online purchase.","og_url":"https:\/\/www.purejewels.com\/tr\/urun\/rozet-22-ayar-gundogumu-altin-uc-katmanli-bi\u0307lekli\u0307k-48274\/","og_site_name":"PureJewels UK","article_modified_time":"2026-02-06T06:14:22+00:00","og_image":[{"width":1000,"height":1000,"url":"https:\/\/static.purejewels.com\/wp-content\/uploads\/2025\/03\/48274_2_1.png","type":"image\/png"}],"twitter_card":"summary_large_image","twitter_misc":{"Tahmini okuma s\u00fcresi":"1 dakika"},"schema":{"@context":"https:\/\/schema.org","@graph":[{"@type":["WebPage","ItemPage"],"@id":"https:\/\/www.purejewels.com\/product\/rosette-22ct-sunrise-gold-three-layer-bracelet-48274\/","url":"https:\/\/www.purejewels.com\/product\/rosette-22ct-sunrise-gold-three-layer-bracelet-48274\/","name":"Online Al\u0131\u015fveri\u015f Rozet 22 Ayar Sunrise Alt\u0131n \u00dc\u00e7 Katl\u0131 Bileklik","isPartOf":{"@id":"https:\/\/www.purejewels.com\/#website"},"primaryImageOfPage":{"@id":"https:\/\/www.purejewels.com\/product\/rosette-22ct-sunrise-gold-three-layer-bracelet-48274\/#primaryimage"},"image":{"@id":"https:\/\/www.purejewels.com\/product\/rosette-22ct-sunrise-gold-three-layer-bracelet-48274\/#primaryimage"},"thumbnailUrl":"https:\/\/static.purejewels.com\/wp-content\/uploads\/2025\/03\/48274_2_1.png","datePublished":"2025-03-10T07:25:15+00:00","dateModified":"2026-02-06T06:14:22+00:00","description":"Rozet 22 Ayar G\u00fcn Do\u011fumu Alt\u0131n \u00dc\u00e7 Katmanl\u0131 Bilekli\u011fimizin b\u00fcy\u00fcleyici g\u00fczelli\u011fini deneyimleyin. Bir m\u00fccevher \u015faheseri, \u00e7evrimi\u00e7i sat\u0131n al\u0131nabilir.","breadcrumb":{"@id":"https:\/\/www.purejewels.com\/product\/rosette-22ct-sunrise-gold-three-layer-bracelet-48274\/#breadcrumb"},"inLanguage":"tr","potentialAction":[{"@type":"ReadAction","target":["https:\/\/www.purejewels.com\/product\/rosette-22ct-sunrise-gold-three-layer-bracelet-48274\/"]}]},{"@type":"ImageObject","inLanguage":"tr","@id":"https:\/\/www.purejewels.com\/product\/rosette-22ct-sunrise-gold-three-layer-bracelet-48274\/#primaryimage","url":"https:\/\/static.purejewels.com\/wp-content\/uploads\/2025\/03\/48274_2_1.png","contentUrl":"https:\/\/static.purejewels.com\/wp-content\/uploads\/2025\/03\/48274_2_1.png","width":1000,"height":1000,"caption":"22ct Gold Bracelet"},{"@type":"BreadcrumbList","@id":"https:\/\/www.purejewels.com\/product\/rosette-22ct-sunrise-gold-three-layer-bracelet-48274\/#breadcrumb","itemListElement":[{"@type":"ListItem","position":1,"name":"Home","item":"https:\/\/www.purejewels.com\/"},{"@type":"ListItem","position":2,"name":"Shop","item":"https:\/\/www.purejewels.com\/shop\/"},{"@type":"ListItem","position":3,"name":"Rosette 22ct Sunrise Gold Three Layer Bracelet | 7 Inches"}]},{"@type":"WebSite","@id":"https:\/\/www.purejewels.com\/#website","url":"https:\/\/www.purejewels.com\/","name":"PureJewels \u0130ngiltere","description":"Sevgiyi Payla\u015f\u0131n","publisher":{"@id":"https:\/\/www.purejewels.com\/#organization"},"potentialAction":[{"@type":"SearchAction","target":{"@type":"EntryPoint","urlTemplate":"https:\/\/www.purejewels.com\/?s={search_term_string}"},"query-input":{"@type":"PropertyValueSpecification","valueRequired":true,"valueName":"search_term_string"}}],"inLanguage":"tr"},{"@type":"Organization","@id":"https:\/\/www.purejewels.com\/#organization","name":"PureJewels \u0130ngiltere","url":"https:\/\/www.purejewels.com\/","logo":{"@type":"ImageObject","inLanguage":"tr","@id":"https:\/\/www.purejewels.com\/#\/schema\/logo\/image\/","url":"https:\/\/static.purejewels.com\/wp-content\/uploads\/2020\/11\/Logo-PJ-New-1.png","contentUrl":"https:\/\/static.purejewels.com\/wp-content\/uploads\/2020\/11\/Logo-PJ-New-1.png","width":150,"height":80,"caption":"PureJewels UK"},"image":{"@id":"https:\/\/www.purejewels.com\/#\/schema\/logo\/image\/"}}]}},"_links":{"self":[{"href":"https:\/\/www.purejewels.com\/tr\/wp-json\/wp\/v2\/product\/388632","targetHints":{"allow":["GET"]}}],"collection":[{"href":"https:\/\/www.purejewels.com\/tr\/wp-json\/wp\/v2\/product"}],"about":[{"href":"https:\/\/www.purejewels.com\/tr\/wp-json\/wp\/v2\/types\/product"}],"replies":[{"embeddable":true,"href":"https:\/\/www.purejewels.com\/tr\/wp-json\/wp\/v2\/comments?post=388632"}],"version-history":[{"count":3,"href":"https:\/\/www.purejewels.com\/tr\/wp-json\/wp\/v2\/product\/388632\/revisions"}],"predecessor-version":[{"id":423011,"href":"https:\/\/www.purejewels.com\/tr\/wp-json\/wp\/v2\/product\/388632\/revisions\/423011"}],"wp:featuredmedia":[{"embeddable":true,"href":"https:\/\/www.purejewels.com\/tr\/wp-json\/wp\/v2\/media\/388651"}],"wp:attachment":[{"href":"https:\/\/www.purejewels.com\/tr\/wp-json\/wp\/v2\/media?parent=388632"}],"wp:term":[{"taxonomy":"product_brand","embeddable":true,"href":"https:\/\/www.purejewels.com\/tr\/wp-json\/wp\/v2\/product_brand?post=388632"},{"taxonomy":"product_cat","embeddable":true,"href":"https:\/\/www.purejewels.com\/tr\/wp-json\/wp\/v2\/product_cat?post=388632"},{"taxonomy":"product_tag","embeddable":true,"href":"https:\/\/www.purejewels.com\/tr\/wp-json\/wp\/v2\/product_tag?post=388632"}],"curies":[{"name":"wp","href":"https:\/\/api.w.org\/{rel}","templated":true}]}}