{"id":388807,"date":"2025-01-11T10:59:36","date_gmt":"2025-01-11T10:59:36","guid":{"rendered":"https:\/\/www.purejewels.com\/?post_type=product&#038;p=388807"},"modified":"2026-02-16T11:05:52","modified_gmt":"2026-02-16T11:05:52","slug":"cok-renkli-safirli-22-ayar-gundogumu-altin-poncha-50938","status":"publish","type":"product","link":"https:\/\/www.purejewels.com\/tr\/product\/22ct-sunrise-gold-poncha-with-multi-colour-sapphires-50938\/","title":{"rendered":"\u00c7ok Renkli Safir Alt\u0131n Ponka"},"content":{"rendered":"<p class=\"\" data-start=\"0\" data-end=\"467\">Koleksiyonunuza zamans\u0131z g\u00fczelli\u011fin dokunu\u015funu ke\u015ffedin <strong data-start=\"59\" data-end=\"87\">22 Ayar G\u00fcndo\u011fumu Alt\u0131n Ponka<\/strong>\u015f\u0131kl\u0131k ve sofistike bir g\u00f6r\u00fcn\u00fcm sergileyen zarif bir m\u00fccevher par\u00e7as\u0131d\u0131r. El yap\u0131m\u0131 <strong data-start=\"175\" data-end=\"205\">saf 22 ayar G\u00fcndo\u011fumu Alt\u0131n\u0131<\/strong>Bu l\u00fcks ponka, y\u00fckselen g\u00fcne\u015fin s\u0131cak, alt\u0131n \u0131\u015f\u0131lt\u0131s\u0131n\u0131 yans\u0131tan detaylara b\u00fcy\u00fck \u00f6zen g\u00f6sterilerek tasarlanm\u0131\u015ft\u0131r. \u00d6l\u00e7\u00fcleri <strong data-start=\"333\" data-end=\"347\">6,5 in\u00e7<\/strong> uzunlu\u011funda, rahat ama zarif bir uyum sunar, bile\u011fi veya ayak bile\u011fini stil ve zarafetle s\u00fcslemek i\u00e7in m\u00fckemmeldir.<\/p>\n<p class=\"\" data-start=\"469\" data-end=\"897\">Bu \u00e7arp\u0131c\u0131 eserin kalbinde \u015fu yat\u0131yor <strong data-start=\"510\" data-end=\"559\">2,89 karat do\u011fal \u00e7ok renkli safir<\/strong>canl\u0131 tonlar\u0131 ve ola\u011fan\u00fcst\u00fc berrakl\u0131klar\u0131 i\u00e7in \u00f6zenle se\u00e7ilmi\u015ftir. Bu de\u011ferli ta\u015flar, g\u00fcne\u015fin do\u011fu\u015funun b\u00fcy\u00fcleyici renkleriyle (all\u0131k pembeler, yumu\u015fak maviler, alt\u0131n sar\u0131lar ve ate\u015fli turuncular) \u00f6zenle bir desen halinde d\u00fczenlenerek yeni ba\u015flang\u0131\u00e7lar\u0131 ve zamans\u0131z g\u00fczelli\u011fi simgeleyen canl\u0131 ve g\u00f6z al\u0131c\u0131 bir etki yarat\u0131yor.<\/p>\n<p class=\"\" data-start=\"1207\" data-end=\"1602\">\u0130ster bir d\u00fc\u011f\u00fcn, ister \u015fenlikli bir kutlama ya da \u00f6zel bir ki\u015fisel an i\u00e7in giyiniyor olun <strong data-start=\"1303\" data-end=\"1331\">22 Ayar G\u00fcndo\u011fumu Alt\u0131n Ponka<\/strong> m\u00fckemmel bir son dokunu\u015f katar. Zengin miras\u0131, l\u00fcks malzemeleri ve ilham veren tasar\u0131m\u0131yla anlaml\u0131 bir hediye veya de\u011ferli bir ki\u015fisel hat\u0131ra olan bu \u00fcr\u00fcn, trendleri a\u015fan ve kal\u0131c\u0131 zarafeti kutlayan stil, gelenek ve \u0131\u015f\u0131lt\u0131l\u0131 g\u00fczelli\u011fin zarif bir ifadesidir.<\/p>\n<p>&nbsp;<\/p>\n<p><strong>SKU:<\/strong> 50938<\/p>","protected":false},"excerpt":{"rendered":"<table class=\"sh_desc\">\n<tbody>\n<tr>\n<td>Bileklik T\u00fcr\u00fc<\/td>\n<td>Poncha<\/td>\n<\/tr>\n<tr>\n<td>SKU<\/td>\n<td>50938<\/td>\n<\/tr>\n<tr>\n<td>Uzunluk<\/td>\n<td>6,5 \u0130n\u00e7<\/td>\n<\/tr>\n<tr>\n<td>Safir A\u011f\u0131rl\u0131k<\/td>\n<td>2.89ct<\/td>\n<\/tr>\n<tr>\n<td>Metal<\/td>\n<td>22 Ayar G\u00fcndo\u011fumu Alt\u0131n<\/td>\n<\/tr>\n<tr>\n<td>\u00dccretler<\/td>\n<td>Teslimat ve KDV Dahil<\/td>\n<\/tr>\n<tr>\n<td>Paketleme<\/td>\n<td>Sunum Kutusu ile Birlikte Gelir<\/td>\n<\/tr>\n<tr>\n<td>Daha Fazla Bilgi<\/td>\n<td>M\u00fcsaitlik durumu ve daha fazla resim i\u00e7in bizimle canl\u0131 sohbet edin<\/td>\n<\/tr>\n<\/tbody>\n<\/table>\n<div class=\"btn-atc atc-slide\"><\/div>\n<div class=\"product_meta\"><\/div>","protected":false},"featured_media":388808,"comment_status":"closed","ping_status":"closed","template":"","meta":{"_eb_attr":"","_crsspst_to_jayantr4sg-hostcom":false},"product_brand":[],"product_cat":[1791,5699,1229,1718,5752,1573,1574,5349],"product_tag":[1430],"class_list":{"0":"post-388807","1":"product","2":"type-product","3":"status-publish","4":"has-post-thumbnail","6":"product_cat-anniversary-gifts","7":"product_cat-coloured-gemstone-jewellery","8":"product_cat-22ct-gold-jewellery","9":"product_cat-ladies-poncha","10":"product_cat-gold-sapphire-jewellery","11":"product_cat-wedding-gifts","12":"product_cat-womens-jewellery","13":"product_cat-yellow-gold-jewellery","14":"product_tag-diwali-gift","16":"first","17":"onbackorder","18":"taxable","19":"shipping-taxable","20":"product-type-simple","21":"add-to-wishlist-before_image"},"yoast_head":"<!-- This site is optimized with the Yoast SEO plugin v27.6 - https:\/\/yoast.com\/product\/yoast-seo-wordpress\/ -->\n<title>Multi-colour Sapphire Gold Poncha - PureJewels UK<\/title>\n<meta name=\"robots\" content=\"index, follow, max-snippet:-1, max-image-preview:large, max-video-preview:-1\" \/>\n<link rel=\"canonical\" href=\"https:\/\/www.purejewels.com\/tr\/urun\/cok-renkli-safirli-22-ayar-gundogumu-altin-poncha-50938\/\" \/>\n<meta property=\"og:locale\" content=\"tr_TR\" \/>\n<meta property=\"og:type\" content=\"article\" \/>\n<meta property=\"og:title\" content=\"Multi-colour Sapphire Gold Poncha - PureJewels UK\" \/>\n<meta property=\"og:description\" content=\"Type Of Bangle Poncha   SKU 50938   Length 6.5 Inches   Sapphire Wt. 2.89ct   Metal 22ct Sunrise Gold   Charges Delivery\u00a0and\u00a0VAT\u00a0Included   Packaging Comes\u00a0With\u00a0Presentation\u00a0Box   More\u00a0Information Live chat with us for availability\u00a0and\u00a0more\u00a0images\" \/>\n<meta property=\"og:url\" content=\"https:\/\/www.purejewels.com\/tr\/urun\/cok-renkli-safirli-22-ayar-gundogumu-altin-poncha-50938\/\" \/>\n<meta property=\"og:site_name\" content=\"PureJewels UK\" \/>\n<meta property=\"article:modified_time\" content=\"2026-02-16T11:05:52+00:00\" \/>\n<meta property=\"og:image\" content=\"https:\/\/static.purejewels.com\/wp-content\/uploads\/2025\/03\/50938.png\" \/>\n\t<meta property=\"og:image:width\" content=\"1000\" \/>\n\t<meta property=\"og:image:height\" content=\"1000\" \/>\n\t<meta property=\"og:image:type\" content=\"image\/png\" \/>\n<meta name=\"twitter:card\" content=\"summary_large_image\" \/>\n<meta name=\"twitter:label1\" content=\"Tahmini okuma s\u00fcresi\" \/>\n\t<meta name=\"twitter:data1\" content=\"2 dakika\" \/>\n<script type=\"application\/ld+json\" class=\"yoast-schema-graph\">{\"@context\":\"https:\\\/\\\/schema.org\",\"@graph\":[{\"@type\":[\"WebPage\",\"ItemPage\"],\"@id\":\"https:\\\/\\\/www.purejewels.com\\\/product\\\/22ct-sunrise-gold-poncha-with-multi-colour-sapphires-50938\\\/\",\"url\":\"https:\\\/\\\/www.purejewels.com\\\/product\\\/22ct-sunrise-gold-poncha-with-multi-colour-sapphires-50938\\\/\",\"name\":\"Multi-colour Sapphire Gold Poncha - PureJewels UK\",\"isPartOf\":{\"@id\":\"https:\\\/\\\/www.purejewels.com\\\/#website\"},\"primaryImageOfPage\":{\"@id\":\"https:\\\/\\\/www.purejewels.com\\\/product\\\/22ct-sunrise-gold-poncha-with-multi-colour-sapphires-50938\\\/#primaryimage\"},\"image\":{\"@id\":\"https:\\\/\\\/www.purejewels.com\\\/product\\\/22ct-sunrise-gold-poncha-with-multi-colour-sapphires-50938\\\/#primaryimage\"},\"thumbnailUrl\":\"https:\\\/\\\/static.purejewels.com\\\/wp-content\\\/uploads\\\/2025\\\/03\\\/50938.png\",\"datePublished\":\"2025-01-11T10:59:36+00:00\",\"dateModified\":\"2026-02-16T11:05:52+00:00\",\"breadcrumb\":{\"@id\":\"https:\\\/\\\/www.purejewels.com\\\/product\\\/22ct-sunrise-gold-poncha-with-multi-colour-sapphires-50938\\\/#breadcrumb\"},\"inLanguage\":\"tr\",\"potentialAction\":[{\"@type\":\"ReadAction\",\"target\":[\"https:\\\/\\\/www.purejewels.com\\\/product\\\/22ct-sunrise-gold-poncha-with-multi-colour-sapphires-50938\\\/\"]}]},{\"@type\":\"ImageObject\",\"inLanguage\":\"tr\",\"@id\":\"https:\\\/\\\/www.purejewels.com\\\/product\\\/22ct-sunrise-gold-poncha-with-multi-colour-sapphires-50938\\\/#primaryimage\",\"url\":\"https:\\\/\\\/static.purejewels.com\\\/wp-content\\\/uploads\\\/2025\\\/03\\\/50938.png\",\"contentUrl\":\"https:\\\/\\\/static.purejewels.com\\\/wp-content\\\/uploads\\\/2025\\\/03\\\/50938.png\",\"width\":1000,\"height\":1000,\"caption\":\"22ct Gold Poncha\"},{\"@type\":\"BreadcrumbList\",\"@id\":\"https:\\\/\\\/www.purejewels.com\\\/product\\\/22ct-sunrise-gold-poncha-with-multi-colour-sapphires-50938\\\/#breadcrumb\",\"itemListElement\":[{\"@type\":\"ListItem\",\"position\":1,\"name\":\"Home\",\"item\":\"https:\\\/\\\/www.purejewels.com\\\/\"},{\"@type\":\"ListItem\",\"position\":2,\"name\":\"Shop\",\"item\":\"https:\\\/\\\/www.purejewels.com\\\/shop\\\/\"},{\"@type\":\"ListItem\",\"position\":3,\"name\":\"Multi-colour Sapphire Gold Poncha\"}]},{\"@type\":\"WebSite\",\"@id\":\"https:\\\/\\\/www.purejewels.com\\\/#website\",\"url\":\"https:\\\/\\\/www.purejewels.com\\\/\",\"name\":\"PureJewels UK\",\"description\":\"Share the Love\",\"publisher\":{\"@id\":\"https:\\\/\\\/www.purejewels.com\\\/#organization\"},\"potentialAction\":[{\"@type\":\"SearchAction\",\"target\":{\"@type\":\"EntryPoint\",\"urlTemplate\":\"https:\\\/\\\/www.purejewels.com\\\/?s={search_term_string}\"},\"query-input\":{\"@type\":\"PropertyValueSpecification\",\"valueRequired\":true,\"valueName\":\"search_term_string\"}}],\"inLanguage\":\"tr\"},{\"@type\":\"Organization\",\"@id\":\"https:\\\/\\\/www.purejewels.com\\\/#organization\",\"name\":\"PureJewels UK\",\"url\":\"https:\\\/\\\/www.purejewels.com\\\/\",\"logo\":{\"@type\":\"ImageObject\",\"inLanguage\":\"tr\",\"@id\":\"https:\\\/\\\/www.purejewels.com\\\/#\\\/schema\\\/logo\\\/image\\\/\",\"url\":\"https:\\\/\\\/static.purejewels.com\\\/wp-content\\\/uploads\\\/2020\\\/11\\\/Logo-PJ-New-1.png\",\"contentUrl\":\"https:\\\/\\\/static.purejewels.com\\\/wp-content\\\/uploads\\\/2020\\\/11\\\/Logo-PJ-New-1.png\",\"width\":150,\"height\":80,\"caption\":\"PureJewels UK\"},\"image\":{\"@id\":\"https:\\\/\\\/www.purejewels.com\\\/#\\\/schema\\\/logo\\\/image\\\/\"}}]}<\/script>\n<!-- \/ Yoast SEO plugin. -->","yoast_head_json":{"title":"\u00c7ok Renkli Safir Alt\u0131n Ponka - PureJewels UK","robots":{"index":"index","follow":"follow","max-snippet":"max-snippet:-1","max-image-preview":"max-image-preview:large","max-video-preview":"max-video-preview:-1"},"canonical":"https:\/\/www.purejewels.com\/tr\/urun\/cok-renkli-safirli-22-ayar-gundogumu-altin-poncha-50938\/","og_locale":"tr_TR","og_type":"article","og_title":"Multi-colour Sapphire Gold Poncha - PureJewels UK","og_description":"Type Of Bangle Poncha   SKU 50938   Length 6.5 Inches   Sapphire Wt. 2.89ct   Metal 22ct Sunrise Gold   Charges Delivery\u00a0and\u00a0VAT\u00a0Included   Packaging Comes\u00a0With\u00a0Presentation\u00a0Box   More\u00a0Information Live chat with us for availability\u00a0and\u00a0more\u00a0images","og_url":"https:\/\/www.purejewels.com\/tr\/urun\/cok-renkli-safirli-22-ayar-gundogumu-altin-poncha-50938\/","og_site_name":"PureJewels UK","article_modified_time":"2026-02-16T11:05:52+00:00","og_image":[{"width":1000,"height":1000,"url":"https:\/\/static.purejewels.com\/wp-content\/uploads\/2025\/03\/50938.png","type":"image\/png"}],"twitter_card":"summary_large_image","twitter_misc":{"Tahmini okuma s\u00fcresi":"2 dakika"},"schema":{"@context":"https:\/\/schema.org","@graph":[{"@type":["WebPage","ItemPage"],"@id":"https:\/\/www.purejewels.com\/product\/22ct-sunrise-gold-poncha-with-multi-colour-sapphires-50938\/","url":"https:\/\/www.purejewels.com\/product\/22ct-sunrise-gold-poncha-with-multi-colour-sapphires-50938\/","name":"\u00c7ok Renkli Safir Alt\u0131n Ponka - PureJewels UK","isPartOf":{"@id":"https:\/\/www.purejewels.com\/#website"},"primaryImageOfPage":{"@id":"https:\/\/www.purejewels.com\/product\/22ct-sunrise-gold-poncha-with-multi-colour-sapphires-50938\/#primaryimage"},"image":{"@id":"https:\/\/www.purejewels.com\/product\/22ct-sunrise-gold-poncha-with-multi-colour-sapphires-50938\/#primaryimage"},"thumbnailUrl":"https:\/\/static.purejewels.com\/wp-content\/uploads\/2025\/03\/50938.png","datePublished":"2025-01-11T10:59:36+00:00","dateModified":"2026-02-16T11:05:52+00:00","breadcrumb":{"@id":"https:\/\/www.purejewels.com\/product\/22ct-sunrise-gold-poncha-with-multi-colour-sapphires-50938\/#breadcrumb"},"inLanguage":"tr","potentialAction":[{"@type":"ReadAction","target":["https:\/\/www.purejewels.com\/product\/22ct-sunrise-gold-poncha-with-multi-colour-sapphires-50938\/"]}]},{"@type":"ImageObject","inLanguage":"tr","@id":"https:\/\/www.purejewels.com\/product\/22ct-sunrise-gold-poncha-with-multi-colour-sapphires-50938\/#primaryimage","url":"https:\/\/static.purejewels.com\/wp-content\/uploads\/2025\/03\/50938.png","contentUrl":"https:\/\/static.purejewels.com\/wp-content\/uploads\/2025\/03\/50938.png","width":1000,"height":1000,"caption":"22ct Gold Poncha"},{"@type":"BreadcrumbList","@id":"https:\/\/www.purejewels.com\/product\/22ct-sunrise-gold-poncha-with-multi-colour-sapphires-50938\/#breadcrumb","itemListElement":[{"@type":"ListItem","position":1,"name":"Home","item":"https:\/\/www.purejewels.com\/"},{"@type":"ListItem","position":2,"name":"Shop","item":"https:\/\/www.purejewels.com\/shop\/"},{"@type":"ListItem","position":3,"name":"Multi-colour Sapphire Gold Poncha"}]},{"@type":"WebSite","@id":"https:\/\/www.purejewels.com\/#website","url":"https:\/\/www.purejewels.com\/","name":"PureJewels \u0130ngiltere","description":"Sevgiyi Payla\u015f\u0131n","publisher":{"@id":"https:\/\/www.purejewels.com\/#organization"},"potentialAction":[{"@type":"SearchAction","target":{"@type":"EntryPoint","urlTemplate":"https:\/\/www.purejewels.com\/?s={search_term_string}"},"query-input":{"@type":"PropertyValueSpecification","valueRequired":true,"valueName":"search_term_string"}}],"inLanguage":"tr"},{"@type":"Organization","@id":"https:\/\/www.purejewels.com\/#organization","name":"PureJewels \u0130ngiltere","url":"https:\/\/www.purejewels.com\/","logo":{"@type":"ImageObject","inLanguage":"tr","@id":"https:\/\/www.purejewels.com\/#\/schema\/logo\/image\/","url":"https:\/\/static.purejewels.com\/wp-content\/uploads\/2020\/11\/Logo-PJ-New-1.png","contentUrl":"https:\/\/static.purejewels.com\/wp-content\/uploads\/2020\/11\/Logo-PJ-New-1.png","width":150,"height":80,"caption":"PureJewels UK"},"image":{"@id":"https:\/\/www.purejewels.com\/#\/schema\/logo\/image\/"}}]}},"_links":{"self":[{"href":"https:\/\/www.purejewels.com\/tr\/wp-json\/wp\/v2\/product\/388807","targetHints":{"allow":["GET"]}}],"collection":[{"href":"https:\/\/www.purejewels.com\/tr\/wp-json\/wp\/v2\/product"}],"about":[{"href":"https:\/\/www.purejewels.com\/tr\/wp-json\/wp\/v2\/types\/product"}],"replies":[{"embeddable":true,"href":"https:\/\/www.purejewels.com\/tr\/wp-json\/wp\/v2\/comments?post=388807"}],"version-history":[{"count":5,"href":"https:\/\/www.purejewels.com\/tr\/wp-json\/wp\/v2\/product\/388807\/revisions"}],"predecessor-version":[{"id":424603,"href":"https:\/\/www.purejewels.com\/tr\/wp-json\/wp\/v2\/product\/388807\/revisions\/424603"}],"wp:featuredmedia":[{"embeddable":true,"href":"https:\/\/www.purejewels.com\/tr\/wp-json\/wp\/v2\/media\/388808"}],"wp:attachment":[{"href":"https:\/\/www.purejewels.com\/tr\/wp-json\/wp\/v2\/media?parent=388807"}],"wp:term":[{"taxonomy":"product_brand","embeddable":true,"href":"https:\/\/www.purejewels.com\/tr\/wp-json\/wp\/v2\/product_brand?post=388807"},{"taxonomy":"product_cat","embeddable":true,"href":"https:\/\/www.purejewels.com\/tr\/wp-json\/wp\/v2\/product_cat?post=388807"},{"taxonomy":"product_tag","embeddable":true,"href":"https:\/\/www.purejewels.com\/tr\/wp-json\/wp\/v2\/product_tag?post=388807"}],"curies":[{"name":"wp","href":"https:\/\/api.w.org\/{rel}","templated":true}]}}