{"id":389053,"date":"2025-05-23T12:13:25","date_gmt":"2025-05-23T11:13:25","guid":{"rendered":"https:\/\/www.purejewels.com\/?post_type=product&#038;p=389053"},"modified":"2026-02-09T11:50:02","modified_gmt":"2026-02-09T11:50:02","slug":"51285-zumrutlu-22-ayar-gundogumu-altin-kolye-ucu","status":"publish","type":"product","link":"https:\/\/www.purejewels.com\/tr\/product\/22ct-sunrise-gold-pendant-with-emerald-51285\/","title":{"rendered":"Solo Z\u00fcmr\u00fct Kolye"},"content":{"rendered":"<h3 data-start=\"106\" data-end=\"138\">Zarafet ve Miras\u0131n Sembol\u00fc<\/h3>\n<p data-start=\"140\" data-end=\"189\"><strong>Gelene\u011fin \u00d6z\u00fc Modern Zarafetle Bulu\u015fuyor<\/strong><\/p>\n<p class=\"\" data-start=\"191\" data-end=\"624\">Zamans\u0131z gelene\u011fin \u00e7a\u011fda\u015f sanatla bulu\u015ftu\u011fu bir d\u00fcnyaya ad\u0131m at\u0131n. <strong data-start=\"279\" data-end=\"312\">22 Ayar G\u00fcn Do\u011fumu Alt\u0131n Kolye Seti<\/strong>'den se\u00e7kin bir par\u00e7a. <strong data-start=\"357\" data-end=\"378\">Zariya Koleksiyonu<\/strong>. Bu zarif kolye seti, miras ve modern i\u015f\u00e7ili\u011fin uyumlu kar\u0131\u015f\u0131m\u0131n\u0131n ger\u00e7ek bir kan\u0131t\u0131d\u0131r. Kalbinde 0,40 ct do\u011fal z\u00fcmr\u00fct yatmaktad\u0131r ve bu z\u00fcmr\u00fct <strong data-start=\"564\" data-end=\"582\">l<\/strong>canl\u0131l\u0131k ve \u00e7ekicilik yayan ye\u015fil renk tonu.<\/p>\n<p class=\"\" data-start=\"626\" data-end=\"1026\">Z\u00fcmr\u00fcd\u00fcn zengin, yemye\u015fil \u0131\u015f\u0131lt\u0131s\u0131, ilk sabah \u0131\u015f\u0131\u011f\u0131n\u0131n ruhani parlakl\u0131\u011f\u0131n\u0131 somutla\u015ft\u0131rmak i\u00e7in \u00fcretilmi\u015f e\u015fsiz bir ala\u015f\u0131m olan G\u00fcn Do\u011fumu Alt\u0131n\u0131n\u0131n s\u0131cak, \u0131\u015f\u0131lt\u0131l\u0131 tonlar\u0131yla g\u00fczel bir \u015fekilde vurgulanmaktad\u0131r. Bu b\u00fcy\u00fcleyici kontrast kolyenin estetik cazibesini artt\u0131rmakla kalm\u0131yor, ayn\u0131 zamanda ona rafine bir zarafet havas\u0131 katarak onu zarafet ve miras\u0131n de\u011ferli bir sembol\u00fc haline getiriyor.<\/p>\n<h3 data-start=\"1033\" data-end=\"1065\">G\u00fcn Do\u011fumu Alt\u0131n\u0131n\u0131n Parlakl\u0131\u011f\u0131<\/h3>\n<p data-start=\"1067\" data-end=\"1114\"><strong>Yenilik\u00e7i Bir Dokunu\u015fla Yeniden Tasarlanan Safl\u0131k<\/strong><\/p>\n<p class=\"\" data-start=\"1116\" data-end=\"1589\">\u00d6zel Sunrise Gold ala\u015f\u0131m\u0131m\u0131zdan \u00fcretilen bu kolye seti, \u00fcst\u00fcn dayan\u0131kl\u0131l\u0131kla zenginle\u015ftirilmi\u015f 22 ayar alt\u0131n\u0131n e\u015fsiz safl\u0131\u011f\u0131n\u0131 sunar. \u015eafa\u011f\u0131n ilk \u0131\u015f\u0131klar\u0131n\u0131n yumu\u015fak tonlar\u0131ndan ilham alan ala\u015f\u0131m\u0131n kendine \u00f6zg\u00fc alt\u0131n-g\u00fcl parlakl\u0131\u011f\u0131, her cilt tonunu tamamlayan l\u00fcks bir s\u0131cakl\u0131k katar. \u0130ster a\u00e7\u0131k, ister orta, ister koyu tenli olun, Sunrise Gold'un \u0131\u015f\u0131lt\u0131l\u0131 par\u0131lt\u0131s\u0131 kombininize sofistike ve ayd\u0131nl\u0131k bir dokunu\u015f getirir.<\/p>\n<p class=\"\" data-start=\"1591\" data-end=\"1853\">G\u00fczelli\u011finin \u00f6tesinde, geli\u015ftirilmi\u015f dayan\u0131kl\u0131l\u0131\u011f\u0131 bu kolye setinin parlakl\u0131\u011f\u0131n\u0131 korumas\u0131n\u0131 sa\u011flayarak onu m\u00fccevher koleksiyonunuza zamans\u0131z bir katk\u0131 haline getirir. Bu bir aksesuardan \u00e7ok daha fazlas\u0131d\u0131r; kal\u0131c\u0131 zarafet ve kal\u0131c\u0131 cazibeye yap\u0131lan bir yat\u0131r\u0131md\u0131r.<\/p>\n<h3 data-start=\"1860\" data-end=\"1899\">Her Durum \u0130\u00e7in \u00c7ok Y\u00f6nl\u00fc \u015e\u0131kl\u0131k<\/h3>\n<p data-start=\"1901\" data-end=\"1946\"><strong>Zahmetsiz Stil, E\u015fsiz Sofistike<\/strong><\/p>\n<p class=\"\" data-start=\"1948\" data-end=\"2262\">\u00c7ok y\u00f6nl\u00fcl\u00fck g\u00f6z \u00f6n\u00fcnde bulundurularak tasarlanan bu kolye seti, g\u00fcnl\u00fck giyimden resmi toplant\u0131lara sorunsuz bir \u015fekilde ge\u00e7i\u015f yapar. Zarif tasar\u0131m\u0131, hem sare ve lehengalar gibi geleneksel k\u0131yafetlerle hem de elbiseler ve \u00f6zel dikim tak\u0131mlar gibi modern k\u0131yafetlerle zahmetsizce e\u015fle\u015fmesini sa\u011flar.<\/p>\n<p class=\"\" data-start=\"2264\" data-end=\"2613\">Karma\u015f\u0131k i\u015f\u00e7ilik ve \u00e7arp\u0131c\u0131 z\u00fcmr\u00fct \u0131\u015f\u0131lt\u0131s\u0131, g\u00f6r\u00fcn\u00fcm\u00fcn\u00fcz\u00fc a\u015f\u0131r\u0131ya ka\u00e7madan zamans\u0131z bir cazibe yayan bir ifade par\u00e7as\u0131 haline getiriyor. \u0130ster bir d\u00fc\u011f\u00fcne, ister \u015fenlikli bir kutlamaya ya da s\u0131radan bir brunch'a kat\u0131l\u0131n, bu kolye ucu seti zarif zevkinizin ve mirasa verdi\u011finiz de\u011ferin bir kan\u0131t\u0131d\u0131r.<\/p>\n<h3 data-start=\"2620\" data-end=\"2657\">Zariya Koleksiyonunun Ruhu<\/h3>\n<p class=\"\" data-start=\"2659\" data-end=\"3044\">Zariya Koleksiyonu bir m\u00fccevher serisinden \u00e7ok daha fazlas\u0131d\u0131r; k\u00fclt\u00fcrel miras\u0131n, rafine sanat\u0131n ve zamans\u0131z zarafetin bir kutlamas\u0131d\u0131r. Bu \u00e7arp\u0131c\u0131 kolye seti de dahil olmak \u00fczere her par\u00e7a, \u00e7a\u011fda\u015f bir yetenekle yeniden tasarlanan bir gelenek hikayesini yans\u0131t\u0131yor. Bir s\u00fcs e\u015fyas\u0131ndan daha fazlas\u0131 olacak \u015fekilde \u00fcretilmi\u015ftir; nesiller boyu de\u011fer verilmek \u00fczere tasarlanm\u0131\u015f bir mirast\u0131r.<\/p>\n<p class=\"\" data-start=\"3046\" data-end=\"3214\">Sunrise Gold'un parlakl\u0131\u011f\u0131n\u0131 kucaklay\u0131n ve stilinizin sadece Zariya Koleksiyonu'nun sunabilece\u011fi zarafet, miras ve sofistikelikle parlamas\u0131na izin verin.<\/p>\n<p data-start=\"1293\" data-end=\"1633\" data-is-last-node=\"\" data-is-only-node=\"\"><b>Aral\u0131k Kimli\u011fi <\/b>SGPNSPZC001<br \/>\n<b>SKU:<\/b>\u00a051285<\/p>","protected":false},"excerpt":{"rendered":"<p>Bu 22 ayar G\u00fcn Do\u011fumu Alt\u0131n Kolyede, zamans\u0131z g\u00fczelli\u011fi simgeleyen 0,40 ayar do\u011fal z\u00fcmr\u00fct bulunmaktad\u0131r. \u00d6zel Sunrise Gold ala\u015f\u0131m\u0131m\u0131zdan \u00fcretilen bu kolye, 22 ayar alt\u0131n\u0131n safl\u0131\u011f\u0131n\u0131 korurken dayan\u0131kl\u0131l\u0131k ve parlak bir alt\u0131n-g\u00fcl tonu sunar. Karma\u015f\u0131k tasar\u0131m\u0131 sofistikeli\u011fini art\u0131rarak onu g\u00fcnl\u00fck \u015f\u0131kl\u0131k i\u00e7in zarif bir se\u00e7im haline getirir.<\/p>\n<p><strong>Malzeme:<\/strong>\u00a022 Ayar Alt\u0131n<br \/>\n<strong>Safl\u0131k<\/strong>: 91.6% saf alt\u0131n<br \/>\n<strong>Hallmark<\/strong>: \u0130ngiliz Hallmark<br \/>\n<strong>De\u011ferli ta\u015f:<\/strong> Do\u011fal Z\u00fcmr\u00fctler<br \/>\n<strong>M\u00fccevher A\u011f\u0131rl\u0131\u011f\u0131<\/strong>: Toplam 0.4ct<br \/>\n<strong>K\u00f6ken<\/strong>: Zambiya<br \/>\n<strong>Maden<\/strong>: Gemfields<br \/>\n<strong>Br\u00fct A\u011f\u0131rl\u0131k:<\/strong> 1.0 Gms<br \/>\n<strong>SKU:<\/strong> 51285<\/p>\n<p><strong>Fiyat ve Teslimat:<\/strong>\u00a0KDV ve teslimat \u00fccretleri dahil<br \/>\n<a href=\"https:\/\/www.purejewels.com\/tr\/i%cc%87ade-poli%cc%87ti%cc%87kasi\/\">\u0130ade Politikas\u0131<\/a><\/p>","protected":false},"featured_media":389235,"comment_status":"closed","ping_status":"closed","template":"","meta":{"_eb_attr":"","_crsspst_to_jayantr4sg-hostcom":false},"product_brand":[],"product_cat":[1791,5699,5754,1770,5959,1229,1255,1767,1569,1573,1574,5747],"product_tag":[66],"class_list":{"0":"post-389053","1":"product","2":"type-product","3":"status-publish","4":"has-post-thumbnail","6":"product_cat-anniversary-gifts","7":"product_cat-coloured-gemstone-jewellery","8":"product_cat-emerald","9":"product_cat-fancy-pendants","10":"product_cat-gold-emerald-pendant","11":"product_cat-22ct-gold-jewellery","12":"product_cat-gold-pendants","13":"product_cat-ladies-pendants","14":"product_cat-valentine-day-gifts","15":"product_cat-wedding-gifts","16":"product_cat-womens-jewellery","17":"product_cat-mantra-collection","18":"product_tag-earrings","20":"first","21":"onbackorder","22":"taxable","23":"shipping-taxable","24":"purchasable","25":"product-type-simple","26":"add-to-wishlist-before_image"},"yoast_head":"<!-- This site is optimized with the Yoast SEO plugin v27.5 - https:\/\/yoast.com\/product\/yoast-seo-wordpress\/ -->\n<title>22ct Gold Pendant with Emerald online at PureJewels UK<\/title>\n<meta name=\"description\" content=\"Shop the 22ct Sunrise Gold Pendant with Emerald at PureJewels UK. A sophisticated piece of fine jewellery, blending luxury with timeless elegance.\" \/>\n<meta name=\"robots\" content=\"index, follow, max-snippet:-1, max-image-preview:large, max-video-preview:-1\" \/>\n<link rel=\"canonical\" href=\"https:\/\/www.purejewels.com\/tr\/urun\/51285-zumrutlu-22-ayar-gundogumu-altin-kolye-ucu\/\" \/>\n<meta property=\"og:locale\" content=\"tr_TR\" \/>\n<meta property=\"og:type\" content=\"article\" \/>\n<meta property=\"og:title\" content=\"22ct Gold Pendant with Emerald online at PureJewels UK\" \/>\n<meta property=\"og:description\" content=\"Shop the 22ct Sunrise Gold Pendant with Emerald at PureJewels UK. A sophisticated piece of fine jewellery, blending luxury with timeless elegance.\" \/>\n<meta property=\"og:url\" content=\"https:\/\/www.purejewels.com\/tr\/urun\/51285-zumrutlu-22-ayar-gundogumu-altin-kolye-ucu\/\" \/>\n<meta property=\"og:site_name\" content=\"PureJewels UK\" \/>\n<meta property=\"article:modified_time\" content=\"2026-02-09T11:50:02+00:00\" \/>\n<meta property=\"og:image\" content=\"https:\/\/static.purejewels.com\/wp-content\/uploads\/2025\/03\/51285.png\" \/>\n\t<meta property=\"og:image:width\" content=\"1000\" \/>\n\t<meta property=\"og:image:height\" content=\"1000\" \/>\n\t<meta property=\"og:image:type\" content=\"image\/png\" \/>\n<meta name=\"twitter:card\" content=\"summary_large_image\" \/>\n<meta name=\"twitter:label1\" content=\"Tahmini okuma s\u00fcresi\" \/>\n\t<meta name=\"twitter:data1\" content=\"3 dakika\" \/>\n<script type=\"application\/ld+json\" class=\"yoast-schema-graph\">{\"@context\":\"https:\\\/\\\/schema.org\",\"@graph\":[{\"@type\":[\"WebPage\",\"ItemPage\"],\"@id\":\"https:\\\/\\\/www.purejewels.com\\\/product\\\/22ct-sunrise-gold-pendant-with-emerald-51285\\\/\",\"url\":\"https:\\\/\\\/www.purejewels.com\\\/product\\\/22ct-sunrise-gold-pendant-with-emerald-51285\\\/\",\"name\":\"22ct Gold Pendant with Emerald online at PureJewels UK\",\"isPartOf\":{\"@id\":\"https:\\\/\\\/www.purejewels.com\\\/#website\"},\"primaryImageOfPage\":{\"@id\":\"https:\\\/\\\/www.purejewels.com\\\/product\\\/22ct-sunrise-gold-pendant-with-emerald-51285\\\/#primaryimage\"},\"image\":{\"@id\":\"https:\\\/\\\/www.purejewels.com\\\/product\\\/22ct-sunrise-gold-pendant-with-emerald-51285\\\/#primaryimage\"},\"thumbnailUrl\":\"https:\\\/\\\/static.purejewels.com\\\/wp-content\\\/uploads\\\/2025\\\/03\\\/51285.png\",\"datePublished\":\"2025-05-23T11:13:25+00:00\",\"dateModified\":\"2026-02-09T11:50:02+00:00\",\"description\":\"Shop the 22ct Sunrise Gold Pendant with Emerald at PureJewels UK. A sophisticated piece of fine jewellery, blending luxury with timeless elegance.\",\"breadcrumb\":{\"@id\":\"https:\\\/\\\/www.purejewels.com\\\/product\\\/22ct-sunrise-gold-pendant-with-emerald-51285\\\/#breadcrumb\"},\"inLanguage\":\"tr\",\"potentialAction\":[{\"@type\":\"ReadAction\",\"target\":[\"https:\\\/\\\/www.purejewels.com\\\/product\\\/22ct-sunrise-gold-pendant-with-emerald-51285\\\/\"]}]},{\"@type\":\"ImageObject\",\"inLanguage\":\"tr\",\"@id\":\"https:\\\/\\\/www.purejewels.com\\\/product\\\/22ct-sunrise-gold-pendant-with-emerald-51285\\\/#primaryimage\",\"url\":\"https:\\\/\\\/static.purejewels.com\\\/wp-content\\\/uploads\\\/2025\\\/03\\\/51285.png\",\"contentUrl\":\"https:\\\/\\\/static.purejewels.com\\\/wp-content\\\/uploads\\\/2025\\\/03\\\/51285.png\",\"width\":1000,\"height\":1000},{\"@type\":\"BreadcrumbList\",\"@id\":\"https:\\\/\\\/www.purejewels.com\\\/product\\\/22ct-sunrise-gold-pendant-with-emerald-51285\\\/#breadcrumb\",\"itemListElement\":[{\"@type\":\"ListItem\",\"position\":1,\"name\":\"Home\",\"item\":\"https:\\\/\\\/www.purejewels.com\\\/\"},{\"@type\":\"ListItem\",\"position\":2,\"name\":\"Shop\",\"item\":\"https:\\\/\\\/www.purejewels.com\\\/shop\\\/\"},{\"@type\":\"ListItem\",\"position\":3,\"name\":\"Solo Emerald Pendant\"}]},{\"@type\":\"WebSite\",\"@id\":\"https:\\\/\\\/www.purejewels.com\\\/#website\",\"url\":\"https:\\\/\\\/www.purejewels.com\\\/\",\"name\":\"PureJewels UK\",\"description\":\"Share the Love\",\"publisher\":{\"@id\":\"https:\\\/\\\/www.purejewels.com\\\/#organization\"},\"potentialAction\":[{\"@type\":\"SearchAction\",\"target\":{\"@type\":\"EntryPoint\",\"urlTemplate\":\"https:\\\/\\\/www.purejewels.com\\\/?s={search_term_string}\"},\"query-input\":{\"@type\":\"PropertyValueSpecification\",\"valueRequired\":true,\"valueName\":\"search_term_string\"}}],\"inLanguage\":\"tr\"},{\"@type\":\"Organization\",\"@id\":\"https:\\\/\\\/www.purejewels.com\\\/#organization\",\"name\":\"PureJewels UK\",\"url\":\"https:\\\/\\\/www.purejewels.com\\\/\",\"logo\":{\"@type\":\"ImageObject\",\"inLanguage\":\"tr\",\"@id\":\"https:\\\/\\\/www.purejewels.com\\\/#\\\/schema\\\/logo\\\/image\\\/\",\"url\":\"https:\\\/\\\/static.purejewels.com\\\/wp-content\\\/uploads\\\/2020\\\/11\\\/Logo-PJ-New-1.png\",\"contentUrl\":\"https:\\\/\\\/static.purejewels.com\\\/wp-content\\\/uploads\\\/2020\\\/11\\\/Logo-PJ-New-1.png\",\"width\":150,\"height\":80,\"caption\":\"PureJewels UK\"},\"image\":{\"@id\":\"https:\\\/\\\/www.purejewels.com\\\/#\\\/schema\\\/logo\\\/image\\\/\"}}]}<\/script>\n<!-- \/ Yoast SEO plugin. -->","yoast_head_json":{"title":"PureJewels UK'de online Z\u00fcmr\u00fctl\u00fc 22 Ayar Alt\u0131n Kolye","description":"PureJewels UK'de Z\u00fcmr\u00fctl\u00fc 22 Ayar G\u00fcn Do\u011fumu Alt\u0131n Kolyeyi sat\u0131n al\u0131n. L\u00fcks\u00fc zamans\u0131z zarafetle harmanlayan sofistike bir m\u00fccevher par\u00e7as\u0131.","robots":{"index":"index","follow":"follow","max-snippet":"max-snippet:-1","max-image-preview":"max-image-preview:large","max-video-preview":"max-video-preview:-1"},"canonical":"https:\/\/www.purejewels.com\/tr\/urun\/51285-zumrutlu-22-ayar-gundogumu-altin-kolye-ucu\/","og_locale":"tr_TR","og_type":"article","og_title":"22ct Gold Pendant with Emerald online at PureJewels UK","og_description":"Shop the 22ct Sunrise Gold Pendant with Emerald at PureJewels UK. A sophisticated piece of fine jewellery, blending luxury with timeless elegance.","og_url":"https:\/\/www.purejewels.com\/tr\/urun\/51285-zumrutlu-22-ayar-gundogumu-altin-kolye-ucu\/","og_site_name":"PureJewels UK","article_modified_time":"2026-02-09T11:50:02+00:00","og_image":[{"width":1000,"height":1000,"url":"https:\/\/static.purejewels.com\/wp-content\/uploads\/2025\/03\/51285.png","type":"image\/png"}],"twitter_card":"summary_large_image","twitter_misc":{"Tahmini okuma s\u00fcresi":"3 dakika"},"schema":{"@context":"https:\/\/schema.org","@graph":[{"@type":["WebPage","ItemPage"],"@id":"https:\/\/www.purejewels.com\/product\/22ct-sunrise-gold-pendant-with-emerald-51285\/","url":"https:\/\/www.purejewels.com\/product\/22ct-sunrise-gold-pendant-with-emerald-51285\/","name":"PureJewels UK'de online Z\u00fcmr\u00fctl\u00fc 22 Ayar Alt\u0131n Kolye","isPartOf":{"@id":"https:\/\/www.purejewels.com\/#website"},"primaryImageOfPage":{"@id":"https:\/\/www.purejewels.com\/product\/22ct-sunrise-gold-pendant-with-emerald-51285\/#primaryimage"},"image":{"@id":"https:\/\/www.purejewels.com\/product\/22ct-sunrise-gold-pendant-with-emerald-51285\/#primaryimage"},"thumbnailUrl":"https:\/\/static.purejewels.com\/wp-content\/uploads\/2025\/03\/51285.png","datePublished":"2025-05-23T11:13:25+00:00","dateModified":"2026-02-09T11:50:02+00:00","description":"PureJewels UK'de Z\u00fcmr\u00fctl\u00fc 22 Ayar G\u00fcn Do\u011fumu Alt\u0131n Kolyeyi sat\u0131n al\u0131n. L\u00fcks\u00fc zamans\u0131z zarafetle harmanlayan sofistike bir m\u00fccevher par\u00e7as\u0131.","breadcrumb":{"@id":"https:\/\/www.purejewels.com\/product\/22ct-sunrise-gold-pendant-with-emerald-51285\/#breadcrumb"},"inLanguage":"tr","potentialAction":[{"@type":"ReadAction","target":["https:\/\/www.purejewels.com\/product\/22ct-sunrise-gold-pendant-with-emerald-51285\/"]}]},{"@type":"ImageObject","inLanguage":"tr","@id":"https:\/\/www.purejewels.com\/product\/22ct-sunrise-gold-pendant-with-emerald-51285\/#primaryimage","url":"https:\/\/static.purejewels.com\/wp-content\/uploads\/2025\/03\/51285.png","contentUrl":"https:\/\/static.purejewels.com\/wp-content\/uploads\/2025\/03\/51285.png","width":1000,"height":1000},{"@type":"BreadcrumbList","@id":"https:\/\/www.purejewels.com\/product\/22ct-sunrise-gold-pendant-with-emerald-51285\/#breadcrumb","itemListElement":[{"@type":"ListItem","position":1,"name":"Home","item":"https:\/\/www.purejewels.com\/"},{"@type":"ListItem","position":2,"name":"Shop","item":"https:\/\/www.purejewels.com\/shop\/"},{"@type":"ListItem","position":3,"name":"Solo Emerald Pendant"}]},{"@type":"WebSite","@id":"https:\/\/www.purejewels.com\/#website","url":"https:\/\/www.purejewels.com\/","name":"PureJewels \u0130ngiltere","description":"Sevgiyi Payla\u015f\u0131n","publisher":{"@id":"https:\/\/www.purejewels.com\/#organization"},"potentialAction":[{"@type":"SearchAction","target":{"@type":"EntryPoint","urlTemplate":"https:\/\/www.purejewels.com\/?s={search_term_string}"},"query-input":{"@type":"PropertyValueSpecification","valueRequired":true,"valueName":"search_term_string"}}],"inLanguage":"tr"},{"@type":"Organization","@id":"https:\/\/www.purejewels.com\/#organization","name":"PureJewels \u0130ngiltere","url":"https:\/\/www.purejewels.com\/","logo":{"@type":"ImageObject","inLanguage":"tr","@id":"https:\/\/www.purejewels.com\/#\/schema\/logo\/image\/","url":"https:\/\/static.purejewels.com\/wp-content\/uploads\/2020\/11\/Logo-PJ-New-1.png","contentUrl":"https:\/\/static.purejewels.com\/wp-content\/uploads\/2020\/11\/Logo-PJ-New-1.png","width":150,"height":80,"caption":"PureJewels UK"},"image":{"@id":"https:\/\/www.purejewels.com\/#\/schema\/logo\/image\/"}}]}},"_links":{"self":[{"href":"https:\/\/www.purejewels.com\/tr\/wp-json\/wp\/v2\/product\/389053","targetHints":{"allow":["GET"]}}],"collection":[{"href":"https:\/\/www.purejewels.com\/tr\/wp-json\/wp\/v2\/product"}],"about":[{"href":"https:\/\/www.purejewels.com\/tr\/wp-json\/wp\/v2\/types\/product"}],"replies":[{"embeddable":true,"href":"https:\/\/www.purejewels.com\/tr\/wp-json\/wp\/v2\/comments?post=389053"}],"version-history":[{"count":7,"href":"https:\/\/www.purejewels.com\/tr\/wp-json\/wp\/v2\/product\/389053\/revisions"}],"predecessor-version":[{"id":420555,"href":"https:\/\/www.purejewels.com\/tr\/wp-json\/wp\/v2\/product\/389053\/revisions\/420555"}],"wp:featuredmedia":[{"embeddable":true,"href":"https:\/\/www.purejewels.com\/tr\/wp-json\/wp\/v2\/media\/389235"}],"wp:attachment":[{"href":"https:\/\/www.purejewels.com\/tr\/wp-json\/wp\/v2\/media?parent=389053"}],"wp:term":[{"taxonomy":"product_brand","embeddable":true,"href":"https:\/\/www.purejewels.com\/tr\/wp-json\/wp\/v2\/product_brand?post=389053"},{"taxonomy":"product_cat","embeddable":true,"href":"https:\/\/www.purejewels.com\/tr\/wp-json\/wp\/v2\/product_cat?post=389053"},{"taxonomy":"product_tag","embeddable":true,"href":"https:\/\/www.purejewels.com\/tr\/wp-json\/wp\/v2\/product_tag?post=389053"}],"curies":[{"name":"wp","href":"https:\/\/api.w.org\/{rel}","templated":true}]}}